{"id":61197,"date":"2025-12-03T14:39:28","date_gmt":"2025-12-03T13:39:28","guid":{"rendered":"https:\/\/exparto.pl\/produkt\/walek-wom-szerokokatny-120-cm-500nm-rura-trojkatna-krzyzak-27x75-i-24x91-27x75\/"},"modified":"2026-03-27T09:30:30","modified_gmt":"2026-03-27T08:30:30","slug":"walek-wom-szerokokatny-120-cm-500nm-rura-trojkatna-krzyzak-27x75-i-24x91-27x75","status":"publish","type":"product","link":"https:\/\/exparto.pl\/en\/produkt\/walek-wom-szerokokatny-120-cm-500nm-rura-trojkatna-krzyzak-27x75-i-24x91-27x75\/","title":{"rendered":"Wa\u0142ek WOM szerokok\u0105tny 120 cm 500Nm rura tr\u00f3jk\u0105tna krzy\u017cak 27&#215;75 i 24&#215;91\/27&#215;75"},"content":{"rendered":"<div style=\"text-align: justify\">\n<p data-start=\"359\" data-end=\"896\">Wa\u0142ek WOM szerokok\u0105tny 1200 mm to uniwersalny wa\u0142ek przeka\u017anika mocy przeznaczony do wi\u0119kszo\u015bci ci\u0105gnik\u00f3w i maszyn rolniczych. Dzi\u0119ki szerokok\u0105tnemu przegubowi wa\u0142ek zapewnia p\u0142ynn\u0105 prac\u0119 nawet przy du\u017cym k\u0105cie skr\u0119tu, co jest szczeg\u00f3lnie wa\u017cne podczas manewrowania, pracy z kosiarkami, przetrz\u0105saczami czy innymi maszynami wymagaj\u0105cymi elastycznego po\u0142\u0105czenia z ci\u0105gnikiem.<\/p>\n<h2 style=\"line-height: 1.4;font-size: 1.25rem;font-family: Barlow, sans-serif;text-align: start\"><span style=\"font-weight: 400\">Wa\u0142ek WOM szerokok\u0105tny (wa\u0142ek przeka\u017anika mocy, rura tr\u00f3jk\u0105tna) \u2013 wa\u0142 przegubowy 120 cm o krzy\u017cakach 27&#215;75 i 24&#215;91\/27&#215;75<\/span><\/h2>\n<p data-start=\"898\" data-end=\"1330\">Solidna rura tr\u00f3jk\u0105tna oraz wzmocnione krzy\u017caki gwarantuj\u0105 trwa\u0142o\u015b\u0107 i odporno\u015b\u0107 na przeci\u0105\u017cenia typowe dla maszyn rolniczych. Wa\u0142ek przenosi moment do 500 Nm, co odpowiada maszynom o zapotrzebowaniu mocy oko\u0142o 60 KM. Standardowe mocowania 1 3\/8&#8243; Z6 (6\/6) zapewniaj\u0105 szybki monta\u017c i kompatybilno\u015b\u0107 z wi\u0119kszo\u015bci\u0105 popularnych urz\u0105dze\u0144 nap\u0119dzanych wa\u0142kiem WOM \u2014 od kosiarek rotacyjnych, przez glebogryzarki, po zgrabiarki i rozrzutniki.\u00a0Wa\u0142 szerokok\u0105tny umo\u017cliwia mo\u017cliwo\u015b\u0107 pracy maszyny na zakr\u0119tach bez konieczno\u015bci od\u0142\u0105czania nap\u0119du WOM (k\u0105t do 80 stopni).<\/p>\n<p data-start=\"1332\" data-end=\"1660\"><span style=\"font-family: Barlow, sans-serif;font-size: 16px\">W Exparto oferujemy zar\u00f3wno\u00a0<\/span><b style=\"font-family: Barlow, sans-serif;font-size: 16px\">kompletne wa\u0142y<\/b><span style=\"font-family: Barlow, sans-serif;font-size: 16px\">, jak i przeznaczone do nich\u00a0<\/span><b style=\"font-family: Barlow, sans-serif;font-size: 16px\">cz\u0119\u015bci i akcesoria<\/b><span style=\"font-family: Barlow, sans-serif;font-size: 16px\">: krzy\u017caki, przeguby, sprz\u0119g\u0142a. Poszczeg\u00f3lne komponenty s\u0105 wykonane z wysokiej jako\u015bci materia\u0142\u00f3w (np. ze\u00a0<\/span><b style=\"font-family: Barlow, sans-serif;font-size: 16px\">stali wysokow\u0119glowej<\/b><span style=\"font-family: Barlow, sans-serif;font-size: 16px\">), a same\u00a0<\/span><b style=\"font-family: Barlow, sans-serif;font-size: 16px\">os\u0142ony wa\u0142\u00f3w<\/b><span style=\"font-family: Barlow, sans-serif;font-size: 16px\">\u00a0nie s\u0105 podatne na\u00a0<\/span><b style=\"font-family: Barlow, sans-serif;font-size: 16px\">uszkodzenia mechaniczne<\/b><span style=\"font-family: Barlow, sans-serif;font-size: 16px\">, niskie temperatury czy te\u017c promieniowanie UV. Co wi\u0119cej, niekt\u00f3re komponenty wyposa\u017cone zosta\u0142y w specjalne \u0142o\u017cyska o podwy\u017cszonej wytrzyma\u0142o\u015bci.<\/span><\/p>\n<p data-start=\"1332\" data-end=\"1660\"><span style=\"font-family: Barlow, sans-serif;font-size: 16px\">\u2705<\/span><strong style=\"font-family: Barlow, sans-serif;font-size: 16px\">G\u0141\u00d3WNE ZASTOSOWANIE:<\/strong><\/p>\n<ul>\n<li><span data-teams=\"true\"><b>zgrabiarki<\/b><\/span><\/li>\n<li><span data-teams=\"true\"><b>prasy<\/b><\/span><\/li>\n<li><span data-teams=\"true\"><b>rozrzutniki\u00a0<\/b><\/span><\/li>\n<li><span data-teams=\"true\"><b>kosiarki<\/b><\/span><\/li>\n<li><span data-teams=\"true\"><b>rozsiewacze<\/b><\/span><\/li>\n<li><span data-teams=\"true\"><b>maszyny rolnicze<\/b><\/span><\/li>\n<\/ul>\n<\/div>\n","protected":false},"excerpt":{"rendered":"<p style=\"text-align: justify\">Wa\u0142y przegubowo-teleskopowe wykorzystywane s\u0105 do przenoszenia momentu obrotowego z wa\u0142ka odbioru mocy ci\u0105gnika (WOM) na wa\u0142ek przyj\u0119cia mocy maszyny (WPM), kt\u00f3ra jest do owego ci\u0105gnika doczepiana.<\/p>\n","protected":false},"featured_media":61172,"comment_status":"open","ping_status":"closed","template":"","meta":{"_acf_changed":false,"inline_featured_image":false},"product_brand":[],"product_cat":[112,900,53],"product_tag":[],"class_list":{"0":"post-61197","1":"product","2":"type-product","3":"status-publish","4":"has-post-thumbnail","6":"product_cat-waly-rura-trojkatna","7":"product_cat-walki-wom-trojkatne","8":"product_cat-waly-przegubowo-teleskopowe","10":"first","11":"outofstock","12":"taxable","13":"shipping-taxable","14":"purchasable","15":"product-type-simple"},"acf":[],"yoast_head":"<!-- This site is optimized with the Yoast SEO plugin v27.3 - https:\/\/yoast.com\/product\/yoast-seo-wordpress\/ -->\n<title>Wa\u0142ek WOM szerokok\u0105tny 120 cm 500Nm rura tr\u00f3jk\u0105tna krzy\u017cak 27x75 i 24x91\/27x75 - Exparto.pl<\/title>\n<meta name=\"robots\" content=\"index, follow, max-snippet:-1, max-image-preview:large, max-video-preview:-1\" \/>\n<link rel=\"canonical\" href=\"https:\/\/exparto.pl\/en\/produkt\/walek-wom-szerokokatny-120-cm-500nm-rura-trojkatna-krzyzak-27x75-i-24x91-27x75\/\" \/>\n<meta property=\"og:locale\" content=\"en_US\" \/>\n<meta property=\"og:type\" content=\"article\" \/>\n<meta property=\"og:title\" content=\"Wa\u0142ek WOM szerokok\u0105tny 120 cm 500Nm rura tr\u00f3jk\u0105tna krzy\u017cak 27x75 i 24x91\/27x75 - Exparto.pl\" \/>\n<meta property=\"og:description\" content=\"Wa\u0142y przegubowo-teleskopowe wykorzystywane s\u0105 do przenoszenia momentu obrotowego z wa\u0142ka odbioru mocy ci\u0105gnika (WOM) na wa\u0142ek przyj\u0119cia mocy maszyny (WPM), kt\u00f3ra jest do owego ci\u0105gnika doczepiana.\" \/>\n<meta property=\"og:url\" content=\"https:\/\/exparto.pl\/en\/produkt\/walek-wom-szerokokatny-120-cm-500nm-rura-trojkatna-krzyzak-27x75-i-24x91-27x75\/\" \/>\n<meta property=\"og:site_name\" content=\"Exparto.pl\" \/>\n<meta property=\"article:publisher\" content=\"https:\/\/www.facebook.com\/exparto.agro\/\" \/>\n<meta property=\"article:modified_time\" content=\"2026-03-27T08:30:30+00:00\" \/>\n<meta property=\"og:image\" content=\"https:\/\/exparto.pl\/wp-content\/uploads\/2025\/12\/bf7eb5cc06a05e129e70f29c65aa5ed9.jpg\" \/>\n\t<meta property=\"og:image:width\" content=\"1200\" \/>\n\t<meta property=\"og:image:height\" content=\"1200\" \/>\n\t<meta property=\"og:image:type\" content=\"image\/jpeg\" \/>\n<meta name=\"twitter:card\" content=\"summary_large_image\" \/>\n<meta name=\"twitter:label1\" content=\"Est. reading time\" \/>\n\t<meta name=\"twitter:data1\" content=\"2 minutes\" \/>\n<script type=\"application\/ld+json\" class=\"yoast-schema-graph\">{\"@context\":\"https:\\\/\\\/schema.org\",\"@graph\":[{\"@type\":\"WebPage\",\"@id\":\"https:\\\/\\\/exparto.pl\\\/en\\\/produkt\\\/walek-wom-szerokokatny-120-cm-500nm-rura-trojkatna-krzyzak-27x75-i-24x91-27x75\\\/\",\"url\":\"https:\\\/\\\/exparto.pl\\\/en\\\/produkt\\\/walek-wom-szerokokatny-120-cm-500nm-rura-trojkatna-krzyzak-27x75-i-24x91-27x75\\\/\",\"name\":\"Wa\u0142ek WOM szerokok\u0105tny 120 cm 500Nm rura tr\u00f3jk\u0105tna krzy\u017cak 27x75 i 24x91\\\/27x75 - Exparto.pl\",\"isPartOf\":{\"@id\":\"https:\\\/\\\/exparto.pl\\\/en\\\/#website\"},\"primaryImageOfPage\":{\"@id\":\"https:\\\/\\\/exparto.pl\\\/en\\\/produkt\\\/walek-wom-szerokokatny-120-cm-500nm-rura-trojkatna-krzyzak-27x75-i-24x91-27x75\\\/#primaryimage\"},\"image\":{\"@id\":\"https:\\\/\\\/exparto.pl\\\/en\\\/produkt\\\/walek-wom-szerokokatny-120-cm-500nm-rura-trojkatna-krzyzak-27x75-i-24x91-27x75\\\/#primaryimage\"},\"thumbnailUrl\":\"https:\\\/\\\/exparto.pl\\\/wp-content\\\/uploads\\\/2025\\\/12\\\/bf7eb5cc06a05e129e70f29c65aa5ed9.jpg\",\"datePublished\":\"2025-12-03T13:39:28+00:00\",\"dateModified\":\"2026-03-27T08:30:30+00:00\",\"breadcrumb\":{\"@id\":\"https:\\\/\\\/exparto.pl\\\/en\\\/produkt\\\/walek-wom-szerokokatny-120-cm-500nm-rura-trojkatna-krzyzak-27x75-i-24x91-27x75\\\/#breadcrumb\"},\"inLanguage\":\"en-US\",\"potentialAction\":[{\"@type\":\"ReadAction\",\"target\":[\"https:\\\/\\\/exparto.pl\\\/en\\\/produkt\\\/walek-wom-szerokokatny-120-cm-500nm-rura-trojkatna-krzyzak-27x75-i-24x91-27x75\\\/\"]}]},{\"@type\":\"ImageObject\",\"inLanguage\":\"en-US\",\"@id\":\"https:\\\/\\\/exparto.pl\\\/en\\\/produkt\\\/walek-wom-szerokokatny-120-cm-500nm-rura-trojkatna-krzyzak-27x75-i-24x91-27x75\\\/#primaryimage\",\"url\":\"https:\\\/\\\/exparto.pl\\\/wp-content\\\/uploads\\\/2025\\\/12\\\/bf7eb5cc06a05e129e70f29c65aa5ed9.jpg\",\"contentUrl\":\"https:\\\/\\\/exparto.pl\\\/wp-content\\\/uploads\\\/2025\\\/12\\\/bf7eb5cc06a05e129e70f29c65aa5ed9.jpg\",\"width\":1200,\"height\":1200},{\"@type\":\"BreadcrumbList\",\"@id\":\"https:\\\/\\\/exparto.pl\\\/en\\\/produkt\\\/walek-wom-szerokokatny-120-cm-500nm-rura-trojkatna-krzyzak-27x75-i-24x91-27x75\\\/#breadcrumb\",\"itemListElement\":[{\"@type\":\"ListItem\",\"position\":1,\"name\":\"Homepage\",\"item\":\"https:\\\/\\\/exparto.pl\\\/en\\\/homepage\\\/\"},{\"@type\":\"ListItem\",\"position\":2,\"name\":\"Sklep\",\"item\":\"https:\\\/\\\/exparto.pl\\\/sklep\\\/\"},{\"@type\":\"ListItem\",\"position\":3,\"name\":\"Articulated telescopic shafts\",\"item\":\"https:\\\/\\\/exparto.pl\\\/en\\\/product-category\\\/articulated-telescopic-shafts\\\/\"},{\"@type\":\"ListItem\",\"position\":4,\"name\":\"Triangular tube shafts\",\"item\":\"https:\\\/\\\/exparto.pl\\\/en\\\/product-category\\\/articulated-telescopic-shafts\\\/triangular-tube-shafts\\\/\"},{\"@type\":\"ListItem\",\"position\":5,\"name\":\"Wa\u0142ki WOM tr\u00f3jk\u0105tne\",\"item\":\"https:\\\/\\\/exparto.pl\\\/kategoria-produktu\\\/waly-przegubowo-teleskopowe\\\/waly-rura-trojkatna\\\/walki-wom-trojkatne\\\/\"},{\"@type\":\"ListItem\",\"position\":6,\"name\":\"Wa\u0142ek WOM szerokok\u0105tny 120 cm 500Nm rura tr\u00f3jk\u0105tna krzy\u017cak 27&#215;75 i 24&#215;91\\\/27&#215;75\"}]},{\"@type\":\"WebSite\",\"@id\":\"https:\\\/\\\/exparto.pl\\\/en\\\/#website\",\"url\":\"https:\\\/\\\/exparto.pl\\\/en\\\/\",\"name\":\"EXPARTO\",\"description\":\"More than agro parts\",\"publisher\":{\"@id\":\"https:\\\/\\\/exparto.pl\\\/en\\\/#organization\"},\"potentialAction\":[{\"@type\":\"SearchAction\",\"target\":{\"@type\":\"EntryPoint\",\"urlTemplate\":\"https:\\\/\\\/exparto.pl\\\/en\\\/?s={search_term_string}\"},\"query-input\":{\"@type\":\"PropertyValueSpecification\",\"valueRequired\":true,\"valueName\":\"search_term_string\"}}],\"inLanguage\":\"en-US\"},{\"@type\":\"Organization\",\"@id\":\"https:\\\/\\\/exparto.pl\\\/en\\\/#organization\",\"name\":\"EXPARTO\",\"url\":\"https:\\\/\\\/exparto.pl\\\/en\\\/\",\"logo\":{\"@type\":\"ImageObject\",\"inLanguage\":\"en-US\",\"@id\":\"https:\\\/\\\/exparto.pl\\\/en\\\/#\\\/schema\\\/logo\\\/image\\\/\",\"url\":\"https:\\\/\\\/exparto.pl\\\/wp-content\\\/uploads\\\/2023\\\/02\\\/logo-wektor.png\",\"contentUrl\":\"https:\\\/\\\/exparto.pl\\\/wp-content\\\/uploads\\\/2023\\\/02\\\/logo-wektor.png\",\"width\":1338,\"height\":143,\"caption\":\"EXPARTO\"},\"image\":{\"@id\":\"https:\\\/\\\/exparto.pl\\\/en\\\/#\\\/schema\\\/logo\\\/image\\\/\"},\"sameAs\":[\"https:\\\/\\\/www.facebook.com\\\/exparto.agro\\\/\"]}]}<\/script>\n<!-- \/ Yoast SEO plugin. -->","yoast_head_json":{"title":"Wa\u0142ek WOM szerokok\u0105tny 120 cm 500Nm rura tr\u00f3jk\u0105tna krzy\u017cak 27x75 i 24x91\/27x75 - Exparto.pl","robots":{"index":"index","follow":"follow","max-snippet":"max-snippet:-1","max-image-preview":"max-image-preview:large","max-video-preview":"max-video-preview:-1"},"canonical":"https:\/\/exparto.pl\/en\/produkt\/walek-wom-szerokokatny-120-cm-500nm-rura-trojkatna-krzyzak-27x75-i-24x91-27x75\/","og_locale":"en_US","og_type":"article","og_title":"Wa\u0142ek WOM szerokok\u0105tny 120 cm 500Nm rura tr\u00f3jk\u0105tna krzy\u017cak 27x75 i 24x91\/27x75 - Exparto.pl","og_description":"Wa\u0142y przegubowo-teleskopowe wykorzystywane s\u0105 do przenoszenia momentu obrotowego z wa\u0142ka odbioru mocy ci\u0105gnika (WOM) na wa\u0142ek przyj\u0119cia mocy maszyny (WPM), kt\u00f3ra jest do owego ci\u0105gnika doczepiana.","og_url":"https:\/\/exparto.pl\/en\/produkt\/walek-wom-szerokokatny-120-cm-500nm-rura-trojkatna-krzyzak-27x75-i-24x91-27x75\/","og_site_name":"Exparto.pl","article_publisher":"https:\/\/www.facebook.com\/exparto.agro\/","article_modified_time":"2026-03-27T08:30:30+00:00","og_image":[{"width":1200,"height":1200,"url":"https:\/\/exparto.pl\/wp-content\/uploads\/2025\/12\/bf7eb5cc06a05e129e70f29c65aa5ed9.jpg","type":"image\/jpeg"}],"twitter_card":"summary_large_image","twitter_misc":{"Est. reading time":"2 minutes"},"schema":{"@context":"https:\/\/schema.org","@graph":[{"@type":"WebPage","@id":"https:\/\/exparto.pl\/en\/produkt\/walek-wom-szerokokatny-120-cm-500nm-rura-trojkatna-krzyzak-27x75-i-24x91-27x75\/","url":"https:\/\/exparto.pl\/en\/produkt\/walek-wom-szerokokatny-120-cm-500nm-rura-trojkatna-krzyzak-27x75-i-24x91-27x75\/","name":"Wa\u0142ek WOM szerokok\u0105tny 120 cm 500Nm rura tr\u00f3jk\u0105tna krzy\u017cak 27x75 i 24x91\/27x75 - Exparto.pl","isPartOf":{"@id":"https:\/\/exparto.pl\/en\/#website"},"primaryImageOfPage":{"@id":"https:\/\/exparto.pl\/en\/produkt\/walek-wom-szerokokatny-120-cm-500nm-rura-trojkatna-krzyzak-27x75-i-24x91-27x75\/#primaryimage"},"image":{"@id":"https:\/\/exparto.pl\/en\/produkt\/walek-wom-szerokokatny-120-cm-500nm-rura-trojkatna-krzyzak-27x75-i-24x91-27x75\/#primaryimage"},"thumbnailUrl":"https:\/\/exparto.pl\/wp-content\/uploads\/2025\/12\/bf7eb5cc06a05e129e70f29c65aa5ed9.jpg","datePublished":"2025-12-03T13:39:28+00:00","dateModified":"2026-03-27T08:30:30+00:00","breadcrumb":{"@id":"https:\/\/exparto.pl\/en\/produkt\/walek-wom-szerokokatny-120-cm-500nm-rura-trojkatna-krzyzak-27x75-i-24x91-27x75\/#breadcrumb"},"inLanguage":"en-US","potentialAction":[{"@type":"ReadAction","target":["https:\/\/exparto.pl\/en\/produkt\/walek-wom-szerokokatny-120-cm-500nm-rura-trojkatna-krzyzak-27x75-i-24x91-27x75\/"]}]},{"@type":"ImageObject","inLanguage":"en-US","@id":"https:\/\/exparto.pl\/en\/produkt\/walek-wom-szerokokatny-120-cm-500nm-rura-trojkatna-krzyzak-27x75-i-24x91-27x75\/#primaryimage","url":"https:\/\/exparto.pl\/wp-content\/uploads\/2025\/12\/bf7eb5cc06a05e129e70f29c65aa5ed9.jpg","contentUrl":"https:\/\/exparto.pl\/wp-content\/uploads\/2025\/12\/bf7eb5cc06a05e129e70f29c65aa5ed9.jpg","width":1200,"height":1200},{"@type":"BreadcrumbList","@id":"https:\/\/exparto.pl\/en\/produkt\/walek-wom-szerokokatny-120-cm-500nm-rura-trojkatna-krzyzak-27x75-i-24x91-27x75\/#breadcrumb","itemListElement":[{"@type":"ListItem","position":1,"name":"Homepage","item":"https:\/\/exparto.pl\/en\/homepage\/"},{"@type":"ListItem","position":2,"name":"Sklep","item":"https:\/\/exparto.pl\/sklep\/"},{"@type":"ListItem","position":3,"name":"Articulated telescopic shafts","item":"https:\/\/exparto.pl\/en\/product-category\/articulated-telescopic-shafts\/"},{"@type":"ListItem","position":4,"name":"Triangular tube shafts","item":"https:\/\/exparto.pl\/en\/product-category\/articulated-telescopic-shafts\/triangular-tube-shafts\/"},{"@type":"ListItem","position":5,"name":"Wa\u0142ki WOM tr\u00f3jk\u0105tne","item":"https:\/\/exparto.pl\/kategoria-produktu\/waly-przegubowo-teleskopowe\/waly-rura-trojkatna\/walki-wom-trojkatne\/"},{"@type":"ListItem","position":6,"name":"Wa\u0142ek WOM szerokok\u0105tny 120 cm 500Nm rura tr\u00f3jk\u0105tna krzy\u017cak 27&#215;75 i 24&#215;91\/27&#215;75"}]},{"@type":"WebSite","@id":"https:\/\/exparto.pl\/en\/#website","url":"https:\/\/exparto.pl\/en\/","name":"EXPARTO","description":"More than agro parts","publisher":{"@id":"https:\/\/exparto.pl\/en\/#organization"},"potentialAction":[{"@type":"SearchAction","target":{"@type":"EntryPoint","urlTemplate":"https:\/\/exparto.pl\/en\/?s={search_term_string}"},"query-input":{"@type":"PropertyValueSpecification","valueRequired":true,"valueName":"search_term_string"}}],"inLanguage":"en-US"},{"@type":"Organization","@id":"https:\/\/exparto.pl\/en\/#organization","name":"EXPARTO","url":"https:\/\/exparto.pl\/en\/","logo":{"@type":"ImageObject","inLanguage":"en-US","@id":"https:\/\/exparto.pl\/en\/#\/schema\/logo\/image\/","url":"https:\/\/exparto.pl\/wp-content\/uploads\/2023\/02\/logo-wektor.png","contentUrl":"https:\/\/exparto.pl\/wp-content\/uploads\/2023\/02\/logo-wektor.png","width":1338,"height":143,"caption":"EXPARTO"},"image":{"@id":"https:\/\/exparto.pl\/en\/#\/schema\/logo\/image\/"},"sameAs":["https:\/\/www.facebook.com\/exparto.agro\/"]}]}},"_links":{"self":[{"href":"https:\/\/exparto.pl\/en\/wp-json\/wp\/v2\/product\/61197","targetHints":{"allow":["GET"]}}],"collection":[{"href":"https:\/\/exparto.pl\/en\/wp-json\/wp\/v2\/product"}],"about":[{"href":"https:\/\/exparto.pl\/en\/wp-json\/wp\/v2\/types\/product"}],"replies":[{"embeddable":true,"href":"https:\/\/exparto.pl\/en\/wp-json\/wp\/v2\/comments?post=61197"}],"wp:featuredmedia":[{"embeddable":true,"href":"https:\/\/exparto.pl\/en\/wp-json\/wp\/v2\/media\/61172"}],"wp:attachment":[{"href":"https:\/\/exparto.pl\/en\/wp-json\/wp\/v2\/media?parent=61197"}],"wp:term":[{"taxonomy":"product_brand","embeddable":true,"href":"https:\/\/exparto.pl\/en\/wp-json\/wp\/v2\/product_brand?post=61197"},{"taxonomy":"product_cat","embeddable":true,"href":"https:\/\/exparto.pl\/en\/wp-json\/wp\/v2\/product_cat?post=61197"},{"taxonomy":"product_tag","embeddable":true,"href":"https:\/\/exparto.pl\/en\/wp-json\/wp\/v2\/product_tag?post=61197"}],"curies":[{"name":"wp","href":"https:\/\/api.w.org\/{rel}","templated":true}]}}