{"id":62452,"date":"2026-02-06T14:28:29","date_gmt":"2026-02-06T13:28:29","guid":{"rendered":"https:\/\/exparto.pl\/produkt\/filtr-rozdzielacza-hd-mesh-80-do-opryskiwacza\/"},"modified":"2026-04-08T09:08:55","modified_gmt":"2026-04-08T07:08:55","slug":"filtr-rozdzielacza-hd-mesh-80-do-opryskiwacza","status":"publish","type":"product","link":"https:\/\/exparto.pl\/en\/produkt\/filtr-rozdzielacza-hd-mesh-80-do-opryskiwacza\/","title":{"rendered":"Filtr rozdzielacza HD mesh 80 do opryskiwacza"},"content":{"rendered":"<section class=\"section\">\n<div class=\"item item-12\">\n<section class=\"text-item\">\n<p style=\"text-align: justify\" data-pm-slice=\"1 1 []\">Filtr rozdzielacza HD do opryskiwacza przeznaczony jest do monta\u017cu na liniach poszczeg\u00f3lnych sekcji w celu bardzo dok\u0142adnego oczyszczania cieczy roboczej. Zastosowanie siatki o g\u0119sto\u015bci mesh 80 skutecznie zatrzymuje zanieczyszczenia i zapobiega zak\u0142\u00f3ceniom pracy dysz, szczeg\u00f3lnie tych o ma\u0142ej wydajno\u015bci.<\/p>\n<p style=\"text-align: justify\" data-pm-slice=\"1 1 []\">Wyposa\u017cony jest w przezroczyst\u0105 szklank\u0119 odstojnika wykonan\u0105 z materia\u0142u odpornego na wysokie ci\u015bnienie oraz dzia\u0142anie \u015brodk\u00f3w do oprysku i nawo\u017cenia. Konstrukcja umo\u017cliwia \u0142atwy demonta\u017c sita w celu czyszczenia, co przek\u0142ada si\u0119 na wygodn\u0105 obs\u0142ug\u0119 i szybkie utrzymanie filtra w pe\u0142nej sprawno\u015bci.<\/p>\n<p style=\"text-align: justify\" data-pm-slice=\"1 1 []\">Zastosowanie element\u00f3w najwy\u017cszej jako\u015bci zapewnia d\u0142ug\u0105 eksploatacj\u0119 oraz niezawodn\u0105 prac\u0119 w wymagaj\u0105cych warunkach polowych.<\/p>\n<p style=\"text-align: justify\" data-pm-slice=\"1 1 []\"><b>Zastosowanie:<\/b><\/p>\n<ul>\n<li style=\"text-align: justify\">przeznaczony do rozdzielaczy sta\u0142oci\u015bnieniowych oraz kompensacyjnych w opryskiwaczach polowych<\/li>\n<\/ul>\n<p style=\"text-align: justify\"><b>Numery por\u00f3wnawcze:\u00a0<\/b><\/p>\n<ul>\n<li style=\"text-align: justify\">FRHD 80<\/li>\n<li style=\"text-align: justify\">227997<\/li>\n<\/ul>\n<\/section>\n<\/div>\n<\/section>\n","protected":false},"excerpt":{"rendered":"<section class=\"section\">\n<div class=\"item item-12\">\n<section class=\"text-item\">\n<p style=\"text-align: justify\">Filtr rozdzielacza HD do opryskiwacza przeznaczony jest do monta\u017cu na liniach poszczeg\u00f3lnych sekcji w celu bardzo dok\u0142adnego oczyszczania cieczy roboczej.<\/p>\n<\/section>\n<\/div>\n<\/section>\n","protected":false},"featured_media":62437,"comment_status":"open","ping_status":"closed","template":"","meta":{"_acf_changed":false,"inline_featured_image":false},"product_brand":[1018],"product_cat":[47,149],"product_tag":[1016],"class_list":{"0":"post-62452","1":"product","2":"type-product","3":"status-publish","4":"has-post-thumbnail","6":"product_brand-agroplast","7":"product_cat-czesci-do-opryskiwaczy","8":"product_cat-filtry-i-czesci-do-filtrow","9":"product_tag-feed-do-przerobienia","11":"first","12":"outofstock","13":"taxable","14":"shipping-taxable","15":"purchasable","16":"product-type-simple"},"acf":[],"yoast_head":"<!-- This site is optimized with the Yoast SEO plugin v27.3 - https:\/\/yoast.com\/product\/yoast-seo-wordpress\/ -->\n<title>Filtr rozdzielacza HD mesh 80 do opryskiwacza - Exparto.pl<\/title>\n<meta name=\"robots\" content=\"index, follow, max-snippet:-1, max-image-preview:large, max-video-preview:-1\" \/>\n<link rel=\"canonical\" href=\"https:\/\/exparto.pl\/en\/produkt\/filtr-rozdzielacza-hd-mesh-80-do-opryskiwacza\/\" \/>\n<meta property=\"og:locale\" content=\"en_US\" \/>\n<meta property=\"og:type\" content=\"article\" \/>\n<meta property=\"og:title\" content=\"Filtr rozdzielacza HD mesh 80 do opryskiwacza - Exparto.pl\" \/>\n<meta property=\"og:description\" content=\"Filtr rozdzielacza HD do opryskiwacza przeznaczony jest do monta\u017cu na liniach poszczeg\u00f3lnych sekcji w celu bardzo dok\u0142adnego oczyszczania cieczy roboczej.\" \/>\n<meta property=\"og:url\" content=\"https:\/\/exparto.pl\/en\/produkt\/filtr-rozdzielacza-hd-mesh-80-do-opryskiwacza\/\" \/>\n<meta property=\"og:site_name\" content=\"Exparto.pl\" \/>\n<meta property=\"article:publisher\" content=\"https:\/\/www.facebook.com\/exparto.agro\/\" \/>\n<meta property=\"article:modified_time\" content=\"2026-04-08T07:08:55+00:00\" \/>\n<meta property=\"og:image\" content=\"https:\/\/exparto.pl\/wp-content\/uploads\/2026\/02\/e09659525650e203e0f3590e4cb2f4f8.jpg\" \/>\n\t<meta property=\"og:image:width\" content=\"1200\" \/>\n\t<meta property=\"og:image:height\" content=\"1200\" \/>\n\t<meta property=\"og:image:type\" content=\"image\/jpeg\" \/>\n<meta name=\"twitter:card\" content=\"summary_large_image\" \/>\n<meta name=\"twitter:label1\" content=\"Est. reading time\" \/>\n\t<meta name=\"twitter:data1\" content=\"1 minute\" \/>\n<script type=\"application\/ld+json\" class=\"yoast-schema-graph\">{\"@context\":\"https:\\\/\\\/schema.org\",\"@graph\":[{\"@type\":\"WebPage\",\"@id\":\"https:\\\/\\\/exparto.pl\\\/en\\\/produkt\\\/filtr-rozdzielacza-hd-mesh-80-do-opryskiwacza\\\/\",\"url\":\"https:\\\/\\\/exparto.pl\\\/en\\\/produkt\\\/filtr-rozdzielacza-hd-mesh-80-do-opryskiwacza\\\/\",\"name\":\"Filtr rozdzielacza HD mesh 80 do opryskiwacza - Exparto.pl\",\"isPartOf\":{\"@id\":\"https:\\\/\\\/exparto.pl\\\/en\\\/#website\"},\"primaryImageOfPage\":{\"@id\":\"https:\\\/\\\/exparto.pl\\\/en\\\/produkt\\\/filtr-rozdzielacza-hd-mesh-80-do-opryskiwacza\\\/#primaryimage\"},\"image\":{\"@id\":\"https:\\\/\\\/exparto.pl\\\/en\\\/produkt\\\/filtr-rozdzielacza-hd-mesh-80-do-opryskiwacza\\\/#primaryimage\"},\"thumbnailUrl\":\"https:\\\/\\\/exparto.pl\\\/wp-content\\\/uploads\\\/2026\\\/02\\\/e09659525650e203e0f3590e4cb2f4f8.jpg\",\"datePublished\":\"2026-02-06T13:28:29+00:00\",\"dateModified\":\"2026-04-08T07:08:55+00:00\",\"breadcrumb\":{\"@id\":\"https:\\\/\\\/exparto.pl\\\/en\\\/produkt\\\/filtr-rozdzielacza-hd-mesh-80-do-opryskiwacza\\\/#breadcrumb\"},\"inLanguage\":\"en-US\",\"potentialAction\":[{\"@type\":\"ReadAction\",\"target\":[\"https:\\\/\\\/exparto.pl\\\/en\\\/produkt\\\/filtr-rozdzielacza-hd-mesh-80-do-opryskiwacza\\\/\"]}]},{\"@type\":\"ImageObject\",\"inLanguage\":\"en-US\",\"@id\":\"https:\\\/\\\/exparto.pl\\\/en\\\/produkt\\\/filtr-rozdzielacza-hd-mesh-80-do-opryskiwacza\\\/#primaryimage\",\"url\":\"https:\\\/\\\/exparto.pl\\\/wp-content\\\/uploads\\\/2026\\\/02\\\/e09659525650e203e0f3590e4cb2f4f8.jpg\",\"contentUrl\":\"https:\\\/\\\/exparto.pl\\\/wp-content\\\/uploads\\\/2026\\\/02\\\/e09659525650e203e0f3590e4cb2f4f8.jpg\",\"width\":1200,\"height\":1200,\"caption\":\"249933ff1ee78ea011320eadb4066c39\"},{\"@type\":\"BreadcrumbList\",\"@id\":\"https:\\\/\\\/exparto.pl\\\/en\\\/produkt\\\/filtr-rozdzielacza-hd-mesh-80-do-opryskiwacza\\\/#breadcrumb\",\"itemListElement\":[{\"@type\":\"ListItem\",\"position\":1,\"name\":\"Homepage\",\"item\":\"https:\\\/\\\/exparto.pl\\\/en\\\/homepage\\\/\"},{\"@type\":\"ListItem\",\"position\":2,\"name\":\"Sklep\",\"item\":\"https:\\\/\\\/exparto.pl\\\/sklep\\\/\"},{\"@type\":\"ListItem\",\"position\":3,\"name\":\"Sprayer parts\",\"item\":\"https:\\\/\\\/exparto.pl\\\/en\\\/product-category\\\/sprayer-parts\\\/\"},{\"@type\":\"ListItem\",\"position\":4,\"name\":\"Filters and filter parts\",\"item\":\"https:\\\/\\\/exparto.pl\\\/en\\\/product-category\\\/sprayer-parts\\\/filters-and-filter-parts\\\/\"},{\"@type\":\"ListItem\",\"position\":5,\"name\":\"Filtr rozdzielacza HD mesh 80 do opryskiwacza\"}]},{\"@type\":\"WebSite\",\"@id\":\"https:\\\/\\\/exparto.pl\\\/en\\\/#website\",\"url\":\"https:\\\/\\\/exparto.pl\\\/en\\\/\",\"name\":\"EXPARTO\",\"description\":\"More than agro parts\",\"publisher\":{\"@id\":\"https:\\\/\\\/exparto.pl\\\/en\\\/#organization\"},\"potentialAction\":[{\"@type\":\"SearchAction\",\"target\":{\"@type\":\"EntryPoint\",\"urlTemplate\":\"https:\\\/\\\/exparto.pl\\\/en\\\/?s={search_term_string}\"},\"query-input\":{\"@type\":\"PropertyValueSpecification\",\"valueRequired\":true,\"valueName\":\"search_term_string\"}}],\"inLanguage\":\"en-US\"},{\"@type\":\"Organization\",\"@id\":\"https:\\\/\\\/exparto.pl\\\/en\\\/#organization\",\"name\":\"EXPARTO\",\"url\":\"https:\\\/\\\/exparto.pl\\\/en\\\/\",\"logo\":{\"@type\":\"ImageObject\",\"inLanguage\":\"en-US\",\"@id\":\"https:\\\/\\\/exparto.pl\\\/en\\\/#\\\/schema\\\/logo\\\/image\\\/\",\"url\":\"https:\\\/\\\/exparto.pl\\\/wp-content\\\/uploads\\\/2023\\\/02\\\/logo-wektor.png\",\"contentUrl\":\"https:\\\/\\\/exparto.pl\\\/wp-content\\\/uploads\\\/2023\\\/02\\\/logo-wektor.png\",\"width\":1338,\"height\":143,\"caption\":\"EXPARTO\"},\"image\":{\"@id\":\"https:\\\/\\\/exparto.pl\\\/en\\\/#\\\/schema\\\/logo\\\/image\\\/\"},\"sameAs\":[\"https:\\\/\\\/www.facebook.com\\\/exparto.agro\\\/\"]}]}<\/script>\n<!-- \/ Yoast SEO plugin. -->","yoast_head_json":{"title":"Filtr rozdzielacza HD mesh 80 do opryskiwacza - Exparto.pl","robots":{"index":"index","follow":"follow","max-snippet":"max-snippet:-1","max-image-preview":"max-image-preview:large","max-video-preview":"max-video-preview:-1"},"canonical":"https:\/\/exparto.pl\/en\/produkt\/filtr-rozdzielacza-hd-mesh-80-do-opryskiwacza\/","og_locale":"en_US","og_type":"article","og_title":"Filtr rozdzielacza HD mesh 80 do opryskiwacza - Exparto.pl","og_description":"Filtr rozdzielacza HD do opryskiwacza przeznaczony jest do monta\u017cu na liniach poszczeg\u00f3lnych sekcji w celu bardzo dok\u0142adnego oczyszczania cieczy roboczej.","og_url":"https:\/\/exparto.pl\/en\/produkt\/filtr-rozdzielacza-hd-mesh-80-do-opryskiwacza\/","og_site_name":"Exparto.pl","article_publisher":"https:\/\/www.facebook.com\/exparto.agro\/","article_modified_time":"2026-04-08T07:08:55+00:00","og_image":[{"width":1200,"height":1200,"url":"https:\/\/exparto.pl\/wp-content\/uploads\/2026\/02\/e09659525650e203e0f3590e4cb2f4f8.jpg","type":"image\/jpeg"}],"twitter_card":"summary_large_image","twitter_misc":{"Est. reading time":"1 minute"},"schema":{"@context":"https:\/\/schema.org","@graph":[{"@type":"WebPage","@id":"https:\/\/exparto.pl\/en\/produkt\/filtr-rozdzielacza-hd-mesh-80-do-opryskiwacza\/","url":"https:\/\/exparto.pl\/en\/produkt\/filtr-rozdzielacza-hd-mesh-80-do-opryskiwacza\/","name":"Filtr rozdzielacza HD mesh 80 do opryskiwacza - Exparto.pl","isPartOf":{"@id":"https:\/\/exparto.pl\/en\/#website"},"primaryImageOfPage":{"@id":"https:\/\/exparto.pl\/en\/produkt\/filtr-rozdzielacza-hd-mesh-80-do-opryskiwacza\/#primaryimage"},"image":{"@id":"https:\/\/exparto.pl\/en\/produkt\/filtr-rozdzielacza-hd-mesh-80-do-opryskiwacza\/#primaryimage"},"thumbnailUrl":"https:\/\/exparto.pl\/wp-content\/uploads\/2026\/02\/e09659525650e203e0f3590e4cb2f4f8.jpg","datePublished":"2026-02-06T13:28:29+00:00","dateModified":"2026-04-08T07:08:55+00:00","breadcrumb":{"@id":"https:\/\/exparto.pl\/en\/produkt\/filtr-rozdzielacza-hd-mesh-80-do-opryskiwacza\/#breadcrumb"},"inLanguage":"en-US","potentialAction":[{"@type":"ReadAction","target":["https:\/\/exparto.pl\/en\/produkt\/filtr-rozdzielacza-hd-mesh-80-do-opryskiwacza\/"]}]},{"@type":"ImageObject","inLanguage":"en-US","@id":"https:\/\/exparto.pl\/en\/produkt\/filtr-rozdzielacza-hd-mesh-80-do-opryskiwacza\/#primaryimage","url":"https:\/\/exparto.pl\/wp-content\/uploads\/2026\/02\/e09659525650e203e0f3590e4cb2f4f8.jpg","contentUrl":"https:\/\/exparto.pl\/wp-content\/uploads\/2026\/02\/e09659525650e203e0f3590e4cb2f4f8.jpg","width":1200,"height":1200,"caption":"249933ff1ee78ea011320eadb4066c39"},{"@type":"BreadcrumbList","@id":"https:\/\/exparto.pl\/en\/produkt\/filtr-rozdzielacza-hd-mesh-80-do-opryskiwacza\/#breadcrumb","itemListElement":[{"@type":"ListItem","position":1,"name":"Homepage","item":"https:\/\/exparto.pl\/en\/homepage\/"},{"@type":"ListItem","position":2,"name":"Sklep","item":"https:\/\/exparto.pl\/sklep\/"},{"@type":"ListItem","position":3,"name":"Sprayer parts","item":"https:\/\/exparto.pl\/en\/product-category\/sprayer-parts\/"},{"@type":"ListItem","position":4,"name":"Filters and filter parts","item":"https:\/\/exparto.pl\/en\/product-category\/sprayer-parts\/filters-and-filter-parts\/"},{"@type":"ListItem","position":5,"name":"Filtr rozdzielacza HD mesh 80 do opryskiwacza"}]},{"@type":"WebSite","@id":"https:\/\/exparto.pl\/en\/#website","url":"https:\/\/exparto.pl\/en\/","name":"EXPARTO","description":"More than agro parts","publisher":{"@id":"https:\/\/exparto.pl\/en\/#organization"},"potentialAction":[{"@type":"SearchAction","target":{"@type":"EntryPoint","urlTemplate":"https:\/\/exparto.pl\/en\/?s={search_term_string}"},"query-input":{"@type":"PropertyValueSpecification","valueRequired":true,"valueName":"search_term_string"}}],"inLanguage":"en-US"},{"@type":"Organization","@id":"https:\/\/exparto.pl\/en\/#organization","name":"EXPARTO","url":"https:\/\/exparto.pl\/en\/","logo":{"@type":"ImageObject","inLanguage":"en-US","@id":"https:\/\/exparto.pl\/en\/#\/schema\/logo\/image\/","url":"https:\/\/exparto.pl\/wp-content\/uploads\/2023\/02\/logo-wektor.png","contentUrl":"https:\/\/exparto.pl\/wp-content\/uploads\/2023\/02\/logo-wektor.png","width":1338,"height":143,"caption":"EXPARTO"},"image":{"@id":"https:\/\/exparto.pl\/en\/#\/schema\/logo\/image\/"},"sameAs":["https:\/\/www.facebook.com\/exparto.agro\/"]}]}},"_links":{"self":[{"href":"https:\/\/exparto.pl\/en\/wp-json\/wp\/v2\/product\/62452","targetHints":{"allow":["GET"]}}],"collection":[{"href":"https:\/\/exparto.pl\/en\/wp-json\/wp\/v2\/product"}],"about":[{"href":"https:\/\/exparto.pl\/en\/wp-json\/wp\/v2\/types\/product"}],"replies":[{"embeddable":true,"href":"https:\/\/exparto.pl\/en\/wp-json\/wp\/v2\/comments?post=62452"}],"wp:featuredmedia":[{"embeddable":true,"href":"https:\/\/exparto.pl\/en\/wp-json\/wp\/v2\/media\/62437"}],"wp:attachment":[{"href":"https:\/\/exparto.pl\/en\/wp-json\/wp\/v2\/media?parent=62452"}],"wp:term":[{"taxonomy":"product_brand","embeddable":true,"href":"https:\/\/exparto.pl\/en\/wp-json\/wp\/v2\/product_brand?post=62452"},{"taxonomy":"product_cat","embeddable":true,"href":"https:\/\/exparto.pl\/en\/wp-json\/wp\/v2\/product_cat?post=62452"},{"taxonomy":"product_tag","embeddable":true,"href":"https:\/\/exparto.pl\/en\/wp-json\/wp\/v2\/product_tag?post=62452"}],"curies":[{"name":"wp","href":"https:\/\/api.w.org\/{rel}","templated":true}]}}