{"id":64348,"date":"2026-04-14T14:28:40","date_gmt":"2026-04-14T12:28:40","guid":{"rendered":"https:\/\/exparto.pl\/produkt\/dziob-redlicy-napawane-redlica-80x12-agregatu-horsh-stal-borowa-34060850-agro-interstar\/"},"modified":"2026-04-14T14:40:47","modified_gmt":"2026-04-14T12:40:47","slug":"dziob-redlicy-napawane-redlica-80x12-agregatu-horsh-stal-borowa-34060850-agro-interstar","status":"publish","type":"product","link":"https:\/\/exparto.pl\/en\/produkt\/dziob-redlicy-napawane-redlica-80x12-agregatu-horsh-stal-borowa-34060850-agro-interstar\/","title":{"rendered":"Dzi\u00f3b redlicy napawany HORSH redlica 80&#215;12 stal borowa 34060850"},"content":{"rendered":"<p style=\"text-align: justify\"><strong>W naszej ofercie posiadamy redlic\u0119 agregatu podorywkowego HORSCH wyprodukowan\u0105 przez polskiego producenta Agro-Interstar.<\/strong> Cz\u0119\u015b\u0107 zosta\u0142a wykonana z wytrzyma\u0142ej stali borowej trudno\u015bcieralnej, co znacz\u0105co zwi\u0119ksza wytrzyma\u0142o\u015b\u0107 elementu w kontakcie z tward\u0105 gleb\u0105. Zapraszamy do zapoznania si\u0119 z ofert\u0105.<\/p>\n<h2><span style=\"font-weight: 400\">Redlica HORSCH \u2013 napawany dzi\u00f3b redlicy, cz\u0119\u015bci do agregatu podorywkowego<\/span><\/h2>\n<p style=\"text-align: justify\">G\u0142\u00f3wnym zadaniem redlicy agregatu jest g\u0142\u0119bokie spulchnianie ziemi oraz rozbijanie twardych warstw, kt\u00f3re gromadz\u0105 si\u0119 pod powierzchni\u0105 pola. <strong>Dzi\u0119ki temu, \u017ce nasza redlica jest dodatkowo wzmocniona specjalnym napawaniem z g\u00f3ry i od spodu dzioba, wytrzymuje ona znacznie wi\u0119cej w kontakcie z tward\u0105 ziemi\u0105 i kamieniami ni\u017c zwyk\u0142e cz\u0119\u015bci.<\/strong> Wybieraj\u0105c ten napawany dzi\u00f3b redlicy HORSCH masz pewno\u015b\u0107, \u017ce maszyna b\u0119dzie sz\u0142a prosto i trzyma\u0142a g\u0142\u0119boko\u015b\u0107 nawet na bardzo suchej i zbitej ziemi. Odpowiednio wyprofilowana redlica agregatu podorywkowego sprawia, \u017ce maszyna idealnie miesza nawet du\u017c\u0105 ilo\u015b\u0107 s\u0142omy, kt\u00f3ra zosta\u0142a na polu.<\/p>\n<p style=\"text-align: justify\"><strong>Precyzyjne wykonanie ze stali borowej sprawia, \u017ce redlica nie t\u0119pi si\u0119 tak szybko i idealnie przygotowuje ziemi\u0119 pod przysz\u0142e zasiewy.<\/strong> Zach\u0119camy do zakupu oraz sprawdzenia kategorii, w kt\u00f3rej dost\u0119pne s\u0105 inne cz\u0119\u015bci do agregat\u00f3w, dzi\u0119ki kt\u00f3rym kompleksowo przygotujesz sw\u00f3j sprz\u0119t do pracy.<\/p>\n<p style=\"text-align: justify\"><strong>Zastosowanie:<\/strong><\/p>\n<ul>\n<li style=\"text-align: justify\">agregat podorywkowy Horsch (modele: Tiger, Evo, TerraGrip, Terrano) i pochodne<\/li>\n<\/ul>\n<p style=\"text-align: justify\"><strong>Numer katalogowy:<\/strong><\/p>\n<ul>\n<li>34060850<\/li>\n<li>K-34060850<\/li>\n<li>K-34060850N<\/li>\n<\/ul>\n","protected":false},"excerpt":{"rendered":"<p>Dzi\u0119ki temu, \u017ce nasza redlica jest dodatkowo wzmocniona specjalnym napawaniem z g\u00f3ry i od spodu dzioba, wytrzymuje ona znacznie wi\u0119cej w kontakcie z tward\u0105 ziemi\u0105 i kamieniami ni\u017c zwyk\u0142e cz\u0119\u015bci.<\/p>\n","protected":false},"featured_media":64328,"comment_status":"open","ping_status":"closed","template":"","meta":{"_acf_changed":false,"inline_featured_image":false},"product_brand":[1043],"product_cat":[773],"product_tag":[1044],"class_list":{"0":"post-64348","1":"product","2":"type-product","3":"status-publish","4":"has-post-thumbnail","6":"product_brand-agro-interstar","7":"product_cat-czesci-do-agregatu-scierniskowego","8":"product_tag-uzupelnic","10":"first","11":"instock","12":"taxable","13":"shipping-taxable","14":"purchasable","15":"product-type-simple"},"acf":[],"yoast_head":"<!-- This site is optimized with the Yoast SEO plugin v27.3 - https:\/\/yoast.com\/product\/yoast-seo-wordpress\/ -->\n<title>Dzi\u00f3b redlicy napawany HORSH redlica 80x12 stal borowa 34060850 - Exparto.pl<\/title>\n<meta name=\"robots\" content=\"index, follow, max-snippet:-1, max-image-preview:large, max-video-preview:-1\" \/>\n<link rel=\"canonical\" href=\"https:\/\/exparto.pl\/en\/produkt\/dziob-redlicy-napawane-redlica-80x12-agregatu-horsh-stal-borowa-34060850-agro-interstar\/\" \/>\n<meta property=\"og:locale\" content=\"en_US\" \/>\n<meta property=\"og:type\" content=\"article\" \/>\n<meta property=\"og:title\" content=\"Dzi\u00f3b redlicy napawany HORSH redlica 80x12 stal borowa 34060850 - Exparto.pl\" \/>\n<meta property=\"og:description\" content=\"Dzi\u0119ki temu, \u017ce nasza redlica jest dodatkowo wzmocniona specjalnym napawaniem z g\u00f3ry i od spodu dzioba, wytrzymuje ona znacznie wi\u0119cej w kontakcie z tward\u0105 ziemi\u0105 i kamieniami ni\u017c zwyk\u0142e cz\u0119\u015bci.\" \/>\n<meta property=\"og:url\" content=\"https:\/\/exparto.pl\/en\/produkt\/dziob-redlicy-napawane-redlica-80x12-agregatu-horsh-stal-borowa-34060850-agro-interstar\/\" \/>\n<meta property=\"og:site_name\" content=\"Exparto.pl\" \/>\n<meta property=\"article:publisher\" content=\"https:\/\/www.facebook.com\/exparto.agro\/\" \/>\n<meta property=\"article:modified_time\" content=\"2026-04-14T12:40:47+00:00\" \/>\n<meta property=\"og:image\" content=\"https:\/\/exparto.pl\/wp-content\/uploads\/2026\/04\/cdca3da163bddd75954c1cf61c4ca7c4.jpg\" \/>\n\t<meta property=\"og:image:width\" content=\"1200\" \/>\n\t<meta property=\"og:image:height\" content=\"1200\" \/>\n\t<meta property=\"og:image:type\" content=\"image\/jpeg\" \/>\n<meta name=\"twitter:card\" content=\"summary_large_image\" \/>\n<meta name=\"twitter:label1\" content=\"Est. reading time\" \/>\n\t<meta name=\"twitter:data1\" content=\"2 minutes\" \/>\n<script type=\"application\/ld+json\" class=\"yoast-schema-graph\">{\"@context\":\"https:\\\/\\\/schema.org\",\"@graph\":[{\"@type\":\"WebPage\",\"@id\":\"https:\\\/\\\/exparto.pl\\\/en\\\/produkt\\\/dziob-redlicy-napawane-redlica-80x12-agregatu-horsh-stal-borowa-34060850-agro-interstar\\\/\",\"url\":\"https:\\\/\\\/exparto.pl\\\/en\\\/produkt\\\/dziob-redlicy-napawane-redlica-80x12-agregatu-horsh-stal-borowa-34060850-agro-interstar\\\/\",\"name\":\"Dzi\u00f3b redlicy napawany HORSH redlica 80x12 stal borowa 34060850 - Exparto.pl\",\"isPartOf\":{\"@id\":\"https:\\\/\\\/exparto.pl\\\/en\\\/#website\"},\"primaryImageOfPage\":{\"@id\":\"https:\\\/\\\/exparto.pl\\\/en\\\/produkt\\\/dziob-redlicy-napawane-redlica-80x12-agregatu-horsh-stal-borowa-34060850-agro-interstar\\\/#primaryimage\"},\"image\":{\"@id\":\"https:\\\/\\\/exparto.pl\\\/en\\\/produkt\\\/dziob-redlicy-napawane-redlica-80x12-agregatu-horsh-stal-borowa-34060850-agro-interstar\\\/#primaryimage\"},\"thumbnailUrl\":\"https:\\\/\\\/exparto.pl\\\/wp-content\\\/uploads\\\/2026\\\/04\\\/cdca3da163bddd75954c1cf61c4ca7c4.jpg\",\"datePublished\":\"2026-04-14T12:28:40+00:00\",\"dateModified\":\"2026-04-14T12:40:47+00:00\",\"breadcrumb\":{\"@id\":\"https:\\\/\\\/exparto.pl\\\/en\\\/produkt\\\/dziob-redlicy-napawane-redlica-80x12-agregatu-horsh-stal-borowa-34060850-agro-interstar\\\/#breadcrumb\"},\"inLanguage\":\"en-US\",\"potentialAction\":[{\"@type\":\"ReadAction\",\"target\":[\"https:\\\/\\\/exparto.pl\\\/en\\\/produkt\\\/dziob-redlicy-napawane-redlica-80x12-agregatu-horsh-stal-borowa-34060850-agro-interstar\\\/\"]}]},{\"@type\":\"ImageObject\",\"inLanguage\":\"en-US\",\"@id\":\"https:\\\/\\\/exparto.pl\\\/en\\\/produkt\\\/dziob-redlicy-napawane-redlica-80x12-agregatu-horsh-stal-borowa-34060850-agro-interstar\\\/#primaryimage\",\"url\":\"https:\\\/\\\/exparto.pl\\\/wp-content\\\/uploads\\\/2026\\\/04\\\/cdca3da163bddd75954c1cf61c4ca7c4.jpg\",\"contentUrl\":\"https:\\\/\\\/exparto.pl\\\/wp-content\\\/uploads\\\/2026\\\/04\\\/cdca3da163bddd75954c1cf61c4ca7c4.jpg\",\"width\":1200,\"height\":1200,\"caption\":\"0d63aad0e77174a7400d65e9a3548e79\"},{\"@type\":\"BreadcrumbList\",\"@id\":\"https:\\\/\\\/exparto.pl\\\/en\\\/produkt\\\/dziob-redlicy-napawane-redlica-80x12-agregatu-horsh-stal-borowa-34060850-agro-interstar\\\/#breadcrumb\",\"itemListElement\":[{\"@type\":\"ListItem\",\"position\":1,\"name\":\"Homepage\",\"item\":\"https:\\\/\\\/exparto.pl\\\/en\\\/homepage\\\/\"},{\"@type\":\"ListItem\",\"position\":2,\"name\":\"Sklep\",\"item\":\"https:\\\/\\\/exparto.pl\\\/sklep\\\/\"},{\"@type\":\"ListItem\",\"position\":3,\"name\":\"Cz\u0119\u015bci do agregatu \u015bcierniskowego\",\"item\":\"https:\\\/\\\/exparto.pl\\\/kategoria-produktu\\\/czesci-do-agregatu-scierniskowego\\\/\"},{\"@type\":\"ListItem\",\"position\":4,\"name\":\"Dzi\u00f3b redlicy napawany HORSH redlica 80&#215;12 stal borowa 34060850\"}]},{\"@type\":\"WebSite\",\"@id\":\"https:\\\/\\\/exparto.pl\\\/en\\\/#website\",\"url\":\"https:\\\/\\\/exparto.pl\\\/en\\\/\",\"name\":\"EXPARTO\",\"description\":\"More than agro parts\",\"publisher\":{\"@id\":\"https:\\\/\\\/exparto.pl\\\/en\\\/#organization\"},\"potentialAction\":[{\"@type\":\"SearchAction\",\"target\":{\"@type\":\"EntryPoint\",\"urlTemplate\":\"https:\\\/\\\/exparto.pl\\\/en\\\/?s={search_term_string}\"},\"query-input\":{\"@type\":\"PropertyValueSpecification\",\"valueRequired\":true,\"valueName\":\"search_term_string\"}}],\"inLanguage\":\"en-US\"},{\"@type\":\"Organization\",\"@id\":\"https:\\\/\\\/exparto.pl\\\/en\\\/#organization\",\"name\":\"EXPARTO\",\"url\":\"https:\\\/\\\/exparto.pl\\\/en\\\/\",\"logo\":{\"@type\":\"ImageObject\",\"inLanguage\":\"en-US\",\"@id\":\"https:\\\/\\\/exparto.pl\\\/en\\\/#\\\/schema\\\/logo\\\/image\\\/\",\"url\":\"https:\\\/\\\/exparto.pl\\\/wp-content\\\/uploads\\\/2023\\\/02\\\/logo-wektor.png\",\"contentUrl\":\"https:\\\/\\\/exparto.pl\\\/wp-content\\\/uploads\\\/2023\\\/02\\\/logo-wektor.png\",\"width\":1338,\"height\":143,\"caption\":\"EXPARTO\"},\"image\":{\"@id\":\"https:\\\/\\\/exparto.pl\\\/en\\\/#\\\/schema\\\/logo\\\/image\\\/\"},\"sameAs\":[\"https:\\\/\\\/www.facebook.com\\\/exparto.agro\\\/\"]}]}<\/script>\n<!-- \/ Yoast SEO plugin. -->","yoast_head_json":{"title":"Dzi\u00f3b redlicy napawany HORSH redlica 80x12 stal borowa 34060850 - Exparto.pl","robots":{"index":"index","follow":"follow","max-snippet":"max-snippet:-1","max-image-preview":"max-image-preview:large","max-video-preview":"max-video-preview:-1"},"canonical":"https:\/\/exparto.pl\/en\/produkt\/dziob-redlicy-napawane-redlica-80x12-agregatu-horsh-stal-borowa-34060850-agro-interstar\/","og_locale":"en_US","og_type":"article","og_title":"Dzi\u00f3b redlicy napawany HORSH redlica 80x12 stal borowa 34060850 - Exparto.pl","og_description":"Dzi\u0119ki temu, \u017ce nasza redlica jest dodatkowo wzmocniona specjalnym napawaniem z g\u00f3ry i od spodu dzioba, wytrzymuje ona znacznie wi\u0119cej w kontakcie z tward\u0105 ziemi\u0105 i kamieniami ni\u017c zwyk\u0142e cz\u0119\u015bci.","og_url":"https:\/\/exparto.pl\/en\/produkt\/dziob-redlicy-napawane-redlica-80x12-agregatu-horsh-stal-borowa-34060850-agro-interstar\/","og_site_name":"Exparto.pl","article_publisher":"https:\/\/www.facebook.com\/exparto.agro\/","article_modified_time":"2026-04-14T12:40:47+00:00","og_image":[{"width":1200,"height":1200,"url":"https:\/\/exparto.pl\/wp-content\/uploads\/2026\/04\/cdca3da163bddd75954c1cf61c4ca7c4.jpg","type":"image\/jpeg"}],"twitter_card":"summary_large_image","twitter_misc":{"Est. reading time":"2 minutes"},"schema":{"@context":"https:\/\/schema.org","@graph":[{"@type":"WebPage","@id":"https:\/\/exparto.pl\/en\/produkt\/dziob-redlicy-napawane-redlica-80x12-agregatu-horsh-stal-borowa-34060850-agro-interstar\/","url":"https:\/\/exparto.pl\/en\/produkt\/dziob-redlicy-napawane-redlica-80x12-agregatu-horsh-stal-borowa-34060850-agro-interstar\/","name":"Dzi\u00f3b redlicy napawany HORSH redlica 80x12 stal borowa 34060850 - Exparto.pl","isPartOf":{"@id":"https:\/\/exparto.pl\/en\/#website"},"primaryImageOfPage":{"@id":"https:\/\/exparto.pl\/en\/produkt\/dziob-redlicy-napawane-redlica-80x12-agregatu-horsh-stal-borowa-34060850-agro-interstar\/#primaryimage"},"image":{"@id":"https:\/\/exparto.pl\/en\/produkt\/dziob-redlicy-napawane-redlica-80x12-agregatu-horsh-stal-borowa-34060850-agro-interstar\/#primaryimage"},"thumbnailUrl":"https:\/\/exparto.pl\/wp-content\/uploads\/2026\/04\/cdca3da163bddd75954c1cf61c4ca7c4.jpg","datePublished":"2026-04-14T12:28:40+00:00","dateModified":"2026-04-14T12:40:47+00:00","breadcrumb":{"@id":"https:\/\/exparto.pl\/en\/produkt\/dziob-redlicy-napawane-redlica-80x12-agregatu-horsh-stal-borowa-34060850-agro-interstar\/#breadcrumb"},"inLanguage":"en-US","potentialAction":[{"@type":"ReadAction","target":["https:\/\/exparto.pl\/en\/produkt\/dziob-redlicy-napawane-redlica-80x12-agregatu-horsh-stal-borowa-34060850-agro-interstar\/"]}]},{"@type":"ImageObject","inLanguage":"en-US","@id":"https:\/\/exparto.pl\/en\/produkt\/dziob-redlicy-napawane-redlica-80x12-agregatu-horsh-stal-borowa-34060850-agro-interstar\/#primaryimage","url":"https:\/\/exparto.pl\/wp-content\/uploads\/2026\/04\/cdca3da163bddd75954c1cf61c4ca7c4.jpg","contentUrl":"https:\/\/exparto.pl\/wp-content\/uploads\/2026\/04\/cdca3da163bddd75954c1cf61c4ca7c4.jpg","width":1200,"height":1200,"caption":"0d63aad0e77174a7400d65e9a3548e79"},{"@type":"BreadcrumbList","@id":"https:\/\/exparto.pl\/en\/produkt\/dziob-redlicy-napawane-redlica-80x12-agregatu-horsh-stal-borowa-34060850-agro-interstar\/#breadcrumb","itemListElement":[{"@type":"ListItem","position":1,"name":"Homepage","item":"https:\/\/exparto.pl\/en\/homepage\/"},{"@type":"ListItem","position":2,"name":"Sklep","item":"https:\/\/exparto.pl\/sklep\/"},{"@type":"ListItem","position":3,"name":"Cz\u0119\u015bci do agregatu \u015bcierniskowego","item":"https:\/\/exparto.pl\/kategoria-produktu\/czesci-do-agregatu-scierniskowego\/"},{"@type":"ListItem","position":4,"name":"Dzi\u00f3b redlicy napawany HORSH redlica 80&#215;12 stal borowa 34060850"}]},{"@type":"WebSite","@id":"https:\/\/exparto.pl\/en\/#website","url":"https:\/\/exparto.pl\/en\/","name":"EXPARTO","description":"More than agro parts","publisher":{"@id":"https:\/\/exparto.pl\/en\/#organization"},"potentialAction":[{"@type":"SearchAction","target":{"@type":"EntryPoint","urlTemplate":"https:\/\/exparto.pl\/en\/?s={search_term_string}"},"query-input":{"@type":"PropertyValueSpecification","valueRequired":true,"valueName":"search_term_string"}}],"inLanguage":"en-US"},{"@type":"Organization","@id":"https:\/\/exparto.pl\/en\/#organization","name":"EXPARTO","url":"https:\/\/exparto.pl\/en\/","logo":{"@type":"ImageObject","inLanguage":"en-US","@id":"https:\/\/exparto.pl\/en\/#\/schema\/logo\/image\/","url":"https:\/\/exparto.pl\/wp-content\/uploads\/2023\/02\/logo-wektor.png","contentUrl":"https:\/\/exparto.pl\/wp-content\/uploads\/2023\/02\/logo-wektor.png","width":1338,"height":143,"caption":"EXPARTO"},"image":{"@id":"https:\/\/exparto.pl\/en\/#\/schema\/logo\/image\/"},"sameAs":["https:\/\/www.facebook.com\/exparto.agro\/"]}]}},"_links":{"self":[{"href":"https:\/\/exparto.pl\/en\/wp-json\/wp\/v2\/product\/64348","targetHints":{"allow":["GET"]}}],"collection":[{"href":"https:\/\/exparto.pl\/en\/wp-json\/wp\/v2\/product"}],"about":[{"href":"https:\/\/exparto.pl\/en\/wp-json\/wp\/v2\/types\/product"}],"replies":[{"embeddable":true,"href":"https:\/\/exparto.pl\/en\/wp-json\/wp\/v2\/comments?post=64348"}],"wp:featuredmedia":[{"embeddable":true,"href":"https:\/\/exparto.pl\/en\/wp-json\/wp\/v2\/media\/64328"}],"wp:attachment":[{"href":"https:\/\/exparto.pl\/en\/wp-json\/wp\/v2\/media?parent=64348"}],"wp:term":[{"taxonomy":"product_brand","embeddable":true,"href":"https:\/\/exparto.pl\/en\/wp-json\/wp\/v2\/product_brand?post=64348"},{"taxonomy":"product_cat","embeddable":true,"href":"https:\/\/exparto.pl\/en\/wp-json\/wp\/v2\/product_cat?post=64348"},{"taxonomy":"product_tag","embeddable":true,"href":"https:\/\/exparto.pl\/en\/wp-json\/wp\/v2\/product_tag?post=64348"}],"curies":[{"name":"wp","href":"https:\/\/api.w.org\/{rel}","templated":true}]}}