{"id":64530,"date":"2026-04-17T10:54:34","date_gmt":"2026-04-17T08:54:34","guid":{"rendered":"https:\/\/exparto.pl\/produkt\/piasta-kola-do-przyczepy-d-47-autosan-6-otworowa-komplet-ze-szpilkami-m18x15-6050030100\/"},"modified":"2026-04-17T11:38:24","modified_gmt":"2026-04-17T09:38:24","slug":"piasta-kola-do-przyczepy-d-47-autosan-6-otworowa-komplet-ze-szpilkami-m18x15-6050030100","status":"publish","type":"product","link":"https:\/\/exparto.pl\/en\/produkt\/piasta-kola-do-przyczepy-d-47-autosan-6-otworowa-komplet-ze-szpilkami-m18x15-6050030100\/","title":{"rendered":"Piasta ko\u0142a do przyczepy D-47 Autosan 6-otworowa komplet ze szpilkami M18x1,5 6050030100"},"content":{"rendered":"<p style=\"text-align: justify\">Piasta ko\u0142a to podzesp\u00f3\u0142 uk\u0142adu jezdnego, kt\u00f3ry zapewnia stabilno\u015b\u0107 Twojej maszyny rolniczej podczas prac polowych. <strong>W EXPARTO oferujemy wysokiej jako\u015bci piast\u0119 6-otworow\u0105, kt\u00f3ra pasuje do przyczep Autosan D-47 i pochodnych oraz rozrzutnik\u00f3w.<\/strong> Zapraszamy do zapoznania si\u0119 z ofert\u0105, aby zapewni\u0107 ci\u0105g\u0142o\u015b\u0107 pracy w swoim gospodarstwie.<\/p>\n<h2><span style=\"font-weight: 400\">Piasta ko\u0142a D47 \u2013 piasta 6-otworowa, piasta ko\u0142a do przyczepy<\/span><\/h2>\n<p style=\"text-align: justify\">Prawid\u0142owe funkcjonowanie uk\u0142adu jezdnego opiera si\u0119 na tym, jak maszyna przenosi ci\u0119\u017car \u0142adunku z osi na pod\u0142o\u017ce. W tym procesie po\u015bredniczy w\u0142a\u015bnie piasta ko\u0142a z \u0142o\u017cyskami w \u015brodku. Element ten umo\u017cliwia swobodny obr\u00f3t ko\u0142a, pozwalaj\u0105c na bezpieczne prowadzenie pojazdu z pe\u0142nym \u0142adunkiem. Solidna budowa naszej piasty zapobiega przedwczesnemu zu\u017cyciu innych element\u00f3w uk\u0142adu, nawet podczas u\u017cytkowania w trudnym terenie. <strong>Dodatkowo piasta posiada ju\u017c nabite szpilki z gwintem M18x1,5 w komplecie, co znacznie u\u0142atwia monta\u017c felgi i skraca czas serwisowania maszyny.<\/strong> <\/p>\n<p style=\"text-align: justify\">Je\u015bli Twoja przyczepa generuje nadmierne wibracje lub wykazuje luzy na osi, rozwi\u0105zaniem jest wymiana tego podzespo\u0142u na nowy. <strong>Zach\u0119camy do zakupu oraz sprawdzenia pozosta\u0142ych ofert, w kt\u00f3rych znajdziesz inne niezb\u0119dne cz\u0119\u015bci do Twoich maszyn.<\/strong><\/p>\n<p style=\"text-align: justify\"><b>Zastosowanie:<\/b><\/p>\n<ul>\n<li style=\"text-align: justify\">przyczepy rolnicze D-47 i pochodne<\/li>\n<li style=\"text-align: justify\">rozrzutniki<\/li>\n<li style=\"text-align: justify\">maszyny rolnicze<\/li>\n<\/ul>\n<p style=\"text-align: justify\"><b>Numer katalogowy:<\/b><\/p>\n<ul>\n<li>6050030100<\/li>\n<li>2213150011<\/li>\n<li>60503301<\/li>\n<li>2213150031<\/li>\n<li>7037030031<\/li>\n<li>7037030040<\/li>\n<\/ul>\n","protected":false},"excerpt":{"rendered":"<p>Nasza piasta posiada ju\u017c nabite szpilki z gwintem M18x1,5 w komplecie, co znacznie u\u0142atwia monta\u017c i skraca czas serwisowania. Solidna budowa piasty zapobiega przedwczesnemu zu\u017cyciu innych element\u00f3w uk\u0142adu, nawet podczas u\u017cytkowania w trudnym terenie.<\/p>\n","protected":false},"featured_media":64510,"comment_status":"open","ping_status":"closed","template":"","meta":{"_acf_changed":false,"inline_featured_image":false},"product_brand":[],"product_cat":[728,913],"product_tag":[],"class_list":{"0":"post-64530","1":"product","2":"type-product","3":"status-publish","4":"has-post-thumbnail","6":"product_cat-czesci-do-siewnika","7":"product_cat-piasty-czesci-do-siewnika","9":"first","10":"instock","11":"taxable","12":"shipping-taxable","13":"purchasable","14":"product-type-simple"},"acf":[],"yoast_head":"<!-- This site is optimized with the Yoast SEO plugin v27.3 - https:\/\/yoast.com\/product\/yoast-seo-wordpress\/ -->\n<title>Piasta ko\u0142a do przyczepy D-47 Autosan 6-otworowa komplet ze szpilkami M18x1,5 6050030100 - Exparto.pl<\/title>\n<meta name=\"robots\" content=\"index, follow, max-snippet:-1, max-image-preview:large, max-video-preview:-1\" \/>\n<link rel=\"canonical\" href=\"https:\/\/exparto.pl\/en\/produkt\/piasta-kola-do-przyczepy-d-47-autosan-6-otworowa-komplet-ze-szpilkami-m18x15-6050030100\/\" \/>\n<meta property=\"og:locale\" content=\"en_US\" \/>\n<meta property=\"og:type\" content=\"article\" \/>\n<meta property=\"og:title\" content=\"Piasta ko\u0142a do przyczepy D-47 Autosan 6-otworowa komplet ze szpilkami M18x1,5 6050030100 - Exparto.pl\" \/>\n<meta property=\"og:description\" content=\"Nasza piasta posiada ju\u017c nabite szpilki z gwintem M18x1,5 w komplecie, co znacznie u\u0142atwia monta\u017c i skraca czas serwisowania. Solidna budowa piasty zapobiega przedwczesnemu zu\u017cyciu innych element\u00f3w uk\u0142adu, nawet podczas u\u017cytkowania w trudnym terenie.\" \/>\n<meta property=\"og:url\" content=\"https:\/\/exparto.pl\/en\/produkt\/piasta-kola-do-przyczepy-d-47-autosan-6-otworowa-komplet-ze-szpilkami-m18x15-6050030100\/\" \/>\n<meta property=\"og:site_name\" content=\"Exparto.pl\" \/>\n<meta property=\"article:publisher\" content=\"https:\/\/www.facebook.com\/exparto.agro\/\" \/>\n<meta property=\"article:modified_time\" content=\"2026-04-17T09:38:24+00:00\" \/>\n<meta property=\"og:image\" content=\"https:\/\/exparto.pl\/wp-content\/uploads\/2026\/04\/5e437ba2863e4b09ced2262579923c75.jpg\" \/>\n\t<meta property=\"og:image:width\" content=\"1200\" \/>\n\t<meta property=\"og:image:height\" content=\"1200\" \/>\n\t<meta property=\"og:image:type\" content=\"image\/jpeg\" \/>\n<meta name=\"twitter:card\" content=\"summary_large_image\" \/>\n<meta name=\"twitter:label1\" content=\"Est. reading time\" \/>\n\t<meta name=\"twitter:data1\" content=\"2 minutes\" \/>\n<script type=\"application\/ld+json\" class=\"yoast-schema-graph\">{\"@context\":\"https:\\\/\\\/schema.org\",\"@graph\":[{\"@type\":\"WebPage\",\"@id\":\"https:\\\/\\\/exparto.pl\\\/en\\\/produkt\\\/piasta-kola-do-przyczepy-d-47-autosan-6-otworowa-komplet-ze-szpilkami-m18x15-6050030100\\\/\",\"url\":\"https:\\\/\\\/exparto.pl\\\/en\\\/produkt\\\/piasta-kola-do-przyczepy-d-47-autosan-6-otworowa-komplet-ze-szpilkami-m18x15-6050030100\\\/\",\"name\":\"Piasta ko\u0142a do przyczepy D-47 Autosan 6-otworowa komplet ze szpilkami M18x1,5 6050030100 - Exparto.pl\",\"isPartOf\":{\"@id\":\"https:\\\/\\\/exparto.pl\\\/en\\\/#website\"},\"primaryImageOfPage\":{\"@id\":\"https:\\\/\\\/exparto.pl\\\/en\\\/produkt\\\/piasta-kola-do-przyczepy-d-47-autosan-6-otworowa-komplet-ze-szpilkami-m18x15-6050030100\\\/#primaryimage\"},\"image\":{\"@id\":\"https:\\\/\\\/exparto.pl\\\/en\\\/produkt\\\/piasta-kola-do-przyczepy-d-47-autosan-6-otworowa-komplet-ze-szpilkami-m18x15-6050030100\\\/#primaryimage\"},\"thumbnailUrl\":\"https:\\\/\\\/exparto.pl\\\/wp-content\\\/uploads\\\/2026\\\/04\\\/5e437ba2863e4b09ced2262579923c75.jpg\",\"datePublished\":\"2026-04-17T08:54:34+00:00\",\"dateModified\":\"2026-04-17T09:38:24+00:00\",\"breadcrumb\":{\"@id\":\"https:\\\/\\\/exparto.pl\\\/en\\\/produkt\\\/piasta-kola-do-przyczepy-d-47-autosan-6-otworowa-komplet-ze-szpilkami-m18x15-6050030100\\\/#breadcrumb\"},\"inLanguage\":\"en-US\",\"potentialAction\":[{\"@type\":\"ReadAction\",\"target\":[\"https:\\\/\\\/exparto.pl\\\/en\\\/produkt\\\/piasta-kola-do-przyczepy-d-47-autosan-6-otworowa-komplet-ze-szpilkami-m18x15-6050030100\\\/\"]}]},{\"@type\":\"ImageObject\",\"inLanguage\":\"en-US\",\"@id\":\"https:\\\/\\\/exparto.pl\\\/en\\\/produkt\\\/piasta-kola-do-przyczepy-d-47-autosan-6-otworowa-komplet-ze-szpilkami-m18x15-6050030100\\\/#primaryimage\",\"url\":\"https:\\\/\\\/exparto.pl\\\/wp-content\\\/uploads\\\/2026\\\/04\\\/5e437ba2863e4b09ced2262579923c75.jpg\",\"contentUrl\":\"https:\\\/\\\/exparto.pl\\\/wp-content\\\/uploads\\\/2026\\\/04\\\/5e437ba2863e4b09ced2262579923c75.jpg\",\"width\":1200,\"height\":1200,\"caption\":\"0608b84246f10f4c02e685870093420c\"},{\"@type\":\"BreadcrumbList\",\"@id\":\"https:\\\/\\\/exparto.pl\\\/en\\\/produkt\\\/piasta-kola-do-przyczepy-d-47-autosan-6-otworowa-komplet-ze-szpilkami-m18x15-6050030100\\\/#breadcrumb\",\"itemListElement\":[{\"@type\":\"ListItem\",\"position\":1,\"name\":\"Homepage\",\"item\":\"https:\\\/\\\/exparto.pl\\\/en\\\/homepage\\\/\"},{\"@type\":\"ListItem\",\"position\":2,\"name\":\"Sklep\",\"item\":\"https:\\\/\\\/exparto.pl\\\/sklep\\\/\"},{\"@type\":\"ListItem\",\"position\":3,\"name\":\"Trailer parts\",\"item\":\"https:\\\/\\\/exparto.pl\\\/en\\\/product-category\\\/trailer-parts\\\/\"},{\"@type\":\"ListItem\",\"position\":4,\"name\":\"Piasty\",\"item\":\"https:\\\/\\\/exparto.pl\\\/kategoria-produktu\\\/czesci-do-przyczep\\\/piasty-czesci-do-przyczep\\\/\"},{\"@type\":\"ListItem\",\"position\":5,\"name\":\"Piasta ko\u0142a do przyczepy D-47 Autosan 6-otworowa komplet ze szpilkami M18x1,5 6050030100\"}]},{\"@type\":\"WebSite\",\"@id\":\"https:\\\/\\\/exparto.pl\\\/en\\\/#website\",\"url\":\"https:\\\/\\\/exparto.pl\\\/en\\\/\",\"name\":\"EXPARTO\",\"description\":\"More than agro parts\",\"publisher\":{\"@id\":\"https:\\\/\\\/exparto.pl\\\/en\\\/#organization\"},\"potentialAction\":[{\"@type\":\"SearchAction\",\"target\":{\"@type\":\"EntryPoint\",\"urlTemplate\":\"https:\\\/\\\/exparto.pl\\\/en\\\/?s={search_term_string}\"},\"query-input\":{\"@type\":\"PropertyValueSpecification\",\"valueRequired\":true,\"valueName\":\"search_term_string\"}}],\"inLanguage\":\"en-US\"},{\"@type\":\"Organization\",\"@id\":\"https:\\\/\\\/exparto.pl\\\/en\\\/#organization\",\"name\":\"EXPARTO\",\"url\":\"https:\\\/\\\/exparto.pl\\\/en\\\/\",\"logo\":{\"@type\":\"ImageObject\",\"inLanguage\":\"en-US\",\"@id\":\"https:\\\/\\\/exparto.pl\\\/en\\\/#\\\/schema\\\/logo\\\/image\\\/\",\"url\":\"https:\\\/\\\/exparto.pl\\\/wp-content\\\/uploads\\\/2023\\\/02\\\/logo-wektor.png\",\"contentUrl\":\"https:\\\/\\\/exparto.pl\\\/wp-content\\\/uploads\\\/2023\\\/02\\\/logo-wektor.png\",\"width\":1338,\"height\":143,\"caption\":\"EXPARTO\"},\"image\":{\"@id\":\"https:\\\/\\\/exparto.pl\\\/en\\\/#\\\/schema\\\/logo\\\/image\\\/\"},\"sameAs\":[\"https:\\\/\\\/www.facebook.com\\\/exparto.agro\\\/\"]}]}<\/script>\n<!-- \/ Yoast SEO plugin. -->","yoast_head_json":{"title":"Piasta ko\u0142a do przyczepy D-47 Autosan 6-otworowa komplet ze szpilkami M18x1,5 6050030100 - Exparto.pl","robots":{"index":"index","follow":"follow","max-snippet":"max-snippet:-1","max-image-preview":"max-image-preview:large","max-video-preview":"max-video-preview:-1"},"canonical":"https:\/\/exparto.pl\/en\/produkt\/piasta-kola-do-przyczepy-d-47-autosan-6-otworowa-komplet-ze-szpilkami-m18x15-6050030100\/","og_locale":"en_US","og_type":"article","og_title":"Piasta ko\u0142a do przyczepy D-47 Autosan 6-otworowa komplet ze szpilkami M18x1,5 6050030100 - Exparto.pl","og_description":"Nasza piasta posiada ju\u017c nabite szpilki z gwintem M18x1,5 w komplecie, co znacznie u\u0142atwia monta\u017c i skraca czas serwisowania. Solidna budowa piasty zapobiega przedwczesnemu zu\u017cyciu innych element\u00f3w uk\u0142adu, nawet podczas u\u017cytkowania w trudnym terenie.","og_url":"https:\/\/exparto.pl\/en\/produkt\/piasta-kola-do-przyczepy-d-47-autosan-6-otworowa-komplet-ze-szpilkami-m18x15-6050030100\/","og_site_name":"Exparto.pl","article_publisher":"https:\/\/www.facebook.com\/exparto.agro\/","article_modified_time":"2026-04-17T09:38:24+00:00","og_image":[{"width":1200,"height":1200,"url":"https:\/\/exparto.pl\/wp-content\/uploads\/2026\/04\/5e437ba2863e4b09ced2262579923c75.jpg","type":"image\/jpeg"}],"twitter_card":"summary_large_image","twitter_misc":{"Est. reading time":"2 minutes"},"schema":{"@context":"https:\/\/schema.org","@graph":[{"@type":"WebPage","@id":"https:\/\/exparto.pl\/en\/produkt\/piasta-kola-do-przyczepy-d-47-autosan-6-otworowa-komplet-ze-szpilkami-m18x15-6050030100\/","url":"https:\/\/exparto.pl\/en\/produkt\/piasta-kola-do-przyczepy-d-47-autosan-6-otworowa-komplet-ze-szpilkami-m18x15-6050030100\/","name":"Piasta ko\u0142a do przyczepy D-47 Autosan 6-otworowa komplet ze szpilkami M18x1,5 6050030100 - Exparto.pl","isPartOf":{"@id":"https:\/\/exparto.pl\/en\/#website"},"primaryImageOfPage":{"@id":"https:\/\/exparto.pl\/en\/produkt\/piasta-kola-do-przyczepy-d-47-autosan-6-otworowa-komplet-ze-szpilkami-m18x15-6050030100\/#primaryimage"},"image":{"@id":"https:\/\/exparto.pl\/en\/produkt\/piasta-kola-do-przyczepy-d-47-autosan-6-otworowa-komplet-ze-szpilkami-m18x15-6050030100\/#primaryimage"},"thumbnailUrl":"https:\/\/exparto.pl\/wp-content\/uploads\/2026\/04\/5e437ba2863e4b09ced2262579923c75.jpg","datePublished":"2026-04-17T08:54:34+00:00","dateModified":"2026-04-17T09:38:24+00:00","breadcrumb":{"@id":"https:\/\/exparto.pl\/en\/produkt\/piasta-kola-do-przyczepy-d-47-autosan-6-otworowa-komplet-ze-szpilkami-m18x15-6050030100\/#breadcrumb"},"inLanguage":"en-US","potentialAction":[{"@type":"ReadAction","target":["https:\/\/exparto.pl\/en\/produkt\/piasta-kola-do-przyczepy-d-47-autosan-6-otworowa-komplet-ze-szpilkami-m18x15-6050030100\/"]}]},{"@type":"ImageObject","inLanguage":"en-US","@id":"https:\/\/exparto.pl\/en\/produkt\/piasta-kola-do-przyczepy-d-47-autosan-6-otworowa-komplet-ze-szpilkami-m18x15-6050030100\/#primaryimage","url":"https:\/\/exparto.pl\/wp-content\/uploads\/2026\/04\/5e437ba2863e4b09ced2262579923c75.jpg","contentUrl":"https:\/\/exparto.pl\/wp-content\/uploads\/2026\/04\/5e437ba2863e4b09ced2262579923c75.jpg","width":1200,"height":1200,"caption":"0608b84246f10f4c02e685870093420c"},{"@type":"BreadcrumbList","@id":"https:\/\/exparto.pl\/en\/produkt\/piasta-kola-do-przyczepy-d-47-autosan-6-otworowa-komplet-ze-szpilkami-m18x15-6050030100\/#breadcrumb","itemListElement":[{"@type":"ListItem","position":1,"name":"Homepage","item":"https:\/\/exparto.pl\/en\/homepage\/"},{"@type":"ListItem","position":2,"name":"Sklep","item":"https:\/\/exparto.pl\/sklep\/"},{"@type":"ListItem","position":3,"name":"Trailer parts","item":"https:\/\/exparto.pl\/en\/product-category\/trailer-parts\/"},{"@type":"ListItem","position":4,"name":"Piasty","item":"https:\/\/exparto.pl\/kategoria-produktu\/czesci-do-przyczep\/piasty-czesci-do-przyczep\/"},{"@type":"ListItem","position":5,"name":"Piasta ko\u0142a do przyczepy D-47 Autosan 6-otworowa komplet ze szpilkami M18x1,5 6050030100"}]},{"@type":"WebSite","@id":"https:\/\/exparto.pl\/en\/#website","url":"https:\/\/exparto.pl\/en\/","name":"EXPARTO","description":"More than agro parts","publisher":{"@id":"https:\/\/exparto.pl\/en\/#organization"},"potentialAction":[{"@type":"SearchAction","target":{"@type":"EntryPoint","urlTemplate":"https:\/\/exparto.pl\/en\/?s={search_term_string}"},"query-input":{"@type":"PropertyValueSpecification","valueRequired":true,"valueName":"search_term_string"}}],"inLanguage":"en-US"},{"@type":"Organization","@id":"https:\/\/exparto.pl\/en\/#organization","name":"EXPARTO","url":"https:\/\/exparto.pl\/en\/","logo":{"@type":"ImageObject","inLanguage":"en-US","@id":"https:\/\/exparto.pl\/en\/#\/schema\/logo\/image\/","url":"https:\/\/exparto.pl\/wp-content\/uploads\/2023\/02\/logo-wektor.png","contentUrl":"https:\/\/exparto.pl\/wp-content\/uploads\/2023\/02\/logo-wektor.png","width":1338,"height":143,"caption":"EXPARTO"},"image":{"@id":"https:\/\/exparto.pl\/en\/#\/schema\/logo\/image\/"},"sameAs":["https:\/\/www.facebook.com\/exparto.agro\/"]}]}},"_links":{"self":[{"href":"https:\/\/exparto.pl\/en\/wp-json\/wp\/v2\/product\/64530","targetHints":{"allow":["GET"]}}],"collection":[{"href":"https:\/\/exparto.pl\/en\/wp-json\/wp\/v2\/product"}],"about":[{"href":"https:\/\/exparto.pl\/en\/wp-json\/wp\/v2\/types\/product"}],"replies":[{"embeddable":true,"href":"https:\/\/exparto.pl\/en\/wp-json\/wp\/v2\/comments?post=64530"}],"wp:featuredmedia":[{"embeddable":true,"href":"https:\/\/exparto.pl\/en\/wp-json\/wp\/v2\/media\/64510"}],"wp:attachment":[{"href":"https:\/\/exparto.pl\/en\/wp-json\/wp\/v2\/media?parent=64530"}],"wp:term":[{"taxonomy":"product_brand","embeddable":true,"href":"https:\/\/exparto.pl\/en\/wp-json\/wp\/v2\/product_brand?post=64530"},{"taxonomy":"product_cat","embeddable":true,"href":"https:\/\/exparto.pl\/en\/wp-json\/wp\/v2\/product_cat?post=64530"},{"taxonomy":"product_tag","embeddable":true,"href":"https:\/\/exparto.pl\/en\/wp-json\/wp\/v2\/product_tag?post=64530"}],"curies":[{"name":"wp","href":"https:\/\/api.w.org\/{rel}","templated":true}]}}