{"id":64801,"date":"2026-04-23T10:58:07","date_gmt":"2026-04-23T08:58:07","guid":{"rendered":"https:\/\/exparto.pl\/produkt\/silownik-hydrauliczny-jednostronnego-dzialania-120-86-m18x15-do-rozsiewacza-nawozu-2039060100\/"},"modified":"2026-04-23T11:03:04","modified_gmt":"2026-04-23T09:03:04","slug":"silownik-hydrauliczny-jednostronnego-dzialania-120-86-m18x15-do-rozsiewacza-nawozu-2039060100","status":"publish","type":"product","link":"https:\/\/exparto.pl\/en\/produkt\/silownik-hydrauliczny-jednostronnego-dzialania-120-86-m18x15-do-rozsiewacza-nawozu-2039060100\/","title":{"rendered":"Si\u0142ownik hydrauliczny jednostronnego dzia\u0142ania 1,20\/86 M18x1,5 do rozsiewacza nawozu 2039060100"},"content":{"rendered":"<p style=\"text-align: justify\">W maszynach zasilanych hydraulicznie, gdzie potrzebna jest du\u017ca si\u0142a nacisku ani rusz bez si\u0142ownika hydraulicznego, znanego tak\u017ce pod nazw\u0105 cylinder hydrauliczny. <strong>W naszym asortymencie mamy si\u0142ownik jednostronnego dzia\u0142ania, kt\u00f3ry odpowiada za ruch zasuwy w rozsiewaczach takich jak Brzeg, Amazone czy Strumyk.<\/strong> Postaw na sprawdzone rozwi\u0105zania techniczne i zach\u0119camy do zapoznania si\u0119 z nasz\u0105 ofert\u0105.<\/p>\n<h2><span style=\"font-weight: 400\">Si\u0142ownik hydrauliczny 25\/20\/86 &#8211; si\u0142ownik jednostronnego dzia\u0142ania, cylinder hydrauliczny<\/span><\/h2>\n<p style=\"text-align: justify\">W EXPARTO oferujemy si\u0142ownik do rozsiewacza o skoku 86 mm, kt\u00f3ry pod wp\u0142ywem ci\u015bnienia oleju wysuwa t\u0142oczysko, otwieraj\u0105c dop\u0142yw nawozu, natomiast powr\u00f3t do pozycji wyj\u015bciowej nast\u0119puje dzi\u0119ki sile zewn\u0119trznej. <strong>Nasz si\u0142ownik jednostronny charakteryzuje si\u0119 g\u0142adk\u0105 i szczeln\u0105 obudow\u0105, co pozwala na \u0142atwe usuwanie py\u0142u i resztek nawoz\u00f3w z powierzchni si\u0142ownika.<\/strong> Poziom jako\u015bci po\u0142\u0105cze\u0144 jest zgodny z wymogami ISO 5817. Ten si\u0142ownik hydrauliczny sk\u0142ada si\u0119 z wysokiej jako\u015bci rury, t\u0142oczyska, d\u0142awicy oraz wzmocnionych uszczelnie\u0144.<\/p>\n<p style=\"text-align: justify\">Solidna budowa sprawia, \u017ce ten si\u0142ownik do rozsiewacza nawozu generuje du\u017c\u0105 si\u0142\u0119 nacisku przy zachowaniu niewielkiej wagi. Przek\u0142ada si\u0119 to na mniejsze obci\u0105\u017cenie uchwyt\u00f3w monta\u017cowych maszyny. Przed monta\u017cem warto upewni\u0107 si\u0119, \u017ce otwory o \u015brednicy 10,5 mm odpowiadaj\u0105 sworzniom w Twoim rozsiewaczu, co zapewni stabilne po\u0142\u0105czenie bez zb\u0119dnych luz\u00f3w.<\/p>\n<p style=\"text-align: justify\"><strong>W EXPARTO znajdziesz wysokiej jako\u015bci cz\u0119\u015bci do maszyn rolniczych. Masz w\u0105tpliwo\u015bci czy ten si\u0142ownik b\u0119dzie pasowa\u0142 do Twojego urz\u0105dzenia? Skontaktuj si\u0119 z naszym ekspertem.<\/strong><\/p>\n<p style=\"text-align: justify\"><strong>Zastosowanie:<\/strong><\/p>\n<ul>\n<li>rozsiewacze nawoz\u00f3w typu Unia Brzeg, Amazone, Strumyk i pochodne.<\/li>\n<\/ul>\n<p style=\"text-align: justify\"><strong>Numer katalogowy:<\/strong><\/p>\n<ul>\n<li>2039060100<\/li>\n<li>2039\/06-010\/0\u00a0<\/li>\n<li>1x86x20<\/li>\n<li>1,20\/20\/86\u00a0<\/li>\n<li>zamennik SMN.1.20*86<\/li>\n<\/ul>\n","protected":false},"excerpt":{"rendered":"<p>Si\u0142ownik hydrauliczny jednostronnego dzia\u0142ania 25\/20 skok 86 z gwintem zewn\u0119trznym M18x1,5. Pasuje do rozsiewaczy takich jak Brzeg, Amazone czy Strumyk.<\/p>\n","protected":false},"featured_media":64786,"comment_status":"open","ping_status":"closed","template":"","meta":{"_acf_changed":false,"inline_featured_image":false},"product_brand":[920],"product_cat":[42,88,105],"product_tag":[],"class_list":{"0":"post-64801","1":"product","2":"type-product","3":"status-publish","4":"has-post-thumbnail","6":"product_brand-exparto","7":"product_cat-hydraulika-silowa","8":"product_cat-silowniki-hydrauliczne","9":"product_cat-jednostronnego-dzialania","11":"first","12":"instock","13":"taxable","14":"shipping-taxable","15":"purchasable","16":"product-type-simple"},"acf":[],"yoast_head":"<!-- This site is optimized with the Yoast SEO plugin v27.4 - https:\/\/yoast.com\/product\/yoast-seo-wordpress\/ -->\n<title>Si\u0142ownik hydrauliczny jednostronnego dzia\u0142ania 1,20\/86 M18x1,5 do rozsiewacza nawozu 2039060100 - Exparto.pl<\/title>\n<meta name=\"robots\" content=\"index, follow, max-snippet:-1, max-image-preview:large, max-video-preview:-1\" \/>\n<link rel=\"canonical\" href=\"https:\/\/exparto.pl\/en\/produkt\/silownik-hydrauliczny-jednostronnego-dzialania-120-86-m18x15-do-rozsiewacza-nawozu-2039060100\/\" \/>\n<meta property=\"og:locale\" content=\"en_US\" \/>\n<meta property=\"og:type\" content=\"article\" \/>\n<meta property=\"og:title\" content=\"Si\u0142ownik hydrauliczny jednostronnego dzia\u0142ania 1,20\/86 M18x1,5 do rozsiewacza nawozu 2039060100 - Exparto.pl\" \/>\n<meta property=\"og:description\" content=\"Si\u0142ownik hydrauliczny jednostronnego dzia\u0142ania 25\/20 skok 86 z gwintem zewn\u0119trznym M18x1,5. Pasuje do rozsiewaczy takich jak Brzeg, Amazone czy Strumyk.\" \/>\n<meta property=\"og:url\" content=\"https:\/\/exparto.pl\/en\/produkt\/silownik-hydrauliczny-jednostronnego-dzialania-120-86-m18x15-do-rozsiewacza-nawozu-2039060100\/\" \/>\n<meta property=\"og:site_name\" content=\"Exparto.pl\" \/>\n<meta property=\"article:publisher\" content=\"https:\/\/www.facebook.com\/exparto.agro\/\" \/>\n<meta property=\"article:modified_time\" content=\"2026-04-23T09:03:04+00:00\" \/>\n<meta name=\"twitter:card\" content=\"summary_large_image\" \/>\n<meta name=\"twitter:label1\" content=\"Est. reading time\" \/>\n\t<meta name=\"twitter:data1\" content=\"1 minute\" \/>\n<script type=\"application\/ld+json\" class=\"yoast-schema-graph\">{\"@context\":\"https:\\\/\\\/schema.org\",\"@graph\":[{\"@type\":\"WebPage\",\"@id\":\"https:\\\/\\\/exparto.pl\\\/en\\\/produkt\\\/silownik-hydrauliczny-jednostronnego-dzialania-120-86-m18x15-do-rozsiewacza-nawozu-2039060100\\\/\",\"url\":\"https:\\\/\\\/exparto.pl\\\/en\\\/produkt\\\/silownik-hydrauliczny-jednostronnego-dzialania-120-86-m18x15-do-rozsiewacza-nawozu-2039060100\\\/\",\"name\":\"Si\u0142ownik hydrauliczny jednostronnego dzia\u0142ania 1,20\\\/86 M18x1,5 do rozsiewacza nawozu 2039060100 - Exparto.pl\",\"isPartOf\":{\"@id\":\"https:\\\/\\\/exparto.pl\\\/en\\\/#website\"},\"primaryImageOfPage\":{\"@id\":\"https:\\\/\\\/exparto.pl\\\/en\\\/produkt\\\/silownik-hydrauliczny-jednostronnego-dzialania-120-86-m18x15-do-rozsiewacza-nawozu-2039060100\\\/#primaryimage\"},\"image\":{\"@id\":\"https:\\\/\\\/exparto.pl\\\/en\\\/produkt\\\/silownik-hydrauliczny-jednostronnego-dzialania-120-86-m18x15-do-rozsiewacza-nawozu-2039060100\\\/#primaryimage\"},\"thumbnailUrl\":\"https:\\\/\\\/exparto.pl\\\/wp-content\\\/uploads\\\/2026\\\/04\\\/fb695c14f44c38e9ed64a8dbe6fb75b6.jpg\",\"datePublished\":\"2026-04-23T08:58:07+00:00\",\"dateModified\":\"2026-04-23T09:03:04+00:00\",\"breadcrumb\":{\"@id\":\"https:\\\/\\\/exparto.pl\\\/en\\\/produkt\\\/silownik-hydrauliczny-jednostronnego-dzialania-120-86-m18x15-do-rozsiewacza-nawozu-2039060100\\\/#breadcrumb\"},\"inLanguage\":\"en-US\",\"potentialAction\":[{\"@type\":\"ReadAction\",\"target\":[\"https:\\\/\\\/exparto.pl\\\/en\\\/produkt\\\/silownik-hydrauliczny-jednostronnego-dzialania-120-86-m18x15-do-rozsiewacza-nawozu-2039060100\\\/\"]}]},{\"@type\":\"ImageObject\",\"inLanguage\":\"en-US\",\"@id\":\"https:\\\/\\\/exparto.pl\\\/en\\\/produkt\\\/silownik-hydrauliczny-jednostronnego-dzialania-120-86-m18x15-do-rozsiewacza-nawozu-2039060100\\\/#primaryimage\",\"url\":\"https:\\\/\\\/exparto.pl\\\/wp-content\\\/uploads\\\/2026\\\/04\\\/fb695c14f44c38e9ed64a8dbe6fb75b6.jpg\",\"contentUrl\":\"https:\\\/\\\/exparto.pl\\\/wp-content\\\/uploads\\\/2026\\\/04\\\/fb695c14f44c38e9ed64a8dbe6fb75b6.jpg\",\"width\":1200,\"height\":1200,\"caption\":\"e222d38bec2c81a057d6363395972b48\"},{\"@type\":\"BreadcrumbList\",\"@id\":\"https:\\\/\\\/exparto.pl\\\/en\\\/produkt\\\/silownik-hydrauliczny-jednostronnego-dzialania-120-86-m18x15-do-rozsiewacza-nawozu-2039060100\\\/#breadcrumb\",\"itemListElement\":[{\"@type\":\"ListItem\",\"position\":1,\"name\":\"Homepage\",\"item\":\"https:\\\/\\\/exparto.pl\\\/en\\\/homepage\\\/\"},{\"@type\":\"ListItem\",\"position\":2,\"name\":\"Sklep\",\"item\":\"https:\\\/\\\/exparto.pl\\\/sklep\\\/\"},{\"@type\":\"ListItem\",\"position\":3,\"name\":\"Si\u0142ownik hydrauliczny jednostronnego dzia\u0142ania 1,20\\\/86 M18x1,5 do rozsiewacza nawozu 2039060100\"}]},{\"@type\":\"WebSite\",\"@id\":\"https:\\\/\\\/exparto.pl\\\/en\\\/#website\",\"url\":\"https:\\\/\\\/exparto.pl\\\/en\\\/\",\"name\":\"EXPARTO\",\"description\":\"More than agro parts\",\"publisher\":{\"@id\":\"https:\\\/\\\/exparto.pl\\\/en\\\/#organization\"},\"potentialAction\":[{\"@type\":\"SearchAction\",\"target\":{\"@type\":\"EntryPoint\",\"urlTemplate\":\"https:\\\/\\\/exparto.pl\\\/en\\\/?s={search_term_string}\"},\"query-input\":{\"@type\":\"PropertyValueSpecification\",\"valueRequired\":true,\"valueName\":\"search_term_string\"}}],\"inLanguage\":\"en-US\"},{\"@type\":\"Organization\",\"@id\":\"https:\\\/\\\/exparto.pl\\\/en\\\/#organization\",\"name\":\"EXPARTO\",\"url\":\"https:\\\/\\\/exparto.pl\\\/en\\\/\",\"logo\":{\"@type\":\"ImageObject\",\"inLanguage\":\"en-US\",\"@id\":\"https:\\\/\\\/exparto.pl\\\/en\\\/#\\\/schema\\\/logo\\\/image\\\/\",\"url\":\"https:\\\/\\\/exparto.pl\\\/wp-content\\\/uploads\\\/2023\\\/02\\\/logo-wektor.png\",\"contentUrl\":\"https:\\\/\\\/exparto.pl\\\/wp-content\\\/uploads\\\/2023\\\/02\\\/logo-wektor.png\",\"width\":1338,\"height\":143,\"caption\":\"EXPARTO\"},\"image\":{\"@id\":\"https:\\\/\\\/exparto.pl\\\/en\\\/#\\\/schema\\\/logo\\\/image\\\/\"},\"sameAs\":[\"https:\\\/\\\/www.facebook.com\\\/exparto.agro\\\/\"]}]}<\/script>\n<!-- \/ Yoast SEO plugin. -->","yoast_head_json":{"title":"Si\u0142ownik hydrauliczny jednostronnego dzia\u0142ania 1,20\/86 M18x1,5 do rozsiewacza nawozu 2039060100 - Exparto.pl","robots":{"index":"index","follow":"follow","max-snippet":"max-snippet:-1","max-image-preview":"max-image-preview:large","max-video-preview":"max-video-preview:-1"},"canonical":"https:\/\/exparto.pl\/en\/produkt\/silownik-hydrauliczny-jednostronnego-dzialania-120-86-m18x15-do-rozsiewacza-nawozu-2039060100\/","og_locale":"en_US","og_type":"article","og_title":"Si\u0142ownik hydrauliczny jednostronnego dzia\u0142ania 1,20\/86 M18x1,5 do rozsiewacza nawozu 2039060100 - Exparto.pl","og_description":"Si\u0142ownik hydrauliczny jednostronnego dzia\u0142ania 25\/20 skok 86 z gwintem zewn\u0119trznym M18x1,5. Pasuje do rozsiewaczy takich jak Brzeg, Amazone czy Strumyk.","og_url":"https:\/\/exparto.pl\/en\/produkt\/silownik-hydrauliczny-jednostronnego-dzialania-120-86-m18x15-do-rozsiewacza-nawozu-2039060100\/","og_site_name":"Exparto.pl","article_publisher":"https:\/\/www.facebook.com\/exparto.agro\/","article_modified_time":"2026-04-23T09:03:04+00:00","twitter_card":"summary_large_image","twitter_misc":{"Est. reading time":"1 minute"},"schema":{"@context":"https:\/\/schema.org","@graph":[{"@type":"WebPage","@id":"https:\/\/exparto.pl\/en\/produkt\/silownik-hydrauliczny-jednostronnego-dzialania-120-86-m18x15-do-rozsiewacza-nawozu-2039060100\/","url":"https:\/\/exparto.pl\/en\/produkt\/silownik-hydrauliczny-jednostronnego-dzialania-120-86-m18x15-do-rozsiewacza-nawozu-2039060100\/","name":"Si\u0142ownik hydrauliczny jednostronnego dzia\u0142ania 1,20\/86 M18x1,5 do rozsiewacza nawozu 2039060100 - Exparto.pl","isPartOf":{"@id":"https:\/\/exparto.pl\/en\/#website"},"primaryImageOfPage":{"@id":"https:\/\/exparto.pl\/en\/produkt\/silownik-hydrauliczny-jednostronnego-dzialania-120-86-m18x15-do-rozsiewacza-nawozu-2039060100\/#primaryimage"},"image":{"@id":"https:\/\/exparto.pl\/en\/produkt\/silownik-hydrauliczny-jednostronnego-dzialania-120-86-m18x15-do-rozsiewacza-nawozu-2039060100\/#primaryimage"},"thumbnailUrl":"https:\/\/exparto.pl\/wp-content\/uploads\/2026\/04\/fb695c14f44c38e9ed64a8dbe6fb75b6.jpg","datePublished":"2026-04-23T08:58:07+00:00","dateModified":"2026-04-23T09:03:04+00:00","breadcrumb":{"@id":"https:\/\/exparto.pl\/en\/produkt\/silownik-hydrauliczny-jednostronnego-dzialania-120-86-m18x15-do-rozsiewacza-nawozu-2039060100\/#breadcrumb"},"inLanguage":"en-US","potentialAction":[{"@type":"ReadAction","target":["https:\/\/exparto.pl\/en\/produkt\/silownik-hydrauliczny-jednostronnego-dzialania-120-86-m18x15-do-rozsiewacza-nawozu-2039060100\/"]}]},{"@type":"ImageObject","inLanguage":"en-US","@id":"https:\/\/exparto.pl\/en\/produkt\/silownik-hydrauliczny-jednostronnego-dzialania-120-86-m18x15-do-rozsiewacza-nawozu-2039060100\/#primaryimage","url":"https:\/\/exparto.pl\/wp-content\/uploads\/2026\/04\/fb695c14f44c38e9ed64a8dbe6fb75b6.jpg","contentUrl":"https:\/\/exparto.pl\/wp-content\/uploads\/2026\/04\/fb695c14f44c38e9ed64a8dbe6fb75b6.jpg","width":1200,"height":1200,"caption":"e222d38bec2c81a057d6363395972b48"},{"@type":"BreadcrumbList","@id":"https:\/\/exparto.pl\/en\/produkt\/silownik-hydrauliczny-jednostronnego-dzialania-120-86-m18x15-do-rozsiewacza-nawozu-2039060100\/#breadcrumb","itemListElement":[{"@type":"ListItem","position":1,"name":"Homepage","item":"https:\/\/exparto.pl\/en\/homepage\/"},{"@type":"ListItem","position":2,"name":"Sklep","item":"https:\/\/exparto.pl\/sklep\/"},{"@type":"ListItem","position":3,"name":"Si\u0142ownik hydrauliczny jednostronnego dzia\u0142ania 1,20\/86 M18x1,5 do rozsiewacza nawozu 2039060100"}]},{"@type":"WebSite","@id":"https:\/\/exparto.pl\/en\/#website","url":"https:\/\/exparto.pl\/en\/","name":"EXPARTO","description":"More than agro parts","publisher":{"@id":"https:\/\/exparto.pl\/en\/#organization"},"potentialAction":[{"@type":"SearchAction","target":{"@type":"EntryPoint","urlTemplate":"https:\/\/exparto.pl\/en\/?s={search_term_string}"},"query-input":{"@type":"PropertyValueSpecification","valueRequired":true,"valueName":"search_term_string"}}],"inLanguage":"en-US"},{"@type":"Organization","@id":"https:\/\/exparto.pl\/en\/#organization","name":"EXPARTO","url":"https:\/\/exparto.pl\/en\/","logo":{"@type":"ImageObject","inLanguage":"en-US","@id":"https:\/\/exparto.pl\/en\/#\/schema\/logo\/image\/","url":"https:\/\/exparto.pl\/wp-content\/uploads\/2023\/02\/logo-wektor.png","contentUrl":"https:\/\/exparto.pl\/wp-content\/uploads\/2023\/02\/logo-wektor.png","width":1338,"height":143,"caption":"EXPARTO"},"image":{"@id":"https:\/\/exparto.pl\/en\/#\/schema\/logo\/image\/"},"sameAs":["https:\/\/www.facebook.com\/exparto.agro\/"]}]}},"_links":{"self":[{"href":"https:\/\/exparto.pl\/en\/wp-json\/wp\/v2\/product\/64801","targetHints":{"allow":["GET"]}}],"collection":[{"href":"https:\/\/exparto.pl\/en\/wp-json\/wp\/v2\/product"}],"about":[{"href":"https:\/\/exparto.pl\/en\/wp-json\/wp\/v2\/types\/product"}],"replies":[{"embeddable":true,"href":"https:\/\/exparto.pl\/en\/wp-json\/wp\/v2\/comments?post=64801"}],"wp:featuredmedia":[{"embeddable":true,"href":"https:\/\/exparto.pl\/en\/wp-json\/wp\/v2\/media\/64786"}],"wp:attachment":[{"href":"https:\/\/exparto.pl\/en\/wp-json\/wp\/v2\/media?parent=64801"}],"wp:term":[{"taxonomy":"product_brand","embeddable":true,"href":"https:\/\/exparto.pl\/en\/wp-json\/wp\/v2\/product_brand?post=64801"},{"taxonomy":"product_cat","embeddable":true,"href":"https:\/\/exparto.pl\/en\/wp-json\/wp\/v2\/product_cat?post=64801"},{"taxonomy":"product_tag","embeddable":true,"href":"https:\/\/exparto.pl\/en\/wp-json\/wp\/v2\/product_tag?post=64801"}],"curies":[{"name":"wp","href":"https:\/\/api.w.org\/{rel}","templated":true}]}}