{"id":66174,"date":"2026-05-08T10:40:06","date_gmt":"2026-05-08T08:40:06","guid":{"rendered":"https:\/\/exparto.pl\/produkt\/walek-glowicy-z-frezem-do-kosiarki-rotacyjnej-474-mm-5036020600\/"},"modified":"2026-05-08T10:54:12","modified_gmt":"2026-05-08T08:54:12","slug":"walek-glowicy-z-frezem-do-kosiarki-rotacyjnej-474-mm-5036020600","status":"publish","type":"product","link":"https:\/\/exparto.pl\/en\/produkt\/walek-glowicy-z-frezem-do-kosiarki-rotacyjnej-474-mm-5036020600\/","title":{"rendered":"Wa\u0142ek g\u0142owicy z frezem do kosiarki rotacyjnej 1,65m 1,35m 1,85m 5036020600"},"content":{"rendered":"<p>Wa\u0142ek g\u0142owicy kosiarki rotacyjnej stanowi punkt wej\u015bcia nap\u0119du z ci\u0105gnika na pozosta\u0142e cz\u0119\u015bci maszyny. <strong>W EXPARTO posiadamy wa\u0142ek g\u0142\u00f3wny g\u0142owicy wykonany z wysokiej jako\u015bci materia\u0142u, co pozwala na stabiln\u0105 prac\u0119.<\/strong> Zach\u0119camy do zapoznania si\u0119 z ofert\u0105 na ten wa\u0142ek oraz inne cz\u0119\u015bci do kosiarki.<\/p>\n<h2><span style=\"font-weight: 400\">Wa\u0142ek kosiarki rotacyjnej \u2013 wa\u0142ek g\u0142\u00f3wny g\u0142owicy, kosiarka rotacyjna 1,65 1,35 1,85<\/span><\/h2>\n<p>Kiedy nale\u017cy wymieni\u0107 wa\u0142ek g\u0142owicy do kosiarki rotacyjnej? Wymiana wa\u0142ka jest konieczna, gdy kosiarka generuje g\u0142o\u015bny ha\u0142as w okolicach g\u0142owicy lub widoczne jest bicie na du\u017cym kole pasowym. Zastosowanie wa\u0142ka o uniwersalnej konstrukcji z dok\u0142adnie doci\u0119tym frezem, pozwala na sztywne po\u0142\u0105czenie z wa\u0142em WOM i ca\u0142kowite wyeliminowanie luz\u00f3w na z\u0142\u0105czu. <strong>Dodatkowo nasz wa\u0142ek do kosiarki rotacyjnej ma specjalne wyci\u0119cie na klin, kt\u00f3ry mocno trzyma ko\u0142o pasowe i nie pozwala mu si\u0119 \u015blizga\u0107 podczas koszenia.<\/strong> Dzi\u0119ki temu wa\u0142ek g\u0142owicy kr\u0119ci b\u0119bnami z tak\u0105 sam\u0105 si\u0142\u0105 nawet w g\u0119stej i wysokiej trawie.<\/p>\n<p>Przy wymianie warto od razu zweryfikowa\u0107 stan \u0142o\u017cysk i pier\u015bcieni Segera, kt\u00f3re go trzymaj\u0105, poniewa\u017c ich awaria jest najcz\u0119stsz\u0105 przyczyn\u0105 uszkodzenia samego wa\u0142ka. <strong>W EXPARTO znajdziesz nie tylko cz\u0119\u015bci do kosiarki rotacyjnej, ale wszystko, czego potrzebujesz do d\u0142ugiej i sprawnej pracy Twoich maszyn.<\/strong> Zapraszamy do przejrzenia pe\u0142nego asortymentu cz\u0119\u015bci rolniczych na naszej stronie!<\/p>\n<p style=\"text-align: justify\"><strong>Zastosowanie:<\/strong><\/p>\n<ul>\n<li>kosiarki rotacyjne 1,65m, 1,35m, 1,85m<\/li>\n<li>pasuje do wi\u0119kszo\u015bci kosiarek rotacyjnych typu Famarol, Wirax i inne<\/li>\n<\/ul>\n<p style=\"text-align: justify\"><strong>Numer katalogowy:<\/strong><\/p>\n<ul>\n<li>5036020600<\/li>\n<li>5036\/02-060\/0<\/li>\n<\/ul>\n","protected":false},"excerpt":{"rendered":"<p>Wa\u0142ek g\u0142owicy do kosiarki rotacyjnej ma specjalne wyci\u0119cie na klin, kt\u00f3ry mocno trzyma ko\u0142o pasowe i nie pozwala mu si\u0119 \u015blizga\u0107 podczas koszenia.<\/p>\n","protected":false},"featured_media":66154,"comment_status":"open","ping_status":"closed","template":"","meta":{"_acf_changed":false,"inline_featured_image":false},"product_brand":[920],"product_cat":[49,964,966],"product_tag":[],"class_list":{"0":"post-66174","1":"product","2":"type-product","3":"status-publish","4":"has-post-thumbnail","6":"product_brand-exparto","7":"product_cat-czesci-do-kosiarki-rotacyjnej","8":"product_cat-walki","9":"product_cat-walki-glowicy","11":"first","12":"instock","13":"taxable","14":"shipping-taxable","15":"purchasable","16":"product-type-simple"},"acf":[],"yoast_head":"<!-- This site is optimized with the Yoast SEO plugin v27.5 - https:\/\/yoast.com\/product\/yoast-seo-wordpress\/ -->\n<title>Wa\u0142ek g\u0142owicy z frezem do kosiarki rotacyjnej 1,65m 1,35m 1,85m 5036020600 - Exparto.pl<\/title>\n<meta name=\"robots\" content=\"index, follow, max-snippet:-1, max-image-preview:large, max-video-preview:-1\" \/>\n<link rel=\"canonical\" href=\"https:\/\/exparto.pl\/en\/produkt\/walek-glowicy-z-frezem-do-kosiarki-rotacyjnej-474-mm-5036020600\/\" \/>\n<meta property=\"og:locale\" content=\"en_US\" \/>\n<meta property=\"og:type\" content=\"article\" \/>\n<meta property=\"og:title\" content=\"Wa\u0142ek g\u0142owicy z frezem do kosiarki rotacyjnej 1,65m 1,35m 1,85m 5036020600 - Exparto.pl\" \/>\n<meta property=\"og:description\" content=\"Wa\u0142ek g\u0142owicy do kosiarki rotacyjnej ma specjalne wyci\u0119cie na klin, kt\u00f3ry mocno trzyma ko\u0142o pasowe i nie pozwala mu si\u0119 \u015blizga\u0107 podczas koszenia.\" \/>\n<meta property=\"og:url\" content=\"https:\/\/exparto.pl\/en\/produkt\/walek-glowicy-z-frezem-do-kosiarki-rotacyjnej-474-mm-5036020600\/\" \/>\n<meta property=\"og:site_name\" content=\"Exparto.pl\" \/>\n<meta property=\"article:publisher\" content=\"https:\/\/www.facebook.com\/exparto.agro\/\" \/>\n<meta property=\"article:modified_time\" content=\"2026-05-08T08:54:12+00:00\" \/>\n<meta property=\"og:image\" content=\"https:\/\/exparto.pl\/wp-content\/uploads\/2026\/05\/d1f3308ea55c354627a68ddd83bf0e39.jpg\" \/>\n\t<meta property=\"og:image:width\" content=\"1200\" \/>\n\t<meta property=\"og:image:height\" content=\"1200\" \/>\n\t<meta property=\"og:image:type\" content=\"image\/jpeg\" \/>\n<meta name=\"twitter:card\" content=\"summary_large_image\" \/>\n<meta name=\"twitter:label1\" content=\"Est. reading time\" \/>\n\t<meta name=\"twitter:data1\" content=\"2 minutes\" \/>\n<script type=\"application\/ld+json\" class=\"yoast-schema-graph\">{\"@context\":\"https:\\\/\\\/schema.org\",\"@graph\":[{\"@type\":\"WebPage\",\"@id\":\"https:\\\/\\\/exparto.pl\\\/en\\\/produkt\\\/walek-glowicy-z-frezem-do-kosiarki-rotacyjnej-474-mm-5036020600\\\/\",\"url\":\"https:\\\/\\\/exparto.pl\\\/en\\\/produkt\\\/walek-glowicy-z-frezem-do-kosiarki-rotacyjnej-474-mm-5036020600\\\/\",\"name\":\"Wa\u0142ek g\u0142owicy z frezem do kosiarki rotacyjnej 1,65m 1,35m 1,85m 5036020600 - Exparto.pl\",\"isPartOf\":{\"@id\":\"https:\\\/\\\/exparto.pl\\\/en\\\/#website\"},\"primaryImageOfPage\":{\"@id\":\"https:\\\/\\\/exparto.pl\\\/en\\\/produkt\\\/walek-glowicy-z-frezem-do-kosiarki-rotacyjnej-474-mm-5036020600\\\/#primaryimage\"},\"image\":{\"@id\":\"https:\\\/\\\/exparto.pl\\\/en\\\/produkt\\\/walek-glowicy-z-frezem-do-kosiarki-rotacyjnej-474-mm-5036020600\\\/#primaryimage\"},\"thumbnailUrl\":\"https:\\\/\\\/exparto.pl\\\/wp-content\\\/uploads\\\/2026\\\/05\\\/d1f3308ea55c354627a68ddd83bf0e39.jpg\",\"datePublished\":\"2026-05-08T08:40:06+00:00\",\"dateModified\":\"2026-05-08T08:54:12+00:00\",\"breadcrumb\":{\"@id\":\"https:\\\/\\\/exparto.pl\\\/en\\\/produkt\\\/walek-glowicy-z-frezem-do-kosiarki-rotacyjnej-474-mm-5036020600\\\/#breadcrumb\"},\"inLanguage\":\"en-US\",\"potentialAction\":[{\"@type\":\"ReadAction\",\"target\":[\"https:\\\/\\\/exparto.pl\\\/en\\\/produkt\\\/walek-glowicy-z-frezem-do-kosiarki-rotacyjnej-474-mm-5036020600\\\/\"]}]},{\"@type\":\"ImageObject\",\"inLanguage\":\"en-US\",\"@id\":\"https:\\\/\\\/exparto.pl\\\/en\\\/produkt\\\/walek-glowicy-z-frezem-do-kosiarki-rotacyjnej-474-mm-5036020600\\\/#primaryimage\",\"url\":\"https:\\\/\\\/exparto.pl\\\/wp-content\\\/uploads\\\/2026\\\/05\\\/d1f3308ea55c354627a68ddd83bf0e39.jpg\",\"contentUrl\":\"https:\\\/\\\/exparto.pl\\\/wp-content\\\/uploads\\\/2026\\\/05\\\/d1f3308ea55c354627a68ddd83bf0e39.jpg\",\"width\":1200,\"height\":1200,\"caption\":\"35775ceb12df794830414c23b8877121\"},{\"@type\":\"BreadcrumbList\",\"@id\":\"https:\\\/\\\/exparto.pl\\\/en\\\/produkt\\\/walek-glowicy-z-frezem-do-kosiarki-rotacyjnej-474-mm-5036020600\\\/#breadcrumb\",\"itemListElement\":[{\"@type\":\"ListItem\",\"position\":1,\"name\":\"Homepage\",\"item\":\"https:\\\/\\\/exparto.pl\\\/en\\\/homepage\\\/\"},{\"@type\":\"ListItem\",\"position\":2,\"name\":\"Sklep\",\"item\":\"https:\\\/\\\/exparto.pl\\\/sklep\\\/\"},{\"@type\":\"ListItem\",\"position\":3,\"name\":\"Lawnmower parts\",\"item\":\"https:\\\/\\\/exparto.pl\\\/en\\\/product-category\\\/lawnmower-parts\\\/\"},{\"@type\":\"ListItem\",\"position\":4,\"name\":\"Wa\u0142ki\",\"item\":\"https:\\\/\\\/exparto.pl\\\/kategoria-produktu\\\/czesci-do-kosiarki-rotacyjnej\\\/walki\\\/\"},{\"@type\":\"ListItem\",\"position\":5,\"name\":\"Wa\u0142ki g\u0142owicy\",\"item\":\"https:\\\/\\\/exparto.pl\\\/kategoria-produktu\\\/czesci-do-kosiarki-rotacyjnej\\\/walki\\\/walki-glowicy\\\/\"},{\"@type\":\"ListItem\",\"position\":6,\"name\":\"Wa\u0142ek g\u0142owicy z frezem do kosiarki rotacyjnej 1,65m 1,35m 1,85m 5036020600\"}]},{\"@type\":\"WebSite\",\"@id\":\"https:\\\/\\\/exparto.pl\\\/en\\\/#website\",\"url\":\"https:\\\/\\\/exparto.pl\\\/en\\\/\",\"name\":\"EXPARTO\",\"description\":\"More than agro parts\",\"publisher\":{\"@id\":\"https:\\\/\\\/exparto.pl\\\/en\\\/#organization\"},\"potentialAction\":[{\"@type\":\"SearchAction\",\"target\":{\"@type\":\"EntryPoint\",\"urlTemplate\":\"https:\\\/\\\/exparto.pl\\\/en\\\/?s={search_term_string}\"},\"query-input\":{\"@type\":\"PropertyValueSpecification\",\"valueRequired\":true,\"valueName\":\"search_term_string\"}}],\"inLanguage\":\"en-US\"},{\"@type\":\"Organization\",\"@id\":\"https:\\\/\\\/exparto.pl\\\/en\\\/#organization\",\"name\":\"EXPARTO\",\"url\":\"https:\\\/\\\/exparto.pl\\\/en\\\/\",\"logo\":{\"@type\":\"ImageObject\",\"inLanguage\":\"en-US\",\"@id\":\"https:\\\/\\\/exparto.pl\\\/en\\\/#\\\/schema\\\/logo\\\/image\\\/\",\"url\":\"https:\\\/\\\/exparto.pl\\\/wp-content\\\/uploads\\\/2023\\\/02\\\/logo-wektor.png\",\"contentUrl\":\"https:\\\/\\\/exparto.pl\\\/wp-content\\\/uploads\\\/2023\\\/02\\\/logo-wektor.png\",\"width\":1338,\"height\":143,\"caption\":\"EXPARTO\"},\"image\":{\"@id\":\"https:\\\/\\\/exparto.pl\\\/en\\\/#\\\/schema\\\/logo\\\/image\\\/\"},\"sameAs\":[\"https:\\\/\\\/www.facebook.com\\\/exparto.agro\\\/\"]}]}<\/script>\n<!-- \/ Yoast SEO plugin. -->","yoast_head_json":{"title":"Wa\u0142ek g\u0142owicy z frezem do kosiarki rotacyjnej 1,65m 1,35m 1,85m 5036020600 - Exparto.pl","robots":{"index":"index","follow":"follow","max-snippet":"max-snippet:-1","max-image-preview":"max-image-preview:large","max-video-preview":"max-video-preview:-1"},"canonical":"https:\/\/exparto.pl\/en\/produkt\/walek-glowicy-z-frezem-do-kosiarki-rotacyjnej-474-mm-5036020600\/","og_locale":"en_US","og_type":"article","og_title":"Wa\u0142ek g\u0142owicy z frezem do kosiarki rotacyjnej 1,65m 1,35m 1,85m 5036020600 - Exparto.pl","og_description":"Wa\u0142ek g\u0142owicy do kosiarki rotacyjnej ma specjalne wyci\u0119cie na klin, kt\u00f3ry mocno trzyma ko\u0142o pasowe i nie pozwala mu si\u0119 \u015blizga\u0107 podczas koszenia.","og_url":"https:\/\/exparto.pl\/en\/produkt\/walek-glowicy-z-frezem-do-kosiarki-rotacyjnej-474-mm-5036020600\/","og_site_name":"Exparto.pl","article_publisher":"https:\/\/www.facebook.com\/exparto.agro\/","article_modified_time":"2026-05-08T08:54:12+00:00","og_image":[{"width":1200,"height":1200,"url":"https:\/\/exparto.pl\/wp-content\/uploads\/2026\/05\/d1f3308ea55c354627a68ddd83bf0e39.jpg","type":"image\/jpeg"}],"twitter_card":"summary_large_image","twitter_misc":{"Est. reading time":"2 minutes"},"schema":{"@context":"https:\/\/schema.org","@graph":[{"@type":"WebPage","@id":"https:\/\/exparto.pl\/en\/produkt\/walek-glowicy-z-frezem-do-kosiarki-rotacyjnej-474-mm-5036020600\/","url":"https:\/\/exparto.pl\/en\/produkt\/walek-glowicy-z-frezem-do-kosiarki-rotacyjnej-474-mm-5036020600\/","name":"Wa\u0142ek g\u0142owicy z frezem do kosiarki rotacyjnej 1,65m 1,35m 1,85m 5036020600 - Exparto.pl","isPartOf":{"@id":"https:\/\/exparto.pl\/en\/#website"},"primaryImageOfPage":{"@id":"https:\/\/exparto.pl\/en\/produkt\/walek-glowicy-z-frezem-do-kosiarki-rotacyjnej-474-mm-5036020600\/#primaryimage"},"image":{"@id":"https:\/\/exparto.pl\/en\/produkt\/walek-glowicy-z-frezem-do-kosiarki-rotacyjnej-474-mm-5036020600\/#primaryimage"},"thumbnailUrl":"https:\/\/exparto.pl\/wp-content\/uploads\/2026\/05\/d1f3308ea55c354627a68ddd83bf0e39.jpg","datePublished":"2026-05-08T08:40:06+00:00","dateModified":"2026-05-08T08:54:12+00:00","breadcrumb":{"@id":"https:\/\/exparto.pl\/en\/produkt\/walek-glowicy-z-frezem-do-kosiarki-rotacyjnej-474-mm-5036020600\/#breadcrumb"},"inLanguage":"en-US","potentialAction":[{"@type":"ReadAction","target":["https:\/\/exparto.pl\/en\/produkt\/walek-glowicy-z-frezem-do-kosiarki-rotacyjnej-474-mm-5036020600\/"]}]},{"@type":"ImageObject","inLanguage":"en-US","@id":"https:\/\/exparto.pl\/en\/produkt\/walek-glowicy-z-frezem-do-kosiarki-rotacyjnej-474-mm-5036020600\/#primaryimage","url":"https:\/\/exparto.pl\/wp-content\/uploads\/2026\/05\/d1f3308ea55c354627a68ddd83bf0e39.jpg","contentUrl":"https:\/\/exparto.pl\/wp-content\/uploads\/2026\/05\/d1f3308ea55c354627a68ddd83bf0e39.jpg","width":1200,"height":1200,"caption":"35775ceb12df794830414c23b8877121"},{"@type":"BreadcrumbList","@id":"https:\/\/exparto.pl\/en\/produkt\/walek-glowicy-z-frezem-do-kosiarki-rotacyjnej-474-mm-5036020600\/#breadcrumb","itemListElement":[{"@type":"ListItem","position":1,"name":"Homepage","item":"https:\/\/exparto.pl\/en\/homepage\/"},{"@type":"ListItem","position":2,"name":"Sklep","item":"https:\/\/exparto.pl\/sklep\/"},{"@type":"ListItem","position":3,"name":"Lawnmower parts","item":"https:\/\/exparto.pl\/en\/product-category\/lawnmower-parts\/"},{"@type":"ListItem","position":4,"name":"Wa\u0142ki","item":"https:\/\/exparto.pl\/kategoria-produktu\/czesci-do-kosiarki-rotacyjnej\/walki\/"},{"@type":"ListItem","position":5,"name":"Wa\u0142ki g\u0142owicy","item":"https:\/\/exparto.pl\/kategoria-produktu\/czesci-do-kosiarki-rotacyjnej\/walki\/walki-glowicy\/"},{"@type":"ListItem","position":6,"name":"Wa\u0142ek g\u0142owicy z frezem do kosiarki rotacyjnej 1,65m 1,35m 1,85m 5036020600"}]},{"@type":"WebSite","@id":"https:\/\/exparto.pl\/en\/#website","url":"https:\/\/exparto.pl\/en\/","name":"EXPARTO","description":"More than agro parts","publisher":{"@id":"https:\/\/exparto.pl\/en\/#organization"},"potentialAction":[{"@type":"SearchAction","target":{"@type":"EntryPoint","urlTemplate":"https:\/\/exparto.pl\/en\/?s={search_term_string}"},"query-input":{"@type":"PropertyValueSpecification","valueRequired":true,"valueName":"search_term_string"}}],"inLanguage":"en-US"},{"@type":"Organization","@id":"https:\/\/exparto.pl\/en\/#organization","name":"EXPARTO","url":"https:\/\/exparto.pl\/en\/","logo":{"@type":"ImageObject","inLanguage":"en-US","@id":"https:\/\/exparto.pl\/en\/#\/schema\/logo\/image\/","url":"https:\/\/exparto.pl\/wp-content\/uploads\/2023\/02\/logo-wektor.png","contentUrl":"https:\/\/exparto.pl\/wp-content\/uploads\/2023\/02\/logo-wektor.png","width":1338,"height":143,"caption":"EXPARTO"},"image":{"@id":"https:\/\/exparto.pl\/en\/#\/schema\/logo\/image\/"},"sameAs":["https:\/\/www.facebook.com\/exparto.agro\/"]}]}},"_links":{"self":[{"href":"https:\/\/exparto.pl\/en\/wp-json\/wp\/v2\/product\/66174","targetHints":{"allow":["GET"]}}],"collection":[{"href":"https:\/\/exparto.pl\/en\/wp-json\/wp\/v2\/product"}],"about":[{"href":"https:\/\/exparto.pl\/en\/wp-json\/wp\/v2\/types\/product"}],"replies":[{"embeddable":true,"href":"https:\/\/exparto.pl\/en\/wp-json\/wp\/v2\/comments?post=66174"}],"wp:featuredmedia":[{"embeddable":true,"href":"https:\/\/exparto.pl\/en\/wp-json\/wp\/v2\/media\/66154"}],"wp:attachment":[{"href":"https:\/\/exparto.pl\/en\/wp-json\/wp\/v2\/media?parent=66174"}],"wp:term":[{"taxonomy":"product_brand","embeddable":true,"href":"https:\/\/exparto.pl\/en\/wp-json\/wp\/v2\/product_brand?post=66174"},{"taxonomy":"product_cat","embeddable":true,"href":"https:\/\/exparto.pl\/en\/wp-json\/wp\/v2\/product_cat?post=66174"},{"taxonomy":"product_tag","embeddable":true,"href":"https:\/\/exparto.pl\/en\/wp-json\/wp\/v2\/product_tag?post=66174"}],"curies":[{"name":"wp","href":"https:\/\/api.w.org\/{rel}","templated":true}]}}