{"id":8538,"date":"2022-11-25T13:06:25","date_gmt":"2022-11-25T12:06:25","guid":{"rendered":"https:\/\/exparto.pl\/visszateresek-es-reklamaciok\/"},"modified":"2023-11-09T17:09:47","modified_gmt":"2023-11-09T16:09:47","slug":"visszateresek-es-reklamaciok","status":"publish","type":"page","link":"https:\/\/exparto.pl\/hu\/visszateresek-es-reklamaciok\/","title":{"rendered":"Visszat\u00e9r\u00e9sek \u00e9s reklam\u00e1ci\u00f3k"},"content":{"rendered":"\n<h2 class=\"wp-block-heading\">Visszat\u00e9r\u00e9sek \u00e9s reklam\u00e1ci\u00f3k<\/h2>\n<h2 style=\"text-align: center;\"><strong>TERM\u00c9KPANASZ<\/strong><\/h2>\n<h5><span style=\"font-size: revert;\">1. t\u00e1j\u00e9koztassa az elad\u00f3t arr\u00f3l a sz\u00e1nd\u00e9k\u00e1r\u00f3l, hogy <\/span><strong style=\"font-size: revert;\">panasz<\/strong><span style=\"font-size: revert;\"> v\u00e1s\u00e1rolt \u00e1rut.<\/span><\/h5>\n<p>T\u00f6bbf\u00e9le m\u00f3don is kapcsolatba l\u00e9phet vel\u00fcnk:<\/p>\n<ul>\n<li>Telefonos el\u00e9rhet\u0151s\u00e9g (a telefonsz\u00e1mok ezen a weboldalon tal\u00e1lhat\u00f3k.<\/li>\n<li>A weboldalon tal\u00e1lhat\u00f3 kapcsolatfelv\u00e9teli \u0171rlap kit\u00f6lt\u00e9se \u00e9s elk\u00fcld\u00e9se: <a style=\"font-size: revert;\" href=\"https:\/\/exparto.pl\/hu\/kapcsolat\/\">https:\/\/exparto.pl\/kontakt\/<\/a><\/li>\n<li>E-mail: sklep@exparto.pl<\/li>\n<\/ul>\n<p style=\"text-align: justify;\"><span style=\"color: #000000;\"><strong>Munkat\u00e1rsaink<\/strong> seg\u00edtenek \u00d6nnek a probl\u00e9ma megold\u00e1s\u00e1ban, \u00e9s eligaz\u00edtj\u00e1k \u00d6nt a reklam\u00e1ci\u00f3 legjobb m\u00f3dj\u00e1t illet\u0151en (kiv\u00e9teles esetekben csak egy f\u00e9nyk\u00e9pet k\u00e9r\u00fcnk a term\u00e9kr\u0151l).<\/span><\/p>\n<h5>2. T\u00f6ltse le \u00e9s <strong>t\u00f6ltse ki<\/strong> az ig\u00e9nyl\u0151lapot<\/h5>\n<p>A panaszelj\u00e1r\u00e1s felgyors\u00edt\u00e1sa \u00e9rdek\u00e9ben t\u00f6ltse le \u00e9s t\u00f6ltse ki az al\u00e1bbi gombra kattintva el\u00e9rhet\u0151 \u0171rlapot:<\/p>\n<p><strong>(itt lesz egy let\u00f6lthet\u0151 panaszbejelent\u0151 nyomtatv\u00e1ny a kit\u00f6lt\u00e9shez)<\/strong><\/p>\n<p style=\"text-align: justify;\">Csatolja a kit\u00f6lt\u00f6tt \u00e1ruig\u00e9nyl\u0151lapot a csomaghoz, vagy k\u00fcldje el e-mail c\u00edm\u00fcnkre: <a href=\"mailto:sklep@exparto.pl\">sklep@exparto.pl<\/a>. Az \u00e1rut az Elad\u00f3 <strong>(EXPARTO<\/strong> ) fut\u00e1rszolg\u00e1lat seg\u00edts\u00e9g\u00e9vel veszi \u00e1t a megrendel\u0151t\u0151l, amelynek k\u00f6lts\u00e9geit az<strong> Elad\u00f3<\/strong> viseli.<\/p>\n<h5>(3) Az <strong>Exparto.PL<\/strong> az ig\u00e9nyelt term\u00e9k be\u00e9rkez\u00e9s\u00e9t\u0151l sz\u00e1m\u00edtott 14 napon bel\u00fcl t\u00e1j\u00e9koztatja a k\u00e9relmez\u0151t a v\u00e9gs\u0151 ellen\u0151rz\u00e9s eredm\u00e9ny\u00e9r\u0151l.<\/h5>\n<h5 style=\"text-align: justify;\">(4) Az elad\u00f3 a reklam\u00e1ci\u00f3s elj\u00e1r\u00e1s <strong>pozit\u00edv<\/strong> elb\u00edr\u00e1l\u00e1s\u00e1t k\u00f6vet\u0151en k\u00f6teles az \u00e1rut d\u00edjmentesen kijav\u00edtani vagy hib\u00e1tlan \u00faj \u00e1ruval kicser\u00e9lni, vagy a fizetend\u0151 \u00f6sszeget visszat\u00e9r\u00edteni <span style=\"color: #000000;\">,<\/span> ha a jav\u00edt\u00e1s vagy az \u00faj \u00e1ruval val\u00f3 csere <strong>nem<\/strong> lehets\u00e9ges.<\/h5>\n<h5>5 Abban az esetben, ha nem lehets\u00e9ges az \u00e1rut \u00faj \u00e1rura cser\u00e9lni, az elad\u00f3 k\u00f6teles kiadni:<\/h5>\n<ul>\n<li><span style=\"color: #000000;\">Ha a <strong>nyugt\u00e1t<\/strong> ki\u00e1ll\u00edtott\u00e1k, a <strong>nyugt\u00e1t vissza kell adni<\/strong>.<\/span><\/li>\n<li><span style=\"color: #000000;\">A <strong>sz\u00e1mla<\/strong> ki\u00e1ll\u00edt\u00e1sa ut\u00e1n <strong>korrekci\u00f3s sz\u00e1ml\u00e1t<\/strong> \u00e1ll\u00edtanak ki \u00e9s k\u00fcldenek e-mailben.<\/span><\/li>\n<\/ul>\n<p>Abban az esetben, ha az elad\u00f3 <strong>elfogadja a reklam\u00e1ci\u00f3t<\/strong>, a visszat\u00e9r\u00edt\u00e9s a jav\u00edt\u00f3 sz\u00e1mla k\u00e9zhezv\u00e9tel\u00e9t vagy a nyugta visszak\u00fcld\u00e9s\u00e9t k\u00f6vet\u0151en t\u00f6rt\u00e9nik.<\/p>\n<p>Az elad\u00f3 <strong>visszat\u00e9r\u00edti a fizet\u00e9st<\/strong> a <span style=\"color: #000000;\">vev\u0151<\/span> \u00e1ltal megadott banksz\u00e1mlasz\u00e1mra.<\/p>\n<h5 style=\"text-align: justify;\">(6) Az <strong>EXPARTO<\/strong> \u00e1ltal k\u00edn\u00e1lt term\u00e9kekre vonatkoz\u00f3 garancia csak a rejtett hib\u00e1kra vagy a term\u00e9k nem megfelel\u0151 elhaszn\u00e1l\u00f3d\u00e1s\u00e1t vagy haszn\u00e1lat\u00e1t \u00e9rint\u0151 egy\u00e9b gy\u00e1rt\u00e1si hib\u00e1kra vonatkozik. A reklam\u00e1ci\u00f3 nem fogadhat\u00f3 el, ha a term\u00e9k s\u00e9r\u00fcl\u00e9se mechanikai hiba, amelyet az \u00fcgyf\u00e9l helytelen haszn\u00e1lata okozott.<\/h5>\n<h5>(7) Ha az ig\u00e9nyt elutas\u00edtj\u00e1k, az \u00f6sszes sz\u00e1ll\u00edt\u00e1si k\u00f6lts\u00e9get <strong>a k\u00e9relmez\u0151 <\/strong>viseli.<\/h5>\n<\/p>\n<h2 style=\"text-align: center;\"><strong>TERM\u00c9K VISSZAV\u00c9TEL<\/strong><\/h2>\n<h5>1. t\u00e1j\u00e9koztassa az \u00fczlet szem\u00e9lyzet\u00e9t a megv\u00e1s\u00e1rolt \u00e1ru <strong>visszak\u00fcld\u00e9s\u00e9re<\/strong> vonatkoz\u00f3 sz\u00e1nd\u00e9k\u00e1r\u00f3l.<\/h5>\n<p style=\"text-align: justify;\"><span style=\"color: #000000;\">A visszak\u00fcld\u00e9s elismer\u00e9s\u00e9nek el\u0151felt\u00e9tele, hogy a <strong>csomag \u00e1tv\u00e9tel\u00e9t\u0151l sz\u00e1m\u00edtott 14 napon<\/strong> bel\u00fcl \u00e9rtes\u00edtse a webshop munkat\u00e1rsait.<\/span><\/p>\n<p style=\"text-align: justify;\">T\u00f6bbf\u00e9le m\u00f3don is kapcsolatba l\u00e9phet vel\u00fcnk:<\/p>\n<ul>\n<li>Telefonos kapcsolat (a telefonsz\u00e1mok ezen az oldalon tal\u00e1lhat\u00f3k)<\/li>\n<li>A weboldalon tal\u00e1lhat\u00f3 kapcsolatfelv\u00e9teli \u0171rlap kit\u00f6lt\u00e9se \u00e9s elk\u00fcld\u00e9se: https:\/\/exparto.pl\/kontakt\/<\/li>\n<li>E-mail: <a href=\"mailto:sklep@exparto.pl\">sklep@exparto.pl<\/a><\/li>\n<\/ul>\n<p style=\"text-align: justify;\"><span style=\"color: #000000;\">Ne feledje, hogy az \u00e1ruk visszak\u00fcld\u00e9s\u00e9hez be kell ny\u00fajtania nek\u00fcnk a <strong style=\"font-size: revert;\">v\u00e1s\u00e1rl\u00e1st igazol\u00f3 bizonylatot<\/strong>.<span style=\"font-size: revert;\">  (pl. H\u00c9A-sz\u00e1mla, visszaigazol\u00e1s  <\/span><span style=\"font-size: revert;\">megrendel\u00e9s<\/span><span style=\"font-size: revert;\"> sz\u00e1mot vagy nyugt\u00e1t), \u00e9s adjon t\u00e1j\u00e9koztat\u00e1st a sz\u00e1mr\u00f3l.<\/span><\/span><\/p>\n<h5>2. T\u00f6ltse le \u00e9s t\u00f6ltse ki a bevall\u00e1si \u0171rlapot<\/h5>\n<p>A visszak\u00fcld\u00e9si elj\u00e1r\u00e1s felgyors\u00edt\u00e1sa \u00e9rdek\u00e9ben t\u00f6ltse le \u00e9s t\u00f6ltse ki az al\u00e1bbi gombra kattintva el\u00e9rhet\u0151 \u0171rlapot:<\/p>\n<p><span style=\"color: #000000;\"><strong>(itt lesz egy let\u00f6lt\u00e9si link a bevall\u00e1s kit\u00f6lt\u00e9s\u00e9hez)<\/strong><\/span><\/p>\n<p>K\u00e9rj\u00fck, csatolja a kit\u00f6lt\u00f6tt visszak\u00fcld\u00e9si \u0171rlapot a csomagj\u00e1hoz, vagy k\u00fcldje el e-mail c\u00edm\u00fcnkre: <a href=\"mailto:sklep@exparto.pl\"><br \/>\n  <strong>sklep@exparto.pl<\/strong><br \/>\n<\/a><\/p>\n<h5>3 A csomagon j\u00f3l l\u00e1that\u00f3 helyen t\u00fcntesse fel a rendel\u00e9ssz\u00e1mot, valamint a <strong>&#8222;Visszasz\u00e1ll\u00edt\u00e1s&#8221;<\/strong> feliratot.<\/h5>\n<p>A <strong>rendel\u00e9si sz\u00e1mmal kapcsolatos<\/strong> inform\u00e1ci\u00f3kat a legjobb nagy sz\u00e1mokkal, vastag filccel \u00edrni.<\/p>\n<h5>4. K\u00fcldje a csomagot a c\u00edm\u00fcnkre<\/h5>\n<p style=\"text-align: justify;\">Miut\u00e1n t\u00e1j\u00e9koztatta a webshop munkat\u00e1rsait a visszak\u00fcld\u00e9si (az ad\u00e1sv\u00e9teli szerz\u0151d\u00e9st\u0151l val\u00f3 el\u00e1ll\u00e1si) sz\u00e1nd\u00e9k\u00e1r\u00f3l, a megv\u00e1s\u00e1rolt \u00e1rut a c\u00e9g c\u00edm\u00e9re <strong>kell elk\u00fcldeni<\/strong>:<\/p>\n<blockquote>\n<p>EXPARTO Agata \u00e9s Ireneusz Skonieczni korl\u00e1tolt felel\u0151ss\u00e9g\u0171 bet\u00e9ti t\u00e1rsas\u00e1g<\/p>\n<p>Norwida 8, 16-100 Sok\u00f3\u0142ka, Lengyelorsz\u00e1g<\/p>\n<\/blockquote>\n<p style=\"text-align: justify;\"><strong style=\"color: #000000; font-size: 1rem;\">Ne feledje, hogy a visszak\u00fcld\u00f6tt \u00e1run nem lehetnek haszn\u00e1latra utal\u00f3 jelek, \u00e9s val\u00f3sz\u00edn\u0171leg \u00fajra\u00e9rt\u00e9kes\u00edt\u00e9sre ker\u00fcl &#8211; pr\u00f3b\u00e1lja meg biztos\u00edtani, hogy a csomag j\u00f3l v\u00e9dett \u00e9s az eredeti csomagol\u00e1s \u00e1llapot\u00e1ban legyen.<\/strong><\/p>\n","protected":false},"excerpt":{"rendered":"<p>Visszat\u00e9r\u00e9sek \u00e9s reklam\u00e1ci\u00f3k TERM\u00c9KPANASZ 1. t\u00e1j\u00e9koztassa az elad\u00f3t arr\u00f3l a sz\u00e1nd\u00e9k\u00e1r\u00f3l, hogy panasz v\u00e1s\u00e1rolt \u00e1rut. T\u00f6bbf\u00e9le m\u00f3don is kapcsolatba l\u00e9phet vel\u00fcnk: Telefonos el\u00e9rhet\u0151s\u00e9g (a telefonsz\u00e1mok ezen a weboldalon tal\u00e1lhat\u00f3k. A weboldalon tal\u00e1lhat\u00f3 kapcsolatfelv\u00e9teli \u0171rlap kit\u00f6lt\u00e9se \u00e9s elk\u00fcld\u00e9se: https:\/\/exparto.pl\/kontakt\/ E-mail: sklep@exparto.pl Munkat\u00e1rsaink seg\u00edtenek \u00d6nnek a probl\u00e9ma megold\u00e1s\u00e1ban, \u00e9s eligaz\u00edtj\u00e1k \u00d6nt a reklam\u00e1ci\u00f3 legjobb m\u00f3dj\u00e1t illet\u0151en (kiv\u00e9teles [&hellip;]<\/p>\n","protected":false},"author":1,"featured_media":0,"parent":0,"menu_order":0,"comment_status":"closed","ping_status":"closed","template":"","meta":{"_acf_changed":false,"inline_featured_image":false,"footnotes":""},"class_list":["post-8538","page","type-page","status-publish","hentry"],"acf":[],"yoast_head":"<!-- This site is optimized with the Yoast SEO plugin v27.3 - https:\/\/yoast.com\/product\/yoast-seo-wordpress\/ -->\n<title>Visszat\u00e9r\u00e9sek \u00e9s reklam\u00e1ci\u00f3k - Exparto.pl<\/title>\n<meta name=\"robots\" content=\"index, follow, max-snippet:-1, max-image-preview:large, max-video-preview:-1\" \/>\n<link rel=\"canonical\" href=\"https:\/\/exparto.pl\/hu\/visszateresek-es-reklamaciok\/\" \/>\n<meta property=\"og:locale\" content=\"hu_HU\" \/>\n<meta property=\"og:type\" content=\"article\" \/>\n<meta property=\"og:title\" content=\"Visszat\u00e9r\u00e9sek \u00e9s reklam\u00e1ci\u00f3k - Exparto.pl\" \/>\n<meta property=\"og:description\" content=\"Visszat\u00e9r\u00e9sek \u00e9s reklam\u00e1ci\u00f3k TERM\u00c9KPANASZ 1. t\u00e1j\u00e9koztassa az elad\u00f3t arr\u00f3l a sz\u00e1nd\u00e9k\u00e1r\u00f3l, hogy panasz v\u00e1s\u00e1rolt \u00e1rut. T\u00f6bbf\u00e9le m\u00f3don is kapcsolatba l\u00e9phet vel\u00fcnk: Telefonos el\u00e9rhet\u0151s\u00e9g (a telefonsz\u00e1mok ezen a weboldalon tal\u00e1lhat\u00f3k. A weboldalon tal\u00e1lhat\u00f3 kapcsolatfelv\u00e9teli \u0171rlap kit\u00f6lt\u00e9se \u00e9s elk\u00fcld\u00e9se: https:\/\/exparto.pl\/kontakt\/ E-mail: sklep@exparto.pl Munkat\u00e1rsaink seg\u00edtenek \u00d6nnek a probl\u00e9ma megold\u00e1s\u00e1ban, \u00e9s eligaz\u00edtj\u00e1k \u00d6nt a reklam\u00e1ci\u00f3 legjobb m\u00f3dj\u00e1t illet\u0151en (kiv\u00e9teles [&hellip;]\" \/>\n<meta property=\"og:url\" content=\"https:\/\/exparto.pl\/hu\/visszateresek-es-reklamaciok\/\" \/>\n<meta property=\"og:site_name\" content=\"Exparto.pl\" \/>\n<meta property=\"article:publisher\" content=\"https:\/\/www.facebook.com\/exparto.agro\/\" \/>\n<meta property=\"article:modified_time\" content=\"2023-11-09T16:09:47+00:00\" \/>\n<meta name=\"twitter:card\" content=\"summary_large_image\" \/>\n<meta name=\"twitter:label1\" content=\"Becs\u00fclt olvas\u00e1si id\u0151\" \/>\n\t<meta name=\"twitter:data1\" content=\"4 perc\" \/>\n<script type=\"application\/ld+json\" class=\"yoast-schema-graph\">{\"@context\":\"https:\\\/\\\/schema.org\",\"@graph\":[{\"@type\":\"WebPage\",\"@id\":\"https:\\\/\\\/exparto.pl\\\/hu\\\/visszateresek-es-reklamaciok\\\/\",\"url\":\"https:\\\/\\\/exparto.pl\\\/hu\\\/visszateresek-es-reklamaciok\\\/\",\"name\":\"Visszat\u00e9r\u00e9sek \u00e9s reklam\u00e1ci\u00f3k - Exparto.pl\",\"isPartOf\":{\"@id\":\"https:\\\/\\\/exparto.pl\\\/hu\\\/#website\"},\"datePublished\":\"2022-11-25T12:06:25+00:00\",\"dateModified\":\"2023-11-09T16:09:47+00:00\",\"breadcrumb\":{\"@id\":\"https:\\\/\\\/exparto.pl\\\/hu\\\/visszateresek-es-reklamaciok\\\/#breadcrumb\"},\"inLanguage\":\"hu\",\"potentialAction\":[{\"@type\":\"ReadAction\",\"target\":[\"https:\\\/\\\/exparto.pl\\\/hu\\\/visszateresek-es-reklamaciok\\\/\"]}]},{\"@type\":\"BreadcrumbList\",\"@id\":\"https:\\\/\\\/exparto.pl\\\/hu\\\/visszateresek-es-reklamaciok\\\/#breadcrumb\",\"itemListElement\":[{\"@type\":\"ListItem\",\"position\":1,\"name\":\"Honlap\",\"item\":\"https:\\\/\\\/exparto.pl\\\/hu\\\/\"},{\"@type\":\"ListItem\",\"position\":2,\"name\":\"Visszat\u00e9r\u00e9sek \u00e9s reklam\u00e1ci\u00f3k\"}]},{\"@type\":\"WebSite\",\"@id\":\"https:\\\/\\\/exparto.pl\\\/hu\\\/#website\",\"url\":\"https:\\\/\\\/exparto.pl\\\/hu\\\/\",\"name\":\"EXPARTO\",\"description\":\"More than agro parts\",\"publisher\":{\"@id\":\"https:\\\/\\\/exparto.pl\\\/hu\\\/#organization\"},\"potentialAction\":[{\"@type\":\"SearchAction\",\"target\":{\"@type\":\"EntryPoint\",\"urlTemplate\":\"https:\\\/\\\/exparto.pl\\\/hu\\\/?s={search_term_string}\"},\"query-input\":{\"@type\":\"PropertyValueSpecification\",\"valueRequired\":true,\"valueName\":\"search_term_string\"}}],\"inLanguage\":\"hu\"},{\"@type\":\"Organization\",\"@id\":\"https:\\\/\\\/exparto.pl\\\/hu\\\/#organization\",\"name\":\"EXPARTO\",\"url\":\"https:\\\/\\\/exparto.pl\\\/hu\\\/\",\"logo\":{\"@type\":\"ImageObject\",\"inLanguage\":\"hu\",\"@id\":\"https:\\\/\\\/exparto.pl\\\/hu\\\/#\\\/schema\\\/logo\\\/image\\\/\",\"url\":\"https:\\\/\\\/exparto.pl\\\/wp-content\\\/uploads\\\/2023\\\/02\\\/logo-wektor.png\",\"contentUrl\":\"https:\\\/\\\/exparto.pl\\\/wp-content\\\/uploads\\\/2023\\\/02\\\/logo-wektor.png\",\"width\":1338,\"height\":143,\"caption\":\"EXPARTO\"},\"image\":{\"@id\":\"https:\\\/\\\/exparto.pl\\\/hu\\\/#\\\/schema\\\/logo\\\/image\\\/\"},\"sameAs\":[\"https:\\\/\\\/www.facebook.com\\\/exparto.agro\\\/\"]}]}<\/script>\n<!-- \/ Yoast SEO plugin. -->","yoast_head_json":{"title":"Visszat\u00e9r\u00e9sek \u00e9s reklam\u00e1ci\u00f3k - Exparto.pl","robots":{"index":"index","follow":"follow","max-snippet":"max-snippet:-1","max-image-preview":"max-image-preview:large","max-video-preview":"max-video-preview:-1"},"canonical":"https:\/\/exparto.pl\/hu\/visszateresek-es-reklamaciok\/","og_locale":"hu_HU","og_type":"article","og_title":"Visszat\u00e9r\u00e9sek \u00e9s reklam\u00e1ci\u00f3k - Exparto.pl","og_description":"Visszat\u00e9r\u00e9sek \u00e9s reklam\u00e1ci\u00f3k TERM\u00c9KPANASZ 1. t\u00e1j\u00e9koztassa az elad\u00f3t arr\u00f3l a sz\u00e1nd\u00e9k\u00e1r\u00f3l, hogy panasz v\u00e1s\u00e1rolt \u00e1rut. T\u00f6bbf\u00e9le m\u00f3don is kapcsolatba l\u00e9phet vel\u00fcnk: Telefonos el\u00e9rhet\u0151s\u00e9g (a telefonsz\u00e1mok ezen a weboldalon tal\u00e1lhat\u00f3k. A weboldalon tal\u00e1lhat\u00f3 kapcsolatfelv\u00e9teli \u0171rlap kit\u00f6lt\u00e9se \u00e9s elk\u00fcld\u00e9se: https:\/\/exparto.pl\/kontakt\/ E-mail: sklep@exparto.pl Munkat\u00e1rsaink seg\u00edtenek \u00d6nnek a probl\u00e9ma megold\u00e1s\u00e1ban, \u00e9s eligaz\u00edtj\u00e1k \u00d6nt a reklam\u00e1ci\u00f3 legjobb m\u00f3dj\u00e1t illet\u0151en (kiv\u00e9teles [&hellip;]","og_url":"https:\/\/exparto.pl\/hu\/visszateresek-es-reklamaciok\/","og_site_name":"Exparto.pl","article_publisher":"https:\/\/www.facebook.com\/exparto.agro\/","article_modified_time":"2023-11-09T16:09:47+00:00","twitter_card":"summary_large_image","twitter_misc":{"Becs\u00fclt olvas\u00e1si id\u0151":"4 perc"},"schema":{"@context":"https:\/\/schema.org","@graph":[{"@type":"WebPage","@id":"https:\/\/exparto.pl\/hu\/visszateresek-es-reklamaciok\/","url":"https:\/\/exparto.pl\/hu\/visszateresek-es-reklamaciok\/","name":"Visszat\u00e9r\u00e9sek \u00e9s reklam\u00e1ci\u00f3k - Exparto.pl","isPartOf":{"@id":"https:\/\/exparto.pl\/hu\/#website"},"datePublished":"2022-11-25T12:06:25+00:00","dateModified":"2023-11-09T16:09:47+00:00","breadcrumb":{"@id":"https:\/\/exparto.pl\/hu\/visszateresek-es-reklamaciok\/#breadcrumb"},"inLanguage":"hu","potentialAction":[{"@type":"ReadAction","target":["https:\/\/exparto.pl\/hu\/visszateresek-es-reklamaciok\/"]}]},{"@type":"BreadcrumbList","@id":"https:\/\/exparto.pl\/hu\/visszateresek-es-reklamaciok\/#breadcrumb","itemListElement":[{"@type":"ListItem","position":1,"name":"Honlap","item":"https:\/\/exparto.pl\/hu\/"},{"@type":"ListItem","position":2,"name":"Visszat\u00e9r\u00e9sek \u00e9s reklam\u00e1ci\u00f3k"}]},{"@type":"WebSite","@id":"https:\/\/exparto.pl\/hu\/#website","url":"https:\/\/exparto.pl\/hu\/","name":"EXPARTO","description":"More than agro parts","publisher":{"@id":"https:\/\/exparto.pl\/hu\/#organization"},"potentialAction":[{"@type":"SearchAction","target":{"@type":"EntryPoint","urlTemplate":"https:\/\/exparto.pl\/hu\/?s={search_term_string}"},"query-input":{"@type":"PropertyValueSpecification","valueRequired":true,"valueName":"search_term_string"}}],"inLanguage":"hu"},{"@type":"Organization","@id":"https:\/\/exparto.pl\/hu\/#organization","name":"EXPARTO","url":"https:\/\/exparto.pl\/hu\/","logo":{"@type":"ImageObject","inLanguage":"hu","@id":"https:\/\/exparto.pl\/hu\/#\/schema\/logo\/image\/","url":"https:\/\/exparto.pl\/wp-content\/uploads\/2023\/02\/logo-wektor.png","contentUrl":"https:\/\/exparto.pl\/wp-content\/uploads\/2023\/02\/logo-wektor.png","width":1338,"height":143,"caption":"EXPARTO"},"image":{"@id":"https:\/\/exparto.pl\/hu\/#\/schema\/logo\/image\/"},"sameAs":["https:\/\/www.facebook.com\/exparto.agro\/"]}]}},"_links":{"self":[{"href":"https:\/\/exparto.pl\/hu\/wp-json\/wp\/v2\/pages\/8538","targetHints":{"allow":["GET"]}}],"collection":[{"href":"https:\/\/exparto.pl\/hu\/wp-json\/wp\/v2\/pages"}],"about":[{"href":"https:\/\/exparto.pl\/hu\/wp-json\/wp\/v2\/types\/page"}],"author":[{"embeddable":true,"href":"https:\/\/exparto.pl\/hu\/wp-json\/wp\/v2\/users\/1"}],"replies":[{"embeddable":true,"href":"https:\/\/exparto.pl\/hu\/wp-json\/wp\/v2\/comments?post=8538"}],"version-history":[{"count":0,"href":"https:\/\/exparto.pl\/hu\/wp-json\/wp\/v2\/pages\/8538\/revisions"}],"wp:attachment":[{"href":"https:\/\/exparto.pl\/hu\/wp-json\/wp\/v2\/media?parent=8538"}],"curies":[{"name":"wp","href":"https:\/\/api.w.org\/{rel}","templated":true}]}}