{"id":8540,"date":"2022-11-25T11:56:28","date_gmt":"2022-11-25T10:56:28","guid":{"rendered":"https:\/\/exparto.pl\/fizetes-es-szallitas\/"},"modified":"2023-11-09T17:09:47","modified_gmt":"2023-11-09T16:09:47","slug":"fizetes-es-szallitas","status":"publish","type":"page","link":"https:\/\/exparto.pl\/hu\/fizetes-es-szallitas\/","title":{"rendered":"Fizet\u00e9s \u00e9s sz\u00e1ll\u00edt\u00e1s"},"content":{"rendered":"\n<h2 class=\"wp-block-heading\">Fizet\u00e9s \u00e9s sz\u00e1ll\u00edt\u00e1s<\/h2>\n\n<figure class=\"wp-block-table is-style-stripes\"><table class=\"has-fixed-layout\"><tbody><tr><td><strong>\u00dczemeltet\u0151<\/strong><\/td><td><strong>Sz\u00e1ll\u00edt\u00e1si m\u00f3d<\/strong><\/td><td><strong>K\u00f6lts\u00e9gek<\/strong><\/td><td><strong>Maxim\u00e1lis s\u00faly<\/strong><\/td><\/tr><tr><td><img loading=\"lazy\" decoding=\"async\" width=\"150\" height=\"67\" class=\"wp-image-1344\" style=\"width: 150px;\" src=\"https:\/\/exparto.pl\/wp-content\/uploads\/2023\/05\/DPD_logored2015.png\" alt=\"\" srcset=\"https:\/\/exparto.pl\/wp-content\/uploads\/2023\/05\/DPD_logored2015.png 4097w, https:\/\/exparto.pl\/wp-content\/uploads\/2023\/05\/DPD_logored2015-300x133.png 300w, https:\/\/exparto.pl\/wp-content\/uploads\/2023\/05\/DPD_logored2015-1024x455.png 1024w, https:\/\/exparto.pl\/wp-content\/uploads\/2023\/05\/DPD_logored2015-768x342.png 768w, https:\/\/exparto.pl\/wp-content\/uploads\/2023\/05\/DPD_logored2015-1536x683.png 1536w, https:\/\/exparto.pl\/wp-content\/uploads\/2023\/05\/DPD_logored2015-600x267.png 600w, https:\/\/exparto.pl\/wp-content\/uploads\/2023\/05\/DPD_logored2015-2048x911.png 2048w\" sizes=\"auto, (max-width: 150px) 100vw, 150px\" \/><\/td><td>DPD fut\u00e1rszolg\u00e1lat<\/td><td>16 PLN<\/td><td>31,5 kg<\/td><\/tr><tr><td><img loading=\"lazy\" decoding=\"async\" width=\"150\" height=\"67\" class=\"wp-image-1344\" style=\"width: 150px;\" src=\"https:\/\/exparto.pl\/wp-content\/uploads\/2023\/05\/DPD_logored2015.png\" alt=\"\" srcset=\"https:\/\/exparto.pl\/wp-content\/uploads\/2023\/05\/DPD_logored2015.png 4097w, https:\/\/exparto.pl\/wp-content\/uploads\/2023\/05\/DPD_logored2015-300x133.png 300w, https:\/\/exparto.pl\/wp-content\/uploads\/2023\/05\/DPD_logored2015-1024x455.png 1024w, https:\/\/exparto.pl\/wp-content\/uploads\/2023\/05\/DPD_logored2015-768x342.png 768w, https:\/\/exparto.pl\/wp-content\/uploads\/2023\/05\/DPD_logored2015-1536x683.png 1536w, https:\/\/exparto.pl\/wp-content\/uploads\/2023\/05\/DPD_logored2015-600x267.png 600w, https:\/\/exparto.pl\/wp-content\/uploads\/2023\/05\/DPD_logored2015-2048x911.png 2048w\" sizes=\"auto, (max-width: 150px) 100vw, 150px\" \/><\/td><td>DPD fut\u00e1rszolg\u00e1lat ut\u00e1nv\u00e9ttel<\/td><td>19 PLN<\/td><td>31,5 kg<\/td><\/tr><tr><td><img loading=\"lazy\" decoding=\"async\" width=\"150\" height=\"90\" class=\"wp-image-1345\" style=\"width: 150px;\" src=\"https:\/\/exparto.pl\/wp-content\/uploads\/2023\/05\/2560px-InPost_logo.svg.png\" alt=\"\" srcset=\"https:\/\/exparto.pl\/wp-content\/uploads\/2023\/05\/2560px-InPost_logo.svg.png 2560w, https:\/\/exparto.pl\/wp-content\/uploads\/2023\/05\/2560px-InPost_logo.svg-300x180.png 300w, https:\/\/exparto.pl\/wp-content\/uploads\/2023\/05\/2560px-InPost_logo.svg-1024x614.png 1024w, https:\/\/exparto.pl\/wp-content\/uploads\/2023\/05\/2560px-InPost_logo.svg-768x461.png 768w, https:\/\/exparto.pl\/wp-content\/uploads\/2023\/05\/2560px-InPost_logo.svg-1536x922.png 1536w, https:\/\/exparto.pl\/wp-content\/uploads\/2023\/05\/2560px-InPost_logo.svg-600x360.png 600w, https:\/\/exparto.pl\/wp-content\/uploads\/2023\/05\/2560px-InPost_logo.svg-2048x1229.png 2048w\" sizes=\"auto, (max-width: 150px) 100vw, 150px\" \/><\/td><td>InPost csomagautomat\u00e1k<\/td><td>15 PLN<\/td><td>25 kg<\/td><\/tr><tr><td><img loading=\"lazy\" decoding=\"async\" width=\"150\" height=\"84\" class=\"wp-image-1358\" style=\"width: 150px;\" src=\"https:\/\/exparto.pl\/wp-content\/uploads\/2023\/05\/pp_logo_pionowe.jpg\" alt=\"\" srcset=\"https:\/\/exparto.pl\/wp-content\/uploads\/2023\/05\/pp_logo_pionowe.jpg 1920w, https:\/\/exparto.pl\/wp-content\/uploads\/2023\/05\/pp_logo_pionowe-300x169.jpg 300w, https:\/\/exparto.pl\/wp-content\/uploads\/2023\/05\/pp_logo_pionowe-1024x576.jpg 1024w, https:\/\/exparto.pl\/wp-content\/uploads\/2023\/05\/pp_logo_pionowe-768x432.jpg 768w, https:\/\/exparto.pl\/wp-content\/uploads\/2023\/05\/pp_logo_pionowe-1536x864.jpg 1536w, https:\/\/exparto.pl\/wp-content\/uploads\/2023\/05\/pp_logo_pionowe-600x338.jpg 600w\" sizes=\"auto, (max-width: 150px) 100vw, 150px\" \/><\/td><td>Poczta Polska (EURO raklap)<\/td><td>220 PLN<\/td><td>1000 kg<\/td><\/tr><\/tbody><\/table><\/figure>\n","protected":false},"excerpt":{"rendered":"<p>Fizet\u00e9s \u00e9s sz\u00e1ll\u00edt\u00e1s \u00dczemeltet\u0151 Sz\u00e1ll\u00edt\u00e1si m\u00f3d K\u00f6lts\u00e9gek Maxim\u00e1lis s\u00faly DPD fut\u00e1rszolg\u00e1lat 16 PLN 31,5 kg DPD fut\u00e1rszolg\u00e1lat ut\u00e1nv\u00e9ttel 19 PLN 31,5 kg InPost csomagautomat\u00e1k 15 PLN 25 kg Poczta Polska (EURO raklap) 220 PLN 1000 kg<\/p>\n","protected":false},"author":1,"featured_media":0,"parent":0,"menu_order":0,"comment_status":"closed","ping_status":"closed","template":"","meta":{"_acf_changed":false,"inline_featured_image":false,"footnotes":""},"class_list":["post-8540","page","type-page","status-publish","hentry"],"acf":[],"yoast_head":"<!-- This site is optimized with the Yoast SEO plugin v27.3 - https:\/\/yoast.com\/product\/yoast-seo-wordpress\/ -->\n<title>Fizet\u00e9s \u00e9s sz\u00e1ll\u00edt\u00e1s - Exparto.pl<\/title>\n<meta name=\"robots\" content=\"index, follow, max-snippet:-1, max-image-preview:large, max-video-preview:-1\" \/>\n<link rel=\"canonical\" href=\"https:\/\/exparto.pl\/hu\/fizetes-es-szallitas\/\" \/>\n<meta property=\"og:locale\" content=\"hu_HU\" \/>\n<meta property=\"og:type\" content=\"article\" \/>\n<meta property=\"og:title\" content=\"Fizet\u00e9s \u00e9s sz\u00e1ll\u00edt\u00e1s - Exparto.pl\" \/>\n<meta property=\"og:description\" content=\"Fizet\u00e9s \u00e9s sz\u00e1ll\u00edt\u00e1s \u00dczemeltet\u0151 Sz\u00e1ll\u00edt\u00e1si m\u00f3d K\u00f6lts\u00e9gek Maxim\u00e1lis s\u00faly DPD fut\u00e1rszolg\u00e1lat 16 PLN 31,5 kg DPD fut\u00e1rszolg\u00e1lat ut\u00e1nv\u00e9ttel 19 PLN 31,5 kg InPost csomagautomat\u00e1k 15 PLN 25 kg Poczta Polska (EURO raklap) 220 PLN 1000 kg\" \/>\n<meta property=\"og:url\" content=\"https:\/\/exparto.pl\/hu\/fizetes-es-szallitas\/\" \/>\n<meta property=\"og:site_name\" content=\"Exparto.pl\" \/>\n<meta property=\"article:publisher\" content=\"https:\/\/www.facebook.com\/exparto.agro\/\" \/>\n<meta property=\"article:modified_time\" content=\"2023-11-09T16:09:47+00:00\" \/>\n<meta property=\"og:image\" content=\"https:\/\/exparto.pl\/wp-content\/uploads\/2023\/05\/DPD_logored2015.png\" \/>\n<meta name=\"twitter:card\" content=\"summary_large_image\" \/>\n<script type=\"application\/ld+json\" class=\"yoast-schema-graph\">{\"@context\":\"https:\\\/\\\/schema.org\",\"@graph\":[{\"@type\":\"WebPage\",\"@id\":\"https:\\\/\\\/exparto.pl\\\/hu\\\/fizetes-es-szallitas\\\/\",\"url\":\"https:\\\/\\\/exparto.pl\\\/hu\\\/fizetes-es-szallitas\\\/\",\"name\":\"Fizet\u00e9s \u00e9s sz\u00e1ll\u00edt\u00e1s - Exparto.pl\",\"isPartOf\":{\"@id\":\"https:\\\/\\\/exparto.pl\\\/hu\\\/#website\"},\"primaryImageOfPage\":{\"@id\":\"https:\\\/\\\/exparto.pl\\\/hu\\\/fizetes-es-szallitas\\\/#primaryimage\"},\"image\":{\"@id\":\"https:\\\/\\\/exparto.pl\\\/hu\\\/fizetes-es-szallitas\\\/#primaryimage\"},\"thumbnailUrl\":\"https:\\\/\\\/exparto.pl\\\/wp-content\\\/uploads\\\/2023\\\/05\\\/DPD_logored2015.png\",\"datePublished\":\"2022-11-25T10:56:28+00:00\",\"dateModified\":\"2023-11-09T16:09:47+00:00\",\"breadcrumb\":{\"@id\":\"https:\\\/\\\/exparto.pl\\\/hu\\\/fizetes-es-szallitas\\\/#breadcrumb\"},\"inLanguage\":\"hu\",\"potentialAction\":[{\"@type\":\"ReadAction\",\"target\":[\"https:\\\/\\\/exparto.pl\\\/hu\\\/fizetes-es-szallitas\\\/\"]}]},{\"@type\":\"ImageObject\",\"inLanguage\":\"hu\",\"@id\":\"https:\\\/\\\/exparto.pl\\\/hu\\\/fizetes-es-szallitas\\\/#primaryimage\",\"url\":\"https:\\\/\\\/exparto.pl\\\/wp-content\\\/uploads\\\/2023\\\/05\\\/DPD_logored2015.png\",\"contentUrl\":\"https:\\\/\\\/exparto.pl\\\/wp-content\\\/uploads\\\/2023\\\/05\\\/DPD_logored2015.png\"},{\"@type\":\"BreadcrumbList\",\"@id\":\"https:\\\/\\\/exparto.pl\\\/hu\\\/fizetes-es-szallitas\\\/#breadcrumb\",\"itemListElement\":[{\"@type\":\"ListItem\",\"position\":1,\"name\":\"Honlap\",\"item\":\"https:\\\/\\\/exparto.pl\\\/hu\\\/\"},{\"@type\":\"ListItem\",\"position\":2,\"name\":\"Fizet\u00e9s \u00e9s sz\u00e1ll\u00edt\u00e1s\"}]},{\"@type\":\"WebSite\",\"@id\":\"https:\\\/\\\/exparto.pl\\\/hu\\\/#website\",\"url\":\"https:\\\/\\\/exparto.pl\\\/hu\\\/\",\"name\":\"EXPARTO\",\"description\":\"More than agro parts\",\"publisher\":{\"@id\":\"https:\\\/\\\/exparto.pl\\\/hu\\\/#organization\"},\"potentialAction\":[{\"@type\":\"SearchAction\",\"target\":{\"@type\":\"EntryPoint\",\"urlTemplate\":\"https:\\\/\\\/exparto.pl\\\/hu\\\/?s={search_term_string}\"},\"query-input\":{\"@type\":\"PropertyValueSpecification\",\"valueRequired\":true,\"valueName\":\"search_term_string\"}}],\"inLanguage\":\"hu\"},{\"@type\":\"Organization\",\"@id\":\"https:\\\/\\\/exparto.pl\\\/hu\\\/#organization\",\"name\":\"EXPARTO\",\"url\":\"https:\\\/\\\/exparto.pl\\\/hu\\\/\",\"logo\":{\"@type\":\"ImageObject\",\"inLanguage\":\"hu\",\"@id\":\"https:\\\/\\\/exparto.pl\\\/hu\\\/#\\\/schema\\\/logo\\\/image\\\/\",\"url\":\"https:\\\/\\\/exparto.pl\\\/wp-content\\\/uploads\\\/2023\\\/02\\\/logo-wektor.png\",\"contentUrl\":\"https:\\\/\\\/exparto.pl\\\/wp-content\\\/uploads\\\/2023\\\/02\\\/logo-wektor.png\",\"width\":1338,\"height\":143,\"caption\":\"EXPARTO\"},\"image\":{\"@id\":\"https:\\\/\\\/exparto.pl\\\/hu\\\/#\\\/schema\\\/logo\\\/image\\\/\"},\"sameAs\":[\"https:\\\/\\\/www.facebook.com\\\/exparto.agro\\\/\"]}]}<\/script>\n<!-- \/ Yoast SEO plugin. -->","yoast_head_json":{"title":"Fizet\u00e9s \u00e9s sz\u00e1ll\u00edt\u00e1s - Exparto.pl","robots":{"index":"index","follow":"follow","max-snippet":"max-snippet:-1","max-image-preview":"max-image-preview:large","max-video-preview":"max-video-preview:-1"},"canonical":"https:\/\/exparto.pl\/hu\/fizetes-es-szallitas\/","og_locale":"hu_HU","og_type":"article","og_title":"Fizet\u00e9s \u00e9s sz\u00e1ll\u00edt\u00e1s - Exparto.pl","og_description":"Fizet\u00e9s \u00e9s sz\u00e1ll\u00edt\u00e1s \u00dczemeltet\u0151 Sz\u00e1ll\u00edt\u00e1si m\u00f3d K\u00f6lts\u00e9gek Maxim\u00e1lis s\u00faly DPD fut\u00e1rszolg\u00e1lat 16 PLN 31,5 kg DPD fut\u00e1rszolg\u00e1lat ut\u00e1nv\u00e9ttel 19 PLN 31,5 kg InPost csomagautomat\u00e1k 15 PLN 25 kg Poczta Polska (EURO raklap) 220 PLN 1000 kg","og_url":"https:\/\/exparto.pl\/hu\/fizetes-es-szallitas\/","og_site_name":"Exparto.pl","article_publisher":"https:\/\/www.facebook.com\/exparto.agro\/","article_modified_time":"2023-11-09T16:09:47+00:00","og_image":[{"url":"https:\/\/exparto.pl\/wp-content\/uploads\/2023\/05\/DPD_logored2015.png","type":"","width":"","height":""}],"twitter_card":"summary_large_image","schema":{"@context":"https:\/\/schema.org","@graph":[{"@type":"WebPage","@id":"https:\/\/exparto.pl\/hu\/fizetes-es-szallitas\/","url":"https:\/\/exparto.pl\/hu\/fizetes-es-szallitas\/","name":"Fizet\u00e9s \u00e9s sz\u00e1ll\u00edt\u00e1s - Exparto.pl","isPartOf":{"@id":"https:\/\/exparto.pl\/hu\/#website"},"primaryImageOfPage":{"@id":"https:\/\/exparto.pl\/hu\/fizetes-es-szallitas\/#primaryimage"},"image":{"@id":"https:\/\/exparto.pl\/hu\/fizetes-es-szallitas\/#primaryimage"},"thumbnailUrl":"https:\/\/exparto.pl\/wp-content\/uploads\/2023\/05\/DPD_logored2015.png","datePublished":"2022-11-25T10:56:28+00:00","dateModified":"2023-11-09T16:09:47+00:00","breadcrumb":{"@id":"https:\/\/exparto.pl\/hu\/fizetes-es-szallitas\/#breadcrumb"},"inLanguage":"hu","potentialAction":[{"@type":"ReadAction","target":["https:\/\/exparto.pl\/hu\/fizetes-es-szallitas\/"]}]},{"@type":"ImageObject","inLanguage":"hu","@id":"https:\/\/exparto.pl\/hu\/fizetes-es-szallitas\/#primaryimage","url":"https:\/\/exparto.pl\/wp-content\/uploads\/2023\/05\/DPD_logored2015.png","contentUrl":"https:\/\/exparto.pl\/wp-content\/uploads\/2023\/05\/DPD_logored2015.png"},{"@type":"BreadcrumbList","@id":"https:\/\/exparto.pl\/hu\/fizetes-es-szallitas\/#breadcrumb","itemListElement":[{"@type":"ListItem","position":1,"name":"Honlap","item":"https:\/\/exparto.pl\/hu\/"},{"@type":"ListItem","position":2,"name":"Fizet\u00e9s \u00e9s sz\u00e1ll\u00edt\u00e1s"}]},{"@type":"WebSite","@id":"https:\/\/exparto.pl\/hu\/#website","url":"https:\/\/exparto.pl\/hu\/","name":"EXPARTO","description":"More than agro parts","publisher":{"@id":"https:\/\/exparto.pl\/hu\/#organization"},"potentialAction":[{"@type":"SearchAction","target":{"@type":"EntryPoint","urlTemplate":"https:\/\/exparto.pl\/hu\/?s={search_term_string}"},"query-input":{"@type":"PropertyValueSpecification","valueRequired":true,"valueName":"search_term_string"}}],"inLanguage":"hu"},{"@type":"Organization","@id":"https:\/\/exparto.pl\/hu\/#organization","name":"EXPARTO","url":"https:\/\/exparto.pl\/hu\/","logo":{"@type":"ImageObject","inLanguage":"hu","@id":"https:\/\/exparto.pl\/hu\/#\/schema\/logo\/image\/","url":"https:\/\/exparto.pl\/wp-content\/uploads\/2023\/02\/logo-wektor.png","contentUrl":"https:\/\/exparto.pl\/wp-content\/uploads\/2023\/02\/logo-wektor.png","width":1338,"height":143,"caption":"EXPARTO"},"image":{"@id":"https:\/\/exparto.pl\/hu\/#\/schema\/logo\/image\/"},"sameAs":["https:\/\/www.facebook.com\/exparto.agro\/"]}]}},"_links":{"self":[{"href":"https:\/\/exparto.pl\/hu\/wp-json\/wp\/v2\/pages\/8540","targetHints":{"allow":["GET"]}}],"collection":[{"href":"https:\/\/exparto.pl\/hu\/wp-json\/wp\/v2\/pages"}],"about":[{"href":"https:\/\/exparto.pl\/hu\/wp-json\/wp\/v2\/types\/page"}],"author":[{"embeddable":true,"href":"https:\/\/exparto.pl\/hu\/wp-json\/wp\/v2\/users\/1"}],"replies":[{"embeddable":true,"href":"https:\/\/exparto.pl\/hu\/wp-json\/wp\/v2\/comments?post=8540"}],"version-history":[{"count":0,"href":"https:\/\/exparto.pl\/hu\/wp-json\/wp\/v2\/pages\/8540\/revisions"}],"wp:attachment":[{"href":"https:\/\/exparto.pl\/hu\/wp-json\/wp\/v2\/media?parent=8540"}],"curies":[{"name":"wp","href":"https:\/\/api.w.org\/{rel}","templated":true}]}}