{"id":8546,"date":"2022-11-25T13:05:44","date_gmt":"2022-11-25T12:05:44","guid":{"rendered":"https:\/\/exparto.pl\/adatvedelmi-szabalyzat\/"},"modified":"2023-11-09T17:10:09","modified_gmt":"2023-11-09T16:10:09","slug":"adatvedelmi-szabalyzat","status":"publish","type":"page","link":"https:\/\/exparto.pl\/hu\/adatvedelmi-szabalyzat\/","title":{"rendered":"Adatv\u00e9delmi szab\u00e1lyzat"},"content":{"rendered":"\n<h2 class=\"wp-block-heading\"><strong>1. \u00c1ltal\u00e1nos inform\u00e1ci\u00f3k<\/strong><\/h2>\n\n<ol class=\"wp-block-list\">\n<li>Ez a szab\u00e1lyzat a Weboldalra vonatkozik, amely az al\u00e1bbi url alatt m\u0171k\u00f6dik: <strong>exparto.pl<\/strong>.<\/li>\n\n\n\n<li>A szolg\u00e1ltat\u00e1s \u00fczemeltet\u0151je \u00e9s a szem\u00e9lyes adatok kezel\u0151je: EXPARTO Agata i Ireneusz Skonieczni sp\u00f3\u0142ka komandytowa Norwida 8, 16-100 Sok\u00f3\u0142ka<\/li>\n\n\n\n<li>Az \u00fczemeltet\u0151 e-mail c\u00edme: sklep@exparto.pl<\/li>\n\n\n\n<li>Az \u00dczemeltet\u0151 az \u00d6n szem\u00e9lyes adatainak kezel\u0151je az \u00d6n \u00e1ltal a Weboldalon \u00f6nk\u00e9ntesen megadott adatok tekintet\u00e9ben.<\/li>\n\n\n\n<li>A Szolg\u00e1lat a szem\u00e9lyes adatokat a k\u00f6vetkez\u0151 c\u00e9lokra haszn\u00e1lja fel:\n<ul class=\"wp-block-list\">\n<li>H\u00edrlev\u00e9l k\u00fcld\u00e9se<\/li>\n\n\n\n<li>Egy kommentel\u0151 rendszer m\u0171k\u00f6dtet\u00e9se<\/li>\n\n\n\n<li>Online cseveg\u00e9s lebonyol\u00edt\u00e1sa<\/li>\n\n\n\n<li>Az \u0171rlapon kereszt\u00fcl \u00e9rkez\u0151 megkeres\u00e9sek kezel\u00e9se<\/li>\n\n\n\n<li>Az \u00e1ruk el\u0151k\u00e9sz\u00edt\u00e9se, csomagol\u00e1sa, felad\u00e1sa<\/li>\n\n\n\n<li>A k\u00e9rt szolg\u00e1ltat\u00e1sok ny\u00fajt\u00e1sa<\/li>\n\n\n\n<li>Ad\u00f3ss\u00e1gbehajt\u00e1s<\/li>\n\n\n\n<li>Aj\u00e1nlat vagy inform\u00e1ci\u00f3 bemutat\u00e1sa<\/li>\n<\/ul>\n<\/li>\n\n\n\n<li>A szolg\u00e1ltat\u00e1s a felhaszn\u00e1l\u00f3kr\u00f3l \u00e9s viselked\u00e9s\u00fckr\u0151l a k\u00f6vetkez\u0151 m\u00f3don szerez inform\u00e1ci\u00f3kat:\n<ol class=\"wp-block-list\">\n<li>Az \u0171rlapokon \u00f6nk\u00e9ntesen megadott adatokon kereszt\u00fcl, amelyek az \u00dczemeltet\u0151 rendszereibe ker\u00fclnek.<\/li>\n\n\n\n<li>A s\u00fctik (\u00fan. &#8222;cookie-k&#8221;) t\u00e1rol\u00e1s\u00e1val a v\u00e9gberendez\u00e9seken.<\/li>\n<\/ol>\n<\/li>\n<\/ol>\n\n<h2 class=\"wp-block-heading\"><strong>2. Az \u00fczemeltet\u0151 \u00e1ltal alkalmazott kiv\u00e1lasztott adatv\u00e9delmi m\u00f3dszerek<\/strong><\/h2>\n\n<ol class=\"wp-block-list\">\n<li>A bejelentkez\u00e9s \u00e9s a szem\u00e9lyes adatok megad\u00e1s\u00e1ra szolg\u00e1l\u00f3 ter\u00fcletek az \u00e1tviteli r\u00e9tegben v\u00e9dettek (SSL tan\u00fas\u00edtv\u00e1ny). Ez biztos\u00edtja, hogy a weboldalon megadott szem\u00e9lyes \u00e9s bejelentkez\u00e9si adatok titkos\u00edtva legyenek a felhaszn\u00e1l\u00f3 sz\u00e1m\u00edt\u00f3g\u00e9p\u00e9n, \u00e9s csak a c\u00e9lszerveren legyenek olvashat\u00f3k.<\/li>\n\n\n\n<li>Az adatok v\u00e9delme \u00e9rdek\u00e9ben az \u00dczemeltet\u0151 rendszeresen biztons\u00e1gi ment\u00e9seket k\u00e9sz\u00edt.<\/li>\n\n\n\n<li>Az adatv\u00e9delem fontos eleme az \u00fczemeltet\u0151 \u00e1ltal a szem\u00e9lyes adatok feldolgoz\u00e1s\u00e1ra haszn\u00e1lt valamennyi szoftver rendszeres friss\u00edt\u00e9se, ami k\u00fcl\u00f6n\u00f6sen a szoftverkomponensek rendszeres friss\u00edt\u00e9s\u00e9t jelenti.<\/li>\n<\/ol>\n\n<h2 class=\"wp-block-heading\"><strong>3. Hosting<\/strong><\/h2>\n\n<ol class=\"wp-block-list\">\n<li>A szolg\u00e1ltat\u00e1st az \u00fczemeltet\u0151 szerverein tartj\u00e1k fenn (technikailag karbantartj\u00e1k): cyberFolks.pl.<\/li>\n<\/ol>\n\n<h2 class=\"wp-block-heading\"><strong>4. Az \u00d6n jogai \u00e9s tov\u00e1bbi inform\u00e1ci\u00f3k az adatai felhaszn\u00e1l\u00e1s\u00e1nak m\u00f3dj\u00e1r\u00f3l<\/strong><\/h2>\n\n<ol class=\"wp-block-list\">\n<li>Bizonyos helyzetekben az Adatkezel\u0151 jogosult az \u00d6n szem\u00e9lyes adatait m\u00e1s c\u00edmzetteknek tov\u00e1bb\u00edtani, ha ez az \u00d6nnel k\u00f6t\u00f6tt szerz\u0151d\u00e9s teljes\u00edt\u00e9s\u00e9hez vagy az Adatkezel\u0151re h\u00e1rul\u00f3 k\u00f6telezetts\u00e9gek teljes\u00edt\u00e9s\u00e9hez sz\u00fcks\u00e9ges. Ez az ilyen k\u00f6z\u00f6ns\u00e9gcsoportokra vonatkozik:\n<ul class=\"wp-block-list\">\n<li>a t\u00e1rhelyszolg\u00e1ltat\u00f3 c\u00e9g megb\u00edz\u00e1s alapj\u00e1n<\/li>\n\n\n\n<li>fut\u00e1rok<\/li>\n\n\n\n<li>postai szolg\u00e1ltat\u00f3k<\/li>\n\n\n\n<li>\u00fcgyv\u00e9di irod\u00e1k \u00e9s behajt\u00f3k<\/li>\n\n\n\n<li>bankok<\/li>\n\n\n\n<li>fizet\u00e9si szolg\u00e1ltat\u00f3k<\/li>\n\n\n\n<li>a komment\u00e1rrendszer \u00fczemeltet\u0151i<\/li>\n\n\n\n<li>az online chat megold\u00e1sok \u00fczemeltet\u0151i<\/li>\n\n\n\n<li>a felhatalmazott alkalmazottak \u00e9s munkat\u00e1rsak, akik az adatokat a weboldal c\u00e9lj\u00e1nak teljes\u00edt\u00e9se \u00e9rdek\u00e9ben haszn\u00e1lj\u00e1k fel<\/li>\n\n\n\n<li>az \u00fcgyint\u00e9z\u0151nek marketingszolg\u00e1ltat\u00e1sokat ny\u00fajt\u00f3 v\u00e1llalatok<\/li>\n<\/ul>\n<\/li>\n\n\n\n<li>Az \u00d6n szem\u00e9lyes adatait az Adatkezel\u0151 legfeljebb annyi ideig kezeli, amennyi a k\u00fcl\u00f6n jogszab\u00e1lyokban meghat\u00e1rozott kapcsol\u00f3d\u00f3 tev\u00e9kenys\u00e9gek (pl. k\u00f6nyvel\u00e9s) elv\u00e9gz\u00e9s\u00e9hez sz\u00fcks\u00e9ges. A marketingadatok tekintet\u00e9ben az adatok feldolgoz\u00e1sa nem tart tov\u00e1bb 3 \u00e9vn\u00e9l.<\/li>\n\n\n\n<li>\u00d6n jogosult arra, hogy k\u00e9rje a rendszergazd\u00e1t\u00f3l:\n<ul class=\"wp-block-list\">\n<li>az \u00d6nre vonatkoz\u00f3 szem\u00e9lyes adatokhoz val\u00f3 hozz\u00e1f\u00e9r\u00e9s,<\/li>\n\n\n\n<li>azok kijav\u00edt\u00e1sa,<\/li>\n\n\n\n<li>t\u00f6rl\u00e9sek,<\/li>\n\n\n\n<li>a feldolgoz\u00e1s korl\u00e1toz\u00e1sa,<\/li>\n\n\n\n<li>\u00e9s az adatok hordozhat\u00f3s\u00e1ga.<\/li>\n<\/ul>\n<\/li>\n\n\n\n<li>\u00d6n jogosult arra, hogy tiltakozzon a 3.3. c) pontban megjel\u00f6lt adatkezel\u00e9s ellen, ha szem\u00e9lyes adatainak kezel\u00e9se az Adatkezel\u0151 jogos \u00e9rdekeinek \u00e9rv\u00e9nyes\u00edt\u00e9s\u00e9re t\u00f6rt\u00e9nik, ide\u00e9rtve a profilalkot\u00e1st is, azzal, hogy a tiltakoz\u00e1s joga nem gyakorolhat\u00f3, ha az adatkezel\u00e9snek olyan jogos indokai vannak, amelyek els\u0151bbs\u00e9get \u00e9lveznek az \u00d6n \u00e9rdekeivel, jogaival \u00e9s szabads\u00e1gaival szemben, k\u00fcl\u00f6n\u00f6sen k\u00f6vetel\u00e9sek el\u0151terjeszt\u00e9se, \u00e9rv\u00e9nyes\u00edt\u00e9se vagy v\u00e9delme \u00e9rdek\u00e9ben.<\/li>\n\n\n\n<li>Az \u00fcgyint\u00e9z\u0151 elj\u00e1r\u00e1sa ellen panasszal lehet \u00e9lni a Szem\u00e9lyes Adatok V\u00e9delm\u00e9\u00e9rt Felel\u0151s Hivatal eln\u00f6k\u00e9n\u00e9l, ul. Stawki 2, 00-193 Vars\u00f3.<\/li>\n\n\n\n<li>A szem\u00e9lyes adatok megad\u00e1sa \u00f6nk\u00e9ntes, de a Szolg\u00e1ltat\u00e1s m\u0171k\u00f6d\u00e9s\u00e9hez sz\u00fcks\u00e9ges.<\/li>\n\n\n\n<li>\u00d6nnel kapcsolatban automatiz\u00e1lt d\u00f6nt\u00e9shozatalra, bele\u00e9rtve a profilalkot\u00e1st is, a megk\u00f6t\u00f6tt szerz\u0151d\u00e9s szerinti szolg\u00e1ltat\u00e1sok ny\u00fajt\u00e1sa \u00e9s az Adatkezel\u0151 \u00e1ltal v\u00e9gzett k\u00f6zvetlen marketing c\u00e9lj\u00e1b\u00f3l ker\u00fclhet sor.<\/li>\n\n\n\n<li>Az adatv\u00e9delmi jogszab\u00e1lyok \u00e9rtelm\u00e9ben szem\u00e9lyes adatokat nem tov\u00e1bb\u00edtunk harmadik orsz\u00e1gokb\u00f3l. Ez azt jelenti, hogy nem k\u00fcldj\u00fck \u0151ket az Eur\u00f3pai Uni\u00f3n k\u00edv\u00fclre.<\/li>\n<\/ol>\n\n<h2 class=\"wp-block-heading\"><strong>5. a nyomtatv\u00e1nyokon szerepl\u0151 inform\u00e1ci\u00f3k<\/strong><\/h2>\n\n<ol class=\"wp-block-list\">\n<li>A weboldal a felhaszn\u00e1l\u00f3 \u00e1ltal \u00f6nk\u00e9ntesen megadott inform\u00e1ci\u00f3kat gy\u0171jti, bele\u00e9rtve a szem\u00e9lyes adatokat is, amennyiben azokat megadta.<\/li>\n\n\n\n<li>A szolg\u00e1ltat\u00e1s k\u00e9pes elmenteni a kapcsolati param\u00e9terekre vonatkoz\u00f3 inform\u00e1ci\u00f3kat (id\u0151b\u00e9lyegz\u0151, IP-c\u00edm).<\/li>\n\n\n\n<li>A szolg\u00e1ltat\u00e1s bizonyos esetekben olyan inform\u00e1ci\u00f3kat r\u00f6gz\u00edthet, amelyek seg\u00edtenek \u00f6sszekapcsolni az \u0171rlapon szerepl\u0151 adatokat az \u0171rlapot kit\u00f6lt\u0151 felhaszn\u00e1l\u00f3 e-mail c\u00edm\u00e9vel. Ebben az esetben a felhaszn\u00e1l\u00f3 e-mail c\u00edme az \u0171rlapot tartalmaz\u00f3 oldal url-j\u00e9n bel\u00fcl jelenik meg.<\/li>\n\n\n\n<li>Az \u0171rlapon megadott adatokat az adott \u0171rlap funkci\u00f3j\u00e1b\u00f3l ad\u00f3d\u00f3 c\u00e9lb\u00f3l dolgozzuk fel, pl. szolg\u00e1ltat\u00e1si k\u00e9relem vagy \u00fczleti kapcsolatfelv\u00e9tel, szolg\u00e1ltat\u00e1sok regisztr\u00e1ci\u00f3ja stb. c\u00e9lj\u00e1b\u00f3l. Az \u0171rlap kontextusa \u00e9s le\u00edr\u00e1sa minden alkalommal egy\u00e9rtelm\u0171en k\u00f6zli, hogy mire szolg\u00e1l.<\/li>\n<\/ol>\n\n<h2 class=\"wp-block-heading\"><strong>6 Adminisztr\u00e1tori napl\u00f3k<\/strong><\/h2>\n\n<ol class=\"wp-block-list\">\n<li>A webhelyen a felhaszn\u00e1l\u00f3i viselked\u00e9ssel kapcsolatos inform\u00e1ci\u00f3k napl\u00f3z\u00e1sra ker\u00fclhetnek. Ezeket az adatokat a weboldal adminisztr\u00e1ci\u00f3j\u00e1hoz haszn\u00e1ljuk.<\/li>\n<\/ol>\n\n<h2 class=\"wp-block-heading\"><strong>7 Relev\u00e1ns marketing technik\u00e1k<\/strong><\/h2>\n\n<ol class=\"wp-block-list\">\n<li>Az \u00fczemeltet\u0151 a weboldal forgalm\u00e1nak statisztikai elemz\u00e9s\u00e9t a Google Analytics (Google Inc., sz\u00e9khelye: USA) seg\u00edts\u00e9g\u00e9vel v\u00e9gzi. Az \u00fczemeltet\u0151 nem tov\u00e1bb\u00edt szem\u00e9lyes adatokat a szolg\u00e1ltat\u00e1s \u00fczemeltet\u0151j\u00e9nek, csak anonimiz\u00e1lt inform\u00e1ci\u00f3kat. A szolg\u00e1ltat\u00e1s a felhaszn\u00e1l\u00f3 v\u00e9gberendez\u00e9s\u00e9n cookie-k haszn\u00e1lat\u00e1n alapul. A Google hirdet\u00e9si h\u00e1l\u00f3zat \u00e1ltal gy\u0171jt\u00f6tt, a felhaszn\u00e1l\u00f3i preferenci\u00e1kra vonatkoz\u00f3 inform\u00e1ci\u00f3k tekintet\u00e9ben a felhaszn\u00e1l\u00f3 a k\u00f6vetkez\u0151 eszk\u00f6zzel megtekintheti \u00e9s szerkesztheti a cookie-kb\u00f3l sz\u00e1rmaz\u00f3 inform\u00e1ci\u00f3kat: https:\/\/www.google.com\/ads\/preferences\/.<\/li>\n\n\n\n<li>Az \u00dczemeltet\u0151 remarketing technik\u00e1kat alkalmaz, hogy a rekl\u00e1m\u00fczeneteket a felhaszn\u00e1l\u00f3 weboldalon tan\u00fas\u00edtott viselked\u00e9s\u00e9hez igaz\u00edtsa, ami azt az ill\u00fazi\u00f3t keltheti, hogy a felhaszn\u00e1l\u00f3 szem\u00e9lyes adatait a felhaszn\u00e1l\u00f3 nyomon k\u00f6vet\u00e9s\u00e9re haszn\u00e1lj\u00e1k, de a gyakorlatban az \u00dczemeltet\u0151 nem tov\u00e1bb\u00edt szem\u00e9lyes adatokat a rekl\u00e1mszolg\u00e1ltat\u00f3knak. Ennek technol\u00f3giai el\u0151felt\u00e9tele, hogy a s\u00fctik enged\u00e9lyezve legyenek.<\/li>\n\n\n\n<li>Az \u00fczemeltet\u0151 a Facebook pixelt haszn\u00e1lja. Ez a technol\u00f3gia azt jelenti, hogy a Facebook (Facebook Inc., sz\u00e9khelye: USA) tudja, hogy egy n\u00e1la regisztr\u00e1lt szem\u00e9ly haszn\u00e1lja a szolg\u00e1ltat\u00e1st. Ebben az esetben az \u00fczemeltet\u0151 nem ad \u00e1t tov\u00e1bbi szem\u00e9lyes adatokat a Facebooknak. A szolg\u00e1ltat\u00e1s a felhaszn\u00e1l\u00f3 v\u00e9gberendez\u00e9s\u00e9n cookie-k haszn\u00e1lat\u00e1n alapul.<\/li>\n\n\n\n<li>Az \u00dczemeltet\u0151 olyan megold\u00e1st haszn\u00e1l, amely automatiz\u00e1lja a Weboldal m\u0171k\u00f6d\u00e9s\u00e9t a felhaszn\u00e1l\u00f3kkal kapcsolatban, p\u00e9ld\u00e1ul egy adott aloldal megl\u00e1togat\u00e1sa ut\u00e1n e-mailt k\u00fcldhet a felhaszn\u00e1l\u00f3nak, felt\u00e9ve, hogy a felhaszn\u00e1l\u00f3 beleegyezett, hogy kereskedelmi leveleket kapjon az \u00dczemeltet\u0151t\u0151l.<\/li>\n<\/ol>\n\n<h2 class=\"wp-block-heading\"><strong>8 Inform\u00e1ci\u00f3k a s\u00fctikr\u0151l<\/strong><\/h2>\n\n<ol class=\"wp-block-list\">\n<li>A weboldal s\u00fctiket haszn\u00e1l.<\/li>\n\n\n\n<li>A s\u00fctik (\u00fan. &#8222;cookie-k&#8221;) olyan informatikai adatok, k\u00fcl\u00f6n\u00f6sen sz\u00f6veges f\u00e1jlok, amelyeket a Szolg\u00e1ltat\u00e1s ig\u00e9nybe vev\u0151j\u00e9nek v\u00e9gberendez\u00e9se t\u00e1rol, \u00e9s amelyek a Weboldalon val\u00f3 haszn\u00e1latra szolg\u00e1lnak. A s\u00fctik \u00e1ltal\u00e1ban tartalmazz\u00e1k annak a weboldalnak a nev\u00e9t, ahonnan sz\u00e1rmaznak, a t\u00e1rol\u00e1s id\u0151tartam\u00e1t a v\u00e9gberendez\u00e9sen \u00e9s egy egyedi sz\u00e1mot.<\/li>\n\n\n\n<li>Az a szervezet, amely cookie-kat helyez el a Szolg\u00e1ltat\u00e1s ig\u00e9nybe vev\u0151j\u00e9nek v\u00e9gberendez\u00e9s\u00e9n \u00e9s hozz\u00e1f\u00e9r a cookie-khoz, a Szolg\u00e1ltat\u00e1s \u00fczemeltet\u0151je.<\/li>\n\n\n\n<li>A s\u00fctiket a k\u00f6vetkez\u0151 c\u00e9lokra haszn\u00e1ljuk:\n<ol class=\"wp-block-list\">\n<li>a Weboldal felhaszn\u00e1l\u00f3j\u00e1nak munkamenet\u00e9nek fenntart\u00e1sa (a bejelentkez\u00e9s ut\u00e1n), amelynek k\u00f6sz\u00f6nhet\u0151en a felhaszn\u00e1l\u00f3nak nem kell a Weboldal minden egyes aloldal\u00e1n \u00fajra megadni a bejelentkez\u00e9si adatait \u00e9s jelszav\u00e1t;<\/li>\n\n\n\n<li>a fentiekben az &#8222;Alapvet\u0151 marketingtechnik\u00e1k&#8221; alatt meghat\u00e1rozott c\u00e9lok el\u00e9r\u00e9se \u00e9rdek\u00e9ben;<\/li>\n<\/ol>\n<\/li>\n\n\n\n<li>A Weboldal k\u00e9t f\u0151 s\u00fctit\u00edpust haszn\u00e1l: &#8222;munkamenet s\u00fctik&#8221; \u00e9s &#8222;\u00e1lland\u00f3 s\u00fctik&#8221; (tart\u00f3s s\u00fctik). A &#8222;munkamenet&#8221; s\u00fctik olyan ideiglenes f\u00e1jlok, amelyek a Felhaszn\u00e1l\u00f3 v\u00e9gberendez\u00e9s\u00e9n t\u00e1rol\u00f3dnak, am\u00edg a Felhaszn\u00e1l\u00f3 ki nem jelentkezik, el nem hagyja a weboldalt vagy ki nem kapcsolja a szoftvert (webb\u00f6ng\u00e9sz\u0151t). Az &#8222;\u00e1lland\u00f3&#8221; s\u00fctiket a Felhaszn\u00e1l\u00f3 v\u00e9gberendez\u00e9s\u00e9n a s\u00fctik param\u00e9tereiben meghat\u00e1rozott ideig vagy a Felhaszn\u00e1l\u00f3 \u00e1ltali t\u00f6rl\u00e9s\u00fckig t\u00e1rolj\u00e1k.<\/li>\n\n\n\n<li>A webb\u00f6ng\u00e9sz\u0151 szoftver (webb\u00f6ng\u00e9sz\u0151) \u00e1ltal\u00e1ban alap\u00e9rtelmez\u00e9s szerint lehet\u0151v\u00e9 teszi a s\u00fctik t\u00e1rol\u00e1s\u00e1t a Felhaszn\u00e1l\u00f3 v\u00e9gberendez\u00e9s\u00e9n. A Szolg\u00e1ltat\u00e1s felhaszn\u00e1l\u00f3i megv\u00e1ltoztathatj\u00e1k az erre vonatkoz\u00f3 be\u00e1ll\u00edt\u00e1saikat. A webb\u00f6ng\u00e9sz\u0151je lehet\u0151v\u00e9 teszi a s\u00fctik t\u00f6rl\u00e9s\u00e9t. Lehet\u0151s\u00e9g van a s\u00fctik automatikus blokkol\u00e1s\u00e1ra is A r\u00e9szletek\u00e9rt k\u00e9rj\u00fck, olvassa el a b\u00f6ng\u00e9sz\u0151 s\u00fag\u00f3j\u00e1t vagy dokument\u00e1ci\u00f3j\u00e1t.<\/li>\n\n\n\n<li>A s\u00fctik haszn\u00e1lat\u00e1nak korl\u00e1toz\u00e1sa befoly\u00e1solhatja a Weboldalon el\u00e9rhet\u0151 funkci\u00f3k egy r\u00e9sz\u00e9t.<\/li>\n\n\n\n<li>A Szolg\u00e1ltat\u00e1s ig\u00e9nybe vev\u0151j\u00e9nek v\u00e9gberendez\u00e9s\u00e9ben elhelyezett s\u00fctiket a Szolg\u00e1ltat\u00e1s \u00fczemeltet\u0151j\u00e9vel egy\u00fcttm\u0171k\u00f6d\u0151 szervezetek, k\u00fcl\u00f6n\u00f6sen v\u00e1llalatok is haszn\u00e1lhatj\u00e1k: Google (Google Inc., sz\u00e9khely: USA), Facebook (Facebook Inc., sz\u00e9khely: USA), Twitter (Twitter Inc., sz\u00e9khely: USA).<\/li>\n<\/ol>\n\n<h2 class=\"wp-block-heading\"><strong>9. S\u00fctik kezel\u00e9se &#8211; hogyan adhat\u00f3 \u00e9s vonhat\u00f3 vissza a hozz\u00e1j\u00e1rul\u00e1s a gyakorlatban?<\/strong><\/h2>\n\n<ol class=\"wp-block-list\">\n<li>Ha nem szeretne s\u00fctiket kapni, megv\u00e1ltoztathatja b\u00f6ng\u00e9sz\u0151je be\u00e1ll\u00edt\u00e1sait. Felh\u00edvjuk figyelm\u00e9t, hogy a hiteles\u00edt\u00e9si folyamatokhoz, a biztons\u00e1ghoz \u00e9s a felhaszn\u00e1l\u00f3i be\u00e1ll\u00edt\u00e1sok fenntart\u00e1s\u00e1hoz elengedhetetlen s\u00fctik letilt\u00e1sa megnehez\u00edtheti, sz\u00e9ls\u0151s\u00e9ges esetben pedig lehetetlenn\u00e9 teheti a weboldalak haszn\u00e1lat\u00e1t.<\/li>\n\n\n\n<li>A cookie-be\u00e1ll\u00edt\u00e1sok kezel\u00e9s\u00e9hez v\u00e1lassza ki az \u00d6n \u00e1ltal haszn\u00e1lt b\u00f6ng\u00e9sz\u0151t az al\u00e1bbi list\u00e1b\u00f3l, \u00e9s k\u00f6vesse az utas\u00edt\u00e1sokat:<ul><li><a href=\"https:\/\/support.microsoft.com\/pl-pl\/help\/10607\/microsoft-edge-view-delete-browser-history\">Edge<\/a><\/li><li><a href=\"https:\/\/support.microsoft.com\/pl-pl\/help\/278835\/how-to-delete-cookie-files-in-internet-explorer\">Internet Explorer<\/a><\/li><li><a href=\"http:\/\/support.google.com\/chrome\/bin\/answer.py?hl=pl&amp;answer=95647\">Kr\u00f3m<\/a><\/li><li><a href=\"http:\/\/support.apple.com\/kb\/PH5042\">Szafari<\/a><\/li><li><a href=\"http:\/\/support.mozilla.org\/pl\/kb\/W%C5%82%C4%85czanie%20i%20wy%C5%82%C4%85czanie%20obs%C5%82ugi%20ciasteczek\">Firefox<\/a><\/li><li><a href=\"http:\/\/help.opera.com\/Windows\/12.10\/pl\/cookies.html\">Opera<\/a><\/li><\/ul>Mobil eszk\u00f6z\u00f6k:\n<ul class=\"wp-block-list\">\n<li><a href=\"http:\/\/support.google.com\/chrome\/bin\/answer.py?hl=pl&amp;answer=95647\">Android<\/a><\/li>\n\n\n\n<li><a href=\"http:\/\/support.apple.com\/kb\/HT1677?viewlocale=pl_PL\">Safari (iOS)<\/a><\/li>\n\n\n\n<li><a href=\"http:\/\/www.windowsphone.com\/pl-pl\/how-to\/wp7\/web\/changing-privacy-and-other-browser-settings\">Windows Phone<\/a><\/li>\n<\/ul>\n<\/li>\n<\/ol>\n\n<p><\/p>\n","protected":false},"excerpt":{"rendered":"<p>1. \u00c1ltal\u00e1nos inform\u00e1ci\u00f3k 2. Az \u00fczemeltet\u0151 \u00e1ltal alkalmazott kiv\u00e1lasztott adatv\u00e9delmi m\u00f3dszerek 3. Hosting 4. Az \u00d6n jogai \u00e9s tov\u00e1bbi inform\u00e1ci\u00f3k az adatai felhaszn\u00e1l\u00e1s\u00e1nak m\u00f3dj\u00e1r\u00f3l 5. a nyomtatv\u00e1nyokon szerepl\u0151 inform\u00e1ci\u00f3k 6 Adminisztr\u00e1tori napl\u00f3k 7 Relev\u00e1ns marketing technik\u00e1k 8 Inform\u00e1ci\u00f3k a s\u00fctikr\u0151l 9. S\u00fctik kezel\u00e9se &#8211; hogyan adhat\u00f3 \u00e9s vonhat\u00f3 vissza a hozz\u00e1j\u00e1rul\u00e1s a gyakorlatban?<\/p>\n","protected":false},"author":1,"featured_media":0,"parent":0,"menu_order":0,"comment_status":"closed","ping_status":"closed","template":"","meta":{"_acf_changed":false,"inline_featured_image":false,"footnotes":""},"class_list":["post-8546","page","type-page","status-publish","hentry"],"acf":[],"yoast_head":"<!-- This site is optimized with the Yoast SEO plugin v27.3 - https:\/\/yoast.com\/product\/yoast-seo-wordpress\/ -->\n<title>Adatv\u00e9delmi szab\u00e1lyzat - Exparto.pl<\/title>\n<meta name=\"robots\" content=\"index, follow, max-snippet:-1, max-image-preview:large, max-video-preview:-1\" \/>\n<link rel=\"canonical\" href=\"https:\/\/exparto.pl\/hu\/adatvedelmi-szabalyzat\/\" \/>\n<meta property=\"og:locale\" content=\"hu_HU\" \/>\n<meta property=\"og:type\" content=\"article\" \/>\n<meta property=\"og:title\" content=\"Adatv\u00e9delmi szab\u00e1lyzat - Exparto.pl\" \/>\n<meta property=\"og:description\" content=\"1. \u00c1ltal\u00e1nos inform\u00e1ci\u00f3k 2. Az \u00fczemeltet\u0151 \u00e1ltal alkalmazott kiv\u00e1lasztott adatv\u00e9delmi m\u00f3dszerek 3. Hosting 4. Az \u00d6n jogai \u00e9s tov\u00e1bbi inform\u00e1ci\u00f3k az adatai felhaszn\u00e1l\u00e1s\u00e1nak m\u00f3dj\u00e1r\u00f3l 5. a nyomtatv\u00e1nyokon szerepl\u0151 inform\u00e1ci\u00f3k 6 Adminisztr\u00e1tori napl\u00f3k 7 Relev\u00e1ns marketing technik\u00e1k 8 Inform\u00e1ci\u00f3k a s\u00fctikr\u0151l 9. S\u00fctik kezel\u00e9se &#8211; hogyan adhat\u00f3 \u00e9s vonhat\u00f3 vissza a hozz\u00e1j\u00e1rul\u00e1s a gyakorlatban?\" \/>\n<meta property=\"og:url\" content=\"https:\/\/exparto.pl\/hu\/adatvedelmi-szabalyzat\/\" \/>\n<meta property=\"og:site_name\" content=\"Exparto.pl\" \/>\n<meta property=\"article:publisher\" content=\"https:\/\/www.facebook.com\/exparto.agro\/\" \/>\n<meta property=\"article:modified_time\" content=\"2023-11-09T16:10:09+00:00\" \/>\n<meta name=\"twitter:card\" content=\"summary_large_image\" \/>\n<meta name=\"twitter:label1\" content=\"Becs\u00fclt olvas\u00e1si id\u0151\" \/>\n\t<meta name=\"twitter:data1\" content=\"9 perc\" \/>\n<script type=\"application\/ld+json\" class=\"yoast-schema-graph\">{\"@context\":\"https:\\\/\\\/schema.org\",\"@graph\":[{\"@type\":\"WebPage\",\"@id\":\"https:\\\/\\\/exparto.pl\\\/hu\\\/adatvedelmi-szabalyzat\\\/\",\"url\":\"https:\\\/\\\/exparto.pl\\\/hu\\\/adatvedelmi-szabalyzat\\\/\",\"name\":\"Adatv\u00e9delmi szab\u00e1lyzat - Exparto.pl\",\"isPartOf\":{\"@id\":\"https:\\\/\\\/exparto.pl\\\/hu\\\/#website\"},\"datePublished\":\"2022-11-25T12:05:44+00:00\",\"dateModified\":\"2023-11-09T16:10:09+00:00\",\"breadcrumb\":{\"@id\":\"https:\\\/\\\/exparto.pl\\\/hu\\\/adatvedelmi-szabalyzat\\\/#breadcrumb\"},\"inLanguage\":\"hu\",\"potentialAction\":[{\"@type\":\"ReadAction\",\"target\":[\"https:\\\/\\\/exparto.pl\\\/hu\\\/adatvedelmi-szabalyzat\\\/\"]}]},{\"@type\":\"BreadcrumbList\",\"@id\":\"https:\\\/\\\/exparto.pl\\\/hu\\\/adatvedelmi-szabalyzat\\\/#breadcrumb\",\"itemListElement\":[{\"@type\":\"ListItem\",\"position\":1,\"name\":\"Honlap\",\"item\":\"https:\\\/\\\/exparto.pl\\\/hu\\\/\"},{\"@type\":\"ListItem\",\"position\":2,\"name\":\"Adatv\u00e9delmi szab\u00e1lyzat\"}]},{\"@type\":\"WebSite\",\"@id\":\"https:\\\/\\\/exparto.pl\\\/hu\\\/#website\",\"url\":\"https:\\\/\\\/exparto.pl\\\/hu\\\/\",\"name\":\"EXPARTO\",\"description\":\"More than agro parts\",\"publisher\":{\"@id\":\"https:\\\/\\\/exparto.pl\\\/hu\\\/#organization\"},\"potentialAction\":[{\"@type\":\"SearchAction\",\"target\":{\"@type\":\"EntryPoint\",\"urlTemplate\":\"https:\\\/\\\/exparto.pl\\\/hu\\\/?s={search_term_string}\"},\"query-input\":{\"@type\":\"PropertyValueSpecification\",\"valueRequired\":true,\"valueName\":\"search_term_string\"}}],\"inLanguage\":\"hu\"},{\"@type\":\"Organization\",\"@id\":\"https:\\\/\\\/exparto.pl\\\/hu\\\/#organization\",\"name\":\"EXPARTO\",\"url\":\"https:\\\/\\\/exparto.pl\\\/hu\\\/\",\"logo\":{\"@type\":\"ImageObject\",\"inLanguage\":\"hu\",\"@id\":\"https:\\\/\\\/exparto.pl\\\/hu\\\/#\\\/schema\\\/logo\\\/image\\\/\",\"url\":\"https:\\\/\\\/exparto.pl\\\/wp-content\\\/uploads\\\/2023\\\/02\\\/logo-wektor.png\",\"contentUrl\":\"https:\\\/\\\/exparto.pl\\\/wp-content\\\/uploads\\\/2023\\\/02\\\/logo-wektor.png\",\"width\":1338,\"height\":143,\"caption\":\"EXPARTO\"},\"image\":{\"@id\":\"https:\\\/\\\/exparto.pl\\\/hu\\\/#\\\/schema\\\/logo\\\/image\\\/\"},\"sameAs\":[\"https:\\\/\\\/www.facebook.com\\\/exparto.agro\\\/\"]}]}<\/script>\n<!-- \/ Yoast SEO plugin. -->","yoast_head_json":{"title":"Adatv\u00e9delmi szab\u00e1lyzat - Exparto.pl","robots":{"index":"index","follow":"follow","max-snippet":"max-snippet:-1","max-image-preview":"max-image-preview:large","max-video-preview":"max-video-preview:-1"},"canonical":"https:\/\/exparto.pl\/hu\/adatvedelmi-szabalyzat\/","og_locale":"hu_HU","og_type":"article","og_title":"Adatv\u00e9delmi szab\u00e1lyzat - Exparto.pl","og_description":"1. \u00c1ltal\u00e1nos inform\u00e1ci\u00f3k 2. Az \u00fczemeltet\u0151 \u00e1ltal alkalmazott kiv\u00e1lasztott adatv\u00e9delmi m\u00f3dszerek 3. Hosting 4. Az \u00d6n jogai \u00e9s tov\u00e1bbi inform\u00e1ci\u00f3k az adatai felhaszn\u00e1l\u00e1s\u00e1nak m\u00f3dj\u00e1r\u00f3l 5. a nyomtatv\u00e1nyokon szerepl\u0151 inform\u00e1ci\u00f3k 6 Adminisztr\u00e1tori napl\u00f3k 7 Relev\u00e1ns marketing technik\u00e1k 8 Inform\u00e1ci\u00f3k a s\u00fctikr\u0151l 9. S\u00fctik kezel\u00e9se &#8211; hogyan adhat\u00f3 \u00e9s vonhat\u00f3 vissza a hozz\u00e1j\u00e1rul\u00e1s a gyakorlatban?","og_url":"https:\/\/exparto.pl\/hu\/adatvedelmi-szabalyzat\/","og_site_name":"Exparto.pl","article_publisher":"https:\/\/www.facebook.com\/exparto.agro\/","article_modified_time":"2023-11-09T16:10:09+00:00","twitter_card":"summary_large_image","twitter_misc":{"Becs\u00fclt olvas\u00e1si id\u0151":"9 perc"},"schema":{"@context":"https:\/\/schema.org","@graph":[{"@type":"WebPage","@id":"https:\/\/exparto.pl\/hu\/adatvedelmi-szabalyzat\/","url":"https:\/\/exparto.pl\/hu\/adatvedelmi-szabalyzat\/","name":"Adatv\u00e9delmi szab\u00e1lyzat - Exparto.pl","isPartOf":{"@id":"https:\/\/exparto.pl\/hu\/#website"},"datePublished":"2022-11-25T12:05:44+00:00","dateModified":"2023-11-09T16:10:09+00:00","breadcrumb":{"@id":"https:\/\/exparto.pl\/hu\/adatvedelmi-szabalyzat\/#breadcrumb"},"inLanguage":"hu","potentialAction":[{"@type":"ReadAction","target":["https:\/\/exparto.pl\/hu\/adatvedelmi-szabalyzat\/"]}]},{"@type":"BreadcrumbList","@id":"https:\/\/exparto.pl\/hu\/adatvedelmi-szabalyzat\/#breadcrumb","itemListElement":[{"@type":"ListItem","position":1,"name":"Honlap","item":"https:\/\/exparto.pl\/hu\/"},{"@type":"ListItem","position":2,"name":"Adatv\u00e9delmi szab\u00e1lyzat"}]},{"@type":"WebSite","@id":"https:\/\/exparto.pl\/hu\/#website","url":"https:\/\/exparto.pl\/hu\/","name":"EXPARTO","description":"More than agro parts","publisher":{"@id":"https:\/\/exparto.pl\/hu\/#organization"},"potentialAction":[{"@type":"SearchAction","target":{"@type":"EntryPoint","urlTemplate":"https:\/\/exparto.pl\/hu\/?s={search_term_string}"},"query-input":{"@type":"PropertyValueSpecification","valueRequired":true,"valueName":"search_term_string"}}],"inLanguage":"hu"},{"@type":"Organization","@id":"https:\/\/exparto.pl\/hu\/#organization","name":"EXPARTO","url":"https:\/\/exparto.pl\/hu\/","logo":{"@type":"ImageObject","inLanguage":"hu","@id":"https:\/\/exparto.pl\/hu\/#\/schema\/logo\/image\/","url":"https:\/\/exparto.pl\/wp-content\/uploads\/2023\/02\/logo-wektor.png","contentUrl":"https:\/\/exparto.pl\/wp-content\/uploads\/2023\/02\/logo-wektor.png","width":1338,"height":143,"caption":"EXPARTO"},"image":{"@id":"https:\/\/exparto.pl\/hu\/#\/schema\/logo\/image\/"},"sameAs":["https:\/\/www.facebook.com\/exparto.agro\/"]}]}},"_links":{"self":[{"href":"https:\/\/exparto.pl\/hu\/wp-json\/wp\/v2\/pages\/8546","targetHints":{"allow":["GET"]}}],"collection":[{"href":"https:\/\/exparto.pl\/hu\/wp-json\/wp\/v2\/pages"}],"about":[{"href":"https:\/\/exparto.pl\/hu\/wp-json\/wp\/v2\/types\/page"}],"author":[{"embeddable":true,"href":"https:\/\/exparto.pl\/hu\/wp-json\/wp\/v2\/users\/1"}],"replies":[{"embeddable":true,"href":"https:\/\/exparto.pl\/hu\/wp-json\/wp\/v2\/comments?post=8546"}],"version-history":[{"count":0,"href":"https:\/\/exparto.pl\/hu\/wp-json\/wp\/v2\/pages\/8546\/revisions"}],"wp:attachment":[{"href":"https:\/\/exparto.pl\/hu\/wp-json\/wp\/v2\/media?parent=8546"}],"curies":[{"name":"wp","href":"https:\/\/api.w.org\/{rel}","templated":true}]}}