{"id":10000,"date":"2023-05-29T18:25:41","date_gmt":"2023-05-29T16:25:41","guid":{"rendered":"https:\/\/exparto.pl\/produkt\/figyelmezteto-lampa-ldo-2782\/"},"modified":"2023-05-29T18:25:41","modified_gmt":"2023-05-29T16:25:41","slug":"warning-lamp-ldo-2782","status":"publish","type":"product","link":"https:\/\/exparto.pl\/hu\/produkt\/warning-lamp-ldo-2782\/","title":{"rendered":"Figyelmeztet\u0151 l\u00e1mpa &#8211; LDO 2782"},"content":{"rendered":"<p style=\"margin-bottom: 1rem;text-align: justify\">Figyelmeztet\u0151 l\u00e1mpa HOR 121A\/XA1, LED, 12\/24 V, narancss\u00e1rga, 4 villog\u00f3 \u00fczemm\u00f3d, 1 f\u00e9nyer\u0151fokozat: \u00e9jszaka.<\/p>\n<p style=\"margin-bottom: 1rem;text-align: justify\"><b>L\u00e1mpa t\u00edpusa:<\/b> LED<\/p>\n","protected":false},"excerpt":{"rendered":"<p style=\"text-align: justify\">Figyelmeztet\u0151 l\u00e1mpa HOR 121A\/XA1, LED, 12\/24 V, narancss\u00e1rga sz\u00edn\u0171<\/p>\n","protected":false},"featured_media":7283,"comment_status":"open","ping_status":"closed","template":"","meta":{"_acf_changed":false,"inline_featured_image":false},"product_brand":[],"product_cat":[272],"product_tag":[],"class_list":{"0":"post-10000","1":"product","2":"type-product","3":"status-publish","4":"has-post-thumbnail","6":"product_cat-figyelmezteto-lampak","8":"first","9":"instock","10":"taxable","11":"shipping-taxable","12":"purchasable","13":"product-type-simple"},"acf":[],"yoast_head":"<!-- This site is optimized with the Yoast SEO plugin v27.2 - https:\/\/yoast.com\/product\/yoast-seo-wordpress\/ -->\n<title>Figyelmeztet\u0151 l\u00e1mpa - LDO 2782 - Exparto.pl<\/title>\n<meta name=\"robots\" content=\"index, follow, max-snippet:-1, max-image-preview:large, max-video-preview:-1\" \/>\n<link rel=\"canonical\" href=\"https:\/\/exparto.pl\/hu\/produkt\/warning-lamp-ldo-2782\/\" \/>\n<meta property=\"og:locale\" content=\"hu_HU\" \/>\n<meta property=\"og:type\" content=\"article\" \/>\n<meta property=\"og:title\" content=\"Figyelmeztet\u0151 l\u00e1mpa - LDO 2782 - Exparto.pl\" \/>\n<meta property=\"og:description\" content=\"Figyelmeztet\u0151 l\u00e1mpa HOR 121A\/XA1, LED, 12\/24 V, narancss\u00e1rga sz\u00edn\u0171\" \/>\n<meta property=\"og:url\" content=\"https:\/\/exparto.pl\/hu\/produkt\/warning-lamp-ldo-2782\/\" \/>\n<meta property=\"og:site_name\" content=\"Exparto.pl\" \/>\n<meta property=\"article:publisher\" content=\"https:\/\/www.facebook.com\/exparto.agro\/\" \/>\n<meta property=\"og:image\" content=\"https:\/\/exparto.pl\/wp-content\/uploads\/2023\/05\/f63a38e869fa967b195fb5d4693bff5b.jpg\" \/>\n\t<meta property=\"og:image:width\" content=\"1000\" \/>\n\t<meta property=\"og:image:height\" content=\"1000\" \/>\n\t<meta property=\"og:image:type\" content=\"image\/jpeg\" \/>\n<meta name=\"twitter:card\" content=\"summary_large_image\" \/>\n<script type=\"application\/ld+json\" class=\"yoast-schema-graph\">{\"@context\":\"https:\/\/schema.org\",\"@graph\":[{\"@type\":\"WebPage\",\"@id\":\"https:\/\/exparto.pl\/hu\/produkt\/warning-lamp-ldo-2782\/\",\"url\":\"https:\/\/exparto.pl\/hu\/produkt\/warning-lamp-ldo-2782\/\",\"name\":\"Figyelmeztet\u0151 l\u00e1mpa - LDO 2782 - Exparto.pl\",\"isPartOf\":{\"@id\":\"https:\/\/exparto.pl\/hu\/#website\"},\"primaryImageOfPage\":{\"@id\":\"https:\/\/exparto.pl\/hu\/produkt\/warning-lamp-ldo-2782\/#primaryimage\"},\"image\":{\"@id\":\"https:\/\/exparto.pl\/hu\/produkt\/warning-lamp-ldo-2782\/#primaryimage\"},\"thumbnailUrl\":\"https:\/\/exparto.pl\/wp-content\/uploads\/2023\/05\/f63a38e869fa967b195fb5d4693bff5b.jpg\",\"datePublished\":\"2023-05-29T16:25:41+00:00\",\"breadcrumb\":{\"@id\":\"https:\/\/exparto.pl\/hu\/produkt\/warning-lamp-ldo-2782\/#breadcrumb\"},\"inLanguage\":\"hu\",\"potentialAction\":[{\"@type\":\"ReadAction\",\"target\":[\"https:\/\/exparto.pl\/hu\/produkt\/warning-lamp-ldo-2782\/\"]}]},{\"@type\":\"ImageObject\",\"inLanguage\":\"hu\",\"@id\":\"https:\/\/exparto.pl\/hu\/produkt\/warning-lamp-ldo-2782\/#primaryimage\",\"url\":\"https:\/\/exparto.pl\/wp-content\/uploads\/2023\/05\/f63a38e869fa967b195fb5d4693bff5b.jpg\",\"contentUrl\":\"https:\/\/exparto.pl\/wp-content\/uploads\/2023\/05\/f63a38e869fa967b195fb5d4693bff5b.jpg\",\"width\":1000,\"height\":1000},{\"@type\":\"BreadcrumbList\",\"@id\":\"https:\/\/exparto.pl\/hu\/produkt\/warning-lamp-ldo-2782\/#breadcrumb\",\"itemListElement\":[{\"@type\":\"ListItem\",\"position\":1,\"name\":\"Honlap\",\"item\":\"https:\/\/exparto.pl\/hu\/\"},{\"@type\":\"ListItem\",\"position\":2,\"name\":\"Sklep\",\"item\":\"https:\/\/exparto.pl\/sklep\/\"},{\"@type\":\"ListItem\",\"position\":3,\"name\":\"Vil\u00e1g\u00edt\u00e1s\",\"item\":\"https:\/\/exparto.pl\/hu\/termekkategoria\/vilagitas\/\"},{\"@type\":\"ListItem\",\"position\":4,\"name\":\"Figyelmeztet\u0151 l\u00e1mp\u00e1k\",\"item\":\"https:\/\/exparto.pl\/hu\/termekkategoria\/vilagitas\/figyelmezteto-lampak\/\"},{\"@type\":\"ListItem\",\"position\":5,\"name\":\"Figyelmeztet\u0151 l\u00e1mpa &#8211; LDO 2782\"}]},{\"@type\":\"WebSite\",\"@id\":\"https:\/\/exparto.pl\/hu\/#website\",\"url\":\"https:\/\/exparto.pl\/hu\/\",\"name\":\"EXPARTO\",\"description\":\"More than agro parts\",\"publisher\":{\"@id\":\"https:\/\/exparto.pl\/hu\/#organization\"},\"potentialAction\":[{\"@type\":\"SearchAction\",\"target\":{\"@type\":\"EntryPoint\",\"urlTemplate\":\"https:\/\/exparto.pl\/hu\/?s={search_term_string}\"},\"query-input\":{\"@type\":\"PropertyValueSpecification\",\"valueRequired\":true,\"valueName\":\"search_term_string\"}}],\"inLanguage\":\"hu\"},{\"@type\":\"Organization\",\"@id\":\"https:\/\/exparto.pl\/hu\/#organization\",\"name\":\"EXPARTO\",\"url\":\"https:\/\/exparto.pl\/hu\/\",\"logo\":{\"@type\":\"ImageObject\",\"inLanguage\":\"hu\",\"@id\":\"https:\/\/exparto.pl\/hu\/#\/schema\/logo\/image\/\",\"url\":\"https:\/\/exparto.pl\/wp-content\/uploads\/2023\/02\/logo-wektor.png\",\"contentUrl\":\"https:\/\/exparto.pl\/wp-content\/uploads\/2023\/02\/logo-wektor.png\",\"width\":1338,\"height\":143,\"caption\":\"EXPARTO\"},\"image\":{\"@id\":\"https:\/\/exparto.pl\/hu\/#\/schema\/logo\/image\/\"},\"sameAs\":[\"https:\/\/www.facebook.com\/exparto.agro\/\"]}]}<\/script>\n<!-- \/ Yoast SEO plugin. -->","yoast_head_json":{"title":"Figyelmeztet\u0151 l\u00e1mpa - LDO 2782 - Exparto.pl","robots":{"index":"index","follow":"follow","max-snippet":"max-snippet:-1","max-image-preview":"max-image-preview:large","max-video-preview":"max-video-preview:-1"},"canonical":"https:\/\/exparto.pl\/hu\/produkt\/warning-lamp-ldo-2782\/","og_locale":"hu_HU","og_type":"article","og_title":"Figyelmeztet\u0151 l\u00e1mpa - LDO 2782 - Exparto.pl","og_description":"Figyelmeztet\u0151 l\u00e1mpa HOR 121A\/XA1, LED, 12\/24 V, narancss\u00e1rga sz\u00edn\u0171","og_url":"https:\/\/exparto.pl\/hu\/produkt\/warning-lamp-ldo-2782\/","og_site_name":"Exparto.pl","article_publisher":"https:\/\/www.facebook.com\/exparto.agro\/","og_image":[{"width":1000,"height":1000,"url":"https:\/\/exparto.pl\/wp-content\/uploads\/2023\/05\/f63a38e869fa967b195fb5d4693bff5b.jpg","type":"image\/jpeg"}],"twitter_card":"summary_large_image","schema":{"@context":"https:\/\/schema.org","@graph":[{"@type":"WebPage","@id":"https:\/\/exparto.pl\/hu\/produkt\/warning-lamp-ldo-2782\/","url":"https:\/\/exparto.pl\/hu\/produkt\/warning-lamp-ldo-2782\/","name":"Figyelmeztet\u0151 l\u00e1mpa - LDO 2782 - Exparto.pl","isPartOf":{"@id":"https:\/\/exparto.pl\/hu\/#website"},"primaryImageOfPage":{"@id":"https:\/\/exparto.pl\/hu\/produkt\/warning-lamp-ldo-2782\/#primaryimage"},"image":{"@id":"https:\/\/exparto.pl\/hu\/produkt\/warning-lamp-ldo-2782\/#primaryimage"},"thumbnailUrl":"https:\/\/exparto.pl\/wp-content\/uploads\/2023\/05\/f63a38e869fa967b195fb5d4693bff5b.jpg","datePublished":"2023-05-29T16:25:41+00:00","breadcrumb":{"@id":"https:\/\/exparto.pl\/hu\/produkt\/warning-lamp-ldo-2782\/#breadcrumb"},"inLanguage":"hu","potentialAction":[{"@type":"ReadAction","target":["https:\/\/exparto.pl\/hu\/produkt\/warning-lamp-ldo-2782\/"]}]},{"@type":"ImageObject","inLanguage":"hu","@id":"https:\/\/exparto.pl\/hu\/produkt\/warning-lamp-ldo-2782\/#primaryimage","url":"https:\/\/exparto.pl\/wp-content\/uploads\/2023\/05\/f63a38e869fa967b195fb5d4693bff5b.jpg","contentUrl":"https:\/\/exparto.pl\/wp-content\/uploads\/2023\/05\/f63a38e869fa967b195fb5d4693bff5b.jpg","width":1000,"height":1000},{"@type":"BreadcrumbList","@id":"https:\/\/exparto.pl\/hu\/produkt\/warning-lamp-ldo-2782\/#breadcrumb","itemListElement":[{"@type":"ListItem","position":1,"name":"Honlap","item":"https:\/\/exparto.pl\/hu\/"},{"@type":"ListItem","position":2,"name":"Sklep","item":"https:\/\/exparto.pl\/sklep\/"},{"@type":"ListItem","position":3,"name":"Vil\u00e1g\u00edt\u00e1s","item":"https:\/\/exparto.pl\/hu\/termekkategoria\/vilagitas\/"},{"@type":"ListItem","position":4,"name":"Figyelmeztet\u0151 l\u00e1mp\u00e1k","item":"https:\/\/exparto.pl\/hu\/termekkategoria\/vilagitas\/figyelmezteto-lampak\/"},{"@type":"ListItem","position":5,"name":"Figyelmeztet\u0151 l\u00e1mpa &#8211; LDO 2782"}]},{"@type":"WebSite","@id":"https:\/\/exparto.pl\/hu\/#website","url":"https:\/\/exparto.pl\/hu\/","name":"EXPARTO","description":"More than agro parts","publisher":{"@id":"https:\/\/exparto.pl\/hu\/#organization"},"potentialAction":[{"@type":"SearchAction","target":{"@type":"EntryPoint","urlTemplate":"https:\/\/exparto.pl\/hu\/?s={search_term_string}"},"query-input":{"@type":"PropertyValueSpecification","valueRequired":true,"valueName":"search_term_string"}}],"inLanguage":"hu"},{"@type":"Organization","@id":"https:\/\/exparto.pl\/hu\/#organization","name":"EXPARTO","url":"https:\/\/exparto.pl\/hu\/","logo":{"@type":"ImageObject","inLanguage":"hu","@id":"https:\/\/exparto.pl\/hu\/#\/schema\/logo\/image\/","url":"https:\/\/exparto.pl\/wp-content\/uploads\/2023\/02\/logo-wektor.png","contentUrl":"https:\/\/exparto.pl\/wp-content\/uploads\/2023\/02\/logo-wektor.png","width":1338,"height":143,"caption":"EXPARTO"},"image":{"@id":"https:\/\/exparto.pl\/hu\/#\/schema\/logo\/image\/"},"sameAs":["https:\/\/www.facebook.com\/exparto.agro\/"]}]}},"_links":{"self":[{"href":"https:\/\/exparto.pl\/hu\/wp-json\/wp\/v2\/product\/10000","targetHints":{"allow":["GET"]}}],"collection":[{"href":"https:\/\/exparto.pl\/hu\/wp-json\/wp\/v2\/product"}],"about":[{"href":"https:\/\/exparto.pl\/hu\/wp-json\/wp\/v2\/types\/product"}],"replies":[{"embeddable":true,"href":"https:\/\/exparto.pl\/hu\/wp-json\/wp\/v2\/comments?post=10000"}],"wp:featuredmedia":[{"embeddable":true,"href":"https:\/\/exparto.pl\/hu\/wp-json\/wp\/v2\/media\/7283"}],"wp:attachment":[{"href":"https:\/\/exparto.pl\/hu\/wp-json\/wp\/v2\/media?parent=10000"}],"wp:term":[{"taxonomy":"product_brand","embeddable":true,"href":"https:\/\/exparto.pl\/hu\/wp-json\/wp\/v2\/product_brand?post=10000"},{"taxonomy":"product_cat","embeddable":true,"href":"https:\/\/exparto.pl\/hu\/wp-json\/wp\/v2\/product_cat?post=10000"},{"taxonomy":"product_tag","embeddable":true,"href":"https:\/\/exparto.pl\/hu\/wp-json\/wp\/v2\/product_tag?post=10000"}],"curies":[{"name":"wp","href":"https:\/\/api.w.org\/{rel}","templated":true}]}}