{"id":10022,"date":"2023-05-25T11:48:02","date_gmt":"2023-05-25T09:48:02","guid":{"rendered":"https:\/\/exparto.pl\/produkt\/jelzolampa-ldcc-2777\/"},"modified":"2023-05-25T11:48:02","modified_gmt":"2023-05-25T09:48:02","slug":"lampa-obrysowa-ldcc-2777","status":"publish","type":"product","link":"https:\/\/exparto.pl\/hu\/produkt\/lampa-obrysowa-ldcc-2777\/","title":{"rendered":"Jelz\u0151l\u00e1mpa &#8211; LDCC 2777"},"content":{"rendered":"<p style=\"margin-bottom: 1rem;text-align: justify\">HOR 101 h\u00e1romfunkci\u00f3s t\u00e1vols\u00e1gi l\u00e1mpa r\u00f6vid egyenes karon, kompatibilis tolat\u00f3l\u00e1mpa-\u00e9rz\u00e9kel\u0151vel, LED 12\/24 V, jobbra (kerek k\u00e1bel 2\u00d70,75 mm2, hossza 0,3 m).<\/p>\n<p style=\"margin-bottom: 1rem;text-align: justify\">&#8211; Els\u0151 jelz\u0151l\u00e1mpa (feh\u00e9r) -&gt; 1 LED feh\u00e9r 6500 K (hideg feh\u00e9r)<\/p>\n<p style=\"margin-bottom: 1rem;text-align: justify\">&#8211; h\u00e1ts\u00f3 helyzetjelz\u0151 l\u00e1mpa (piros) -&gt; 4 piros LED<\/p>\n<p style=\"margin-bottom: 1rem;text-align: justify\">&#8211; Oldals\u00f3 helyzetjelz\u0151 (narancss\u00e1rga) -&gt; 2 feh\u00e9r LED 2700 K (meleg feh\u00e9r)<\/p>\n","protected":false},"excerpt":{"rendered":"<p style=\"text-align: justify\">H\u00e1romszoros t\u00e1vols\u00e1gi l\u00e1mpa r\u00f6vid egyenes karon HOR 101<\/p>\n","protected":false},"featured_media":6907,"comment_status":"open","ping_status":"closed","template":"","meta":{"_acf_changed":false,"inline_featured_image":false},"product_brand":[],"product_cat":[267],"product_tag":[],"class_list":{"0":"post-10022","1":"product","2":"type-product","3":"status-publish","4":"has-post-thumbnail","6":"product_cat-vegso-kulso-meretjelzo-lampak","8":"first","9":"instock","10":"taxable","11":"shipping-taxable","12":"purchasable","13":"product-type-simple"},"acf":[],"yoast_head":"<!-- This site is optimized with the Yoast SEO plugin v27.3 - https:\/\/yoast.com\/product\/yoast-seo-wordpress\/ -->\n<title>Jelz\u0151l\u00e1mpa - LDCC 2777 - Exparto.pl<\/title>\n<meta name=\"robots\" content=\"index, follow, max-snippet:-1, max-image-preview:large, max-video-preview:-1\" \/>\n<link rel=\"canonical\" href=\"https:\/\/exparto.pl\/hu\/produkt\/lampa-obrysowa-ldcc-2777\/\" \/>\n<meta property=\"og:locale\" content=\"hu_HU\" \/>\n<meta property=\"og:type\" content=\"article\" \/>\n<meta property=\"og:title\" content=\"Jelz\u0151l\u00e1mpa - LDCC 2777 - Exparto.pl\" \/>\n<meta property=\"og:description\" content=\"H\u00e1romszoros t\u00e1vols\u00e1gi l\u00e1mpa r\u00f6vid egyenes karon HOR 101\" \/>\n<meta property=\"og:url\" content=\"https:\/\/exparto.pl\/hu\/produkt\/lampa-obrysowa-ldcc-2777\/\" \/>\n<meta property=\"og:site_name\" content=\"Exparto.pl\" \/>\n<meta property=\"article:publisher\" content=\"https:\/\/www.facebook.com\/exparto.agro\/\" \/>\n<meta property=\"og:image\" content=\"https:\/\/exparto.pl\/wp-content\/uploads\/2023\/05\/a3b05c3f592aa14b07f20c4fa452118a.png\" \/>\n\t<meta property=\"og:image:width\" content=\"1000\" \/>\n\t<meta property=\"og:image:height\" content=\"667\" \/>\n\t<meta property=\"og:image:type\" content=\"image\/png\" \/>\n<meta name=\"twitter:card\" content=\"summary_large_image\" \/>\n<script type=\"application\/ld+json\" class=\"yoast-schema-graph\">{\"@context\":\"https:\\\/\\\/schema.org\",\"@graph\":[{\"@type\":\"WebPage\",\"@id\":\"https:\\\/\\\/exparto.pl\\\/hu\\\/produkt\\\/lampa-obrysowa-ldcc-2777\\\/\",\"url\":\"https:\\\/\\\/exparto.pl\\\/hu\\\/produkt\\\/lampa-obrysowa-ldcc-2777\\\/\",\"name\":\"Jelz\u0151l\u00e1mpa - LDCC 2777 - Exparto.pl\",\"isPartOf\":{\"@id\":\"https:\\\/\\\/exparto.pl\\\/hu\\\/#website\"},\"primaryImageOfPage\":{\"@id\":\"https:\\\/\\\/exparto.pl\\\/hu\\\/produkt\\\/lampa-obrysowa-ldcc-2777\\\/#primaryimage\"},\"image\":{\"@id\":\"https:\\\/\\\/exparto.pl\\\/hu\\\/produkt\\\/lampa-obrysowa-ldcc-2777\\\/#primaryimage\"},\"thumbnailUrl\":\"https:\\\/\\\/exparto.pl\\\/wp-content\\\/uploads\\\/2023\\\/05\\\/a3b05c3f592aa14b07f20c4fa452118a.png\",\"datePublished\":\"2023-05-25T09:48:02+00:00\",\"breadcrumb\":{\"@id\":\"https:\\\/\\\/exparto.pl\\\/hu\\\/produkt\\\/lampa-obrysowa-ldcc-2777\\\/#breadcrumb\"},\"inLanguage\":\"hu\",\"potentialAction\":[{\"@type\":\"ReadAction\",\"target\":[\"https:\\\/\\\/exparto.pl\\\/hu\\\/produkt\\\/lampa-obrysowa-ldcc-2777\\\/\"]}]},{\"@type\":\"ImageObject\",\"inLanguage\":\"hu\",\"@id\":\"https:\\\/\\\/exparto.pl\\\/hu\\\/produkt\\\/lampa-obrysowa-ldcc-2777\\\/#primaryimage\",\"url\":\"https:\\\/\\\/exparto.pl\\\/wp-content\\\/uploads\\\/2023\\\/05\\\/a3b05c3f592aa14b07f20c4fa452118a.png\",\"contentUrl\":\"https:\\\/\\\/exparto.pl\\\/wp-content\\\/uploads\\\/2023\\\/05\\\/a3b05c3f592aa14b07f20c4fa452118a.png\",\"width\":1000,\"height\":667},{\"@type\":\"BreadcrumbList\",\"@id\":\"https:\\\/\\\/exparto.pl\\\/hu\\\/produkt\\\/lampa-obrysowa-ldcc-2777\\\/#breadcrumb\",\"itemListElement\":[{\"@type\":\"ListItem\",\"position\":1,\"name\":\"Honlap\",\"item\":\"https:\\\/\\\/exparto.pl\\\/hu\\\/\"},{\"@type\":\"ListItem\",\"position\":2,\"name\":\"Sklep\",\"item\":\"https:\\\/\\\/exparto.pl\\\/sklep\\\/\"},{\"@type\":\"ListItem\",\"position\":3,\"name\":\"Vil\u00e1g\u00edt\u00e1s\",\"item\":\"https:\\\/\\\/exparto.pl\\\/hu\\\/termekkategoria\\\/vilagitas\\\/\"},{\"@type\":\"ListItem\",\"position\":4,\"name\":\"V\u00e9gs\u0151-k\u00fcls\u0151 m\u00e9retjelz\u0151 l\u00e1mp\u00e1k\",\"item\":\"https:\\\/\\\/exparto.pl\\\/hu\\\/termekkategoria\\\/vilagitas\\\/vegso-kulso-meretjelzo-lampak\\\/\"},{\"@type\":\"ListItem\",\"position\":5,\"name\":\"Jelz\u0151l\u00e1mpa &#8211; LDCC 2777\"}]},{\"@type\":\"WebSite\",\"@id\":\"https:\\\/\\\/exparto.pl\\\/hu\\\/#website\",\"url\":\"https:\\\/\\\/exparto.pl\\\/hu\\\/\",\"name\":\"EXPARTO\",\"description\":\"More than agro parts\",\"publisher\":{\"@id\":\"https:\\\/\\\/exparto.pl\\\/hu\\\/#organization\"},\"potentialAction\":[{\"@type\":\"SearchAction\",\"target\":{\"@type\":\"EntryPoint\",\"urlTemplate\":\"https:\\\/\\\/exparto.pl\\\/hu\\\/?s={search_term_string}\"},\"query-input\":{\"@type\":\"PropertyValueSpecification\",\"valueRequired\":true,\"valueName\":\"search_term_string\"}}],\"inLanguage\":\"hu\"},{\"@type\":\"Organization\",\"@id\":\"https:\\\/\\\/exparto.pl\\\/hu\\\/#organization\",\"name\":\"EXPARTO\",\"url\":\"https:\\\/\\\/exparto.pl\\\/hu\\\/\",\"logo\":{\"@type\":\"ImageObject\",\"inLanguage\":\"hu\",\"@id\":\"https:\\\/\\\/exparto.pl\\\/hu\\\/#\\\/schema\\\/logo\\\/image\\\/\",\"url\":\"https:\\\/\\\/exparto.pl\\\/wp-content\\\/uploads\\\/2023\\\/02\\\/logo-wektor.png\",\"contentUrl\":\"https:\\\/\\\/exparto.pl\\\/wp-content\\\/uploads\\\/2023\\\/02\\\/logo-wektor.png\",\"width\":1338,\"height\":143,\"caption\":\"EXPARTO\"},\"image\":{\"@id\":\"https:\\\/\\\/exparto.pl\\\/hu\\\/#\\\/schema\\\/logo\\\/image\\\/\"},\"sameAs\":[\"https:\\\/\\\/www.facebook.com\\\/exparto.agro\\\/\"]}]}<\/script>\n<!-- \/ Yoast SEO plugin. -->","yoast_head_json":{"title":"Jelz\u0151l\u00e1mpa - LDCC 2777 - Exparto.pl","robots":{"index":"index","follow":"follow","max-snippet":"max-snippet:-1","max-image-preview":"max-image-preview:large","max-video-preview":"max-video-preview:-1"},"canonical":"https:\/\/exparto.pl\/hu\/produkt\/lampa-obrysowa-ldcc-2777\/","og_locale":"hu_HU","og_type":"article","og_title":"Jelz\u0151l\u00e1mpa - LDCC 2777 - Exparto.pl","og_description":"H\u00e1romszoros t\u00e1vols\u00e1gi l\u00e1mpa r\u00f6vid egyenes karon HOR 101","og_url":"https:\/\/exparto.pl\/hu\/produkt\/lampa-obrysowa-ldcc-2777\/","og_site_name":"Exparto.pl","article_publisher":"https:\/\/www.facebook.com\/exparto.agro\/","og_image":[{"width":1000,"height":667,"url":"https:\/\/exparto.pl\/wp-content\/uploads\/2023\/05\/a3b05c3f592aa14b07f20c4fa452118a.png","type":"image\/png"}],"twitter_card":"summary_large_image","schema":{"@context":"https:\/\/schema.org","@graph":[{"@type":"WebPage","@id":"https:\/\/exparto.pl\/hu\/produkt\/lampa-obrysowa-ldcc-2777\/","url":"https:\/\/exparto.pl\/hu\/produkt\/lampa-obrysowa-ldcc-2777\/","name":"Jelz\u0151l\u00e1mpa - LDCC 2777 - Exparto.pl","isPartOf":{"@id":"https:\/\/exparto.pl\/hu\/#website"},"primaryImageOfPage":{"@id":"https:\/\/exparto.pl\/hu\/produkt\/lampa-obrysowa-ldcc-2777\/#primaryimage"},"image":{"@id":"https:\/\/exparto.pl\/hu\/produkt\/lampa-obrysowa-ldcc-2777\/#primaryimage"},"thumbnailUrl":"https:\/\/exparto.pl\/wp-content\/uploads\/2023\/05\/a3b05c3f592aa14b07f20c4fa452118a.png","datePublished":"2023-05-25T09:48:02+00:00","breadcrumb":{"@id":"https:\/\/exparto.pl\/hu\/produkt\/lampa-obrysowa-ldcc-2777\/#breadcrumb"},"inLanguage":"hu","potentialAction":[{"@type":"ReadAction","target":["https:\/\/exparto.pl\/hu\/produkt\/lampa-obrysowa-ldcc-2777\/"]}]},{"@type":"ImageObject","inLanguage":"hu","@id":"https:\/\/exparto.pl\/hu\/produkt\/lampa-obrysowa-ldcc-2777\/#primaryimage","url":"https:\/\/exparto.pl\/wp-content\/uploads\/2023\/05\/a3b05c3f592aa14b07f20c4fa452118a.png","contentUrl":"https:\/\/exparto.pl\/wp-content\/uploads\/2023\/05\/a3b05c3f592aa14b07f20c4fa452118a.png","width":1000,"height":667},{"@type":"BreadcrumbList","@id":"https:\/\/exparto.pl\/hu\/produkt\/lampa-obrysowa-ldcc-2777\/#breadcrumb","itemListElement":[{"@type":"ListItem","position":1,"name":"Honlap","item":"https:\/\/exparto.pl\/hu\/"},{"@type":"ListItem","position":2,"name":"Sklep","item":"https:\/\/exparto.pl\/sklep\/"},{"@type":"ListItem","position":3,"name":"Vil\u00e1g\u00edt\u00e1s","item":"https:\/\/exparto.pl\/hu\/termekkategoria\/vilagitas\/"},{"@type":"ListItem","position":4,"name":"V\u00e9gs\u0151-k\u00fcls\u0151 m\u00e9retjelz\u0151 l\u00e1mp\u00e1k","item":"https:\/\/exparto.pl\/hu\/termekkategoria\/vilagitas\/vegso-kulso-meretjelzo-lampak\/"},{"@type":"ListItem","position":5,"name":"Jelz\u0151l\u00e1mpa &#8211; LDCC 2777"}]},{"@type":"WebSite","@id":"https:\/\/exparto.pl\/hu\/#website","url":"https:\/\/exparto.pl\/hu\/","name":"EXPARTO","description":"More than agro parts","publisher":{"@id":"https:\/\/exparto.pl\/hu\/#organization"},"potentialAction":[{"@type":"SearchAction","target":{"@type":"EntryPoint","urlTemplate":"https:\/\/exparto.pl\/hu\/?s={search_term_string}"},"query-input":{"@type":"PropertyValueSpecification","valueRequired":true,"valueName":"search_term_string"}}],"inLanguage":"hu"},{"@type":"Organization","@id":"https:\/\/exparto.pl\/hu\/#organization","name":"EXPARTO","url":"https:\/\/exparto.pl\/hu\/","logo":{"@type":"ImageObject","inLanguage":"hu","@id":"https:\/\/exparto.pl\/hu\/#\/schema\/logo\/image\/","url":"https:\/\/exparto.pl\/wp-content\/uploads\/2023\/02\/logo-wektor.png","contentUrl":"https:\/\/exparto.pl\/wp-content\/uploads\/2023\/02\/logo-wektor.png","width":1338,"height":143,"caption":"EXPARTO"},"image":{"@id":"https:\/\/exparto.pl\/hu\/#\/schema\/logo\/image\/"},"sameAs":["https:\/\/www.facebook.com\/exparto.agro\/"]}]}},"_links":{"self":[{"href":"https:\/\/exparto.pl\/hu\/wp-json\/wp\/v2\/product\/10022","targetHints":{"allow":["GET"]}}],"collection":[{"href":"https:\/\/exparto.pl\/hu\/wp-json\/wp\/v2\/product"}],"about":[{"href":"https:\/\/exparto.pl\/hu\/wp-json\/wp\/v2\/types\/product"}],"replies":[{"embeddable":true,"href":"https:\/\/exparto.pl\/hu\/wp-json\/wp\/v2\/comments?post=10022"}],"wp:featuredmedia":[{"embeddable":true,"href":"https:\/\/exparto.pl\/hu\/wp-json\/wp\/v2\/media\/6907"}],"wp:attachment":[{"href":"https:\/\/exparto.pl\/hu\/wp-json\/wp\/v2\/media?parent=10022"}],"wp:term":[{"taxonomy":"product_brand","embeddable":true,"href":"https:\/\/exparto.pl\/hu\/wp-json\/wp\/v2\/product_brand?post=10022"},{"taxonomy":"product_cat","embeddable":true,"href":"https:\/\/exparto.pl\/hu\/wp-json\/wp\/v2\/product_cat?post=10022"},{"taxonomy":"product_tag","embeddable":true,"href":"https:\/\/exparto.pl\/hu\/wp-json\/wp\/v2\/product_tag?post=10022"}],"curies":[{"name":"wp","href":"https:\/\/api.w.org\/{rel}","templated":true}]}}