{"id":10062,"date":"2023-05-17T20:16:19","date_gmt":"2023-05-17T18:16:19","guid":{"rendered":"https:\/\/exparto.pl\/produkt\/teleszkopos-henger-st5-1050-8t-bolcso\/"},"modified":"2023-05-17T20:16:19","modified_gmt":"2023-05-17T18:16:19","slug":"motor-henger-teleszkopos-st5-1050-8t-bolcso","status":"publish","type":"product","link":"https:\/\/exparto.pl\/hu\/produkt\/motor-henger-teleszkopos-st5-1050-8t-bolcso\/","title":{"rendered":"Teleszk\u00f3pos henger ST5-1050 8T + b\u00f6lcs\u0151"},"content":{"rendered":"<p class=\"MsoNormal\" style=\"text-align: justify\">A <span style=\"color: inherit;font-weight: 700 !important\">teleszk\u00f3pos hengerek<\/span> a <span style=\"color: inherit;font-weight: 700 !important\">hidraulikus hengerek<\/span> egy saj\u00e1tos t\u00edpusa. Ezek biztos\u00edtj\u00e1k a mechanizmus helyes m\u0171k\u00f6d\u00e9s\u00e9t m\u00e9g a legnehezebb \u00fczemi k\u00f6r\u00fclm\u00e9nyek k\u00f6z\u00f6tt is. K\u00e9pesek a legnehezebb terhek emel\u00e9s\u00e9re, mivel maxim\u00e1lis \u00fczemi nyom\u00e1startom\u00e1nyuk 16-32 Mpa (160-320 bar) k\u00f6z\u00f6tt van.<\/p>\n<p class=\"MsoNormal\" style=\"text-align: justify\">A teleszk\u00f3pos hengerek <span style=\"color: inherit;font-weight: 700 !important\">nagyobb l\u00f6kettartom\u00e1nyt<\/span> tesznek lehet\u0151v\u00e9 a henger m\u0171k\u00f6d\u00e9se sor\u00e1n, mint a hagyom\u00e1nyos hidraulikus motorok. T\u00f6bb <span style=\"color: inherit;font-weight: 700 !important\">be\u00e9p\u00edtett dugatty\u00faval<\/span> is rendelkeznek, amelyek egyszerre csak egyet-egyet tolnak ki &#8211; \u00edgy a kiny\u00fal\u00e1s (az \u00fagynevezett munkahossz) nagyon nagy, r\u00f6vid hosszuk ellen\u00e9re. Ezek is egyoldalasak, mivel ebben az esetben az <span style=\"color: inherit;font-weight: 700 !important\">olaj<\/span> az egyik oldalon <span style=\"color: inherit;font-weight: 700 !important\">nyom\u00e1s alatt hat<\/span>, ami az egyes m\u0171k\u00f6dtet\u0151elemek kiny\u00fal\u00e1s\u00e1t okozza. A k\u00fcl\u00f6nb\u00f6z\u0151 teleszk\u00f3pos m\u0171k\u00f6dtet\u0151 modellek t\u00f6bbek k\u00f6z\u00f6tt k\u00fcl\u00f6nb\u00f6znek egym\u00e1st\u00f3l. l\u00f6ket, valamint a hengerek sz\u00e1ma.<\/p>\n<p class=\"MsoNormal\" style=\"text-align: justify\">Ahhoz, hogy a teleszk\u00f3pos hengerek <span style=\"color: inherit;font-weight: 700 !important\">hossz\u00fa<\/span> id\u0151n kereszt\u00fcl t\u00f6k\u00e9letesen m\u0171k\u00f6djenek, <span style=\"color: inherit;font-weight: 700 !important\">kiv\u00e1l\u00f3 min\u0151s\u00e9g\u0171<\/span> anyagokb\u00f3l kell k\u00e9sz\u00fclni\u00fck &#8211; ez meghosszabb\u00edtja az eg\u00e9sz rendszer \u00e9lettartam\u00e1t. J\u00f3, ha <span style=\"color: inherit;font-weight: 700 !important\">k\u00e9tr\u00e9teg\u0171 fest\u00e9ssel<\/span> is rendelkeznek, ami v\u00e9di \u0151ket, \u00e9s hossz\u00fa \u00e9veken \u00e1t garant\u00e1lja a kifog\u00e1stalan megjelen\u00e9st. Hozz\u00e1 kell tenn\u00fcnk, hogy a teleszk\u00f3pos hengereket els\u0151sorban <span style=\"color: inherit;font-weight: 700 !important\">mez\u0151gazdas\u00e1gi p\u00f3tkocsik gy\u00e1rt\u00e1s\u00e1n\u00e1l<\/span> haszn\u00e1lj\u00e1k. Ugyanakkor <span style=\"color: inherit;font-weight: 700 !important\">m\u00e1s ipar\u00e1gakban<\/span> is j\u00f3l teljes\u00edtenek, bele\u00e9rtve az \u00e9p\u00edt\u0151ipart, a b\u00e1ny\u00e1szatot, az ipari \u00e9s \u0171rhaj\u00f3z\u00e1si g\u00e9peket, s\u0151t a sz\u00e9lesebb \u00e9rtelemben vett k\u00f6zleked\u00e9si \u00e1gazatban is.<\/p>\n<p class=\"MsoNormal\" style=\"text-align: justify\"><span style=\"text-align: start\"><span style=\"color: inherit;font-weight: 700 !important\">A b\u00f6lcs\u0151<\/span> a k\u00f6vetkez\u0151kb\u0151l k\u00e9sz\u00fclt <\/span><span style=\"text-align: start;font-weight: 700 !important\">szerkezeti ac\u00e9lb\u00f3l<\/span><span style=\"text-align: start\">A henger\u00fcl\u00e9s meger\u0151s\u00edtett, a hengerz\u00e1r pedig imbuszcsavarokkal van felcsavarozva. Kiv\u00e1l\u00f3 min\u0151s\u00e9g\u0171 ac\u00e9lb\u00f3l k\u00e9sz\u00fclt teleszk\u00f3pos hengertart\u00f3. A m\u0171k\u00f6dtet\u0151vel ell\u00e1tott tart\u00f3 haszn\u00e1lat\u00e1val a k\u00f6vetkez\u0151k \u00e9rhet\u0151k el  <\/span><span style=\"text-align: start;font-weight: 700 !important\">h\u00e1romir\u00e1ny\u00fa billen\u00e9s<\/span><span style=\"text-align: start\">. Ellen\u0151rz\u00f6tt geometriai m\u00e9retek biztos\u00edtj\u00e1k  <\/span><span style=\"text-align: start;font-weight: 700 !important\">mindig ugyanaz a biztons\u00e1gos leng\u00e9si sz\u00f6g<\/span><span style=\"text-align: start\">. A hegesztett k\u00f6t\u00e9sek min\u0151s\u00e9g\u00e9t az ISO 5817 szabv\u00e1ny k\u00f6vetelm\u00e9nyeinek \u00e9s a hegeszt\u00e9si technol\u00f3gi\u00e1nak megfelel\u0151en, a WPQR-ben foglalt k\u00f6vetelm\u00e9nyekkel \u00f6sszhangban ellen\u0151rzik. A b\u00f6lcs\u0151 a k\u00edn\u00e1latunkban szerepl\u0151 kiv\u00e1lasztott m\u0171k\u00f6dtet\u0151kh\u00f6z illeszkedik.<\/span><\/p>\n","protected":false},"excerpt":{"rendered":"<p style=\"text-align: justify\">A <span style=\"color: inherit\">teleszk\u00f3pos hengerek<\/span> a <span style=\"color: inherit\">hidraulikus hengerek<\/span> egy saj\u00e1tos t\u00edpusa. Ezek biztos\u00edtj\u00e1k a mechanizmus helyes m\u0171k\u00f6d\u00e9s\u00e9t m\u00e9g a legnehezebb \u00fczemi k\u00f6r\u00fclm\u00e9nyek k\u00f6z\u00f6tt is. <span style=\"text-align: start\"><span style=\"color: inherit\">A b\u00f6lcs\u0151<\/span> <\/span><span style=\"text-align: start\">szerkezeti ac\u00e9lb\u00f3l<\/span> <span style=\"text-align: start\">k\u00e9sz\u00fcl <\/span><span style=\"text-align: start\">, a m\u0171k\u00f6dtet\u0151szerkezet \u00fcl\u0151aljzatai meger\u0151s\u00edtettek, a m\u0171k\u00f6dtet\u0151szerkezet v\u00e9delme pedig imbuszcsavarokkal van felcsavarozva. <\/span> <\/p>\n","protected":false},"featured_media":5715,"comment_status":"open","ping_status":"closed","template":"","meta":{"_acf_changed":false,"inline_featured_image":false},"product_brand":[],"product_cat":[222,243],"product_tag":[],"class_list":{"0":"post-10062","1":"product","2":"type-product","3":"status-publish","4":"has-post-thumbnail","6":"product_cat-potkocsi-alkatreszek","7":"product_cat-teleszkopos-hengerek","9":"first","10":"instock","11":"taxable","12":"shipping-taxable","13":"purchasable","14":"product-type-simple"},"acf":[],"yoast_head":"<!-- This site is optimized with the Yoast SEO plugin v27.3 - https:\/\/yoast.com\/product\/yoast-seo-wordpress\/ -->\n<title>Teleszk\u00f3pos henger ST5-1050 8T + b\u00f6lcs\u0151 - Exparto.pl<\/title>\n<meta name=\"robots\" content=\"index, follow, max-snippet:-1, max-image-preview:large, max-video-preview:-1\" \/>\n<link rel=\"canonical\" href=\"https:\/\/exparto.pl\/hu\/produkt\/motor-henger-teleszkopos-st5-1050-8t-bolcso\/\" \/>\n<meta property=\"og:locale\" content=\"hu_HU\" \/>\n<meta property=\"og:type\" content=\"article\" \/>\n<meta property=\"og:title\" content=\"Teleszk\u00f3pos henger ST5-1050 8T + b\u00f6lcs\u0151 - Exparto.pl\" \/>\n<meta property=\"og:description\" content=\"A teleszk\u00f3pos hengerek a hidraulikus hengerek egy saj\u00e1tos t\u00edpusa. Ezek biztos\u00edtj\u00e1k a mechanizmus helyes m\u0171k\u00f6d\u00e9s\u00e9t m\u00e9g a legnehezebb \u00fczemi k\u00f6r\u00fclm\u00e9nyek k\u00f6z\u00f6tt is. A b\u00f6lcs\u0151 szerkezeti ac\u00e9lb\u00f3l k\u00e9sz\u00fcl , a m\u0171k\u00f6dtet\u0151szerkezet \u00fcl\u0151aljzatai meger\u0151s\u00edtettek, a m\u0171k\u00f6dtet\u0151szerkezet v\u00e9delme pedig imbuszcsavarokkal van felcsavarozva.\" \/>\n<meta property=\"og:url\" content=\"https:\/\/exparto.pl\/hu\/produkt\/motor-henger-teleszkopos-st5-1050-8t-bolcso\/\" \/>\n<meta property=\"og:site_name\" content=\"Exparto.pl\" \/>\n<meta property=\"article:publisher\" content=\"https:\/\/www.facebook.com\/exparto.agro\/\" \/>\n<meta property=\"og:image\" content=\"https:\/\/exparto.pl\/wp-content\/uploads\/2023\/05\/58df8d9fb1e824d227c868a6d2d62659.jpg\" \/>\n\t<meta property=\"og:image:width\" content=\"1000\" \/>\n\t<meta property=\"og:image:height\" content=\"1000\" \/>\n\t<meta property=\"og:image:type\" content=\"image\/jpeg\" \/>\n<meta name=\"twitter:card\" content=\"summary_large_image\" \/>\n<meta name=\"twitter:label1\" content=\"Becs\u00fclt olvas\u00e1si id\u0151\" \/>\n\t<meta name=\"twitter:data1\" content=\"2 perc\" \/>\n<script type=\"application\/ld+json\" class=\"yoast-schema-graph\">{\"@context\":\"https:\\\/\\\/schema.org\",\"@graph\":[{\"@type\":\"WebPage\",\"@id\":\"https:\\\/\\\/exparto.pl\\\/hu\\\/produkt\\\/motor-henger-teleszkopos-st5-1050-8t-bolcso\\\/\",\"url\":\"https:\\\/\\\/exparto.pl\\\/hu\\\/produkt\\\/motor-henger-teleszkopos-st5-1050-8t-bolcso\\\/\",\"name\":\"Teleszk\u00f3pos henger ST5-1050 8T + b\u00f6lcs\u0151 - Exparto.pl\",\"isPartOf\":{\"@id\":\"https:\\\/\\\/exparto.pl\\\/hu\\\/#website\"},\"primaryImageOfPage\":{\"@id\":\"https:\\\/\\\/exparto.pl\\\/hu\\\/produkt\\\/motor-henger-teleszkopos-st5-1050-8t-bolcso\\\/#primaryimage\"},\"image\":{\"@id\":\"https:\\\/\\\/exparto.pl\\\/hu\\\/produkt\\\/motor-henger-teleszkopos-st5-1050-8t-bolcso\\\/#primaryimage\"},\"thumbnailUrl\":\"https:\\\/\\\/exparto.pl\\\/wp-content\\\/uploads\\\/2023\\\/05\\\/58df8d9fb1e824d227c868a6d2d62659.jpg\",\"datePublished\":\"2023-05-17T18:16:19+00:00\",\"breadcrumb\":{\"@id\":\"https:\\\/\\\/exparto.pl\\\/hu\\\/produkt\\\/motor-henger-teleszkopos-st5-1050-8t-bolcso\\\/#breadcrumb\"},\"inLanguage\":\"hu\",\"potentialAction\":[{\"@type\":\"ReadAction\",\"target\":[\"https:\\\/\\\/exparto.pl\\\/hu\\\/produkt\\\/motor-henger-teleszkopos-st5-1050-8t-bolcso\\\/\"]}]},{\"@type\":\"ImageObject\",\"inLanguage\":\"hu\",\"@id\":\"https:\\\/\\\/exparto.pl\\\/hu\\\/produkt\\\/motor-henger-teleszkopos-st5-1050-8t-bolcso\\\/#primaryimage\",\"url\":\"https:\\\/\\\/exparto.pl\\\/wp-content\\\/uploads\\\/2023\\\/05\\\/58df8d9fb1e824d227c868a6d2d62659.jpg\",\"contentUrl\":\"https:\\\/\\\/exparto.pl\\\/wp-content\\\/uploads\\\/2023\\\/05\\\/58df8d9fb1e824d227c868a6d2d62659.jpg\",\"width\":1000,\"height\":1000},{\"@type\":\"BreadcrumbList\",\"@id\":\"https:\\\/\\\/exparto.pl\\\/hu\\\/produkt\\\/motor-henger-teleszkopos-st5-1050-8t-bolcso\\\/#breadcrumb\",\"itemListElement\":[{\"@type\":\"ListItem\",\"position\":1,\"name\":\"Honlap\",\"item\":\"https:\\\/\\\/exparto.pl\\\/hu\\\/\"},{\"@type\":\"ListItem\",\"position\":2,\"name\":\"Sklep\",\"item\":\"https:\\\/\\\/exparto.pl\\\/sklep\\\/\"},{\"@type\":\"ListItem\",\"position\":3,\"name\":\"P\u00f3tkocsi alkatr\u00e9szek\",\"item\":\"https:\\\/\\\/exparto.pl\\\/hu\\\/termekkategoria\\\/potkocsi-alkatreszek\\\/\"},{\"@type\":\"ListItem\",\"position\":4,\"name\":\"Si\u0142owniki wywrotu do przyczepy\",\"item\":\"https:\\\/\\\/exparto.pl\\\/kategoria-produktu\\\/czesci-do-przyczep\\\/silowniki-wywrotu\\\/\"},{\"@type\":\"ListItem\",\"position\":5,\"name\":\"Teleszk\u00f3pos henger ST5-1050 8T + b\u00f6lcs\u0151\"}]},{\"@type\":\"WebSite\",\"@id\":\"https:\\\/\\\/exparto.pl\\\/hu\\\/#website\",\"url\":\"https:\\\/\\\/exparto.pl\\\/hu\\\/\",\"name\":\"EXPARTO\",\"description\":\"More than agro parts\",\"publisher\":{\"@id\":\"https:\\\/\\\/exparto.pl\\\/hu\\\/#organization\"},\"potentialAction\":[{\"@type\":\"SearchAction\",\"target\":{\"@type\":\"EntryPoint\",\"urlTemplate\":\"https:\\\/\\\/exparto.pl\\\/hu\\\/?s={search_term_string}\"},\"query-input\":{\"@type\":\"PropertyValueSpecification\",\"valueRequired\":true,\"valueName\":\"search_term_string\"}}],\"inLanguage\":\"hu\"},{\"@type\":\"Organization\",\"@id\":\"https:\\\/\\\/exparto.pl\\\/hu\\\/#organization\",\"name\":\"EXPARTO\",\"url\":\"https:\\\/\\\/exparto.pl\\\/hu\\\/\",\"logo\":{\"@type\":\"ImageObject\",\"inLanguage\":\"hu\",\"@id\":\"https:\\\/\\\/exparto.pl\\\/hu\\\/#\\\/schema\\\/logo\\\/image\\\/\",\"url\":\"https:\\\/\\\/exparto.pl\\\/wp-content\\\/uploads\\\/2023\\\/02\\\/logo-wektor.png\",\"contentUrl\":\"https:\\\/\\\/exparto.pl\\\/wp-content\\\/uploads\\\/2023\\\/02\\\/logo-wektor.png\",\"width\":1338,\"height\":143,\"caption\":\"EXPARTO\"},\"image\":{\"@id\":\"https:\\\/\\\/exparto.pl\\\/hu\\\/#\\\/schema\\\/logo\\\/image\\\/\"},\"sameAs\":[\"https:\\\/\\\/www.facebook.com\\\/exparto.agro\\\/\"]}]}<\/script>\n<!-- \/ Yoast SEO plugin. -->","yoast_head_json":{"title":"Teleszk\u00f3pos henger ST5-1050 8T + b\u00f6lcs\u0151 - Exparto.pl","robots":{"index":"index","follow":"follow","max-snippet":"max-snippet:-1","max-image-preview":"max-image-preview:large","max-video-preview":"max-video-preview:-1"},"canonical":"https:\/\/exparto.pl\/hu\/produkt\/motor-henger-teleszkopos-st5-1050-8t-bolcso\/","og_locale":"hu_HU","og_type":"article","og_title":"Teleszk\u00f3pos henger ST5-1050 8T + b\u00f6lcs\u0151 - Exparto.pl","og_description":"A teleszk\u00f3pos hengerek a hidraulikus hengerek egy saj\u00e1tos t\u00edpusa. Ezek biztos\u00edtj\u00e1k a mechanizmus helyes m\u0171k\u00f6d\u00e9s\u00e9t m\u00e9g a legnehezebb \u00fczemi k\u00f6r\u00fclm\u00e9nyek k\u00f6z\u00f6tt is. A b\u00f6lcs\u0151 szerkezeti ac\u00e9lb\u00f3l k\u00e9sz\u00fcl , a m\u0171k\u00f6dtet\u0151szerkezet \u00fcl\u0151aljzatai meger\u0151s\u00edtettek, a m\u0171k\u00f6dtet\u0151szerkezet v\u00e9delme pedig imbuszcsavarokkal van felcsavarozva.","og_url":"https:\/\/exparto.pl\/hu\/produkt\/motor-henger-teleszkopos-st5-1050-8t-bolcso\/","og_site_name":"Exparto.pl","article_publisher":"https:\/\/www.facebook.com\/exparto.agro\/","og_image":[{"width":1000,"height":1000,"url":"https:\/\/exparto.pl\/wp-content\/uploads\/2023\/05\/58df8d9fb1e824d227c868a6d2d62659.jpg","type":"image\/jpeg"}],"twitter_card":"summary_large_image","twitter_misc":{"Becs\u00fclt olvas\u00e1si id\u0151":"2 perc"},"schema":{"@context":"https:\/\/schema.org","@graph":[{"@type":"WebPage","@id":"https:\/\/exparto.pl\/hu\/produkt\/motor-henger-teleszkopos-st5-1050-8t-bolcso\/","url":"https:\/\/exparto.pl\/hu\/produkt\/motor-henger-teleszkopos-st5-1050-8t-bolcso\/","name":"Teleszk\u00f3pos henger ST5-1050 8T + b\u00f6lcs\u0151 - Exparto.pl","isPartOf":{"@id":"https:\/\/exparto.pl\/hu\/#website"},"primaryImageOfPage":{"@id":"https:\/\/exparto.pl\/hu\/produkt\/motor-henger-teleszkopos-st5-1050-8t-bolcso\/#primaryimage"},"image":{"@id":"https:\/\/exparto.pl\/hu\/produkt\/motor-henger-teleszkopos-st5-1050-8t-bolcso\/#primaryimage"},"thumbnailUrl":"https:\/\/exparto.pl\/wp-content\/uploads\/2023\/05\/58df8d9fb1e824d227c868a6d2d62659.jpg","datePublished":"2023-05-17T18:16:19+00:00","breadcrumb":{"@id":"https:\/\/exparto.pl\/hu\/produkt\/motor-henger-teleszkopos-st5-1050-8t-bolcso\/#breadcrumb"},"inLanguage":"hu","potentialAction":[{"@type":"ReadAction","target":["https:\/\/exparto.pl\/hu\/produkt\/motor-henger-teleszkopos-st5-1050-8t-bolcso\/"]}]},{"@type":"ImageObject","inLanguage":"hu","@id":"https:\/\/exparto.pl\/hu\/produkt\/motor-henger-teleszkopos-st5-1050-8t-bolcso\/#primaryimage","url":"https:\/\/exparto.pl\/wp-content\/uploads\/2023\/05\/58df8d9fb1e824d227c868a6d2d62659.jpg","contentUrl":"https:\/\/exparto.pl\/wp-content\/uploads\/2023\/05\/58df8d9fb1e824d227c868a6d2d62659.jpg","width":1000,"height":1000},{"@type":"BreadcrumbList","@id":"https:\/\/exparto.pl\/hu\/produkt\/motor-henger-teleszkopos-st5-1050-8t-bolcso\/#breadcrumb","itemListElement":[{"@type":"ListItem","position":1,"name":"Honlap","item":"https:\/\/exparto.pl\/hu\/"},{"@type":"ListItem","position":2,"name":"Sklep","item":"https:\/\/exparto.pl\/sklep\/"},{"@type":"ListItem","position":3,"name":"P\u00f3tkocsi alkatr\u00e9szek","item":"https:\/\/exparto.pl\/hu\/termekkategoria\/potkocsi-alkatreszek\/"},{"@type":"ListItem","position":4,"name":"Si\u0142owniki wywrotu do przyczepy","item":"https:\/\/exparto.pl\/kategoria-produktu\/czesci-do-przyczep\/silowniki-wywrotu\/"},{"@type":"ListItem","position":5,"name":"Teleszk\u00f3pos henger ST5-1050 8T + b\u00f6lcs\u0151"}]},{"@type":"WebSite","@id":"https:\/\/exparto.pl\/hu\/#website","url":"https:\/\/exparto.pl\/hu\/","name":"EXPARTO","description":"More than agro parts","publisher":{"@id":"https:\/\/exparto.pl\/hu\/#organization"},"potentialAction":[{"@type":"SearchAction","target":{"@type":"EntryPoint","urlTemplate":"https:\/\/exparto.pl\/hu\/?s={search_term_string}"},"query-input":{"@type":"PropertyValueSpecification","valueRequired":true,"valueName":"search_term_string"}}],"inLanguage":"hu"},{"@type":"Organization","@id":"https:\/\/exparto.pl\/hu\/#organization","name":"EXPARTO","url":"https:\/\/exparto.pl\/hu\/","logo":{"@type":"ImageObject","inLanguage":"hu","@id":"https:\/\/exparto.pl\/hu\/#\/schema\/logo\/image\/","url":"https:\/\/exparto.pl\/wp-content\/uploads\/2023\/02\/logo-wektor.png","contentUrl":"https:\/\/exparto.pl\/wp-content\/uploads\/2023\/02\/logo-wektor.png","width":1338,"height":143,"caption":"EXPARTO"},"image":{"@id":"https:\/\/exparto.pl\/hu\/#\/schema\/logo\/image\/"},"sameAs":["https:\/\/www.facebook.com\/exparto.agro\/"]}]}},"_links":{"self":[{"href":"https:\/\/exparto.pl\/hu\/wp-json\/wp\/v2\/product\/10062","targetHints":{"allow":["GET"]}}],"collection":[{"href":"https:\/\/exparto.pl\/hu\/wp-json\/wp\/v2\/product"}],"about":[{"href":"https:\/\/exparto.pl\/hu\/wp-json\/wp\/v2\/types\/product"}],"replies":[{"embeddable":true,"href":"https:\/\/exparto.pl\/hu\/wp-json\/wp\/v2\/comments?post=10062"}],"wp:featuredmedia":[{"embeddable":true,"href":"https:\/\/exparto.pl\/hu\/wp-json\/wp\/v2\/media\/5715"}],"wp:attachment":[{"href":"https:\/\/exparto.pl\/hu\/wp-json\/wp\/v2\/media?parent=10062"}],"wp:term":[{"taxonomy":"product_brand","embeddable":true,"href":"https:\/\/exparto.pl\/hu\/wp-json\/wp\/v2\/product_brand?post=10062"},{"taxonomy":"product_cat","embeddable":true,"href":"https:\/\/exparto.pl\/hu\/wp-json\/wp\/v2\/product_cat?post=10062"},{"taxonomy":"product_tag","embeddable":true,"href":"https:\/\/exparto.pl\/hu\/wp-json\/wp\/v2\/product_tag?post=10062"}],"curies":[{"name":"wp","href":"https:\/\/api.w.org\/{rel}","templated":true}]}}