{"id":10069,"date":"2023-05-12T09:51:39","date_gmt":"2023-05-12T07:51:39","guid":{"rendered":"https:\/\/exparto.pl\/produkt\/seger-w62\/"},"modified":"2023-05-12T09:51:39","modified_gmt":"2023-05-12T07:51:39","slug":"seger-w62","status":"publish","type":"product","link":"https:\/\/exparto.pl\/hu\/produkt\/seger-w62\/","title":{"rendered":"Seger W62"},"content":{"rendered":"<p class=\"MsoNormal\" style=\"text-align: justify\">Gy\u0171r\u0171<br \/>\nA szeger <b>2 t\u00edpusban kaphat\u00f3: k\u00fcls\u0151 \u00e9s bels\u0151<\/b>. Kis m\u00e9rete ellen\u00e9re,<br \/>\nA g\u00e9pek fontos szerkezeti r\u00e9sze, \u00e9s a k\u00f6vetkez\u0151 ter\u00fcleteken haszn\u00e1lj\u00e1k<br \/>\nk\u00fcl\u00f6n\u00f6sen az egyes alkot\u00f3elemek elmozdul\u00e1st\u00f3l val\u00f3 v\u00e9delme \u00e9rdek\u00e9ben<br \/>\naxi\u00e1lis &#8211; \u00fagy r\u00f6gz\u00edti \u0151ket, hogy m\u0171k\u00f6d\u00e9s k\u00f6zben nem mozdulnak el, \u00e9s nem<br \/>\nid\u0151vel egyre jobbak lettek.<\/p>\n<p class=\"MsoNormal\" style=\"text-align: justify\">Gy\u0171r\u0171<br \/>\n\u00fagy tervezt\u00e9k, hogy egy speci\u00e1lis horonyba helyezhet\u0151, amely illeszkedik hozz\u00e1.<br \/>\nm\u00e9ret. Az elemet szokatlan &#8211; nem centrikus &#8211; alakja is jellemzi,<br \/>\nde excentrikus. Ez biztos\u00edtja, hogy t\u00f6k\u00e9letesen tapadjon a horonyhoz, amelybe helyezz\u00fck.<br \/>\nA <b>rug\u00f3s \u00fclep\u00edt\u0151 gy\u0171r\u0171k \u00e1tm\u00e9r\u0151je 5 \u00e9s 500 mm k\u00f6z\u00f6tt van, az alakja<br \/>\n<\/b> excentrikus <b>\u00e9s egyenletesen nyomja a gy\u0171r\u0171 teljes ker\u00fclet\u00e9t a horonyba<\/b>.<br \/>\nCsak tengelyir\u00e1ny\u00fa terhel\u00e9st viselnek. Ezek felszerel\u00e9se \u00e9s elt\u00e1vol\u00edt\u00e1sa tengelyir\u00e1nyban t\u00f6rt\u00e9nik a<br \/>\nspeci\u00e1lis fog\u00f3 seg\u00edts\u00e9g\u00e9vel, amely a lyukakat haszn\u00e1lja a v\u00e9g\u00e9n a<br \/>\ngy\u0171r\u0171k.<\/p>\n","protected":false},"excerpt":{"rendered":"<p class=\"MsoNormal\" style=\"text-align: justify\">A szegergy\u0171r\u0171 <span style=\"color: inherit\">2 t\u00edpusban kaphat\u00f3: k\u00fcls\u0151 \u00e9s bels\u0151<\/span>.<\/p>\n","protected":false},"featured_media":5651,"comment_status":"open","ping_status":"closed","template":"","meta":{"_acf_changed":false,"inline_featured_image":false},"product_brand":[],"product_cat":[247],"product_tag":[],"class_list":{"0":"post-10069","1":"product","2":"type-product","3":"status-publish","4":"has-post-thumbnail","6":"product_cat-segers","8":"first","9":"instock","10":"taxable","11":"shipping-taxable","12":"purchasable","13":"product-type-simple"},"acf":[],"yoast_head":"<!-- This site is optimized with the Yoast SEO plugin v27.2 - https:\/\/yoast.com\/product\/yoast-seo-wordpress\/ -->\n<title>Seger W62 - Exparto.pl<\/title>\n<meta name=\"robots\" content=\"index, follow, max-snippet:-1, max-image-preview:large, max-video-preview:-1\" \/>\n<link rel=\"canonical\" href=\"https:\/\/exparto.pl\/hu\/produkt\/seger-w62\/\" \/>\n<meta property=\"og:locale\" content=\"hu_HU\" \/>\n<meta property=\"og:type\" content=\"article\" \/>\n<meta property=\"og:title\" content=\"Seger W62 - Exparto.pl\" \/>\n<meta property=\"og:description\" content=\"A szegergy\u0171r\u0171 2 t\u00edpusban kaphat\u00f3: k\u00fcls\u0151 \u00e9s bels\u0151.\" \/>\n<meta property=\"og:url\" content=\"https:\/\/exparto.pl\/hu\/produkt\/seger-w62\/\" \/>\n<meta property=\"og:site_name\" content=\"Exparto.pl\" \/>\n<meta property=\"article:publisher\" content=\"https:\/\/www.facebook.com\/exparto.agro\/\" \/>\n<meta property=\"og:image\" content=\"https:\/\/exparto.pl\/wp-content\/uploads\/2023\/05\/8d467b240101382e070ae2e676d23761.jpg\" \/>\n\t<meta property=\"og:image:width\" content=\"1000\" \/>\n\t<meta property=\"og:image:height\" content=\"1000\" \/>\n\t<meta property=\"og:image:type\" content=\"image\/jpeg\" \/>\n<meta name=\"twitter:card\" content=\"summary_large_image\" \/>\n<meta name=\"twitter:label1\" content=\"Becs\u00fclt olvas\u00e1si id\u0151\" \/>\n\t<meta name=\"twitter:data1\" content=\"1 perc\" \/>\n<script type=\"application\/ld+json\" class=\"yoast-schema-graph\">{\"@context\":\"https:\/\/schema.org\",\"@graph\":[{\"@type\":\"WebPage\",\"@id\":\"https:\/\/exparto.pl\/hu\/produkt\/seger-w62\/\",\"url\":\"https:\/\/exparto.pl\/hu\/produkt\/seger-w62\/\",\"name\":\"Seger W62 - Exparto.pl\",\"isPartOf\":{\"@id\":\"https:\/\/exparto.pl\/hu\/#website\"},\"primaryImageOfPage\":{\"@id\":\"https:\/\/exparto.pl\/hu\/produkt\/seger-w62\/#primaryimage\"},\"image\":{\"@id\":\"https:\/\/exparto.pl\/hu\/produkt\/seger-w62\/#primaryimage\"},\"thumbnailUrl\":\"https:\/\/exparto.pl\/wp-content\/uploads\/2023\/05\/8d467b240101382e070ae2e676d23761.jpg\",\"datePublished\":\"2023-05-12T07:51:39+00:00\",\"breadcrumb\":{\"@id\":\"https:\/\/exparto.pl\/hu\/produkt\/seger-w62\/#breadcrumb\"},\"inLanguage\":\"hu\",\"potentialAction\":[{\"@type\":\"ReadAction\",\"target\":[\"https:\/\/exparto.pl\/hu\/produkt\/seger-w62\/\"]}]},{\"@type\":\"ImageObject\",\"inLanguage\":\"hu\",\"@id\":\"https:\/\/exparto.pl\/hu\/produkt\/seger-w62\/#primaryimage\",\"url\":\"https:\/\/exparto.pl\/wp-content\/uploads\/2023\/05\/8d467b240101382e070ae2e676d23761.jpg\",\"contentUrl\":\"https:\/\/exparto.pl\/wp-content\/uploads\/2023\/05\/8d467b240101382e070ae2e676d23761.jpg\",\"width\":1000,\"height\":1000},{\"@type\":\"BreadcrumbList\",\"@id\":\"https:\/\/exparto.pl\/hu\/produkt\/seger-w62\/#breadcrumb\",\"itemListElement\":[{\"@type\":\"ListItem\",\"position\":1,\"name\":\"Honlap\",\"item\":\"https:\/\/exparto.pl\/hu\/\"},{\"@type\":\"ListItem\",\"position\":2,\"name\":\"Sklep\",\"item\":\"https:\/\/exparto.pl\/sklep\/\"},{\"@type\":\"ListItem\",\"position\":3,\"name\":\"Szabv\u00e1nyos\u00edtott cikkek\",\"item\":\"https:\/\/exparto.pl\/hu\/termekkategoria\/szabvanyositott-cikkek\/\"},{\"@type\":\"ListItem\",\"position\":4,\"name\":\"Segers\",\"item\":\"https:\/\/exparto.pl\/hu\/termekkategoria\/szabvanyositott-cikkek\/segers\/\"},{\"@type\":\"ListItem\",\"position\":5,\"name\":\"Seger W62\"}]},{\"@type\":\"WebSite\",\"@id\":\"https:\/\/exparto.pl\/hu\/#website\",\"url\":\"https:\/\/exparto.pl\/hu\/\",\"name\":\"EXPARTO\",\"description\":\"More than agro parts\",\"publisher\":{\"@id\":\"https:\/\/exparto.pl\/hu\/#organization\"},\"potentialAction\":[{\"@type\":\"SearchAction\",\"target\":{\"@type\":\"EntryPoint\",\"urlTemplate\":\"https:\/\/exparto.pl\/hu\/?s={search_term_string}\"},\"query-input\":{\"@type\":\"PropertyValueSpecification\",\"valueRequired\":true,\"valueName\":\"search_term_string\"}}],\"inLanguage\":\"hu\"},{\"@type\":\"Organization\",\"@id\":\"https:\/\/exparto.pl\/hu\/#organization\",\"name\":\"EXPARTO\",\"url\":\"https:\/\/exparto.pl\/hu\/\",\"logo\":{\"@type\":\"ImageObject\",\"inLanguage\":\"hu\",\"@id\":\"https:\/\/exparto.pl\/hu\/#\/schema\/logo\/image\/\",\"url\":\"https:\/\/exparto.pl\/wp-content\/uploads\/2023\/02\/logo-wektor.png\",\"contentUrl\":\"https:\/\/exparto.pl\/wp-content\/uploads\/2023\/02\/logo-wektor.png\",\"width\":1338,\"height\":143,\"caption\":\"EXPARTO\"},\"image\":{\"@id\":\"https:\/\/exparto.pl\/hu\/#\/schema\/logo\/image\/\"},\"sameAs\":[\"https:\/\/www.facebook.com\/exparto.agro\/\"]}]}<\/script>\n<!-- \/ Yoast SEO plugin. -->","yoast_head_json":{"title":"Seger W62 - Exparto.pl","robots":{"index":"index","follow":"follow","max-snippet":"max-snippet:-1","max-image-preview":"max-image-preview:large","max-video-preview":"max-video-preview:-1"},"canonical":"https:\/\/exparto.pl\/hu\/produkt\/seger-w62\/","og_locale":"hu_HU","og_type":"article","og_title":"Seger W62 - Exparto.pl","og_description":"A szegergy\u0171r\u0171 2 t\u00edpusban kaphat\u00f3: k\u00fcls\u0151 \u00e9s bels\u0151.","og_url":"https:\/\/exparto.pl\/hu\/produkt\/seger-w62\/","og_site_name":"Exparto.pl","article_publisher":"https:\/\/www.facebook.com\/exparto.agro\/","og_image":[{"width":1000,"height":1000,"url":"https:\/\/exparto.pl\/wp-content\/uploads\/2023\/05\/8d467b240101382e070ae2e676d23761.jpg","type":"image\/jpeg"}],"twitter_card":"summary_large_image","twitter_misc":{"Becs\u00fclt olvas\u00e1si id\u0151":"1 perc"},"schema":{"@context":"https:\/\/schema.org","@graph":[{"@type":"WebPage","@id":"https:\/\/exparto.pl\/hu\/produkt\/seger-w62\/","url":"https:\/\/exparto.pl\/hu\/produkt\/seger-w62\/","name":"Seger W62 - Exparto.pl","isPartOf":{"@id":"https:\/\/exparto.pl\/hu\/#website"},"primaryImageOfPage":{"@id":"https:\/\/exparto.pl\/hu\/produkt\/seger-w62\/#primaryimage"},"image":{"@id":"https:\/\/exparto.pl\/hu\/produkt\/seger-w62\/#primaryimage"},"thumbnailUrl":"https:\/\/exparto.pl\/wp-content\/uploads\/2023\/05\/8d467b240101382e070ae2e676d23761.jpg","datePublished":"2023-05-12T07:51:39+00:00","breadcrumb":{"@id":"https:\/\/exparto.pl\/hu\/produkt\/seger-w62\/#breadcrumb"},"inLanguage":"hu","potentialAction":[{"@type":"ReadAction","target":["https:\/\/exparto.pl\/hu\/produkt\/seger-w62\/"]}]},{"@type":"ImageObject","inLanguage":"hu","@id":"https:\/\/exparto.pl\/hu\/produkt\/seger-w62\/#primaryimage","url":"https:\/\/exparto.pl\/wp-content\/uploads\/2023\/05\/8d467b240101382e070ae2e676d23761.jpg","contentUrl":"https:\/\/exparto.pl\/wp-content\/uploads\/2023\/05\/8d467b240101382e070ae2e676d23761.jpg","width":1000,"height":1000},{"@type":"BreadcrumbList","@id":"https:\/\/exparto.pl\/hu\/produkt\/seger-w62\/#breadcrumb","itemListElement":[{"@type":"ListItem","position":1,"name":"Honlap","item":"https:\/\/exparto.pl\/hu\/"},{"@type":"ListItem","position":2,"name":"Sklep","item":"https:\/\/exparto.pl\/sklep\/"},{"@type":"ListItem","position":3,"name":"Szabv\u00e1nyos\u00edtott cikkek","item":"https:\/\/exparto.pl\/hu\/termekkategoria\/szabvanyositott-cikkek\/"},{"@type":"ListItem","position":4,"name":"Segers","item":"https:\/\/exparto.pl\/hu\/termekkategoria\/szabvanyositott-cikkek\/segers\/"},{"@type":"ListItem","position":5,"name":"Seger W62"}]},{"@type":"WebSite","@id":"https:\/\/exparto.pl\/hu\/#website","url":"https:\/\/exparto.pl\/hu\/","name":"EXPARTO","description":"More than agro parts","publisher":{"@id":"https:\/\/exparto.pl\/hu\/#organization"},"potentialAction":[{"@type":"SearchAction","target":{"@type":"EntryPoint","urlTemplate":"https:\/\/exparto.pl\/hu\/?s={search_term_string}"},"query-input":{"@type":"PropertyValueSpecification","valueRequired":true,"valueName":"search_term_string"}}],"inLanguage":"hu"},{"@type":"Organization","@id":"https:\/\/exparto.pl\/hu\/#organization","name":"EXPARTO","url":"https:\/\/exparto.pl\/hu\/","logo":{"@type":"ImageObject","inLanguage":"hu","@id":"https:\/\/exparto.pl\/hu\/#\/schema\/logo\/image\/","url":"https:\/\/exparto.pl\/wp-content\/uploads\/2023\/02\/logo-wektor.png","contentUrl":"https:\/\/exparto.pl\/wp-content\/uploads\/2023\/02\/logo-wektor.png","width":1338,"height":143,"caption":"EXPARTO"},"image":{"@id":"https:\/\/exparto.pl\/hu\/#\/schema\/logo\/image\/"},"sameAs":["https:\/\/www.facebook.com\/exparto.agro\/"]}]}},"_links":{"self":[{"href":"https:\/\/exparto.pl\/hu\/wp-json\/wp\/v2\/product\/10069","targetHints":{"allow":["GET"]}}],"collection":[{"href":"https:\/\/exparto.pl\/hu\/wp-json\/wp\/v2\/product"}],"about":[{"href":"https:\/\/exparto.pl\/hu\/wp-json\/wp\/v2\/types\/product"}],"replies":[{"embeddable":true,"href":"https:\/\/exparto.pl\/hu\/wp-json\/wp\/v2\/comments?post=10069"}],"wp:featuredmedia":[{"embeddable":true,"href":"https:\/\/exparto.pl\/hu\/wp-json\/wp\/v2\/media\/5651"}],"wp:attachment":[{"href":"https:\/\/exparto.pl\/hu\/wp-json\/wp\/v2\/media?parent=10069"}],"wp:term":[{"taxonomy":"product_brand","embeddable":true,"href":"https:\/\/exparto.pl\/hu\/wp-json\/wp\/v2\/product_brand?post=10069"},{"taxonomy":"product_cat","embeddable":true,"href":"https:\/\/exparto.pl\/hu\/wp-json\/wp\/v2\/product_cat?post=10069"},{"taxonomy":"product_tag","embeddable":true,"href":"https:\/\/exparto.pl\/hu\/wp-json\/wp\/v2\/product_tag?post=10069"}],"curies":[{"name":"wp","href":"https:\/\/api.w.org\/{rel}","templated":true}]}}