{"id":10070,"date":"2023-05-11T11:51:06","date_gmt":"2023-05-11T09:51:06","guid":{"rendered":"https:\/\/exparto.pl\/produkt\/kozponti-osszekoto-kozponti-osszekotoszeg-csapszeggel-komplett-c330-ursus-t25\/"},"modified":"2023-05-11T11:51:06","modified_gmt":"2023-05-11T09:51:06","slug":"kozepcsatlakozo-kozepso-tengely-csapszeggel-keszlet-c330-ursus-t25","status":"publish","type":"product","link":"https:\/\/exparto.pl\/hu\/produkt\/kozepcsatlakozo-kozepso-tengely-csapszeggel-keszlet-c330-ursus-t25\/","title":{"rendered":"K\u00f6zponti \u00f6sszek\u00f6t\u0151 k\u00f6zponti \u00f6sszek\u00f6t\u0151szeg csapszeggel komplett C330 Ursus T25"},"content":{"rendered":"<div>\n<p class=\"MsoNormal\" style=\"text-align: justify\">A <b>k\u00f6z\u00e9ps\u0151 l\u00e1ncszem<\/b> ide\u00e1lis a traktorokn\u00e1l az <b>als\u00f3<\/b> l\u00e1ncszem <b>stabiliz\u00e1torak\u00e9nt<\/b>. \u00d6sszek\u00f6ti a k\u00f6zponti \u00f6sszek\u00f6t\u0151szerkezetet a k\u00f6zponti mechanizmus elemeivel, lehet\u0151v\u00e9 t\u00e9ve az eg\u00e9sz rendszer <b>z\u00f6kken\u0151mentes m\u0171k\u00f6d\u00e9s\u00e9t<\/b>.<\/p>\n<p class=\"MsoNormal\" style=\"text-align: justify\">A k\u00e9szlet egy k\u00f6zponti \u00f6sszek\u00f6t\u0151elemb\u0151l, egy k\u00f6zponti \u00f6sszek\u00f6t\u0151elemb\u0151l \u00e9s egy csapb\u00f3l \u00e1ll, amellyel ezek az alkatr\u00e9szek k\u00f6nnyen \u00f6sszekapcsolhat\u00f3k. Minden alkatr\u00e9sz <b>tart\u00f3s \u00e9s hossz\u00fa \u00e9lettartam\u00fa anyagokb\u00f3l<\/b> k\u00e9sz\u00fcl, \u00edgy biztos\u00edtva a megb\u00edzhat\u00f3s\u00e1got \u00e9s a term\u00e9k hossz\u00fa \u00e9lettartam\u00e1t.<\/p>\n<p class=\"MsoNormal\" style=\"text-align: justify\">A <b>k\u00f6zponti tengelykapcsol\u00f3<\/b> els\u0151sorban az Ursus C330 traktorok tulajdonosainak sz\u00e1nt term\u00e9k, akiknek fontos a funkcionalit\u00e1s \u00e9s a megb\u00edzhat\u00f3s\u00e1g. A k\u00e9szlet k\u00f6nnyen telep\u00edthet\u0151 \u00e9s haszn\u00e1lhat\u00f3, \u00e9s seg\u00edt n\u00f6velni a traktor termel\u00e9kenys\u00e9g\u00e9t \u00e9s hat\u00e9konys\u00e1g\u00e1t.<\/p>\n<p class=\"MsoNormal\" style=\"text-align: justify\">Ha kiv\u00e1l\u00f3 min\u0151s\u00e9g\u0171 term\u00e9ket keres a traktor teljes\u00edtm\u00e9ny\u00e9nek <b>jav\u00edt\u00e1s\u00e1hoz<\/b>, akkor a C330 Ursus T k\u00f6zponti csatlakoz\u00f3 k\u00f6zponti csatlakoz\u00f3 csapszegk\u00e9szlet ide\u00e1lis v\u00e1laszt\u00e1s.<\/p>\n<\/div>\n<div style=\"text-align: justify\">\n<p>C330 T25 k\u00f6z\u00e9pcsatlakoz\u00f3 M24 csavarokkal, teljes felszerelts\u00e9ggel<\/p>\n<p>A csatlakoz\u00f3 tartalmazza:<\/p>\n<\/div>\n<div style=\"text-align: justify\">&#8211; K\u00f6zponti kapcsolat,<\/div>\n<div style=\"text-align: justify\">&#8211; Rod<\/div>\n<div style=\"text-align: justify\">&#8211; 2 t\u0171<\/div>\n","protected":false},"excerpt":{"rendered":"<p class=\"MsoNormal\" style=\"text-align: justify\">A teleszk\u00f3pos rakod\u00f3g\u00e9pek k\u00f6zponti csatlakoz\u00f3j\u00e1nak (az \u00fagynevezett von\u00f3horognak) az a c\u00e9lja, hogy \u00f6sszekapcsolja a traktort a csatlakoztatott g\u00e9ppel.<\/p>\n","protected":false},"featured_media":5647,"comment_status":"open","ping_status":"closed","template":"","meta":{"_acf_changed":false,"inline_featured_image":false},"product_brand":[],"product_cat":[283,227,217,284],"product_tag":[],"class_list":{"0":"post-10070","1":"product","2":"type-product","3":"status-publish","4":"has-post-thumbnail","6":"product_cat-alkatreszek-az-ursus-hoz","7":"product_cat-harompontos-felfuggesztesi-rendszer","8":"product_cat-traktoralkatreszek","9":"product_cat-ursus-c-330","11":"first","12":"instock","13":"taxable","14":"shipping-taxable","15":"purchasable","16":"product-type-simple"},"acf":[],"yoast_head":"<!-- This site is optimized with the Yoast SEO plugin v27.3 - https:\/\/yoast.com\/product\/yoast-seo-wordpress\/ -->\n<title>K\u00f6zponti \u00f6sszek\u00f6t\u0151 k\u00f6zponti \u00f6sszek\u00f6t\u0151szeg csapszeggel komplett C330 Ursus T25 - Exparto.pl<\/title>\n<meta name=\"robots\" content=\"index, follow, max-snippet:-1, max-image-preview:large, max-video-preview:-1\" \/>\n<link rel=\"canonical\" href=\"https:\/\/exparto.pl\/hu\/produkt\/kozepcsatlakozo-kozepso-tengely-csapszeggel-keszlet-c330-ursus-t25\/\" \/>\n<meta property=\"og:locale\" content=\"hu_HU\" \/>\n<meta property=\"og:type\" content=\"article\" \/>\n<meta property=\"og:title\" content=\"K\u00f6zponti \u00f6sszek\u00f6t\u0151 k\u00f6zponti \u00f6sszek\u00f6t\u0151szeg csapszeggel komplett C330 Ursus T25 - Exparto.pl\" \/>\n<meta property=\"og:description\" content=\"A teleszk\u00f3pos rakod\u00f3g\u00e9pek k\u00f6zponti csatlakoz\u00f3j\u00e1nak (az \u00fagynevezett von\u00f3horognak) az a c\u00e9lja, hogy \u00f6sszekapcsolja a traktort a csatlakoztatott g\u00e9ppel.\" \/>\n<meta property=\"og:url\" content=\"https:\/\/exparto.pl\/hu\/produkt\/kozepcsatlakozo-kozepso-tengely-csapszeggel-keszlet-c330-ursus-t25\/\" \/>\n<meta property=\"og:site_name\" content=\"Exparto.pl\" \/>\n<meta property=\"article:publisher\" content=\"https:\/\/www.facebook.com\/exparto.agro\/\" \/>\n<meta property=\"og:image\" content=\"https:\/\/exparto.pl\/wp-content\/uploads\/2023\/05\/da4bf0e5eb26a11d3e07bb2fbac95c63.png\" \/>\n\t<meta property=\"og:image:width\" content=\"1000\" \/>\n\t<meta property=\"og:image:height\" content=\"1000\" \/>\n\t<meta property=\"og:image:type\" content=\"image\/png\" \/>\n<meta name=\"twitter:card\" content=\"summary_large_image\" \/>\n<meta name=\"twitter:label1\" content=\"Becs\u00fclt olvas\u00e1si id\u0151\" \/>\n\t<meta name=\"twitter:data1\" content=\"1 perc\" \/>\n<script type=\"application\/ld+json\" class=\"yoast-schema-graph\">{\"@context\":\"https:\\\/\\\/schema.org\",\"@graph\":[{\"@type\":\"WebPage\",\"@id\":\"https:\\\/\\\/exparto.pl\\\/hu\\\/produkt\\\/kozepcsatlakozo-kozepso-tengely-csapszeggel-keszlet-c330-ursus-t25\\\/\",\"url\":\"https:\\\/\\\/exparto.pl\\\/hu\\\/produkt\\\/kozepcsatlakozo-kozepso-tengely-csapszeggel-keszlet-c330-ursus-t25\\\/\",\"name\":\"K\u00f6zponti \u00f6sszek\u00f6t\u0151 k\u00f6zponti \u00f6sszek\u00f6t\u0151szeg csapszeggel komplett C330 Ursus T25 - Exparto.pl\",\"isPartOf\":{\"@id\":\"https:\\\/\\\/exparto.pl\\\/hu\\\/#website\"},\"primaryImageOfPage\":{\"@id\":\"https:\\\/\\\/exparto.pl\\\/hu\\\/produkt\\\/kozepcsatlakozo-kozepso-tengely-csapszeggel-keszlet-c330-ursus-t25\\\/#primaryimage\"},\"image\":{\"@id\":\"https:\\\/\\\/exparto.pl\\\/hu\\\/produkt\\\/kozepcsatlakozo-kozepso-tengely-csapszeggel-keszlet-c330-ursus-t25\\\/#primaryimage\"},\"thumbnailUrl\":\"https:\\\/\\\/exparto.pl\\\/wp-content\\\/uploads\\\/2023\\\/05\\\/da4bf0e5eb26a11d3e07bb2fbac95c63.png\",\"datePublished\":\"2023-05-11T09:51:06+00:00\",\"breadcrumb\":{\"@id\":\"https:\\\/\\\/exparto.pl\\\/hu\\\/produkt\\\/kozepcsatlakozo-kozepso-tengely-csapszeggel-keszlet-c330-ursus-t25\\\/#breadcrumb\"},\"inLanguage\":\"hu\",\"potentialAction\":[{\"@type\":\"ReadAction\",\"target\":[\"https:\\\/\\\/exparto.pl\\\/hu\\\/produkt\\\/kozepcsatlakozo-kozepso-tengely-csapszeggel-keszlet-c330-ursus-t25\\\/\"]}]},{\"@type\":\"ImageObject\",\"inLanguage\":\"hu\",\"@id\":\"https:\\\/\\\/exparto.pl\\\/hu\\\/produkt\\\/kozepcsatlakozo-kozepso-tengely-csapszeggel-keszlet-c330-ursus-t25\\\/#primaryimage\",\"url\":\"https:\\\/\\\/exparto.pl\\\/wp-content\\\/uploads\\\/2023\\\/05\\\/da4bf0e5eb26a11d3e07bb2fbac95c63.png\",\"contentUrl\":\"https:\\\/\\\/exparto.pl\\\/wp-content\\\/uploads\\\/2023\\\/05\\\/da4bf0e5eb26a11d3e07bb2fbac95c63.png\",\"width\":1000,\"height\":1000},{\"@type\":\"BreadcrumbList\",\"@id\":\"https:\\\/\\\/exparto.pl\\\/hu\\\/produkt\\\/kozepcsatlakozo-kozepso-tengely-csapszeggel-keszlet-c330-ursus-t25\\\/#breadcrumb\",\"itemListElement\":[{\"@type\":\"ListItem\",\"position\":1,\"name\":\"Honlap\",\"item\":\"https:\\\/\\\/exparto.pl\\\/hu\\\/\"},{\"@type\":\"ListItem\",\"position\":2,\"name\":\"Sklep\",\"item\":\"https:\\\/\\\/exparto.pl\\\/sklep\\\/\"},{\"@type\":\"ListItem\",\"position\":3,\"name\":\"H\u00e1rompontos felf\u00fcggeszt\u00e9si rendszer\",\"item\":\"https:\\\/\\\/exparto.pl\\\/hu\\\/termekkategoria\\\/harompontos-felfuggesztesi-rendszer\\\/\"},{\"@type\":\"ListItem\",\"position\":4,\"name\":\"\u0141\u0105czniki centralne\",\"item\":\"https:\\\/\\\/exparto.pl\\\/kategoria-produktu\\\/trojpunktowy-uklad-zawieszenia\\\/laczniki-centralne\\\/\"},{\"@type\":\"ListItem\",\"position\":5,\"name\":\"K\u00f6zponti \u00f6sszek\u00f6t\u0151 k\u00f6zponti \u00f6sszek\u00f6t\u0151szeg csapszeggel komplett C330 Ursus T25\"}]},{\"@type\":\"WebSite\",\"@id\":\"https:\\\/\\\/exparto.pl\\\/hu\\\/#website\",\"url\":\"https:\\\/\\\/exparto.pl\\\/hu\\\/\",\"name\":\"EXPARTO\",\"description\":\"More than agro parts\",\"publisher\":{\"@id\":\"https:\\\/\\\/exparto.pl\\\/hu\\\/#organization\"},\"potentialAction\":[{\"@type\":\"SearchAction\",\"target\":{\"@type\":\"EntryPoint\",\"urlTemplate\":\"https:\\\/\\\/exparto.pl\\\/hu\\\/?s={search_term_string}\"},\"query-input\":{\"@type\":\"PropertyValueSpecification\",\"valueRequired\":true,\"valueName\":\"search_term_string\"}}],\"inLanguage\":\"hu\"},{\"@type\":\"Organization\",\"@id\":\"https:\\\/\\\/exparto.pl\\\/hu\\\/#organization\",\"name\":\"EXPARTO\",\"url\":\"https:\\\/\\\/exparto.pl\\\/hu\\\/\",\"logo\":{\"@type\":\"ImageObject\",\"inLanguage\":\"hu\",\"@id\":\"https:\\\/\\\/exparto.pl\\\/hu\\\/#\\\/schema\\\/logo\\\/image\\\/\",\"url\":\"https:\\\/\\\/exparto.pl\\\/wp-content\\\/uploads\\\/2023\\\/02\\\/logo-wektor.png\",\"contentUrl\":\"https:\\\/\\\/exparto.pl\\\/wp-content\\\/uploads\\\/2023\\\/02\\\/logo-wektor.png\",\"width\":1338,\"height\":143,\"caption\":\"EXPARTO\"},\"image\":{\"@id\":\"https:\\\/\\\/exparto.pl\\\/hu\\\/#\\\/schema\\\/logo\\\/image\\\/\"},\"sameAs\":[\"https:\\\/\\\/www.facebook.com\\\/exparto.agro\\\/\"]}]}<\/script>\n<!-- \/ Yoast SEO plugin. -->","yoast_head_json":{"title":"K\u00f6zponti \u00f6sszek\u00f6t\u0151 k\u00f6zponti \u00f6sszek\u00f6t\u0151szeg csapszeggel komplett C330 Ursus T25 - Exparto.pl","robots":{"index":"index","follow":"follow","max-snippet":"max-snippet:-1","max-image-preview":"max-image-preview:large","max-video-preview":"max-video-preview:-1"},"canonical":"https:\/\/exparto.pl\/hu\/produkt\/kozepcsatlakozo-kozepso-tengely-csapszeggel-keszlet-c330-ursus-t25\/","og_locale":"hu_HU","og_type":"article","og_title":"K\u00f6zponti \u00f6sszek\u00f6t\u0151 k\u00f6zponti \u00f6sszek\u00f6t\u0151szeg csapszeggel komplett C330 Ursus T25 - Exparto.pl","og_description":"A teleszk\u00f3pos rakod\u00f3g\u00e9pek k\u00f6zponti csatlakoz\u00f3j\u00e1nak (az \u00fagynevezett von\u00f3horognak) az a c\u00e9lja, hogy \u00f6sszekapcsolja a traktort a csatlakoztatott g\u00e9ppel.","og_url":"https:\/\/exparto.pl\/hu\/produkt\/kozepcsatlakozo-kozepso-tengely-csapszeggel-keszlet-c330-ursus-t25\/","og_site_name":"Exparto.pl","article_publisher":"https:\/\/www.facebook.com\/exparto.agro\/","og_image":[{"width":1000,"height":1000,"url":"https:\/\/exparto.pl\/wp-content\/uploads\/2023\/05\/da4bf0e5eb26a11d3e07bb2fbac95c63.png","type":"image\/png"}],"twitter_card":"summary_large_image","twitter_misc":{"Becs\u00fclt olvas\u00e1si id\u0151":"1 perc"},"schema":{"@context":"https:\/\/schema.org","@graph":[{"@type":"WebPage","@id":"https:\/\/exparto.pl\/hu\/produkt\/kozepcsatlakozo-kozepso-tengely-csapszeggel-keszlet-c330-ursus-t25\/","url":"https:\/\/exparto.pl\/hu\/produkt\/kozepcsatlakozo-kozepso-tengely-csapszeggel-keszlet-c330-ursus-t25\/","name":"K\u00f6zponti \u00f6sszek\u00f6t\u0151 k\u00f6zponti \u00f6sszek\u00f6t\u0151szeg csapszeggel komplett C330 Ursus T25 - Exparto.pl","isPartOf":{"@id":"https:\/\/exparto.pl\/hu\/#website"},"primaryImageOfPage":{"@id":"https:\/\/exparto.pl\/hu\/produkt\/kozepcsatlakozo-kozepso-tengely-csapszeggel-keszlet-c330-ursus-t25\/#primaryimage"},"image":{"@id":"https:\/\/exparto.pl\/hu\/produkt\/kozepcsatlakozo-kozepso-tengely-csapszeggel-keszlet-c330-ursus-t25\/#primaryimage"},"thumbnailUrl":"https:\/\/exparto.pl\/wp-content\/uploads\/2023\/05\/da4bf0e5eb26a11d3e07bb2fbac95c63.png","datePublished":"2023-05-11T09:51:06+00:00","breadcrumb":{"@id":"https:\/\/exparto.pl\/hu\/produkt\/kozepcsatlakozo-kozepso-tengely-csapszeggel-keszlet-c330-ursus-t25\/#breadcrumb"},"inLanguage":"hu","potentialAction":[{"@type":"ReadAction","target":["https:\/\/exparto.pl\/hu\/produkt\/kozepcsatlakozo-kozepso-tengely-csapszeggel-keszlet-c330-ursus-t25\/"]}]},{"@type":"ImageObject","inLanguage":"hu","@id":"https:\/\/exparto.pl\/hu\/produkt\/kozepcsatlakozo-kozepso-tengely-csapszeggel-keszlet-c330-ursus-t25\/#primaryimage","url":"https:\/\/exparto.pl\/wp-content\/uploads\/2023\/05\/da4bf0e5eb26a11d3e07bb2fbac95c63.png","contentUrl":"https:\/\/exparto.pl\/wp-content\/uploads\/2023\/05\/da4bf0e5eb26a11d3e07bb2fbac95c63.png","width":1000,"height":1000},{"@type":"BreadcrumbList","@id":"https:\/\/exparto.pl\/hu\/produkt\/kozepcsatlakozo-kozepso-tengely-csapszeggel-keszlet-c330-ursus-t25\/#breadcrumb","itemListElement":[{"@type":"ListItem","position":1,"name":"Honlap","item":"https:\/\/exparto.pl\/hu\/"},{"@type":"ListItem","position":2,"name":"Sklep","item":"https:\/\/exparto.pl\/sklep\/"},{"@type":"ListItem","position":3,"name":"H\u00e1rompontos felf\u00fcggeszt\u00e9si rendszer","item":"https:\/\/exparto.pl\/hu\/termekkategoria\/harompontos-felfuggesztesi-rendszer\/"},{"@type":"ListItem","position":4,"name":"\u0141\u0105czniki centralne","item":"https:\/\/exparto.pl\/kategoria-produktu\/trojpunktowy-uklad-zawieszenia\/laczniki-centralne\/"},{"@type":"ListItem","position":5,"name":"K\u00f6zponti \u00f6sszek\u00f6t\u0151 k\u00f6zponti \u00f6sszek\u00f6t\u0151szeg csapszeggel komplett C330 Ursus T25"}]},{"@type":"WebSite","@id":"https:\/\/exparto.pl\/hu\/#website","url":"https:\/\/exparto.pl\/hu\/","name":"EXPARTO","description":"More than agro parts","publisher":{"@id":"https:\/\/exparto.pl\/hu\/#organization"},"potentialAction":[{"@type":"SearchAction","target":{"@type":"EntryPoint","urlTemplate":"https:\/\/exparto.pl\/hu\/?s={search_term_string}"},"query-input":{"@type":"PropertyValueSpecification","valueRequired":true,"valueName":"search_term_string"}}],"inLanguage":"hu"},{"@type":"Organization","@id":"https:\/\/exparto.pl\/hu\/#organization","name":"EXPARTO","url":"https:\/\/exparto.pl\/hu\/","logo":{"@type":"ImageObject","inLanguage":"hu","@id":"https:\/\/exparto.pl\/hu\/#\/schema\/logo\/image\/","url":"https:\/\/exparto.pl\/wp-content\/uploads\/2023\/02\/logo-wektor.png","contentUrl":"https:\/\/exparto.pl\/wp-content\/uploads\/2023\/02\/logo-wektor.png","width":1338,"height":143,"caption":"EXPARTO"},"image":{"@id":"https:\/\/exparto.pl\/hu\/#\/schema\/logo\/image\/"},"sameAs":["https:\/\/www.facebook.com\/exparto.agro\/"]}]}},"_links":{"self":[{"href":"https:\/\/exparto.pl\/hu\/wp-json\/wp\/v2\/product\/10070","targetHints":{"allow":["GET"]}}],"collection":[{"href":"https:\/\/exparto.pl\/hu\/wp-json\/wp\/v2\/product"}],"about":[{"href":"https:\/\/exparto.pl\/hu\/wp-json\/wp\/v2\/types\/product"}],"replies":[{"embeddable":true,"href":"https:\/\/exparto.pl\/hu\/wp-json\/wp\/v2\/comments?post=10070"}],"wp:featuredmedia":[{"embeddable":true,"href":"https:\/\/exparto.pl\/hu\/wp-json\/wp\/v2\/media\/5647"}],"wp:attachment":[{"href":"https:\/\/exparto.pl\/hu\/wp-json\/wp\/v2\/media?parent=10070"}],"wp:term":[{"taxonomy":"product_brand","embeddable":true,"href":"https:\/\/exparto.pl\/hu\/wp-json\/wp\/v2\/product_brand?post=10070"},{"taxonomy":"product_cat","embeddable":true,"href":"https:\/\/exparto.pl\/hu\/wp-json\/wp\/v2\/product_cat?post=10070"},{"taxonomy":"product_tag","embeddable":true,"href":"https:\/\/exparto.pl\/hu\/wp-json\/wp\/v2\/product_tag?post=10070"}],"curies":[{"name":"wp","href":"https:\/\/api.w.org\/{rel}","templated":true}]}}