{"id":10075,"date":"2023-05-25T10:48:44","date_gmt":"2023-05-25T08:48:44","guid":{"rendered":"https:\/\/exparto.pl\/produkt\/carmen-hatso-kombinalt-lampa-lzd-2401\/"},"modified":"2023-05-25T10:48:44","modified_gmt":"2023-05-25T08:48:44","slug":"lampa-carmen-lzd-2401","status":"publish","type":"product","link":"https:\/\/exparto.pl\/hu\/produkt\/lampa-carmen-lzd-2401\/","title":{"rendered":"Carmen h\u00e1ts\u00f3 kombin\u00e1lt l\u00e1mpa &#8211; LZD 2401"},"content":{"rendered":"<p style=\"text-align: justify\">A Carmen (LZD 2401\/jobb) egy 7-funkci\u00f3s ledes h\u00e1ts\u00f3 kombin\u00e1lt l\u00e1mpa piros f\u00e9kl\u00e1mpa sapk\u00e1kkal. A Carmen l\u00e1mpa dinamikus ir\u00e1nyjelz\u0151vel \u00e9s NEON helyzetjelz\u0151vel van felszerelve. A rendsz\u00e1mt\u00e1bla vil\u00e1g\u00edt\u00e1s k\u00fcl\u00f6n k\u00e1bellel m\u0171k\u00f6dik, \u00edgy ez a vil\u00e1g\u00edt\u00e1s a helyzetjelz\u0151 l\u00e1mp\u00e1t\u00f3l f\u00fcggetlen\u00fcl csatlakoztathat\u00f3.<\/p>\n","protected":false},"excerpt":{"rendered":"<p style=\"text-align: justify\">Carmen h\u00e1ts\u00f3 kombin\u00e1lt l\u00e1mpa<\/p>\n","protected":false},"featured_media":10076,"comment_status":"open","ping_status":"closed","template":"","meta":{"_acf_changed":false,"inline_featured_image":false},"product_brand":[],"product_cat":[273],"product_tag":[],"class_list":{"0":"post-10075","1":"product","2":"type-product","3":"status-publish","4":"has-post-thumbnail","6":"product_cat-kombinalt-lampak","8":"first","9":"instock","10":"taxable","11":"shipping-taxable","12":"purchasable","13":"product-type-simple"},"acf":[],"yoast_head":"<!-- This site is optimized with the Yoast SEO plugin v27.2 - https:\/\/yoast.com\/product\/yoast-seo-wordpress\/ -->\n<title>Carmen h\u00e1ts\u00f3 kombin\u00e1lt l\u00e1mpa - LZD 2401 - Exparto.pl<\/title>\n<meta name=\"robots\" content=\"index, follow, max-snippet:-1, max-image-preview:large, max-video-preview:-1\" \/>\n<link rel=\"canonical\" href=\"https:\/\/exparto.pl\/hu\/produkt\/lampa-carmen-lzd-2401\/\" \/>\n<meta property=\"og:locale\" content=\"hu_HU\" \/>\n<meta property=\"og:type\" content=\"article\" \/>\n<meta property=\"og:title\" content=\"Carmen h\u00e1ts\u00f3 kombin\u00e1lt l\u00e1mpa - LZD 2401 - Exparto.pl\" \/>\n<meta property=\"og:description\" content=\"Carmen h\u00e1ts\u00f3 kombin\u00e1lt l\u00e1mpa\" \/>\n<meta property=\"og:url\" content=\"https:\/\/exparto.pl\/hu\/produkt\/lampa-carmen-lzd-2401\/\" \/>\n<meta property=\"og:site_name\" content=\"Exparto.pl\" \/>\n<meta property=\"article:publisher\" content=\"https:\/\/www.facebook.com\/exparto.agro\/\" \/>\n<meta property=\"og:image\" content=\"https:\/\/exparto.pl\/wp-content\/uploads\/2023\/07\/aca649a1b0a5ca2cdcc686c1eaac4aad.jpg\" \/>\n\t<meta property=\"og:image:width\" content=\"1000\" \/>\n\t<meta property=\"og:image:height\" content=\"1000\" \/>\n\t<meta property=\"og:image:type\" content=\"image\/jpeg\" \/>\n<meta name=\"twitter:card\" content=\"summary_large_image\" \/>\n<script type=\"application\/ld+json\" class=\"yoast-schema-graph\">{\"@context\":\"https:\/\/schema.org\",\"@graph\":[{\"@type\":\"WebPage\",\"@id\":\"https:\/\/exparto.pl\/hu\/produkt\/lampa-carmen-lzd-2401\/\",\"url\":\"https:\/\/exparto.pl\/hu\/produkt\/lampa-carmen-lzd-2401\/\",\"name\":\"Carmen h\u00e1ts\u00f3 kombin\u00e1lt l\u00e1mpa - LZD 2401 - Exparto.pl\",\"isPartOf\":{\"@id\":\"https:\/\/exparto.pl\/hu\/#website\"},\"primaryImageOfPage\":{\"@id\":\"https:\/\/exparto.pl\/hu\/produkt\/lampa-carmen-lzd-2401\/#primaryimage\"},\"image\":{\"@id\":\"https:\/\/exparto.pl\/hu\/produkt\/lampa-carmen-lzd-2401\/#primaryimage\"},\"thumbnailUrl\":\"https:\/\/exparto.pl\/wp-content\/uploads\/2023\/07\/aca649a1b0a5ca2cdcc686c1eaac4aad.jpg\",\"datePublished\":\"2023-05-25T08:48:44+00:00\",\"breadcrumb\":{\"@id\":\"https:\/\/exparto.pl\/hu\/produkt\/lampa-carmen-lzd-2401\/#breadcrumb\"},\"inLanguage\":\"hu\",\"potentialAction\":[{\"@type\":\"ReadAction\",\"target\":[\"https:\/\/exparto.pl\/hu\/produkt\/lampa-carmen-lzd-2401\/\"]}]},{\"@type\":\"ImageObject\",\"inLanguage\":\"hu\",\"@id\":\"https:\/\/exparto.pl\/hu\/produkt\/lampa-carmen-lzd-2401\/#primaryimage\",\"url\":\"https:\/\/exparto.pl\/wp-content\/uploads\/2023\/07\/aca649a1b0a5ca2cdcc686c1eaac4aad.jpg\",\"contentUrl\":\"https:\/\/exparto.pl\/wp-content\/uploads\/2023\/07\/aca649a1b0a5ca2cdcc686c1eaac4aad.jpg\",\"width\":1000,\"height\":1000},{\"@type\":\"BreadcrumbList\",\"@id\":\"https:\/\/exparto.pl\/hu\/produkt\/lampa-carmen-lzd-2401\/#breadcrumb\",\"itemListElement\":[{\"@type\":\"ListItem\",\"position\":1,\"name\":\"Honlap\",\"item\":\"https:\/\/exparto.pl\/hu\/\"},{\"@type\":\"ListItem\",\"position\":2,\"name\":\"Sklep\",\"item\":\"https:\/\/exparto.pl\/sklep\/\"},{\"@type\":\"ListItem\",\"position\":3,\"name\":\"Vil\u00e1g\u00edt\u00e1s\",\"item\":\"https:\/\/exparto.pl\/hu\/termekkategoria\/vilagitas\/\"},{\"@type\":\"ListItem\",\"position\":4,\"name\":\"Kombin\u00e1lt l\u00e1mp\u00e1k\",\"item\":\"https:\/\/exparto.pl\/hu\/termekkategoria\/vilagitas\/kombinalt-lampak\/\"},{\"@type\":\"ListItem\",\"position\":5,\"name\":\"Carmen h\u00e1ts\u00f3 kombin\u00e1lt l\u00e1mpa &#8211; LZD 2401\"}]},{\"@type\":\"WebSite\",\"@id\":\"https:\/\/exparto.pl\/hu\/#website\",\"url\":\"https:\/\/exparto.pl\/hu\/\",\"name\":\"EXPARTO\",\"description\":\"More than agro parts\",\"publisher\":{\"@id\":\"https:\/\/exparto.pl\/hu\/#organization\"},\"potentialAction\":[{\"@type\":\"SearchAction\",\"target\":{\"@type\":\"EntryPoint\",\"urlTemplate\":\"https:\/\/exparto.pl\/hu\/?s={search_term_string}\"},\"query-input\":{\"@type\":\"PropertyValueSpecification\",\"valueRequired\":true,\"valueName\":\"search_term_string\"}}],\"inLanguage\":\"hu\"},{\"@type\":\"Organization\",\"@id\":\"https:\/\/exparto.pl\/hu\/#organization\",\"name\":\"EXPARTO\",\"url\":\"https:\/\/exparto.pl\/hu\/\",\"logo\":{\"@type\":\"ImageObject\",\"inLanguage\":\"hu\",\"@id\":\"https:\/\/exparto.pl\/hu\/#\/schema\/logo\/image\/\",\"url\":\"https:\/\/exparto.pl\/wp-content\/uploads\/2023\/02\/logo-wektor.png\",\"contentUrl\":\"https:\/\/exparto.pl\/wp-content\/uploads\/2023\/02\/logo-wektor.png\",\"width\":1338,\"height\":143,\"caption\":\"EXPARTO\"},\"image\":{\"@id\":\"https:\/\/exparto.pl\/hu\/#\/schema\/logo\/image\/\"},\"sameAs\":[\"https:\/\/www.facebook.com\/exparto.agro\/\"]}]}<\/script>\n<!-- \/ Yoast SEO plugin. -->","yoast_head_json":{"title":"Carmen h\u00e1ts\u00f3 kombin\u00e1lt l\u00e1mpa - LZD 2401 - Exparto.pl","robots":{"index":"index","follow":"follow","max-snippet":"max-snippet:-1","max-image-preview":"max-image-preview:large","max-video-preview":"max-video-preview:-1"},"canonical":"https:\/\/exparto.pl\/hu\/produkt\/lampa-carmen-lzd-2401\/","og_locale":"hu_HU","og_type":"article","og_title":"Carmen h\u00e1ts\u00f3 kombin\u00e1lt l\u00e1mpa - LZD 2401 - Exparto.pl","og_description":"Carmen h\u00e1ts\u00f3 kombin\u00e1lt l\u00e1mpa","og_url":"https:\/\/exparto.pl\/hu\/produkt\/lampa-carmen-lzd-2401\/","og_site_name":"Exparto.pl","article_publisher":"https:\/\/www.facebook.com\/exparto.agro\/","og_image":[{"width":1000,"height":1000,"url":"https:\/\/exparto.pl\/wp-content\/uploads\/2023\/07\/aca649a1b0a5ca2cdcc686c1eaac4aad.jpg","type":"image\/jpeg"}],"twitter_card":"summary_large_image","schema":{"@context":"https:\/\/schema.org","@graph":[{"@type":"WebPage","@id":"https:\/\/exparto.pl\/hu\/produkt\/lampa-carmen-lzd-2401\/","url":"https:\/\/exparto.pl\/hu\/produkt\/lampa-carmen-lzd-2401\/","name":"Carmen h\u00e1ts\u00f3 kombin\u00e1lt l\u00e1mpa - LZD 2401 - Exparto.pl","isPartOf":{"@id":"https:\/\/exparto.pl\/hu\/#website"},"primaryImageOfPage":{"@id":"https:\/\/exparto.pl\/hu\/produkt\/lampa-carmen-lzd-2401\/#primaryimage"},"image":{"@id":"https:\/\/exparto.pl\/hu\/produkt\/lampa-carmen-lzd-2401\/#primaryimage"},"thumbnailUrl":"https:\/\/exparto.pl\/wp-content\/uploads\/2023\/07\/aca649a1b0a5ca2cdcc686c1eaac4aad.jpg","datePublished":"2023-05-25T08:48:44+00:00","breadcrumb":{"@id":"https:\/\/exparto.pl\/hu\/produkt\/lampa-carmen-lzd-2401\/#breadcrumb"},"inLanguage":"hu","potentialAction":[{"@type":"ReadAction","target":["https:\/\/exparto.pl\/hu\/produkt\/lampa-carmen-lzd-2401\/"]}]},{"@type":"ImageObject","inLanguage":"hu","@id":"https:\/\/exparto.pl\/hu\/produkt\/lampa-carmen-lzd-2401\/#primaryimage","url":"https:\/\/exparto.pl\/wp-content\/uploads\/2023\/07\/aca649a1b0a5ca2cdcc686c1eaac4aad.jpg","contentUrl":"https:\/\/exparto.pl\/wp-content\/uploads\/2023\/07\/aca649a1b0a5ca2cdcc686c1eaac4aad.jpg","width":1000,"height":1000},{"@type":"BreadcrumbList","@id":"https:\/\/exparto.pl\/hu\/produkt\/lampa-carmen-lzd-2401\/#breadcrumb","itemListElement":[{"@type":"ListItem","position":1,"name":"Honlap","item":"https:\/\/exparto.pl\/hu\/"},{"@type":"ListItem","position":2,"name":"Sklep","item":"https:\/\/exparto.pl\/sklep\/"},{"@type":"ListItem","position":3,"name":"Vil\u00e1g\u00edt\u00e1s","item":"https:\/\/exparto.pl\/hu\/termekkategoria\/vilagitas\/"},{"@type":"ListItem","position":4,"name":"Kombin\u00e1lt l\u00e1mp\u00e1k","item":"https:\/\/exparto.pl\/hu\/termekkategoria\/vilagitas\/kombinalt-lampak\/"},{"@type":"ListItem","position":5,"name":"Carmen h\u00e1ts\u00f3 kombin\u00e1lt l\u00e1mpa &#8211; LZD 2401"}]},{"@type":"WebSite","@id":"https:\/\/exparto.pl\/hu\/#website","url":"https:\/\/exparto.pl\/hu\/","name":"EXPARTO","description":"More than agro parts","publisher":{"@id":"https:\/\/exparto.pl\/hu\/#organization"},"potentialAction":[{"@type":"SearchAction","target":{"@type":"EntryPoint","urlTemplate":"https:\/\/exparto.pl\/hu\/?s={search_term_string}"},"query-input":{"@type":"PropertyValueSpecification","valueRequired":true,"valueName":"search_term_string"}}],"inLanguage":"hu"},{"@type":"Organization","@id":"https:\/\/exparto.pl\/hu\/#organization","name":"EXPARTO","url":"https:\/\/exparto.pl\/hu\/","logo":{"@type":"ImageObject","inLanguage":"hu","@id":"https:\/\/exparto.pl\/hu\/#\/schema\/logo\/image\/","url":"https:\/\/exparto.pl\/wp-content\/uploads\/2023\/02\/logo-wektor.png","contentUrl":"https:\/\/exparto.pl\/wp-content\/uploads\/2023\/02\/logo-wektor.png","width":1338,"height":143,"caption":"EXPARTO"},"image":{"@id":"https:\/\/exparto.pl\/hu\/#\/schema\/logo\/image\/"},"sameAs":["https:\/\/www.facebook.com\/exparto.agro\/"]}]}},"_links":{"self":[{"href":"https:\/\/exparto.pl\/hu\/wp-json\/wp\/v2\/product\/10075","targetHints":{"allow":["GET"]}}],"collection":[{"href":"https:\/\/exparto.pl\/hu\/wp-json\/wp\/v2\/product"}],"about":[{"href":"https:\/\/exparto.pl\/hu\/wp-json\/wp\/v2\/types\/product"}],"replies":[{"embeddable":true,"href":"https:\/\/exparto.pl\/hu\/wp-json\/wp\/v2\/comments?post=10075"}],"wp:featuredmedia":[{"embeddable":true,"href":"https:\/\/exparto.pl\/hu\/wp-json\/wp\/v2\/media\/10076"}],"wp:attachment":[{"href":"https:\/\/exparto.pl\/hu\/wp-json\/wp\/v2\/media?parent=10075"}],"wp:term":[{"taxonomy":"product_brand","embeddable":true,"href":"https:\/\/exparto.pl\/hu\/wp-json\/wp\/v2\/product_brand?post=10075"},{"taxonomy":"product_cat","embeddable":true,"href":"https:\/\/exparto.pl\/hu\/wp-json\/wp\/v2\/product_cat?post=10075"},{"taxonomy":"product_tag","embeddable":true,"href":"https:\/\/exparto.pl\/hu\/wp-json\/wp\/v2\/product_tag?post=10075"}],"curies":[{"name":"wp","href":"https:\/\/api.w.org\/{rel}","templated":true}]}}