{"id":10089,"date":"2023-04-28T14:17:36","date_gmt":"2023-04-28T12:17:36","guid":{"rendered":"https:\/\/exparto.pl\/produkt\/sipma-sipma-z-224-sajtolo-tarcsa\/"},"modified":"2023-04-28T14:17:36","modified_gmt":"2023-04-28T12:17:36","slug":"tarcsa-sajto-sipma-z-224","status":"publish","type":"product","link":"https:\/\/exparto.pl\/hu\/produkt\/tarcsa-sajto-sipma-z-224\/","title":{"rendered":"SIPMA SIPMA Z-224 sajtol\u00f3 t\u00e1rcsa"},"content":{"rendered":"<p class=\"MsoNormal\" style=\"text-align: justify\"><span style=\"color: inherit;font-weight: 700 !important\">T\u00e1rcsa a SIPMA Z-224\/1, SIPMA Z-224\/2 modellekhez<\/span><\/p>\n<p class=\"MsoNormal\" style=\"text-align: justify\">Katal\u00f3gussz\u00e1mok:<\/p>\n<p class=\"MsoNormal\" style=\"text-align: justify\"><span style=\"font-weight: bold\">\u27055223077121<\/span><\/p>\n<p class=\"MsoNormal\" style=\"text-align: justify\">A Simpa b\u00e1l\u00e1z\u00f3 egy sz\u00e9les k\u00f6rben haszn\u00e1lt mez\u0151gazdas\u00e1gi g\u00e9p. <span style=\"color: inherit;font-weight: 700 !important\">J\u00f3l m\u0171k\u00f6dik a szalma betakar\u00edt\u00e1s\u00e1n\u00e1l<\/span>. Sz\u00e9na betakar\u00edt\u00e1s\u00e1ra is haszn\u00e1lj\u00e1k. Els\u0151sorban a sajt\u00f3 k\u00f6t\u0151szerkezet\u00e9n &#8211; a nyom\u00f3szerkezeten &#8211; alapul. Ezt a k\u00e9sz\u00fcl\u00e9ket ragaszt\u00f3k\u00e9sz\u00fcl\u00e9knek is nevezik. Minden kifejez\u00e9s szorosan kapcsol\u00f3dik a munk\u00e1j\u00e1hoz. A k\u00f6t\u0151berendez\u00e9s a sajt\u00f3n\u00e1l a h\u00far sz\u00f6v\u00e9s\u00e9\u00e9rt felel\u0151s. M\u00e1sodperceken bel\u00fcl automatikusan <span style=\"color: inherit;font-weight: 700 !important\">er\u0151s csom\u00f3t k\u00f6t, \u00e9s lev\u00e1gja a felesleges zsin\u00f3rt<\/span>. A sajt\u00f3 legfontosabb r\u00e9sz\u00e9t k\u00e9pez\u0151 supplanter egyes alkatr\u00e9szeinek nagyon pontosan kell egy\u00fcttm\u0171k\u00f6dni\u00fck.<\/p>\n<p class=\"MsoNormal\" style=\"text-align: justify\">A kock\u00e1z\u00f3pr\u00e9s kiv\u00e1l\u00f3 min\u0151s\u00e9g\u0171 k\u00f6t\u0151berendez\u00e9se biztos\u00edtja a megb\u00edzhat\u00f3 m\u0171k\u00f6d\u00e9st. Az Exparto mez\u0151gazdas\u00e1gi g\u00e9palkatr\u00e9szek online \u00e1ruh\u00e1za a supplanterhez is k\u00edn\u00e1l alkatr\u00e9szeket. T\u00f6bbek k\u00f6z\u00f6tt a k\u00f6vetkez\u0151k \u00e1llnak rendelkez\u00e9sre. szuperszett test, k\u00e9skar, Simpa t\u0171.<\/p>\n","protected":false},"excerpt":{"rendered":"<p style=\"text-align: justify\"><span style=\"text-align: justify\">A b\u00fctyk\u00f6s t\u00e1rcsa a SIPMA Z-224 pr\u00e9s p\u00f3talkatr\u00e9sze. A kiv\u00e1l\u00f3 min\u0151s\u00e9g\u0171 term\u00e9k biztos\u00edtja a megb\u00edzhat\u00f3 teljes\u00edtm\u00e9nyt.<\/span><\/p>\n","protected":false},"featured_media":5547,"comment_status":"open","ping_status":"closed","template":"","meta":{"_acf_changed":false,"inline_featured_image":false},"product_brand":[],"product_cat":[265,220],"product_tag":[],"class_list":{"0":"post-10089","1":"product","2":"type-product","3":"status-publish","4":"has-post-thumbnail","6":"product_cat-alkatreszek-a-sipma-z-224-balazohoz","7":"product_cat-sajto-alkatreszek","9":"first","10":"instock","11":"taxable","12":"shipping-taxable","13":"purchasable","14":"product-type-simple"},"acf":[],"yoast_head":"<!-- This site is optimized with the Yoast SEO plugin v27.2 - https:\/\/yoast.com\/product\/yoast-seo-wordpress\/ -->\n<title>SIPMA SIPMA Z-224 sajtol\u00f3 t\u00e1rcsa - Exparto.pl<\/title>\n<meta name=\"robots\" content=\"index, follow, max-snippet:-1, max-image-preview:large, max-video-preview:-1\" \/>\n<link rel=\"canonical\" href=\"https:\/\/exparto.pl\/hu\/produkt\/tarcsa-sajto-sipma-z-224\/\" \/>\n<meta property=\"og:locale\" content=\"hu_HU\" \/>\n<meta property=\"og:type\" content=\"article\" \/>\n<meta property=\"og:title\" content=\"SIPMA SIPMA Z-224 sajtol\u00f3 t\u00e1rcsa - Exparto.pl\" \/>\n<meta property=\"og:description\" content=\"A b\u00fctyk\u00f6s t\u00e1rcsa a SIPMA Z-224 pr\u00e9s p\u00f3talkatr\u00e9sze. A kiv\u00e1l\u00f3 min\u0151s\u00e9g\u0171 term\u00e9k biztos\u00edtja a megb\u00edzhat\u00f3 teljes\u00edtm\u00e9nyt.\" \/>\n<meta property=\"og:url\" content=\"https:\/\/exparto.pl\/hu\/produkt\/tarcsa-sajto-sipma-z-224\/\" \/>\n<meta property=\"og:site_name\" content=\"Exparto.pl\" \/>\n<meta property=\"article:publisher\" content=\"https:\/\/www.facebook.com\/exparto.agro\/\" \/>\n<meta property=\"og:image\" content=\"https:\/\/exparto.pl\/wp-content\/uploads\/2023\/04\/badd8bf5859c1f7ec2e7f72ea6d84d03.jpg\" \/>\n\t<meta property=\"og:image:width\" content=\"1000\" \/>\n\t<meta property=\"og:image:height\" content=\"1000\" \/>\n\t<meta property=\"og:image:type\" content=\"image\/jpeg\" \/>\n<meta name=\"twitter:card\" content=\"summary_large_image\" \/>\n<meta name=\"twitter:label1\" content=\"Becs\u00fclt olvas\u00e1si id\u0151\" \/>\n\t<meta name=\"twitter:data1\" content=\"1 perc\" \/>\n<script type=\"application\/ld+json\" class=\"yoast-schema-graph\">{\"@context\":\"https:\/\/schema.org\",\"@graph\":[{\"@type\":\"WebPage\",\"@id\":\"https:\/\/exparto.pl\/hu\/produkt\/tarcsa-sajto-sipma-z-224\/\",\"url\":\"https:\/\/exparto.pl\/hu\/produkt\/tarcsa-sajto-sipma-z-224\/\",\"name\":\"SIPMA SIPMA Z-224 sajtol\u00f3 t\u00e1rcsa - Exparto.pl\",\"isPartOf\":{\"@id\":\"https:\/\/exparto.pl\/hu\/#website\"},\"primaryImageOfPage\":{\"@id\":\"https:\/\/exparto.pl\/hu\/produkt\/tarcsa-sajto-sipma-z-224\/#primaryimage\"},\"image\":{\"@id\":\"https:\/\/exparto.pl\/hu\/produkt\/tarcsa-sajto-sipma-z-224\/#primaryimage\"},\"thumbnailUrl\":\"https:\/\/exparto.pl\/wp-content\/uploads\/2023\/04\/badd8bf5859c1f7ec2e7f72ea6d84d03.jpg\",\"datePublished\":\"2023-04-28T12:17:36+00:00\",\"breadcrumb\":{\"@id\":\"https:\/\/exparto.pl\/hu\/produkt\/tarcsa-sajto-sipma-z-224\/#breadcrumb\"},\"inLanguage\":\"hu\",\"potentialAction\":[{\"@type\":\"ReadAction\",\"target\":[\"https:\/\/exparto.pl\/hu\/produkt\/tarcsa-sajto-sipma-z-224\/\"]}]},{\"@type\":\"ImageObject\",\"inLanguage\":\"hu\",\"@id\":\"https:\/\/exparto.pl\/hu\/produkt\/tarcsa-sajto-sipma-z-224\/#primaryimage\",\"url\":\"https:\/\/exparto.pl\/wp-content\/uploads\/2023\/04\/badd8bf5859c1f7ec2e7f72ea6d84d03.jpg\",\"contentUrl\":\"https:\/\/exparto.pl\/wp-content\/uploads\/2023\/04\/badd8bf5859c1f7ec2e7f72ea6d84d03.jpg\",\"width\":1000,\"height\":1000},{\"@type\":\"BreadcrumbList\",\"@id\":\"https:\/\/exparto.pl\/hu\/produkt\/tarcsa-sajto-sipma-z-224\/#breadcrumb\",\"itemListElement\":[{\"@type\":\"ListItem\",\"position\":1,\"name\":\"Honlap\",\"item\":\"https:\/\/exparto.pl\/hu\/\"},{\"@type\":\"ListItem\",\"position\":2,\"name\":\"Sklep\",\"item\":\"https:\/\/exparto.pl\/sklep\/\"},{\"@type\":\"ListItem\",\"position\":3,\"name\":\"Sajt\u00f3 alkatr\u00e9szek\",\"item\":\"https:\/\/exparto.pl\/hu\/termekkategoria\/sajto-alkatreszek\/\"},{\"@type\":\"ListItem\",\"position\":4,\"name\":\"Alkatr\u00e9szek a SIPMA Z-224 b\u00e1l\u00e1z\u00f3hoz\",\"item\":\"https:\/\/exparto.pl\/hu\/termekkategoria\/sajto-alkatreszek\/alkatreszek-a-sipma-z-224-balazohoz\/\"},{\"@type\":\"ListItem\",\"position\":5,\"name\":\"SIPMA SIPMA Z-224 sajtol\u00f3 t\u00e1rcsa\"}]},{\"@type\":\"WebSite\",\"@id\":\"https:\/\/exparto.pl\/hu\/#website\",\"url\":\"https:\/\/exparto.pl\/hu\/\",\"name\":\"EXPARTO\",\"description\":\"More than agro parts\",\"publisher\":{\"@id\":\"https:\/\/exparto.pl\/hu\/#organization\"},\"potentialAction\":[{\"@type\":\"SearchAction\",\"target\":{\"@type\":\"EntryPoint\",\"urlTemplate\":\"https:\/\/exparto.pl\/hu\/?s={search_term_string}\"},\"query-input\":{\"@type\":\"PropertyValueSpecification\",\"valueRequired\":true,\"valueName\":\"search_term_string\"}}],\"inLanguage\":\"hu\"},{\"@type\":\"Organization\",\"@id\":\"https:\/\/exparto.pl\/hu\/#organization\",\"name\":\"EXPARTO\",\"url\":\"https:\/\/exparto.pl\/hu\/\",\"logo\":{\"@type\":\"ImageObject\",\"inLanguage\":\"hu\",\"@id\":\"https:\/\/exparto.pl\/hu\/#\/schema\/logo\/image\/\",\"url\":\"https:\/\/exparto.pl\/wp-content\/uploads\/2023\/02\/logo-wektor.png\",\"contentUrl\":\"https:\/\/exparto.pl\/wp-content\/uploads\/2023\/02\/logo-wektor.png\",\"width\":1338,\"height\":143,\"caption\":\"EXPARTO\"},\"image\":{\"@id\":\"https:\/\/exparto.pl\/hu\/#\/schema\/logo\/image\/\"},\"sameAs\":[\"https:\/\/www.facebook.com\/exparto.agro\/\"]}]}<\/script>\n<!-- \/ Yoast SEO plugin. -->","yoast_head_json":{"title":"SIPMA SIPMA Z-224 sajtol\u00f3 t\u00e1rcsa - Exparto.pl","robots":{"index":"index","follow":"follow","max-snippet":"max-snippet:-1","max-image-preview":"max-image-preview:large","max-video-preview":"max-video-preview:-1"},"canonical":"https:\/\/exparto.pl\/hu\/produkt\/tarcsa-sajto-sipma-z-224\/","og_locale":"hu_HU","og_type":"article","og_title":"SIPMA SIPMA Z-224 sajtol\u00f3 t\u00e1rcsa - Exparto.pl","og_description":"A b\u00fctyk\u00f6s t\u00e1rcsa a SIPMA Z-224 pr\u00e9s p\u00f3talkatr\u00e9sze. A kiv\u00e1l\u00f3 min\u0151s\u00e9g\u0171 term\u00e9k biztos\u00edtja a megb\u00edzhat\u00f3 teljes\u00edtm\u00e9nyt.","og_url":"https:\/\/exparto.pl\/hu\/produkt\/tarcsa-sajto-sipma-z-224\/","og_site_name":"Exparto.pl","article_publisher":"https:\/\/www.facebook.com\/exparto.agro\/","og_image":[{"width":1000,"height":1000,"url":"https:\/\/exparto.pl\/wp-content\/uploads\/2023\/04\/badd8bf5859c1f7ec2e7f72ea6d84d03.jpg","type":"image\/jpeg"}],"twitter_card":"summary_large_image","twitter_misc":{"Becs\u00fclt olvas\u00e1si id\u0151":"1 perc"},"schema":{"@context":"https:\/\/schema.org","@graph":[{"@type":"WebPage","@id":"https:\/\/exparto.pl\/hu\/produkt\/tarcsa-sajto-sipma-z-224\/","url":"https:\/\/exparto.pl\/hu\/produkt\/tarcsa-sajto-sipma-z-224\/","name":"SIPMA SIPMA Z-224 sajtol\u00f3 t\u00e1rcsa - Exparto.pl","isPartOf":{"@id":"https:\/\/exparto.pl\/hu\/#website"},"primaryImageOfPage":{"@id":"https:\/\/exparto.pl\/hu\/produkt\/tarcsa-sajto-sipma-z-224\/#primaryimage"},"image":{"@id":"https:\/\/exparto.pl\/hu\/produkt\/tarcsa-sajto-sipma-z-224\/#primaryimage"},"thumbnailUrl":"https:\/\/exparto.pl\/wp-content\/uploads\/2023\/04\/badd8bf5859c1f7ec2e7f72ea6d84d03.jpg","datePublished":"2023-04-28T12:17:36+00:00","breadcrumb":{"@id":"https:\/\/exparto.pl\/hu\/produkt\/tarcsa-sajto-sipma-z-224\/#breadcrumb"},"inLanguage":"hu","potentialAction":[{"@type":"ReadAction","target":["https:\/\/exparto.pl\/hu\/produkt\/tarcsa-sajto-sipma-z-224\/"]}]},{"@type":"ImageObject","inLanguage":"hu","@id":"https:\/\/exparto.pl\/hu\/produkt\/tarcsa-sajto-sipma-z-224\/#primaryimage","url":"https:\/\/exparto.pl\/wp-content\/uploads\/2023\/04\/badd8bf5859c1f7ec2e7f72ea6d84d03.jpg","contentUrl":"https:\/\/exparto.pl\/wp-content\/uploads\/2023\/04\/badd8bf5859c1f7ec2e7f72ea6d84d03.jpg","width":1000,"height":1000},{"@type":"BreadcrumbList","@id":"https:\/\/exparto.pl\/hu\/produkt\/tarcsa-sajto-sipma-z-224\/#breadcrumb","itemListElement":[{"@type":"ListItem","position":1,"name":"Honlap","item":"https:\/\/exparto.pl\/hu\/"},{"@type":"ListItem","position":2,"name":"Sklep","item":"https:\/\/exparto.pl\/sklep\/"},{"@type":"ListItem","position":3,"name":"Sajt\u00f3 alkatr\u00e9szek","item":"https:\/\/exparto.pl\/hu\/termekkategoria\/sajto-alkatreszek\/"},{"@type":"ListItem","position":4,"name":"Alkatr\u00e9szek a SIPMA Z-224 b\u00e1l\u00e1z\u00f3hoz","item":"https:\/\/exparto.pl\/hu\/termekkategoria\/sajto-alkatreszek\/alkatreszek-a-sipma-z-224-balazohoz\/"},{"@type":"ListItem","position":5,"name":"SIPMA SIPMA Z-224 sajtol\u00f3 t\u00e1rcsa"}]},{"@type":"WebSite","@id":"https:\/\/exparto.pl\/hu\/#website","url":"https:\/\/exparto.pl\/hu\/","name":"EXPARTO","description":"More than agro parts","publisher":{"@id":"https:\/\/exparto.pl\/hu\/#organization"},"potentialAction":[{"@type":"SearchAction","target":{"@type":"EntryPoint","urlTemplate":"https:\/\/exparto.pl\/hu\/?s={search_term_string}"},"query-input":{"@type":"PropertyValueSpecification","valueRequired":true,"valueName":"search_term_string"}}],"inLanguage":"hu"},{"@type":"Organization","@id":"https:\/\/exparto.pl\/hu\/#organization","name":"EXPARTO","url":"https:\/\/exparto.pl\/hu\/","logo":{"@type":"ImageObject","inLanguage":"hu","@id":"https:\/\/exparto.pl\/hu\/#\/schema\/logo\/image\/","url":"https:\/\/exparto.pl\/wp-content\/uploads\/2023\/02\/logo-wektor.png","contentUrl":"https:\/\/exparto.pl\/wp-content\/uploads\/2023\/02\/logo-wektor.png","width":1338,"height":143,"caption":"EXPARTO"},"image":{"@id":"https:\/\/exparto.pl\/hu\/#\/schema\/logo\/image\/"},"sameAs":["https:\/\/www.facebook.com\/exparto.agro\/"]}]}},"_links":{"self":[{"href":"https:\/\/exparto.pl\/hu\/wp-json\/wp\/v2\/product\/10089","targetHints":{"allow":["GET"]}}],"collection":[{"href":"https:\/\/exparto.pl\/hu\/wp-json\/wp\/v2\/product"}],"about":[{"href":"https:\/\/exparto.pl\/hu\/wp-json\/wp\/v2\/types\/product"}],"replies":[{"embeddable":true,"href":"https:\/\/exparto.pl\/hu\/wp-json\/wp\/v2\/comments?post=10089"}],"wp:featuredmedia":[{"embeddable":true,"href":"https:\/\/exparto.pl\/hu\/wp-json\/wp\/v2\/media\/5547"}],"wp:attachment":[{"href":"https:\/\/exparto.pl\/hu\/wp-json\/wp\/v2\/media?parent=10089"}],"wp:term":[{"taxonomy":"product_brand","embeddable":true,"href":"https:\/\/exparto.pl\/hu\/wp-json\/wp\/v2\/product_brand?post=10089"},{"taxonomy":"product_cat","embeddable":true,"href":"https:\/\/exparto.pl\/hu\/wp-json\/wp\/v2\/product_cat?post=10089"},{"taxonomy":"product_tag","embeddable":true,"href":"https:\/\/exparto.pl\/hu\/wp-json\/wp\/v2\/product_tag?post=10089"}],"curies":[{"name":"wp","href":"https:\/\/api.w.org\/{rel}","templated":true}]}}