{"id":10128,"date":"2023-05-25T11:07:59","date_gmt":"2023-05-25T09:07:59","guid":{"rendered":"https:\/\/exparto.pl\/produkt\/cleomax-hatso-kombinalt-lampa-lzd-2840\/"},"modified":"2023-05-25T11:07:59","modified_gmt":"2023-05-25T09:07:59","slug":"lamp-back-cleomax-lzd-2840","status":"publish","type":"product","link":"https:\/\/exparto.pl\/hu\/produkt\/lamp-back-cleomax-lzd-2840\/","title":{"rendered":"CLEOmax h\u00e1ts\u00f3 kombin\u00e1lt l\u00e1mpa &#8211; LZD 2840"},"content":{"rendered":"<p style=\"text-align: justify\">A <strong>CLEOmax LZD 2840<\/strong> kombin\u00e1lt l\u00e1mp\u00e1t vonz\u00f3 \u00e9s modern kialak\u00edt\u00e1sa, kiv\u00e1l\u00f3 min\u0151s\u00e9g\u0171 anyagok haszn\u00e1lata \u00e9s energiatakar\u00e9kos LED-technol\u00f3gi\u00e1val t\u00f6rt\u00e9n\u0151 gy\u00e1rt\u00e1sa jellemzi, amely nagyon j\u00f3 f\u00e9nyteljes\u00edtm\u00e9nyt biztos\u00edt nagyon alacsony energiafogyaszt\u00e1s mellett. A l\u00e1mpa teljesen l\u00e9gmentes (megfelel az IP 68 szabv\u00e1nynak), \u00e9s az \u00fczemi h\u0151m\u00e9rs\u00e9klet-tartom\u00e1ny -30 fok \u00e9s -30 fok k\u00f6z\u00f6tt van. C-t\u00f3l + 50 fokig. C. A gy\u00e1rt\u00e1s sor\u00e1n csak m\u00e1rk\u00e1s di\u00f3d\u00e1kat haszn\u00e1lunk, \u00edgy biztos\u00edtva a kiv\u00e1l\u00f3 min\u0151s\u00e9g\u0171 term\u00e9keket. Azt is garant\u00e1lj\u00e1k, hogy a l\u00e1mpa nem zavarja a j\u00e1rm\u0171ben l\u00e9v\u0151 egy\u00e9b elektromos vagy elektronikus berendez\u00e9seket, amit az elektrom\u00e1gneses kompatibilit\u00e1si j\u00f3v\u00e1hagy\u00e1s is meger\u0151s\u00edt.<\/p>\n<p style=\"text-align: justify\">Az <strong>LZD 2840<\/strong> univerz\u00e1lisan felszerelhet\u0151, \u00e9s a j\u00e1rm\u0171 bal vagy jobb oldal\u00e1ra, f\u00fcgg\u0151legesen vagy v\u00edzszintesen is felszerelhet\u0151. F\u00e9nyfunkci\u00f3kkal felszerelt l\u00e1mpa: helyzetjelz\u0151 l\u00e1mpa <strong>NEON-effektussal<\/strong>, ir\u00e1nyjelz\u0151, f\u00e9kl\u00e1mpa, k\u00f6dl\u00e1mpa \u00e9s f\u00e9nyvisszaver\u0151.<\/p>\n<p style=\"text-align: justify\">Ez a modell t\u00f6bbek k\u00f6z\u00f6tt j\u00f3l fog m\u0171k\u00f6dni. olyan j\u00e1rm\u0171vekben, mint a p\u00f3tkocsik, f\u00e9lp\u00f3tkocsik, p\u00f3tkocsik, mez\u0151gazdas\u00e1gi g\u00e9pek \u00e9s speci\u00e1lis j\u00e1rm\u0171vek.<\/p>\n","protected":false},"excerpt":{"rendered":"<p>CLEOmax h\u00e1ts\u00f3 kombin\u00e1lt l\u00e1mpa<\/p>\n","protected":false},"featured_media":6063,"comment_status":"open","ping_status":"closed","template":"","meta":{"_acf_changed":false,"inline_featured_image":false},"product_brand":[],"product_cat":[273],"product_tag":[],"class_list":{"0":"post-10128","1":"product","2":"type-product","3":"status-publish","4":"has-post-thumbnail","6":"product_cat-kombinalt-lampak","8":"first","9":"instock","10":"taxable","11":"shipping-taxable","12":"purchasable","13":"product-type-simple"},"acf":[],"yoast_head":"<!-- This site is optimized with the Yoast SEO plugin v27.4 - https:\/\/yoast.com\/product\/yoast-seo-wordpress\/ -->\n<title>CLEOmax h\u00e1ts\u00f3 kombin\u00e1lt l\u00e1mpa - LZD 2840 - Exparto.pl<\/title>\n<meta name=\"robots\" content=\"index, follow, max-snippet:-1, max-image-preview:large, max-video-preview:-1\" \/>\n<link rel=\"canonical\" href=\"https:\/\/exparto.pl\/hu\/produkt\/lamp-back-cleomax-lzd-2840\/\" \/>\n<meta property=\"og:locale\" content=\"hu_HU\" \/>\n<meta property=\"og:type\" content=\"article\" \/>\n<meta property=\"og:title\" content=\"CLEOmax h\u00e1ts\u00f3 kombin\u00e1lt l\u00e1mpa - LZD 2840 - Exparto.pl\" \/>\n<meta property=\"og:description\" content=\"CLEOmax h\u00e1ts\u00f3 kombin\u00e1lt l\u00e1mpa\" \/>\n<meta property=\"og:url\" content=\"https:\/\/exparto.pl\/hu\/produkt\/lamp-back-cleomax-lzd-2840\/\" \/>\n<meta property=\"og:site_name\" content=\"Exparto.pl\" \/>\n<meta property=\"article:publisher\" content=\"https:\/\/www.facebook.com\/exparto.agro\/\" \/>\n<meta property=\"og:image\" content=\"https:\/\/exparto.pl\/wp-content\/uploads\/2023\/05\/d9fcfad5fca378407bb985208deaa448.jpg\" \/>\n\t<meta property=\"og:image:width\" content=\"770\" \/>\n\t<meta property=\"og:image:height\" content=\"546\" \/>\n\t<meta property=\"og:image:type\" content=\"image\/jpeg\" \/>\n<meta name=\"twitter:card\" content=\"summary_large_image\" \/>\n<meta name=\"twitter:label1\" content=\"Becs\u00fclt olvas\u00e1si id\u0151\" \/>\n\t<meta name=\"twitter:data1\" content=\"1 perc\" \/>\n<script type=\"application\/ld+json\" class=\"yoast-schema-graph\">{\"@context\":\"https:\\\/\\\/schema.org\",\"@graph\":[{\"@type\":\"WebPage\",\"@id\":\"https:\\\/\\\/exparto.pl\\\/hu\\\/produkt\\\/lamp-back-cleomax-lzd-2840\\\/\",\"url\":\"https:\\\/\\\/exparto.pl\\\/hu\\\/produkt\\\/lamp-back-cleomax-lzd-2840\\\/\",\"name\":\"CLEOmax h\u00e1ts\u00f3 kombin\u00e1lt l\u00e1mpa - LZD 2840 - Exparto.pl\",\"isPartOf\":{\"@id\":\"https:\\\/\\\/exparto.pl\\\/hu\\\/#website\"},\"primaryImageOfPage\":{\"@id\":\"https:\\\/\\\/exparto.pl\\\/hu\\\/produkt\\\/lamp-back-cleomax-lzd-2840\\\/#primaryimage\"},\"image\":{\"@id\":\"https:\\\/\\\/exparto.pl\\\/hu\\\/produkt\\\/lamp-back-cleomax-lzd-2840\\\/#primaryimage\"},\"thumbnailUrl\":\"https:\\\/\\\/exparto.pl\\\/wp-content\\\/uploads\\\/2023\\\/05\\\/d9fcfad5fca378407bb985208deaa448.jpg\",\"datePublished\":\"2023-05-25T09:07:59+00:00\",\"breadcrumb\":{\"@id\":\"https:\\\/\\\/exparto.pl\\\/hu\\\/produkt\\\/lamp-back-cleomax-lzd-2840\\\/#breadcrumb\"},\"inLanguage\":\"hu\",\"potentialAction\":[{\"@type\":\"ReadAction\",\"target\":[\"https:\\\/\\\/exparto.pl\\\/hu\\\/produkt\\\/lamp-back-cleomax-lzd-2840\\\/\"]}]},{\"@type\":\"ImageObject\",\"inLanguage\":\"hu\",\"@id\":\"https:\\\/\\\/exparto.pl\\\/hu\\\/produkt\\\/lamp-back-cleomax-lzd-2840\\\/#primaryimage\",\"url\":\"https:\\\/\\\/exparto.pl\\\/wp-content\\\/uploads\\\/2023\\\/05\\\/d9fcfad5fca378407bb985208deaa448.jpg\",\"contentUrl\":\"https:\\\/\\\/exparto.pl\\\/wp-content\\\/uploads\\\/2023\\\/05\\\/d9fcfad5fca378407bb985208deaa448.jpg\",\"width\":770,\"height\":546},{\"@type\":\"BreadcrumbList\",\"@id\":\"https:\\\/\\\/exparto.pl\\\/hu\\\/produkt\\\/lamp-back-cleomax-lzd-2840\\\/#breadcrumb\",\"itemListElement\":[{\"@type\":\"ListItem\",\"position\":1,\"name\":\"Honlap\",\"item\":\"https:\\\/\\\/exparto.pl\\\/hu\\\/\"},{\"@type\":\"ListItem\",\"position\":2,\"name\":\"Sklep\",\"item\":\"https:\\\/\\\/exparto.pl\\\/sklep\\\/\"},{\"@type\":\"ListItem\",\"position\":3,\"name\":\"Vil\u00e1g\u00edt\u00e1s\",\"item\":\"https:\\\/\\\/exparto.pl\\\/hu\\\/termekkategoria\\\/vilagitas\\\/\"},{\"@type\":\"ListItem\",\"position\":4,\"name\":\"Kombin\u00e1lt l\u00e1mp\u00e1k\",\"item\":\"https:\\\/\\\/exparto.pl\\\/hu\\\/termekkategoria\\\/vilagitas\\\/kombinalt-lampak\\\/\"},{\"@type\":\"ListItem\",\"position\":5,\"name\":\"CLEOmax h\u00e1ts\u00f3 kombin\u00e1lt l\u00e1mpa &#8211; LZD 2840\"}]},{\"@type\":\"WebSite\",\"@id\":\"https:\\\/\\\/exparto.pl\\\/hu\\\/#website\",\"url\":\"https:\\\/\\\/exparto.pl\\\/hu\\\/\",\"name\":\"EXPARTO\",\"description\":\"More than agro parts\",\"publisher\":{\"@id\":\"https:\\\/\\\/exparto.pl\\\/hu\\\/#organization\"},\"potentialAction\":[{\"@type\":\"SearchAction\",\"target\":{\"@type\":\"EntryPoint\",\"urlTemplate\":\"https:\\\/\\\/exparto.pl\\\/hu\\\/?s={search_term_string}\"},\"query-input\":{\"@type\":\"PropertyValueSpecification\",\"valueRequired\":true,\"valueName\":\"search_term_string\"}}],\"inLanguage\":\"hu\"},{\"@type\":\"Organization\",\"@id\":\"https:\\\/\\\/exparto.pl\\\/hu\\\/#organization\",\"name\":\"EXPARTO\",\"url\":\"https:\\\/\\\/exparto.pl\\\/hu\\\/\",\"logo\":{\"@type\":\"ImageObject\",\"inLanguage\":\"hu\",\"@id\":\"https:\\\/\\\/exparto.pl\\\/hu\\\/#\\\/schema\\\/logo\\\/image\\\/\",\"url\":\"https:\\\/\\\/exparto.pl\\\/wp-content\\\/uploads\\\/2023\\\/02\\\/logo-wektor.png\",\"contentUrl\":\"https:\\\/\\\/exparto.pl\\\/wp-content\\\/uploads\\\/2023\\\/02\\\/logo-wektor.png\",\"width\":1338,\"height\":143,\"caption\":\"EXPARTO\"},\"image\":{\"@id\":\"https:\\\/\\\/exparto.pl\\\/hu\\\/#\\\/schema\\\/logo\\\/image\\\/\"},\"sameAs\":[\"https:\\\/\\\/www.facebook.com\\\/exparto.agro\\\/\"]}]}<\/script>\n<!-- \/ Yoast SEO plugin. -->","yoast_head_json":{"title":"CLEOmax h\u00e1ts\u00f3 kombin\u00e1lt l\u00e1mpa - LZD 2840 - Exparto.pl","robots":{"index":"index","follow":"follow","max-snippet":"max-snippet:-1","max-image-preview":"max-image-preview:large","max-video-preview":"max-video-preview:-1"},"canonical":"https:\/\/exparto.pl\/hu\/produkt\/lamp-back-cleomax-lzd-2840\/","og_locale":"hu_HU","og_type":"article","og_title":"CLEOmax h\u00e1ts\u00f3 kombin\u00e1lt l\u00e1mpa - LZD 2840 - Exparto.pl","og_description":"CLEOmax h\u00e1ts\u00f3 kombin\u00e1lt l\u00e1mpa","og_url":"https:\/\/exparto.pl\/hu\/produkt\/lamp-back-cleomax-lzd-2840\/","og_site_name":"Exparto.pl","article_publisher":"https:\/\/www.facebook.com\/exparto.agro\/","og_image":[{"width":770,"height":546,"url":"https:\/\/exparto.pl\/wp-content\/uploads\/2023\/05\/d9fcfad5fca378407bb985208deaa448.jpg","type":"image\/jpeg"}],"twitter_card":"summary_large_image","twitter_misc":{"Becs\u00fclt olvas\u00e1si id\u0151":"1 perc"},"schema":{"@context":"https:\/\/schema.org","@graph":[{"@type":"WebPage","@id":"https:\/\/exparto.pl\/hu\/produkt\/lamp-back-cleomax-lzd-2840\/","url":"https:\/\/exparto.pl\/hu\/produkt\/lamp-back-cleomax-lzd-2840\/","name":"CLEOmax h\u00e1ts\u00f3 kombin\u00e1lt l\u00e1mpa - LZD 2840 - Exparto.pl","isPartOf":{"@id":"https:\/\/exparto.pl\/hu\/#website"},"primaryImageOfPage":{"@id":"https:\/\/exparto.pl\/hu\/produkt\/lamp-back-cleomax-lzd-2840\/#primaryimage"},"image":{"@id":"https:\/\/exparto.pl\/hu\/produkt\/lamp-back-cleomax-lzd-2840\/#primaryimage"},"thumbnailUrl":"https:\/\/exparto.pl\/wp-content\/uploads\/2023\/05\/d9fcfad5fca378407bb985208deaa448.jpg","datePublished":"2023-05-25T09:07:59+00:00","breadcrumb":{"@id":"https:\/\/exparto.pl\/hu\/produkt\/lamp-back-cleomax-lzd-2840\/#breadcrumb"},"inLanguage":"hu","potentialAction":[{"@type":"ReadAction","target":["https:\/\/exparto.pl\/hu\/produkt\/lamp-back-cleomax-lzd-2840\/"]}]},{"@type":"ImageObject","inLanguage":"hu","@id":"https:\/\/exparto.pl\/hu\/produkt\/lamp-back-cleomax-lzd-2840\/#primaryimage","url":"https:\/\/exparto.pl\/wp-content\/uploads\/2023\/05\/d9fcfad5fca378407bb985208deaa448.jpg","contentUrl":"https:\/\/exparto.pl\/wp-content\/uploads\/2023\/05\/d9fcfad5fca378407bb985208deaa448.jpg","width":770,"height":546},{"@type":"BreadcrumbList","@id":"https:\/\/exparto.pl\/hu\/produkt\/lamp-back-cleomax-lzd-2840\/#breadcrumb","itemListElement":[{"@type":"ListItem","position":1,"name":"Honlap","item":"https:\/\/exparto.pl\/hu\/"},{"@type":"ListItem","position":2,"name":"Sklep","item":"https:\/\/exparto.pl\/sklep\/"},{"@type":"ListItem","position":3,"name":"Vil\u00e1g\u00edt\u00e1s","item":"https:\/\/exparto.pl\/hu\/termekkategoria\/vilagitas\/"},{"@type":"ListItem","position":4,"name":"Kombin\u00e1lt l\u00e1mp\u00e1k","item":"https:\/\/exparto.pl\/hu\/termekkategoria\/vilagitas\/kombinalt-lampak\/"},{"@type":"ListItem","position":5,"name":"CLEOmax h\u00e1ts\u00f3 kombin\u00e1lt l\u00e1mpa &#8211; LZD 2840"}]},{"@type":"WebSite","@id":"https:\/\/exparto.pl\/hu\/#website","url":"https:\/\/exparto.pl\/hu\/","name":"EXPARTO","description":"More than agro parts","publisher":{"@id":"https:\/\/exparto.pl\/hu\/#organization"},"potentialAction":[{"@type":"SearchAction","target":{"@type":"EntryPoint","urlTemplate":"https:\/\/exparto.pl\/hu\/?s={search_term_string}"},"query-input":{"@type":"PropertyValueSpecification","valueRequired":true,"valueName":"search_term_string"}}],"inLanguage":"hu"},{"@type":"Organization","@id":"https:\/\/exparto.pl\/hu\/#organization","name":"EXPARTO","url":"https:\/\/exparto.pl\/hu\/","logo":{"@type":"ImageObject","inLanguage":"hu","@id":"https:\/\/exparto.pl\/hu\/#\/schema\/logo\/image\/","url":"https:\/\/exparto.pl\/wp-content\/uploads\/2023\/02\/logo-wektor.png","contentUrl":"https:\/\/exparto.pl\/wp-content\/uploads\/2023\/02\/logo-wektor.png","width":1338,"height":143,"caption":"EXPARTO"},"image":{"@id":"https:\/\/exparto.pl\/hu\/#\/schema\/logo\/image\/"},"sameAs":["https:\/\/www.facebook.com\/exparto.agro\/"]}]}},"_links":{"self":[{"href":"https:\/\/exparto.pl\/hu\/wp-json\/wp\/v2\/product\/10128","targetHints":{"allow":["GET"]}}],"collection":[{"href":"https:\/\/exparto.pl\/hu\/wp-json\/wp\/v2\/product"}],"about":[{"href":"https:\/\/exparto.pl\/hu\/wp-json\/wp\/v2\/types\/product"}],"replies":[{"embeddable":true,"href":"https:\/\/exparto.pl\/hu\/wp-json\/wp\/v2\/comments?post=10128"}],"wp:featuredmedia":[{"embeddable":true,"href":"https:\/\/exparto.pl\/hu\/wp-json\/wp\/v2\/media\/6063"}],"wp:attachment":[{"href":"https:\/\/exparto.pl\/hu\/wp-json\/wp\/v2\/media?parent=10128"}],"wp:term":[{"taxonomy":"product_brand","embeddable":true,"href":"https:\/\/exparto.pl\/hu\/wp-json\/wp\/v2\/product_brand?post=10128"},{"taxonomy":"product_cat","embeddable":true,"href":"https:\/\/exparto.pl\/hu\/wp-json\/wp\/v2\/product_cat?post=10128"},{"taxonomy":"product_tag","embeddable":true,"href":"https:\/\/exparto.pl\/hu\/wp-json\/wp\/v2\/product_tag?post=10128"}],"curies":[{"name":"wp","href":"https:\/\/api.w.org\/{rel}","templated":true}]}}