{"id":10130,"date":"2023-05-25T11:07:11","date_gmt":"2023-05-25T09:07:11","guid":{"rendered":"https:\/\/exparto.pl\/produkt\/vekony-munkalampa-lrd-2983\/"},"modified":"2023-05-25T11:07:11","modified_gmt":"2023-05-25T09:07:11","slug":"lampa-robocza-slim-lrd-2983-2","status":"publish","type":"product","link":"https:\/\/exparto.pl\/hu\/produkt\/lampa-robocza-slim-lrd-2983-2\/","title":{"rendered":"V\u00e9kony munkal\u00e1mpa &#8211; LRD 2983"},"content":{"rendered":"<p style=\"margin-bottom: 1rem;text-align: justify\">A Horpol munkal\u00e1mp\u00e1k k\u00edn\u00e1lata kib\u0151v\u00fclt a SLIM v\u00e1ltozat\u00fa term\u00e9kekkel, amelyek k\u00f3dja LRD 2983, LRD 2984 ford\u00edtott funkci\u00f3val \u00e9s LRD 2985 m\u00e1gnessel \u00e9s szivargy\u00fajt\u00f3 csatlakoz\u00f3val. Az LRD 2983 SLIM munkal\u00e1mp\u00e1t t\u00f6bbek k\u00f6z\u00f6tt a l\u00e1mpa k\u00e9nyelme \u00e9s a m\u0171szaki param\u00e9terek optim\u00e1lis kombin\u00e1ci\u00f3ja k\u00fcl\u00f6nb\u00f6zteti meg. Maga a h\u00e1z alum\u00edniumb\u00f3l k\u00e9sz\u00fclt, ami megk\u00f6nny\u00edti a h\u0151elvezet\u00e9st. A d\u00f6nthet\u0151 tart\u00f3 lehet\u0151v\u00e9 teszi a l\u00e1mpa sz\u00f6g\u00e9nek \u00e9s ez\u00e1ltal a f\u00e9nyeloszl\u00e1snak a megv\u00e1ltoztat\u00e1s\u00e1t.<\/p>\n<p style=\"margin-bottom: 1rem;text-align: justify\">A Horpol t\u00f6bbi munkal\u00e1mp\u00e1j\u00e1hoz hasonl\u00f3an a SLIM l\u00e1mp\u00e1k is <a href=\"https:\/\/horpol.pl\/oferta\/kategoria\/kategorie-lamp\/lampy-diodowe\/\">LED-ekkel<\/a> vannak felszerelve. A munkater\u00fcletet 6 hideg sz\u00edn\u0171 LED vil\u00e1g\u00edtja meg, ami kellemes a szemnek, ha \u00e9jszaka dolgozik. Az LRD l\u00e1mp\u00e1k teljesen t\u00f6r\u00e9s- \u00e9s \u00fct\u00e9s\u00e1ll\u00f3ak, rendk\u00edv\u00fcl tart\u00f3sak a szennyez\u0151d\u00e9ssel \u00e9s nedvess\u00e9ggel val\u00f3 \u00e9rintkez\u00e9s sor\u00e1n.<\/p>\n","protected":false},"excerpt":{"rendered":"<p style=\"text-align: justify\">V\u00e9kony munkal\u00e1mpa &#8211; LRD 2983<\/p>\n","protected":false},"featured_media":6119,"comment_status":"open","ping_status":"closed","template":"","meta":{"_acf_changed":false,"inline_featured_image":false},"product_brand":[],"product_cat":[271],"product_tag":[],"class_list":{"0":"post-10130","1":"product","2":"type-product","3":"status-publish","4":"has-post-thumbnail","6":"product_cat-munkalampak","8":"first","9":"outofstock","10":"taxable","11":"shipping-taxable","12":"purchasable","13":"product-type-simple"},"acf":[],"yoast_head":"<!-- This site is optimized with the Yoast SEO plugin v27.4 - https:\/\/yoast.com\/product\/yoast-seo-wordpress\/ -->\n<title>V\u00e9kony munkal\u00e1mpa - LRD 2983 - Exparto.pl<\/title>\n<meta name=\"robots\" content=\"index, follow, max-snippet:-1, max-image-preview:large, max-video-preview:-1\" \/>\n<link rel=\"canonical\" href=\"https:\/\/exparto.pl\/hu\/produkt\/lampa-robocza-slim-lrd-2983-2\/\" \/>\n<meta property=\"og:locale\" content=\"hu_HU\" \/>\n<meta property=\"og:type\" content=\"article\" \/>\n<meta property=\"og:title\" content=\"V\u00e9kony munkal\u00e1mpa - LRD 2983 - Exparto.pl\" \/>\n<meta property=\"og:description\" content=\"V\u00e9kony munkal\u00e1mpa - LRD 2983\" \/>\n<meta property=\"og:url\" content=\"https:\/\/exparto.pl\/hu\/produkt\/lampa-robocza-slim-lrd-2983-2\/\" \/>\n<meta property=\"og:site_name\" content=\"Exparto.pl\" \/>\n<meta property=\"article:publisher\" content=\"https:\/\/www.facebook.com\/exparto.agro\/\" \/>\n<meta property=\"og:image\" content=\"https:\/\/exparto.pl\/wp-content\/uploads\/2023\/05\/7aa0bf0cd78a76937057154f01d981e0-1.png\" \/>\n\t<meta property=\"og:image:width\" content=\"770\" \/>\n\t<meta property=\"og:image:height\" content=\"512\" \/>\n\t<meta property=\"og:image:type\" content=\"image\/png\" \/>\n<meta name=\"twitter:card\" content=\"summary_large_image\" \/>\n<meta name=\"twitter:label1\" content=\"Becs\u00fclt olvas\u00e1si id\u0151\" \/>\n\t<meta name=\"twitter:data1\" content=\"1 perc\" \/>\n<script type=\"application\/ld+json\" class=\"yoast-schema-graph\">{\"@context\":\"https:\\\/\\\/schema.org\",\"@graph\":[{\"@type\":\"WebPage\",\"@id\":\"https:\\\/\\\/exparto.pl\\\/hu\\\/produkt\\\/lampa-robocza-slim-lrd-2983-2\\\/\",\"url\":\"https:\\\/\\\/exparto.pl\\\/hu\\\/produkt\\\/lampa-robocza-slim-lrd-2983-2\\\/\",\"name\":\"V\u00e9kony munkal\u00e1mpa - LRD 2983 - Exparto.pl\",\"isPartOf\":{\"@id\":\"https:\\\/\\\/exparto.pl\\\/hu\\\/#website\"},\"primaryImageOfPage\":{\"@id\":\"https:\\\/\\\/exparto.pl\\\/hu\\\/produkt\\\/lampa-robocza-slim-lrd-2983-2\\\/#primaryimage\"},\"image\":{\"@id\":\"https:\\\/\\\/exparto.pl\\\/hu\\\/produkt\\\/lampa-robocza-slim-lrd-2983-2\\\/#primaryimage\"},\"thumbnailUrl\":\"https:\\\/\\\/exparto.pl\\\/wp-content\\\/uploads\\\/2023\\\/05\\\/7aa0bf0cd78a76937057154f01d981e0-1.png\",\"datePublished\":\"2023-05-25T09:07:11+00:00\",\"breadcrumb\":{\"@id\":\"https:\\\/\\\/exparto.pl\\\/hu\\\/produkt\\\/lampa-robocza-slim-lrd-2983-2\\\/#breadcrumb\"},\"inLanguage\":\"hu\",\"potentialAction\":[{\"@type\":\"ReadAction\",\"target\":[\"https:\\\/\\\/exparto.pl\\\/hu\\\/produkt\\\/lampa-robocza-slim-lrd-2983-2\\\/\"]}]},{\"@type\":\"ImageObject\",\"inLanguage\":\"hu\",\"@id\":\"https:\\\/\\\/exparto.pl\\\/hu\\\/produkt\\\/lampa-robocza-slim-lrd-2983-2\\\/#primaryimage\",\"url\":\"https:\\\/\\\/exparto.pl\\\/wp-content\\\/uploads\\\/2023\\\/05\\\/7aa0bf0cd78a76937057154f01d981e0-1.png\",\"contentUrl\":\"https:\\\/\\\/exparto.pl\\\/wp-content\\\/uploads\\\/2023\\\/05\\\/7aa0bf0cd78a76937057154f01d981e0-1.png\",\"width\":770,\"height\":512},{\"@type\":\"BreadcrumbList\",\"@id\":\"https:\\\/\\\/exparto.pl\\\/hu\\\/produkt\\\/lampa-robocza-slim-lrd-2983-2\\\/#breadcrumb\",\"itemListElement\":[{\"@type\":\"ListItem\",\"position\":1,\"name\":\"Honlap\",\"item\":\"https:\\\/\\\/exparto.pl\\\/hu\\\/\"},{\"@type\":\"ListItem\",\"position\":2,\"name\":\"Sklep\",\"item\":\"https:\\\/\\\/exparto.pl\\\/sklep\\\/\"},{\"@type\":\"ListItem\",\"position\":3,\"name\":\"Vil\u00e1g\u00edt\u00e1s\",\"item\":\"https:\\\/\\\/exparto.pl\\\/hu\\\/termekkategoria\\\/vilagitas\\\/\"},{\"@type\":\"ListItem\",\"position\":4,\"name\":\"Munkal\u00e1mp\u00e1k\",\"item\":\"https:\\\/\\\/exparto.pl\\\/hu\\\/termekkategoria\\\/vilagitas\\\/munkalampak\\\/\"},{\"@type\":\"ListItem\",\"position\":5,\"name\":\"V\u00e9kony munkal\u00e1mpa &#8211; LRD 2983\"}]},{\"@type\":\"WebSite\",\"@id\":\"https:\\\/\\\/exparto.pl\\\/hu\\\/#website\",\"url\":\"https:\\\/\\\/exparto.pl\\\/hu\\\/\",\"name\":\"EXPARTO\",\"description\":\"More than agro parts\",\"publisher\":{\"@id\":\"https:\\\/\\\/exparto.pl\\\/hu\\\/#organization\"},\"potentialAction\":[{\"@type\":\"SearchAction\",\"target\":{\"@type\":\"EntryPoint\",\"urlTemplate\":\"https:\\\/\\\/exparto.pl\\\/hu\\\/?s={search_term_string}\"},\"query-input\":{\"@type\":\"PropertyValueSpecification\",\"valueRequired\":true,\"valueName\":\"search_term_string\"}}],\"inLanguage\":\"hu\"},{\"@type\":\"Organization\",\"@id\":\"https:\\\/\\\/exparto.pl\\\/hu\\\/#organization\",\"name\":\"EXPARTO\",\"url\":\"https:\\\/\\\/exparto.pl\\\/hu\\\/\",\"logo\":{\"@type\":\"ImageObject\",\"inLanguage\":\"hu\",\"@id\":\"https:\\\/\\\/exparto.pl\\\/hu\\\/#\\\/schema\\\/logo\\\/image\\\/\",\"url\":\"https:\\\/\\\/exparto.pl\\\/wp-content\\\/uploads\\\/2023\\\/02\\\/logo-wektor.png\",\"contentUrl\":\"https:\\\/\\\/exparto.pl\\\/wp-content\\\/uploads\\\/2023\\\/02\\\/logo-wektor.png\",\"width\":1338,\"height\":143,\"caption\":\"EXPARTO\"},\"image\":{\"@id\":\"https:\\\/\\\/exparto.pl\\\/hu\\\/#\\\/schema\\\/logo\\\/image\\\/\"},\"sameAs\":[\"https:\\\/\\\/www.facebook.com\\\/exparto.agro\\\/\"]}]}<\/script>\n<!-- \/ Yoast SEO plugin. -->","yoast_head_json":{"title":"V\u00e9kony munkal\u00e1mpa - LRD 2983 - Exparto.pl","robots":{"index":"index","follow":"follow","max-snippet":"max-snippet:-1","max-image-preview":"max-image-preview:large","max-video-preview":"max-video-preview:-1"},"canonical":"https:\/\/exparto.pl\/hu\/produkt\/lampa-robocza-slim-lrd-2983-2\/","og_locale":"hu_HU","og_type":"article","og_title":"V\u00e9kony munkal\u00e1mpa - LRD 2983 - Exparto.pl","og_description":"V\u00e9kony munkal\u00e1mpa - LRD 2983","og_url":"https:\/\/exparto.pl\/hu\/produkt\/lampa-robocza-slim-lrd-2983-2\/","og_site_name":"Exparto.pl","article_publisher":"https:\/\/www.facebook.com\/exparto.agro\/","og_image":[{"width":770,"height":512,"url":"https:\/\/exparto.pl\/wp-content\/uploads\/2023\/05\/7aa0bf0cd78a76937057154f01d981e0-1.png","type":"image\/png"}],"twitter_card":"summary_large_image","twitter_misc":{"Becs\u00fclt olvas\u00e1si id\u0151":"1 perc"},"schema":{"@context":"https:\/\/schema.org","@graph":[{"@type":"WebPage","@id":"https:\/\/exparto.pl\/hu\/produkt\/lampa-robocza-slim-lrd-2983-2\/","url":"https:\/\/exparto.pl\/hu\/produkt\/lampa-robocza-slim-lrd-2983-2\/","name":"V\u00e9kony munkal\u00e1mpa - LRD 2983 - Exparto.pl","isPartOf":{"@id":"https:\/\/exparto.pl\/hu\/#website"},"primaryImageOfPage":{"@id":"https:\/\/exparto.pl\/hu\/produkt\/lampa-robocza-slim-lrd-2983-2\/#primaryimage"},"image":{"@id":"https:\/\/exparto.pl\/hu\/produkt\/lampa-robocza-slim-lrd-2983-2\/#primaryimage"},"thumbnailUrl":"https:\/\/exparto.pl\/wp-content\/uploads\/2023\/05\/7aa0bf0cd78a76937057154f01d981e0-1.png","datePublished":"2023-05-25T09:07:11+00:00","breadcrumb":{"@id":"https:\/\/exparto.pl\/hu\/produkt\/lampa-robocza-slim-lrd-2983-2\/#breadcrumb"},"inLanguage":"hu","potentialAction":[{"@type":"ReadAction","target":["https:\/\/exparto.pl\/hu\/produkt\/lampa-robocza-slim-lrd-2983-2\/"]}]},{"@type":"ImageObject","inLanguage":"hu","@id":"https:\/\/exparto.pl\/hu\/produkt\/lampa-robocza-slim-lrd-2983-2\/#primaryimage","url":"https:\/\/exparto.pl\/wp-content\/uploads\/2023\/05\/7aa0bf0cd78a76937057154f01d981e0-1.png","contentUrl":"https:\/\/exparto.pl\/wp-content\/uploads\/2023\/05\/7aa0bf0cd78a76937057154f01d981e0-1.png","width":770,"height":512},{"@type":"BreadcrumbList","@id":"https:\/\/exparto.pl\/hu\/produkt\/lampa-robocza-slim-lrd-2983-2\/#breadcrumb","itemListElement":[{"@type":"ListItem","position":1,"name":"Honlap","item":"https:\/\/exparto.pl\/hu\/"},{"@type":"ListItem","position":2,"name":"Sklep","item":"https:\/\/exparto.pl\/sklep\/"},{"@type":"ListItem","position":3,"name":"Vil\u00e1g\u00edt\u00e1s","item":"https:\/\/exparto.pl\/hu\/termekkategoria\/vilagitas\/"},{"@type":"ListItem","position":4,"name":"Munkal\u00e1mp\u00e1k","item":"https:\/\/exparto.pl\/hu\/termekkategoria\/vilagitas\/munkalampak\/"},{"@type":"ListItem","position":5,"name":"V\u00e9kony munkal\u00e1mpa &#8211; LRD 2983"}]},{"@type":"WebSite","@id":"https:\/\/exparto.pl\/hu\/#website","url":"https:\/\/exparto.pl\/hu\/","name":"EXPARTO","description":"More than agro parts","publisher":{"@id":"https:\/\/exparto.pl\/hu\/#organization"},"potentialAction":[{"@type":"SearchAction","target":{"@type":"EntryPoint","urlTemplate":"https:\/\/exparto.pl\/hu\/?s={search_term_string}"},"query-input":{"@type":"PropertyValueSpecification","valueRequired":true,"valueName":"search_term_string"}}],"inLanguage":"hu"},{"@type":"Organization","@id":"https:\/\/exparto.pl\/hu\/#organization","name":"EXPARTO","url":"https:\/\/exparto.pl\/hu\/","logo":{"@type":"ImageObject","inLanguage":"hu","@id":"https:\/\/exparto.pl\/hu\/#\/schema\/logo\/image\/","url":"https:\/\/exparto.pl\/wp-content\/uploads\/2023\/02\/logo-wektor.png","contentUrl":"https:\/\/exparto.pl\/wp-content\/uploads\/2023\/02\/logo-wektor.png","width":1338,"height":143,"caption":"EXPARTO"},"image":{"@id":"https:\/\/exparto.pl\/hu\/#\/schema\/logo\/image\/"},"sameAs":["https:\/\/www.facebook.com\/exparto.agro\/"]}]}},"_links":{"self":[{"href":"https:\/\/exparto.pl\/hu\/wp-json\/wp\/v2\/product\/10130","targetHints":{"allow":["GET"]}}],"collection":[{"href":"https:\/\/exparto.pl\/hu\/wp-json\/wp\/v2\/product"}],"about":[{"href":"https:\/\/exparto.pl\/hu\/wp-json\/wp\/v2\/types\/product"}],"replies":[{"embeddable":true,"href":"https:\/\/exparto.pl\/hu\/wp-json\/wp\/v2\/comments?post=10130"}],"wp:featuredmedia":[{"embeddable":true,"href":"https:\/\/exparto.pl\/hu\/wp-json\/wp\/v2\/media\/6119"}],"wp:attachment":[{"href":"https:\/\/exparto.pl\/hu\/wp-json\/wp\/v2\/media?parent=10130"}],"wp:term":[{"taxonomy":"product_brand","embeddable":true,"href":"https:\/\/exparto.pl\/hu\/wp-json\/wp\/v2\/product_brand?post=10130"},{"taxonomy":"product_cat","embeddable":true,"href":"https:\/\/exparto.pl\/hu\/wp-json\/wp\/v2\/product_cat?post=10130"},{"taxonomy":"product_tag","embeddable":true,"href":"https:\/\/exparto.pl\/hu\/wp-json\/wp\/v2\/product_tag?post=10130"}],"curies":[{"name":"wp","href":"https:\/\/api.w.org\/{rel}","templated":true}]}}