{"id":10264,"date":"2023-03-02T13:00:46","date_gmt":"2023-03-02T12:00:46","guid":{"rendered":"https:\/\/exparto.pl\/produkt\/szaraz-nyomasmero-fi-63-m12x15-down-0-16-bar-0-16-bar\/"},"modified":"2023-03-02T13:00:46","modified_gmt":"2023-03-02T12:00:46","slug":"manometr-suchy-fi-63-m12x15-dol-0-16-bar","status":"publish","type":"product","link":"https:\/\/exparto.pl\/hu\/produkt\/manometr-suchy-fi-63-m12x15-dol-0-16-bar\/","title":{"rendered":"Sz\u00e1raz nyom\u00e1sm\u00e9r\u0151 fi 63 M12x1,5 DOWN 0-16 Bar 0-16 Bar"},"content":{"rendered":"<p class=\"MsoNormal\" style=\"text-align: justify\">A <span style=\"color: inherit;font-weight: 700 !important\">nyom\u00e1sm\u00e9r\u0151k<\/span> olyan eszk\u00f6z\u00f6k, amelyeket g\u00e1z- \u00e9s <span style=\"color: inherit;font-weight: 700 !important\">folyad\u00e9krendszerek nyom\u00e1s\u00e1nak m\u00e9r\u00e9s\u00e9re<\/span> haszn\u00e1lnak. C\u00e9ljuk a vizsg\u00e1lt rendszer bels\u0151 \u00e9s k\u00fcls\u0151 (l\u00e9gk\u00f6ri) nyom\u00e1sa k\u00f6z\u00f6tti <span style=\"color: inherit;font-weight: 700 !important\">k\u00fcl\u00f6nbs\u00e9g jelz\u00e9se<\/span>. Ezek olyan vizu\u00e1lis jelz\u0151k, amelyek &#8211; sz\u00fcks\u00e9g eset\u00e9n &#8211; lehet\u0151v\u00e9 teszik a <span style=\"color: inherit;font-weight: 700 !important\">probl\u00e9m\u00e1k<\/span> hat\u00e9kony <span style=\"color: inherit;font-weight: 700 !important\">\u00e9szlel\u00e9s\u00e9t<\/span> az egyes berendez\u00e9seken bel\u00fcl. Ez fontos, mivel a nem megfelel\u0151 nyom\u00e1s hozz\u00e1j\u00e1rulhat ahhoz, hogy nem a <span style=\"color: inherit;font-weight: 700 !important\">megfelel\u0151 min\u0151s\u00e9g\u0171<\/span> term\u00e9keket kapjuk, vagy ak\u00e1r meg is bukhatunk.<\/p>\n<p class=\"MsoNormal\" style=\"text-align: justify\">A sz\u00f3ban forg\u00f3 berendez\u00e9sek egyik t\u00edpusa a <span style=\"color: inherit;font-weight: 700 !important\">hidraulikus nyom\u00e1sm\u00e9r\u0151k<\/span>, amelyeket a folyad\u00e9kkal t\u00e1pl\u00e1lt rendszerek nyom\u00e1s\u00e1nak m\u00e9r\u00e9s\u00e9re haszn\u00e1lnak. Ezek sz\u00fcks\u00e9gesek a<span style=\"color: inherit;font-weight: 700 !important\"> hidraulikus alkatr\u00e9szek<\/span> vez\u00e9rl\u0151rendszer\u00e9nek megfelel\u0151 m\u0171k\u00f6d\u00e9s\u00e9hez. Egyes ilyen t\u00edpus\u00fa nyom\u00e1sm\u00e9r\u0151ket pneumatikus rendszerek folyad\u00e9kainak m\u00e9r\u00e9s\u00e9re is haszn\u00e1lnak.<\/p>\n<p class=\"MsoNormal\" style=\"text-align: justify\">Hozz\u00e1 kell tenn\u00fcnk, hogy a nyom\u00e1sm\u00e9r\u0151ket feloszthatjuk: <span style=\"color: inherit;font-weight: 700 !important\">nedves<\/span> \u00e9s <span style=\"color: inherit;font-weight: 700 !important\">sz\u00e1raz<\/span>. Az el\u0151bbieknek van egy <span style=\"color: inherit;font-weight: 700 !important\">speci\u00e1lis folyad\u00e9k<\/span> form\u00e1j\u00e1ban l\u00e9v\u0151 t\u00f6ltel\u00e9ke, m\u00edg az ut\u00f3bbiak nem tartalmaznak ilyet. A folyad\u00e9k lehet\u0151v\u00e9 teszi a pontosabb m\u00e9r\u00e9seket b\u00e1rmilyen \u00fct\u00e9s vagy rezg\u00e9s eset\u00e9n. Ez azt is jelenti, hogy kisebb a kock\u00e1zata a <span style=\"color: inherit;font-weight: 700 !important\">berendez\u00e9sek<\/span> meghib\u00e1sod\u00e1s\u00e1nak &#8211; mivel a vibr\u00e1ci\u00f3 a leggyakoribb oka a <span style=\"color: inherit;font-weight: 700 !important\">meghib\u00e1sod\u00e1suknak<\/span>. Ez annak k\u00f6sz\u00f6nhet\u0151, hogy rezg\u00e9sre k\u00e9sztetik a nyom\u00e1sm\u00e9r\u0151k mozg\u00f3 alkatr\u00e9szeit, p\u00e9ld\u00e1ul a hajt\u00f3m\u0171vet vagy a Bourdon-cs\u00f6vet. Meg kell jegyezni, hogy a nyom\u00e1sm\u00e9r\u0151ket a <span style=\"color: inherit;font-weight: 700 !important\">mez\u0151gazdas\u00e1gban<\/span>, az \u00e9p\u00edt\u0151iparban \u00e9s az <span style=\"color: inherit;font-weight: 700 !important\">iparban<\/span> egyar\u00e1nt haszn\u00e1lj\u00e1k. A <span style=\"color: inherit;font-weight: 700 !important\">g\u00e1z-<\/span>, a h\u0151-, a v\u00edzell\u00e1t\u00e1sban, a t\u00e1vf\u0171t\u00e9sben, a csatorn\u00e1z\u00e1sban \u00e9s m\u00e9g az \u00e9lelmiszeriparban is haszn\u00e1lj\u00e1k \u0151ket.<\/p>\n","protected":false},"excerpt":{"rendered":"<p style=\"text-align: justify\">A <span style=\"color: inherit\">nyom\u00e1sm\u00e9r\u0151k<\/span> olyan eszk\u00f6z\u00f6k, amelyeket g\u00e1z- \u00e9s <span style=\"color: inherit\">folyad\u00e9krendszerek nyom\u00e1s\u00e1nak m\u00e9r\u00e9s\u00e9re<\/span> haszn\u00e1lnak. C\u00e9ljuk a vizsg\u00e1lt rendszer bels\u0151 \u00e9s k\u00fcls\u0151 (l\u00e9gk\u00f6ri) nyom\u00e1sa k\u00f6z\u00f6tti <span style=\"color: inherit\">k\u00fcl\u00f6nbs\u00e9g jelz\u00e9se<\/span>.<\/p>\n<p style=\"text-align: justify\">\n","protected":false},"featured_media":4908,"comment_status":"open","ping_status":"closed","template":"","meta":{"_acf_changed":false,"inline_featured_image":false},"product_brand":[],"product_cat":[219,241],"product_tag":[],"class_list":{"0":"post-10264","1":"product","2":"type-product","3":"status-publish","4":"has-post-thumbnail","6":"product_cat-alkatreszek-permetezogepekhez","7":"product_cat-nyomasmerok","9":"first","10":"instock","11":"taxable","12":"shipping-taxable","13":"purchasable","14":"product-type-simple"},"acf":[],"yoast_head":"<!-- This site is optimized with the Yoast SEO plugin v27.2 - https:\/\/yoast.com\/product\/yoast-seo-wordpress\/ -->\n<title>Sz\u00e1raz nyom\u00e1sm\u00e9r\u0151 fi 63 M12x1,5 DOWN 0-16 Bar 0-16 Bar - Exparto.pl<\/title>\n<meta name=\"robots\" content=\"index, follow, max-snippet:-1, max-image-preview:large, max-video-preview:-1\" \/>\n<link rel=\"canonical\" href=\"https:\/\/exparto.pl\/hu\/produkt\/manometr-suchy-fi-63-m12x15-dol-0-16-bar\/\" \/>\n<meta property=\"og:locale\" content=\"hu_HU\" \/>\n<meta property=\"og:type\" content=\"article\" \/>\n<meta property=\"og:title\" content=\"Sz\u00e1raz nyom\u00e1sm\u00e9r\u0151 fi 63 M12x1,5 DOWN 0-16 Bar 0-16 Bar - Exparto.pl\" \/>\n<meta property=\"og:description\" content=\"A nyom\u00e1sm\u00e9r\u0151k olyan eszk\u00f6z\u00f6k, amelyeket g\u00e1z- \u00e9s folyad\u00e9krendszerek nyom\u00e1s\u00e1nak m\u00e9r\u00e9s\u00e9re haszn\u00e1lnak. C\u00e9ljuk a vizsg\u00e1lt rendszer bels\u0151 \u00e9s k\u00fcls\u0151 (l\u00e9gk\u00f6ri) nyom\u00e1sa k\u00f6z\u00f6tti k\u00fcl\u00f6nbs\u00e9g jelz\u00e9se.\" \/>\n<meta property=\"og:url\" content=\"https:\/\/exparto.pl\/hu\/produkt\/manometr-suchy-fi-63-m12x15-dol-0-16-bar\/\" \/>\n<meta property=\"og:site_name\" content=\"Exparto.pl\" \/>\n<meta property=\"article:publisher\" content=\"https:\/\/www.facebook.com\/exparto.agro\/\" \/>\n<meta property=\"og:image\" content=\"https:\/\/exparto.pl\/wp-content\/uploads\/2023\/03\/c9d96634a47fea94f9da961d017081a8.jpg\" \/>\n\t<meta property=\"og:image:width\" content=\"1000\" \/>\n\t<meta property=\"og:image:height\" content=\"1000\" \/>\n\t<meta property=\"og:image:type\" content=\"image\/jpeg\" \/>\n<meta name=\"twitter:card\" content=\"summary_large_image\" \/>\n<meta name=\"twitter:label1\" content=\"Becs\u00fclt olvas\u00e1si id\u0151\" \/>\n\t<meta name=\"twitter:data1\" content=\"2 perc\" \/>\n<script type=\"application\/ld+json\" class=\"yoast-schema-graph\">{\"@context\":\"https:\/\/schema.org\",\"@graph\":[{\"@type\":\"WebPage\",\"@id\":\"https:\/\/exparto.pl\/hu\/produkt\/manometr-suchy-fi-63-m12x15-dol-0-16-bar\/\",\"url\":\"https:\/\/exparto.pl\/hu\/produkt\/manometr-suchy-fi-63-m12x15-dol-0-16-bar\/\",\"name\":\"Sz\u00e1raz nyom\u00e1sm\u00e9r\u0151 fi 63 M12x1,5 DOWN 0-16 Bar 0-16 Bar - Exparto.pl\",\"isPartOf\":{\"@id\":\"https:\/\/exparto.pl\/hu\/#website\"},\"primaryImageOfPage\":{\"@id\":\"https:\/\/exparto.pl\/hu\/produkt\/manometr-suchy-fi-63-m12x15-dol-0-16-bar\/#primaryimage\"},\"image\":{\"@id\":\"https:\/\/exparto.pl\/hu\/produkt\/manometr-suchy-fi-63-m12x15-dol-0-16-bar\/#primaryimage\"},\"thumbnailUrl\":\"https:\/\/exparto.pl\/wp-content\/uploads\/2023\/03\/c9d96634a47fea94f9da961d017081a8.jpg\",\"datePublished\":\"2023-03-02T12:00:46+00:00\",\"breadcrumb\":{\"@id\":\"https:\/\/exparto.pl\/hu\/produkt\/manometr-suchy-fi-63-m12x15-dol-0-16-bar\/#breadcrumb\"},\"inLanguage\":\"hu\",\"potentialAction\":[{\"@type\":\"ReadAction\",\"target\":[\"https:\/\/exparto.pl\/hu\/produkt\/manometr-suchy-fi-63-m12x15-dol-0-16-bar\/\"]}]},{\"@type\":\"ImageObject\",\"inLanguage\":\"hu\",\"@id\":\"https:\/\/exparto.pl\/hu\/produkt\/manometr-suchy-fi-63-m12x15-dol-0-16-bar\/#primaryimage\",\"url\":\"https:\/\/exparto.pl\/wp-content\/uploads\/2023\/03\/c9d96634a47fea94f9da961d017081a8.jpg\",\"contentUrl\":\"https:\/\/exparto.pl\/wp-content\/uploads\/2023\/03\/c9d96634a47fea94f9da961d017081a8.jpg\",\"width\":1000,\"height\":1000},{\"@type\":\"BreadcrumbList\",\"@id\":\"https:\/\/exparto.pl\/hu\/produkt\/manometr-suchy-fi-63-m12x15-dol-0-16-bar\/#breadcrumb\",\"itemListElement\":[{\"@type\":\"ListItem\",\"position\":1,\"name\":\"Honlap\",\"item\":\"https:\/\/exparto.pl\/hu\/\"},{\"@type\":\"ListItem\",\"position\":2,\"name\":\"Sklep\",\"item\":\"https:\/\/exparto.pl\/sklep\/\"},{\"@type\":\"ListItem\",\"position\":3,\"name\":\"Alkatr\u00e9szek permetez\u0151g\u00e9pekhez\",\"item\":\"https:\/\/exparto.pl\/hu\/termekkategoria\/alkatreszek-permetezogepekhez\/\"},{\"@type\":\"ListItem\",\"position\":4,\"name\":\"Nyom\u00e1sm\u00e9r\u0151k\",\"item\":\"https:\/\/exparto.pl\/hu\/termekkategoria\/alkatreszek-permetezogepekhez\/nyomasmerok\/\"},{\"@type\":\"ListItem\",\"position\":5,\"name\":\"Sz\u00e1raz nyom\u00e1sm\u00e9r\u0151 fi 63 M12x1,5 DOWN 0-16 Bar 0-16 Bar\"}]},{\"@type\":\"WebSite\",\"@id\":\"https:\/\/exparto.pl\/hu\/#website\",\"url\":\"https:\/\/exparto.pl\/hu\/\",\"name\":\"EXPARTO\",\"description\":\"More than agro parts\",\"publisher\":{\"@id\":\"https:\/\/exparto.pl\/hu\/#organization\"},\"potentialAction\":[{\"@type\":\"SearchAction\",\"target\":{\"@type\":\"EntryPoint\",\"urlTemplate\":\"https:\/\/exparto.pl\/hu\/?s={search_term_string}\"},\"query-input\":{\"@type\":\"PropertyValueSpecification\",\"valueRequired\":true,\"valueName\":\"search_term_string\"}}],\"inLanguage\":\"hu\"},{\"@type\":\"Organization\",\"@id\":\"https:\/\/exparto.pl\/hu\/#organization\",\"name\":\"EXPARTO\",\"url\":\"https:\/\/exparto.pl\/hu\/\",\"logo\":{\"@type\":\"ImageObject\",\"inLanguage\":\"hu\",\"@id\":\"https:\/\/exparto.pl\/hu\/#\/schema\/logo\/image\/\",\"url\":\"https:\/\/exparto.pl\/wp-content\/uploads\/2023\/02\/logo-wektor.png\",\"contentUrl\":\"https:\/\/exparto.pl\/wp-content\/uploads\/2023\/02\/logo-wektor.png\",\"width\":1338,\"height\":143,\"caption\":\"EXPARTO\"},\"image\":{\"@id\":\"https:\/\/exparto.pl\/hu\/#\/schema\/logo\/image\/\"},\"sameAs\":[\"https:\/\/www.facebook.com\/exparto.agro\/\"]}]}<\/script>\n<!-- \/ Yoast SEO plugin. -->","yoast_head_json":{"title":"Sz\u00e1raz nyom\u00e1sm\u00e9r\u0151 fi 63 M12x1,5 DOWN 0-16 Bar 0-16 Bar - Exparto.pl","robots":{"index":"index","follow":"follow","max-snippet":"max-snippet:-1","max-image-preview":"max-image-preview:large","max-video-preview":"max-video-preview:-1"},"canonical":"https:\/\/exparto.pl\/hu\/produkt\/manometr-suchy-fi-63-m12x15-dol-0-16-bar\/","og_locale":"hu_HU","og_type":"article","og_title":"Sz\u00e1raz nyom\u00e1sm\u00e9r\u0151 fi 63 M12x1,5 DOWN 0-16 Bar 0-16 Bar - Exparto.pl","og_description":"A nyom\u00e1sm\u00e9r\u0151k olyan eszk\u00f6z\u00f6k, amelyeket g\u00e1z- \u00e9s folyad\u00e9krendszerek nyom\u00e1s\u00e1nak m\u00e9r\u00e9s\u00e9re haszn\u00e1lnak. C\u00e9ljuk a vizsg\u00e1lt rendszer bels\u0151 \u00e9s k\u00fcls\u0151 (l\u00e9gk\u00f6ri) nyom\u00e1sa k\u00f6z\u00f6tti k\u00fcl\u00f6nbs\u00e9g jelz\u00e9se.","og_url":"https:\/\/exparto.pl\/hu\/produkt\/manometr-suchy-fi-63-m12x15-dol-0-16-bar\/","og_site_name":"Exparto.pl","article_publisher":"https:\/\/www.facebook.com\/exparto.agro\/","og_image":[{"width":1000,"height":1000,"url":"https:\/\/exparto.pl\/wp-content\/uploads\/2023\/03\/c9d96634a47fea94f9da961d017081a8.jpg","type":"image\/jpeg"}],"twitter_card":"summary_large_image","twitter_misc":{"Becs\u00fclt olvas\u00e1si id\u0151":"2 perc"},"schema":{"@context":"https:\/\/schema.org","@graph":[{"@type":"WebPage","@id":"https:\/\/exparto.pl\/hu\/produkt\/manometr-suchy-fi-63-m12x15-dol-0-16-bar\/","url":"https:\/\/exparto.pl\/hu\/produkt\/manometr-suchy-fi-63-m12x15-dol-0-16-bar\/","name":"Sz\u00e1raz nyom\u00e1sm\u00e9r\u0151 fi 63 M12x1,5 DOWN 0-16 Bar 0-16 Bar - Exparto.pl","isPartOf":{"@id":"https:\/\/exparto.pl\/hu\/#website"},"primaryImageOfPage":{"@id":"https:\/\/exparto.pl\/hu\/produkt\/manometr-suchy-fi-63-m12x15-dol-0-16-bar\/#primaryimage"},"image":{"@id":"https:\/\/exparto.pl\/hu\/produkt\/manometr-suchy-fi-63-m12x15-dol-0-16-bar\/#primaryimage"},"thumbnailUrl":"https:\/\/exparto.pl\/wp-content\/uploads\/2023\/03\/c9d96634a47fea94f9da961d017081a8.jpg","datePublished":"2023-03-02T12:00:46+00:00","breadcrumb":{"@id":"https:\/\/exparto.pl\/hu\/produkt\/manometr-suchy-fi-63-m12x15-dol-0-16-bar\/#breadcrumb"},"inLanguage":"hu","potentialAction":[{"@type":"ReadAction","target":["https:\/\/exparto.pl\/hu\/produkt\/manometr-suchy-fi-63-m12x15-dol-0-16-bar\/"]}]},{"@type":"ImageObject","inLanguage":"hu","@id":"https:\/\/exparto.pl\/hu\/produkt\/manometr-suchy-fi-63-m12x15-dol-0-16-bar\/#primaryimage","url":"https:\/\/exparto.pl\/wp-content\/uploads\/2023\/03\/c9d96634a47fea94f9da961d017081a8.jpg","contentUrl":"https:\/\/exparto.pl\/wp-content\/uploads\/2023\/03\/c9d96634a47fea94f9da961d017081a8.jpg","width":1000,"height":1000},{"@type":"BreadcrumbList","@id":"https:\/\/exparto.pl\/hu\/produkt\/manometr-suchy-fi-63-m12x15-dol-0-16-bar\/#breadcrumb","itemListElement":[{"@type":"ListItem","position":1,"name":"Honlap","item":"https:\/\/exparto.pl\/hu\/"},{"@type":"ListItem","position":2,"name":"Sklep","item":"https:\/\/exparto.pl\/sklep\/"},{"@type":"ListItem","position":3,"name":"Alkatr\u00e9szek permetez\u0151g\u00e9pekhez","item":"https:\/\/exparto.pl\/hu\/termekkategoria\/alkatreszek-permetezogepekhez\/"},{"@type":"ListItem","position":4,"name":"Nyom\u00e1sm\u00e9r\u0151k","item":"https:\/\/exparto.pl\/hu\/termekkategoria\/alkatreszek-permetezogepekhez\/nyomasmerok\/"},{"@type":"ListItem","position":5,"name":"Sz\u00e1raz nyom\u00e1sm\u00e9r\u0151 fi 63 M12x1,5 DOWN 0-16 Bar 0-16 Bar"}]},{"@type":"WebSite","@id":"https:\/\/exparto.pl\/hu\/#website","url":"https:\/\/exparto.pl\/hu\/","name":"EXPARTO","description":"More than agro parts","publisher":{"@id":"https:\/\/exparto.pl\/hu\/#organization"},"potentialAction":[{"@type":"SearchAction","target":{"@type":"EntryPoint","urlTemplate":"https:\/\/exparto.pl\/hu\/?s={search_term_string}"},"query-input":{"@type":"PropertyValueSpecification","valueRequired":true,"valueName":"search_term_string"}}],"inLanguage":"hu"},{"@type":"Organization","@id":"https:\/\/exparto.pl\/hu\/#organization","name":"EXPARTO","url":"https:\/\/exparto.pl\/hu\/","logo":{"@type":"ImageObject","inLanguage":"hu","@id":"https:\/\/exparto.pl\/hu\/#\/schema\/logo\/image\/","url":"https:\/\/exparto.pl\/wp-content\/uploads\/2023\/02\/logo-wektor.png","contentUrl":"https:\/\/exparto.pl\/wp-content\/uploads\/2023\/02\/logo-wektor.png","width":1338,"height":143,"caption":"EXPARTO"},"image":{"@id":"https:\/\/exparto.pl\/hu\/#\/schema\/logo\/image\/"},"sameAs":["https:\/\/www.facebook.com\/exparto.agro\/"]}]}},"_links":{"self":[{"href":"https:\/\/exparto.pl\/hu\/wp-json\/wp\/v2\/product\/10264","targetHints":{"allow":["GET"]}}],"collection":[{"href":"https:\/\/exparto.pl\/hu\/wp-json\/wp\/v2\/product"}],"about":[{"href":"https:\/\/exparto.pl\/hu\/wp-json\/wp\/v2\/types\/product"}],"replies":[{"embeddable":true,"href":"https:\/\/exparto.pl\/hu\/wp-json\/wp\/v2\/comments?post=10264"}],"wp:featuredmedia":[{"embeddable":true,"href":"https:\/\/exparto.pl\/hu\/wp-json\/wp\/v2\/media\/4908"}],"wp:attachment":[{"href":"https:\/\/exparto.pl\/hu\/wp-json\/wp\/v2\/media?parent=10264"}],"wp:term":[{"taxonomy":"product_brand","embeddable":true,"href":"https:\/\/exparto.pl\/hu\/wp-json\/wp\/v2\/product_brand?post=10264"},{"taxonomy":"product_cat","embeddable":true,"href":"https:\/\/exparto.pl\/hu\/wp-json\/wp\/v2\/product_cat?post=10264"},{"taxonomy":"product_tag","embeddable":true,"href":"https:\/\/exparto.pl\/hu\/wp-json\/wp\/v2\/product_tag?post=10264"}],"curies":[{"name":"wp","href":"https:\/\/api.w.org\/{rel}","templated":true}]}}