{"id":10271,"date":"2023-03-02T17:21:07","date_gmt":"2023-03-02T16:21:07","guid":{"rendered":"https:\/\/exparto.pl\/produkt\/kesztyu-niros-1022-9-es-meret\/"},"modified":"2023-03-02T17:21:07","modified_gmt":"2023-03-02T16:21:07","slug":"rekawica-niros-1022-size-9","status":"publish","type":"product","link":"https:\/\/exparto.pl\/hu\/produkt\/rekawica-niros-1022-size-9\/","title":{"rendered":"Keszty\u0171 niros 1022 9-es m\u00e9ret"},"content":{"rendered":"<p style=\"text-align: justify\">A <strong>NiroS #1022 <\/strong>nagyon s\u0171r\u0171n sz\u0151tt pamutb\u00f3l k\u00e9sz\u00fclt &#8211; ami meger\u0151s\u00edti a niroS m\u00e1rka <strong>pr\u00e9mium<\/strong> min\u0151s\u00e9g\u00e9t. A niroS eco #1022 keszty\u0171ben haszn\u00e1lt kiv\u00e1l\u00f3 min\u0151s\u00e9g\u0171 nitril bevonat 3\/4 bevonatot biztos\u00edt az olajokkal \u00e9s zs\u00edrokkal szembeni nagyfok\u00fa ellen\u00e1ll\u00e1shoz. Ennek eredm\u00e9nyek\u00e9ppen a keszty\u0171ket az <strong>\u00e1ltal\u00e1nos ipar\u00e1gak sz\u00e9les<\/strong> k\u00f6r\u00e9ben, valamint az \u00e9p\u00edt\u0151iparban \u00e9s a kert\u00e9szetben haszn\u00e1lj\u00e1k.<\/p>\n","protected":false},"excerpt":{"rendered":"<p style=\"text-align: justify\">A NiroS #1022 nagyon s\u0171r\u0171n sz\u0151tt pamutb\u00f3l k\u00e9sz\u00fclt &#8211; ami meger\u0151s\u00edti a niroS m\u00e1rka pr\u00e9mium min\u0151s\u00e9g\u00e9t. A niroS eco #1022 keszty\u0171ben haszn\u00e1lt kiv\u00e1l\u00f3 min\u0151s\u00e9g\u0171 nitril bevonat 3\/4 bevonatot biztos\u00edt az olajokkal \u00e9s zs\u00edrokkal szembeni nagyfok\u00fa ellen\u00e1ll\u00e1shoz. Ennek eredm\u00e9nyek\u00e9ppen a keszty\u0171ket az \u00e1ltal\u00e1nos ipar\u00e1gak sz\u00e9les k\u00f6r\u00e9ben, valamint az \u00e9p\u00edt\u0151iparban \u00e9s a kert\u00e9szetben haszn\u00e1lj\u00e1k.<\/p>\n","protected":false},"featured_media":4996,"comment_status":"open","ping_status":"closed","template":"","meta":{"_acf_changed":false,"inline_featured_image":false},"product_brand":[],"product_cat":[250],"product_tag":[],"class_list":{"0":"post-10271","1":"product","2":"type-product","3":"status-publish","4":"has-post-thumbnail","6":"product_cat-kesztyu","8":"first","9":"outofstock","10":"taxable","11":"shipping-taxable","12":"purchasable","13":"product-type-simple"},"acf":[],"yoast_head":"<!-- This site is optimized with the Yoast SEO plugin v27.3 - https:\/\/yoast.com\/product\/yoast-seo-wordpress\/ -->\n<title>Keszty\u0171 niros 1022 9-es m\u00e9ret - Exparto.pl<\/title>\n<meta name=\"robots\" content=\"index, follow, max-snippet:-1, max-image-preview:large, max-video-preview:-1\" \/>\n<link rel=\"canonical\" href=\"https:\/\/exparto.pl\/hu\/produkt\/rekawica-niros-1022-size-9\/\" \/>\n<meta property=\"og:locale\" content=\"hu_HU\" \/>\n<meta property=\"og:type\" content=\"article\" \/>\n<meta property=\"og:title\" content=\"Keszty\u0171 niros 1022 9-es m\u00e9ret - Exparto.pl\" \/>\n<meta property=\"og:description\" content=\"A NiroS #1022 nagyon s\u0171r\u0171n sz\u0151tt pamutb\u00f3l k\u00e9sz\u00fclt - ami meger\u0151s\u00edti a niroS m\u00e1rka pr\u00e9mium min\u0151s\u00e9g\u00e9t. A niroS eco #1022 keszty\u0171ben haszn\u00e1lt kiv\u00e1l\u00f3 min\u0151s\u00e9g\u0171 nitril bevonat 3\/4 bevonatot biztos\u00edt az olajokkal \u00e9s zs\u00edrokkal szembeni nagyfok\u00fa ellen\u00e1ll\u00e1shoz. Ennek eredm\u00e9nyek\u00e9ppen a keszty\u0171ket az \u00e1ltal\u00e1nos ipar\u00e1gak sz\u00e9les k\u00f6r\u00e9ben, valamint az \u00e9p\u00edt\u0151iparban \u00e9s a kert\u00e9szetben haszn\u00e1lj\u00e1k.\" \/>\n<meta property=\"og:url\" content=\"https:\/\/exparto.pl\/hu\/produkt\/rekawica-niros-1022-size-9\/\" \/>\n<meta property=\"og:site_name\" content=\"Exparto.pl\" \/>\n<meta property=\"article:publisher\" content=\"https:\/\/www.facebook.com\/exparto.agro\/\" \/>\n<meta property=\"og:image\" content=\"https:\/\/exparto.pl\/wp-content\/uploads\/2023\/03\/ab3e1bca459049c4fbf980a34e4288f8.jpg\" \/>\n\t<meta property=\"og:image:width\" content=\"1000\" \/>\n\t<meta property=\"og:image:height\" content=\"1000\" \/>\n\t<meta property=\"og:image:type\" content=\"image\/jpeg\" \/>\n<meta name=\"twitter:card\" content=\"summary_large_image\" \/>\n<script type=\"application\/ld+json\" class=\"yoast-schema-graph\">{\"@context\":\"https:\\\/\\\/schema.org\",\"@graph\":[{\"@type\":\"WebPage\",\"@id\":\"https:\\\/\\\/exparto.pl\\\/hu\\\/produkt\\\/rekawica-niros-1022-size-9\\\/\",\"url\":\"https:\\\/\\\/exparto.pl\\\/hu\\\/produkt\\\/rekawica-niros-1022-size-9\\\/\",\"name\":\"Keszty\u0171 niros 1022 9-es m\u00e9ret - Exparto.pl\",\"isPartOf\":{\"@id\":\"https:\\\/\\\/exparto.pl\\\/hu\\\/#website\"},\"primaryImageOfPage\":{\"@id\":\"https:\\\/\\\/exparto.pl\\\/hu\\\/produkt\\\/rekawica-niros-1022-size-9\\\/#primaryimage\"},\"image\":{\"@id\":\"https:\\\/\\\/exparto.pl\\\/hu\\\/produkt\\\/rekawica-niros-1022-size-9\\\/#primaryimage\"},\"thumbnailUrl\":\"https:\\\/\\\/exparto.pl\\\/wp-content\\\/uploads\\\/2023\\\/03\\\/ab3e1bca459049c4fbf980a34e4288f8.jpg\",\"datePublished\":\"2023-03-02T16:21:07+00:00\",\"breadcrumb\":{\"@id\":\"https:\\\/\\\/exparto.pl\\\/hu\\\/produkt\\\/rekawica-niros-1022-size-9\\\/#breadcrumb\"},\"inLanguage\":\"hu\",\"potentialAction\":[{\"@type\":\"ReadAction\",\"target\":[\"https:\\\/\\\/exparto.pl\\\/hu\\\/produkt\\\/rekawica-niros-1022-size-9\\\/\"]}]},{\"@type\":\"ImageObject\",\"inLanguage\":\"hu\",\"@id\":\"https:\\\/\\\/exparto.pl\\\/hu\\\/produkt\\\/rekawica-niros-1022-size-9\\\/#primaryimage\",\"url\":\"https:\\\/\\\/exparto.pl\\\/wp-content\\\/uploads\\\/2023\\\/03\\\/ab3e1bca459049c4fbf980a34e4288f8.jpg\",\"contentUrl\":\"https:\\\/\\\/exparto.pl\\\/wp-content\\\/uploads\\\/2023\\\/03\\\/ab3e1bca459049c4fbf980a34e4288f8.jpg\",\"width\":1000,\"height\":1000},{\"@type\":\"BreadcrumbList\",\"@id\":\"https:\\\/\\\/exparto.pl\\\/hu\\\/produkt\\\/rekawica-niros-1022-size-9\\\/#breadcrumb\",\"itemListElement\":[{\"@type\":\"ListItem\",\"position\":1,\"name\":\"Honlap\",\"item\":\"https:\\\/\\\/exparto.pl\\\/hu\\\/\"},{\"@type\":\"ListItem\",\"position\":2,\"name\":\"Sklep\",\"item\":\"https:\\\/\\\/exparto.pl\\\/sklep\\\/\"},{\"@type\":\"ListItem\",\"position\":3,\"name\":\"Eg\u00e9szs\u00e9g\u00fcgyi \u00e9s biztons\u00e1gi ruh\u00e1zat\",\"item\":\"https:\\\/\\\/exparto.pl\\\/hu\\\/termekkategoria\\\/egeszsegugyi-es-biztonsagi-ruhazat\\\/\"},{\"@type\":\"ListItem\",\"position\":4,\"name\":\"Keszty\u0171\",\"item\":\"https:\\\/\\\/exparto.pl\\\/hu\\\/termekkategoria\\\/egeszsegugyi-es-biztonsagi-ruhazat\\\/kesztyu\\\/\"},{\"@type\":\"ListItem\",\"position\":5,\"name\":\"Keszty\u0171 niros 1022 9-es m\u00e9ret\"}]},{\"@type\":\"WebSite\",\"@id\":\"https:\\\/\\\/exparto.pl\\\/hu\\\/#website\",\"url\":\"https:\\\/\\\/exparto.pl\\\/hu\\\/\",\"name\":\"EXPARTO\",\"description\":\"More than agro parts\",\"publisher\":{\"@id\":\"https:\\\/\\\/exparto.pl\\\/hu\\\/#organization\"},\"potentialAction\":[{\"@type\":\"SearchAction\",\"target\":{\"@type\":\"EntryPoint\",\"urlTemplate\":\"https:\\\/\\\/exparto.pl\\\/hu\\\/?s={search_term_string}\"},\"query-input\":{\"@type\":\"PropertyValueSpecification\",\"valueRequired\":true,\"valueName\":\"search_term_string\"}}],\"inLanguage\":\"hu\"},{\"@type\":\"Organization\",\"@id\":\"https:\\\/\\\/exparto.pl\\\/hu\\\/#organization\",\"name\":\"EXPARTO\",\"url\":\"https:\\\/\\\/exparto.pl\\\/hu\\\/\",\"logo\":{\"@type\":\"ImageObject\",\"inLanguage\":\"hu\",\"@id\":\"https:\\\/\\\/exparto.pl\\\/hu\\\/#\\\/schema\\\/logo\\\/image\\\/\",\"url\":\"https:\\\/\\\/exparto.pl\\\/wp-content\\\/uploads\\\/2023\\\/02\\\/logo-wektor.png\",\"contentUrl\":\"https:\\\/\\\/exparto.pl\\\/wp-content\\\/uploads\\\/2023\\\/02\\\/logo-wektor.png\",\"width\":1338,\"height\":143,\"caption\":\"EXPARTO\"},\"image\":{\"@id\":\"https:\\\/\\\/exparto.pl\\\/hu\\\/#\\\/schema\\\/logo\\\/image\\\/\"},\"sameAs\":[\"https:\\\/\\\/www.facebook.com\\\/exparto.agro\\\/\"]}]}<\/script>\n<!-- \/ Yoast SEO plugin. -->","yoast_head_json":{"title":"Keszty\u0171 niros 1022 9-es m\u00e9ret - Exparto.pl","robots":{"index":"index","follow":"follow","max-snippet":"max-snippet:-1","max-image-preview":"max-image-preview:large","max-video-preview":"max-video-preview:-1"},"canonical":"https:\/\/exparto.pl\/hu\/produkt\/rekawica-niros-1022-size-9\/","og_locale":"hu_HU","og_type":"article","og_title":"Keszty\u0171 niros 1022 9-es m\u00e9ret - Exparto.pl","og_description":"A NiroS #1022 nagyon s\u0171r\u0171n sz\u0151tt pamutb\u00f3l k\u00e9sz\u00fclt - ami meger\u0151s\u00edti a niroS m\u00e1rka pr\u00e9mium min\u0151s\u00e9g\u00e9t. A niroS eco #1022 keszty\u0171ben haszn\u00e1lt kiv\u00e1l\u00f3 min\u0151s\u00e9g\u0171 nitril bevonat 3\/4 bevonatot biztos\u00edt az olajokkal \u00e9s zs\u00edrokkal szembeni nagyfok\u00fa ellen\u00e1ll\u00e1shoz. Ennek eredm\u00e9nyek\u00e9ppen a keszty\u0171ket az \u00e1ltal\u00e1nos ipar\u00e1gak sz\u00e9les k\u00f6r\u00e9ben, valamint az \u00e9p\u00edt\u0151iparban \u00e9s a kert\u00e9szetben haszn\u00e1lj\u00e1k.","og_url":"https:\/\/exparto.pl\/hu\/produkt\/rekawica-niros-1022-size-9\/","og_site_name":"Exparto.pl","article_publisher":"https:\/\/www.facebook.com\/exparto.agro\/","og_image":[{"width":1000,"height":1000,"url":"https:\/\/exparto.pl\/wp-content\/uploads\/2023\/03\/ab3e1bca459049c4fbf980a34e4288f8.jpg","type":"image\/jpeg"}],"twitter_card":"summary_large_image","schema":{"@context":"https:\/\/schema.org","@graph":[{"@type":"WebPage","@id":"https:\/\/exparto.pl\/hu\/produkt\/rekawica-niros-1022-size-9\/","url":"https:\/\/exparto.pl\/hu\/produkt\/rekawica-niros-1022-size-9\/","name":"Keszty\u0171 niros 1022 9-es m\u00e9ret - Exparto.pl","isPartOf":{"@id":"https:\/\/exparto.pl\/hu\/#website"},"primaryImageOfPage":{"@id":"https:\/\/exparto.pl\/hu\/produkt\/rekawica-niros-1022-size-9\/#primaryimage"},"image":{"@id":"https:\/\/exparto.pl\/hu\/produkt\/rekawica-niros-1022-size-9\/#primaryimage"},"thumbnailUrl":"https:\/\/exparto.pl\/wp-content\/uploads\/2023\/03\/ab3e1bca459049c4fbf980a34e4288f8.jpg","datePublished":"2023-03-02T16:21:07+00:00","breadcrumb":{"@id":"https:\/\/exparto.pl\/hu\/produkt\/rekawica-niros-1022-size-9\/#breadcrumb"},"inLanguage":"hu","potentialAction":[{"@type":"ReadAction","target":["https:\/\/exparto.pl\/hu\/produkt\/rekawica-niros-1022-size-9\/"]}]},{"@type":"ImageObject","inLanguage":"hu","@id":"https:\/\/exparto.pl\/hu\/produkt\/rekawica-niros-1022-size-9\/#primaryimage","url":"https:\/\/exparto.pl\/wp-content\/uploads\/2023\/03\/ab3e1bca459049c4fbf980a34e4288f8.jpg","contentUrl":"https:\/\/exparto.pl\/wp-content\/uploads\/2023\/03\/ab3e1bca459049c4fbf980a34e4288f8.jpg","width":1000,"height":1000},{"@type":"BreadcrumbList","@id":"https:\/\/exparto.pl\/hu\/produkt\/rekawica-niros-1022-size-9\/#breadcrumb","itemListElement":[{"@type":"ListItem","position":1,"name":"Honlap","item":"https:\/\/exparto.pl\/hu\/"},{"@type":"ListItem","position":2,"name":"Sklep","item":"https:\/\/exparto.pl\/sklep\/"},{"@type":"ListItem","position":3,"name":"Eg\u00e9szs\u00e9g\u00fcgyi \u00e9s biztons\u00e1gi ruh\u00e1zat","item":"https:\/\/exparto.pl\/hu\/termekkategoria\/egeszsegugyi-es-biztonsagi-ruhazat\/"},{"@type":"ListItem","position":4,"name":"Keszty\u0171","item":"https:\/\/exparto.pl\/hu\/termekkategoria\/egeszsegugyi-es-biztonsagi-ruhazat\/kesztyu\/"},{"@type":"ListItem","position":5,"name":"Keszty\u0171 niros 1022 9-es m\u00e9ret"}]},{"@type":"WebSite","@id":"https:\/\/exparto.pl\/hu\/#website","url":"https:\/\/exparto.pl\/hu\/","name":"EXPARTO","description":"More than agro parts","publisher":{"@id":"https:\/\/exparto.pl\/hu\/#organization"},"potentialAction":[{"@type":"SearchAction","target":{"@type":"EntryPoint","urlTemplate":"https:\/\/exparto.pl\/hu\/?s={search_term_string}"},"query-input":{"@type":"PropertyValueSpecification","valueRequired":true,"valueName":"search_term_string"}}],"inLanguage":"hu"},{"@type":"Organization","@id":"https:\/\/exparto.pl\/hu\/#organization","name":"EXPARTO","url":"https:\/\/exparto.pl\/hu\/","logo":{"@type":"ImageObject","inLanguage":"hu","@id":"https:\/\/exparto.pl\/hu\/#\/schema\/logo\/image\/","url":"https:\/\/exparto.pl\/wp-content\/uploads\/2023\/02\/logo-wektor.png","contentUrl":"https:\/\/exparto.pl\/wp-content\/uploads\/2023\/02\/logo-wektor.png","width":1338,"height":143,"caption":"EXPARTO"},"image":{"@id":"https:\/\/exparto.pl\/hu\/#\/schema\/logo\/image\/"},"sameAs":["https:\/\/www.facebook.com\/exparto.agro\/"]}]}},"_links":{"self":[{"href":"https:\/\/exparto.pl\/hu\/wp-json\/wp\/v2\/product\/10271","targetHints":{"allow":["GET"]}}],"collection":[{"href":"https:\/\/exparto.pl\/hu\/wp-json\/wp\/v2\/product"}],"about":[{"href":"https:\/\/exparto.pl\/hu\/wp-json\/wp\/v2\/types\/product"}],"replies":[{"embeddable":true,"href":"https:\/\/exparto.pl\/hu\/wp-json\/wp\/v2\/comments?post=10271"}],"wp:featuredmedia":[{"embeddable":true,"href":"https:\/\/exparto.pl\/hu\/wp-json\/wp\/v2\/media\/4996"}],"wp:attachment":[{"href":"https:\/\/exparto.pl\/hu\/wp-json\/wp\/v2\/media?parent=10271"}],"wp:term":[{"taxonomy":"product_brand","embeddable":true,"href":"https:\/\/exparto.pl\/hu\/wp-json\/wp\/v2\/product_brand?post=10271"},{"taxonomy":"product_cat","embeddable":true,"href":"https:\/\/exparto.pl\/hu\/wp-json\/wp\/v2\/product_cat?post=10271"},{"taxonomy":"product_tag","embeddable":true,"href":"https:\/\/exparto.pl\/hu\/wp-json\/wp\/v2\/product_tag?post=10271"}],"curies":[{"name":"wp","href":"https:\/\/api.w.org\/{rel}","templated":true}]}}