{"id":10291,"date":"2023-03-14T11:55:57","date_gmt":"2023-03-14T10:55:57","guid":{"rendered":"https:\/\/exparto.pl\/produkt\/50-28-200-mukodteto\/"},"modified":"2025-12-26T17:29:38","modified_gmt":"2025-12-26T16:29:38","slug":"motor-50-28-200","status":"publish","type":"product","link":"https:\/\/exparto.pl\/hu\/produkt\/motor-50-28-200\/","title":{"rendered":"50\/28\/200 m\u0171k\u00f6dtet\u0151"},"content":{"rendered":"<p class=\"MsoNormal\" style=\"text-align: justify\">A <b>hidraulikus hengerek<\/b> olyan eszk\u00f6z\u00f6k, amelyek ott j\u00f3l m\u0171k\u00f6dnek,<br \/>\nahol nagy \u00e9rintkez\u00e9si nyom\u00e1sra van sz\u00fcks\u00e9g. Feladatuk a <b>munkafolyad\u00e9k nyom\u00e1si energi\u00e1j\u00e1nak<\/b> <b>mechanikai energi\u00e1v\u00e1 <\/b> <b>alak\u00edt\u00e1sa<\/b>. Ez lehet\u0151v\u00e9 teszi a cs\u00fasz\u00f3 mozg\u00e1st<br \/>\ndugatty\u00far\u00fad szerelv\u00e9ny. Hozz\u00e1 kell tenn\u00fcnk, hogy az ilyen t\u00edpus\u00fa m\u0171k\u00f6dtet\u0151k ide\u00e1lisan alkalmasak arra, hogy<br \/>\nt\u00f6bbek k\u00f6z\u00f6tt a haszn\u00e1lt rendszerek ig\u00e9nyeihez. a mez\u0151gazdas\u00e1gi g\u00e9pekn\u00e9l.<\/p>\n<p class=\"MsoNormal\" style=\"text-align: justify\">Hidraulikus hengerek, meghat\u00e1rozott<br \/>\nm\u00e1s n\u00e9ven hidraulikus hengerek, a k\u00f6vetkez\u0151kre oszthat\u00f3k: <b>egyoldalas <\/b>vagy <b>k\u00e9toldalas<\/b>.<br \/>\nAz el\u0151bbi eset\u00e9ben a munkafolyad\u00e9knak <b>egy<br \/>\ncsatlakoz\u00f3ja<\/b> van (\u00e9s a munkahenger egy ir\u00e1nyban van), \u00e9s a<br \/>\naz ut\u00f3bbi eset\u00e9ben<b> k\u00e9t kapcsolat <\/b>(i<br \/>\na munka\u00fctem k\u00e9t ir\u00e1nyban t\u00f6rt\u00e9nik). Ezenk\u00edv\u00fcl az ut\u00f3bbi cselekm\u00e9ny<br \/>\ngyorsabb, <b>megk\u00fcl\u00f6nb\u00f6ztetve b\u00e1rmely<br \/>\nl\u00f6kethosszal<\/b>, valamint <b>nagyobb hat\u00e9konys\u00e1ggal<\/b>.<br \/>\nAz egyes hidraulikus hengerek er\u0151ss\u00e9g\u00fckben, hat\u00f3t\u00e1vols\u00e1gukban, \u00e9s<br \/>\n\u00e1tm\u00e9r\u0151, valamint a <b>r\u00f6gz\u00edt\u00e9s<\/b>.<\/p>\n<p class=\"MsoNormal\" style=\"text-align: justify\">Sz\u00e1mos<b> krit\u00e9riumot<\/b> kell figyelembe venni,<br \/>\na m\u0171k\u00f6dtet\u0151elemek v\u00e1s\u00e1rl\u00e1sakor. Mindenekel\u0151tt \u00e9rdemes kider\u00edteni, hogy a hegesztett <b>k\u00f6t\u00e9sek min\u0151s\u00e9gi szintje<\/b> \u00f6sszeegyeztethet\u0151-e a k\u00f6vetkez\u0151kkel<br \/>\n<b>az ISO 5817 szabv\u00e1ny k\u00f6vetelm\u00e9nyeinek megfelel\u0151en<\/b>. Ezen t\u00falmen\u0151en, j\u00f3l<br \/>\nellen\u0151rizze, hogy a hengerek <b>j\u00f3 min\u0151s\u00e9g\u0171 t\u00f6m\u00edt\u00e9sekkel<\/b> vannak-e ell\u00e1tva. Ezenk\u00edv\u00fcl az is fontos, hogy<br \/>\n<b>a h\u00e1z sima<\/b>, t\u00f6m\u00f6r \u00e9s<br \/>\nk\u00f6nnyen tiszt\u00edthat\u00f3. Hozz\u00e1 kell tenni, hogy a hidraulikus hengereket a k\u00f6vetkez\u0151kben alkalmazz\u00e1k<br \/>\nneh\u00e9z munkak\u00f6r\u00fclm\u00e9nyek k\u00f6z\u00f6tt, azaz <b>sz\u00e1mos mez\u0151gazdas\u00e1gi<\/b>, ipari \u00e9s<b> \u00e9p\u00edt\u0151ipari <\/b>&#8211; helyhez k\u00f6t\u00f6tt \u00e9s mobil &#8211; <b>berendez\u00e9s gy\u00e1rt\u00e1s\u00e1ban<br \/>\n<\/b>.<\/p>\n","protected":false},"excerpt":{"rendered":"<p style=\"text-align: justify\">A hidraulikus hengerek olyan eszk\u00f6z\u00f6k, amelyek j\u00f3l teljes\u00edtenek ott, ahol nagy tol\u00f3er\u0151re van sz\u00fcks\u00e9g. Feladatuk a munkafolyad\u00e9k nyom\u00e1si energi\u00e1j\u00e1nak mechanikai energi\u00e1v\u00e1 alak\u00edt\u00e1sa. Ez lehet\u0151v\u00e9 teszi a dugatty\u00fa-dugatty\u00fa egys\u00e9g oda-vissza mozg\u00e1s\u00e1t. Hozz\u00e1 kell tenn\u00fcnk, hogy az ilyen t\u00edpus\u00fa m\u0171k\u00f6dtet\u0151k ide\u00e1lisan alkalmazkodnak t\u00f6bbek k\u00f6z\u00f6tt az alkalmazott rendszerek ig\u00e9nyeihez. a mez\u0151gazdas\u00e1gi g\u00e9pekn\u00e9l.<\/p>\n<p style=\"text-align: justify\">A m\u0171k\u00f6dtet\u0151elemek v\u00e1s\u00e1rl\u00e1sakor t\u00f6bb szempontot is figyelembe kell venni. El\u0151sz\u00f6r is \u00e9rdemes kider\u00edteni, hogy a hegesztett k\u00f6t\u00e9sek min\u0151s\u00e9gi szintje megfelel-e az ISO 5817 k\u00f6vetelm\u00e9nyeinek.<\/p>\n","protected":false},"featured_media":5252,"comment_status":"open","ping_status":"closed","template":"","meta":{"_acf_changed":false,"inline_featured_image":false},"product_brand":[],"product_cat":[242,260],"product_tag":[],"class_list":{"0":"post-10291","1":"product","2":"type-product","3":"status-publish","4":"has-post-thumbnail","6":"product_cat-hidraulikus-hengerek","7":"product_cat-ketoldalu-fellepes","9":"first","10":"outofstock","11":"taxable","12":"shipping-taxable","13":"purchasable","14":"product-type-simple"},"acf":[],"yoast_head":"<!-- This site is optimized with the Yoast SEO plugin v27.4 - https:\/\/yoast.com\/product\/yoast-seo-wordpress\/ -->\n<title>50\/28\/200 m\u0171k\u00f6dtet\u0151 - Exparto.pl<\/title>\n<meta name=\"robots\" content=\"index, follow, max-snippet:-1, max-image-preview:large, max-video-preview:-1\" \/>\n<link rel=\"canonical\" href=\"https:\/\/exparto.pl\/hu\/produkt\/motor-50-28-200\/\" \/>\n<meta property=\"og:locale\" content=\"hu_HU\" \/>\n<meta property=\"og:type\" content=\"article\" \/>\n<meta property=\"og:title\" content=\"50\/28\/200 m\u0171k\u00f6dtet\u0151 - Exparto.pl\" \/>\n<meta property=\"og:description\" content=\"A hidraulikus hengerek olyan eszk\u00f6z\u00f6k, amelyek j\u00f3l teljes\u00edtenek ott, ahol nagy tol\u00f3er\u0151re van sz\u00fcks\u00e9g. Feladatuk a munkafolyad\u00e9k nyom\u00e1si energi\u00e1j\u00e1nak mechanikai energi\u00e1v\u00e1 alak\u00edt\u00e1sa. Ez lehet\u0151v\u00e9 teszi a dugatty\u00fa-dugatty\u00fa egys\u00e9g oda-vissza mozg\u00e1s\u00e1t. Hozz\u00e1 kell tenn\u00fcnk, hogy az ilyen t\u00edpus\u00fa m\u0171k\u00f6dtet\u0151k ide\u00e1lisan alkalmazkodnak t\u00f6bbek k\u00f6z\u00f6tt az alkalmazott rendszerek ig\u00e9nyeihez. a mez\u0151gazdas\u00e1gi g\u00e9pekn\u00e9l. A m\u0171k\u00f6dtet\u0151elemek v\u00e1s\u00e1rl\u00e1sakor t\u00f6bb szempontot is figyelembe kell venni. El\u0151sz\u00f6r is \u00e9rdemes kider\u00edteni, hogy a hegesztett k\u00f6t\u00e9sek min\u0151s\u00e9gi szintje megfelel-e az ISO 5817 k\u00f6vetelm\u00e9nyeinek.\" \/>\n<meta property=\"og:url\" content=\"https:\/\/exparto.pl\/hu\/produkt\/motor-50-28-200\/\" \/>\n<meta property=\"og:site_name\" content=\"Exparto.pl\" \/>\n<meta property=\"article:publisher\" content=\"https:\/\/www.facebook.com\/exparto.agro\/\" \/>\n<meta property=\"article:modified_time\" content=\"2025-12-26T16:29:38+00:00\" \/>\n<meta property=\"og:image\" content=\"https:\/\/exparto.pl\/wp-content\/uploads\/2023\/03\/cfa1721827899275e481bd2860b5f460.jpg\" \/>\n\t<meta property=\"og:image:width\" content=\"1000\" \/>\n\t<meta property=\"og:image:height\" content=\"1000\" \/>\n\t<meta property=\"og:image:type\" content=\"image\/jpeg\" \/>\n<meta name=\"twitter:card\" content=\"summary_large_image\" \/>\n<meta name=\"twitter:label1\" content=\"Becs\u00fclt olvas\u00e1si id\u0151\" \/>\n\t<meta name=\"twitter:data1\" content=\"2 perc\" \/>\n<script type=\"application\/ld+json\" class=\"yoast-schema-graph\">{\"@context\":\"https:\\\/\\\/schema.org\",\"@graph\":[{\"@type\":\"WebPage\",\"@id\":\"https:\\\/\\\/exparto.pl\\\/hu\\\/produkt\\\/motor-50-28-200\\\/\",\"url\":\"https:\\\/\\\/exparto.pl\\\/hu\\\/produkt\\\/motor-50-28-200\\\/\",\"name\":\"50\\\/28\\\/200 m\u0171k\u00f6dtet\u0151 - Exparto.pl\",\"isPartOf\":{\"@id\":\"https:\\\/\\\/exparto.pl\\\/hu\\\/#website\"},\"primaryImageOfPage\":{\"@id\":\"https:\\\/\\\/exparto.pl\\\/hu\\\/produkt\\\/motor-50-28-200\\\/#primaryimage\"},\"image\":{\"@id\":\"https:\\\/\\\/exparto.pl\\\/hu\\\/produkt\\\/motor-50-28-200\\\/#primaryimage\"},\"thumbnailUrl\":\"https:\\\/\\\/exparto.pl\\\/wp-content\\\/uploads\\\/2023\\\/03\\\/cfa1721827899275e481bd2860b5f460.jpg\",\"datePublished\":\"2023-03-14T10:55:57+00:00\",\"dateModified\":\"2025-12-26T16:29:38+00:00\",\"breadcrumb\":{\"@id\":\"https:\\\/\\\/exparto.pl\\\/hu\\\/produkt\\\/motor-50-28-200\\\/#breadcrumb\"},\"inLanguage\":\"hu\",\"potentialAction\":[{\"@type\":\"ReadAction\",\"target\":[\"https:\\\/\\\/exparto.pl\\\/hu\\\/produkt\\\/motor-50-28-200\\\/\"]}]},{\"@type\":\"ImageObject\",\"inLanguage\":\"hu\",\"@id\":\"https:\\\/\\\/exparto.pl\\\/hu\\\/produkt\\\/motor-50-28-200\\\/#primaryimage\",\"url\":\"https:\\\/\\\/exparto.pl\\\/wp-content\\\/uploads\\\/2023\\\/03\\\/cfa1721827899275e481bd2860b5f460.jpg\",\"contentUrl\":\"https:\\\/\\\/exparto.pl\\\/wp-content\\\/uploads\\\/2023\\\/03\\\/cfa1721827899275e481bd2860b5f460.jpg\",\"width\":1000,\"height\":1000},{\"@type\":\"BreadcrumbList\",\"@id\":\"https:\\\/\\\/exparto.pl\\\/hu\\\/produkt\\\/motor-50-28-200\\\/#breadcrumb\",\"itemListElement\":[{\"@type\":\"ListItem\",\"position\":1,\"name\":\"Honlap\",\"item\":\"https:\\\/\\\/exparto.pl\\\/hu\\\/\"},{\"@type\":\"ListItem\",\"position\":2,\"name\":\"Sklep\",\"item\":\"https:\\\/\\\/exparto.pl\\\/sklep\\\/\"},{\"@type\":\"ListItem\",\"position\":3,\"name\":\"Hidraulika\",\"item\":\"https:\\\/\\\/exparto.pl\\\/hu\\\/termekkategoria\\\/hidraulika\\\/\"},{\"@type\":\"ListItem\",\"position\":4,\"name\":\"Hidraulikus hengerek\",\"item\":\"https:\\\/\\\/exparto.pl\\\/hu\\\/termekkategoria\\\/hidraulika\\\/hidraulikus-hengerek\\\/\"},{\"@type\":\"ListItem\",\"position\":5,\"name\":\"K\u00e9toldal\u00fa fell\u00e9p\u00e9s\",\"item\":\"https:\\\/\\\/exparto.pl\\\/hu\\\/termekkategoria\\\/hidraulika\\\/hidraulikus-hengerek\\\/ketoldalu-fellepes\\\/\"},{\"@type\":\"ListItem\",\"position\":6,\"name\":\"50\\\/28\\\/200 m\u0171k\u00f6dtet\u0151\"}]},{\"@type\":\"WebSite\",\"@id\":\"https:\\\/\\\/exparto.pl\\\/hu\\\/#website\",\"url\":\"https:\\\/\\\/exparto.pl\\\/hu\\\/\",\"name\":\"EXPARTO\",\"description\":\"More than agro parts\",\"publisher\":{\"@id\":\"https:\\\/\\\/exparto.pl\\\/hu\\\/#organization\"},\"potentialAction\":[{\"@type\":\"SearchAction\",\"target\":{\"@type\":\"EntryPoint\",\"urlTemplate\":\"https:\\\/\\\/exparto.pl\\\/hu\\\/?s={search_term_string}\"},\"query-input\":{\"@type\":\"PropertyValueSpecification\",\"valueRequired\":true,\"valueName\":\"search_term_string\"}}],\"inLanguage\":\"hu\"},{\"@type\":\"Organization\",\"@id\":\"https:\\\/\\\/exparto.pl\\\/hu\\\/#organization\",\"name\":\"EXPARTO\",\"url\":\"https:\\\/\\\/exparto.pl\\\/hu\\\/\",\"logo\":{\"@type\":\"ImageObject\",\"inLanguage\":\"hu\",\"@id\":\"https:\\\/\\\/exparto.pl\\\/hu\\\/#\\\/schema\\\/logo\\\/image\\\/\",\"url\":\"https:\\\/\\\/exparto.pl\\\/wp-content\\\/uploads\\\/2023\\\/02\\\/logo-wektor.png\",\"contentUrl\":\"https:\\\/\\\/exparto.pl\\\/wp-content\\\/uploads\\\/2023\\\/02\\\/logo-wektor.png\",\"width\":1338,\"height\":143,\"caption\":\"EXPARTO\"},\"image\":{\"@id\":\"https:\\\/\\\/exparto.pl\\\/hu\\\/#\\\/schema\\\/logo\\\/image\\\/\"},\"sameAs\":[\"https:\\\/\\\/www.facebook.com\\\/exparto.agro\\\/\"]}]}<\/script>\n<!-- \/ Yoast SEO plugin. -->","yoast_head_json":{"title":"50\/28\/200 m\u0171k\u00f6dtet\u0151 - Exparto.pl","robots":{"index":"index","follow":"follow","max-snippet":"max-snippet:-1","max-image-preview":"max-image-preview:large","max-video-preview":"max-video-preview:-1"},"canonical":"https:\/\/exparto.pl\/hu\/produkt\/motor-50-28-200\/","og_locale":"hu_HU","og_type":"article","og_title":"50\/28\/200 m\u0171k\u00f6dtet\u0151 - Exparto.pl","og_description":"A hidraulikus hengerek olyan eszk\u00f6z\u00f6k, amelyek j\u00f3l teljes\u00edtenek ott, ahol nagy tol\u00f3er\u0151re van sz\u00fcks\u00e9g. Feladatuk a munkafolyad\u00e9k nyom\u00e1si energi\u00e1j\u00e1nak mechanikai energi\u00e1v\u00e1 alak\u00edt\u00e1sa. Ez lehet\u0151v\u00e9 teszi a dugatty\u00fa-dugatty\u00fa egys\u00e9g oda-vissza mozg\u00e1s\u00e1t. Hozz\u00e1 kell tenn\u00fcnk, hogy az ilyen t\u00edpus\u00fa m\u0171k\u00f6dtet\u0151k ide\u00e1lisan alkalmazkodnak t\u00f6bbek k\u00f6z\u00f6tt az alkalmazott rendszerek ig\u00e9nyeihez. a mez\u0151gazdas\u00e1gi g\u00e9pekn\u00e9l. A m\u0171k\u00f6dtet\u0151elemek v\u00e1s\u00e1rl\u00e1sakor t\u00f6bb szempontot is figyelembe kell venni. El\u0151sz\u00f6r is \u00e9rdemes kider\u00edteni, hogy a hegesztett k\u00f6t\u00e9sek min\u0151s\u00e9gi szintje megfelel-e az ISO 5817 k\u00f6vetelm\u00e9nyeinek.","og_url":"https:\/\/exparto.pl\/hu\/produkt\/motor-50-28-200\/","og_site_name":"Exparto.pl","article_publisher":"https:\/\/www.facebook.com\/exparto.agro\/","article_modified_time":"2025-12-26T16:29:38+00:00","og_image":[{"width":1000,"height":1000,"url":"https:\/\/exparto.pl\/wp-content\/uploads\/2023\/03\/cfa1721827899275e481bd2860b5f460.jpg","type":"image\/jpeg"}],"twitter_card":"summary_large_image","twitter_misc":{"Becs\u00fclt olvas\u00e1si id\u0151":"2 perc"},"schema":{"@context":"https:\/\/schema.org","@graph":[{"@type":"WebPage","@id":"https:\/\/exparto.pl\/hu\/produkt\/motor-50-28-200\/","url":"https:\/\/exparto.pl\/hu\/produkt\/motor-50-28-200\/","name":"50\/28\/200 m\u0171k\u00f6dtet\u0151 - Exparto.pl","isPartOf":{"@id":"https:\/\/exparto.pl\/hu\/#website"},"primaryImageOfPage":{"@id":"https:\/\/exparto.pl\/hu\/produkt\/motor-50-28-200\/#primaryimage"},"image":{"@id":"https:\/\/exparto.pl\/hu\/produkt\/motor-50-28-200\/#primaryimage"},"thumbnailUrl":"https:\/\/exparto.pl\/wp-content\/uploads\/2023\/03\/cfa1721827899275e481bd2860b5f460.jpg","datePublished":"2023-03-14T10:55:57+00:00","dateModified":"2025-12-26T16:29:38+00:00","breadcrumb":{"@id":"https:\/\/exparto.pl\/hu\/produkt\/motor-50-28-200\/#breadcrumb"},"inLanguage":"hu","potentialAction":[{"@type":"ReadAction","target":["https:\/\/exparto.pl\/hu\/produkt\/motor-50-28-200\/"]}]},{"@type":"ImageObject","inLanguage":"hu","@id":"https:\/\/exparto.pl\/hu\/produkt\/motor-50-28-200\/#primaryimage","url":"https:\/\/exparto.pl\/wp-content\/uploads\/2023\/03\/cfa1721827899275e481bd2860b5f460.jpg","contentUrl":"https:\/\/exparto.pl\/wp-content\/uploads\/2023\/03\/cfa1721827899275e481bd2860b5f460.jpg","width":1000,"height":1000},{"@type":"BreadcrumbList","@id":"https:\/\/exparto.pl\/hu\/produkt\/motor-50-28-200\/#breadcrumb","itemListElement":[{"@type":"ListItem","position":1,"name":"Honlap","item":"https:\/\/exparto.pl\/hu\/"},{"@type":"ListItem","position":2,"name":"Sklep","item":"https:\/\/exparto.pl\/sklep\/"},{"@type":"ListItem","position":3,"name":"Hidraulika","item":"https:\/\/exparto.pl\/hu\/termekkategoria\/hidraulika\/"},{"@type":"ListItem","position":4,"name":"Hidraulikus hengerek","item":"https:\/\/exparto.pl\/hu\/termekkategoria\/hidraulika\/hidraulikus-hengerek\/"},{"@type":"ListItem","position":5,"name":"K\u00e9toldal\u00fa fell\u00e9p\u00e9s","item":"https:\/\/exparto.pl\/hu\/termekkategoria\/hidraulika\/hidraulikus-hengerek\/ketoldalu-fellepes\/"},{"@type":"ListItem","position":6,"name":"50\/28\/200 m\u0171k\u00f6dtet\u0151"}]},{"@type":"WebSite","@id":"https:\/\/exparto.pl\/hu\/#website","url":"https:\/\/exparto.pl\/hu\/","name":"EXPARTO","description":"More than agro parts","publisher":{"@id":"https:\/\/exparto.pl\/hu\/#organization"},"potentialAction":[{"@type":"SearchAction","target":{"@type":"EntryPoint","urlTemplate":"https:\/\/exparto.pl\/hu\/?s={search_term_string}"},"query-input":{"@type":"PropertyValueSpecification","valueRequired":true,"valueName":"search_term_string"}}],"inLanguage":"hu"},{"@type":"Organization","@id":"https:\/\/exparto.pl\/hu\/#organization","name":"EXPARTO","url":"https:\/\/exparto.pl\/hu\/","logo":{"@type":"ImageObject","inLanguage":"hu","@id":"https:\/\/exparto.pl\/hu\/#\/schema\/logo\/image\/","url":"https:\/\/exparto.pl\/wp-content\/uploads\/2023\/02\/logo-wektor.png","contentUrl":"https:\/\/exparto.pl\/wp-content\/uploads\/2023\/02\/logo-wektor.png","width":1338,"height":143,"caption":"EXPARTO"},"image":{"@id":"https:\/\/exparto.pl\/hu\/#\/schema\/logo\/image\/"},"sameAs":["https:\/\/www.facebook.com\/exparto.agro\/"]}]}},"_links":{"self":[{"href":"https:\/\/exparto.pl\/hu\/wp-json\/wp\/v2\/product\/10291","targetHints":{"allow":["GET"]}}],"collection":[{"href":"https:\/\/exparto.pl\/hu\/wp-json\/wp\/v2\/product"}],"about":[{"href":"https:\/\/exparto.pl\/hu\/wp-json\/wp\/v2\/types\/product"}],"replies":[{"embeddable":true,"href":"https:\/\/exparto.pl\/hu\/wp-json\/wp\/v2\/comments?post=10291"}],"wp:featuredmedia":[{"embeddable":true,"href":"https:\/\/exparto.pl\/hu\/wp-json\/wp\/v2\/media\/5252"}],"wp:attachment":[{"href":"https:\/\/exparto.pl\/hu\/wp-json\/wp\/v2\/media?parent=10291"}],"wp:term":[{"taxonomy":"product_brand","embeddable":true,"href":"https:\/\/exparto.pl\/hu\/wp-json\/wp\/v2\/product_brand?post=10291"},{"taxonomy":"product_cat","embeddable":true,"href":"https:\/\/exparto.pl\/hu\/wp-json\/wp\/v2\/product_cat?post=10291"},{"taxonomy":"product_tag","embeddable":true,"href":"https:\/\/exparto.pl\/hu\/wp-json\/wp\/v2\/product_tag?post=10291"}],"curies":[{"name":"wp","href":"https:\/\/api.w.org\/{rel}","templated":true}]}}