{"id":10294,"date":"2023-03-07T07:47:59","date_gmt":"2023-03-07T06:47:59","guid":{"rendered":"https:\/\/exparto.pl\/produkt\/ekszij-spa-3150-lp\/"},"modified":"2023-03-07T07:47:59","modified_gmt":"2023-03-07T06:47:59","slug":"pasek-klinowy-spa-3150","status":"publish","type":"product","link":"https:\/\/exparto.pl\/hu\/produkt\/pasek-klinowy-spa-3150\/","title":{"rendered":"\u00c9ksz\u00edj SPA 3150 LP"},"content":{"rendered":"<p class=\"MsoNormal\" style=\"text-align: justify\">Az <b>\u00e9ksz\u00edj <\/b> egy <b>keskeny profil\u00fa<\/b> modell, amelyet a <b>k\u00fcl\u00f6nb\u00f6z\u0151 g\u00e9pek meghajt\u00e1s\u00e1ban<\/b> az er\u0151\u00e1tvitelre tervezett alkatr\u00e9szk\u00e9nt haszn\u00e1lnak. Ez vonatkozik a speci\u00e1lis meghajt\u00f3kra, pl. az \u00e9k alak\u00fa lapos meghajt\u00f3kra. Hogyan m\u0171k\u00f6dik a bemutatott term\u00e9k? Ez kihaszn\u00e1lja a <b>sz\u00edj \u00e9s<\/b> a mozg\u00e1sba hozott <b>sz\u00edjt\u00e1rcsa k\u00f6z\u00f6tti s\u00farl\u00f3d\u00e1st<\/b>. A sz\u00edj feladata a nyomat\u00e9k \u00e1tad\u00e1sa a fogad\u00f3 t\u00e1rcs\u00e1kra.<\/p>\n<p class=\"MsoNormal\" style=\"text-align: justify\">Az \u00e9ksz\u00edj ide\u00e1lis ott, ahol a <b>hely korl\u00e1tozott<\/b>, \u00e9s a <b>hagyom\u00e1nyos sz\u00edjak<\/b> nem haszn\u00e1lhat\u00f3k. Sikeresen haszn\u00e1lhat\u00f3 nagym\u00e9ret\u0171<br \/>\nterhel\u00e9s \u00e9s nagy <b>perif\u00e9ri\u00e1s sebess\u00e9g <\/b>mellett. Emellett nagyfok\u00fa ellen\u00e1ll\u00f3k\u00e9pess\u00e9g jellemzi: hajl\u00edt\u00e1ssal, kop\u00e1ssal, olajjal \u00e9s pollenekkel, valamint magas h\u0151m\u00e9rs\u00e9klettel szemben.<\/p>\n<p class=\"MsoNormal\" style=\"text-align: justify\">A bemutatott \u00e9ksz\u00edj nagyon <b>nagy teljes\u00edtm\u00e9ny\u0171 <\/b>. Rugalmass\u00e1got, valamint <b>stabilit\u00e1st \u00e9s simas\u00e1got<\/b> biztos\u00edt az elv\u00e9gzett munka sor\u00e1n. Hossz\u00fa \u00e9lettartammal rendelkezik, \u00edgy ebben az esetben nem kell gyakran karbantart\u00e1si munk\u00e1kat v\u00e9gezni. R\u00e1ad\u00e1sul <b>kev\u00e9s r\u00e9gi energi\u00e1t<\/b> termel, nagyon k\u00f6nny\u0171, \u00e9s kit\u0171nik <b>j\u00f3 \u00e1r-\u00e9rt\u00e9k ar\u00e1ny\u00e1val<br \/>\n<\/b>. Emellett <b>alacsony zajkelt\u00e9s<\/b> \u00e9s az alacsony cs\u00fasz\u00e1s miatt magas hat\u00e1sfok jellemzi.<\/p>\n<p class=\"MsoNormal\" style=\"text-align: justify\">Az \u00e9ksz\u00edjat az <b>ipari<\/b>, mez\u0151gazdas\u00e1gi, <b>kert\u00e9szeti<\/b>, b\u00e1ny\u00e1szati \u00e9s \u00e9p\u00edt\u0151ipari <b>g\u00e9pek<\/b> \u00e9s berendez\u00e9sek gy\u00e1rt\u00e1s\u00e1ban, valamint az aut\u00f3iparban haszn\u00e1lj\u00e1k. Ez messze a leggyakrabban haszn\u00e1lt forg\u00f3talpas f\u0171ny\u00edr\u00f3g\u00e9pek gy\u00e1rt\u00e1sa sor\u00e1n.<\/p>\n","protected":false},"excerpt":{"rendered":"<p style=\"text-align: justify\">Az \u00e9ksz\u00edj egy keskeny profil\u00fa modell, amelyet a k\u00fcl\u00f6nb\u00f6z\u0151 g\u00e9pek meghajt\u00e1s\u00e1ban az er\u0151\u00e1tvitelre tervezett alkatr\u00e9szk\u00e9nt haszn\u00e1lnak. Ez vonatkozik a speci\u00e1lis meghajt\u00f3kra, pl. az \u00e9k alak\u00fa lapos meghajt\u00f3kra.<\/p>\n","protected":false},"featured_media":5144,"comment_status":"open","ping_status":"closed","template":"","meta":{"_acf_changed":false,"inline_featured_image":false},"product_brand":[],"product_cat":[221],"product_tag":[],"class_list":{"0":"post-10294","1":"product","2":"type-product","3":"status-publish","4":"has-post-thumbnail","6":"product_cat-alkatreszek-funyirokhoz","8":"first","9":"outofstock","10":"taxable","11":"shipping-taxable","12":"purchasable","13":"product-type-simple"},"acf":[],"yoast_head":"<!-- This site is optimized with the Yoast SEO plugin v27.4 - https:\/\/yoast.com\/product\/yoast-seo-wordpress\/ -->\n<title>\u00c9ksz\u00edj SPA 3150 LP - Exparto.pl<\/title>\n<meta name=\"robots\" content=\"index, follow, max-snippet:-1, max-image-preview:large, max-video-preview:-1\" \/>\n<link rel=\"canonical\" href=\"https:\/\/exparto.pl\/hu\/produkt\/pasek-klinowy-spa-3150\/\" \/>\n<meta property=\"og:locale\" content=\"hu_HU\" \/>\n<meta property=\"og:type\" content=\"article\" \/>\n<meta property=\"og:title\" content=\"\u00c9ksz\u00edj SPA 3150 LP - Exparto.pl\" \/>\n<meta property=\"og:description\" content=\"Az \u00e9ksz\u00edj egy keskeny profil\u00fa modell, amelyet a k\u00fcl\u00f6nb\u00f6z\u0151 g\u00e9pek meghajt\u00e1s\u00e1ban az er\u0151\u00e1tvitelre tervezett alkatr\u00e9szk\u00e9nt haszn\u00e1lnak. Ez vonatkozik a speci\u00e1lis meghajt\u00f3kra, pl. az \u00e9k alak\u00fa lapos meghajt\u00f3kra.\" \/>\n<meta property=\"og:url\" content=\"https:\/\/exparto.pl\/hu\/produkt\/pasek-klinowy-spa-3150\/\" \/>\n<meta property=\"og:site_name\" content=\"Exparto.pl\" \/>\n<meta property=\"article:publisher\" content=\"https:\/\/www.facebook.com\/exparto.agro\/\" \/>\n<meta property=\"og:image\" content=\"https:\/\/exparto.pl\/wp-content\/uploads\/2023\/03\/d878c13e8a76eb018188f84927cbb486.jpg\" \/>\n\t<meta property=\"og:image:width\" content=\"1000\" \/>\n\t<meta property=\"og:image:height\" content=\"1000\" \/>\n\t<meta property=\"og:image:type\" content=\"image\/jpeg\" \/>\n<meta name=\"twitter:card\" content=\"summary_large_image\" \/>\n<meta name=\"twitter:label1\" content=\"Becs\u00fclt olvas\u00e1si id\u0151\" \/>\n\t<meta name=\"twitter:data1\" content=\"1 perc\" \/>\n<script type=\"application\/ld+json\" class=\"yoast-schema-graph\">{\"@context\":\"https:\\\/\\\/schema.org\",\"@graph\":[{\"@type\":\"WebPage\",\"@id\":\"https:\\\/\\\/exparto.pl\\\/hu\\\/produkt\\\/pasek-klinowy-spa-3150\\\/\",\"url\":\"https:\\\/\\\/exparto.pl\\\/hu\\\/produkt\\\/pasek-klinowy-spa-3150\\\/\",\"name\":\"\u00c9ksz\u00edj SPA 3150 LP - Exparto.pl\",\"isPartOf\":{\"@id\":\"https:\\\/\\\/exparto.pl\\\/hu\\\/#website\"},\"primaryImageOfPage\":{\"@id\":\"https:\\\/\\\/exparto.pl\\\/hu\\\/produkt\\\/pasek-klinowy-spa-3150\\\/#primaryimage\"},\"image\":{\"@id\":\"https:\\\/\\\/exparto.pl\\\/hu\\\/produkt\\\/pasek-klinowy-spa-3150\\\/#primaryimage\"},\"thumbnailUrl\":\"https:\\\/\\\/exparto.pl\\\/wp-content\\\/uploads\\\/2023\\\/03\\\/d878c13e8a76eb018188f84927cbb486.jpg\",\"datePublished\":\"2023-03-07T06:47:59+00:00\",\"breadcrumb\":{\"@id\":\"https:\\\/\\\/exparto.pl\\\/hu\\\/produkt\\\/pasek-klinowy-spa-3150\\\/#breadcrumb\"},\"inLanguage\":\"hu\",\"potentialAction\":[{\"@type\":\"ReadAction\",\"target\":[\"https:\\\/\\\/exparto.pl\\\/hu\\\/produkt\\\/pasek-klinowy-spa-3150\\\/\"]}]},{\"@type\":\"ImageObject\",\"inLanguage\":\"hu\",\"@id\":\"https:\\\/\\\/exparto.pl\\\/hu\\\/produkt\\\/pasek-klinowy-spa-3150\\\/#primaryimage\",\"url\":\"https:\\\/\\\/exparto.pl\\\/wp-content\\\/uploads\\\/2023\\\/03\\\/d878c13e8a76eb018188f84927cbb486.jpg\",\"contentUrl\":\"https:\\\/\\\/exparto.pl\\\/wp-content\\\/uploads\\\/2023\\\/03\\\/d878c13e8a76eb018188f84927cbb486.jpg\",\"width\":1000,\"height\":1000},{\"@type\":\"BreadcrumbList\",\"@id\":\"https:\\\/\\\/exparto.pl\\\/hu\\\/produkt\\\/pasek-klinowy-spa-3150\\\/#breadcrumb\",\"itemListElement\":[{\"@type\":\"ListItem\",\"position\":1,\"name\":\"Honlap\",\"item\":\"https:\\\/\\\/exparto.pl\\\/hu\\\/\"},{\"@type\":\"ListItem\",\"position\":2,\"name\":\"Sklep\",\"item\":\"https:\\\/\\\/exparto.pl\\\/sklep\\\/\"},{\"@type\":\"ListItem\",\"position\":3,\"name\":\"Alkatr\u00e9szek f\u0171ny\u00edr\u00f3khoz\",\"item\":\"https:\\\/\\\/exparto.pl\\\/hu\\\/termekkategoria\\\/alkatreszek-funyirokhoz\\\/\"},{\"@type\":\"ListItem\",\"position\":4,\"name\":\"\u00c9ksz\u00edj SPA 3150 LP\"}]},{\"@type\":\"WebSite\",\"@id\":\"https:\\\/\\\/exparto.pl\\\/hu\\\/#website\",\"url\":\"https:\\\/\\\/exparto.pl\\\/hu\\\/\",\"name\":\"EXPARTO\",\"description\":\"More than agro parts\",\"publisher\":{\"@id\":\"https:\\\/\\\/exparto.pl\\\/hu\\\/#organization\"},\"potentialAction\":[{\"@type\":\"SearchAction\",\"target\":{\"@type\":\"EntryPoint\",\"urlTemplate\":\"https:\\\/\\\/exparto.pl\\\/hu\\\/?s={search_term_string}\"},\"query-input\":{\"@type\":\"PropertyValueSpecification\",\"valueRequired\":true,\"valueName\":\"search_term_string\"}}],\"inLanguage\":\"hu\"},{\"@type\":\"Organization\",\"@id\":\"https:\\\/\\\/exparto.pl\\\/hu\\\/#organization\",\"name\":\"EXPARTO\",\"url\":\"https:\\\/\\\/exparto.pl\\\/hu\\\/\",\"logo\":{\"@type\":\"ImageObject\",\"inLanguage\":\"hu\",\"@id\":\"https:\\\/\\\/exparto.pl\\\/hu\\\/#\\\/schema\\\/logo\\\/image\\\/\",\"url\":\"https:\\\/\\\/exparto.pl\\\/wp-content\\\/uploads\\\/2023\\\/02\\\/logo-wektor.png\",\"contentUrl\":\"https:\\\/\\\/exparto.pl\\\/wp-content\\\/uploads\\\/2023\\\/02\\\/logo-wektor.png\",\"width\":1338,\"height\":143,\"caption\":\"EXPARTO\"},\"image\":{\"@id\":\"https:\\\/\\\/exparto.pl\\\/hu\\\/#\\\/schema\\\/logo\\\/image\\\/\"},\"sameAs\":[\"https:\\\/\\\/www.facebook.com\\\/exparto.agro\\\/\"]}]}<\/script>\n<!-- \/ Yoast SEO plugin. -->","yoast_head_json":{"title":"\u00c9ksz\u00edj SPA 3150 LP - Exparto.pl","robots":{"index":"index","follow":"follow","max-snippet":"max-snippet:-1","max-image-preview":"max-image-preview:large","max-video-preview":"max-video-preview:-1"},"canonical":"https:\/\/exparto.pl\/hu\/produkt\/pasek-klinowy-spa-3150\/","og_locale":"hu_HU","og_type":"article","og_title":"\u00c9ksz\u00edj SPA 3150 LP - Exparto.pl","og_description":"Az \u00e9ksz\u00edj egy keskeny profil\u00fa modell, amelyet a k\u00fcl\u00f6nb\u00f6z\u0151 g\u00e9pek meghajt\u00e1s\u00e1ban az er\u0151\u00e1tvitelre tervezett alkatr\u00e9szk\u00e9nt haszn\u00e1lnak. Ez vonatkozik a speci\u00e1lis meghajt\u00f3kra, pl. az \u00e9k alak\u00fa lapos meghajt\u00f3kra.","og_url":"https:\/\/exparto.pl\/hu\/produkt\/pasek-klinowy-spa-3150\/","og_site_name":"Exparto.pl","article_publisher":"https:\/\/www.facebook.com\/exparto.agro\/","og_image":[{"width":1000,"height":1000,"url":"https:\/\/exparto.pl\/wp-content\/uploads\/2023\/03\/d878c13e8a76eb018188f84927cbb486.jpg","type":"image\/jpeg"}],"twitter_card":"summary_large_image","twitter_misc":{"Becs\u00fclt olvas\u00e1si id\u0151":"1 perc"},"schema":{"@context":"https:\/\/schema.org","@graph":[{"@type":"WebPage","@id":"https:\/\/exparto.pl\/hu\/produkt\/pasek-klinowy-spa-3150\/","url":"https:\/\/exparto.pl\/hu\/produkt\/pasek-klinowy-spa-3150\/","name":"\u00c9ksz\u00edj SPA 3150 LP - Exparto.pl","isPartOf":{"@id":"https:\/\/exparto.pl\/hu\/#website"},"primaryImageOfPage":{"@id":"https:\/\/exparto.pl\/hu\/produkt\/pasek-klinowy-spa-3150\/#primaryimage"},"image":{"@id":"https:\/\/exparto.pl\/hu\/produkt\/pasek-klinowy-spa-3150\/#primaryimage"},"thumbnailUrl":"https:\/\/exparto.pl\/wp-content\/uploads\/2023\/03\/d878c13e8a76eb018188f84927cbb486.jpg","datePublished":"2023-03-07T06:47:59+00:00","breadcrumb":{"@id":"https:\/\/exparto.pl\/hu\/produkt\/pasek-klinowy-spa-3150\/#breadcrumb"},"inLanguage":"hu","potentialAction":[{"@type":"ReadAction","target":["https:\/\/exparto.pl\/hu\/produkt\/pasek-klinowy-spa-3150\/"]}]},{"@type":"ImageObject","inLanguage":"hu","@id":"https:\/\/exparto.pl\/hu\/produkt\/pasek-klinowy-spa-3150\/#primaryimage","url":"https:\/\/exparto.pl\/wp-content\/uploads\/2023\/03\/d878c13e8a76eb018188f84927cbb486.jpg","contentUrl":"https:\/\/exparto.pl\/wp-content\/uploads\/2023\/03\/d878c13e8a76eb018188f84927cbb486.jpg","width":1000,"height":1000},{"@type":"BreadcrumbList","@id":"https:\/\/exparto.pl\/hu\/produkt\/pasek-klinowy-spa-3150\/#breadcrumb","itemListElement":[{"@type":"ListItem","position":1,"name":"Honlap","item":"https:\/\/exparto.pl\/hu\/"},{"@type":"ListItem","position":2,"name":"Sklep","item":"https:\/\/exparto.pl\/sklep\/"},{"@type":"ListItem","position":3,"name":"Alkatr\u00e9szek f\u0171ny\u00edr\u00f3khoz","item":"https:\/\/exparto.pl\/hu\/termekkategoria\/alkatreszek-funyirokhoz\/"},{"@type":"ListItem","position":4,"name":"\u00c9ksz\u00edj SPA 3150 LP"}]},{"@type":"WebSite","@id":"https:\/\/exparto.pl\/hu\/#website","url":"https:\/\/exparto.pl\/hu\/","name":"EXPARTO","description":"More than agro parts","publisher":{"@id":"https:\/\/exparto.pl\/hu\/#organization"},"potentialAction":[{"@type":"SearchAction","target":{"@type":"EntryPoint","urlTemplate":"https:\/\/exparto.pl\/hu\/?s={search_term_string}"},"query-input":{"@type":"PropertyValueSpecification","valueRequired":true,"valueName":"search_term_string"}}],"inLanguage":"hu"},{"@type":"Organization","@id":"https:\/\/exparto.pl\/hu\/#organization","name":"EXPARTO","url":"https:\/\/exparto.pl\/hu\/","logo":{"@type":"ImageObject","inLanguage":"hu","@id":"https:\/\/exparto.pl\/hu\/#\/schema\/logo\/image\/","url":"https:\/\/exparto.pl\/wp-content\/uploads\/2023\/02\/logo-wektor.png","contentUrl":"https:\/\/exparto.pl\/wp-content\/uploads\/2023\/02\/logo-wektor.png","width":1338,"height":143,"caption":"EXPARTO"},"image":{"@id":"https:\/\/exparto.pl\/hu\/#\/schema\/logo\/image\/"},"sameAs":["https:\/\/www.facebook.com\/exparto.agro\/"]}]}},"_links":{"self":[{"href":"https:\/\/exparto.pl\/hu\/wp-json\/wp\/v2\/product\/10294","targetHints":{"allow":["GET"]}}],"collection":[{"href":"https:\/\/exparto.pl\/hu\/wp-json\/wp\/v2\/product"}],"about":[{"href":"https:\/\/exparto.pl\/hu\/wp-json\/wp\/v2\/types\/product"}],"replies":[{"embeddable":true,"href":"https:\/\/exparto.pl\/hu\/wp-json\/wp\/v2\/comments?post=10294"}],"wp:featuredmedia":[{"embeddable":true,"href":"https:\/\/exparto.pl\/hu\/wp-json\/wp\/v2\/media\/5144"}],"wp:attachment":[{"href":"https:\/\/exparto.pl\/hu\/wp-json\/wp\/v2\/media?parent=10294"}],"wp:term":[{"taxonomy":"product_brand","embeddable":true,"href":"https:\/\/exparto.pl\/hu\/wp-json\/wp\/v2\/product_brand?post=10294"},{"taxonomy":"product_cat","embeddable":true,"href":"https:\/\/exparto.pl\/hu\/wp-json\/wp\/v2\/product_cat?post=10294"},{"taxonomy":"product_tag","embeddable":true,"href":"https:\/\/exparto.pl\/hu\/wp-json\/wp\/v2\/product_tag?post=10294"}],"curies":[{"name":"wp","href":"https:\/\/api.w.org\/{rel}","templated":true}]}}