{"id":10296,"date":"2023-03-03T13:46:45","date_gmt":"2023-03-03T12:46:45","guid":{"rendered":"https:\/\/exparto.pl\/produkt\/hidraulikus-2-szekcios-eloszto-02p80l-uszo-szekcio-nyomohuvelyes\/"},"modified":"2023-03-03T13:46:45","modified_gmt":"2023-03-03T12:46:45","slug":"hidraulikus-2-szakaszos-gyujtocso-02p80l-szakasz-uszo-nyomohuvely","status":"publish","type":"product","link":"https:\/\/exparto.pl\/hu\/produkt\/hidraulikus-2-szakaszos-gyujtocso-02p80l-szakasz-uszo-nyomohuvely\/","title":{"rendered":"Hidraulikus 2 szekci\u00f3s eloszt\u00f3 02P80L &#8211; \u00fasz\u00f3 szekci\u00f3 &#8211; nyom\u00f3h\u00fcvelyes"},"content":{"rendered":"<p class=\"MsoNormal\" style=\"text-align: justify\"><span style=\"color: inherit;font-weight: 700 !important\">Hidraulikus eloszt\u00f3 02P80<\/span> &#8211; monoblokk, k\u00e1beles \u00e9s joystick vez\u00e9rl\u00e9ssel, 80 l\/perc \u00e1raml\u00e1si sebess\u00e9ggel. A k\u00e9sz\u00fcl\u00e9ket <span style=\"color: inherit;font-weight: 700 !important\">robusztus \u00e9s kompakt kialak\u00edt\u00e1sa<\/span> jellemzi, amely lehet\u0151v\u00e9 teszi, hogy m\u00e1s hasonl\u00f3 egys\u00e9gekkel sorba lehessen k\u00f6tni egy nyom\u00f3h\u00fcvely seg\u00edts\u00e9g\u00e9vel. Ez egy <span style=\"color: inherit;font-weight: 700 !important\">k\u00e9tr\u00e9szes modell<\/span>, egy lebeg\u0151 szekci\u00f3val, amely alkalmas egyszeresen \u00e9s k\u00e9tszeresen hat\u00f3 m\u0171k\u00f6dtet\u0151kh\u00f6z. Emellett nagyfok\u00fa <span style=\"color: inherit;font-weight: 700 !important\">sokoldal\u00fas\u00e1g<\/span> \u00e9s stabil m\u0171k\u00f6d\u00e9s jellemzi.<\/p>\n<p class=\"MsoNormal\" style=\"text-align: justify\">A 02P80 hidraulikus eloszt\u00f3 ide\u00e1lis a legk\u00fcl\u00f6nb\u00f6z\u0151bb <span style=\"color: inherit;font-weight: 700 !important\">hidraulikus rendszerekhez<\/span> &#8211; mind az iparban \u00e9s az \u00e9p\u00edt\u0151iparban, mind a mez\u0151gazdas\u00e1gban. Ide\u00e1lis traktorokhoz, <span style=\"color: inherit;font-weight: 700 !important\">rakod\u00f3khoz<\/span>, kotr\u00f3g\u00e9pekhez, <span style=\"color: inherit;font-weight: 700 !important\">\u00e9p\u00edt\u0151ipari \u00e9s mez\u0151gazdas\u00e1gi g\u00e9pekhez<\/span>, HDS rakod\u00f3khoz, permetez\u0151kh\u00f6z, ciklopszokhoz, esztergag\u00e9pekhez vagy ak\u00e1r sepr\u0151g\u00e9pekhez. Hozz\u00e1 kell tenn\u00fcnk, hogy az eg\u00e9szet <span style=\"color: inherit;font-weight: 700 !important\">k\u00f6nny\u0171 \u00f6sszeszerelni<\/span>.<\/p>\n","protected":false},"excerpt":{"rendered":"<p style=\"text-align: justify\">A 02P80 hidraulikus eloszt\u00f3 ide\u00e1lis a legk\u00fcl\u00f6nb\u00f6z\u0151bb <span style=\"color: inherit\">hidraulikus rendszerekhez<\/span> &#8211; mind az iparban \u00e9s az \u00e9p\u00edt\u0151iparban, mind a mez\u0151gazdas\u00e1gban.<\/p>\n","protected":false},"featured_media":5124,"comment_status":"open","ping_status":"closed","template":"","meta":{"_acf_changed":false,"inline_featured_image":false},"product_brand":[],"product_cat":[258],"product_tag":[],"class_list":{"0":"post-10296","1":"product","2":"type-product","3":"status-publish","4":"has-post-thumbnail","6":"product_cat-kabelvezerlesu","8":"first","9":"instock","10":"taxable","11":"shipping-taxable","12":"purchasable","13":"product-type-simple"},"acf":[],"yoast_head":"<!-- This site is optimized with the Yoast SEO plugin v27.3 - https:\/\/yoast.com\/product\/yoast-seo-wordpress\/ -->\n<title>Hidraulikus 2 szekci\u00f3s eloszt\u00f3 02P80L - \u00fasz\u00f3 szekci\u00f3 - nyom\u00f3h\u00fcvelyes - Exparto.pl<\/title>\n<meta name=\"robots\" content=\"index, follow, max-snippet:-1, max-image-preview:large, max-video-preview:-1\" \/>\n<link rel=\"canonical\" href=\"https:\/\/exparto.pl\/hu\/produkt\/hidraulikus-2-szakaszos-gyujtocso-02p80l-szakasz-uszo-nyomohuvely\/\" \/>\n<meta property=\"og:locale\" content=\"hu_HU\" \/>\n<meta property=\"og:type\" content=\"article\" \/>\n<meta property=\"og:title\" content=\"Hidraulikus 2 szekci\u00f3s eloszt\u00f3 02P80L - \u00fasz\u00f3 szekci\u00f3 - nyom\u00f3h\u00fcvelyes - Exparto.pl\" \/>\n<meta property=\"og:description\" content=\"A 02P80 hidraulikus eloszt\u00f3 ide\u00e1lis a legk\u00fcl\u00f6nb\u00f6z\u0151bb hidraulikus rendszerekhez - mind az iparban \u00e9s az \u00e9p\u00edt\u0151iparban, mind a mez\u0151gazdas\u00e1gban.\" \/>\n<meta property=\"og:url\" content=\"https:\/\/exparto.pl\/hu\/produkt\/hidraulikus-2-szakaszos-gyujtocso-02p80l-szakasz-uszo-nyomohuvely\/\" \/>\n<meta property=\"og:site_name\" content=\"Exparto.pl\" \/>\n<meta property=\"article:publisher\" content=\"https:\/\/www.facebook.com\/exparto.agro\/\" \/>\n<meta property=\"og:image\" content=\"https:\/\/exparto.pl\/wp-content\/uploads\/2023\/03\/4cfb6ce6440aab910c9c9fcd27ce2cfe.jpg\" \/>\n\t<meta property=\"og:image:width\" content=\"1000\" \/>\n\t<meta property=\"og:image:height\" content=\"1000\" \/>\n\t<meta property=\"og:image:type\" content=\"image\/jpeg\" \/>\n<meta name=\"twitter:card\" content=\"summary_large_image\" \/>\n<meta name=\"twitter:label1\" content=\"Becs\u00fclt olvas\u00e1si id\u0151\" \/>\n\t<meta name=\"twitter:data1\" content=\"1 perc\" \/>\n<script type=\"application\/ld+json\" class=\"yoast-schema-graph\">{\"@context\":\"https:\\\/\\\/schema.org\",\"@graph\":[{\"@type\":\"WebPage\",\"@id\":\"https:\\\/\\\/exparto.pl\\\/hu\\\/produkt\\\/hidraulikus-2-szakaszos-gyujtocso-02p80l-szakasz-uszo-nyomohuvely\\\/\",\"url\":\"https:\\\/\\\/exparto.pl\\\/hu\\\/produkt\\\/hidraulikus-2-szakaszos-gyujtocso-02p80l-szakasz-uszo-nyomohuvely\\\/\",\"name\":\"Hidraulikus 2 szekci\u00f3s eloszt\u00f3 02P80L - \u00fasz\u00f3 szekci\u00f3 - nyom\u00f3h\u00fcvelyes - Exparto.pl\",\"isPartOf\":{\"@id\":\"https:\\\/\\\/exparto.pl\\\/hu\\\/#website\"},\"primaryImageOfPage\":{\"@id\":\"https:\\\/\\\/exparto.pl\\\/hu\\\/produkt\\\/hidraulikus-2-szakaszos-gyujtocso-02p80l-szakasz-uszo-nyomohuvely\\\/#primaryimage\"},\"image\":{\"@id\":\"https:\\\/\\\/exparto.pl\\\/hu\\\/produkt\\\/hidraulikus-2-szakaszos-gyujtocso-02p80l-szakasz-uszo-nyomohuvely\\\/#primaryimage\"},\"thumbnailUrl\":\"https:\\\/\\\/exparto.pl\\\/wp-content\\\/uploads\\\/2023\\\/03\\\/4cfb6ce6440aab910c9c9fcd27ce2cfe.jpg\",\"datePublished\":\"2023-03-03T12:46:45+00:00\",\"breadcrumb\":{\"@id\":\"https:\\\/\\\/exparto.pl\\\/hu\\\/produkt\\\/hidraulikus-2-szakaszos-gyujtocso-02p80l-szakasz-uszo-nyomohuvely\\\/#breadcrumb\"},\"inLanguage\":\"hu\",\"potentialAction\":[{\"@type\":\"ReadAction\",\"target\":[\"https:\\\/\\\/exparto.pl\\\/hu\\\/produkt\\\/hidraulikus-2-szakaszos-gyujtocso-02p80l-szakasz-uszo-nyomohuvely\\\/\"]}]},{\"@type\":\"ImageObject\",\"inLanguage\":\"hu\",\"@id\":\"https:\\\/\\\/exparto.pl\\\/hu\\\/produkt\\\/hidraulikus-2-szakaszos-gyujtocso-02p80l-szakasz-uszo-nyomohuvely\\\/#primaryimage\",\"url\":\"https:\\\/\\\/exparto.pl\\\/wp-content\\\/uploads\\\/2023\\\/03\\\/4cfb6ce6440aab910c9c9fcd27ce2cfe.jpg\",\"contentUrl\":\"https:\\\/\\\/exparto.pl\\\/wp-content\\\/uploads\\\/2023\\\/03\\\/4cfb6ce6440aab910c9c9fcd27ce2cfe.jpg\",\"width\":1000,\"height\":1000},{\"@type\":\"BreadcrumbList\",\"@id\":\"https:\\\/\\\/exparto.pl\\\/hu\\\/produkt\\\/hidraulikus-2-szakaszos-gyujtocso-02p80l-szakasz-uszo-nyomohuvely\\\/#breadcrumb\",\"itemListElement\":[{\"@type\":\"ListItem\",\"position\":1,\"name\":\"Honlap\",\"item\":\"https:\\\/\\\/exparto.pl\\\/hu\\\/\"},{\"@type\":\"ListItem\",\"position\":2,\"name\":\"Sklep\",\"item\":\"https:\\\/\\\/exparto.pl\\\/sklep\\\/\"},{\"@type\":\"ListItem\",\"position\":3,\"name\":\"Hidraulika\",\"item\":\"https:\\\/\\\/exparto.pl\\\/hu\\\/termekkategoria\\\/hidraulika\\\/\"},{\"@type\":\"ListItem\",\"position\":4,\"name\":\"Hidraulikus eloszt\u00f3k\",\"item\":\"https:\\\/\\\/exparto.pl\\\/hu\\\/termekkategoria\\\/hidraulika\\\/hidraulikus-elosztok\\\/\"},{\"@type\":\"ListItem\",\"position\":5,\"name\":\"K\u00e1belvez\u00e9rl\u00e9s\u0171\",\"item\":\"https:\\\/\\\/exparto.pl\\\/hu\\\/termekkategoria\\\/hidraulika\\\/hidraulikus-elosztok\\\/kabelvezerlesu\\\/\"},{\"@type\":\"ListItem\",\"position\":6,\"name\":\"Hidraulikus 2 szekci\u00f3s eloszt\u00f3 02P80L &#8211; \u00fasz\u00f3 szekci\u00f3 &#8211; nyom\u00f3h\u00fcvelyes\"}]},{\"@type\":\"WebSite\",\"@id\":\"https:\\\/\\\/exparto.pl\\\/hu\\\/#website\",\"url\":\"https:\\\/\\\/exparto.pl\\\/hu\\\/\",\"name\":\"EXPARTO\",\"description\":\"More than agro parts\",\"publisher\":{\"@id\":\"https:\\\/\\\/exparto.pl\\\/hu\\\/#organization\"},\"potentialAction\":[{\"@type\":\"SearchAction\",\"target\":{\"@type\":\"EntryPoint\",\"urlTemplate\":\"https:\\\/\\\/exparto.pl\\\/hu\\\/?s={search_term_string}\"},\"query-input\":{\"@type\":\"PropertyValueSpecification\",\"valueRequired\":true,\"valueName\":\"search_term_string\"}}],\"inLanguage\":\"hu\"},{\"@type\":\"Organization\",\"@id\":\"https:\\\/\\\/exparto.pl\\\/hu\\\/#organization\",\"name\":\"EXPARTO\",\"url\":\"https:\\\/\\\/exparto.pl\\\/hu\\\/\",\"logo\":{\"@type\":\"ImageObject\",\"inLanguage\":\"hu\",\"@id\":\"https:\\\/\\\/exparto.pl\\\/hu\\\/#\\\/schema\\\/logo\\\/image\\\/\",\"url\":\"https:\\\/\\\/exparto.pl\\\/wp-content\\\/uploads\\\/2023\\\/02\\\/logo-wektor.png\",\"contentUrl\":\"https:\\\/\\\/exparto.pl\\\/wp-content\\\/uploads\\\/2023\\\/02\\\/logo-wektor.png\",\"width\":1338,\"height\":143,\"caption\":\"EXPARTO\"},\"image\":{\"@id\":\"https:\\\/\\\/exparto.pl\\\/hu\\\/#\\\/schema\\\/logo\\\/image\\\/\"},\"sameAs\":[\"https:\\\/\\\/www.facebook.com\\\/exparto.agro\\\/\"]}]}<\/script>\n<!-- \/ Yoast SEO plugin. -->","yoast_head_json":{"title":"Hidraulikus 2 szekci\u00f3s eloszt\u00f3 02P80L - \u00fasz\u00f3 szekci\u00f3 - nyom\u00f3h\u00fcvelyes - Exparto.pl","robots":{"index":"index","follow":"follow","max-snippet":"max-snippet:-1","max-image-preview":"max-image-preview:large","max-video-preview":"max-video-preview:-1"},"canonical":"https:\/\/exparto.pl\/hu\/produkt\/hidraulikus-2-szakaszos-gyujtocso-02p80l-szakasz-uszo-nyomohuvely\/","og_locale":"hu_HU","og_type":"article","og_title":"Hidraulikus 2 szekci\u00f3s eloszt\u00f3 02P80L - \u00fasz\u00f3 szekci\u00f3 - nyom\u00f3h\u00fcvelyes - Exparto.pl","og_description":"A 02P80 hidraulikus eloszt\u00f3 ide\u00e1lis a legk\u00fcl\u00f6nb\u00f6z\u0151bb hidraulikus rendszerekhez - mind az iparban \u00e9s az \u00e9p\u00edt\u0151iparban, mind a mez\u0151gazdas\u00e1gban.","og_url":"https:\/\/exparto.pl\/hu\/produkt\/hidraulikus-2-szakaszos-gyujtocso-02p80l-szakasz-uszo-nyomohuvely\/","og_site_name":"Exparto.pl","article_publisher":"https:\/\/www.facebook.com\/exparto.agro\/","og_image":[{"width":1000,"height":1000,"url":"https:\/\/exparto.pl\/wp-content\/uploads\/2023\/03\/4cfb6ce6440aab910c9c9fcd27ce2cfe.jpg","type":"image\/jpeg"}],"twitter_card":"summary_large_image","twitter_misc":{"Becs\u00fclt olvas\u00e1si id\u0151":"1 perc"},"schema":{"@context":"https:\/\/schema.org","@graph":[{"@type":"WebPage","@id":"https:\/\/exparto.pl\/hu\/produkt\/hidraulikus-2-szakaszos-gyujtocso-02p80l-szakasz-uszo-nyomohuvely\/","url":"https:\/\/exparto.pl\/hu\/produkt\/hidraulikus-2-szakaszos-gyujtocso-02p80l-szakasz-uszo-nyomohuvely\/","name":"Hidraulikus 2 szekci\u00f3s eloszt\u00f3 02P80L - \u00fasz\u00f3 szekci\u00f3 - nyom\u00f3h\u00fcvelyes - Exparto.pl","isPartOf":{"@id":"https:\/\/exparto.pl\/hu\/#website"},"primaryImageOfPage":{"@id":"https:\/\/exparto.pl\/hu\/produkt\/hidraulikus-2-szakaszos-gyujtocso-02p80l-szakasz-uszo-nyomohuvely\/#primaryimage"},"image":{"@id":"https:\/\/exparto.pl\/hu\/produkt\/hidraulikus-2-szakaszos-gyujtocso-02p80l-szakasz-uszo-nyomohuvely\/#primaryimage"},"thumbnailUrl":"https:\/\/exparto.pl\/wp-content\/uploads\/2023\/03\/4cfb6ce6440aab910c9c9fcd27ce2cfe.jpg","datePublished":"2023-03-03T12:46:45+00:00","breadcrumb":{"@id":"https:\/\/exparto.pl\/hu\/produkt\/hidraulikus-2-szakaszos-gyujtocso-02p80l-szakasz-uszo-nyomohuvely\/#breadcrumb"},"inLanguage":"hu","potentialAction":[{"@type":"ReadAction","target":["https:\/\/exparto.pl\/hu\/produkt\/hidraulikus-2-szakaszos-gyujtocso-02p80l-szakasz-uszo-nyomohuvely\/"]}]},{"@type":"ImageObject","inLanguage":"hu","@id":"https:\/\/exparto.pl\/hu\/produkt\/hidraulikus-2-szakaszos-gyujtocso-02p80l-szakasz-uszo-nyomohuvely\/#primaryimage","url":"https:\/\/exparto.pl\/wp-content\/uploads\/2023\/03\/4cfb6ce6440aab910c9c9fcd27ce2cfe.jpg","contentUrl":"https:\/\/exparto.pl\/wp-content\/uploads\/2023\/03\/4cfb6ce6440aab910c9c9fcd27ce2cfe.jpg","width":1000,"height":1000},{"@type":"BreadcrumbList","@id":"https:\/\/exparto.pl\/hu\/produkt\/hidraulikus-2-szakaszos-gyujtocso-02p80l-szakasz-uszo-nyomohuvely\/#breadcrumb","itemListElement":[{"@type":"ListItem","position":1,"name":"Honlap","item":"https:\/\/exparto.pl\/hu\/"},{"@type":"ListItem","position":2,"name":"Sklep","item":"https:\/\/exparto.pl\/sklep\/"},{"@type":"ListItem","position":3,"name":"Hidraulika","item":"https:\/\/exparto.pl\/hu\/termekkategoria\/hidraulika\/"},{"@type":"ListItem","position":4,"name":"Hidraulikus eloszt\u00f3k","item":"https:\/\/exparto.pl\/hu\/termekkategoria\/hidraulika\/hidraulikus-elosztok\/"},{"@type":"ListItem","position":5,"name":"K\u00e1belvez\u00e9rl\u00e9s\u0171","item":"https:\/\/exparto.pl\/hu\/termekkategoria\/hidraulika\/hidraulikus-elosztok\/kabelvezerlesu\/"},{"@type":"ListItem","position":6,"name":"Hidraulikus 2 szekci\u00f3s eloszt\u00f3 02P80L &#8211; \u00fasz\u00f3 szekci\u00f3 &#8211; nyom\u00f3h\u00fcvelyes"}]},{"@type":"WebSite","@id":"https:\/\/exparto.pl\/hu\/#website","url":"https:\/\/exparto.pl\/hu\/","name":"EXPARTO","description":"More than agro parts","publisher":{"@id":"https:\/\/exparto.pl\/hu\/#organization"},"potentialAction":[{"@type":"SearchAction","target":{"@type":"EntryPoint","urlTemplate":"https:\/\/exparto.pl\/hu\/?s={search_term_string}"},"query-input":{"@type":"PropertyValueSpecification","valueRequired":true,"valueName":"search_term_string"}}],"inLanguage":"hu"},{"@type":"Organization","@id":"https:\/\/exparto.pl\/hu\/#organization","name":"EXPARTO","url":"https:\/\/exparto.pl\/hu\/","logo":{"@type":"ImageObject","inLanguage":"hu","@id":"https:\/\/exparto.pl\/hu\/#\/schema\/logo\/image\/","url":"https:\/\/exparto.pl\/wp-content\/uploads\/2023\/02\/logo-wektor.png","contentUrl":"https:\/\/exparto.pl\/wp-content\/uploads\/2023\/02\/logo-wektor.png","width":1338,"height":143,"caption":"EXPARTO"},"image":{"@id":"https:\/\/exparto.pl\/hu\/#\/schema\/logo\/image\/"},"sameAs":["https:\/\/www.facebook.com\/exparto.agro\/"]}]}},"_links":{"self":[{"href":"https:\/\/exparto.pl\/hu\/wp-json\/wp\/v2\/product\/10296","targetHints":{"allow":["GET"]}}],"collection":[{"href":"https:\/\/exparto.pl\/hu\/wp-json\/wp\/v2\/product"}],"about":[{"href":"https:\/\/exparto.pl\/hu\/wp-json\/wp\/v2\/types\/product"}],"replies":[{"embeddable":true,"href":"https:\/\/exparto.pl\/hu\/wp-json\/wp\/v2\/comments?post=10296"}],"wp:featuredmedia":[{"embeddable":true,"href":"https:\/\/exparto.pl\/hu\/wp-json\/wp\/v2\/media\/5124"}],"wp:attachment":[{"href":"https:\/\/exparto.pl\/hu\/wp-json\/wp\/v2\/media?parent=10296"}],"wp:term":[{"taxonomy":"product_brand","embeddable":true,"href":"https:\/\/exparto.pl\/hu\/wp-json\/wp\/v2\/product_brand?post=10296"},{"taxonomy":"product_cat","embeddable":true,"href":"https:\/\/exparto.pl\/hu\/wp-json\/wp\/v2\/product_cat?post=10296"},{"taxonomy":"product_tag","embeddable":true,"href":"https:\/\/exparto.pl\/hu\/wp-json\/wp\/v2\/product_tag?post=10296"}],"curies":[{"name":"wp","href":"https:\/\/api.w.org\/{rel}","templated":true}]}}