{"id":10297,"date":"2023-03-03T10:37:36","date_gmt":"2023-03-03T09:37:36","guid":{"rendered":"https:\/\/exparto.pl\/produkt\/kereszttengely-30x88\/"},"modified":"2023-03-03T09:37:36","modified_gmt":"2023-03-03T08:37:36","slug":"krzyzak-walu-walka-30x88","status":"publish","type":"product","link":"https:\/\/exparto.pl\/hu\/produkt\/krzyzak-walu-walka-30x88\/","title":{"rendered":"Kereszttengely 30&#215;88"},"content":{"rendered":"<p style=\"text-align: justify\">A kereszttart\u00f3 a hajt\u00f3tengely egyik legjobban ig\u00e9nybevett eleme. A hajt\u00f3tengely a k\u00f6vetkez\u0151kb\u0151l \u00e1ll: csukl\u00f3, test, fogazott tengely. Az <b>EXPARTO <\/b>kereszttart\u00f3k kov\u00e1csolt test\u00fcknek k\u00f6sz\u00f6nhet\u0151en hosszabb \u00e9lettartammal rendelkeznek. A min\u0151s\u00e9gi t\u00f6m\u00edt\u0151anyagok haszn\u00e1lata garant\u00e1lja a nagyfok\u00fa t\u00f6m\u00edtetts\u00e9get \u00e9s meghosszabb\u00edtja az \u00e9lettartamot.<\/p>\n","protected":false},"excerpt":{"rendered":"<p class=\"MsoNormal\" style=\"text-align: justify\">A kereszttart\u00f3 a hajt\u00f3tengely egyik legjobban ig\u00e9nybevett eleme. A hajt\u00f3tengely a k\u00f6vetkez\u0151kb\u0151l \u00e1ll: csukl\u00f3, test, fogazott tengely.<\/p>\n","protected":false},"featured_media":15378,"comment_status":"open","ping_status":"closed","template":"","meta":{"_acf_changed":false,"inline_featured_image":false},"product_brand":[],"product_cat":[264,328,225],"product_tag":[],"class_list":{"0":"post-10297","1":"product","2":"type-product","3":"status-publish","4":"has-post-thumbnail","6":"product_cat-a-tengely-alkatreszei","7":"product_cat-kereszttartok","8":"product_cat-teleszkopos-mellektengelyek","10":"first","11":"instock","12":"taxable","13":"shipping-taxable","14":"purchasable","15":"product-type-simple"},"acf":[],"yoast_head":"<!-- This site is optimized with the Yoast SEO plugin v27.2 - https:\/\/yoast.com\/product\/yoast-seo-wordpress\/ -->\n<title>Kereszttengely 30x88 - Exparto.pl<\/title>\n<meta name=\"robots\" content=\"index, follow, max-snippet:-1, max-image-preview:large, max-video-preview:-1\" \/>\n<link rel=\"canonical\" href=\"https:\/\/exparto.pl\/hu\/produkt\/krzyzak-walu-walka-30x88\/\" \/>\n<meta property=\"og:locale\" content=\"hu_HU\" \/>\n<meta property=\"og:type\" content=\"article\" \/>\n<meta property=\"og:title\" content=\"Kereszttengely 30x88 - Exparto.pl\" \/>\n<meta property=\"og:description\" content=\"A kereszttart\u00f3 a hajt\u00f3tengely egyik legjobban ig\u00e9nybevett eleme. A hajt\u00f3tengely a k\u00f6vetkez\u0151kb\u0151l \u00e1ll: csukl\u00f3, test, fogazott tengely.\" \/>\n<meta property=\"og:url\" content=\"https:\/\/exparto.pl\/hu\/produkt\/krzyzak-walu-walka-30x88\/\" \/>\n<meta property=\"og:site_name\" content=\"Exparto.pl\" \/>\n<meta property=\"article:publisher\" content=\"https:\/\/www.facebook.com\/exparto.agro\/\" \/>\n<meta property=\"og:image\" content=\"https:\/\/exparto.pl\/wp-content\/uploads\/2023\/03\/exp1-3_02.jpg\" \/>\n\t<meta property=\"og:image:width\" content=\"1000\" \/>\n\t<meta property=\"og:image:height\" content=\"1000\" \/>\n\t<meta property=\"og:image:type\" content=\"image\/jpeg\" \/>\n<meta name=\"twitter:card\" content=\"summary_large_image\" \/>\n<script type=\"application\/ld+json\" class=\"yoast-schema-graph\">{\"@context\":\"https:\/\/schema.org\",\"@graph\":[{\"@type\":\"WebPage\",\"@id\":\"https:\/\/exparto.pl\/hu\/produkt\/krzyzak-walu-walka-30x88\/\",\"url\":\"https:\/\/exparto.pl\/hu\/produkt\/krzyzak-walu-walka-30x88\/\",\"name\":\"Kereszttengely 30x88 - Exparto.pl\",\"isPartOf\":{\"@id\":\"https:\/\/exparto.pl\/hu\/#website\"},\"primaryImageOfPage\":{\"@id\":\"https:\/\/exparto.pl\/hu\/produkt\/krzyzak-walu-walka-30x88\/#primaryimage\"},\"image\":{\"@id\":\"https:\/\/exparto.pl\/hu\/produkt\/krzyzak-walu-walka-30x88\/#primaryimage\"},\"thumbnailUrl\":\"https:\/\/exparto.pl\/wp-content\/uploads\/2023\/03\/exp1-3_02.jpg\",\"datePublished\":\"2023-03-03T09:37:36+00:00\",\"breadcrumb\":{\"@id\":\"https:\/\/exparto.pl\/hu\/produkt\/krzyzak-walu-walka-30x88\/#breadcrumb\"},\"inLanguage\":\"hu\",\"potentialAction\":[{\"@type\":\"ReadAction\",\"target\":[\"https:\/\/exparto.pl\/hu\/produkt\/krzyzak-walu-walka-30x88\/\"]}]},{\"@type\":\"ImageObject\",\"inLanguage\":\"hu\",\"@id\":\"https:\/\/exparto.pl\/hu\/produkt\/krzyzak-walu-walka-30x88\/#primaryimage\",\"url\":\"https:\/\/exparto.pl\/wp-content\/uploads\/2023\/03\/exp1-3_02.jpg\",\"contentUrl\":\"https:\/\/exparto.pl\/wp-content\/uploads\/2023\/03\/exp1-3_02.jpg\",\"width\":1000,\"height\":1000},{\"@type\":\"BreadcrumbList\",\"@id\":\"https:\/\/exparto.pl\/hu\/produkt\/krzyzak-walu-walka-30x88\/#breadcrumb\",\"itemListElement\":[{\"@type\":\"ListItem\",\"position\":1,\"name\":\"Honlap\",\"item\":\"https:\/\/exparto.pl\/hu\/\"},{\"@type\":\"ListItem\",\"position\":2,\"name\":\"Sklep\",\"item\":\"https:\/\/exparto.pl\/sklep\/\"},{\"@type\":\"ListItem\",\"position\":3,\"name\":\"Teleszk\u00f3pos mell\u00e9ktengelyek\",\"item\":\"https:\/\/exparto.pl\/hu\/termekkategoria\/teleszkopos-mellektengelyek\/\"},{\"@type\":\"ListItem\",\"position\":4,\"name\":\"A tengely alkatr\u00e9szei\",\"item\":\"https:\/\/exparto.pl\/hu\/termekkategoria\/teleszkopos-mellektengelyek\/a-tengely-alkatreszei\/\"},{\"@type\":\"ListItem\",\"position\":5,\"name\":\"Kereszttengely 30&#215;88\"}]},{\"@type\":\"WebSite\",\"@id\":\"https:\/\/exparto.pl\/hu\/#website\",\"url\":\"https:\/\/exparto.pl\/hu\/\",\"name\":\"EXPARTO\",\"description\":\"More than agro parts\",\"publisher\":{\"@id\":\"https:\/\/exparto.pl\/hu\/#organization\"},\"potentialAction\":[{\"@type\":\"SearchAction\",\"target\":{\"@type\":\"EntryPoint\",\"urlTemplate\":\"https:\/\/exparto.pl\/hu\/?s={search_term_string}\"},\"query-input\":{\"@type\":\"PropertyValueSpecification\",\"valueRequired\":true,\"valueName\":\"search_term_string\"}}],\"inLanguage\":\"hu\"},{\"@type\":\"Organization\",\"@id\":\"https:\/\/exparto.pl\/hu\/#organization\",\"name\":\"EXPARTO\",\"url\":\"https:\/\/exparto.pl\/hu\/\",\"logo\":{\"@type\":\"ImageObject\",\"inLanguage\":\"hu\",\"@id\":\"https:\/\/exparto.pl\/hu\/#\/schema\/logo\/image\/\",\"url\":\"https:\/\/exparto.pl\/wp-content\/uploads\/2023\/02\/logo-wektor.png\",\"contentUrl\":\"https:\/\/exparto.pl\/wp-content\/uploads\/2023\/02\/logo-wektor.png\",\"width\":1338,\"height\":143,\"caption\":\"EXPARTO\"},\"image\":{\"@id\":\"https:\/\/exparto.pl\/hu\/#\/schema\/logo\/image\/\"},\"sameAs\":[\"https:\/\/www.facebook.com\/exparto.agro\/\"]}]}<\/script>\n<!-- \/ Yoast SEO plugin. -->","yoast_head_json":{"title":"Kereszttengely 30x88 - Exparto.pl","robots":{"index":"index","follow":"follow","max-snippet":"max-snippet:-1","max-image-preview":"max-image-preview:large","max-video-preview":"max-video-preview:-1"},"canonical":"https:\/\/exparto.pl\/hu\/produkt\/krzyzak-walu-walka-30x88\/","og_locale":"hu_HU","og_type":"article","og_title":"Kereszttengely 30x88 - Exparto.pl","og_description":"A kereszttart\u00f3 a hajt\u00f3tengely egyik legjobban ig\u00e9nybevett eleme. A hajt\u00f3tengely a k\u00f6vetkez\u0151kb\u0151l \u00e1ll: csukl\u00f3, test, fogazott tengely.","og_url":"https:\/\/exparto.pl\/hu\/produkt\/krzyzak-walu-walka-30x88\/","og_site_name":"Exparto.pl","article_publisher":"https:\/\/www.facebook.com\/exparto.agro\/","og_image":[{"width":1000,"height":1000,"url":"https:\/\/exparto.pl\/wp-content\/uploads\/2023\/03\/exp1-3_02.jpg","type":"image\/jpeg"}],"twitter_card":"summary_large_image","schema":{"@context":"https:\/\/schema.org","@graph":[{"@type":"WebPage","@id":"https:\/\/exparto.pl\/hu\/produkt\/krzyzak-walu-walka-30x88\/","url":"https:\/\/exparto.pl\/hu\/produkt\/krzyzak-walu-walka-30x88\/","name":"Kereszttengely 30x88 - Exparto.pl","isPartOf":{"@id":"https:\/\/exparto.pl\/hu\/#website"},"primaryImageOfPage":{"@id":"https:\/\/exparto.pl\/hu\/produkt\/krzyzak-walu-walka-30x88\/#primaryimage"},"image":{"@id":"https:\/\/exparto.pl\/hu\/produkt\/krzyzak-walu-walka-30x88\/#primaryimage"},"thumbnailUrl":"https:\/\/exparto.pl\/wp-content\/uploads\/2023\/03\/exp1-3_02.jpg","datePublished":"2023-03-03T09:37:36+00:00","breadcrumb":{"@id":"https:\/\/exparto.pl\/hu\/produkt\/krzyzak-walu-walka-30x88\/#breadcrumb"},"inLanguage":"hu","potentialAction":[{"@type":"ReadAction","target":["https:\/\/exparto.pl\/hu\/produkt\/krzyzak-walu-walka-30x88\/"]}]},{"@type":"ImageObject","inLanguage":"hu","@id":"https:\/\/exparto.pl\/hu\/produkt\/krzyzak-walu-walka-30x88\/#primaryimage","url":"https:\/\/exparto.pl\/wp-content\/uploads\/2023\/03\/exp1-3_02.jpg","contentUrl":"https:\/\/exparto.pl\/wp-content\/uploads\/2023\/03\/exp1-3_02.jpg","width":1000,"height":1000},{"@type":"BreadcrumbList","@id":"https:\/\/exparto.pl\/hu\/produkt\/krzyzak-walu-walka-30x88\/#breadcrumb","itemListElement":[{"@type":"ListItem","position":1,"name":"Honlap","item":"https:\/\/exparto.pl\/hu\/"},{"@type":"ListItem","position":2,"name":"Sklep","item":"https:\/\/exparto.pl\/sklep\/"},{"@type":"ListItem","position":3,"name":"Teleszk\u00f3pos mell\u00e9ktengelyek","item":"https:\/\/exparto.pl\/hu\/termekkategoria\/teleszkopos-mellektengelyek\/"},{"@type":"ListItem","position":4,"name":"A tengely alkatr\u00e9szei","item":"https:\/\/exparto.pl\/hu\/termekkategoria\/teleszkopos-mellektengelyek\/a-tengely-alkatreszei\/"},{"@type":"ListItem","position":5,"name":"Kereszttengely 30&#215;88"}]},{"@type":"WebSite","@id":"https:\/\/exparto.pl\/hu\/#website","url":"https:\/\/exparto.pl\/hu\/","name":"EXPARTO","description":"More than agro parts","publisher":{"@id":"https:\/\/exparto.pl\/hu\/#organization"},"potentialAction":[{"@type":"SearchAction","target":{"@type":"EntryPoint","urlTemplate":"https:\/\/exparto.pl\/hu\/?s={search_term_string}"},"query-input":{"@type":"PropertyValueSpecification","valueRequired":true,"valueName":"search_term_string"}}],"inLanguage":"hu"},{"@type":"Organization","@id":"https:\/\/exparto.pl\/hu\/#organization","name":"EXPARTO","url":"https:\/\/exparto.pl\/hu\/","logo":{"@type":"ImageObject","inLanguage":"hu","@id":"https:\/\/exparto.pl\/hu\/#\/schema\/logo\/image\/","url":"https:\/\/exparto.pl\/wp-content\/uploads\/2023\/02\/logo-wektor.png","contentUrl":"https:\/\/exparto.pl\/wp-content\/uploads\/2023\/02\/logo-wektor.png","width":1338,"height":143,"caption":"EXPARTO"},"image":{"@id":"https:\/\/exparto.pl\/hu\/#\/schema\/logo\/image\/"},"sameAs":["https:\/\/www.facebook.com\/exparto.agro\/"]}]}},"_links":{"self":[{"href":"https:\/\/exparto.pl\/hu\/wp-json\/wp\/v2\/product\/10297","targetHints":{"allow":["GET"]}}],"collection":[{"href":"https:\/\/exparto.pl\/hu\/wp-json\/wp\/v2\/product"}],"about":[{"href":"https:\/\/exparto.pl\/hu\/wp-json\/wp\/v2\/types\/product"}],"replies":[{"embeddable":true,"href":"https:\/\/exparto.pl\/hu\/wp-json\/wp\/v2\/comments?post=10297"}],"wp:featuredmedia":[{"embeddable":true,"href":"https:\/\/exparto.pl\/hu\/wp-json\/wp\/v2\/media\/15378"}],"wp:attachment":[{"href":"https:\/\/exparto.pl\/hu\/wp-json\/wp\/v2\/media?parent=10297"}],"wp:term":[{"taxonomy":"product_brand","embeddable":true,"href":"https:\/\/exparto.pl\/hu\/wp-json\/wp\/v2\/product_brand?post=10297"},{"taxonomy":"product_cat","embeddable":true,"href":"https:\/\/exparto.pl\/hu\/wp-json\/wp\/v2\/product_cat?post=10297"},{"taxonomy":"product_tag","embeddable":true,"href":"https:\/\/exparto.pl\/hu\/wp-json\/wp\/v2\/product_tag?post=10297"}],"curies":[{"name":"wp","href":"https:\/\/api.w.org\/{rel}","templated":true}]}}