{"id":10310,"date":"2023-02-09T13:13:19","date_gmt":"2023-02-09T12:13:19","guid":{"rendered":"https:\/\/exparto.pl\/produkt\/kardantengely-80-cm-300nm-haromszogcso-24x63-6-6-kereszttengely-24x63-6-6-kereszttengely\/"},"modified":"2023-02-09T12:13:19","modified_gmt":"2023-02-09T11:13:19","slug":"wal-przegubowy-wom-80cm-300nm-rura-krzyzak-24x63","status":"publish","type":"product","link":"https:\/\/exparto.pl\/hu\/produkt\/wal-przegubowy-wom-80cm-300nm-rura-krzyzak-24x63\/","title":{"rendered":"Kard\u00e1ntengely, 80 cm, 300Nm, h\u00e1romsz\u00f6gcs\u0151, 24&#215;63 6\/6 kereszttengely, 24&#215;63 6\/6 kereszttengely"},"content":{"rendered":"<section class=\"section\">\n<div class=\"item item-12\">\n<section class=\"text-item\">\n<p class=\"MsoNormal\" style=\"text-align: justify\">A mell\u00e9ktengelyeket arra haszn\u00e1lj\u00e1k, hogy a nyomat\u00e9kot a traktor mell\u00e9khajt\u00f3m\u0171v\u00e9t\u0151l (PTO) a traktorhoz csatlakoztatott g\u00e9p mell\u00e9khajt\u00f3m\u0171v\u00e9re (PTO) tov\u00e1bb\u00edts\u00e1k. A tengelyek a <span style=\"color: inherit;font-weight: 700 !important\">p\u00f3tkocsik<\/span> \u00e9s a <span style=\"color: inherit;font-weight: 700 !important\">mez\u0151gazdas\u00e1gi<\/span> j\u00e1rm\u0171vek alapvet\u0151 alkot\u00f3elemei. Ugyanakkor <span style=\"color: inherit;font-weight: 700 !important\">garanci\u00e1t jelentenek a megb\u00edzhat\u00f3s\u00e1gra<\/span> \u00e9s a biztons\u00e1gos m\u0171k\u00f6d\u00e9sre. Emellett v\u00e9dik a g\u00e9p hajt\u00f3m\u0171veinek alkatr\u00e9szeit m\u0171k\u00f6d\u00e9s k\u00f6zben. Az alapfeloszt\u00e1s a k\u00f6vetkez\u0151ket tartalmazza:<\/p>\n<ul style=\"text-align: justify\">\n<li>Alap mell\u00e9k- \u00e9s mell\u00e9ktengelyek &#8211; ezeket akkor haszn\u00e1lj\u00e1k, ha a mell\u00e9k- \u00e9s mell\u00e9ktengelyek egym\u00e1shoz viszony\u00edtott k\u00f6lcs\u00f6n\u00f6s helyzete nem haladja meg a 25\u00b0-os csukl\u00f3sz\u00f6get folyamatos \u00fczemben.<\/li>\n<li>Sz\u00e9les sz\u00f6g\u0171 mell\u00e9ktengelyek &#8211; ezeket akkor haszn\u00e1lj\u00e1k, ha a mell\u00e9ktengely \u00e9s a mell\u00e9ktengelyek k\u00f6lcs\u00f6n\u00f6s elhelyez\u00e9se folyamatos m\u0171k\u00f6d\u00e9s eset\u00e9n 50\u00b0-os, pillanatnyi m\u0171k\u00f6d\u00e9s eset\u00e9n pedig 50\u00b0-os csukl\u00f3t\u00f6r\u00e9si sz\u00f6gig csukl\u00f3t\u00f6r\u00e9shez vezethet.<\/li>\n<\/ul>\n<p class=\"MsoNormal\" style=\"text-align: justify\">Megk\u00fcl\u00f6nb\u00f6ztethet\u00fcnk tov\u00e1bb\u00e1 <span style=\"color: inherit;font-weight: 700 !important\">maratott tengelyeket, cs\u0151tengelyeket<\/span> \u00e9s <span style=\"color: inherit;font-weight: 700 !important\">cs\u0151tengely-h\u00e1romsz\u00f6gtengelyeket<\/span> &#8211; ezek cs\u0151profiljukban k\u00fcl\u00f6nb\u00f6znek egym\u00e1st\u00f3l. Az egyes tengelyek k\u00fcl\u00f6nb\u00f6z\u0151 nyomat\u00e9k\u00e9rt\u00e9kekkel \u00e9s k\u00fcl\u00f6nb\u00f6z\u0151 sz\u00e1m\u00fa sz\u00e9lessz\u00f6g\u0171 csukl\u00f3val is rendelkezhetnek.<\/p>\n<p class=\"MsoNormal\" style=\"text-align: justify\">Az Expart\u00f3n\u00e1l <span style=\"color: inherit;font-weight: 700 !important\">komplett tengelyeket<\/span>, valamint ezek <span style=\"color: inherit;font-weight: 700 !important\">alkatr\u00e9szeit \u00e9s tartoz\u00e9kait<\/span> k\u00edn\u00e1ljuk: <span style=\"color: inherit;font-weight: 700 !important\">kereszttengelyek<\/span>, csukl\u00f3k, <span style=\"color: inherit;font-weight: 700 !important\">tengelykapcsol\u00f3k<\/span>. Az egyes alkatr\u00e9szek kiv\u00e1l\u00f3 min\u0151s\u00e9g\u0171 anyagokb\u00f3l k\u00e9sz\u00fclnek (pl. <span style=\"color: inherit;font-weight: 700 !important\">magas sz\u00e9ntartalm\u00fa ac\u00e9lb\u00f3l<\/span>), \u00e9s maguk a <span style=\"color: inherit;font-weight: 700 !important\">tengelyburkolatok<\/span> nem \u00e9rz\u00e9kenyek <span style=\"color: inherit;font-weight: 700 !important\">mechanikai s\u00e9r\u00fcl\u00e9sekre<\/span>, alacsony h\u0151m\u00e9rs\u00e9kletre vagy UV-sug\u00e1rz\u00e1sra. S\u0151t, egyes alkatr\u00e9szek speci\u00e1lis, nagy teherb\u00edr\u00e1s\u00fa csap\u00e1gyakkal vannak ell\u00e1tva.<\/p>\n<p style=\"text-align: justify\"><strong>\u2705P\u00c9LDA ALKALMAZ\u00c1S:<\/strong><\/p>\n<ul>\n<li><strong>Permetez\u0151g\u00e9p<\/strong><\/li>\n<li><strong>Rot\u00e1ci\u00f3s f\u0171ny\u00edr\u00f3<\/strong><\/li>\n<li><strong>Tiller<\/strong><\/li>\n<\/ul>\n<\/section>\n<\/div>\n<\/section>\n","protected":false},"excerpt":{"rendered":"<p style=\"text-align: justify\">A mell\u00e9ktengelyeket arra haszn\u00e1lj\u00e1k, hogy a nyomat\u00e9kot a traktor mell\u00e9khajt\u00f3m\u0171v\u00e9t\u0151l (PTO) a traktorhoz csatlakoztatott g\u00e9p mell\u00e9khajt\u00f3m\u0171v\u00e9re (PTO) tov\u00e1bb\u00edts\u00e1k.<\/p>\n","protected":false},"featured_media":60865,"comment_status":"open","ping_status":"closed","template":"","meta":{"_acf_changed":false,"inline_featured_image":false},"product_brand":[],"product_cat":[262,225],"product_tag":[],"class_list":{"0":"post-10310","1":"product","2":"type-product","3":"status-publish","4":"has-post-thumbnail","6":"product_cat-haromszog-csotengelyek","7":"product_cat-teleszkopos-mellektengelyek","9":"first","10":"instock","11":"taxable","12":"shipping-taxable","13":"purchasable","14":"product-type-simple"},"acf":[],"yoast_head":"<!-- This site is optimized with the Yoast SEO plugin v27.2 - https:\/\/yoast.com\/product\/yoast-seo-wordpress\/ -->\n<title>Kard\u00e1ntengely, 80 cm, 300Nm, h\u00e1romsz\u00f6gcs\u0151, 24x63 6\/6 kereszttengely, 24x63 6\/6 kereszttengely - Exparto.pl<\/title>\n<meta name=\"robots\" content=\"index, follow, max-snippet:-1, max-image-preview:large, max-video-preview:-1\" \/>\n<link rel=\"canonical\" href=\"https:\/\/exparto.pl\/hu\/produkt\/wal-przegubowy-wom-80cm-300nm-rura-krzyzak-24x63\/\" \/>\n<meta property=\"og:locale\" content=\"hu_HU\" \/>\n<meta property=\"og:type\" content=\"article\" \/>\n<meta property=\"og:title\" content=\"Kard\u00e1ntengely, 80 cm, 300Nm, h\u00e1romsz\u00f6gcs\u0151, 24x63 6\/6 kereszttengely, 24x63 6\/6 kereszttengely - Exparto.pl\" \/>\n<meta property=\"og:description\" content=\"A mell\u00e9ktengelyeket arra haszn\u00e1lj\u00e1k, hogy a nyomat\u00e9kot a traktor mell\u00e9khajt\u00f3m\u0171v\u00e9t\u0151l (PTO) a traktorhoz csatlakoztatott g\u00e9p mell\u00e9khajt\u00f3m\u0171v\u00e9re (PTO) tov\u00e1bb\u00edts\u00e1k.\" \/>\n<meta property=\"og:url\" content=\"https:\/\/exparto.pl\/hu\/produkt\/wal-przegubowy-wom-80cm-300nm-rura-krzyzak-24x63\/\" \/>\n<meta property=\"og:site_name\" content=\"Exparto.pl\" \/>\n<meta property=\"article:publisher\" content=\"https:\/\/www.facebook.com\/exparto.agro\/\" \/>\n<meta property=\"og:image\" content=\"https:\/\/exparto.pl\/wp-content\/uploads\/2023\/03\/67.jpg\" \/>\n\t<meta property=\"og:image:width\" content=\"1000\" \/>\n\t<meta property=\"og:image:height\" content=\"1000\" \/>\n\t<meta property=\"og:image:type\" content=\"image\/jpeg\" \/>\n<meta name=\"twitter:card\" content=\"summary_large_image\" \/>\n<meta name=\"twitter:label1\" content=\"Becs\u00fclt olvas\u00e1si id\u0151\" \/>\n\t<meta name=\"twitter:data1\" content=\"2 perc\" \/>\n<script type=\"application\/ld+json\" class=\"yoast-schema-graph\">{\"@context\":\"https:\/\/schema.org\",\"@graph\":[{\"@type\":\"WebPage\",\"@id\":\"https:\/\/exparto.pl\/hu\/produkt\/wal-przegubowy-wom-80cm-300nm-rura-krzyzak-24x63\/\",\"url\":\"https:\/\/exparto.pl\/hu\/produkt\/wal-przegubowy-wom-80cm-300nm-rura-krzyzak-24x63\/\",\"name\":\"Kard\u00e1ntengely, 80 cm, 300Nm, h\u00e1romsz\u00f6gcs\u0151, 24x63 6\/6 kereszttengely, 24x63 6\/6 kereszttengely - Exparto.pl\",\"isPartOf\":{\"@id\":\"https:\/\/exparto.pl\/hu\/#website\"},\"primaryImageOfPage\":{\"@id\":\"https:\/\/exparto.pl\/hu\/produkt\/wal-przegubowy-wom-80cm-300nm-rura-krzyzak-24x63\/#primaryimage\"},\"image\":{\"@id\":\"https:\/\/exparto.pl\/hu\/produkt\/wal-przegubowy-wom-80cm-300nm-rura-krzyzak-24x63\/#primaryimage\"},\"thumbnailUrl\":\"https:\/\/exparto.pl\/wp-content\/uploads\/2025\/12\/b0923fc499a2e63ee3143a79b8288c2e.jpg\",\"datePublished\":\"2023-02-09T12:13:19+00:00\",\"breadcrumb\":{\"@id\":\"https:\/\/exparto.pl\/hu\/produkt\/wal-przegubowy-wom-80cm-300nm-rura-krzyzak-24x63\/#breadcrumb\"},\"inLanguage\":\"hu\",\"potentialAction\":[{\"@type\":\"ReadAction\",\"target\":[\"https:\/\/exparto.pl\/hu\/produkt\/wal-przegubowy-wom-80cm-300nm-rura-krzyzak-24x63\/\"]}]},{\"@type\":\"ImageObject\",\"inLanguage\":\"hu\",\"@id\":\"https:\/\/exparto.pl\/hu\/produkt\/wal-przegubowy-wom-80cm-300nm-rura-krzyzak-24x63\/#primaryimage\",\"url\":\"https:\/\/exparto.pl\/wp-content\/uploads\/2025\/12\/b0923fc499a2e63ee3143a79b8288c2e.jpg\",\"contentUrl\":\"https:\/\/exparto.pl\/wp-content\/uploads\/2025\/12\/b0923fc499a2e63ee3143a79b8288c2e.jpg\",\"width\":1000,\"height\":1000},{\"@type\":\"BreadcrumbList\",\"@id\":\"https:\/\/exparto.pl\/hu\/produkt\/wal-przegubowy-wom-80cm-300nm-rura-krzyzak-24x63\/#breadcrumb\",\"itemListElement\":[{\"@type\":\"ListItem\",\"position\":1,\"name\":\"Honlap\",\"item\":\"https:\/\/exparto.pl\/hu\/\"},{\"@type\":\"ListItem\",\"position\":2,\"name\":\"Sklep\",\"item\":\"https:\/\/exparto.pl\/sklep\/\"},{\"@type\":\"ListItem\",\"position\":3,\"name\":\"Teleszk\u00f3pos mell\u00e9ktengelyek\",\"item\":\"https:\/\/exparto.pl\/hu\/termekkategoria\/teleszkopos-mellektengelyek\/\"},{\"@type\":\"ListItem\",\"position\":4,\"name\":\"H\u00e1romsz\u00f6g cs\u0151tengelyek\",\"item\":\"https:\/\/exparto.pl\/hu\/termekkategoria\/teleszkopos-mellektengelyek\/haromszog-csotengelyek\/\"},{\"@type\":\"ListItem\",\"position\":5,\"name\":\"Kard\u00e1ntengely, 80 cm, 300Nm, h\u00e1romsz\u00f6gcs\u0151, 24&#215;63 6\/6 kereszttengely, 24&#215;63 6\/6 kereszttengely\"}]},{\"@type\":\"WebSite\",\"@id\":\"https:\/\/exparto.pl\/hu\/#website\",\"url\":\"https:\/\/exparto.pl\/hu\/\",\"name\":\"EXPARTO\",\"description\":\"More than agro parts\",\"publisher\":{\"@id\":\"https:\/\/exparto.pl\/hu\/#organization\"},\"potentialAction\":[{\"@type\":\"SearchAction\",\"target\":{\"@type\":\"EntryPoint\",\"urlTemplate\":\"https:\/\/exparto.pl\/hu\/?s={search_term_string}\"},\"query-input\":{\"@type\":\"PropertyValueSpecification\",\"valueRequired\":true,\"valueName\":\"search_term_string\"}}],\"inLanguage\":\"hu\"},{\"@type\":\"Organization\",\"@id\":\"https:\/\/exparto.pl\/hu\/#organization\",\"name\":\"EXPARTO\",\"url\":\"https:\/\/exparto.pl\/hu\/\",\"logo\":{\"@type\":\"ImageObject\",\"inLanguage\":\"hu\",\"@id\":\"https:\/\/exparto.pl\/hu\/#\/schema\/logo\/image\/\",\"url\":\"https:\/\/exparto.pl\/wp-content\/uploads\/2023\/02\/logo-wektor.png\",\"contentUrl\":\"https:\/\/exparto.pl\/wp-content\/uploads\/2023\/02\/logo-wektor.png\",\"width\":1338,\"height\":143,\"caption\":\"EXPARTO\"},\"image\":{\"@id\":\"https:\/\/exparto.pl\/hu\/#\/schema\/logo\/image\/\"},\"sameAs\":[\"https:\/\/www.facebook.com\/exparto.agro\/\"]}]}<\/script>\n<!-- \/ Yoast SEO plugin. -->","yoast_head_json":{"title":"Kard\u00e1ntengely, 80 cm, 300Nm, h\u00e1romsz\u00f6gcs\u0151, 24x63 6\/6 kereszttengely, 24x63 6\/6 kereszttengely - Exparto.pl","robots":{"index":"index","follow":"follow","max-snippet":"max-snippet:-1","max-image-preview":"max-image-preview:large","max-video-preview":"max-video-preview:-1"},"canonical":"https:\/\/exparto.pl\/hu\/produkt\/wal-przegubowy-wom-80cm-300nm-rura-krzyzak-24x63\/","og_locale":"hu_HU","og_type":"article","og_title":"Kard\u00e1ntengely, 80 cm, 300Nm, h\u00e1romsz\u00f6gcs\u0151, 24x63 6\/6 kereszttengely, 24x63 6\/6 kereszttengely - Exparto.pl","og_description":"A mell\u00e9ktengelyeket arra haszn\u00e1lj\u00e1k, hogy a nyomat\u00e9kot a traktor mell\u00e9khajt\u00f3m\u0171v\u00e9t\u0151l (PTO) a traktorhoz csatlakoztatott g\u00e9p mell\u00e9khajt\u00f3m\u0171v\u00e9re (PTO) tov\u00e1bb\u00edts\u00e1k.","og_url":"https:\/\/exparto.pl\/hu\/produkt\/wal-przegubowy-wom-80cm-300nm-rura-krzyzak-24x63\/","og_site_name":"Exparto.pl","article_publisher":"https:\/\/www.facebook.com\/exparto.agro\/","og_image":[{"width":1000,"height":1000,"url":"https:\/\/exparto.pl\/wp-content\/uploads\/2023\/03\/67.jpg","type":"image\/jpeg"}],"twitter_card":"summary_large_image","twitter_misc":{"Becs\u00fclt olvas\u00e1si id\u0151":"2 perc"},"schema":{"@context":"https:\/\/schema.org","@graph":[{"@type":"WebPage","@id":"https:\/\/exparto.pl\/hu\/produkt\/wal-przegubowy-wom-80cm-300nm-rura-krzyzak-24x63\/","url":"https:\/\/exparto.pl\/hu\/produkt\/wal-przegubowy-wom-80cm-300nm-rura-krzyzak-24x63\/","name":"Kard\u00e1ntengely, 80 cm, 300Nm, h\u00e1romsz\u00f6gcs\u0151, 24x63 6\/6 kereszttengely, 24x63 6\/6 kereszttengely - Exparto.pl","isPartOf":{"@id":"https:\/\/exparto.pl\/hu\/#website"},"primaryImageOfPage":{"@id":"https:\/\/exparto.pl\/hu\/produkt\/wal-przegubowy-wom-80cm-300nm-rura-krzyzak-24x63\/#primaryimage"},"image":{"@id":"https:\/\/exparto.pl\/hu\/produkt\/wal-przegubowy-wom-80cm-300nm-rura-krzyzak-24x63\/#primaryimage"},"thumbnailUrl":"https:\/\/exparto.pl\/wp-content\/uploads\/2025\/12\/b0923fc499a2e63ee3143a79b8288c2e.jpg","datePublished":"2023-02-09T12:13:19+00:00","breadcrumb":{"@id":"https:\/\/exparto.pl\/hu\/produkt\/wal-przegubowy-wom-80cm-300nm-rura-krzyzak-24x63\/#breadcrumb"},"inLanguage":"hu","potentialAction":[{"@type":"ReadAction","target":["https:\/\/exparto.pl\/hu\/produkt\/wal-przegubowy-wom-80cm-300nm-rura-krzyzak-24x63\/"]}]},{"@type":"ImageObject","inLanguage":"hu","@id":"https:\/\/exparto.pl\/hu\/produkt\/wal-przegubowy-wom-80cm-300nm-rura-krzyzak-24x63\/#primaryimage","url":"https:\/\/exparto.pl\/wp-content\/uploads\/2025\/12\/b0923fc499a2e63ee3143a79b8288c2e.jpg","contentUrl":"https:\/\/exparto.pl\/wp-content\/uploads\/2025\/12\/b0923fc499a2e63ee3143a79b8288c2e.jpg","width":1000,"height":1000},{"@type":"BreadcrumbList","@id":"https:\/\/exparto.pl\/hu\/produkt\/wal-przegubowy-wom-80cm-300nm-rura-krzyzak-24x63\/#breadcrumb","itemListElement":[{"@type":"ListItem","position":1,"name":"Honlap","item":"https:\/\/exparto.pl\/hu\/"},{"@type":"ListItem","position":2,"name":"Sklep","item":"https:\/\/exparto.pl\/sklep\/"},{"@type":"ListItem","position":3,"name":"Teleszk\u00f3pos mell\u00e9ktengelyek","item":"https:\/\/exparto.pl\/hu\/termekkategoria\/teleszkopos-mellektengelyek\/"},{"@type":"ListItem","position":4,"name":"H\u00e1romsz\u00f6g cs\u0151tengelyek","item":"https:\/\/exparto.pl\/hu\/termekkategoria\/teleszkopos-mellektengelyek\/haromszog-csotengelyek\/"},{"@type":"ListItem","position":5,"name":"Kard\u00e1ntengely, 80 cm, 300Nm, h\u00e1romsz\u00f6gcs\u0151, 24&#215;63 6\/6 kereszttengely, 24&#215;63 6\/6 kereszttengely"}]},{"@type":"WebSite","@id":"https:\/\/exparto.pl\/hu\/#website","url":"https:\/\/exparto.pl\/hu\/","name":"EXPARTO","description":"More than agro parts","publisher":{"@id":"https:\/\/exparto.pl\/hu\/#organization"},"potentialAction":[{"@type":"SearchAction","target":{"@type":"EntryPoint","urlTemplate":"https:\/\/exparto.pl\/hu\/?s={search_term_string}"},"query-input":{"@type":"PropertyValueSpecification","valueRequired":true,"valueName":"search_term_string"}}],"inLanguage":"hu"},{"@type":"Organization","@id":"https:\/\/exparto.pl\/hu\/#organization","name":"EXPARTO","url":"https:\/\/exparto.pl\/hu\/","logo":{"@type":"ImageObject","inLanguage":"hu","@id":"https:\/\/exparto.pl\/hu\/#\/schema\/logo\/image\/","url":"https:\/\/exparto.pl\/wp-content\/uploads\/2023\/02\/logo-wektor.png","contentUrl":"https:\/\/exparto.pl\/wp-content\/uploads\/2023\/02\/logo-wektor.png","width":1338,"height":143,"caption":"EXPARTO"},"image":{"@id":"https:\/\/exparto.pl\/hu\/#\/schema\/logo\/image\/"},"sameAs":["https:\/\/www.facebook.com\/exparto.agro\/"]}]}},"_links":{"self":[{"href":"https:\/\/exparto.pl\/hu\/wp-json\/wp\/v2\/product\/10310","targetHints":{"allow":["GET"]}}],"collection":[{"href":"https:\/\/exparto.pl\/hu\/wp-json\/wp\/v2\/product"}],"about":[{"href":"https:\/\/exparto.pl\/hu\/wp-json\/wp\/v2\/types\/product"}],"replies":[{"embeddable":true,"href":"https:\/\/exparto.pl\/hu\/wp-json\/wp\/v2\/comments?post=10310"}],"wp:featuredmedia":[{"embeddable":true,"href":"https:\/\/exparto.pl\/hu\/wp-json\/wp\/v2\/media\/60865"}],"wp:attachment":[{"href":"https:\/\/exparto.pl\/hu\/wp-json\/wp\/v2\/media?parent=10310"}],"wp:term":[{"taxonomy":"product_brand","embeddable":true,"href":"https:\/\/exparto.pl\/hu\/wp-json\/wp\/v2\/product_brand?post=10310"},{"taxonomy":"product_cat","embeddable":true,"href":"https:\/\/exparto.pl\/hu\/wp-json\/wp\/v2\/product_cat?post=10310"},{"taxonomy":"product_tag","embeddable":true,"href":"https:\/\/exparto.pl\/hu\/wp-json\/wp\/v2\/product_tag?post=10310"}],"curies":[{"name":"wp","href":"https:\/\/api.w.org\/{rel}","templated":true}]}}