{"id":10316,"date":"2023-01-31T10:04:02","date_gmt":"2023-01-31T09:04:02","guid":{"rendered":"https:\/\/exparto.pl\/produkt\/fogazott-tu-kovacsolt-fogazott-tu-l-880-880-mm-es-homlokrakodohoz\/"},"modified":"2023-01-31T10:04:02","modified_gmt":"2023-01-31T09:04:02","slug":"zab-palec-kuty-do-ladowacza-czolowego-l-880-880-mm","status":"publish","type":"product","link":"https:\/\/exparto.pl\/hu\/produkt\/zab-palec-kuty-do-ladowacza-czolowego-l-880-880-mm\/","title":{"rendered":"Fogazott t\u0171 kov\u00e1csolt fogazott t\u0171 L-880 \/ 880 mm-es homlokrakod\u00f3hoz"},"content":{"rendered":"<section class=\"section\">\n<div class=\"item item-12\">\n<section class=\"text-item\"><span style=\"font-weight: 700 !important;\">EXPARTO kov\u00e1csolt fogak &#8211; t\u00f6k\u00e9letes v\u00e1laszt\u00e1s a TUR homlokrakod\u00f3khoz \u00e9s teleszk\u00f3pos rakod\u00f3khoz. Mi\u00e9rt?<\/span><\/p>\n<ul>\n<li>Az Exparto kov\u00e1csolt fogait sajtolt kov\u00e1csol\u00e1ssal nyerik, ak\u00e1rcsak a cs\u00facs sportaut\u00f3k bels\u0151\u00e9g\u00e9s\u0171 motorjainak dugatty\u00fait.<\/li>\n<li>Kiv\u00e1l\u00f3 min\u0151s\u00e9g\u0171ek, kem\u00e9nys\u00e9g\u00fck \u00e9s ugyanakkor rugalmass\u00e1guk jellemzi \u0151ket, ami hossz\u00fa \u00e9vekig tart\u00f3 probl\u00e9mamentes haszn\u00e1latot garant\u00e1l. A k\u00edv\u00e1nt rugalmass\u00e1got csak a h\u0151kezel\u00e9si folyamat r\u00e9szletes kivitelez\u00e9s\u00e9vel \u00e9s fel\u00fcgyelet\u00e9vel lehet el\u00e9rni. Minden ujjon t\u00f6bb ponton is ellen\u0151rizz\u00fck a kem\u00e9nyed\u00e9s m\u00e9rt\u00e9k\u00e9t.<\/li>\n<li>Ezenk\u00edv\u00fcl az egyes t\u00e9telek m\u00e9r\u00e9sei alapj\u00e1n biztosak lehet\u00fcnk abban, hogy az EXPARTO fogak t\u00f6k\u00e9letesen illeszkednek a rakod\u00f3g\u00e9pek tartoz\u00e9kaiba hegesztett perselyekbe. A menetek \u00f6nbiztos\u00edt\u00e1st biztos\u00edtanak; ez azt jelenti, hogy nem csavarodnak ki az any\u00e1b\u00f3l, \u00edgy nincs rombol\u00f3 j\u00e1t\u00e9k.<\/li>\n<li>Az Exparto azon kev\u00e9s besz\u00e1ll\u00edt\u00f3k egyike, amelyek a fogak h\u0151kezel\u00e9se ut\u00e1n metallogr\u00e1fiai vizsg\u00e1latot v\u00e9geznek. Az optim\u00e1lis olt\u00f3h\u0151m\u00e9rs\u00e9klet alkalmaz\u00e1s\u00e1nak bizony\u00edt\u00e1s\u00e1r\u00f3l van sz\u00f3. Ha a h\u0151m\u00e9rs\u00e9klet t\u00fal magas, b\u00e1r a kem\u00e9nys\u00e9g az el\u0151\u00edrtnak megfelel\u0151 lesz, a durva szerkezet repedez\u00e9st \u00e9s a fog id\u0151 el\u0151tti kop\u00e1s\u00e1t okozza.<\/li>\n<li>M\u00e1r a gy\u00e1rt\u00e1si folyamat kezdet\u00e9n ellen\u0151rizz\u00fck a k\u00e9miai \u00f6sszet\u00e9telt, mert m\u00e9g a legjobban m\u0171k\u00f6d\u0151 folyamat sem biztos\u00edt 100%-os min\u0151s\u00e9get, ha a kiindul\u00e1si anyag min\u0151s\u00e9ge rossz.<\/li>\n<li>A v\u00e9d\u0151fest\u00e9s pontoss\u00e1ga hossz\u00fa \u00e9veken \u00e1t meg\u0151rzi a rakod\u00f3fogak eszt\u00e9tikus megjelen\u00e9s\u00e9t.<\/li>\n<\/ul>\n<p><span style=\"font-weight: 700 !important;\">Az Exparto kov\u00e1csolt fogait sikeresen haszn\u00e1lj\u00e1k a<\/span> markol\u00f3v\u00f6d\u00f6rben, a sil\u00f3kap\u00e1ban, a cs\u00fasz\u00f3 raklapvill\u00e1ban csapokkal, a Q modell\u0171 tr\u00e1gya- \u00e9s szalmavill\u00e1ban, a b\u00e1lavill\u00e1ban \u00e9s a sil\u00f3v\u00e1g\u00f3ban.<\/p>\n<p><span style=\"font-weight: 700 !important;\">Az Exparto kov\u00e1csolt fogak kompatibilisek a k\u00f6vetkez\u0151 gy\u00e1rt\u00f3k \u00e1ltal gy\u00e1rtott homlokrakod\u00f3k \u00e9s teleszk\u00f3pos rakod\u00f3g\u00e9pek tartoz\u00e9kaival: <\/span>Agromasz, Hydramet, Inter Tech, Metal-Fach, Metaltechnik, MX, New Holland, Quick, Stoll, Volant, Zetor, Zetor<\/p>\n<\/section>\n<\/div>\n<\/section>\n","protected":false},"excerpt":{"rendered":"<p style=\"text-align: justify;\">EXPARTO kov\u00e1csolt fogak &#8211; t\u00f6k\u00e9letes v\u00e1laszt\u00e1s a TUR homlokrakod\u00f3khoz \u00e9s teleszk\u00f3pos rakod\u00f3khoz.<\/p>\n","protected":false},"featured_media":4228,"comment_status":"open","ping_status":"closed","template":"","meta":{"_acf_changed":false,"inline_featured_image":false},"product_brand":[],"product_cat":[218,230],"product_tag":[],"class_list":{"0":"post-10316","1":"product","2":"type-product","3":"status-publish","4":"has-post-thumbnail","6":"product_cat-alkatreszek-elulso-rakodokhoz","7":"product_cat-tavaszi-ujjak","9":"first","10":"instock","11":"featured","12":"taxable","13":"shipping-taxable","14":"purchasable","15":"product-type-simple"},"acf":[],"yoast_head":"<!-- This site is optimized with the Yoast SEO plugin v27.4 - https:\/\/yoast.com\/product\/yoast-seo-wordpress\/ -->\n<title>Fogazott t\u0171 kov\u00e1csolt fogazott t\u0171 L-880 \/ 880 mm-es homlokrakod\u00f3hoz - Exparto.pl<\/title>\n<meta name=\"robots\" content=\"index, follow, max-snippet:-1, max-image-preview:large, max-video-preview:-1\" \/>\n<link rel=\"canonical\" href=\"https:\/\/exparto.pl\/hu\/produkt\/zab-palec-kuty-do-ladowacza-czolowego-l-880-880-mm\/\" \/>\n<meta property=\"og:locale\" content=\"hu_HU\" \/>\n<meta property=\"og:type\" content=\"article\" \/>\n<meta property=\"og:title\" content=\"Fogazott t\u0171 kov\u00e1csolt fogazott t\u0171 L-880 \/ 880 mm-es homlokrakod\u00f3hoz - Exparto.pl\" \/>\n<meta property=\"og:description\" content=\"EXPARTO kov\u00e1csolt fogak - t\u00f6k\u00e9letes v\u00e1laszt\u00e1s a TUR homlokrakod\u00f3khoz \u00e9s teleszk\u00f3pos rakod\u00f3khoz.\" \/>\n<meta property=\"og:url\" content=\"https:\/\/exparto.pl\/hu\/produkt\/zab-palec-kuty-do-ladowacza-czolowego-l-880-880-mm\/\" \/>\n<meta property=\"og:site_name\" content=\"Exparto.pl\" \/>\n<meta property=\"article:publisher\" content=\"https:\/\/www.facebook.com\/exparto.agro\/\" \/>\n<meta property=\"og:image\" content=\"https:\/\/exparto.pl\/wp-content\/uploads\/2023\/01\/073f93f9e734abf3f64918a3f6857dc5.jpg\" \/>\n\t<meta property=\"og:image:width\" content=\"1000\" \/>\n\t<meta property=\"og:image:height\" content=\"1000\" \/>\n\t<meta property=\"og:image:type\" content=\"image\/jpeg\" \/>\n<meta name=\"twitter:card\" content=\"summary_large_image\" \/>\n<meta name=\"twitter:label1\" content=\"Becs\u00fclt olvas\u00e1si id\u0151\" \/>\n\t<meta name=\"twitter:data1\" content=\"2 perc\" \/>\n<script type=\"application\/ld+json\" class=\"yoast-schema-graph\">{\"@context\":\"https:\\\/\\\/schema.org\",\"@graph\":[{\"@type\":\"WebPage\",\"@id\":\"https:\\\/\\\/exparto.pl\\\/hu\\\/produkt\\\/zab-palec-kuty-do-ladowacza-czolowego-l-880-880-mm\\\/\",\"url\":\"https:\\\/\\\/exparto.pl\\\/hu\\\/produkt\\\/zab-palec-kuty-do-ladowacza-czolowego-l-880-880-mm\\\/\",\"name\":\"Fogazott t\u0171 kov\u00e1csolt fogazott t\u0171 L-880 \\\/ 880 mm-es homlokrakod\u00f3hoz - Exparto.pl\",\"isPartOf\":{\"@id\":\"https:\\\/\\\/exparto.pl\\\/hu\\\/#website\"},\"primaryImageOfPage\":{\"@id\":\"https:\\\/\\\/exparto.pl\\\/hu\\\/produkt\\\/zab-palec-kuty-do-ladowacza-czolowego-l-880-880-mm\\\/#primaryimage\"},\"image\":{\"@id\":\"https:\\\/\\\/exparto.pl\\\/hu\\\/produkt\\\/zab-palec-kuty-do-ladowacza-czolowego-l-880-880-mm\\\/#primaryimage\"},\"thumbnailUrl\":\"https:\\\/\\\/exparto.pl\\\/wp-content\\\/uploads\\\/2023\\\/01\\\/073f93f9e734abf3f64918a3f6857dc5.jpg\",\"datePublished\":\"2023-01-31T09:04:02+00:00\",\"breadcrumb\":{\"@id\":\"https:\\\/\\\/exparto.pl\\\/hu\\\/produkt\\\/zab-palec-kuty-do-ladowacza-czolowego-l-880-880-mm\\\/#breadcrumb\"},\"inLanguage\":\"hu\",\"potentialAction\":[{\"@type\":\"ReadAction\",\"target\":[\"https:\\\/\\\/exparto.pl\\\/hu\\\/produkt\\\/zab-palec-kuty-do-ladowacza-czolowego-l-880-880-mm\\\/\"]}]},{\"@type\":\"ImageObject\",\"inLanguage\":\"hu\",\"@id\":\"https:\\\/\\\/exparto.pl\\\/hu\\\/produkt\\\/zab-palec-kuty-do-ladowacza-czolowego-l-880-880-mm\\\/#primaryimage\",\"url\":\"https:\\\/\\\/exparto.pl\\\/wp-content\\\/uploads\\\/2023\\\/01\\\/073f93f9e734abf3f64918a3f6857dc5.jpg\",\"contentUrl\":\"https:\\\/\\\/exparto.pl\\\/wp-content\\\/uploads\\\/2023\\\/01\\\/073f93f9e734abf3f64918a3f6857dc5.jpg\",\"width\":1000,\"height\":1000},{\"@type\":\"BreadcrumbList\",\"@id\":\"https:\\\/\\\/exparto.pl\\\/hu\\\/produkt\\\/zab-palec-kuty-do-ladowacza-czolowego-l-880-880-mm\\\/#breadcrumb\",\"itemListElement\":[{\"@type\":\"ListItem\",\"position\":1,\"name\":\"Honlap\",\"item\":\"https:\\\/\\\/exparto.pl\\\/hu\\\/\"},{\"@type\":\"ListItem\",\"position\":2,\"name\":\"Sklep\",\"item\":\"https:\\\/\\\/exparto.pl\\\/sklep\\\/\"},{\"@type\":\"ListItem\",\"position\":3,\"name\":\"Alkatr\u00e9szek el\u00fcls\u0151 rakod\u00f3khoz\",\"item\":\"https:\\\/\\\/exparto.pl\\\/hu\\\/termekkategoria\\\/alkatreszek-elulso-rakodokhoz\\\/\"},{\"@type\":\"ListItem\",\"position\":4,\"name\":\"Tavaszi ujjak\",\"item\":\"https:\\\/\\\/exparto.pl\\\/hu\\\/termekkategoria\\\/alkatreszek-elulso-rakodokhoz\\\/tavaszi-ujjak\\\/\"},{\"@type\":\"ListItem\",\"position\":5,\"name\":\"Fogazott t\u0171 kov\u00e1csolt fogazott t\u0171 L-880 \\\/ 880 mm-es homlokrakod\u00f3hoz\"}]},{\"@type\":\"WebSite\",\"@id\":\"https:\\\/\\\/exparto.pl\\\/hu\\\/#website\",\"url\":\"https:\\\/\\\/exparto.pl\\\/hu\\\/\",\"name\":\"EXPARTO\",\"description\":\"More than agro parts\",\"publisher\":{\"@id\":\"https:\\\/\\\/exparto.pl\\\/hu\\\/#organization\"},\"potentialAction\":[{\"@type\":\"SearchAction\",\"target\":{\"@type\":\"EntryPoint\",\"urlTemplate\":\"https:\\\/\\\/exparto.pl\\\/hu\\\/?s={search_term_string}\"},\"query-input\":{\"@type\":\"PropertyValueSpecification\",\"valueRequired\":true,\"valueName\":\"search_term_string\"}}],\"inLanguage\":\"hu\"},{\"@type\":\"Organization\",\"@id\":\"https:\\\/\\\/exparto.pl\\\/hu\\\/#organization\",\"name\":\"EXPARTO\",\"url\":\"https:\\\/\\\/exparto.pl\\\/hu\\\/\",\"logo\":{\"@type\":\"ImageObject\",\"inLanguage\":\"hu\",\"@id\":\"https:\\\/\\\/exparto.pl\\\/hu\\\/#\\\/schema\\\/logo\\\/image\\\/\",\"url\":\"https:\\\/\\\/exparto.pl\\\/wp-content\\\/uploads\\\/2023\\\/02\\\/logo-wektor.png\",\"contentUrl\":\"https:\\\/\\\/exparto.pl\\\/wp-content\\\/uploads\\\/2023\\\/02\\\/logo-wektor.png\",\"width\":1338,\"height\":143,\"caption\":\"EXPARTO\"},\"image\":{\"@id\":\"https:\\\/\\\/exparto.pl\\\/hu\\\/#\\\/schema\\\/logo\\\/image\\\/\"},\"sameAs\":[\"https:\\\/\\\/www.facebook.com\\\/exparto.agro\\\/\"]}]}<\/script>\n<!-- \/ Yoast SEO plugin. -->","yoast_head_json":{"title":"Fogazott t\u0171 kov\u00e1csolt fogazott t\u0171 L-880 \/ 880 mm-es homlokrakod\u00f3hoz - Exparto.pl","robots":{"index":"index","follow":"follow","max-snippet":"max-snippet:-1","max-image-preview":"max-image-preview:large","max-video-preview":"max-video-preview:-1"},"canonical":"https:\/\/exparto.pl\/hu\/produkt\/zab-palec-kuty-do-ladowacza-czolowego-l-880-880-mm\/","og_locale":"hu_HU","og_type":"article","og_title":"Fogazott t\u0171 kov\u00e1csolt fogazott t\u0171 L-880 \/ 880 mm-es homlokrakod\u00f3hoz - Exparto.pl","og_description":"EXPARTO kov\u00e1csolt fogak - t\u00f6k\u00e9letes v\u00e1laszt\u00e1s a TUR homlokrakod\u00f3khoz \u00e9s teleszk\u00f3pos rakod\u00f3khoz.","og_url":"https:\/\/exparto.pl\/hu\/produkt\/zab-palec-kuty-do-ladowacza-czolowego-l-880-880-mm\/","og_site_name":"Exparto.pl","article_publisher":"https:\/\/www.facebook.com\/exparto.agro\/","og_image":[{"width":1000,"height":1000,"url":"https:\/\/exparto.pl\/wp-content\/uploads\/2023\/01\/073f93f9e734abf3f64918a3f6857dc5.jpg","type":"image\/jpeg"}],"twitter_card":"summary_large_image","twitter_misc":{"Becs\u00fclt olvas\u00e1si id\u0151":"2 perc"},"schema":{"@context":"https:\/\/schema.org","@graph":[{"@type":"WebPage","@id":"https:\/\/exparto.pl\/hu\/produkt\/zab-palec-kuty-do-ladowacza-czolowego-l-880-880-mm\/","url":"https:\/\/exparto.pl\/hu\/produkt\/zab-palec-kuty-do-ladowacza-czolowego-l-880-880-mm\/","name":"Fogazott t\u0171 kov\u00e1csolt fogazott t\u0171 L-880 \/ 880 mm-es homlokrakod\u00f3hoz - Exparto.pl","isPartOf":{"@id":"https:\/\/exparto.pl\/hu\/#website"},"primaryImageOfPage":{"@id":"https:\/\/exparto.pl\/hu\/produkt\/zab-palec-kuty-do-ladowacza-czolowego-l-880-880-mm\/#primaryimage"},"image":{"@id":"https:\/\/exparto.pl\/hu\/produkt\/zab-palec-kuty-do-ladowacza-czolowego-l-880-880-mm\/#primaryimage"},"thumbnailUrl":"https:\/\/exparto.pl\/wp-content\/uploads\/2023\/01\/073f93f9e734abf3f64918a3f6857dc5.jpg","datePublished":"2023-01-31T09:04:02+00:00","breadcrumb":{"@id":"https:\/\/exparto.pl\/hu\/produkt\/zab-palec-kuty-do-ladowacza-czolowego-l-880-880-mm\/#breadcrumb"},"inLanguage":"hu","potentialAction":[{"@type":"ReadAction","target":["https:\/\/exparto.pl\/hu\/produkt\/zab-palec-kuty-do-ladowacza-czolowego-l-880-880-mm\/"]}]},{"@type":"ImageObject","inLanguage":"hu","@id":"https:\/\/exparto.pl\/hu\/produkt\/zab-palec-kuty-do-ladowacza-czolowego-l-880-880-mm\/#primaryimage","url":"https:\/\/exparto.pl\/wp-content\/uploads\/2023\/01\/073f93f9e734abf3f64918a3f6857dc5.jpg","contentUrl":"https:\/\/exparto.pl\/wp-content\/uploads\/2023\/01\/073f93f9e734abf3f64918a3f6857dc5.jpg","width":1000,"height":1000},{"@type":"BreadcrumbList","@id":"https:\/\/exparto.pl\/hu\/produkt\/zab-palec-kuty-do-ladowacza-czolowego-l-880-880-mm\/#breadcrumb","itemListElement":[{"@type":"ListItem","position":1,"name":"Honlap","item":"https:\/\/exparto.pl\/hu\/"},{"@type":"ListItem","position":2,"name":"Sklep","item":"https:\/\/exparto.pl\/sklep\/"},{"@type":"ListItem","position":3,"name":"Alkatr\u00e9szek el\u00fcls\u0151 rakod\u00f3khoz","item":"https:\/\/exparto.pl\/hu\/termekkategoria\/alkatreszek-elulso-rakodokhoz\/"},{"@type":"ListItem","position":4,"name":"Tavaszi ujjak","item":"https:\/\/exparto.pl\/hu\/termekkategoria\/alkatreszek-elulso-rakodokhoz\/tavaszi-ujjak\/"},{"@type":"ListItem","position":5,"name":"Fogazott t\u0171 kov\u00e1csolt fogazott t\u0171 L-880 \/ 880 mm-es homlokrakod\u00f3hoz"}]},{"@type":"WebSite","@id":"https:\/\/exparto.pl\/hu\/#website","url":"https:\/\/exparto.pl\/hu\/","name":"EXPARTO","description":"More than agro parts","publisher":{"@id":"https:\/\/exparto.pl\/hu\/#organization"},"potentialAction":[{"@type":"SearchAction","target":{"@type":"EntryPoint","urlTemplate":"https:\/\/exparto.pl\/hu\/?s={search_term_string}"},"query-input":{"@type":"PropertyValueSpecification","valueRequired":true,"valueName":"search_term_string"}}],"inLanguage":"hu"},{"@type":"Organization","@id":"https:\/\/exparto.pl\/hu\/#organization","name":"EXPARTO","url":"https:\/\/exparto.pl\/hu\/","logo":{"@type":"ImageObject","inLanguage":"hu","@id":"https:\/\/exparto.pl\/hu\/#\/schema\/logo\/image\/","url":"https:\/\/exparto.pl\/wp-content\/uploads\/2023\/02\/logo-wektor.png","contentUrl":"https:\/\/exparto.pl\/wp-content\/uploads\/2023\/02\/logo-wektor.png","width":1338,"height":143,"caption":"EXPARTO"},"image":{"@id":"https:\/\/exparto.pl\/hu\/#\/schema\/logo\/image\/"},"sameAs":["https:\/\/www.facebook.com\/exparto.agro\/"]}]}},"_links":{"self":[{"href":"https:\/\/exparto.pl\/hu\/wp-json\/wp\/v2\/product\/10316","targetHints":{"allow":["GET"]}}],"collection":[{"href":"https:\/\/exparto.pl\/hu\/wp-json\/wp\/v2\/product"}],"about":[{"href":"https:\/\/exparto.pl\/hu\/wp-json\/wp\/v2\/types\/product"}],"replies":[{"embeddable":true,"href":"https:\/\/exparto.pl\/hu\/wp-json\/wp\/v2\/comments?post=10316"}],"wp:featuredmedia":[{"embeddable":true,"href":"https:\/\/exparto.pl\/hu\/wp-json\/wp\/v2\/media\/4228"}],"wp:attachment":[{"href":"https:\/\/exparto.pl\/hu\/wp-json\/wp\/v2\/media?parent=10316"}],"wp:term":[{"taxonomy":"product_brand","embeddable":true,"href":"https:\/\/exparto.pl\/hu\/wp-json\/wp\/v2\/product_brand?post=10316"},{"taxonomy":"product_cat","embeddable":true,"href":"https:\/\/exparto.pl\/hu\/wp-json\/wp\/v2\/product_cat?post=10316"},{"taxonomy":"product_tag","embeddable":true,"href":"https:\/\/exparto.pl\/hu\/wp-json\/wp\/v2\/product_tag?post=10316"}],"curies":[{"name":"wp","href":"https:\/\/api.w.org\/{rel}","templated":true}]}}