{"id":10325,"date":"2023-02-27T16:23:05","date_gmt":"2023-02-27T15:23:05","guid":{"rendered":"https:\/\/exparto.pl\/produkt\/fogazott-tarcsa-560-mm-x-4-mm-6-lyuk-z-10-boracel\/"},"modified":"2023-02-27T15:23:05","modified_gmt":"2023-02-27T14:23:05","slug":"talerz-uzebiony-560-mm-x-4-mm-6-otworow-z-10-stal-borowa","status":"publish","type":"product","link":"https:\/\/exparto.pl\/hu\/produkt\/talerz-uzebiony-560-mm-x-4-mm-6-otworow-z-10-stal-borowa\/","title":{"rendered":"Fogazott t\u00e1rcsa 560 mm x 4 mm, 6 lyuk, Z-10, b\u00f3rac\u00e9l"},"content":{"rendered":"<p style=\"text-align: justify\"><strong>EXPARTO mez\u0151gazdas\u00e1gi t\u00e1rcs\u00e1k<\/strong> az aggreg\u00e1tumok \u00e9s t\u00e1rcs\u00e1s tarl\u00f3h\u00e1nt\u00e1sok egyszer\u0171s\u00edtett m\u0171vel\u00e9s\u00e9hez. A t\u00e1rcs\u00e1k kiv\u00e1laszt\u00e1sakor a g\u00e9pgy\u00e1rt\u00f3t \u00e9s a felhaszn\u00e1l\u00f3t nemcsak a g\u00e9p t\u00edpusa ir\u00e1ny\u00edtja. Figyelembe veszik a terepi munka t\u00edpus\u00e1t vagy a talaj saj\u00e1toss\u00e1gait. Az EXPARTO t\u00e1rcs\u00e1k ide\u00e1lisak a 3 m-n\u00e9l sz\u00e9lesebb aggreg\u00e1tumokhoz, a 3 m-n\u00e9l sz\u00e9lesebb t\u00e1rcs\u00e1s tarl\u00f3h\u00e1nt\u00f3khoz \u00e9s a t\u00e1rcs\u00e1s ek\u00e9khez. Ezek garant\u00e1lj\u00e1k a z\u00f6kken\u0151mentes \u00e9s hat\u00e9kony m\u0171k\u00f6d\u00e9st.<\/p>\n<p style=\"text-align: justify\">Mi k\u00fcl\u00f6nb\u00f6zteti meg az Exparto termeszt\u0151lemezeket?<\/p>\n<ul style=\"text-align: justify\">\n<li>Minim\u00e1lis kop\u00e1s, maxim\u00e1lis kem\u00e9nys\u00e9g: tudjuk, hogyan kem\u00e9ny\u00edts\u00fck korongjainkat, hogy biztos\u00edtsuk a munkafel\u00fclet optim\u00e1lis <strong>K\u0150S\u00c9G\u00c9T<\/strong> an\u00e9lk\u00fcl, hogy a k\u00f6z\u00e9ppont <strong>ELASZTIKUSS\u00e1ga <\/strong>cs\u00f6kkenne.<\/li>\n<li>A teljes lemezfel\u00fclet egyenletes vastags\u00e1ga<\/li>\n<li>Az EXPARTO t\u00e1rcs\u00e1k t\u00f6k\u00e9letesen <strong>illeszkednek<\/strong> a piacon kaphat\u00f3 h\u00edres Exparto-csap\u00e1gyakhoz \u00e9s m\u00e1s<\/li>\n<li>Nagy <strong>\u00fct\u00e9s\u00e1ll\u00f3s\u00e1g<\/strong> (pl. k\u0151reped\u00e9sekkel szemben)<\/li>\n<li>Megfelel\u0151 <b>KIV\u00c1G\u00c1S<\/b>: cs\u00f6kkentj\u00fck a gyors lemezkop\u00e1s vagy reped\u00e9s kock\u00e1zat\u00e1t, ha az anyag t\u00falkem\u00e9nyedik.<\/li>\n<li>Apr\u00f3l\u00e9kosan tesztelt, kiv\u00e1l\u00f3 min\u0151s\u00e9g\u0171 ac\u00e9lb\u00f3l k\u00e9sz\u00fclt t\u00e1rcs\u00e1k: <strong>BOROUGH<\/strong>, <strong>SPRING<\/strong> vagy <strong>COAL<\/strong>, az ig\u00e9nyekt\u0151l, a c\u00e9lt\u00f3l \u00e9s a terepi munka t\u00edpus\u00e1t\u00f3l f\u00fcgg\u0151en.<\/li>\n<li>Sokkal kevesebb agyag vagy nedves talaj tapad meg az EXPARTO t\u00e1rcs\u00e1kon, mivel azok a szigor\u00faan ellen\u0151rz\u00f6tt k\u00f6r\u00fclm\u00e9nyek k\u00f6z\u00f6tt alkalmazott speci\u00e1lis v\u00e9d\u0151bevonatnak k\u00f6sz\u00f6nhet\u0151en rendk\u00edv\u00fcl <b>LASS\u00daAK <\/b>;<\/li>\n<li><strong>K\u00f6nnyen<\/strong> telep\u00edthet\u0151 \u00e9s cser\u00e9lhet\u0151 EXPARTO lemezek<\/li>\n<li>A term\u00e9kek <strong>MIN\u0150S\u00c9GE<\/strong> \u00e9s <strong>MEGB\u00cdZHAT\u00d3S\u00c1GA<\/strong> az ISO 9001 szabv\u00e1nyoknak \u00e9s az aut\u00f3ipar \u00e1ltal elfogadott PPAP elveknek megfelel\u0151en. A gy\u00e1rt\u00e1s minden szakasz\u00e1t r\u00e9szletesen ellen\u0151rizz\u00fck, a felhaszn\u00e1lt anyag \u00f6sszet\u00e9tel\u00e9t\u0151l kezdve a kem\u00e9nys\u00e9gvizsg\u00e1latokon, a szimul\u00e1ci\u00f3n \u00e9s a terepmunk\u00e1n \u00e1t.<\/li>\n<\/ul>\n<p style=\"text-align: justify\">Az EXPARTO t\u00e1rcs\u00e1kat <strong>t\u00e1rcs\u00e1s tarl\u00f3h\u00e1nt\u00f3khoz, h\u00e9jh\u00e1nt\u00f3khoz, erd\u00e9szeti tarl\u00f3h\u00e1nt\u00f3khoz, kultiv\u00e1torokhoz, t\u00e1rcs\u00e1s ek\u00e9khez \u00e9s tarl\u00f3h\u00e1nt\u00f3khoz (grubberekhez), vet\u0151g\u00e9pekhez, vet\u0151g\u00e9pekhez, hibridg\u00e9pekhez<\/strong> aj\u00e1nljuk.<\/p>\n<p style=\"text-align: justify\"><strong>EXPART lemezek<\/strong><b>O<\/b>  kompatibilisek a k\u00f6vetkez\u0151 gy\u00e1rt\u00f3k \u00e1ltal gy\u00e1rtott g\u00e9pekkel: Awemak, Batyra, Bednar, Bomet, Bury, Czajkowski, Dexwal, Euromasz, Expom, Goliath, Horsch, Kunh, Kverneland, Lemken, Mandam, Metalfach, Pettinger, Polgrom, Rol\/ex, Rolmako, Staltech, Strumyk, Unia, Vaderstad, , PPHU ZAPA\u0141A \u00e9s egy\u00e9b SKF , Krasnik vagy C-t\u00edpus\u00fa t\u00e1rcs\u00e1kkal felszerelt g\u00e9pek.<\/p>\n","protected":false},"excerpt":{"rendered":"<p style=\"text-align: justify\">EXPARTO mez\u0151gazdas\u00e1gi t\u00e1rcs\u00e1k az aggreg\u00e1tumok \u00e9s t\u00e1rcs\u00e1s tarl\u00f3h\u00e1nt\u00e1sok egyszer\u0171s\u00edtett m\u0171vel\u00e9s\u00e9hez. Figyelembe veszik a terepi munka t\u00edpus\u00e1t vagy a talaj saj\u00e1toss\u00e1gait. Ezek garant\u00e1lj\u00e1k a z\u00f6kken\u0151mentes \u00e9s hat\u00e9kony m\u0171k\u00f6d\u00e9st.<\/p>\n","protected":false},"featured_media":53613,"comment_status":"open","ping_status":"closed","template":"","meta":{"_acf_changed":false,"inline_featured_image":false},"product_brand":[],"product_cat":[213,228],"product_tag":[],"class_list":{"0":"post-10325","1":"product","2":"type-product","3":"status-publish","4":"has-post-thumbnail","6":"product_cat-foldmuveles","7":"product_cat-termesztesi-korongok","9":"first","10":"instock","11":"taxable","12":"shipping-taxable","13":"purchasable","14":"product-type-simple"},"acf":[],"yoast_head":"<!-- This site is optimized with the Yoast SEO plugin v27.2 - https:\/\/yoast.com\/product\/yoast-seo-wordpress\/ -->\n<title>Fogazott t\u00e1rcsa 560 mm x 4 mm, 6 lyuk, Z-10, b\u00f3rac\u00e9l - Exparto.pl<\/title>\n<meta name=\"robots\" content=\"index, follow, max-snippet:-1, max-image-preview:large, max-video-preview:-1\" \/>\n<link rel=\"canonical\" href=\"https:\/\/exparto.pl\/hu\/produkt\/talerz-uzebiony-560-mm-x-4-mm-6-otworow-z-10-stal-borowa\/\" \/>\n<meta property=\"og:locale\" content=\"hu_HU\" \/>\n<meta property=\"og:type\" content=\"article\" \/>\n<meta property=\"og:title\" content=\"Fogazott t\u00e1rcsa 560 mm x 4 mm, 6 lyuk, Z-10, b\u00f3rac\u00e9l - Exparto.pl\" \/>\n<meta property=\"og:description\" content=\"EXPARTO mez\u0151gazdas\u00e1gi t\u00e1rcs\u00e1k az aggreg\u00e1tumok \u00e9s t\u00e1rcs\u00e1s tarl\u00f3h\u00e1nt\u00e1sok egyszer\u0171s\u00edtett m\u0171vel\u00e9s\u00e9hez. Figyelembe veszik a terepi munka t\u00edpus\u00e1t vagy a talaj saj\u00e1toss\u00e1gait. Ezek garant\u00e1lj\u00e1k a z\u00f6kken\u0151mentes \u00e9s hat\u00e9kony m\u0171k\u00f6d\u00e9st.\" \/>\n<meta property=\"og:url\" content=\"https:\/\/exparto.pl\/hu\/produkt\/talerz-uzebiony-560-mm-x-4-mm-6-otworow-z-10-stal-borowa\/\" \/>\n<meta property=\"og:site_name\" content=\"Exparto.pl\" \/>\n<meta property=\"article:publisher\" content=\"https:\/\/www.facebook.com\/exparto.agro\/\" \/>\n<meta property=\"og:image\" content=\"https:\/\/exparto.pl\/wp-content\/uploads\/2023\/02\/cf7f2f326349be35cae98316753f053c.jpg\" \/>\n\t<meta property=\"og:image:width\" content=\"1000\" \/>\n\t<meta property=\"og:image:height\" content=\"1000\" \/>\n\t<meta property=\"og:image:type\" content=\"image\/jpeg\" \/>\n<meta name=\"twitter:card\" content=\"summary_large_image\" \/>\n<meta name=\"twitter:label1\" content=\"Becs\u00fclt olvas\u00e1si id\u0151\" \/>\n\t<meta name=\"twitter:data1\" content=\"2 perc\" \/>\n<script type=\"application\/ld+json\" class=\"yoast-schema-graph\">{\"@context\":\"https:\/\/schema.org\",\"@graph\":[{\"@type\":\"WebPage\",\"@id\":\"https:\/\/exparto.pl\/hu\/produkt\/talerz-uzebiony-560-mm-x-4-mm-6-otworow-z-10-stal-borowa\/\",\"url\":\"https:\/\/exparto.pl\/hu\/produkt\/talerz-uzebiony-560-mm-x-4-mm-6-otworow-z-10-stal-borowa\/\",\"name\":\"Fogazott t\u00e1rcsa 560 mm x 4 mm, 6 lyuk, Z-10, b\u00f3rac\u00e9l - Exparto.pl\",\"isPartOf\":{\"@id\":\"https:\/\/exparto.pl\/hu\/#website\"},\"primaryImageOfPage\":{\"@id\":\"https:\/\/exparto.pl\/hu\/produkt\/talerz-uzebiony-560-mm-x-4-mm-6-otworow-z-10-stal-borowa\/#primaryimage\"},\"image\":{\"@id\":\"https:\/\/exparto.pl\/hu\/produkt\/talerz-uzebiony-560-mm-x-4-mm-6-otworow-z-10-stal-borowa\/#primaryimage\"},\"thumbnailUrl\":\"https:\/\/exparto.pl\/wp-content\/uploads\/2025\/07\/e4303ba4e23c53f7cbf7d8726af69e5d.jpg\",\"datePublished\":\"2023-02-27T15:23:05+00:00\",\"breadcrumb\":{\"@id\":\"https:\/\/exparto.pl\/hu\/produkt\/talerz-uzebiony-560-mm-x-4-mm-6-otworow-z-10-stal-borowa\/#breadcrumb\"},\"inLanguage\":\"hu\",\"potentialAction\":[{\"@type\":\"ReadAction\",\"target\":[\"https:\/\/exparto.pl\/hu\/produkt\/talerz-uzebiony-560-mm-x-4-mm-6-otworow-z-10-stal-borowa\/\"]}]},{\"@type\":\"ImageObject\",\"inLanguage\":\"hu\",\"@id\":\"https:\/\/exparto.pl\/hu\/produkt\/talerz-uzebiony-560-mm-x-4-mm-6-otworow-z-10-stal-borowa\/#primaryimage\",\"url\":\"https:\/\/exparto.pl\/wp-content\/uploads\/2025\/07\/e4303ba4e23c53f7cbf7d8726af69e5d.jpg\",\"contentUrl\":\"https:\/\/exparto.pl\/wp-content\/uploads\/2025\/07\/e4303ba4e23c53f7cbf7d8726af69e5d.jpg\",\"width\":1200,\"height\":1200},{\"@type\":\"BreadcrumbList\",\"@id\":\"https:\/\/exparto.pl\/hu\/produkt\/talerz-uzebiony-560-mm-x-4-mm-6-otworow-z-10-stal-borowa\/#breadcrumb\",\"itemListElement\":[{\"@type\":\"ListItem\",\"position\":1,\"name\":\"Honlap\",\"item\":\"https:\/\/exparto.pl\/hu\/\"},{\"@type\":\"ListItem\",\"position\":2,\"name\":\"Sklep\",\"item\":\"https:\/\/exparto.pl\/sklep\/\"},{\"@type\":\"ListItem\",\"position\":3,\"name\":\"F\u00f6ldm\u0171vel\u00e9s\",\"item\":\"https:\/\/exparto.pl\/hu\/termekkategoria\/foldmuveles\/\"},{\"@type\":\"ListItem\",\"position\":4,\"name\":\"Termeszt\u00e9si korongok\",\"item\":\"https:\/\/exparto.pl\/hu\/termekkategoria\/foldmuveles\/termesztesi-korongok\/\"},{\"@type\":\"ListItem\",\"position\":5,\"name\":\"560 mm-es t\u00e1rcs\u00e1k\",\"item\":\"https:\/\/exparto.pl\/hu\/termekkategoria\/foldmuveles\/termesztesi-korongok\/560-mm-es-tarcsak\/\"},{\"@type\":\"ListItem\",\"position\":6,\"name\":\"Fogazott t\u00e1rcsa 560 mm x 4 mm, 6 lyuk, Z-10, b\u00f3rac\u00e9l\"}]},{\"@type\":\"WebSite\",\"@id\":\"https:\/\/exparto.pl\/hu\/#website\",\"url\":\"https:\/\/exparto.pl\/hu\/\",\"name\":\"EXPARTO\",\"description\":\"More than agro parts\",\"publisher\":{\"@id\":\"https:\/\/exparto.pl\/hu\/#organization\"},\"potentialAction\":[{\"@type\":\"SearchAction\",\"target\":{\"@type\":\"EntryPoint\",\"urlTemplate\":\"https:\/\/exparto.pl\/hu\/?s={search_term_string}\"},\"query-input\":{\"@type\":\"PropertyValueSpecification\",\"valueRequired\":true,\"valueName\":\"search_term_string\"}}],\"inLanguage\":\"hu\"},{\"@type\":\"Organization\",\"@id\":\"https:\/\/exparto.pl\/hu\/#organization\",\"name\":\"EXPARTO\",\"url\":\"https:\/\/exparto.pl\/hu\/\",\"logo\":{\"@type\":\"ImageObject\",\"inLanguage\":\"hu\",\"@id\":\"https:\/\/exparto.pl\/hu\/#\/schema\/logo\/image\/\",\"url\":\"https:\/\/exparto.pl\/wp-content\/uploads\/2023\/02\/logo-wektor.png\",\"contentUrl\":\"https:\/\/exparto.pl\/wp-content\/uploads\/2023\/02\/logo-wektor.png\",\"width\":1338,\"height\":143,\"caption\":\"EXPARTO\"},\"image\":{\"@id\":\"https:\/\/exparto.pl\/hu\/#\/schema\/logo\/image\/\"},\"sameAs\":[\"https:\/\/www.facebook.com\/exparto.agro\/\"]}]}<\/script>\n<!-- \/ Yoast SEO plugin. -->","yoast_head_json":{"title":"Fogazott t\u00e1rcsa 560 mm x 4 mm, 6 lyuk, Z-10, b\u00f3rac\u00e9l - Exparto.pl","robots":{"index":"index","follow":"follow","max-snippet":"max-snippet:-1","max-image-preview":"max-image-preview:large","max-video-preview":"max-video-preview:-1"},"canonical":"https:\/\/exparto.pl\/hu\/produkt\/talerz-uzebiony-560-mm-x-4-mm-6-otworow-z-10-stal-borowa\/","og_locale":"hu_HU","og_type":"article","og_title":"Fogazott t\u00e1rcsa 560 mm x 4 mm, 6 lyuk, Z-10, b\u00f3rac\u00e9l - Exparto.pl","og_description":"EXPARTO mez\u0151gazdas\u00e1gi t\u00e1rcs\u00e1k az aggreg\u00e1tumok \u00e9s t\u00e1rcs\u00e1s tarl\u00f3h\u00e1nt\u00e1sok egyszer\u0171s\u00edtett m\u0171vel\u00e9s\u00e9hez. Figyelembe veszik a terepi munka t\u00edpus\u00e1t vagy a talaj saj\u00e1toss\u00e1gait. Ezek garant\u00e1lj\u00e1k a z\u00f6kken\u0151mentes \u00e9s hat\u00e9kony m\u0171k\u00f6d\u00e9st.","og_url":"https:\/\/exparto.pl\/hu\/produkt\/talerz-uzebiony-560-mm-x-4-mm-6-otworow-z-10-stal-borowa\/","og_site_name":"Exparto.pl","article_publisher":"https:\/\/www.facebook.com\/exparto.agro\/","og_image":[{"width":1000,"height":1000,"url":"https:\/\/exparto.pl\/wp-content\/uploads\/2023\/02\/cf7f2f326349be35cae98316753f053c.jpg","type":"image\/jpeg"}],"twitter_card":"summary_large_image","twitter_misc":{"Becs\u00fclt olvas\u00e1si id\u0151":"2 perc"},"schema":{"@context":"https:\/\/schema.org","@graph":[{"@type":"WebPage","@id":"https:\/\/exparto.pl\/hu\/produkt\/talerz-uzebiony-560-mm-x-4-mm-6-otworow-z-10-stal-borowa\/","url":"https:\/\/exparto.pl\/hu\/produkt\/talerz-uzebiony-560-mm-x-4-mm-6-otworow-z-10-stal-borowa\/","name":"Fogazott t\u00e1rcsa 560 mm x 4 mm, 6 lyuk, Z-10, b\u00f3rac\u00e9l - Exparto.pl","isPartOf":{"@id":"https:\/\/exparto.pl\/hu\/#website"},"primaryImageOfPage":{"@id":"https:\/\/exparto.pl\/hu\/produkt\/talerz-uzebiony-560-mm-x-4-mm-6-otworow-z-10-stal-borowa\/#primaryimage"},"image":{"@id":"https:\/\/exparto.pl\/hu\/produkt\/talerz-uzebiony-560-mm-x-4-mm-6-otworow-z-10-stal-borowa\/#primaryimage"},"thumbnailUrl":"https:\/\/exparto.pl\/wp-content\/uploads\/2025\/07\/e4303ba4e23c53f7cbf7d8726af69e5d.jpg","datePublished":"2023-02-27T15:23:05+00:00","breadcrumb":{"@id":"https:\/\/exparto.pl\/hu\/produkt\/talerz-uzebiony-560-mm-x-4-mm-6-otworow-z-10-stal-borowa\/#breadcrumb"},"inLanguage":"hu","potentialAction":[{"@type":"ReadAction","target":["https:\/\/exparto.pl\/hu\/produkt\/talerz-uzebiony-560-mm-x-4-mm-6-otworow-z-10-stal-borowa\/"]}]},{"@type":"ImageObject","inLanguage":"hu","@id":"https:\/\/exparto.pl\/hu\/produkt\/talerz-uzebiony-560-mm-x-4-mm-6-otworow-z-10-stal-borowa\/#primaryimage","url":"https:\/\/exparto.pl\/wp-content\/uploads\/2025\/07\/e4303ba4e23c53f7cbf7d8726af69e5d.jpg","contentUrl":"https:\/\/exparto.pl\/wp-content\/uploads\/2025\/07\/e4303ba4e23c53f7cbf7d8726af69e5d.jpg","width":1200,"height":1200},{"@type":"BreadcrumbList","@id":"https:\/\/exparto.pl\/hu\/produkt\/talerz-uzebiony-560-mm-x-4-mm-6-otworow-z-10-stal-borowa\/#breadcrumb","itemListElement":[{"@type":"ListItem","position":1,"name":"Honlap","item":"https:\/\/exparto.pl\/hu\/"},{"@type":"ListItem","position":2,"name":"Sklep","item":"https:\/\/exparto.pl\/sklep\/"},{"@type":"ListItem","position":3,"name":"F\u00f6ldm\u0171vel\u00e9s","item":"https:\/\/exparto.pl\/hu\/termekkategoria\/foldmuveles\/"},{"@type":"ListItem","position":4,"name":"Termeszt\u00e9si korongok","item":"https:\/\/exparto.pl\/hu\/termekkategoria\/foldmuveles\/termesztesi-korongok\/"},{"@type":"ListItem","position":5,"name":"560 mm-es t\u00e1rcs\u00e1k","item":"https:\/\/exparto.pl\/hu\/termekkategoria\/foldmuveles\/termesztesi-korongok\/560-mm-es-tarcsak\/"},{"@type":"ListItem","position":6,"name":"Fogazott t\u00e1rcsa 560 mm x 4 mm, 6 lyuk, Z-10, b\u00f3rac\u00e9l"}]},{"@type":"WebSite","@id":"https:\/\/exparto.pl\/hu\/#website","url":"https:\/\/exparto.pl\/hu\/","name":"EXPARTO","description":"More than agro parts","publisher":{"@id":"https:\/\/exparto.pl\/hu\/#organization"},"potentialAction":[{"@type":"SearchAction","target":{"@type":"EntryPoint","urlTemplate":"https:\/\/exparto.pl\/hu\/?s={search_term_string}"},"query-input":{"@type":"PropertyValueSpecification","valueRequired":true,"valueName":"search_term_string"}}],"inLanguage":"hu"},{"@type":"Organization","@id":"https:\/\/exparto.pl\/hu\/#organization","name":"EXPARTO","url":"https:\/\/exparto.pl\/hu\/","logo":{"@type":"ImageObject","inLanguage":"hu","@id":"https:\/\/exparto.pl\/hu\/#\/schema\/logo\/image\/","url":"https:\/\/exparto.pl\/wp-content\/uploads\/2023\/02\/logo-wektor.png","contentUrl":"https:\/\/exparto.pl\/wp-content\/uploads\/2023\/02\/logo-wektor.png","width":1338,"height":143,"caption":"EXPARTO"},"image":{"@id":"https:\/\/exparto.pl\/hu\/#\/schema\/logo\/image\/"},"sameAs":["https:\/\/www.facebook.com\/exparto.agro\/"]}]}},"_links":{"self":[{"href":"https:\/\/exparto.pl\/hu\/wp-json\/wp\/v2\/product\/10325","targetHints":{"allow":["GET"]}}],"collection":[{"href":"https:\/\/exparto.pl\/hu\/wp-json\/wp\/v2\/product"}],"about":[{"href":"https:\/\/exparto.pl\/hu\/wp-json\/wp\/v2\/types\/product"}],"replies":[{"embeddable":true,"href":"https:\/\/exparto.pl\/hu\/wp-json\/wp\/v2\/comments?post=10325"}],"wp:featuredmedia":[{"embeddable":true,"href":"https:\/\/exparto.pl\/hu\/wp-json\/wp\/v2\/media\/53613"}],"wp:attachment":[{"href":"https:\/\/exparto.pl\/hu\/wp-json\/wp\/v2\/media?parent=10325"}],"wp:term":[{"taxonomy":"product_brand","embeddable":true,"href":"https:\/\/exparto.pl\/hu\/wp-json\/wp\/v2\/product_brand?post=10325"},{"taxonomy":"product_cat","embeddable":true,"href":"https:\/\/exparto.pl\/hu\/wp-json\/wp\/v2\/product_cat?post=10325"},{"taxonomy":"product_tag","embeddable":true,"href":"https:\/\/exparto.pl\/hu\/wp-json\/wp\/v2\/product_tag?post=10325"}],"curies":[{"name":"wp","href":"https:\/\/api.w.org\/{rel}","templated":true}]}}