{"id":10326,"date":"2023-02-23T13:51:12","date_gmt":"2023-02-23T12:51:12","guid":{"rendered":"https:\/\/exparto.pl\/produkt\/hidraulikus-eloszto-03p40\/"},"modified":"2023-02-23T13:51:12","modified_gmt":"2023-02-23T12:51:12","slug":"eloszto-hidraulikus-03p40","status":"publish","type":"product","link":"https:\/\/exparto.pl\/hu\/produkt\/eloszto-hidraulikus-03p40\/","title":{"rendered":"Hidraulikus eloszt\u00f3 03P40"},"content":{"rendered":"<p style=\"text-align: justify\"><strong>03P40 hidraulikus eloszt\u00f3<\/strong> &#8211; monoblokk, h\u00e1rom\u00e1ll\u00e1s\u00fa karos vez\u00e9rl\u00e9ssel, 40 l\/perc \u00e1raml\u00e1si sebess\u00e9ggel. A k\u00e9sz\u00fcl\u00e9ket <strong>robusztus \u00e9s kompakt kialak\u00edt\u00e1sa<\/strong> jellemzi, amely lehet\u0151v\u00e9 teszi, hogy m\u00e1s hasonl\u00f3 egys\u00e9gekkel sorba lehessen k\u00f6tni egy nyom\u00f3h\u00fcvely seg\u00edts\u00e9g\u00e9vel. Ez egy <strong>h\u00e1romr\u00e9szes modell<\/strong>, amely egyszeres \u00e9s kett\u0151s m\u0171k\u00f6d\u00e9s\u0171 m\u0171k\u00f6dtet\u0151kh\u00f6z alkalmas. Emellett nagyfok\u00fa <strong>sokoldal\u00fas\u00e1g<\/strong> \u00e9s stabil m\u0171k\u00f6d\u00e9s jellemzi.<\/p>\n<p style=\"text-align: justify\">A 03P40 hidraulikus eloszt\u00f3 ide\u00e1lis a legk\u00fcl\u00f6nb\u00f6z\u0151bb <strong>hidraulikus rendszerekhez<\/strong> &#8211; mind az iparban \u00e9s az \u00e9p\u00edt\u0151iparban, mind a mez\u0151gazdas\u00e1gban. Ide\u00e1lis traktorokhoz, <strong>rakod\u00f3khoz<\/strong>, kotr\u00f3g\u00e9pekhez, <strong>\u00e9p\u00edt\u0151ipari \u00e9s mez\u0151gazdas\u00e1gi g\u00e9pekhez<\/strong>, HDS rakod\u00f3khoz, permetez\u0151kh\u00f6z, ciklopszokhoz, esztergag\u00e9pekhez vagy ak\u00e1r sepr\u0151g\u00e9pekhez. Hozz\u00e1 kell tenn\u00fcnk, hogy az eg\u00e9szet <strong>k\u00f6nny\u0171 \u00f6sszeszerelni<\/strong>.<\/p>\n<p><strong>A karok k\u00fcl\u00f6nb\u00f6z\u0151 poz\u00edci\u00f3kban lehetnek<\/strong>:<\/p>\n<ul>\n<li>  semleges helyzet (f\u00fcgg\u0151leges)<\/li>\n<li>  munkapoz\u00edci\u00f3 (ferd\u00e9n el\u0151re),<\/li>\n<li>  munkapoz\u00edci\u00f3 (\u00e1tl\u00f3san h\u00e1trafel\u00e9).<\/li>\n<\/ul>\n","protected":false},"excerpt":{"rendered":"<p style=\"text-align: justify\">A 03P40 hidraulikus eloszt\u00f3 ide\u00e1lis a legk\u00fcl\u00f6nb\u00f6z\u0151bb hidraulikus rendszerekhez &#8211; mind az iparban \u00e9s az \u00e9p\u00edt\u0151iparban, mind a mez\u0151gazdas\u00e1gban.<\/p>\n","protected":false},"featured_media":4432,"comment_status":"open","ping_status":"closed","template":"","meta":{"_acf_changed":false,"inline_featured_image":false},"product_brand":[],"product_cat":[218,244,257],"product_tag":[],"class_list":{"0":"post-10326","1":"product","2":"type-product","3":"status-publish","4":"has-post-thumbnail","6":"product_cat-alkatreszek-elulso-rakodokhoz","7":"product_cat-hidraulikus-elosztok","8":"product_cat-karral-mukodtetett","10":"first","11":"instock","12":"taxable","13":"shipping-taxable","14":"purchasable","15":"product-type-simple"},"acf":[],"yoast_head":"<!-- This site is optimized with the Yoast SEO plugin v27.4 - https:\/\/yoast.com\/product\/yoast-seo-wordpress\/ -->\n<title>Hidraulikus eloszt\u00f3 03P40 - Exparto.pl<\/title>\n<meta name=\"robots\" content=\"index, follow, max-snippet:-1, max-image-preview:large, max-video-preview:-1\" \/>\n<link rel=\"canonical\" href=\"https:\/\/exparto.pl\/hu\/produkt\/eloszto-hidraulikus-03p40\/\" \/>\n<meta property=\"og:locale\" content=\"hu_HU\" \/>\n<meta property=\"og:type\" content=\"article\" \/>\n<meta property=\"og:title\" content=\"Hidraulikus eloszt\u00f3 03P40 - Exparto.pl\" \/>\n<meta property=\"og:description\" content=\"A 03P40 hidraulikus eloszt\u00f3 ide\u00e1lis a legk\u00fcl\u00f6nb\u00f6z\u0151bb hidraulikus rendszerekhez - mind az iparban \u00e9s az \u00e9p\u00edt\u0151iparban, mind a mez\u0151gazdas\u00e1gban.\" \/>\n<meta property=\"og:url\" content=\"https:\/\/exparto.pl\/hu\/produkt\/eloszto-hidraulikus-03p40\/\" \/>\n<meta property=\"og:site_name\" content=\"Exparto.pl\" \/>\n<meta property=\"article:publisher\" content=\"https:\/\/www.facebook.com\/exparto.agro\/\" \/>\n<meta property=\"og:image\" content=\"https:\/\/exparto.pl\/wp-content\/uploads\/2023\/02\/b149ac891b83f9d55ad41729f21c58ce.jpg\" \/>\n\t<meta property=\"og:image:width\" content=\"1000\" \/>\n\t<meta property=\"og:image:height\" content=\"1000\" \/>\n\t<meta property=\"og:image:type\" content=\"image\/jpeg\" \/>\n<meta name=\"twitter:card\" content=\"summary_large_image\" \/>\n<meta name=\"twitter:label1\" content=\"Becs\u00fclt olvas\u00e1si id\u0151\" \/>\n\t<meta name=\"twitter:data1\" content=\"1 perc\" \/>\n<script type=\"application\/ld+json\" class=\"yoast-schema-graph\">{\"@context\":\"https:\\\/\\\/schema.org\",\"@graph\":[{\"@type\":\"WebPage\",\"@id\":\"https:\\\/\\\/exparto.pl\\\/hu\\\/produkt\\\/eloszto-hidraulikus-03p40\\\/\",\"url\":\"https:\\\/\\\/exparto.pl\\\/hu\\\/produkt\\\/eloszto-hidraulikus-03p40\\\/\",\"name\":\"Hidraulikus eloszt\u00f3 03P40 - Exparto.pl\",\"isPartOf\":{\"@id\":\"https:\\\/\\\/exparto.pl\\\/hu\\\/#website\"},\"primaryImageOfPage\":{\"@id\":\"https:\\\/\\\/exparto.pl\\\/hu\\\/produkt\\\/eloszto-hidraulikus-03p40\\\/#primaryimage\"},\"image\":{\"@id\":\"https:\\\/\\\/exparto.pl\\\/hu\\\/produkt\\\/eloszto-hidraulikus-03p40\\\/#primaryimage\"},\"thumbnailUrl\":\"https:\\\/\\\/exparto.pl\\\/wp-content\\\/uploads\\\/2023\\\/02\\\/b149ac891b83f9d55ad41729f21c58ce.jpg\",\"datePublished\":\"2023-02-23T12:51:12+00:00\",\"breadcrumb\":{\"@id\":\"https:\\\/\\\/exparto.pl\\\/hu\\\/produkt\\\/eloszto-hidraulikus-03p40\\\/#breadcrumb\"},\"inLanguage\":\"hu\",\"potentialAction\":[{\"@type\":\"ReadAction\",\"target\":[\"https:\\\/\\\/exparto.pl\\\/hu\\\/produkt\\\/eloszto-hidraulikus-03p40\\\/\"]}]},{\"@type\":\"ImageObject\",\"inLanguage\":\"hu\",\"@id\":\"https:\\\/\\\/exparto.pl\\\/hu\\\/produkt\\\/eloszto-hidraulikus-03p40\\\/#primaryimage\",\"url\":\"https:\\\/\\\/exparto.pl\\\/wp-content\\\/uploads\\\/2023\\\/02\\\/b149ac891b83f9d55ad41729f21c58ce.jpg\",\"contentUrl\":\"https:\\\/\\\/exparto.pl\\\/wp-content\\\/uploads\\\/2023\\\/02\\\/b149ac891b83f9d55ad41729f21c58ce.jpg\",\"width\":1000,\"height\":1000},{\"@type\":\"BreadcrumbList\",\"@id\":\"https:\\\/\\\/exparto.pl\\\/hu\\\/produkt\\\/eloszto-hidraulikus-03p40\\\/#breadcrumb\",\"itemListElement\":[{\"@type\":\"ListItem\",\"position\":1,\"name\":\"Honlap\",\"item\":\"https:\\\/\\\/exparto.pl\\\/hu\\\/\"},{\"@type\":\"ListItem\",\"position\":2,\"name\":\"Sklep\",\"item\":\"https:\\\/\\\/exparto.pl\\\/sklep\\\/\"},{\"@type\":\"ListItem\",\"position\":3,\"name\":\"Alkatr\u00e9szek el\u00fcls\u0151 rakod\u00f3khoz\",\"item\":\"https:\\\/\\\/exparto.pl\\\/hu\\\/termekkategoria\\\/alkatreszek-elulso-rakodokhoz\\\/\"},{\"@type\":\"ListItem\",\"position\":4,\"name\":\"Hidraulikus eloszt\u00f3 03P40\"}]},{\"@type\":\"WebSite\",\"@id\":\"https:\\\/\\\/exparto.pl\\\/hu\\\/#website\",\"url\":\"https:\\\/\\\/exparto.pl\\\/hu\\\/\",\"name\":\"EXPARTO\",\"description\":\"More than agro parts\",\"publisher\":{\"@id\":\"https:\\\/\\\/exparto.pl\\\/hu\\\/#organization\"},\"potentialAction\":[{\"@type\":\"SearchAction\",\"target\":{\"@type\":\"EntryPoint\",\"urlTemplate\":\"https:\\\/\\\/exparto.pl\\\/hu\\\/?s={search_term_string}\"},\"query-input\":{\"@type\":\"PropertyValueSpecification\",\"valueRequired\":true,\"valueName\":\"search_term_string\"}}],\"inLanguage\":\"hu\"},{\"@type\":\"Organization\",\"@id\":\"https:\\\/\\\/exparto.pl\\\/hu\\\/#organization\",\"name\":\"EXPARTO\",\"url\":\"https:\\\/\\\/exparto.pl\\\/hu\\\/\",\"logo\":{\"@type\":\"ImageObject\",\"inLanguage\":\"hu\",\"@id\":\"https:\\\/\\\/exparto.pl\\\/hu\\\/#\\\/schema\\\/logo\\\/image\\\/\",\"url\":\"https:\\\/\\\/exparto.pl\\\/wp-content\\\/uploads\\\/2023\\\/02\\\/logo-wektor.png\",\"contentUrl\":\"https:\\\/\\\/exparto.pl\\\/wp-content\\\/uploads\\\/2023\\\/02\\\/logo-wektor.png\",\"width\":1338,\"height\":143,\"caption\":\"EXPARTO\"},\"image\":{\"@id\":\"https:\\\/\\\/exparto.pl\\\/hu\\\/#\\\/schema\\\/logo\\\/image\\\/\"},\"sameAs\":[\"https:\\\/\\\/www.facebook.com\\\/exparto.agro\\\/\"]}]}<\/script>\n<!-- \/ Yoast SEO plugin. -->","yoast_head_json":{"title":"Hidraulikus eloszt\u00f3 03P40 - Exparto.pl","robots":{"index":"index","follow":"follow","max-snippet":"max-snippet:-1","max-image-preview":"max-image-preview:large","max-video-preview":"max-video-preview:-1"},"canonical":"https:\/\/exparto.pl\/hu\/produkt\/eloszto-hidraulikus-03p40\/","og_locale":"hu_HU","og_type":"article","og_title":"Hidraulikus eloszt\u00f3 03P40 - Exparto.pl","og_description":"A 03P40 hidraulikus eloszt\u00f3 ide\u00e1lis a legk\u00fcl\u00f6nb\u00f6z\u0151bb hidraulikus rendszerekhez - mind az iparban \u00e9s az \u00e9p\u00edt\u0151iparban, mind a mez\u0151gazdas\u00e1gban.","og_url":"https:\/\/exparto.pl\/hu\/produkt\/eloszto-hidraulikus-03p40\/","og_site_name":"Exparto.pl","article_publisher":"https:\/\/www.facebook.com\/exparto.agro\/","og_image":[{"width":1000,"height":1000,"url":"https:\/\/exparto.pl\/wp-content\/uploads\/2023\/02\/b149ac891b83f9d55ad41729f21c58ce.jpg","type":"image\/jpeg"}],"twitter_card":"summary_large_image","twitter_misc":{"Becs\u00fclt olvas\u00e1si id\u0151":"1 perc"},"schema":{"@context":"https:\/\/schema.org","@graph":[{"@type":"WebPage","@id":"https:\/\/exparto.pl\/hu\/produkt\/eloszto-hidraulikus-03p40\/","url":"https:\/\/exparto.pl\/hu\/produkt\/eloszto-hidraulikus-03p40\/","name":"Hidraulikus eloszt\u00f3 03P40 - Exparto.pl","isPartOf":{"@id":"https:\/\/exparto.pl\/hu\/#website"},"primaryImageOfPage":{"@id":"https:\/\/exparto.pl\/hu\/produkt\/eloszto-hidraulikus-03p40\/#primaryimage"},"image":{"@id":"https:\/\/exparto.pl\/hu\/produkt\/eloszto-hidraulikus-03p40\/#primaryimage"},"thumbnailUrl":"https:\/\/exparto.pl\/wp-content\/uploads\/2023\/02\/b149ac891b83f9d55ad41729f21c58ce.jpg","datePublished":"2023-02-23T12:51:12+00:00","breadcrumb":{"@id":"https:\/\/exparto.pl\/hu\/produkt\/eloszto-hidraulikus-03p40\/#breadcrumb"},"inLanguage":"hu","potentialAction":[{"@type":"ReadAction","target":["https:\/\/exparto.pl\/hu\/produkt\/eloszto-hidraulikus-03p40\/"]}]},{"@type":"ImageObject","inLanguage":"hu","@id":"https:\/\/exparto.pl\/hu\/produkt\/eloszto-hidraulikus-03p40\/#primaryimage","url":"https:\/\/exparto.pl\/wp-content\/uploads\/2023\/02\/b149ac891b83f9d55ad41729f21c58ce.jpg","contentUrl":"https:\/\/exparto.pl\/wp-content\/uploads\/2023\/02\/b149ac891b83f9d55ad41729f21c58ce.jpg","width":1000,"height":1000},{"@type":"BreadcrumbList","@id":"https:\/\/exparto.pl\/hu\/produkt\/eloszto-hidraulikus-03p40\/#breadcrumb","itemListElement":[{"@type":"ListItem","position":1,"name":"Honlap","item":"https:\/\/exparto.pl\/hu\/"},{"@type":"ListItem","position":2,"name":"Sklep","item":"https:\/\/exparto.pl\/sklep\/"},{"@type":"ListItem","position":3,"name":"Alkatr\u00e9szek el\u00fcls\u0151 rakod\u00f3khoz","item":"https:\/\/exparto.pl\/hu\/termekkategoria\/alkatreszek-elulso-rakodokhoz\/"},{"@type":"ListItem","position":4,"name":"Hidraulikus eloszt\u00f3 03P40"}]},{"@type":"WebSite","@id":"https:\/\/exparto.pl\/hu\/#website","url":"https:\/\/exparto.pl\/hu\/","name":"EXPARTO","description":"More than agro parts","publisher":{"@id":"https:\/\/exparto.pl\/hu\/#organization"},"potentialAction":[{"@type":"SearchAction","target":{"@type":"EntryPoint","urlTemplate":"https:\/\/exparto.pl\/hu\/?s={search_term_string}"},"query-input":{"@type":"PropertyValueSpecification","valueRequired":true,"valueName":"search_term_string"}}],"inLanguage":"hu"},{"@type":"Organization","@id":"https:\/\/exparto.pl\/hu\/#organization","name":"EXPARTO","url":"https:\/\/exparto.pl\/hu\/","logo":{"@type":"ImageObject","inLanguage":"hu","@id":"https:\/\/exparto.pl\/hu\/#\/schema\/logo\/image\/","url":"https:\/\/exparto.pl\/wp-content\/uploads\/2023\/02\/logo-wektor.png","contentUrl":"https:\/\/exparto.pl\/wp-content\/uploads\/2023\/02\/logo-wektor.png","width":1338,"height":143,"caption":"EXPARTO"},"image":{"@id":"https:\/\/exparto.pl\/hu\/#\/schema\/logo\/image\/"},"sameAs":["https:\/\/www.facebook.com\/exparto.agro\/"]}]}},"_links":{"self":[{"href":"https:\/\/exparto.pl\/hu\/wp-json\/wp\/v2\/product\/10326","targetHints":{"allow":["GET"]}}],"collection":[{"href":"https:\/\/exparto.pl\/hu\/wp-json\/wp\/v2\/product"}],"about":[{"href":"https:\/\/exparto.pl\/hu\/wp-json\/wp\/v2\/types\/product"}],"replies":[{"embeddable":true,"href":"https:\/\/exparto.pl\/hu\/wp-json\/wp\/v2\/comments?post=10326"}],"wp:featuredmedia":[{"embeddable":true,"href":"https:\/\/exparto.pl\/hu\/wp-json\/wp\/v2\/media\/4432"}],"wp:attachment":[{"href":"https:\/\/exparto.pl\/hu\/wp-json\/wp\/v2\/media?parent=10326"}],"wp:term":[{"taxonomy":"product_brand","embeddable":true,"href":"https:\/\/exparto.pl\/hu\/wp-json\/wp\/v2\/product_brand?post=10326"},{"taxonomy":"product_cat","embeddable":true,"href":"https:\/\/exparto.pl\/hu\/wp-json\/wp\/v2\/product_cat?post=10326"},{"taxonomy":"product_tag","embeddable":true,"href":"https:\/\/exparto.pl\/hu\/wp-json\/wp\/v2\/product_tag?post=10326"}],"curies":[{"name":"wp","href":"https:\/\/api.w.org\/{rel}","templated":true}]}}