{"id":10328,"date":"2023-02-21T07:54:33","date_gmt":"2023-02-21T06:54:33","guid":{"rendered":"https:\/\/exparto.pl\/produkt\/karbantartasmentes-hub-baa-0004-4-lyuku\/"},"modified":"2023-02-21T07:54:33","modified_gmt":"2023-02-21T06:54:33","slug":"hub-unmanned-hub-baa-0004-4-hole-hengeres-tarlohantas","status":"publish","type":"product","link":"https:\/\/exparto.pl\/hu\/produkt\/hub-unmanned-hub-baa-0004-4-hole-hengeres-tarlohantas\/","title":{"rendered":"Karbantart\u00e1smentes hub BAA-0004 4 lyuk\u00fa"},"content":{"rendered":"<div style=\"text-align: justify\">\n<p>A j\u00f3l megv\u00e1lasztott hubok m\u00e1s alkatr\u00e9szekkel egy\u00fctt &#8211; a tiszt\u00e1n gyakorlati el\u0151ny\u00f6k, p\u00e9ld\u00e1ul a k\u00f6nny\u0171 telep\u00edt\u00e9s vagy csere mellett &#8211; k\u00e9pesek t\u00f6bb mint 100%-kal n\u00f6velni a munka hat\u00e9konys\u00e1g\u00e1t \u00e9s ak\u00e1r 30%-kal cs\u00f6kkenteni az \u00fczemeltet\u00e9si k\u00f6lts\u00e9geket.<\/p>\n<\/div>\n<div style=\"text-align: justify\">\u00c1ltal\u00e1ban \u00e9vente k\u00e9tszer, tavasszal \u00e9s \u0151sszel a gazd\u00e1k el\u0151k\u00e9sz\u00edtik a talajt az \u00faj magok sz\u00e1m\u00e1ra. Az elm\u00falt \u00e9vekben a talaj vet\u00e9sre val\u00f3 el\u0151k\u00e9sz\u00edt\u00e9s\u00e9nek sz\u00e1ntatlan id\u0151szaka rendk\u00edv\u00fcl r\u00f6vid volt, ami olyan megold\u00e1sok keres\u00e9s\u00e9re k\u00e9sztetett, amelyek optimaliz\u00e1lj\u00e1k az id\u0151t \u00e9s az er\u0151forr\u00e1sokat, ugyanakkor k\u00f6rnyezetbar\u00e1tok.<\/div>\n<div style=\"text-align: justify\"><\/div>\n<div style=\"text-align: justify\">A karbantart\u00e1st nem ig\u00e9nyl\u0151 ker\u00e9kagyak <strong>nem ig\u00e9nyelnek rendszeres ken\u00e9st<\/strong>. \u00cdgy cs\u00f6kken a g\u00e9p m\u0171k\u00f6dtet\u00e9s\u00e9hez sz\u00fcks\u00e9ges id\u0151, m\u00e1r csak az\u00e9rt is, mert nem \u00e1ll fenn a ken\u0151bimb\u00f3k kih\u00faz\u00e1s\u00e1nak vesz\u00e9lye &#8211; a nagy m\u00e9lys\u00e9gben v\u00e9gzett munka sor\u00e1n leggyakrabban megs\u00e9r\u00fcl\u0151 kalamiterek.<\/div>\n<div style=\"text-align: justify\"><\/div>\n<div style=\"text-align: justify\">Fontos sz\u00e1munkra az alkatr\u00e9szeink hat\u00e9konys\u00e1ga, ez\u00e9rt a teljes gy\u00e1rt\u00e1si folyamatot r\u00e9szletesen ellen\u0151rizz\u00fck:<\/div>\n<div style=\"text-align: justify\"><\/div>\n<div style=\"text-align: justify\">\n<ul>\n<li>Ellen\u0151rizz\u00fck az EXPARTO-csap\u00e1gyak t\u00f6m\u00f6rs\u00e9g\u00e9t \u00e9s a csatlakoz\u00f3 alkatr\u00e9szek megfelel\u0151 illeszked\u00e9s\u00e9t.<\/li>\n<li>Az egyes alkatr\u00e9szek pontoss\u00e1ga maxim\u00e1lis \u00e9lettartamot eredm\u00e9nyez, ami egy\u00fattal biztos\u00edtja, hogy az illeszked\u0151 alkatr\u00e9szek k\u00f6z\u00f6tt nincs j\u00e1t\u00e9k.<\/li>\n<li>A csap\u00e1gyak, tengelyek, testek \u00e9s egy\u00e9b alkatr\u00e9szek goly\u00f3i gondosan kiv\u00e1lasztott ac\u00e9lb\u00f3l k\u00e9sz\u00fclnek. Az \u00f6sszet\u00e9tel megfelel\u0151 ellen\u0151rz\u00e9se garant\u00e1lja a megfelel\u0151 kem\u00e9nyed\u00e9si szintet \u00e9s az alkatr\u00e9sz k\u00e9s\u0151bbi hat\u00e9kony m\u0171k\u00f6d\u00e9s\u00e9t.<\/li>\n<li>A kem\u00e9nys\u00e9get Rockwell- \u00e9s Brinell-kem\u00e9nys\u00e9gm\u00e9r\u0151kkel vizsg\u00e1ljuk, hogy biztos\u00edtsuk, hogy a h\u0151kezelt alkatr\u00e9szek egyike sem t\u00fal l\u00e1gy, ami id\u0151 el\u0151tti kop\u00e1st okozna, vagy t\u00fal kem\u00e9ny, ami hirtelen meghib\u00e1sod\u00e1shoz vezetne.<\/li>\n<li>A megb\u00edzhat\u00f3 ellen\u0151rz\u00e9s garant\u00e1lja a term\u00e9kek 100%-os ism\u00e9telhet\u0151s\u00e9g\u00e9t.<\/li>\n<\/ul>\n<\/div>\n<div style=\"text-align: justify\"><\/div>\n<div style=\"text-align: justify\">\n<p>Az EXPARTO t\u00e1rcs\u00e1kat sikeresen haszn\u00e1lj\u00e1k t\u00e1rcs\u00e1s ek\u00e9khez, kagyl\u00f3s ek\u00e9khez, erd\u00e9szeti ek\u00e9khez, kultiv\u00e1torokhoz, t\u00e1rcs\u00e1s ek\u00e9khez \u00e9s tarl\u00f3h\u00e1nt\u00f3khoz (grubber), vet\u0151egys\u00e9gekhez, vet\u0151g\u00e9pekhez, hibrid egys\u00e9gekhez, gerebly\u00e9z\u0151 \u00e9s has\u00edt\u00f3 t\u00e1rcs\u00e1khoz.<\/p>\n<\/div>\n<div style=\"text-align: justify\">Az Exparto \u00e1ltal sz\u00e1ll\u00edtott hubok kompatibilisek a k\u00f6vetkez\u0151 gy\u00e1rt\u00f3k \u00e1ltal gy\u00e1rtott g\u00e9pekkel:<\/div>\n<div style=\"text-align: justify\">Agrisem, Agrimet, Agrolift, Agromasz, Agrotom, Akpil, Amazone, ATMP, Awemak, Batyra, Bednar, Bomet, Bury, Czajkowski, Dexwal, Euromasz, Expoam, Goliath, Horsch, Kunh, Kverneland, Lemken, Mandam, Metalfach, Pettinger, Polgrom, Rol\/ex, Rolmako, Staltech, Strumyk, Unia, Vaderstad, , PPHU ZAPA\u0141A \u00e9s egy\u00e9b SKF , Krasnik vagy C-t\u00edpus\u00fa t\u00e1rcs\u00e1kkal felszerelt g\u00e9pek.<\/div>\n","protected":false},"excerpt":{"rendered":"<div style=\"text-align: justify\">A j\u00f3l megv\u00e1lasztott hubok m\u00e1s alkatr\u00e9szekkel egy\u00fctt &#8211; a tiszt\u00e1n gyakorlati el\u0151ny\u00f6k, p\u00e9ld\u00e1ul a k\u00f6nny\u0171 telep\u00edt\u00e9s vagy csere mellett &#8211; k\u00e9pesek t\u00f6bb mint 100%-kal n\u00f6velni a munka hat\u00e9konys\u00e1g\u00e1t \u00e9s ak\u00e1r 30%-kal cs\u00f6kkenteni az \u00fczemeltet\u00e9si k\u00f6lts\u00e9geket.<\/div>\n<div style=\"text-align: justify\"><\/div>\n","protected":false},"featured_media":4348,"comment_status":"open","ping_status":"closed","template":"","meta":{"_acf_changed":false,"inline_featured_image":false},"product_brand":[],"product_cat":[238,213,229],"product_tag":[334],"class_list":{"0":"post-10328","1":"product","2":"type-product","3":"status-publish","4":"has-post-thumbnail","6":"product_cat-4-lyuku-kerekagyak","7":"product_cat-foldmuveles","8":"product_cat-hubs","9":"product_tag-exparto-hu","11":"first","12":"outofstock","13":"taxable","14":"shipping-taxable","15":"purchasable","16":"product-type-simple"},"acf":[],"yoast_head":"<!-- This site is optimized with the Yoast SEO plugin v27.4 - https:\/\/yoast.com\/product\/yoast-seo-wordpress\/ -->\n<title>Karbantart\u00e1smentes hub BAA-0004 4 lyuk\u00fa - Exparto.pl<\/title>\n<meta name=\"robots\" content=\"index, follow, max-snippet:-1, max-image-preview:large, max-video-preview:-1\" \/>\n<link rel=\"canonical\" href=\"https:\/\/exparto.pl\/hu\/produkt\/hub-unmanned-hub-baa-0004-4-hole-hengeres-tarlohantas\/\" \/>\n<meta property=\"og:locale\" content=\"hu_HU\" \/>\n<meta property=\"og:type\" content=\"article\" \/>\n<meta property=\"og:title\" content=\"Karbantart\u00e1smentes hub BAA-0004 4 lyuk\u00fa - Exparto.pl\" \/>\n<meta property=\"og:description\" content=\"A j\u00f3l megv\u00e1lasztott hubok m\u00e1s alkatr\u00e9szekkel egy\u00fctt - a tiszt\u00e1n gyakorlati el\u0151ny\u00f6k, p\u00e9ld\u00e1ul a k\u00f6nny\u0171 telep\u00edt\u00e9s vagy csere mellett - k\u00e9pesek t\u00f6bb mint 100%-kal n\u00f6velni a munka hat\u00e9konys\u00e1g\u00e1t \u00e9s ak\u00e1r 30%-kal cs\u00f6kkenteni az \u00fczemeltet\u00e9si k\u00f6lts\u00e9geket.\" \/>\n<meta property=\"og:url\" content=\"https:\/\/exparto.pl\/hu\/produkt\/hub-unmanned-hub-baa-0004-4-hole-hengeres-tarlohantas\/\" \/>\n<meta property=\"og:site_name\" content=\"Exparto.pl\" \/>\n<meta property=\"article:publisher\" content=\"https:\/\/www.facebook.com\/exparto.agro\/\" \/>\n<meta property=\"og:image\" content=\"https:\/\/exparto.pl\/wp-content\/uploads\/2023\/02\/490b1fc80afca7faaff0e785680be386.jpg\" \/>\n\t<meta property=\"og:image:width\" content=\"1000\" \/>\n\t<meta property=\"og:image:height\" content=\"1000\" \/>\n\t<meta property=\"og:image:type\" content=\"image\/jpeg\" \/>\n<meta name=\"twitter:card\" content=\"summary_large_image\" \/>\n<meta name=\"twitter:label1\" content=\"Becs\u00fclt olvas\u00e1si id\u0151\" \/>\n\t<meta name=\"twitter:data1\" content=\"3 perc\" \/>\n<script type=\"application\/ld+json\" class=\"yoast-schema-graph\">{\"@context\":\"https:\\\/\\\/schema.org\",\"@graph\":[{\"@type\":\"WebPage\",\"@id\":\"https:\\\/\\\/exparto.pl\\\/hu\\\/produkt\\\/hub-unmanned-hub-baa-0004-4-hole-hengeres-tarlohantas\\\/\",\"url\":\"https:\\\/\\\/exparto.pl\\\/hu\\\/produkt\\\/hub-unmanned-hub-baa-0004-4-hole-hengeres-tarlohantas\\\/\",\"name\":\"Karbantart\u00e1smentes hub BAA-0004 4 lyuk\u00fa - Exparto.pl\",\"isPartOf\":{\"@id\":\"https:\\\/\\\/exparto.pl\\\/hu\\\/#website\"},\"primaryImageOfPage\":{\"@id\":\"https:\\\/\\\/exparto.pl\\\/hu\\\/produkt\\\/hub-unmanned-hub-baa-0004-4-hole-hengeres-tarlohantas\\\/#primaryimage\"},\"image\":{\"@id\":\"https:\\\/\\\/exparto.pl\\\/hu\\\/produkt\\\/hub-unmanned-hub-baa-0004-4-hole-hengeres-tarlohantas\\\/#primaryimage\"},\"thumbnailUrl\":\"https:\\\/\\\/exparto.pl\\\/wp-content\\\/uploads\\\/2023\\\/02\\\/490b1fc80afca7faaff0e785680be386.jpg\",\"datePublished\":\"2023-02-21T06:54:33+00:00\",\"breadcrumb\":{\"@id\":\"https:\\\/\\\/exparto.pl\\\/hu\\\/produkt\\\/hub-unmanned-hub-baa-0004-4-hole-hengeres-tarlohantas\\\/#breadcrumb\"},\"inLanguage\":\"hu\",\"potentialAction\":[{\"@type\":\"ReadAction\",\"target\":[\"https:\\\/\\\/exparto.pl\\\/hu\\\/produkt\\\/hub-unmanned-hub-baa-0004-4-hole-hengeres-tarlohantas\\\/\"]}]},{\"@type\":\"ImageObject\",\"inLanguage\":\"hu\",\"@id\":\"https:\\\/\\\/exparto.pl\\\/hu\\\/produkt\\\/hub-unmanned-hub-baa-0004-4-hole-hengeres-tarlohantas\\\/#primaryimage\",\"url\":\"https:\\\/\\\/exparto.pl\\\/wp-content\\\/uploads\\\/2023\\\/02\\\/490b1fc80afca7faaff0e785680be386.jpg\",\"contentUrl\":\"https:\\\/\\\/exparto.pl\\\/wp-content\\\/uploads\\\/2023\\\/02\\\/490b1fc80afca7faaff0e785680be386.jpg\",\"width\":1000,\"height\":1000},{\"@type\":\"BreadcrumbList\",\"@id\":\"https:\\\/\\\/exparto.pl\\\/hu\\\/produkt\\\/hub-unmanned-hub-baa-0004-4-hole-hengeres-tarlohantas\\\/#breadcrumb\",\"itemListElement\":[{\"@type\":\"ListItem\",\"position\":1,\"name\":\"Honlap\",\"item\":\"https:\\\/\\\/exparto.pl\\\/hu\\\/\"},{\"@type\":\"ListItem\",\"position\":2,\"name\":\"Sklep\",\"item\":\"https:\\\/\\\/exparto.pl\\\/sklep\\\/\"},{\"@type\":\"ListItem\",\"position\":3,\"name\":\"F\u00f6ldm\u0171vel\u00e9s\",\"item\":\"https:\\\/\\\/exparto.pl\\\/hu\\\/termekkategoria\\\/foldmuveles\\\/\"},{\"@type\":\"ListItem\",\"position\":4,\"name\":\"Hubs\",\"item\":\"https:\\\/\\\/exparto.pl\\\/hu\\\/termekkategoria\\\/foldmuveles\\\/hubs\\\/\"},{\"@type\":\"ListItem\",\"position\":5,\"name\":\"4 lyuk\u00fa ker\u00e9kagyak\",\"item\":\"https:\\\/\\\/exparto.pl\\\/hu\\\/termekkategoria\\\/foldmuveles\\\/hubs\\\/4-lyuku-kerekagyak\\\/\"},{\"@type\":\"ListItem\",\"position\":6,\"name\":\"Karbantart\u00e1smentes hub BAA-0004 4 lyuk\u00fa\"}]},{\"@type\":\"WebSite\",\"@id\":\"https:\\\/\\\/exparto.pl\\\/hu\\\/#website\",\"url\":\"https:\\\/\\\/exparto.pl\\\/hu\\\/\",\"name\":\"EXPARTO\",\"description\":\"More than agro parts\",\"publisher\":{\"@id\":\"https:\\\/\\\/exparto.pl\\\/hu\\\/#organization\"},\"potentialAction\":[{\"@type\":\"SearchAction\",\"target\":{\"@type\":\"EntryPoint\",\"urlTemplate\":\"https:\\\/\\\/exparto.pl\\\/hu\\\/?s={search_term_string}\"},\"query-input\":{\"@type\":\"PropertyValueSpecification\",\"valueRequired\":true,\"valueName\":\"search_term_string\"}}],\"inLanguage\":\"hu\"},{\"@type\":\"Organization\",\"@id\":\"https:\\\/\\\/exparto.pl\\\/hu\\\/#organization\",\"name\":\"EXPARTO\",\"url\":\"https:\\\/\\\/exparto.pl\\\/hu\\\/\",\"logo\":{\"@type\":\"ImageObject\",\"inLanguage\":\"hu\",\"@id\":\"https:\\\/\\\/exparto.pl\\\/hu\\\/#\\\/schema\\\/logo\\\/image\\\/\",\"url\":\"https:\\\/\\\/exparto.pl\\\/wp-content\\\/uploads\\\/2023\\\/02\\\/logo-wektor.png\",\"contentUrl\":\"https:\\\/\\\/exparto.pl\\\/wp-content\\\/uploads\\\/2023\\\/02\\\/logo-wektor.png\",\"width\":1338,\"height\":143,\"caption\":\"EXPARTO\"},\"image\":{\"@id\":\"https:\\\/\\\/exparto.pl\\\/hu\\\/#\\\/schema\\\/logo\\\/image\\\/\"},\"sameAs\":[\"https:\\\/\\\/www.facebook.com\\\/exparto.agro\\\/\"]}]}<\/script>\n<!-- \/ Yoast SEO plugin. -->","yoast_head_json":{"title":"Karbantart\u00e1smentes hub BAA-0004 4 lyuk\u00fa - Exparto.pl","robots":{"index":"index","follow":"follow","max-snippet":"max-snippet:-1","max-image-preview":"max-image-preview:large","max-video-preview":"max-video-preview:-1"},"canonical":"https:\/\/exparto.pl\/hu\/produkt\/hub-unmanned-hub-baa-0004-4-hole-hengeres-tarlohantas\/","og_locale":"hu_HU","og_type":"article","og_title":"Karbantart\u00e1smentes hub BAA-0004 4 lyuk\u00fa - Exparto.pl","og_description":"A j\u00f3l megv\u00e1lasztott hubok m\u00e1s alkatr\u00e9szekkel egy\u00fctt - a tiszt\u00e1n gyakorlati el\u0151ny\u00f6k, p\u00e9ld\u00e1ul a k\u00f6nny\u0171 telep\u00edt\u00e9s vagy csere mellett - k\u00e9pesek t\u00f6bb mint 100%-kal n\u00f6velni a munka hat\u00e9konys\u00e1g\u00e1t \u00e9s ak\u00e1r 30%-kal cs\u00f6kkenteni az \u00fczemeltet\u00e9si k\u00f6lts\u00e9geket.","og_url":"https:\/\/exparto.pl\/hu\/produkt\/hub-unmanned-hub-baa-0004-4-hole-hengeres-tarlohantas\/","og_site_name":"Exparto.pl","article_publisher":"https:\/\/www.facebook.com\/exparto.agro\/","og_image":[{"width":1000,"height":1000,"url":"https:\/\/exparto.pl\/wp-content\/uploads\/2023\/02\/490b1fc80afca7faaff0e785680be386.jpg","type":"image\/jpeg"}],"twitter_card":"summary_large_image","twitter_misc":{"Becs\u00fclt olvas\u00e1si id\u0151":"3 perc"},"schema":{"@context":"https:\/\/schema.org","@graph":[{"@type":"WebPage","@id":"https:\/\/exparto.pl\/hu\/produkt\/hub-unmanned-hub-baa-0004-4-hole-hengeres-tarlohantas\/","url":"https:\/\/exparto.pl\/hu\/produkt\/hub-unmanned-hub-baa-0004-4-hole-hengeres-tarlohantas\/","name":"Karbantart\u00e1smentes hub BAA-0004 4 lyuk\u00fa - Exparto.pl","isPartOf":{"@id":"https:\/\/exparto.pl\/hu\/#website"},"primaryImageOfPage":{"@id":"https:\/\/exparto.pl\/hu\/produkt\/hub-unmanned-hub-baa-0004-4-hole-hengeres-tarlohantas\/#primaryimage"},"image":{"@id":"https:\/\/exparto.pl\/hu\/produkt\/hub-unmanned-hub-baa-0004-4-hole-hengeres-tarlohantas\/#primaryimage"},"thumbnailUrl":"https:\/\/exparto.pl\/wp-content\/uploads\/2023\/02\/490b1fc80afca7faaff0e785680be386.jpg","datePublished":"2023-02-21T06:54:33+00:00","breadcrumb":{"@id":"https:\/\/exparto.pl\/hu\/produkt\/hub-unmanned-hub-baa-0004-4-hole-hengeres-tarlohantas\/#breadcrumb"},"inLanguage":"hu","potentialAction":[{"@type":"ReadAction","target":["https:\/\/exparto.pl\/hu\/produkt\/hub-unmanned-hub-baa-0004-4-hole-hengeres-tarlohantas\/"]}]},{"@type":"ImageObject","inLanguage":"hu","@id":"https:\/\/exparto.pl\/hu\/produkt\/hub-unmanned-hub-baa-0004-4-hole-hengeres-tarlohantas\/#primaryimage","url":"https:\/\/exparto.pl\/wp-content\/uploads\/2023\/02\/490b1fc80afca7faaff0e785680be386.jpg","contentUrl":"https:\/\/exparto.pl\/wp-content\/uploads\/2023\/02\/490b1fc80afca7faaff0e785680be386.jpg","width":1000,"height":1000},{"@type":"BreadcrumbList","@id":"https:\/\/exparto.pl\/hu\/produkt\/hub-unmanned-hub-baa-0004-4-hole-hengeres-tarlohantas\/#breadcrumb","itemListElement":[{"@type":"ListItem","position":1,"name":"Honlap","item":"https:\/\/exparto.pl\/hu\/"},{"@type":"ListItem","position":2,"name":"Sklep","item":"https:\/\/exparto.pl\/sklep\/"},{"@type":"ListItem","position":3,"name":"F\u00f6ldm\u0171vel\u00e9s","item":"https:\/\/exparto.pl\/hu\/termekkategoria\/foldmuveles\/"},{"@type":"ListItem","position":4,"name":"Hubs","item":"https:\/\/exparto.pl\/hu\/termekkategoria\/foldmuveles\/hubs\/"},{"@type":"ListItem","position":5,"name":"4 lyuk\u00fa ker\u00e9kagyak","item":"https:\/\/exparto.pl\/hu\/termekkategoria\/foldmuveles\/hubs\/4-lyuku-kerekagyak\/"},{"@type":"ListItem","position":6,"name":"Karbantart\u00e1smentes hub BAA-0004 4 lyuk\u00fa"}]},{"@type":"WebSite","@id":"https:\/\/exparto.pl\/hu\/#website","url":"https:\/\/exparto.pl\/hu\/","name":"EXPARTO","description":"More than agro parts","publisher":{"@id":"https:\/\/exparto.pl\/hu\/#organization"},"potentialAction":[{"@type":"SearchAction","target":{"@type":"EntryPoint","urlTemplate":"https:\/\/exparto.pl\/hu\/?s={search_term_string}"},"query-input":{"@type":"PropertyValueSpecification","valueRequired":true,"valueName":"search_term_string"}}],"inLanguage":"hu"},{"@type":"Organization","@id":"https:\/\/exparto.pl\/hu\/#organization","name":"EXPARTO","url":"https:\/\/exparto.pl\/hu\/","logo":{"@type":"ImageObject","inLanguage":"hu","@id":"https:\/\/exparto.pl\/hu\/#\/schema\/logo\/image\/","url":"https:\/\/exparto.pl\/wp-content\/uploads\/2023\/02\/logo-wektor.png","contentUrl":"https:\/\/exparto.pl\/wp-content\/uploads\/2023\/02\/logo-wektor.png","width":1338,"height":143,"caption":"EXPARTO"},"image":{"@id":"https:\/\/exparto.pl\/hu\/#\/schema\/logo\/image\/"},"sameAs":["https:\/\/www.facebook.com\/exparto.agro\/"]}]}},"_links":{"self":[{"href":"https:\/\/exparto.pl\/hu\/wp-json\/wp\/v2\/product\/10328","targetHints":{"allow":["GET"]}}],"collection":[{"href":"https:\/\/exparto.pl\/hu\/wp-json\/wp\/v2\/product"}],"about":[{"href":"https:\/\/exparto.pl\/hu\/wp-json\/wp\/v2\/types\/product"}],"replies":[{"embeddable":true,"href":"https:\/\/exparto.pl\/hu\/wp-json\/wp\/v2\/comments?post=10328"}],"wp:featuredmedia":[{"embeddable":true,"href":"https:\/\/exparto.pl\/hu\/wp-json\/wp\/v2\/media\/4348"}],"wp:attachment":[{"href":"https:\/\/exparto.pl\/hu\/wp-json\/wp\/v2\/media?parent=10328"}],"wp:term":[{"taxonomy":"product_brand","embeddable":true,"href":"https:\/\/exparto.pl\/hu\/wp-json\/wp\/v2\/product_brand?post=10328"},{"taxonomy":"product_cat","embeddable":true,"href":"https:\/\/exparto.pl\/hu\/wp-json\/wp\/v2\/product_cat?post=10328"},{"taxonomy":"product_tag","embeddable":true,"href":"https:\/\/exparto.pl\/hu\/wp-json\/wp\/v2\/product_tag?post=10328"}],"curies":[{"name":"wp","href":"https:\/\/api.w.org\/{rel}","templated":true}]}}