{"id":10329,"date":"2023-03-02T09:54:35","date_gmt":"2023-03-02T08:54:35","guid":{"rendered":"https:\/\/exparto.pl\/produkt\/henger-teleszkopos-henger-st5-1432-12t\/"},"modified":"2023-03-02T08:54:35","modified_gmt":"2023-03-02T07:54:35","slug":"motor-cylinder-telescopic-st5-1432-12t","status":"publish","type":"product","link":"https:\/\/exparto.pl\/hu\/produkt\/motor-cylinder-telescopic-st5-1432-12t\/","title":{"rendered":"Henger teleszk\u00f3pos henger ST5-1432 12T"},"content":{"rendered":"<p style=\"text-align: justify\">A <span style=\"font-weight: 700 !important\">teleszk\u00f3pos hengerek<\/span> a <span style=\"font-weight: 700 !important\">hidraulikus hengerek<\/span> egy saj\u00e1tos t\u00edpusa. Ezek biztos\u00edtj\u00e1k a mechanizmus helyes m\u0171k\u00f6d\u00e9s\u00e9t m\u00e9g a legnehezebb \u00fczemi k\u00f6r\u00fclm\u00e9nyek k\u00f6z\u00f6tt is. K\u00e9pesek a legnehezebb terhek emel\u00e9s\u00e9re, mivel maxim\u00e1lis \u00fczemi nyom\u00e1startom\u00e1nyuk 16-32 Mpa (160-320 bar) k\u00f6z\u00f6tt van.<\/p>\n<p style=\"text-align: justify\">A teleszk\u00f3pos hengerek <span style=\"font-weight: 700 !important\">nagyobb l\u00f6kettartom\u00e1nyt<\/span> tesznek lehet\u0151v\u00e9 a henger m\u0171k\u00f6d\u00e9se sor\u00e1n, mint a hagyom\u00e1nyos hidraulikus motorok. T\u00f6bb <span style=\"font-weight: 700 !important\">be\u00e9p\u00edtett dugatty\u00faval<\/span> is rendelkeznek, amelyek egyszerre csak egyet-egyet tolnak ki &#8211; \u00edgy a kiny\u00fal\u00e1s (az \u00fagynevezett munkahossz) nagyon nagy, r\u00f6vid hosszuk ellen\u00e9re. Ezek is egyoldalasak, mivel ebben az esetben az <span style=\"font-weight: 700 !important\">olaj<\/span> az egyik oldalon <span style=\"font-weight: 700 !important\">nyom\u00e1s alatt hat<\/span>, ami az egyes m\u0171k\u00f6dtet\u0151elemek kiny\u00fal\u00e1s\u00e1t okozza. A k\u00fcl\u00f6nb\u00f6z\u0151 teleszk\u00f3pos m\u0171k\u00f6dtet\u0151 modellek t\u00f6bbek k\u00f6z\u00f6tt k\u00fcl\u00f6nb\u00f6znek egym\u00e1st\u00f3l. l\u00f6ket, valamint a hengerek sz\u00e1ma.<\/p>\n<p style=\"text-align: justify\">Ahhoz, hogy a teleszk\u00f3pos hengerek <span style=\"font-weight: 700 !important\">hossz\u00fa<\/span> id\u0151n kereszt\u00fcl kiv\u00e1l\u00f3an m\u0171k\u00f6djenek, <span style=\"font-weight: 700 !important\">kiv\u00e1l\u00f3 min\u0151s\u00e9g\u0171<\/span> anyagokb\u00f3l kell k\u00e9sz\u00fclni\u00fck &#8211; \u00edgy az eg\u00e9sz rendszer hosszabb \u00e9lettartam\u00fa lesz. Hozz\u00e1 kell tenn\u00fcnk, hogy a teleszk\u00f3pos hengereket els\u0151sorban <span style=\"font-weight: 700 !important\">mez\u0151gazdas\u00e1gi p\u00f3tkocsik gy\u00e1rt\u00e1s\u00e1n\u00e1l<\/span> haszn\u00e1lj\u00e1k. Azonban <span style=\"font-weight: 700 !important\">m\u00e1s ipar\u00e1gakban<\/span> is kiv\u00e1l\u00f3an teljes\u00edtenek, bele\u00e9rtve az \u00e9p\u00edt\u0151ipart, a b\u00e1ny\u00e1szatot, az ipari \u00e9s \u0171rhaj\u00f3z\u00e1si g\u00e9peket, s\u0151t a sz\u00e9lesebb \u00e9rtelemben vett k\u00f6zleked\u00e9si \u00e1gazatban is.<\/p>\n","protected":false},"excerpt":{"rendered":"<p style=\"text-align: justify\">A <span style=\"color: inherit\">teleszk\u00f3pos hengerek<\/span> a <span style=\"color: inherit\">hidraulikus hengerek<\/span> egy saj\u00e1tos t\u00edpusa. Ezek biztos\u00edtj\u00e1k a mechanizmus helyes m\u0171k\u00f6d\u00e9s\u00e9t m\u00e9g a legnehezebb \u00fczemi k\u00f6r\u00fclm\u00e9nyek k\u00f6z\u00f6tt is.<\/p>\n","protected":false},"featured_media":4628,"comment_status":"open","ping_status":"closed","template":"","meta":{"_acf_changed":false,"inline_featured_image":false},"product_brand":[920],"product_cat":[214,243],"product_tag":[],"class_list":{"0":"post-10329","1":"product","2":"type-product","3":"status-publish","4":"has-post-thumbnail","6":"product_brand-exparto","7":"product_cat-hidraulika","8":"product_cat-teleszkopos-hengerek","10":"first","11":"instock","12":"taxable","13":"shipping-taxable","14":"purchasable","15":"product-type-simple"},"acf":[],"yoast_head":"<!-- This site is optimized with the Yoast SEO plugin v27.2 - https:\/\/yoast.com\/product\/yoast-seo-wordpress\/ -->\n<title>Henger teleszk\u00f3pos henger ST5-1432 12T - Exparto.pl<\/title>\n<meta name=\"robots\" content=\"index, follow, max-snippet:-1, max-image-preview:large, max-video-preview:-1\" \/>\n<link rel=\"canonical\" href=\"https:\/\/exparto.pl\/hu\/produkt\/motor-cylinder-telescopic-st5-1432-12t\/\" \/>\n<meta property=\"og:locale\" content=\"hu_HU\" \/>\n<meta property=\"og:type\" content=\"article\" \/>\n<meta property=\"og:title\" content=\"Henger teleszk\u00f3pos henger ST5-1432 12T - Exparto.pl\" \/>\n<meta property=\"og:description\" content=\"A teleszk\u00f3pos hengerek a hidraulikus hengerek egy saj\u00e1tos t\u00edpusa. Ezek biztos\u00edtj\u00e1k a mechanizmus helyes m\u0171k\u00f6d\u00e9s\u00e9t m\u00e9g a legnehezebb \u00fczemi k\u00f6r\u00fclm\u00e9nyek k\u00f6z\u00f6tt is.\" \/>\n<meta property=\"og:url\" content=\"https:\/\/exparto.pl\/hu\/produkt\/motor-cylinder-telescopic-st5-1432-12t\/\" \/>\n<meta property=\"og:site_name\" content=\"Exparto.pl\" \/>\n<meta property=\"article:publisher\" content=\"https:\/\/www.facebook.com\/exparto.agro\/\" \/>\n<meta property=\"og:image\" content=\"https:\/\/exparto.pl\/wp-content\/uploads\/2023\/03\/6aa398e224236337c4fc4d4fe6b0ecc9.jpg\" \/>\n\t<meta property=\"og:image:width\" content=\"1000\" \/>\n\t<meta property=\"og:image:height\" content=\"1000\" \/>\n\t<meta property=\"og:image:type\" content=\"image\/jpeg\" \/>\n<meta name=\"twitter:card\" content=\"summary_large_image\" \/>\n<meta name=\"twitter:label1\" content=\"Becs\u00fclt olvas\u00e1si id\u0151\" \/>\n\t<meta name=\"twitter:data1\" content=\"1 perc\" \/>\n<script type=\"application\/ld+json\" class=\"yoast-schema-graph\">{\"@context\":\"https:\/\/schema.org\",\"@graph\":[{\"@type\":\"WebPage\",\"@id\":\"https:\/\/exparto.pl\/hu\/produkt\/motor-cylinder-telescopic-st5-1432-12t\/\",\"url\":\"https:\/\/exparto.pl\/hu\/produkt\/motor-cylinder-telescopic-st5-1432-12t\/\",\"name\":\"Henger teleszk\u00f3pos henger ST5-1432 12T - Exparto.pl\",\"isPartOf\":{\"@id\":\"https:\/\/exparto.pl\/hu\/#website\"},\"primaryImageOfPage\":{\"@id\":\"https:\/\/exparto.pl\/hu\/produkt\/motor-cylinder-telescopic-st5-1432-12t\/#primaryimage\"},\"image\":{\"@id\":\"https:\/\/exparto.pl\/hu\/produkt\/motor-cylinder-telescopic-st5-1432-12t\/#primaryimage\"},\"thumbnailUrl\":\"https:\/\/exparto.pl\/wp-content\/uploads\/2023\/03\/6aa398e224236337c4fc4d4fe6b0ecc9.jpg\",\"datePublished\":\"2023-03-02T08:54:35+00:00\",\"breadcrumb\":{\"@id\":\"https:\/\/exparto.pl\/hu\/produkt\/motor-cylinder-telescopic-st5-1432-12t\/#breadcrumb\"},\"inLanguage\":\"hu\",\"potentialAction\":[{\"@type\":\"ReadAction\",\"target\":[\"https:\/\/exparto.pl\/hu\/produkt\/motor-cylinder-telescopic-st5-1432-12t\/\"]}]},{\"@type\":\"ImageObject\",\"inLanguage\":\"hu\",\"@id\":\"https:\/\/exparto.pl\/hu\/produkt\/motor-cylinder-telescopic-st5-1432-12t\/#primaryimage\",\"url\":\"https:\/\/exparto.pl\/wp-content\/uploads\/2023\/03\/6aa398e224236337c4fc4d4fe6b0ecc9.jpg\",\"contentUrl\":\"https:\/\/exparto.pl\/wp-content\/uploads\/2023\/03\/6aa398e224236337c4fc4d4fe6b0ecc9.jpg\",\"width\":1000,\"height\":1000},{\"@type\":\"BreadcrumbList\",\"@id\":\"https:\/\/exparto.pl\/hu\/produkt\/motor-cylinder-telescopic-st5-1432-12t\/#breadcrumb\",\"itemListElement\":[{\"@type\":\"ListItem\",\"position\":1,\"name\":\"Honlap\",\"item\":\"https:\/\/exparto.pl\/hu\/\"},{\"@type\":\"ListItem\",\"position\":2,\"name\":\"Sklep\",\"item\":\"https:\/\/exparto.pl\/sklep\/\"},{\"@type\":\"ListItem\",\"position\":3,\"name\":\"Hidraulika\",\"item\":\"https:\/\/exparto.pl\/hu\/termekkategoria\/hidraulika\/\"},{\"@type\":\"ListItem\",\"position\":4,\"name\":\"Teleszk\u00f3pos hengerek\",\"item\":\"https:\/\/exparto.pl\/hu\/termekkategoria\/hidraulika\/teleszkopos-hengerek\/\"},{\"@type\":\"ListItem\",\"position\":5,\"name\":\"Henger teleszk\u00f3pos henger ST5-1432 12T\"}]},{\"@type\":\"WebSite\",\"@id\":\"https:\/\/exparto.pl\/hu\/#website\",\"url\":\"https:\/\/exparto.pl\/hu\/\",\"name\":\"EXPARTO\",\"description\":\"More than agro parts\",\"publisher\":{\"@id\":\"https:\/\/exparto.pl\/hu\/#organization\"},\"potentialAction\":[{\"@type\":\"SearchAction\",\"target\":{\"@type\":\"EntryPoint\",\"urlTemplate\":\"https:\/\/exparto.pl\/hu\/?s={search_term_string}\"},\"query-input\":{\"@type\":\"PropertyValueSpecification\",\"valueRequired\":true,\"valueName\":\"search_term_string\"}}],\"inLanguage\":\"hu\"},{\"@type\":\"Organization\",\"@id\":\"https:\/\/exparto.pl\/hu\/#organization\",\"name\":\"EXPARTO\",\"url\":\"https:\/\/exparto.pl\/hu\/\",\"logo\":{\"@type\":\"ImageObject\",\"inLanguage\":\"hu\",\"@id\":\"https:\/\/exparto.pl\/hu\/#\/schema\/logo\/image\/\",\"url\":\"https:\/\/exparto.pl\/wp-content\/uploads\/2023\/02\/logo-wektor.png\",\"contentUrl\":\"https:\/\/exparto.pl\/wp-content\/uploads\/2023\/02\/logo-wektor.png\",\"width\":1338,\"height\":143,\"caption\":\"EXPARTO\"},\"image\":{\"@id\":\"https:\/\/exparto.pl\/hu\/#\/schema\/logo\/image\/\"},\"sameAs\":[\"https:\/\/www.facebook.com\/exparto.agro\/\"]}]}<\/script>\n<!-- \/ Yoast SEO plugin. -->","yoast_head_json":{"title":"Henger teleszk\u00f3pos henger ST5-1432 12T - Exparto.pl","robots":{"index":"index","follow":"follow","max-snippet":"max-snippet:-1","max-image-preview":"max-image-preview:large","max-video-preview":"max-video-preview:-1"},"canonical":"https:\/\/exparto.pl\/hu\/produkt\/motor-cylinder-telescopic-st5-1432-12t\/","og_locale":"hu_HU","og_type":"article","og_title":"Henger teleszk\u00f3pos henger ST5-1432 12T - Exparto.pl","og_description":"A teleszk\u00f3pos hengerek a hidraulikus hengerek egy saj\u00e1tos t\u00edpusa. Ezek biztos\u00edtj\u00e1k a mechanizmus helyes m\u0171k\u00f6d\u00e9s\u00e9t m\u00e9g a legnehezebb \u00fczemi k\u00f6r\u00fclm\u00e9nyek k\u00f6z\u00f6tt is.","og_url":"https:\/\/exparto.pl\/hu\/produkt\/motor-cylinder-telescopic-st5-1432-12t\/","og_site_name":"Exparto.pl","article_publisher":"https:\/\/www.facebook.com\/exparto.agro\/","og_image":[{"width":1000,"height":1000,"url":"https:\/\/exparto.pl\/wp-content\/uploads\/2023\/03\/6aa398e224236337c4fc4d4fe6b0ecc9.jpg","type":"image\/jpeg"}],"twitter_card":"summary_large_image","twitter_misc":{"Becs\u00fclt olvas\u00e1si id\u0151":"1 perc"},"schema":{"@context":"https:\/\/schema.org","@graph":[{"@type":"WebPage","@id":"https:\/\/exparto.pl\/hu\/produkt\/motor-cylinder-telescopic-st5-1432-12t\/","url":"https:\/\/exparto.pl\/hu\/produkt\/motor-cylinder-telescopic-st5-1432-12t\/","name":"Henger teleszk\u00f3pos henger ST5-1432 12T - Exparto.pl","isPartOf":{"@id":"https:\/\/exparto.pl\/hu\/#website"},"primaryImageOfPage":{"@id":"https:\/\/exparto.pl\/hu\/produkt\/motor-cylinder-telescopic-st5-1432-12t\/#primaryimage"},"image":{"@id":"https:\/\/exparto.pl\/hu\/produkt\/motor-cylinder-telescopic-st5-1432-12t\/#primaryimage"},"thumbnailUrl":"https:\/\/exparto.pl\/wp-content\/uploads\/2023\/03\/6aa398e224236337c4fc4d4fe6b0ecc9.jpg","datePublished":"2023-03-02T08:54:35+00:00","breadcrumb":{"@id":"https:\/\/exparto.pl\/hu\/produkt\/motor-cylinder-telescopic-st5-1432-12t\/#breadcrumb"},"inLanguage":"hu","potentialAction":[{"@type":"ReadAction","target":["https:\/\/exparto.pl\/hu\/produkt\/motor-cylinder-telescopic-st5-1432-12t\/"]}]},{"@type":"ImageObject","inLanguage":"hu","@id":"https:\/\/exparto.pl\/hu\/produkt\/motor-cylinder-telescopic-st5-1432-12t\/#primaryimage","url":"https:\/\/exparto.pl\/wp-content\/uploads\/2023\/03\/6aa398e224236337c4fc4d4fe6b0ecc9.jpg","contentUrl":"https:\/\/exparto.pl\/wp-content\/uploads\/2023\/03\/6aa398e224236337c4fc4d4fe6b0ecc9.jpg","width":1000,"height":1000},{"@type":"BreadcrumbList","@id":"https:\/\/exparto.pl\/hu\/produkt\/motor-cylinder-telescopic-st5-1432-12t\/#breadcrumb","itemListElement":[{"@type":"ListItem","position":1,"name":"Honlap","item":"https:\/\/exparto.pl\/hu\/"},{"@type":"ListItem","position":2,"name":"Sklep","item":"https:\/\/exparto.pl\/sklep\/"},{"@type":"ListItem","position":3,"name":"Hidraulika","item":"https:\/\/exparto.pl\/hu\/termekkategoria\/hidraulika\/"},{"@type":"ListItem","position":4,"name":"Teleszk\u00f3pos hengerek","item":"https:\/\/exparto.pl\/hu\/termekkategoria\/hidraulika\/teleszkopos-hengerek\/"},{"@type":"ListItem","position":5,"name":"Henger teleszk\u00f3pos henger ST5-1432 12T"}]},{"@type":"WebSite","@id":"https:\/\/exparto.pl\/hu\/#website","url":"https:\/\/exparto.pl\/hu\/","name":"EXPARTO","description":"More than agro parts","publisher":{"@id":"https:\/\/exparto.pl\/hu\/#organization"},"potentialAction":[{"@type":"SearchAction","target":{"@type":"EntryPoint","urlTemplate":"https:\/\/exparto.pl\/hu\/?s={search_term_string}"},"query-input":{"@type":"PropertyValueSpecification","valueRequired":true,"valueName":"search_term_string"}}],"inLanguage":"hu"},{"@type":"Organization","@id":"https:\/\/exparto.pl\/hu\/#organization","name":"EXPARTO","url":"https:\/\/exparto.pl\/hu\/","logo":{"@type":"ImageObject","inLanguage":"hu","@id":"https:\/\/exparto.pl\/hu\/#\/schema\/logo\/image\/","url":"https:\/\/exparto.pl\/wp-content\/uploads\/2023\/02\/logo-wektor.png","contentUrl":"https:\/\/exparto.pl\/wp-content\/uploads\/2023\/02\/logo-wektor.png","width":1338,"height":143,"caption":"EXPARTO"},"image":{"@id":"https:\/\/exparto.pl\/hu\/#\/schema\/logo\/image\/"},"sameAs":["https:\/\/www.facebook.com\/exparto.agro\/"]}]}},"_links":{"self":[{"href":"https:\/\/exparto.pl\/hu\/wp-json\/wp\/v2\/product\/10329","targetHints":{"allow":["GET"]}}],"collection":[{"href":"https:\/\/exparto.pl\/hu\/wp-json\/wp\/v2\/product"}],"about":[{"href":"https:\/\/exparto.pl\/hu\/wp-json\/wp\/v2\/types\/product"}],"replies":[{"embeddable":true,"href":"https:\/\/exparto.pl\/hu\/wp-json\/wp\/v2\/comments?post=10329"}],"wp:featuredmedia":[{"embeddable":true,"href":"https:\/\/exparto.pl\/hu\/wp-json\/wp\/v2\/media\/4628"}],"wp:attachment":[{"href":"https:\/\/exparto.pl\/hu\/wp-json\/wp\/v2\/media?parent=10329"}],"wp:term":[{"taxonomy":"product_brand","embeddable":true,"href":"https:\/\/exparto.pl\/hu\/wp-json\/wp\/v2\/product_brand?post=10329"},{"taxonomy":"product_cat","embeddable":true,"href":"https:\/\/exparto.pl\/hu\/wp-json\/wp\/v2\/product_cat?post=10329"},{"taxonomy":"product_tag","embeddable":true,"href":"https:\/\/exparto.pl\/hu\/wp-json\/wp\/v2\/product_tag?post=10329"}],"curies":[{"name":"wp","href":"https:\/\/api.w.org\/{rel}","templated":true}]}}