{"id":10346,"date":"2023-03-01T19:37:41","date_gmt":"2023-03-01T18:37:41","guid":{"rendered":"https:\/\/exparto.pl\/produkt\/elektromos-szelep-50l-danger-6-2-12v\/"},"modified":"2023-03-01T19:37:41","modified_gmt":"2023-03-01T18:37:41","slug":"elektrozawor-50l-dzielnik-6-2-12v","status":"publish","type":"product","link":"https:\/\/exparto.pl\/hu\/produkt\/elektrozawor-50l-dzielnik-6-2-12v\/","title":{"rendered":"Elektromos szelep 50L DANGER 6\/2 12V"},"content":{"rendered":"<section class=\"section\">\n<div class=\"item item-12\" style=\"text-align: justify\">\n<section class=\"text-item\"><strong>A m\u00e1gnesszelep egy elektrom\u00e1gneses,<\/strong> cs\u00fasz\u00f3m\u0171ves ir\u00e1nyv\u00e1lt\u00f3 oszt\u00f3. Oszt\u00f3szerkezetk\u00e9nt szolg\u00e1l, hogy kieg\u00e9sz\u00edt\u0151 funkci\u00f3t biztos\u00edtson az \u00e9p\u00edt\u0151ipari g\u00e9pekhez, homlokrakod\u00f3khoz &#8211; lehet\u0151v\u00e9 teszi a homlokrakod\u00f3 tartoz\u00e9kainak vez\u00e9rl\u00e9s\u00e9t, mint p\u00e9ld\u00e1ul: b\u00e1lakapar\u00f3, krokodil, Mez\u0151gazdas\u00e1gi g\u00e9pekhez csatlakoztatva az oszt\u00f3szerkezet m\u00e1sodik szakasz\u00e1t osztja a harmadik szakasz kialak\u00edt\u00e1s\u00e1hoz. 20 MPa-n\u00e1l nagyobb nyom\u00e1sra felk\u00e9sz\u00edtett berendez\u00e9sek, ha k\u00f6zvetlen\u00fcl a tart\u00e1lyhoz csatlakoznak. Ha az \u00fczemi nyom\u00e1s 200bar-n\u00e1l kisebb lesz, csavarja fel a mell\u00e9kelt k\u00e9szletben tal\u00e1lhat\u00f3 1\/4\u2033-os ac\u00e9ldug\u00f3t. A m\u00e1gnesszelep csak akkor biztos\u00edt teljes t\u00f6m\u00edt\u00e9st, ha megfelel\u0151en kiv\u00e1lasztott, kiv\u00e1l\u00f3 min\u0151s\u00e9g\u0171 alkatr\u00e9szekkel dolgozik.<\/section>\n<section class=\"text-item\">\u00c9p\u00edt\u0151ipari g\u00e9pek, homlokrakod\u00f3k, erd\u00e9szeti j\u00e1rm\u0171vek, targonc\u00e1k, anyagmozgat\u00f3 targonc\u00e1k, permetez\u0151g\u00e9pek, ciklopszok, HDS <strong>berendez\u00e9sek <\/strong><\/p>\n<p style=\"text-align: justify\">A gy\u00e1rt\u00e1s sor\u00e1n a k\u00f6vetkez\u0151ket ellen\u0151rzik:<\/p>\n<ol style=\"text-align: justify\">\n<li>Az alkatr\u00e9szek, p\u00e9ld\u00e1ul a test \u00e9s a cs\u00faszk\u00e1k <strong>geometriai<\/strong> <strong>m\u00e9r\u00e9sei<\/strong> a teljes t\u00f6m\u00edtetts\u00e9g (t\u00f6m\u00edt\u00e9s illeszked\u00e9se) \u00e9s a bels\u0151 alkatr\u00e9szek megtapad\u00e1s\u00e1nak elker\u00fcl\u00e9se \u00e9rdek\u00e9ben. A m\u00e9r\u00e9sekhez mikrom\u00e9tert \u00e9s tapint\u00e1sm\u00e9r\u0151t, valamint a statisztikai ellen\u0151rz\u00e9shez koordin\u00e1ta m\u00e9r\u0151g\u00e9pet haszn\u00e1lnak.<\/li>\n<li>A m\u00e1gnesszelepek <strong>t\u00f6m\u00edtetts\u00e9ge<\/strong>, az \u00e1raml\u00e1s \u00e9s az elektromos rendszer ellen\u00e1ll\u00e1sa a n\u00e9vlegesn\u00e9l j\u00f3val magasabb \u00e9rt\u00e9ken m\u00e9rve.<\/li>\n<\/ol>\n<p style=\"text-align: justify\"><strong>A cs\u00fasz\u00f3 elektromos eloszt\u00f3k (m\u00e1gnesszelepek) \u00e9lettartam\u00e1nak meghosszabb\u00edt\u00e1sa \u00e9rdek\u00e9ben javasoljuk, hogy az olajat legal\u00e1bb 25 \u00b5m-es sz\u0171r\u00e9ssel sz\u0171rje, \u00e9s HL 32 vagy HL 46 \u00e1sv\u00e1nyi olajat haszn\u00e1ljon.  <\/strong>Az ISO 4406-1996 szabv\u00e1ny szerint aj\u00e1nlott hidraulikaolaj tisztas\u00e1ga 20\/18\/15<\/p>\n<p style=\"text-align: justify\"><strong>Az Exparto m\u00e1gnesszelepek kompatibilisek a k\u00f6vetkez\u0151 gy\u00e1rt\u00f3k \u00e1ltal gy\u00e1rtott homlokrakod\u00f3kkal, teleszk\u00f3pos rakod\u00f3kkal \u00e9s targonc\u00e1kkal:<\/strong><\/p>\n<p style=\"text-align: justify\">Agromasz, Hydramet, Inter tech, Linde, Metal-Fach, Metaltechnik, MX, New Holland, Quick, Stoll, Toyota, Zetor, Stoll, Toyota, Zetor<\/p>\n<\/section>\n<\/div>\n<\/section>\n","protected":false},"excerpt":{"rendered":"<p style=\"text-align: justify\">A m\u00e1gnesszelep egy elektrom\u00e1gneses, cs\u00fasz\u00f3m\u0171ves ir\u00e1nyv\u00e1lt\u00f3 oszt\u00f3. Az eloszt\u00f3kkal val\u00f3 egy\u00fcttm\u0171k\u00f6d\u00e9sre haszn\u00e1lj\u00e1k eloszt\u00f3k\u00e9nt, hogy tov\u00e1bbi funkci\u00f3t biztos\u00edtsanak az \u00e9p\u00edt\u0151ipari g\u00e9pek sz\u00e1m\u00e1ra.<\/p>\n","protected":false},"featured_media":4560,"comment_status":"open","ping_status":"closed","template":"","meta":{"_acf_changed":false,"inline_featured_image":false},"product_brand":[],"product_cat":[214,245],"product_tag":[],"class_list":{"0":"post-10346","1":"product","2":"type-product","3":"status-publish","4":"has-post-thumbnail","6":"product_cat-hidraulika","7":"product_cat-magnesszelepek","9":"first","10":"instock","11":"taxable","12":"shipping-taxable","13":"purchasable","14":"product-type-simple"},"acf":[],"yoast_head":"<!-- This site is optimized with the Yoast SEO plugin v27.4 - https:\/\/yoast.com\/product\/yoast-seo-wordpress\/ -->\n<title>Elektromos szelep 50L DANGER 6\/2 12V - Exparto.pl<\/title>\n<meta name=\"robots\" content=\"index, follow, max-snippet:-1, max-image-preview:large, max-video-preview:-1\" \/>\n<link rel=\"canonical\" href=\"https:\/\/exparto.pl\/hu\/produkt\/elektrozawor-50l-dzielnik-6-2-12v\/\" \/>\n<meta property=\"og:locale\" content=\"hu_HU\" \/>\n<meta property=\"og:type\" content=\"article\" \/>\n<meta property=\"og:title\" content=\"Elektromos szelep 50L DANGER 6\/2 12V - Exparto.pl\" \/>\n<meta property=\"og:description\" content=\"A m\u00e1gnesszelep egy elektrom\u00e1gneses, cs\u00fasz\u00f3m\u0171ves ir\u00e1nyv\u00e1lt\u00f3 oszt\u00f3. Az eloszt\u00f3kkal val\u00f3 egy\u00fcttm\u0171k\u00f6d\u00e9sre haszn\u00e1lj\u00e1k eloszt\u00f3k\u00e9nt, hogy tov\u00e1bbi funkci\u00f3t biztos\u00edtsanak az \u00e9p\u00edt\u0151ipari g\u00e9pek sz\u00e1m\u00e1ra.\" \/>\n<meta property=\"og:url\" content=\"https:\/\/exparto.pl\/hu\/produkt\/elektrozawor-50l-dzielnik-6-2-12v\/\" \/>\n<meta property=\"og:site_name\" content=\"Exparto.pl\" \/>\n<meta property=\"article:publisher\" content=\"https:\/\/www.facebook.com\/exparto.agro\/\" \/>\n<meta property=\"og:image\" content=\"https:\/\/exparto.pl\/wp-content\/uploads\/2023\/03\/148bbf089c7d17538c470119aa77832a.jpg\" \/>\n\t<meta property=\"og:image:width\" content=\"1000\" \/>\n\t<meta property=\"og:image:height\" content=\"1000\" \/>\n\t<meta property=\"og:image:type\" content=\"image\/jpeg\" \/>\n<meta name=\"twitter:card\" content=\"summary_large_image\" \/>\n<meta name=\"twitter:label1\" content=\"Becs\u00fclt olvas\u00e1si id\u0151\" \/>\n\t<meta name=\"twitter:data1\" content=\"2 perc\" \/>\n<script type=\"application\/ld+json\" class=\"yoast-schema-graph\">{\"@context\":\"https:\\\/\\\/schema.org\",\"@graph\":[{\"@type\":\"WebPage\",\"@id\":\"https:\\\/\\\/exparto.pl\\\/hu\\\/produkt\\\/elektrozawor-50l-dzielnik-6-2-12v\\\/\",\"url\":\"https:\\\/\\\/exparto.pl\\\/hu\\\/produkt\\\/elektrozawor-50l-dzielnik-6-2-12v\\\/\",\"name\":\"Elektromos szelep 50L DANGER 6\\\/2 12V - Exparto.pl\",\"isPartOf\":{\"@id\":\"https:\\\/\\\/exparto.pl\\\/hu\\\/#website\"},\"primaryImageOfPage\":{\"@id\":\"https:\\\/\\\/exparto.pl\\\/hu\\\/produkt\\\/elektrozawor-50l-dzielnik-6-2-12v\\\/#primaryimage\"},\"image\":{\"@id\":\"https:\\\/\\\/exparto.pl\\\/hu\\\/produkt\\\/elektrozawor-50l-dzielnik-6-2-12v\\\/#primaryimage\"},\"thumbnailUrl\":\"https:\\\/\\\/exparto.pl\\\/wp-content\\\/uploads\\\/2023\\\/03\\\/148bbf089c7d17538c470119aa77832a.jpg\",\"datePublished\":\"2023-03-01T18:37:41+00:00\",\"breadcrumb\":{\"@id\":\"https:\\\/\\\/exparto.pl\\\/hu\\\/produkt\\\/elektrozawor-50l-dzielnik-6-2-12v\\\/#breadcrumb\"},\"inLanguage\":\"hu\",\"potentialAction\":[{\"@type\":\"ReadAction\",\"target\":[\"https:\\\/\\\/exparto.pl\\\/hu\\\/produkt\\\/elektrozawor-50l-dzielnik-6-2-12v\\\/\"]}]},{\"@type\":\"ImageObject\",\"inLanguage\":\"hu\",\"@id\":\"https:\\\/\\\/exparto.pl\\\/hu\\\/produkt\\\/elektrozawor-50l-dzielnik-6-2-12v\\\/#primaryimage\",\"url\":\"https:\\\/\\\/exparto.pl\\\/wp-content\\\/uploads\\\/2023\\\/03\\\/148bbf089c7d17538c470119aa77832a.jpg\",\"contentUrl\":\"https:\\\/\\\/exparto.pl\\\/wp-content\\\/uploads\\\/2023\\\/03\\\/148bbf089c7d17538c470119aa77832a.jpg\",\"width\":1000,\"height\":1000},{\"@type\":\"BreadcrumbList\",\"@id\":\"https:\\\/\\\/exparto.pl\\\/hu\\\/produkt\\\/elektrozawor-50l-dzielnik-6-2-12v\\\/#breadcrumb\",\"itemListElement\":[{\"@type\":\"ListItem\",\"position\":1,\"name\":\"Honlap\",\"item\":\"https:\\\/\\\/exparto.pl\\\/hu\\\/\"},{\"@type\":\"ListItem\",\"position\":2,\"name\":\"Sklep\",\"item\":\"https:\\\/\\\/exparto.pl\\\/sklep\\\/\"},{\"@type\":\"ListItem\",\"position\":3,\"name\":\"Hidraulika\",\"item\":\"https:\\\/\\\/exparto.pl\\\/hu\\\/termekkategoria\\\/hidraulika\\\/\"},{\"@type\":\"ListItem\",\"position\":4,\"name\":\"M\u00e1gnesszelepek\",\"item\":\"https:\\\/\\\/exparto.pl\\\/hu\\\/termekkategoria\\\/hidraulika\\\/magnesszelepek\\\/\"},{\"@type\":\"ListItem\",\"position\":5,\"name\":\"Elektromos szelep 50L DANGER 6\\\/2 12V\"}]},{\"@type\":\"WebSite\",\"@id\":\"https:\\\/\\\/exparto.pl\\\/hu\\\/#website\",\"url\":\"https:\\\/\\\/exparto.pl\\\/hu\\\/\",\"name\":\"EXPARTO\",\"description\":\"More than agro parts\",\"publisher\":{\"@id\":\"https:\\\/\\\/exparto.pl\\\/hu\\\/#organization\"},\"potentialAction\":[{\"@type\":\"SearchAction\",\"target\":{\"@type\":\"EntryPoint\",\"urlTemplate\":\"https:\\\/\\\/exparto.pl\\\/hu\\\/?s={search_term_string}\"},\"query-input\":{\"@type\":\"PropertyValueSpecification\",\"valueRequired\":true,\"valueName\":\"search_term_string\"}}],\"inLanguage\":\"hu\"},{\"@type\":\"Organization\",\"@id\":\"https:\\\/\\\/exparto.pl\\\/hu\\\/#organization\",\"name\":\"EXPARTO\",\"url\":\"https:\\\/\\\/exparto.pl\\\/hu\\\/\",\"logo\":{\"@type\":\"ImageObject\",\"inLanguage\":\"hu\",\"@id\":\"https:\\\/\\\/exparto.pl\\\/hu\\\/#\\\/schema\\\/logo\\\/image\\\/\",\"url\":\"https:\\\/\\\/exparto.pl\\\/wp-content\\\/uploads\\\/2023\\\/02\\\/logo-wektor.png\",\"contentUrl\":\"https:\\\/\\\/exparto.pl\\\/wp-content\\\/uploads\\\/2023\\\/02\\\/logo-wektor.png\",\"width\":1338,\"height\":143,\"caption\":\"EXPARTO\"},\"image\":{\"@id\":\"https:\\\/\\\/exparto.pl\\\/hu\\\/#\\\/schema\\\/logo\\\/image\\\/\"},\"sameAs\":[\"https:\\\/\\\/www.facebook.com\\\/exparto.agro\\\/\"]}]}<\/script>\n<!-- \/ Yoast SEO plugin. -->","yoast_head_json":{"title":"Elektromos szelep 50L DANGER 6\/2 12V - Exparto.pl","robots":{"index":"index","follow":"follow","max-snippet":"max-snippet:-1","max-image-preview":"max-image-preview:large","max-video-preview":"max-video-preview:-1"},"canonical":"https:\/\/exparto.pl\/hu\/produkt\/elektrozawor-50l-dzielnik-6-2-12v\/","og_locale":"hu_HU","og_type":"article","og_title":"Elektromos szelep 50L DANGER 6\/2 12V - Exparto.pl","og_description":"A m\u00e1gnesszelep egy elektrom\u00e1gneses, cs\u00fasz\u00f3m\u0171ves ir\u00e1nyv\u00e1lt\u00f3 oszt\u00f3. Az eloszt\u00f3kkal val\u00f3 egy\u00fcttm\u0171k\u00f6d\u00e9sre haszn\u00e1lj\u00e1k eloszt\u00f3k\u00e9nt, hogy tov\u00e1bbi funkci\u00f3t biztos\u00edtsanak az \u00e9p\u00edt\u0151ipari g\u00e9pek sz\u00e1m\u00e1ra.","og_url":"https:\/\/exparto.pl\/hu\/produkt\/elektrozawor-50l-dzielnik-6-2-12v\/","og_site_name":"Exparto.pl","article_publisher":"https:\/\/www.facebook.com\/exparto.agro\/","og_image":[{"width":1000,"height":1000,"url":"https:\/\/exparto.pl\/wp-content\/uploads\/2023\/03\/148bbf089c7d17538c470119aa77832a.jpg","type":"image\/jpeg"}],"twitter_card":"summary_large_image","twitter_misc":{"Becs\u00fclt olvas\u00e1si id\u0151":"2 perc"},"schema":{"@context":"https:\/\/schema.org","@graph":[{"@type":"WebPage","@id":"https:\/\/exparto.pl\/hu\/produkt\/elektrozawor-50l-dzielnik-6-2-12v\/","url":"https:\/\/exparto.pl\/hu\/produkt\/elektrozawor-50l-dzielnik-6-2-12v\/","name":"Elektromos szelep 50L DANGER 6\/2 12V - Exparto.pl","isPartOf":{"@id":"https:\/\/exparto.pl\/hu\/#website"},"primaryImageOfPage":{"@id":"https:\/\/exparto.pl\/hu\/produkt\/elektrozawor-50l-dzielnik-6-2-12v\/#primaryimage"},"image":{"@id":"https:\/\/exparto.pl\/hu\/produkt\/elektrozawor-50l-dzielnik-6-2-12v\/#primaryimage"},"thumbnailUrl":"https:\/\/exparto.pl\/wp-content\/uploads\/2023\/03\/148bbf089c7d17538c470119aa77832a.jpg","datePublished":"2023-03-01T18:37:41+00:00","breadcrumb":{"@id":"https:\/\/exparto.pl\/hu\/produkt\/elektrozawor-50l-dzielnik-6-2-12v\/#breadcrumb"},"inLanguage":"hu","potentialAction":[{"@type":"ReadAction","target":["https:\/\/exparto.pl\/hu\/produkt\/elektrozawor-50l-dzielnik-6-2-12v\/"]}]},{"@type":"ImageObject","inLanguage":"hu","@id":"https:\/\/exparto.pl\/hu\/produkt\/elektrozawor-50l-dzielnik-6-2-12v\/#primaryimage","url":"https:\/\/exparto.pl\/wp-content\/uploads\/2023\/03\/148bbf089c7d17538c470119aa77832a.jpg","contentUrl":"https:\/\/exparto.pl\/wp-content\/uploads\/2023\/03\/148bbf089c7d17538c470119aa77832a.jpg","width":1000,"height":1000},{"@type":"BreadcrumbList","@id":"https:\/\/exparto.pl\/hu\/produkt\/elektrozawor-50l-dzielnik-6-2-12v\/#breadcrumb","itemListElement":[{"@type":"ListItem","position":1,"name":"Honlap","item":"https:\/\/exparto.pl\/hu\/"},{"@type":"ListItem","position":2,"name":"Sklep","item":"https:\/\/exparto.pl\/sklep\/"},{"@type":"ListItem","position":3,"name":"Hidraulika","item":"https:\/\/exparto.pl\/hu\/termekkategoria\/hidraulika\/"},{"@type":"ListItem","position":4,"name":"M\u00e1gnesszelepek","item":"https:\/\/exparto.pl\/hu\/termekkategoria\/hidraulika\/magnesszelepek\/"},{"@type":"ListItem","position":5,"name":"Elektromos szelep 50L DANGER 6\/2 12V"}]},{"@type":"WebSite","@id":"https:\/\/exparto.pl\/hu\/#website","url":"https:\/\/exparto.pl\/hu\/","name":"EXPARTO","description":"More than agro parts","publisher":{"@id":"https:\/\/exparto.pl\/hu\/#organization"},"potentialAction":[{"@type":"SearchAction","target":{"@type":"EntryPoint","urlTemplate":"https:\/\/exparto.pl\/hu\/?s={search_term_string}"},"query-input":{"@type":"PropertyValueSpecification","valueRequired":true,"valueName":"search_term_string"}}],"inLanguage":"hu"},{"@type":"Organization","@id":"https:\/\/exparto.pl\/hu\/#organization","name":"EXPARTO","url":"https:\/\/exparto.pl\/hu\/","logo":{"@type":"ImageObject","inLanguage":"hu","@id":"https:\/\/exparto.pl\/hu\/#\/schema\/logo\/image\/","url":"https:\/\/exparto.pl\/wp-content\/uploads\/2023\/02\/logo-wektor.png","contentUrl":"https:\/\/exparto.pl\/wp-content\/uploads\/2023\/02\/logo-wektor.png","width":1338,"height":143,"caption":"EXPARTO"},"image":{"@id":"https:\/\/exparto.pl\/hu\/#\/schema\/logo\/image\/"},"sameAs":["https:\/\/www.facebook.com\/exparto.agro\/"]}]}},"_links":{"self":[{"href":"https:\/\/exparto.pl\/hu\/wp-json\/wp\/v2\/product\/10346","targetHints":{"allow":["GET"]}}],"collection":[{"href":"https:\/\/exparto.pl\/hu\/wp-json\/wp\/v2\/product"}],"about":[{"href":"https:\/\/exparto.pl\/hu\/wp-json\/wp\/v2\/types\/product"}],"replies":[{"embeddable":true,"href":"https:\/\/exparto.pl\/hu\/wp-json\/wp\/v2\/comments?post=10346"}],"wp:featuredmedia":[{"embeddable":true,"href":"https:\/\/exparto.pl\/hu\/wp-json\/wp\/v2\/media\/4560"}],"wp:attachment":[{"href":"https:\/\/exparto.pl\/hu\/wp-json\/wp\/v2\/media?parent=10346"}],"wp:term":[{"taxonomy":"product_brand","embeddable":true,"href":"https:\/\/exparto.pl\/hu\/wp-json\/wp\/v2\/product_brand?post=10346"},{"taxonomy":"product_cat","embeddable":true,"href":"https:\/\/exparto.pl\/hu\/wp-json\/wp\/v2\/product_cat?post=10346"},{"taxonomy":"product_tag","embeddable":true,"href":"https:\/\/exparto.pl\/hu\/wp-json\/wp\/v2\/product_tag?post=10346"}],"curies":[{"name":"wp","href":"https:\/\/api.w.org\/{rel}","templated":true}]}}