{"id":12800,"date":"2023-07-07T09:39:16","date_gmt":"2023-07-07T07:39:16","guid":{"rendered":"https:\/\/exparto.pl\/produkt\/spinacie-rameno-sipma-z-224-press\/"},"modified":"2023-07-07T09:39:16","modified_gmt":"2023-07-07T07:39:16","slug":"spinacie-rameno-sipma-z-224-press","status":"publish","type":"product","link":"https:\/\/exparto.pl\/hu\/produkt\/spinacie-rameno-sipma-z-224-press\/","title":{"rendered":"Sp\u00ednacie rameno SIPMA Z-224 press"},"content":{"rendered":"<p style=\"text-align: justify\"><span style=\"color: inherit;font-weight: bold\">Prep\u00ednac\u00ed r\u00e1m pre SIPMA Z-224\/1, SIPMA Z-224\/2<\/span><\/p>\n<p class=\"MsoNormal\" style=\"text-align: justify\">Katal\u00f3gov\u00e9 \u010d\u00edsla:<\/p>\n<p class=\"MsoNormal\" style=\"text-align: justify\"><span style=\"font-weight: bold\">\u2705S5223085200<\/span><\/p>\n<p class=\"MsoNormal\" style=\"text-align: justify\"><span style=\"font-weight: bold\">\u2705202308052000<\/span><\/p>\n<p class=\"MsoNormal\" style=\"text-align: justify\">Lis Simpa je \u0161iroko pou\u017e\u00edvan\u00fd po\u013enohospod\u00e1rsky stroj. <span style=\"color: inherit;font-weight: 700 !important\">Dobre sa hod\u00ed na zber slamy<\/span>. Pou\u017e\u00edva sa aj na zber sena. Funguje predov\u0161etk\u00fdm na z\u00e1klade viazacieho zariadenia pre lis &#8211; tlmi\u010da. Ozna\u010duje sa aj ako spojovac\u00ed pr\u00edstroj. V\u0161etky jej term\u00edny \u00fazko s\u00favisia s jej pr\u00e1cou. Viazacie zariadenie lisu je zodpovedn\u00e9 za prepletenie \u0161n\u00fary. Po\u010das nieko\u013ek\u00fdch sek\u00fand automaticky <span style=\"color: inherit;font-weight: 700 !important\">zvia\u017ee pevn\u00fd uzol a odre\u017ee prebyto\u010dn\u00fa \u0161n\u00faru<\/span>. Jednotliv\u00e9 s\u00fa\u010dasti lisu, ktor\u00fd je najd\u00f4le\u017eitej\u0161ou \u010das\u0165ou lisu, musia ve\u013emi presne spolupracova\u0165.<\/p>\n<p class=\"MsoNormal\" style=\"text-align: justify\">Vysokokvalitn\u00e9 viazacie zariadenie pre kockovac\u00ed lis zabezpe\u010d\u00ed spo\u013eahliv\u00fa prev\u00e1dzku. Internetov\u00fd obchod s n\u00e1hradn\u00fdmi dielmi pre po\u013enohospod\u00e1rske stroje Exparto m\u00e1 v ponuke aj n\u00e1hradn\u00e9 diely pre supplanter. K dispoz\u00edcii s\u00fa. nadstavba, p\u00e1ka no\u017ea, ihla Simpa.<\/p>\n","protected":false},"excerpt":{"rendered":"<p style=\"text-align: justify\">Sp\u00ednacie rameno je n\u00e1hradn\u00fd diel pre lis SIPMA Z-224. Vysokokvalitn\u00e9 viazacie zariadenie pre kockovac\u00ed lis zabezpe\u010d\u00ed spo\u013eahliv\u00fa prev\u00e1dzku. Internetov\u00fd obchod s n\u00e1hradn\u00fdmi dielmi pre po\u013enohospod\u00e1rske stroje Exparto m\u00e1 v ponuke aj n\u00e1hradn\u00e9 diely pre supplanter. K dispoz\u00edcii s\u00fa. nadstavba, p\u00e1ka no\u017ea, ihla Sipma.<\/p>\n","protected":false},"featured_media":0,"comment_status":"open","ping_status":"closed","template":"","meta":{"_acf_changed":false,"inline_featured_image":false},"product_brand":[],"product_cat":[15],"product_tag":[],"class_list":{"0":"post-12800","1":"product","2":"type-product","3":"status-publish","5":"product_cat-bez-kategorii","7":"first","8":"instock","9":"taxable","10":"shipping-taxable","11":"product-type-simple"},"acf":[],"yoast_head":"<!-- This site is optimized with the Yoast SEO plugin v27.4 - https:\/\/yoast.com\/product\/yoast-seo-wordpress\/ -->\n<title>Sp\u00ednacie rameno SIPMA Z-224 press - Exparto.pl<\/title>\n<meta name=\"robots\" content=\"index, follow, max-snippet:-1, max-image-preview:large, max-video-preview:-1\" \/>\n<link rel=\"canonical\" href=\"https:\/\/exparto.pl\/hu\/produkt\/spinacie-rameno-sipma-z-224-press\/\" \/>\n<meta property=\"og:locale\" content=\"hu_HU\" \/>\n<meta property=\"og:type\" content=\"article\" \/>\n<meta property=\"og:title\" content=\"Sp\u00ednacie rameno SIPMA Z-224 press - Exparto.pl\" \/>\n<meta property=\"og:description\" content=\"Sp\u00ednacie rameno je n\u00e1hradn\u00fd diel pre lis SIPMA Z-224. Vysokokvalitn\u00e9 viazacie zariadenie pre kockovac\u00ed lis zabezpe\u010d\u00ed spo\u013eahliv\u00fa prev\u00e1dzku. Internetov\u00fd obchod s n\u00e1hradn\u00fdmi dielmi pre po\u013enohospod\u00e1rske stroje Exparto m\u00e1 v ponuke aj n\u00e1hradn\u00e9 diely pre supplanter. K dispoz\u00edcii s\u00fa. nadstavba, p\u00e1ka no\u017ea, ihla Sipma.\" \/>\n<meta property=\"og:url\" content=\"https:\/\/exparto.pl\/hu\/produkt\/spinacie-rameno-sipma-z-224-press\/\" \/>\n<meta property=\"og:site_name\" content=\"Exparto.pl\" \/>\n<meta property=\"article:publisher\" content=\"https:\/\/www.facebook.com\/exparto.agro\/\" \/>\n<meta name=\"twitter:card\" content=\"summary_large_image\" \/>\n<meta name=\"twitter:label1\" content=\"Becs\u00fclt olvas\u00e1si id\u0151\" \/>\n\t<meta name=\"twitter:data1\" content=\"1 perc\" \/>\n<script type=\"application\/ld+json\" class=\"yoast-schema-graph\">{\"@context\":\"https:\\\/\\\/schema.org\",\"@graph\":[{\"@type\":\"WebPage\",\"@id\":\"https:\\\/\\\/exparto.pl\\\/hu\\\/produkt\\\/spinacie-rameno-sipma-z-224-press\\\/\",\"url\":\"https:\\\/\\\/exparto.pl\\\/hu\\\/produkt\\\/spinacie-rameno-sipma-z-224-press\\\/\",\"name\":\"Sp\u00ednacie rameno SIPMA Z-224 press - Exparto.pl\",\"isPartOf\":{\"@id\":\"https:\\\/\\\/exparto.pl\\\/hu\\\/#website\"},\"datePublished\":\"2023-07-07T07:39:16+00:00\",\"breadcrumb\":{\"@id\":\"https:\\\/\\\/exparto.pl\\\/hu\\\/produkt\\\/spinacie-rameno-sipma-z-224-press\\\/#breadcrumb\"},\"inLanguage\":\"hu\",\"potentialAction\":[{\"@type\":\"ReadAction\",\"target\":[\"https:\\\/\\\/exparto.pl\\\/hu\\\/produkt\\\/spinacie-rameno-sipma-z-224-press\\\/\"]}]},{\"@type\":\"BreadcrumbList\",\"@id\":\"https:\\\/\\\/exparto.pl\\\/hu\\\/produkt\\\/spinacie-rameno-sipma-z-224-press\\\/#breadcrumb\",\"itemListElement\":[{\"@type\":\"ListItem\",\"position\":1,\"name\":\"Honlap\",\"item\":\"https:\\\/\\\/exparto.pl\\\/hu\\\/\"},{\"@type\":\"ListItem\",\"position\":2,\"name\":\"Sklep\",\"item\":\"https:\\\/\\\/exparto.pl\\\/sklep\\\/\"},{\"@type\":\"ListItem\",\"position\":3,\"name\":\"Nincs kategoriz\u00e1lva\",\"item\":\"https:\\\/\\\/exparto.pl\\\/hu\\\/termekkategoria\\\/nincs-kategorizalva\\\/\"},{\"@type\":\"ListItem\",\"position\":4,\"name\":\"Sp\u00ednacie rameno SIPMA Z-224 press\"}]},{\"@type\":\"WebSite\",\"@id\":\"https:\\\/\\\/exparto.pl\\\/hu\\\/#website\",\"url\":\"https:\\\/\\\/exparto.pl\\\/hu\\\/\",\"name\":\"EXPARTO\",\"description\":\"More than agro parts\",\"publisher\":{\"@id\":\"https:\\\/\\\/exparto.pl\\\/hu\\\/#organization\"},\"potentialAction\":[{\"@type\":\"SearchAction\",\"target\":{\"@type\":\"EntryPoint\",\"urlTemplate\":\"https:\\\/\\\/exparto.pl\\\/hu\\\/?s={search_term_string}\"},\"query-input\":{\"@type\":\"PropertyValueSpecification\",\"valueRequired\":true,\"valueName\":\"search_term_string\"}}],\"inLanguage\":\"hu\"},{\"@type\":\"Organization\",\"@id\":\"https:\\\/\\\/exparto.pl\\\/hu\\\/#organization\",\"name\":\"EXPARTO\",\"url\":\"https:\\\/\\\/exparto.pl\\\/hu\\\/\",\"logo\":{\"@type\":\"ImageObject\",\"inLanguage\":\"hu\",\"@id\":\"https:\\\/\\\/exparto.pl\\\/hu\\\/#\\\/schema\\\/logo\\\/image\\\/\",\"url\":\"https:\\\/\\\/exparto.pl\\\/wp-content\\\/uploads\\\/2023\\\/02\\\/logo-wektor.png\",\"contentUrl\":\"https:\\\/\\\/exparto.pl\\\/wp-content\\\/uploads\\\/2023\\\/02\\\/logo-wektor.png\",\"width\":1338,\"height\":143,\"caption\":\"EXPARTO\"},\"image\":{\"@id\":\"https:\\\/\\\/exparto.pl\\\/hu\\\/#\\\/schema\\\/logo\\\/image\\\/\"},\"sameAs\":[\"https:\\\/\\\/www.facebook.com\\\/exparto.agro\\\/\"]}]}<\/script>\n<!-- \/ Yoast SEO plugin. -->","yoast_head_json":{"title":"Sp\u00ednacie rameno SIPMA Z-224 press - Exparto.pl","robots":{"index":"index","follow":"follow","max-snippet":"max-snippet:-1","max-image-preview":"max-image-preview:large","max-video-preview":"max-video-preview:-1"},"canonical":"https:\/\/exparto.pl\/hu\/produkt\/spinacie-rameno-sipma-z-224-press\/","og_locale":"hu_HU","og_type":"article","og_title":"Sp\u00ednacie rameno SIPMA Z-224 press - Exparto.pl","og_description":"Sp\u00ednacie rameno je n\u00e1hradn\u00fd diel pre lis SIPMA Z-224. Vysokokvalitn\u00e9 viazacie zariadenie pre kockovac\u00ed lis zabezpe\u010d\u00ed spo\u013eahliv\u00fa prev\u00e1dzku. Internetov\u00fd obchod s n\u00e1hradn\u00fdmi dielmi pre po\u013enohospod\u00e1rske stroje Exparto m\u00e1 v ponuke aj n\u00e1hradn\u00e9 diely pre supplanter. K dispoz\u00edcii s\u00fa. nadstavba, p\u00e1ka no\u017ea, ihla Sipma.","og_url":"https:\/\/exparto.pl\/hu\/produkt\/spinacie-rameno-sipma-z-224-press\/","og_site_name":"Exparto.pl","article_publisher":"https:\/\/www.facebook.com\/exparto.agro\/","twitter_card":"summary_large_image","twitter_misc":{"Becs\u00fclt olvas\u00e1si id\u0151":"1 perc"},"schema":{"@context":"https:\/\/schema.org","@graph":[{"@type":"WebPage","@id":"https:\/\/exparto.pl\/hu\/produkt\/spinacie-rameno-sipma-z-224-press\/","url":"https:\/\/exparto.pl\/hu\/produkt\/spinacie-rameno-sipma-z-224-press\/","name":"Sp\u00ednacie rameno SIPMA Z-224 press - Exparto.pl","isPartOf":{"@id":"https:\/\/exparto.pl\/hu\/#website"},"datePublished":"2023-07-07T07:39:16+00:00","breadcrumb":{"@id":"https:\/\/exparto.pl\/hu\/produkt\/spinacie-rameno-sipma-z-224-press\/#breadcrumb"},"inLanguage":"hu","potentialAction":[{"@type":"ReadAction","target":["https:\/\/exparto.pl\/hu\/produkt\/spinacie-rameno-sipma-z-224-press\/"]}]},{"@type":"BreadcrumbList","@id":"https:\/\/exparto.pl\/hu\/produkt\/spinacie-rameno-sipma-z-224-press\/#breadcrumb","itemListElement":[{"@type":"ListItem","position":1,"name":"Honlap","item":"https:\/\/exparto.pl\/hu\/"},{"@type":"ListItem","position":2,"name":"Sklep","item":"https:\/\/exparto.pl\/sklep\/"},{"@type":"ListItem","position":3,"name":"Nincs kategoriz\u00e1lva","item":"https:\/\/exparto.pl\/hu\/termekkategoria\/nincs-kategorizalva\/"},{"@type":"ListItem","position":4,"name":"Sp\u00ednacie rameno SIPMA Z-224 press"}]},{"@type":"WebSite","@id":"https:\/\/exparto.pl\/hu\/#website","url":"https:\/\/exparto.pl\/hu\/","name":"EXPARTO","description":"More than agro parts","publisher":{"@id":"https:\/\/exparto.pl\/hu\/#organization"},"potentialAction":[{"@type":"SearchAction","target":{"@type":"EntryPoint","urlTemplate":"https:\/\/exparto.pl\/hu\/?s={search_term_string}"},"query-input":{"@type":"PropertyValueSpecification","valueRequired":true,"valueName":"search_term_string"}}],"inLanguage":"hu"},{"@type":"Organization","@id":"https:\/\/exparto.pl\/hu\/#organization","name":"EXPARTO","url":"https:\/\/exparto.pl\/hu\/","logo":{"@type":"ImageObject","inLanguage":"hu","@id":"https:\/\/exparto.pl\/hu\/#\/schema\/logo\/image\/","url":"https:\/\/exparto.pl\/wp-content\/uploads\/2023\/02\/logo-wektor.png","contentUrl":"https:\/\/exparto.pl\/wp-content\/uploads\/2023\/02\/logo-wektor.png","width":1338,"height":143,"caption":"EXPARTO"},"image":{"@id":"https:\/\/exparto.pl\/hu\/#\/schema\/logo\/image\/"},"sameAs":["https:\/\/www.facebook.com\/exparto.agro\/"]}]}},"_links":{"self":[{"href":"https:\/\/exparto.pl\/hu\/wp-json\/wp\/v2\/product\/12800","targetHints":{"allow":["GET"]}}],"collection":[{"href":"https:\/\/exparto.pl\/hu\/wp-json\/wp\/v2\/product"}],"about":[{"href":"https:\/\/exparto.pl\/hu\/wp-json\/wp\/v2\/types\/product"}],"replies":[{"embeddable":true,"href":"https:\/\/exparto.pl\/hu\/wp-json\/wp\/v2\/comments?post=12800"}],"wp:attachment":[{"href":"https:\/\/exparto.pl\/hu\/wp-json\/wp\/v2\/media?parent=12800"}],"wp:term":[{"taxonomy":"product_brand","embeddable":true,"href":"https:\/\/exparto.pl\/hu\/wp-json\/wp\/v2\/product_brand?post=12800"},{"taxonomy":"product_cat","embeddable":true,"href":"https:\/\/exparto.pl\/hu\/wp-json\/wp\/v2\/product_cat?post=12800"},{"taxonomy":"product_tag","embeddable":true,"href":"https:\/\/exparto.pl\/hu\/wp-json\/wp\/v2\/product_tag?post=12800"}],"curies":[{"name":"wp","href":"https:\/\/api.w.org\/{rel}","templated":true}]}}