{"id":14362,"date":"2023-11-15T09:04:09","date_gmt":"2023-11-15T08:04:09","guid":{"rendered":"https:\/\/exparto.pl\/produkt\/przegub-kompletny-walka-wom-krzyzak-395x48-cytryna-mc-32x76\/"},"modified":"2026-04-03T08:28:05","modified_gmt":"2026-04-03T06:28:05","slug":"przegub-kompletny-walka-wom-krzyzak-395x48-cytryna-mc-32x76","status":"publish","type":"product","link":"https:\/\/exparto.pl\/hu\/produkt\/przegub-kompletny-walka-wom-krzyzak-395x48-cytryna-mc-32x76\/","title":{"rendered":"Przegub kompletny wa\u0142ka WOM krzy\u017cak 39,5&#215;49 &#8211; cytryna MC 32&#215;76"},"content":{"rendered":"<p><span style=\"font-family: Barlow, sans-serif;font-size: 16px\">Szukasz wysokiej jako\u015bci cz\u0119\u015bci mechanicznych do uk\u0142adu przenoszenia mocy nap\u0119du z ci\u0105gnika na maszyn\u0119 rolnicz\u0105? Poznaj nasz kompletny przegub wa\u0142ka WOM cytryna DC 32\u00d776.&nbsp;<\/span><b style=\"font-family: Barlow, sans-serif;font-size: 16px\">Produkt ten powstaje w Polsce ze starannie dobranych komponent\u00f3w<\/b><span style=\"font-family: Barlow, sans-serif;font-size: 16px\">. Przeznaczony jest do stosowania na rurze zewn\u0119trznej (wale) traktora. Zapraszamy do wyboru przegubu WOM oraz do jego zakupu w naszym sklepie.&nbsp;<\/span><span style=\"font-family: Barlow, sans-serif;font-size: 16px\"><\/span><\/p>\n<h2 style=\"line-height: 1.4;font-size: 1.25rem;font-family: Barlow, sans-serif\"><span style=\"font-weight: 400\">Przegub kompletny wa\u0142ka WOM cytryna DC 32\u00d776 &#8211; przegub wa\u0142ka przeka\u017anika mocy krzy\u017cakowy 48\u00d757,50<\/span><\/h2>\n<p><span style=\"font-family: Barlow, sans-serif;font-size: 16px\">Odpowiedni dob\u00f3r przegubu wa\u0142ka przeka\u017anika mocy ma znaczenie.&nbsp;<\/span><b style=\"font-family: Barlow, sans-serif;font-size: 16px\">Od tego elementu zale\u017cy m.in. efektywno\u015b\u0107 pracy maszyny rolniczej zasilanej moc\u0105 nap\u0119du ci\u0105gnika<\/b><span style=\"font-family: Barlow, sans-serif;font-size: 16px\">. Wszystko powinno by\u0107 idealnie dopasowane, a sam przegub musi odznacza\u0107 si\u0119 solidnym wykonaniem i wysok\u0105 odporno\u015bci\u0105 na intensywn\u0105 eksploatacj\u0119. Taki w\u0142a\u015bnie jest przegub krzy\u017cakowy WOM od EXPARTO. Produkt ten przygotowany jest z my\u015bl\u0105 o pracy w sektorze rolnictwa, gdzie nara\u017cony b\u0119dzie na du\u017ce obci\u0105\u017cenia.&nbsp;<\/span><span style=\"font-family: Barlow, sans-serif;font-size: 16px\">&nbsp;<\/span><\/p>\n<div><span style=\"font-family: Barlow, sans-serif;font-size: 16px\">Ka\u017cda cz\u0119\u015b\u0107 w naszej ofercie podlega szczeg\u00f3\u0142owej kontroli jako\u015bci. Wszystko po to, aby zapewni\u0107 Ci rozwi\u0105zania spe\u0142niaj\u0105ce rynkowe standardy.&nbsp;<\/span><b style=\"font-family: Barlow, sans-serif;font-size: 16px\">Oferowany model przegubu kompletnego WOM pozwoli Ci na pod\u0142\u0105czenie do ci\u0105gnika r\u00f3\u017cnych maszyn rolniczych<\/b><span style=\"font-family: Barlow, sans-serif;font-size: 16px\">. Cz\u0119\u015b\u0107 posiada profil zewn\u0119trzny 6 frez\u00f3w 1 i 3\/8 cala oraz profil przy\u0142\u0105cza typu cytryna 48\u00d757,50. Waga przegubu to niewiele ponad 3 kilogramy.&nbsp;<\/span><\/p>\n<div><span style=\"font-family: Barlow, sans-serif;font-size: 16px\"><\/span><\/p>\n<p style=\"font-family: Barlow, sans-serif;font-size: 16px;text-align: justify\">Od lat budujemy pozycj\u0119 zaufanego partnera dla sektora rolniczego w Polsce. Nasze produkty odznaczaj\u0105 si\u0119 ponadprzeci\u0119tn\u0105 wytrzyma\u0142o\u015bci\u0105.<b>&nbsp;Je\u017celi zale\u017cy Ci na spokoju i bezpiecze\u0144stwie pracy, to skorzystaj z naszej oferty<\/b>. W przypadku w\u0105tpliwo\u015bci pomo\u017cemy Ci w doborze w\u0142a\u015bciwego przegubu oraz poprowadzimy Ci\u0119 przez proces zakupowy.<\/p>\n<\/div>\n<\/div>\n","protected":false},"excerpt":{"rendered":"<p style=\"text-align: justify\">Przegub kompletny cytryna wewn\u0119trzna MC 32&#215;76<\/p>\n","protected":false},"featured_media":14337,"comment_status":"open","ping_status":"closed","template":"","meta":{"_acf_changed":false,"inline_featured_image":false},"product_brand":[],"product_cat":[419,882,722,363],"product_tag":[],"class_list":{"0":"post-14362","1":"product","2":"type-product","3":"status-publish","4":"has-post-thumbnail","6":"product_cat-piese-de-arbore","7":"product_cat-przeguby-cytryna","8":"product_cat-przeguby-kompletne","9":"product_cat-arbori-pto-telescopici","11":"first","12":"instock","13":"taxable","14":"shipping-taxable","15":"purchasable","16":"product-type-simple"},"acf":[],"yoast_head":"<!-- This site is optimized with the Yoast SEO plugin v27.2 - https:\/\/yoast.com\/product\/yoast-seo-wordpress\/ -->\n<title>Przegub kompletny wa\u0142ka WOM krzy\u017cak 39,5x49 - cytryna MC 32x76 - Exparto.pl<\/title>\n<meta name=\"robots\" content=\"index, follow, max-snippet:-1, max-image-preview:large, max-video-preview:-1\" \/>\n<link rel=\"canonical\" href=\"https:\/\/exparto.pl\/hu\/produkt\/przegub-kompletny-walka-wom-krzyzak-395x48-cytryna-mc-32x76\/\" \/>\n<meta property=\"og:locale\" content=\"hu_HU\" \/>\n<meta property=\"og:type\" content=\"article\" \/>\n<meta property=\"og:title\" content=\"Przegub kompletny wa\u0142ka WOM krzy\u017cak 39,5x49 - cytryna MC 32x76 - Exparto.pl\" \/>\n<meta property=\"og:description\" content=\"Przegub kompletny cytryna wewn\u0119trzna MC 32x76\" \/>\n<meta property=\"og:url\" content=\"https:\/\/exparto.pl\/hu\/produkt\/przegub-kompletny-walka-wom-krzyzak-395x48-cytryna-mc-32x76\/\" \/>\n<meta property=\"og:site_name\" content=\"Exparto.pl\" \/>\n<meta property=\"article:publisher\" content=\"https:\/\/www.facebook.com\/exparto.agro\/\" \/>\n<meta property=\"article:modified_time\" content=\"2026-04-03T06:28:05+00:00\" \/>\n<meta property=\"og:image\" content=\"https:\/\/exparto.pl\/wp-content\/uploads\/2023\/11\/fe6fd8862ce5a2ed1f6630260f2bbef9.jpg\" \/>\n\t<meta property=\"og:image:width\" content=\"1000\" \/>\n\t<meta property=\"og:image:height\" content=\"1000\" \/>\n\t<meta property=\"og:image:type\" content=\"image\/jpeg\" \/>\n<meta name=\"twitter:card\" content=\"summary_large_image\" \/>\n<meta name=\"twitter:label1\" content=\"Becs\u00fclt olvas\u00e1si id\u0151\" \/>\n\t<meta name=\"twitter:data1\" content=\"2 perc\" \/>\n<script type=\"application\/ld+json\" class=\"yoast-schema-graph\">{\"@context\":\"https:\/\/schema.org\",\"@graph\":[{\"@type\":\"WebPage\",\"@id\":\"https:\/\/exparto.pl\/hu\/produkt\/przegub-kompletny-walka-wom-krzyzak-395x48-cytryna-mc-32x76\/\",\"url\":\"https:\/\/exparto.pl\/hu\/produkt\/przegub-kompletny-walka-wom-krzyzak-395x48-cytryna-mc-32x76\/\",\"name\":\"Przegub kompletny wa\u0142ka WOM krzy\u017cak 39,5x49 - cytryna MC 32x76 - Exparto.pl\",\"isPartOf\":{\"@id\":\"https:\/\/exparto.pl\/hu\/#website\"},\"primaryImageOfPage\":{\"@id\":\"https:\/\/exparto.pl\/hu\/produkt\/przegub-kompletny-walka-wom-krzyzak-395x48-cytryna-mc-32x76\/#primaryimage\"},\"image\":{\"@id\":\"https:\/\/exparto.pl\/hu\/produkt\/przegub-kompletny-walka-wom-krzyzak-395x48-cytryna-mc-32x76\/#primaryimage\"},\"thumbnailUrl\":\"https:\/\/exparto.pl\/wp-content\/uploads\/2023\/11\/fe6fd8862ce5a2ed1f6630260f2bbef9.jpg\",\"datePublished\":\"2023-11-15T08:04:09+00:00\",\"dateModified\":\"2026-04-03T06:28:05+00:00\",\"breadcrumb\":{\"@id\":\"https:\/\/exparto.pl\/hu\/produkt\/przegub-kompletny-walka-wom-krzyzak-395x48-cytryna-mc-32x76\/#breadcrumb\"},\"inLanguage\":\"hu\",\"potentialAction\":[{\"@type\":\"ReadAction\",\"target\":[\"https:\/\/exparto.pl\/hu\/produkt\/przegub-kompletny-walka-wom-krzyzak-395x48-cytryna-mc-32x76\/\"]}]},{\"@type\":\"ImageObject\",\"inLanguage\":\"hu\",\"@id\":\"https:\/\/exparto.pl\/hu\/produkt\/przegub-kompletny-walka-wom-krzyzak-395x48-cytryna-mc-32x76\/#primaryimage\",\"url\":\"https:\/\/exparto.pl\/wp-content\/uploads\/2023\/11\/fe6fd8862ce5a2ed1f6630260f2bbef9.jpg\",\"contentUrl\":\"https:\/\/exparto.pl\/wp-content\/uploads\/2023\/11\/fe6fd8862ce5a2ed1f6630260f2bbef9.jpg\",\"width\":1000,\"height\":1000},{\"@type\":\"BreadcrumbList\",\"@id\":\"https:\/\/exparto.pl\/hu\/produkt\/przegub-kompletny-walka-wom-krzyzak-395x48-cytryna-mc-32x76\/#breadcrumb\",\"itemListElement\":[{\"@type\":\"ListItem\",\"position\":1,\"name\":\"Honlap\",\"item\":\"https:\/\/exparto.pl\/hu\/\"},{\"@type\":\"ListItem\",\"position\":2,\"name\":\"Sklep\",\"item\":\"https:\/\/exparto.pl\/sklep\/\"},{\"@type\":\"ListItem\",\"position\":3,\"name\":\"Teleszk\u00f3pos mell\u00e9ktengelyek\",\"item\":\"https:\/\/exparto.pl\/hu\/termekkategoria\/teleszkopos-mellektengelyek\/\"},{\"@type\":\"ListItem\",\"position\":4,\"name\":\"A tengely alkatr\u00e9szei\",\"item\":\"https:\/\/exparto.pl\/hu\/termekkategoria\/teleszkopos-mellektengelyek\/a-tengely-alkatreszei\/\"},{\"@type\":\"ListItem\",\"position\":5,\"name\":\"Przeguby kompletne\",\"item\":\"https:\/\/exparto.pl\/kategoria-produktu\/waly-przegubowo-teleskopowe\/czesci-do-walow\/przeguby-kompletne\/\"},{\"@type\":\"ListItem\",\"position\":6,\"name\":\"Przegub kompletny wa\u0142ka WOM krzy\u017cak 39,5&#215;49 &#8211; cytryna MC 32&#215;76\"}]},{\"@type\":\"WebSite\",\"@id\":\"https:\/\/exparto.pl\/hu\/#website\",\"url\":\"https:\/\/exparto.pl\/hu\/\",\"name\":\"EXPARTO\",\"description\":\"More than agro parts\",\"publisher\":{\"@id\":\"https:\/\/exparto.pl\/hu\/#organization\"},\"potentialAction\":[{\"@type\":\"SearchAction\",\"target\":{\"@type\":\"EntryPoint\",\"urlTemplate\":\"https:\/\/exparto.pl\/hu\/?s={search_term_string}\"},\"query-input\":{\"@type\":\"PropertyValueSpecification\",\"valueRequired\":true,\"valueName\":\"search_term_string\"}}],\"inLanguage\":\"hu\"},{\"@type\":\"Organization\",\"@id\":\"https:\/\/exparto.pl\/hu\/#organization\",\"name\":\"EXPARTO\",\"url\":\"https:\/\/exparto.pl\/hu\/\",\"logo\":{\"@type\":\"ImageObject\",\"inLanguage\":\"hu\",\"@id\":\"https:\/\/exparto.pl\/hu\/#\/schema\/logo\/image\/\",\"url\":\"https:\/\/exparto.pl\/wp-content\/uploads\/2023\/02\/logo-wektor.png\",\"contentUrl\":\"https:\/\/exparto.pl\/wp-content\/uploads\/2023\/02\/logo-wektor.png\",\"width\":1338,\"height\":143,\"caption\":\"EXPARTO\"},\"image\":{\"@id\":\"https:\/\/exparto.pl\/hu\/#\/schema\/logo\/image\/\"},\"sameAs\":[\"https:\/\/www.facebook.com\/exparto.agro\/\"]}]}<\/script>\n<!-- \/ Yoast SEO plugin. -->","yoast_head_json":{"title":"Przegub kompletny wa\u0142ka WOM krzy\u017cak 39,5x49 - cytryna MC 32x76 - Exparto.pl","robots":{"index":"index","follow":"follow","max-snippet":"max-snippet:-1","max-image-preview":"max-image-preview:large","max-video-preview":"max-video-preview:-1"},"canonical":"https:\/\/exparto.pl\/hu\/produkt\/przegub-kompletny-walka-wom-krzyzak-395x48-cytryna-mc-32x76\/","og_locale":"hu_HU","og_type":"article","og_title":"Przegub kompletny wa\u0142ka WOM krzy\u017cak 39,5x49 - cytryna MC 32x76 - Exparto.pl","og_description":"Przegub kompletny cytryna wewn\u0119trzna MC 32x76","og_url":"https:\/\/exparto.pl\/hu\/produkt\/przegub-kompletny-walka-wom-krzyzak-395x48-cytryna-mc-32x76\/","og_site_name":"Exparto.pl","article_publisher":"https:\/\/www.facebook.com\/exparto.agro\/","article_modified_time":"2026-04-03T06:28:05+00:00","og_image":[{"width":1000,"height":1000,"url":"https:\/\/exparto.pl\/wp-content\/uploads\/2023\/11\/fe6fd8862ce5a2ed1f6630260f2bbef9.jpg","type":"image\/jpeg"}],"twitter_card":"summary_large_image","twitter_misc":{"Becs\u00fclt olvas\u00e1si id\u0151":"2 perc"},"schema":{"@context":"https:\/\/schema.org","@graph":[{"@type":"WebPage","@id":"https:\/\/exparto.pl\/hu\/produkt\/przegub-kompletny-walka-wom-krzyzak-395x48-cytryna-mc-32x76\/","url":"https:\/\/exparto.pl\/hu\/produkt\/przegub-kompletny-walka-wom-krzyzak-395x48-cytryna-mc-32x76\/","name":"Przegub kompletny wa\u0142ka WOM krzy\u017cak 39,5x49 - cytryna MC 32x76 - Exparto.pl","isPartOf":{"@id":"https:\/\/exparto.pl\/hu\/#website"},"primaryImageOfPage":{"@id":"https:\/\/exparto.pl\/hu\/produkt\/przegub-kompletny-walka-wom-krzyzak-395x48-cytryna-mc-32x76\/#primaryimage"},"image":{"@id":"https:\/\/exparto.pl\/hu\/produkt\/przegub-kompletny-walka-wom-krzyzak-395x48-cytryna-mc-32x76\/#primaryimage"},"thumbnailUrl":"https:\/\/exparto.pl\/wp-content\/uploads\/2023\/11\/fe6fd8862ce5a2ed1f6630260f2bbef9.jpg","datePublished":"2023-11-15T08:04:09+00:00","dateModified":"2026-04-03T06:28:05+00:00","breadcrumb":{"@id":"https:\/\/exparto.pl\/hu\/produkt\/przegub-kompletny-walka-wom-krzyzak-395x48-cytryna-mc-32x76\/#breadcrumb"},"inLanguage":"hu","potentialAction":[{"@type":"ReadAction","target":["https:\/\/exparto.pl\/hu\/produkt\/przegub-kompletny-walka-wom-krzyzak-395x48-cytryna-mc-32x76\/"]}]},{"@type":"ImageObject","inLanguage":"hu","@id":"https:\/\/exparto.pl\/hu\/produkt\/przegub-kompletny-walka-wom-krzyzak-395x48-cytryna-mc-32x76\/#primaryimage","url":"https:\/\/exparto.pl\/wp-content\/uploads\/2023\/11\/fe6fd8862ce5a2ed1f6630260f2bbef9.jpg","contentUrl":"https:\/\/exparto.pl\/wp-content\/uploads\/2023\/11\/fe6fd8862ce5a2ed1f6630260f2bbef9.jpg","width":1000,"height":1000},{"@type":"BreadcrumbList","@id":"https:\/\/exparto.pl\/hu\/produkt\/przegub-kompletny-walka-wom-krzyzak-395x48-cytryna-mc-32x76\/#breadcrumb","itemListElement":[{"@type":"ListItem","position":1,"name":"Honlap","item":"https:\/\/exparto.pl\/hu\/"},{"@type":"ListItem","position":2,"name":"Sklep","item":"https:\/\/exparto.pl\/sklep\/"},{"@type":"ListItem","position":3,"name":"Teleszk\u00f3pos mell\u00e9ktengelyek","item":"https:\/\/exparto.pl\/hu\/termekkategoria\/teleszkopos-mellektengelyek\/"},{"@type":"ListItem","position":4,"name":"A tengely alkatr\u00e9szei","item":"https:\/\/exparto.pl\/hu\/termekkategoria\/teleszkopos-mellektengelyek\/a-tengely-alkatreszei\/"},{"@type":"ListItem","position":5,"name":"Przeguby kompletne","item":"https:\/\/exparto.pl\/kategoria-produktu\/waly-przegubowo-teleskopowe\/czesci-do-walow\/przeguby-kompletne\/"},{"@type":"ListItem","position":6,"name":"Przegub kompletny wa\u0142ka WOM krzy\u017cak 39,5&#215;49 &#8211; cytryna MC 32&#215;76"}]},{"@type":"WebSite","@id":"https:\/\/exparto.pl\/hu\/#website","url":"https:\/\/exparto.pl\/hu\/","name":"EXPARTO","description":"More than agro parts","publisher":{"@id":"https:\/\/exparto.pl\/hu\/#organization"},"potentialAction":[{"@type":"SearchAction","target":{"@type":"EntryPoint","urlTemplate":"https:\/\/exparto.pl\/hu\/?s={search_term_string}"},"query-input":{"@type":"PropertyValueSpecification","valueRequired":true,"valueName":"search_term_string"}}],"inLanguage":"hu"},{"@type":"Organization","@id":"https:\/\/exparto.pl\/hu\/#organization","name":"EXPARTO","url":"https:\/\/exparto.pl\/hu\/","logo":{"@type":"ImageObject","inLanguage":"hu","@id":"https:\/\/exparto.pl\/hu\/#\/schema\/logo\/image\/","url":"https:\/\/exparto.pl\/wp-content\/uploads\/2023\/02\/logo-wektor.png","contentUrl":"https:\/\/exparto.pl\/wp-content\/uploads\/2023\/02\/logo-wektor.png","width":1338,"height":143,"caption":"EXPARTO"},"image":{"@id":"https:\/\/exparto.pl\/hu\/#\/schema\/logo\/image\/"},"sameAs":["https:\/\/www.facebook.com\/exparto.agro\/"]}]}},"_links":{"self":[{"href":"https:\/\/exparto.pl\/hu\/wp-json\/wp\/v2\/product\/14362","targetHints":{"allow":["GET"]}}],"collection":[{"href":"https:\/\/exparto.pl\/hu\/wp-json\/wp\/v2\/product"}],"about":[{"href":"https:\/\/exparto.pl\/hu\/wp-json\/wp\/v2\/types\/product"}],"replies":[{"embeddable":true,"href":"https:\/\/exparto.pl\/hu\/wp-json\/wp\/v2\/comments?post=14362"}],"wp:featuredmedia":[{"embeddable":true,"href":"https:\/\/exparto.pl\/hu\/wp-json\/wp\/v2\/media\/14337"}],"wp:attachment":[{"href":"https:\/\/exparto.pl\/hu\/wp-json\/wp\/v2\/media?parent=14362"}],"wp:term":[{"taxonomy":"product_brand","embeddable":true,"href":"https:\/\/exparto.pl\/hu\/wp-json\/wp\/v2\/product_brand?post=14362"},{"taxonomy":"product_cat","embeddable":true,"href":"https:\/\/exparto.pl\/hu\/wp-json\/wp\/v2\/product_cat?post=14362"},{"taxonomy":"product_tag","embeddable":true,"href":"https:\/\/exparto.pl\/hu\/wp-json\/wp\/v2\/product_tag?post=14362"}],"curies":[{"name":"wp","href":"https:\/\/api.w.org\/{rel}","templated":true}]}}