{"id":14441,"date":"2023-11-15T09:07:30","date_gmt":"2023-11-15T08:07:30","guid":{"rendered":"https:\/\/exparto.pl\/produkt\/przegub-kompletny-walka-wom-krzyzak-345x41-cytryna-mc-24x62\/"},"modified":"2026-03-29T21:00:20","modified_gmt":"2026-03-29T19:00:20","slug":"przegub-kompletny-walka-wom-krzyzak-345x41-cytryna-mc-24x62","status":"publish","type":"product","link":"https:\/\/exparto.pl\/hu\/produkt\/przegub-kompletny-walka-wom-krzyzak-345x41-cytryna-mc-24x62\/","title":{"rendered":"Przegub kompletny wa\u0142ka WOM krzy\u017cak 34,5\u00d740 \u2013 cytryna MC 24\u00d761"},"content":{"rendered":"<p style=\"text-align: justify\"><span style=\"font-family: Barlow, sans-serif;font-size: 16px;text-align: start\">Zale\u017cy Ci na bezpiecze\u0144stwie i wydajno\u015bci pracy w gospodarstwie rolnym? Pomo\u017cemy Ci w tym.&nbsp;<\/span><b style=\"font-family: Barlow, sans-serif;font-size: 16px;text-align: start\">W EXPARTO oferujemy wysokiej jako\u015bci cz\u0119\u015bci mechaniczne i nowoczesne rozwi\u0105zania technologiczne dla rolnictwa<\/b><span style=\"font-family: Barlow, sans-serif;font-size: 16px;text-align: start\">. Jednym z nich jest dost\u0119pny tu przegub wa\u0142ka WOM cytryna MC 24\u00d761. To cz\u0119\u015b\u0107, kt\u00f3ra wykorzystywana jest przy przekazywaniu mocy nap\u0119du pomi\u0119dzy ci\u0105gnikiem a inn\u0105 maszyn\u0105. Poznaj parametry naszego produktu.&nbsp;<\/span><span style=\"font-family: Barlow, sans-serif;font-size: 16px;text-align: start\"><\/span><\/p>\n<h2 style=\"line-height: 1.4;font-size: 1.25rem;font-family: Barlow, sans-serif\"><span style=\"font-weight: 400\">Przegub kompletny wa\u0142ka WOM cytryna MC 24\u00d761 &#8211; przegub wa\u0142ka przeka\u017anika mocy krzy\u017cakowy 34,5\u00d740<\/span><\/h2>\n<p style=\"text-align: justify\"><span style=\"font-family: Barlow, sans-serif;font-size: 16px;text-align: start\">Wyb\u00f3r przegubu wa\u0142ka przeka\u017anika mocy ma znacznie. W\u0142a\u015bnie dlatego nasze cz\u0119\u015bci powstaj\u0105 ze starannie dobranych materia\u0142\u00f3w. Weryfikujemy je pod k\u0105tem odporno\u015bci na intensywn\u0105 eksploatacj\u0119, co jest niezwykle wa\u017cne w sektorze rolniczym.&nbsp;<\/span><b style=\"font-family: Barlow, sans-serif;font-size: 16px;text-align: start\">Kupuj\u0105c w EXPARTO, zyskujesz gwarancj\u0119, \u017ce w Twoje r\u0119ce trafiaj\u0105 produkty najwy\u017cszej rynkowej jako\u015bci<\/b><span style=\"font-family: Barlow, sans-serif;font-size: 16px;text-align: start\">. Oferowany przez nas przegub WOM znajduje zastosowanie przy wa\u0142ach \u0142\u0105cz\u0105cych ci\u0105gnik rolniczy z inn\u0105 maszyn\u0105. Dzi\u0119ki niemu mo\u017cliwe jest efektywne przekazywanie mocy nap\u0119du pomi\u0119dzy pojazdem i pod\u0142\u0105czonym do niego urz\u0105dzeniem.&nbsp;<\/span><span style=\"font-family: Barlow, sans-serif;font-size: 16px;text-align: start\">&nbsp;<\/span><\/p>\n<p style=\"text-align: justify\"><b style=\"font-family: Barlow, sans-serif;font-size: 16px;text-align: start\">Przegub kompletny WOM stanowi jeden z kluczowych element\u00f3w ca\u0142ego mechanizmu przenoszenia mocy.<\/b><span style=\"font-family: Barlow, sans-serif;font-size: 16px;text-align: start\">&nbsp;Dost\u0119pny tu model wyposa\u017cony jest w profil przy\u0142\u0105cza typu cytryna 34,5\u00d740 oraz profil zewn\u0119trzny typu 6 frez\u00f3w 1 i 3\/8 cala. Niewielkie wymiary i relatywnie niska waga na poziomie 2 kilogram\u00f3w sprawiaj\u0105, \u017ce ten przegub krzy\u017cakowy WOM jest prosty w eksploatacji i konserwacji.&nbsp;<\/span><b style=\"font-family: Barlow, sans-serif;font-size: 16px;text-align: start\">Stosuje si\u0119 go przy r\u00f3\u017cnych maszynach, w tym m.in.:&nbsp;<\/b><span style=\"font-family: Barlow, sans-serif;font-size: 16px;text-align: start\"><\/span><\/p>\n<ul style=\"font-family: Barlow, sans-serif;font-size: 16px\">\n<li><b>rozsiewaczach,&nbsp;<\/b><\/li>\n<li><b>opryskiwaczach,&nbsp;<\/b><\/li>\n<li><b>kosiarkach i innych<\/b>.&nbsp;<\/li>\n<\/ul>\n<p style=\"font-family: Barlow, sans-serif;font-size: 16px;text-align: justify\">Zapraszamy do skorzystania z naszej oferty. Razem z nami&nbsp;<b>zadbasz o wydajn\u0105 i bezpieczn\u0105 prac\u0119 w gospodarstwie rolnym oraz zredukujesz ryzyko wyst\u0119powania usterek maszyn<\/b>. Je\u017celi potrzebujesz wsparcia w procesie zakupowym, to nasz zesp\u00f3\u0142 pomo\u017ce Ci w doborze odpowiednich produkt\u00f3w i finalizacji transakcji.<\/p>\n","protected":false},"excerpt":{"rendered":"<p style=\"text-align: justify\">Przegub kompletny cytryna wewn\u0119trzna MC 24&#215;61<\/p>\n","protected":false},"featured_media":14415,"comment_status":"open","ping_status":"closed","template":"","meta":{"_acf_changed":false,"inline_featured_image":false},"product_brand":[],"product_cat":[114,882,722,53],"product_tag":[],"class_list":{"0":"post-14441","1":"product","2":"type-product","3":"status-publish","4":"has-post-thumbnail","6":"product_cat-czesci-do-walow","7":"product_cat-przeguby-cytryna","8":"product_cat-przeguby-kompletne","9":"product_cat-waly-przegubowo-teleskopowe","11":"first","12":"instock","13":"taxable","14":"shipping-taxable","15":"purchasable","16":"product-type-simple"},"acf":[],"yoast_head":"<!-- This site is optimized with the Yoast SEO plugin v27.3 - https:\/\/yoast.com\/product\/yoast-seo-wordpress\/ -->\n<title>Przegub kompletny wa\u0142ka WOM krzy\u017cak 34,5\u00d740 \u2013 cytryna MC 24\u00d761 - Exparto.pl<\/title>\n<meta name=\"robots\" content=\"index, follow, max-snippet:-1, max-image-preview:large, max-video-preview:-1\" \/>\n<link rel=\"canonical\" href=\"https:\/\/exparto.pl\/hu\/produkt\/przegub-kompletny-walka-wom-krzyzak-345x41-cytryna-mc-24x62\/\" \/>\n<meta property=\"og:locale\" content=\"hu_HU\" \/>\n<meta property=\"og:type\" content=\"article\" \/>\n<meta property=\"og:title\" content=\"Przegub kompletny wa\u0142ka WOM krzy\u017cak 34,5\u00d740 \u2013 cytryna MC 24\u00d761 - Exparto.pl\" \/>\n<meta property=\"og:description\" content=\"Przegub kompletny cytryna wewn\u0119trzna MC 24x61\" \/>\n<meta property=\"og:url\" content=\"https:\/\/exparto.pl\/hu\/produkt\/przegub-kompletny-walka-wom-krzyzak-345x41-cytryna-mc-24x62\/\" \/>\n<meta property=\"og:site_name\" content=\"Exparto.pl\" \/>\n<meta property=\"article:publisher\" content=\"https:\/\/www.facebook.com\/exparto.agro\/\" \/>\n<meta property=\"article:modified_time\" content=\"2026-03-29T19:00:20+00:00\" \/>\n<meta property=\"og:image\" content=\"https:\/\/exparto.pl\/wp-content\/uploads\/2023\/11\/ce963f67fa79f341d9bba4018b7a9bea.jpg\" \/>\n\t<meta property=\"og:image:width\" content=\"1000\" \/>\n\t<meta property=\"og:image:height\" content=\"1000\" \/>\n\t<meta property=\"og:image:type\" content=\"image\/jpeg\" \/>\n<meta name=\"twitter:card\" content=\"summary_large_image\" \/>\n<meta name=\"twitter:label1\" content=\"Becs\u00fclt olvas\u00e1si id\u0151\" \/>\n\t<meta name=\"twitter:data1\" content=\"2 perc\" \/>\n<script type=\"application\/ld+json\" class=\"yoast-schema-graph\">{\"@context\":\"https:\\\/\\\/schema.org\",\"@graph\":[{\"@type\":\"WebPage\",\"@id\":\"https:\\\/\\\/exparto.pl\\\/hu\\\/produkt\\\/przegub-kompletny-walka-wom-krzyzak-345x41-cytryna-mc-24x62\\\/\",\"url\":\"https:\\\/\\\/exparto.pl\\\/hu\\\/produkt\\\/przegub-kompletny-walka-wom-krzyzak-345x41-cytryna-mc-24x62\\\/\",\"name\":\"Przegub kompletny wa\u0142ka WOM krzy\u017cak 34,5\u00d740 \u2013 cytryna MC 24\u00d761 - Exparto.pl\",\"isPartOf\":{\"@id\":\"https:\\\/\\\/exparto.pl\\\/hu\\\/#website\"},\"primaryImageOfPage\":{\"@id\":\"https:\\\/\\\/exparto.pl\\\/hu\\\/produkt\\\/przegub-kompletny-walka-wom-krzyzak-345x41-cytryna-mc-24x62\\\/#primaryimage\"},\"image\":{\"@id\":\"https:\\\/\\\/exparto.pl\\\/hu\\\/produkt\\\/przegub-kompletny-walka-wom-krzyzak-345x41-cytryna-mc-24x62\\\/#primaryimage\"},\"thumbnailUrl\":\"https:\\\/\\\/exparto.pl\\\/wp-content\\\/uploads\\\/2023\\\/11\\\/ce963f67fa79f341d9bba4018b7a9bea.jpg\",\"datePublished\":\"2023-11-15T08:07:30+00:00\",\"dateModified\":\"2026-03-29T19:00:20+00:00\",\"breadcrumb\":{\"@id\":\"https:\\\/\\\/exparto.pl\\\/hu\\\/produkt\\\/przegub-kompletny-walka-wom-krzyzak-345x41-cytryna-mc-24x62\\\/#breadcrumb\"},\"inLanguage\":\"hu\",\"potentialAction\":[{\"@type\":\"ReadAction\",\"target\":[\"https:\\\/\\\/exparto.pl\\\/hu\\\/produkt\\\/przegub-kompletny-walka-wom-krzyzak-345x41-cytryna-mc-24x62\\\/\"]}]},{\"@type\":\"ImageObject\",\"inLanguage\":\"hu\",\"@id\":\"https:\\\/\\\/exparto.pl\\\/hu\\\/produkt\\\/przegub-kompletny-walka-wom-krzyzak-345x41-cytryna-mc-24x62\\\/#primaryimage\",\"url\":\"https:\\\/\\\/exparto.pl\\\/wp-content\\\/uploads\\\/2023\\\/11\\\/ce963f67fa79f341d9bba4018b7a9bea.jpg\",\"contentUrl\":\"https:\\\/\\\/exparto.pl\\\/wp-content\\\/uploads\\\/2023\\\/11\\\/ce963f67fa79f341d9bba4018b7a9bea.jpg\",\"width\":1000,\"height\":1000},{\"@type\":\"BreadcrumbList\",\"@id\":\"https:\\\/\\\/exparto.pl\\\/hu\\\/produkt\\\/przegub-kompletny-walka-wom-krzyzak-345x41-cytryna-mc-24x62\\\/#breadcrumb\",\"itemListElement\":[{\"@type\":\"ListItem\",\"position\":1,\"name\":\"Honlap\",\"item\":\"https:\\\/\\\/exparto.pl\\\/hu\\\/\"},{\"@type\":\"ListItem\",\"position\":2,\"name\":\"Sklep\",\"item\":\"https:\\\/\\\/exparto.pl\\\/sklep\\\/\"},{\"@type\":\"ListItem\",\"position\":3,\"name\":\"Teleszk\u00f3pos mell\u00e9ktengelyek\",\"item\":\"https:\\\/\\\/exparto.pl\\\/hu\\\/termekkategoria\\\/teleszkopos-mellektengelyek\\\/\"},{\"@type\":\"ListItem\",\"position\":4,\"name\":\"A tengely alkatr\u00e9szei\",\"item\":\"https:\\\/\\\/exparto.pl\\\/hu\\\/termekkategoria\\\/teleszkopos-mellektengelyek\\\/a-tengely-alkatreszei\\\/\"},{\"@type\":\"ListItem\",\"position\":5,\"name\":\"Przeguby kompletne\",\"item\":\"https:\\\/\\\/exparto.pl\\\/kategoria-produktu\\\/waly-przegubowo-teleskopowe\\\/czesci-do-walow\\\/przeguby-kompletne\\\/\"},{\"@type\":\"ListItem\",\"position\":6,\"name\":\"Przegub kompletny wa\u0142ka WOM krzy\u017cak 34,5\u00d740 \u2013 cytryna MC 24\u00d761\"}]},{\"@type\":\"WebSite\",\"@id\":\"https:\\\/\\\/exparto.pl\\\/hu\\\/#website\",\"url\":\"https:\\\/\\\/exparto.pl\\\/hu\\\/\",\"name\":\"EXPARTO\",\"description\":\"More than agro parts\",\"publisher\":{\"@id\":\"https:\\\/\\\/exparto.pl\\\/hu\\\/#organization\"},\"potentialAction\":[{\"@type\":\"SearchAction\",\"target\":{\"@type\":\"EntryPoint\",\"urlTemplate\":\"https:\\\/\\\/exparto.pl\\\/hu\\\/?s={search_term_string}\"},\"query-input\":{\"@type\":\"PropertyValueSpecification\",\"valueRequired\":true,\"valueName\":\"search_term_string\"}}],\"inLanguage\":\"hu\"},{\"@type\":\"Organization\",\"@id\":\"https:\\\/\\\/exparto.pl\\\/hu\\\/#organization\",\"name\":\"EXPARTO\",\"url\":\"https:\\\/\\\/exparto.pl\\\/hu\\\/\",\"logo\":{\"@type\":\"ImageObject\",\"inLanguage\":\"hu\",\"@id\":\"https:\\\/\\\/exparto.pl\\\/hu\\\/#\\\/schema\\\/logo\\\/image\\\/\",\"url\":\"https:\\\/\\\/exparto.pl\\\/wp-content\\\/uploads\\\/2023\\\/02\\\/logo-wektor.png\",\"contentUrl\":\"https:\\\/\\\/exparto.pl\\\/wp-content\\\/uploads\\\/2023\\\/02\\\/logo-wektor.png\",\"width\":1338,\"height\":143,\"caption\":\"EXPARTO\"},\"image\":{\"@id\":\"https:\\\/\\\/exparto.pl\\\/hu\\\/#\\\/schema\\\/logo\\\/image\\\/\"},\"sameAs\":[\"https:\\\/\\\/www.facebook.com\\\/exparto.agro\\\/\"]}]}<\/script>\n<!-- \/ Yoast SEO plugin. -->","yoast_head_json":{"title":"Przegub kompletny wa\u0142ka WOM krzy\u017cak 34,5\u00d740 \u2013 cytryna MC 24\u00d761 - Exparto.pl","robots":{"index":"index","follow":"follow","max-snippet":"max-snippet:-1","max-image-preview":"max-image-preview:large","max-video-preview":"max-video-preview:-1"},"canonical":"https:\/\/exparto.pl\/hu\/produkt\/przegub-kompletny-walka-wom-krzyzak-345x41-cytryna-mc-24x62\/","og_locale":"hu_HU","og_type":"article","og_title":"Przegub kompletny wa\u0142ka WOM krzy\u017cak 34,5\u00d740 \u2013 cytryna MC 24\u00d761 - Exparto.pl","og_description":"Przegub kompletny cytryna wewn\u0119trzna MC 24x61","og_url":"https:\/\/exparto.pl\/hu\/produkt\/przegub-kompletny-walka-wom-krzyzak-345x41-cytryna-mc-24x62\/","og_site_name":"Exparto.pl","article_publisher":"https:\/\/www.facebook.com\/exparto.agro\/","article_modified_time":"2026-03-29T19:00:20+00:00","og_image":[{"width":1000,"height":1000,"url":"https:\/\/exparto.pl\/wp-content\/uploads\/2023\/11\/ce963f67fa79f341d9bba4018b7a9bea.jpg","type":"image\/jpeg"}],"twitter_card":"summary_large_image","twitter_misc":{"Becs\u00fclt olvas\u00e1si id\u0151":"2 perc"},"schema":{"@context":"https:\/\/schema.org","@graph":[{"@type":"WebPage","@id":"https:\/\/exparto.pl\/hu\/produkt\/przegub-kompletny-walka-wom-krzyzak-345x41-cytryna-mc-24x62\/","url":"https:\/\/exparto.pl\/hu\/produkt\/przegub-kompletny-walka-wom-krzyzak-345x41-cytryna-mc-24x62\/","name":"Przegub kompletny wa\u0142ka WOM krzy\u017cak 34,5\u00d740 \u2013 cytryna MC 24\u00d761 - Exparto.pl","isPartOf":{"@id":"https:\/\/exparto.pl\/hu\/#website"},"primaryImageOfPage":{"@id":"https:\/\/exparto.pl\/hu\/produkt\/przegub-kompletny-walka-wom-krzyzak-345x41-cytryna-mc-24x62\/#primaryimage"},"image":{"@id":"https:\/\/exparto.pl\/hu\/produkt\/przegub-kompletny-walka-wom-krzyzak-345x41-cytryna-mc-24x62\/#primaryimage"},"thumbnailUrl":"https:\/\/exparto.pl\/wp-content\/uploads\/2023\/11\/ce963f67fa79f341d9bba4018b7a9bea.jpg","datePublished":"2023-11-15T08:07:30+00:00","dateModified":"2026-03-29T19:00:20+00:00","breadcrumb":{"@id":"https:\/\/exparto.pl\/hu\/produkt\/przegub-kompletny-walka-wom-krzyzak-345x41-cytryna-mc-24x62\/#breadcrumb"},"inLanguage":"hu","potentialAction":[{"@type":"ReadAction","target":["https:\/\/exparto.pl\/hu\/produkt\/przegub-kompletny-walka-wom-krzyzak-345x41-cytryna-mc-24x62\/"]}]},{"@type":"ImageObject","inLanguage":"hu","@id":"https:\/\/exparto.pl\/hu\/produkt\/przegub-kompletny-walka-wom-krzyzak-345x41-cytryna-mc-24x62\/#primaryimage","url":"https:\/\/exparto.pl\/wp-content\/uploads\/2023\/11\/ce963f67fa79f341d9bba4018b7a9bea.jpg","contentUrl":"https:\/\/exparto.pl\/wp-content\/uploads\/2023\/11\/ce963f67fa79f341d9bba4018b7a9bea.jpg","width":1000,"height":1000},{"@type":"BreadcrumbList","@id":"https:\/\/exparto.pl\/hu\/produkt\/przegub-kompletny-walka-wom-krzyzak-345x41-cytryna-mc-24x62\/#breadcrumb","itemListElement":[{"@type":"ListItem","position":1,"name":"Honlap","item":"https:\/\/exparto.pl\/hu\/"},{"@type":"ListItem","position":2,"name":"Sklep","item":"https:\/\/exparto.pl\/sklep\/"},{"@type":"ListItem","position":3,"name":"Teleszk\u00f3pos mell\u00e9ktengelyek","item":"https:\/\/exparto.pl\/hu\/termekkategoria\/teleszkopos-mellektengelyek\/"},{"@type":"ListItem","position":4,"name":"A tengely alkatr\u00e9szei","item":"https:\/\/exparto.pl\/hu\/termekkategoria\/teleszkopos-mellektengelyek\/a-tengely-alkatreszei\/"},{"@type":"ListItem","position":5,"name":"Przeguby kompletne","item":"https:\/\/exparto.pl\/kategoria-produktu\/waly-przegubowo-teleskopowe\/czesci-do-walow\/przeguby-kompletne\/"},{"@type":"ListItem","position":6,"name":"Przegub kompletny wa\u0142ka WOM krzy\u017cak 34,5\u00d740 \u2013 cytryna MC 24\u00d761"}]},{"@type":"WebSite","@id":"https:\/\/exparto.pl\/hu\/#website","url":"https:\/\/exparto.pl\/hu\/","name":"EXPARTO","description":"More than agro parts","publisher":{"@id":"https:\/\/exparto.pl\/hu\/#organization"},"potentialAction":[{"@type":"SearchAction","target":{"@type":"EntryPoint","urlTemplate":"https:\/\/exparto.pl\/hu\/?s={search_term_string}"},"query-input":{"@type":"PropertyValueSpecification","valueRequired":true,"valueName":"search_term_string"}}],"inLanguage":"hu"},{"@type":"Organization","@id":"https:\/\/exparto.pl\/hu\/#organization","name":"EXPARTO","url":"https:\/\/exparto.pl\/hu\/","logo":{"@type":"ImageObject","inLanguage":"hu","@id":"https:\/\/exparto.pl\/hu\/#\/schema\/logo\/image\/","url":"https:\/\/exparto.pl\/wp-content\/uploads\/2023\/02\/logo-wektor.png","contentUrl":"https:\/\/exparto.pl\/wp-content\/uploads\/2023\/02\/logo-wektor.png","width":1338,"height":143,"caption":"EXPARTO"},"image":{"@id":"https:\/\/exparto.pl\/hu\/#\/schema\/logo\/image\/"},"sameAs":["https:\/\/www.facebook.com\/exparto.agro\/"]}]}},"_links":{"self":[{"href":"https:\/\/exparto.pl\/hu\/wp-json\/wp\/v2\/product\/14441","targetHints":{"allow":["GET"]}}],"collection":[{"href":"https:\/\/exparto.pl\/hu\/wp-json\/wp\/v2\/product"}],"about":[{"href":"https:\/\/exparto.pl\/hu\/wp-json\/wp\/v2\/types\/product"}],"replies":[{"embeddable":true,"href":"https:\/\/exparto.pl\/hu\/wp-json\/wp\/v2\/comments?post=14441"}],"wp:featuredmedia":[{"embeddable":true,"href":"https:\/\/exparto.pl\/hu\/wp-json\/wp\/v2\/media\/14415"}],"wp:attachment":[{"href":"https:\/\/exparto.pl\/hu\/wp-json\/wp\/v2\/media?parent=14441"}],"wp:term":[{"taxonomy":"product_brand","embeddable":true,"href":"https:\/\/exparto.pl\/hu\/wp-json\/wp\/v2\/product_brand?post=14441"},{"taxonomy":"product_cat","embeddable":true,"href":"https:\/\/exparto.pl\/hu\/wp-json\/wp\/v2\/product_cat?post=14441"},{"taxonomy":"product_tag","embeddable":true,"href":"https:\/\/exparto.pl\/hu\/wp-json\/wp\/v2\/product_tag?post=14441"}],"curies":[{"name":"wp","href":"https:\/\/api.w.org\/{rel}","templated":true}]}}