{"id":14828,"date":"2023-11-16T15:53:06","date_gmt":"2023-11-16T14:53:06","guid":{"rendered":"https:\/\/exparto.pl\/produkt\/rozdzielacz-hydrauliczny-2-sekcyjny-02p80-80l-sterowany-linkami-i-joystickiem\/"},"modified":"2026-04-17T10:00:22","modified_gmt":"2026-04-17T08:00:22","slug":"rozdzielacz-hydrauliczny-2-sekcyjny-02p80-80l-sterowany-linkami-i-joystickiem","status":"publish","type":"product","link":"https:\/\/exparto.pl\/hu\/produkt\/rozdzielacz-hydrauliczny-2-sekcyjny-02p80-80l-sterowany-linkami-i-joystickiem\/","title":{"rendered":"Rozdzielacz hydrauliczny 2 sekcyjny 02P80 80L sterowany linkami i joystickiem"},"content":{"rendered":"<p class=\"MsoNormal\" style=\"text-align: justify\"><span style=\"font-weight: bold\">Rozdzielacz sterowany jest linkami i joystickiem.<\/span><span style=\"color: inherit;font-weight: 700 !important\"><br \/>\n<\/span><\/p>\n<p class=\"MsoNormal\" style=\"text-align: justify\"><span style=\"color: inherit;font-weight: 700 !important\">Rozdzielacz hydrauliczny \u00a002P80<\/span>\u00a0\u2013 monoblokowy, zapewniaj\u0105cy mo\u017cliwo\u015b\u0107 sterowania d\u017awigniami dwupozycyjnymi, o przep\u0142ywie 80 l\/minut\u0119. Wyr\u00f3\u017cnia si\u0119 on\u00a0<span style=\"color: inherit;font-weight: 700 !important\">solidn\u0105 i kompaktow\u0105 konstrukcj\u0105<\/span>, kt\u00f3ra umo\u017cliwia szeregowe \u0142\u0105czenie z innymi, podobnymi urz\u0105dzeniami przy pomocy tulei ci\u015bnieniowej. Jest to\u00a0<span style=\"color: inherit;font-weight: 700 !important\">model dwusekcyjny<\/span>, dostosowany do sterowania si\u0142ownikami jednostronnego oraz dwustronnego dzia\u0142ania. Cechuje si\u0119 on r\u00f3wnie\u017c du\u017c\u0105\u00a0<span style=\"color: inherit;font-weight: 700 !important\">uniwersalno\u015bci\u0105<\/span>\u00a0oraz stabiln\u0105 prac\u0105.<\/p>\n<p class=\"MsoNormal\" style=\"text-align: justify\">Rozdzielacz hydrauliczny 02P40 doskonale sprawdzi si\u0119 w\u00a0<span style=\"color: inherit;font-weight: 700 !important\">zr\u00f3\u017cnicowanych uk\u0142adach hydraulicznych<\/span>\u00a0\u2013 zar\u00f3wno w przemy\u015ble i budownictwie, jak i w samym rolnictwie. Znakomicie zda egzamin w ci\u0105gnikach,\u00a0<span style=\"color: inherit;font-weight: 700 !important\">\u0142adowarkach<\/span>, koparkach,\u00a0<span style=\"color: inherit;font-weight: 700 !important\">maszynach budowlanych i rolniczych<\/span>, \u0142adowaczach HDS, opryskiwaczach, cyklopach, turach czy nawet zamiatarkach. Dodajmy, \u017ce ca\u0142o\u015b\u0107 jest\u00a0<span style=\"color: inherit;font-weight: 700 !important\">\u0142atwa do samodzielnego zmontowania<\/span>.<\/p>\n<p class=\"MsoNormal\" style=\"text-align: justify\"><span style=\"color: inherit;font-weight: 700 !important\">D\u017awignie mo\u017ce znajdowa\u0107 si\u0119 w r\u00f3\u017cnym po\u0142o\u017ceniu<\/span>:<\/p>\n<p class=\"MsoNormal\" style=\"text-align: justify\"><span style=\"text-indent: -18pt;font-family: Symbol\">\u00b7<span style=\"font-size: 7pt;line-height: normal\">\u00a0\u00a0\u00a0\u00a0\u00a0\u00a0\u00a0\u00a0\u00a0<\/span><\/span><span style=\"text-indent: -18pt\">pozycja neutralna (pionowa)<\/span><\/p>\n<p class=\"MsoNormal\" style=\"text-align: justify\"><span style=\"text-indent: -18pt;font-family: Symbol\">\u00b7<span style=\"font-size: 7pt;line-height: normal\">\u00a0\u00a0\u00a0\u00a0\u00a0\u00a0\u00a0\u00a0\u00a0<\/span><\/span><span style=\"text-indent: -18pt\">pozycja robocza (uko\u015bna do przodu),<\/span><\/p>\n<p class=\"MsoNormal\" style=\"text-align: justify\"><span style=\"text-indent: -18pt;font-family: Symbol\">\u00b7\u00a0 \u00a0 \u00a0<span style=\"font-size: 7pt;line-height: normal\">\u00a0<\/span><\/span><span style=\"text-indent: -18pt\">pozycja robocza (uko\u015bna do ty\u0142u).<\/span><\/p>\n<p style=\"text-align: justify\">Rozdzielacz 0280 80L w zestawie z 2 linkami i joystickiem.<\/p>\n","protected":false},"excerpt":{"rendered":"<p>Rozdzielacz 0280 80L w zestawie z 2 linkami i joystickiem<\/p>\n<p style=\"text-align: justify\">\n","protected":false},"featured_media":14823,"comment_status":"open","ping_status":"closed","template":"","meta":{"_acf_changed":false,"inline_featured_image":false},"product_brand":[],"product_cat":[90],"product_tag":[],"class_list":{"0":"post-14828","1":"product","2":"type-product","3":"status-publish","4":"has-post-thumbnail","6":"product_cat-rozdzielacze-hydrauliczne","8":"first","9":"instock","10":"taxable","11":"shipping-taxable","12":"purchasable","13":"product-type-simple"},"acf":[],"yoast_head":"<!-- This site is optimized with the Yoast SEO plugin v27.3 - https:\/\/yoast.com\/product\/yoast-seo-wordpress\/ -->\n<title>Rozdzielacz hydrauliczny 2 sekcyjny 02P80 80L sterowany linkami i joystickiem - Exparto.pl<\/title>\n<meta name=\"robots\" content=\"index, follow, max-snippet:-1, max-image-preview:large, max-video-preview:-1\" \/>\n<link rel=\"canonical\" href=\"https:\/\/exparto.pl\/hu\/produkt\/rozdzielacz-hydrauliczny-2-sekcyjny-02p80-80l-sterowany-linkami-i-joystickiem\/\" \/>\n<meta property=\"og:locale\" content=\"hu_HU\" \/>\n<meta property=\"og:type\" content=\"article\" \/>\n<meta property=\"og:title\" content=\"Rozdzielacz hydrauliczny 2 sekcyjny 02P80 80L sterowany linkami i joystickiem - Exparto.pl\" \/>\n<meta property=\"og:description\" content=\"Rozdzielacz 0280 80L w zestawie z 2 linkami i joystickiem\" \/>\n<meta property=\"og:url\" content=\"https:\/\/exparto.pl\/hu\/produkt\/rozdzielacz-hydrauliczny-2-sekcyjny-02p80-80l-sterowany-linkami-i-joystickiem\/\" \/>\n<meta property=\"og:site_name\" content=\"Exparto.pl\" \/>\n<meta property=\"article:publisher\" content=\"https:\/\/www.facebook.com\/exparto.agro\/\" \/>\n<meta property=\"article:modified_time\" content=\"2026-04-17T08:00:22+00:00\" \/>\n<meta property=\"og:image\" content=\"https:\/\/exparto.pl\/wp-content\/uploads\/2023\/11\/60b783eed6557485986c1c1c394ca694.png\" \/>\n\t<meta property=\"og:image:width\" content=\"1000\" \/>\n\t<meta property=\"og:image:height\" content=\"1000\" \/>\n\t<meta property=\"og:image:type\" content=\"image\/png\" \/>\n<meta name=\"twitter:card\" content=\"summary_large_image\" \/>\n<meta name=\"twitter:label1\" content=\"Becs\u00fclt olvas\u00e1si id\u0151\" \/>\n\t<meta name=\"twitter:data1\" content=\"2 perc\" \/>\n<script type=\"application\/ld+json\" class=\"yoast-schema-graph\">{\"@context\":\"https:\\\/\\\/schema.org\",\"@graph\":[{\"@type\":\"WebPage\",\"@id\":\"https:\\\/\\\/exparto.pl\\\/hu\\\/produkt\\\/rozdzielacz-hydrauliczny-2-sekcyjny-02p80-80l-sterowany-linkami-i-joystickiem\\\/\",\"url\":\"https:\\\/\\\/exparto.pl\\\/hu\\\/produkt\\\/rozdzielacz-hydrauliczny-2-sekcyjny-02p80-80l-sterowany-linkami-i-joystickiem\\\/\",\"name\":\"Rozdzielacz hydrauliczny 2 sekcyjny 02P80 80L sterowany linkami i joystickiem - Exparto.pl\",\"isPartOf\":{\"@id\":\"https:\\\/\\\/exparto.pl\\\/hu\\\/#website\"},\"primaryImageOfPage\":{\"@id\":\"https:\\\/\\\/exparto.pl\\\/hu\\\/produkt\\\/rozdzielacz-hydrauliczny-2-sekcyjny-02p80-80l-sterowany-linkami-i-joystickiem\\\/#primaryimage\"},\"image\":{\"@id\":\"https:\\\/\\\/exparto.pl\\\/hu\\\/produkt\\\/rozdzielacz-hydrauliczny-2-sekcyjny-02p80-80l-sterowany-linkami-i-joystickiem\\\/#primaryimage\"},\"thumbnailUrl\":\"https:\\\/\\\/exparto.pl\\\/wp-content\\\/uploads\\\/2023\\\/11\\\/60b783eed6557485986c1c1c394ca694.png\",\"datePublished\":\"2023-11-16T14:53:06+00:00\",\"dateModified\":\"2026-04-17T08:00:22+00:00\",\"breadcrumb\":{\"@id\":\"https:\\\/\\\/exparto.pl\\\/hu\\\/produkt\\\/rozdzielacz-hydrauliczny-2-sekcyjny-02p80-80l-sterowany-linkami-i-joystickiem\\\/#breadcrumb\"},\"inLanguage\":\"hu\",\"potentialAction\":[{\"@type\":\"ReadAction\",\"target\":[\"https:\\\/\\\/exparto.pl\\\/hu\\\/produkt\\\/rozdzielacz-hydrauliczny-2-sekcyjny-02p80-80l-sterowany-linkami-i-joystickiem\\\/\"]}]},{\"@type\":\"ImageObject\",\"inLanguage\":\"hu\",\"@id\":\"https:\\\/\\\/exparto.pl\\\/hu\\\/produkt\\\/rozdzielacz-hydrauliczny-2-sekcyjny-02p80-80l-sterowany-linkami-i-joystickiem\\\/#primaryimage\",\"url\":\"https:\\\/\\\/exparto.pl\\\/wp-content\\\/uploads\\\/2023\\\/11\\\/60b783eed6557485986c1c1c394ca694.png\",\"contentUrl\":\"https:\\\/\\\/exparto.pl\\\/wp-content\\\/uploads\\\/2023\\\/11\\\/60b783eed6557485986c1c1c394ca694.png\",\"width\":1000,\"height\":1000},{\"@type\":\"BreadcrumbList\",\"@id\":\"https:\\\/\\\/exparto.pl\\\/hu\\\/produkt\\\/rozdzielacz-hydrauliczny-2-sekcyjny-02p80-80l-sterowany-linkami-i-joystickiem\\\/#breadcrumb\",\"itemListElement\":[{\"@type\":\"ListItem\",\"position\":1,\"name\":\"Honlap\",\"item\":\"https:\\\/\\\/exparto.pl\\\/hu\\\/\"},{\"@type\":\"ListItem\",\"position\":2,\"name\":\"Sklep\",\"item\":\"https:\\\/\\\/exparto.pl\\\/sklep\\\/\"},{\"@type\":\"ListItem\",\"position\":3,\"name\":\"Hidraulika\",\"item\":\"https:\\\/\\\/exparto.pl\\\/hu\\\/termekkategoria\\\/hidraulika\\\/\"},{\"@type\":\"ListItem\",\"position\":4,\"name\":\"Hidraulikus eloszt\u00f3k\",\"item\":\"https:\\\/\\\/exparto.pl\\\/hu\\\/termekkategoria\\\/hidraulika\\\/hidraulikus-elosztok\\\/\"},{\"@type\":\"ListItem\",\"position\":5,\"name\":\"Rozdzielacz hydrauliczny 2 sekcyjny 02P80 80L sterowany linkami i joystickiem\"}]},{\"@type\":\"WebSite\",\"@id\":\"https:\\\/\\\/exparto.pl\\\/hu\\\/#website\",\"url\":\"https:\\\/\\\/exparto.pl\\\/hu\\\/\",\"name\":\"EXPARTO\",\"description\":\"More than agro parts\",\"publisher\":{\"@id\":\"https:\\\/\\\/exparto.pl\\\/hu\\\/#organization\"},\"potentialAction\":[{\"@type\":\"SearchAction\",\"target\":{\"@type\":\"EntryPoint\",\"urlTemplate\":\"https:\\\/\\\/exparto.pl\\\/hu\\\/?s={search_term_string}\"},\"query-input\":{\"@type\":\"PropertyValueSpecification\",\"valueRequired\":true,\"valueName\":\"search_term_string\"}}],\"inLanguage\":\"hu\"},{\"@type\":\"Organization\",\"@id\":\"https:\\\/\\\/exparto.pl\\\/hu\\\/#organization\",\"name\":\"EXPARTO\",\"url\":\"https:\\\/\\\/exparto.pl\\\/hu\\\/\",\"logo\":{\"@type\":\"ImageObject\",\"inLanguage\":\"hu\",\"@id\":\"https:\\\/\\\/exparto.pl\\\/hu\\\/#\\\/schema\\\/logo\\\/image\\\/\",\"url\":\"https:\\\/\\\/exparto.pl\\\/wp-content\\\/uploads\\\/2023\\\/02\\\/logo-wektor.png\",\"contentUrl\":\"https:\\\/\\\/exparto.pl\\\/wp-content\\\/uploads\\\/2023\\\/02\\\/logo-wektor.png\",\"width\":1338,\"height\":143,\"caption\":\"EXPARTO\"},\"image\":{\"@id\":\"https:\\\/\\\/exparto.pl\\\/hu\\\/#\\\/schema\\\/logo\\\/image\\\/\"},\"sameAs\":[\"https:\\\/\\\/www.facebook.com\\\/exparto.agro\\\/\"]}]}<\/script>\n<!-- \/ Yoast SEO plugin. -->","yoast_head_json":{"title":"Rozdzielacz hydrauliczny 2 sekcyjny 02P80 80L sterowany linkami i joystickiem - Exparto.pl","robots":{"index":"index","follow":"follow","max-snippet":"max-snippet:-1","max-image-preview":"max-image-preview:large","max-video-preview":"max-video-preview:-1"},"canonical":"https:\/\/exparto.pl\/hu\/produkt\/rozdzielacz-hydrauliczny-2-sekcyjny-02p80-80l-sterowany-linkami-i-joystickiem\/","og_locale":"hu_HU","og_type":"article","og_title":"Rozdzielacz hydrauliczny 2 sekcyjny 02P80 80L sterowany linkami i joystickiem - Exparto.pl","og_description":"Rozdzielacz 0280 80L w zestawie z 2 linkami i joystickiem","og_url":"https:\/\/exparto.pl\/hu\/produkt\/rozdzielacz-hydrauliczny-2-sekcyjny-02p80-80l-sterowany-linkami-i-joystickiem\/","og_site_name":"Exparto.pl","article_publisher":"https:\/\/www.facebook.com\/exparto.agro\/","article_modified_time":"2026-04-17T08:00:22+00:00","og_image":[{"width":1000,"height":1000,"url":"https:\/\/exparto.pl\/wp-content\/uploads\/2023\/11\/60b783eed6557485986c1c1c394ca694.png","type":"image\/png"}],"twitter_card":"summary_large_image","twitter_misc":{"Becs\u00fclt olvas\u00e1si id\u0151":"2 perc"},"schema":{"@context":"https:\/\/schema.org","@graph":[{"@type":"WebPage","@id":"https:\/\/exparto.pl\/hu\/produkt\/rozdzielacz-hydrauliczny-2-sekcyjny-02p80-80l-sterowany-linkami-i-joystickiem\/","url":"https:\/\/exparto.pl\/hu\/produkt\/rozdzielacz-hydrauliczny-2-sekcyjny-02p80-80l-sterowany-linkami-i-joystickiem\/","name":"Rozdzielacz hydrauliczny 2 sekcyjny 02P80 80L sterowany linkami i joystickiem - Exparto.pl","isPartOf":{"@id":"https:\/\/exparto.pl\/hu\/#website"},"primaryImageOfPage":{"@id":"https:\/\/exparto.pl\/hu\/produkt\/rozdzielacz-hydrauliczny-2-sekcyjny-02p80-80l-sterowany-linkami-i-joystickiem\/#primaryimage"},"image":{"@id":"https:\/\/exparto.pl\/hu\/produkt\/rozdzielacz-hydrauliczny-2-sekcyjny-02p80-80l-sterowany-linkami-i-joystickiem\/#primaryimage"},"thumbnailUrl":"https:\/\/exparto.pl\/wp-content\/uploads\/2023\/11\/60b783eed6557485986c1c1c394ca694.png","datePublished":"2023-11-16T14:53:06+00:00","dateModified":"2026-04-17T08:00:22+00:00","breadcrumb":{"@id":"https:\/\/exparto.pl\/hu\/produkt\/rozdzielacz-hydrauliczny-2-sekcyjny-02p80-80l-sterowany-linkami-i-joystickiem\/#breadcrumb"},"inLanguage":"hu","potentialAction":[{"@type":"ReadAction","target":["https:\/\/exparto.pl\/hu\/produkt\/rozdzielacz-hydrauliczny-2-sekcyjny-02p80-80l-sterowany-linkami-i-joystickiem\/"]}]},{"@type":"ImageObject","inLanguage":"hu","@id":"https:\/\/exparto.pl\/hu\/produkt\/rozdzielacz-hydrauliczny-2-sekcyjny-02p80-80l-sterowany-linkami-i-joystickiem\/#primaryimage","url":"https:\/\/exparto.pl\/wp-content\/uploads\/2023\/11\/60b783eed6557485986c1c1c394ca694.png","contentUrl":"https:\/\/exparto.pl\/wp-content\/uploads\/2023\/11\/60b783eed6557485986c1c1c394ca694.png","width":1000,"height":1000},{"@type":"BreadcrumbList","@id":"https:\/\/exparto.pl\/hu\/produkt\/rozdzielacz-hydrauliczny-2-sekcyjny-02p80-80l-sterowany-linkami-i-joystickiem\/#breadcrumb","itemListElement":[{"@type":"ListItem","position":1,"name":"Honlap","item":"https:\/\/exparto.pl\/hu\/"},{"@type":"ListItem","position":2,"name":"Sklep","item":"https:\/\/exparto.pl\/sklep\/"},{"@type":"ListItem","position":3,"name":"Hidraulika","item":"https:\/\/exparto.pl\/hu\/termekkategoria\/hidraulika\/"},{"@type":"ListItem","position":4,"name":"Hidraulikus eloszt\u00f3k","item":"https:\/\/exparto.pl\/hu\/termekkategoria\/hidraulika\/hidraulikus-elosztok\/"},{"@type":"ListItem","position":5,"name":"Rozdzielacz hydrauliczny 2 sekcyjny 02P80 80L sterowany linkami i joystickiem"}]},{"@type":"WebSite","@id":"https:\/\/exparto.pl\/hu\/#website","url":"https:\/\/exparto.pl\/hu\/","name":"EXPARTO","description":"More than agro parts","publisher":{"@id":"https:\/\/exparto.pl\/hu\/#organization"},"potentialAction":[{"@type":"SearchAction","target":{"@type":"EntryPoint","urlTemplate":"https:\/\/exparto.pl\/hu\/?s={search_term_string}"},"query-input":{"@type":"PropertyValueSpecification","valueRequired":true,"valueName":"search_term_string"}}],"inLanguage":"hu"},{"@type":"Organization","@id":"https:\/\/exparto.pl\/hu\/#organization","name":"EXPARTO","url":"https:\/\/exparto.pl\/hu\/","logo":{"@type":"ImageObject","inLanguage":"hu","@id":"https:\/\/exparto.pl\/hu\/#\/schema\/logo\/image\/","url":"https:\/\/exparto.pl\/wp-content\/uploads\/2023\/02\/logo-wektor.png","contentUrl":"https:\/\/exparto.pl\/wp-content\/uploads\/2023\/02\/logo-wektor.png","width":1338,"height":143,"caption":"EXPARTO"},"image":{"@id":"https:\/\/exparto.pl\/hu\/#\/schema\/logo\/image\/"},"sameAs":["https:\/\/www.facebook.com\/exparto.agro\/"]}]}},"_links":{"self":[{"href":"https:\/\/exparto.pl\/hu\/wp-json\/wp\/v2\/product\/14828","targetHints":{"allow":["GET"]}}],"collection":[{"href":"https:\/\/exparto.pl\/hu\/wp-json\/wp\/v2\/product"}],"about":[{"href":"https:\/\/exparto.pl\/hu\/wp-json\/wp\/v2\/types\/product"}],"replies":[{"embeddable":true,"href":"https:\/\/exparto.pl\/hu\/wp-json\/wp\/v2\/comments?post=14828"}],"wp:featuredmedia":[{"embeddable":true,"href":"https:\/\/exparto.pl\/hu\/wp-json\/wp\/v2\/media\/14823"}],"wp:attachment":[{"href":"https:\/\/exparto.pl\/hu\/wp-json\/wp\/v2\/media?parent=14828"}],"wp:term":[{"taxonomy":"product_brand","embeddable":true,"href":"https:\/\/exparto.pl\/hu\/wp-json\/wp\/v2\/product_brand?post=14828"},{"taxonomy":"product_cat","embeddable":true,"href":"https:\/\/exparto.pl\/hu\/wp-json\/wp\/v2\/product_cat?post=14828"},{"taxonomy":"product_tag","embeddable":true,"href":"https:\/\/exparto.pl\/hu\/wp-json\/wp\/v2\/product_tag?post=14828"}],"curies":[{"name":"wp","href":"https:\/\/api.w.org\/{rel}","templated":true}]}}