{"id":15148,"date":"2023-11-24T14:07:00","date_gmt":"2023-11-24T13:07:00","guid":{"rendered":"https:\/\/exparto.pl\/produkt\/krzyzak-walu-walka-24x63\/"},"modified":"2026-01-21T12:29:18","modified_gmt":"2026-01-21T11:29:18","slug":"krzyzak-walu-walka-24x63","status":"publish","type":"product","link":"https:\/\/exparto.pl\/hu\/produkt\/krzyzak-walu-walka-24x63\/","title":{"rendered":"Krzy\u017cak wa\u0142u wa\u0142ka 24&#215;62"},"content":{"rendered":"<\/p>\n<div style=\"text-align: justify\">Krzy\u017cak jest jednym z najbardziej obci\u0105\u017conych element\u00f3w wa\u0142u nap\u0119dowego. Wa\u0142 nap\u0119dowy sk\u0142ada si\u0119 z: przegubu, korpusu, wielowypustu.&nbsp;<\/div>\n<div style=\"text-align: justify\"><\/div>\n<div style=\"text-align: justify\">Krzy\u017caki <b>EXPARTO<\/b>&nbsp;cechuje d\u0142u\u017csza \u017cywotno\u015b\u0107 ze wzgl\u0119du na korpusy wykonane z odkuwki. Zastosowanie jako\u015bciowych uszczelniaczy gwarantuje wysok\u0105 szczelno\u015b\u0107 oraz wyd\u0142u\u017ca czas bezawaryjnej eksploatacji.<\/div>\n<p class=\"MsoNormal\">\n<p><\/p>\n","protected":false},"excerpt":{"rendered":"<div style=\"text-align: justify\">Krzy\u017cak jest jednym z najbardziej obci\u0105\u017conych element\u00f3w wa\u0142u nap\u0119dowego. Wa\u0142 nap\u0119dowy sk\u0142ada si\u0119 z: przegubu, korpusu, wielowypustu.&nbsp;<\/div>\n","protected":false},"featured_media":15133,"comment_status":"open","ping_status":"closed","template":"","meta":{"_acf_changed":false,"inline_featured_image":false},"product_brand":[],"product_cat":[114,320,53],"product_tag":[],"class_list":{"0":"post-15148","1":"product","2":"type-product","3":"status-publish","4":"has-post-thumbnail","6":"product_cat-czesci-do-walow","7":"product_cat-krzyzaki","8":"product_cat-waly-przegubowo-teleskopowe","10":"first","11":"outofstock","12":"taxable","13":"shipping-taxable","14":"purchasable","15":"product-type-simple"},"acf":[],"yoast_head":"<!-- This site is optimized with the Yoast SEO plugin v27.2 - https:\/\/yoast.com\/product\/yoast-seo-wordpress\/ -->\n<title>Krzy\u017cak wa\u0142u wa\u0142ka 24x62 - Exparto.pl<\/title>\n<meta name=\"robots\" content=\"index, follow, max-snippet:-1, max-image-preview:large, max-video-preview:-1\" \/>\n<link rel=\"canonical\" href=\"https:\/\/exparto.pl\/hu\/produkt\/krzyzak-walu-walka-24x63\/\" \/>\n<meta property=\"og:locale\" content=\"hu_HU\" \/>\n<meta property=\"og:type\" content=\"article\" \/>\n<meta property=\"og:title\" content=\"Krzy\u017cak wa\u0142u wa\u0142ka 24x62 - Exparto.pl\" \/>\n<meta property=\"og:description\" content=\"Krzy\u017cak jest jednym z najbardziej obci\u0105\u017conych element\u00f3w wa\u0142u nap\u0119dowego. Wa\u0142 nap\u0119dowy sk\u0142ada si\u0119 z: przegubu, korpusu, wielowypustu.&nbsp;\" \/>\n<meta property=\"og:url\" content=\"https:\/\/exparto.pl\/hu\/produkt\/krzyzak-walu-walka-24x63\/\" \/>\n<meta property=\"og:site_name\" content=\"Exparto.pl\" \/>\n<meta property=\"article:publisher\" content=\"https:\/\/www.facebook.com\/exparto.agro\/\" \/>\n<meta property=\"article:modified_time\" content=\"2026-01-21T11:29:18+00:00\" \/>\n<meta property=\"og:image\" content=\"https:\/\/exparto.pl\/wp-content\/uploads\/2023\/11\/646ed10f6c8dc95b20761c5951bdb755.jpg\" \/>\n\t<meta property=\"og:image:width\" content=\"1000\" \/>\n\t<meta property=\"og:image:height\" content=\"1000\" \/>\n\t<meta property=\"og:image:type\" content=\"image\/jpeg\" \/>\n<meta name=\"twitter:card\" content=\"summary_large_image\" \/>\n<meta name=\"twitter:label1\" content=\"Becs\u00fclt olvas\u00e1si id\u0151\" \/>\n\t<meta name=\"twitter:data1\" content=\"1 perc\" \/>\n<script type=\"application\/ld+json\" class=\"yoast-schema-graph\">{\"@context\":\"https:\/\/schema.org\",\"@graph\":[{\"@type\":\"WebPage\",\"@id\":\"https:\/\/exparto.pl\/hu\/produkt\/krzyzak-walu-walka-24x63\/\",\"url\":\"https:\/\/exparto.pl\/hu\/produkt\/krzyzak-walu-walka-24x63\/\",\"name\":\"Krzy\u017cak wa\u0142u wa\u0142ka 24x62 - Exparto.pl\",\"isPartOf\":{\"@id\":\"https:\/\/exparto.pl\/hu\/#website\"},\"primaryImageOfPage\":{\"@id\":\"https:\/\/exparto.pl\/hu\/produkt\/krzyzak-walu-walka-24x63\/#primaryimage\"},\"image\":{\"@id\":\"https:\/\/exparto.pl\/hu\/produkt\/krzyzak-walu-walka-24x63\/#primaryimage\"},\"thumbnailUrl\":\"https:\/\/exparto.pl\/wp-content\/uploads\/2023\/11\/646ed10f6c8dc95b20761c5951bdb755.jpg\",\"datePublished\":\"2023-11-24T13:07:00+00:00\",\"dateModified\":\"2026-01-21T11:29:18+00:00\",\"breadcrumb\":{\"@id\":\"https:\/\/exparto.pl\/hu\/produkt\/krzyzak-walu-walka-24x63\/#breadcrumb\"},\"inLanguage\":\"hu\",\"potentialAction\":[{\"@type\":\"ReadAction\",\"target\":[\"https:\/\/exparto.pl\/hu\/produkt\/krzyzak-walu-walka-24x63\/\"]}]},{\"@type\":\"ImageObject\",\"inLanguage\":\"hu\",\"@id\":\"https:\/\/exparto.pl\/hu\/produkt\/krzyzak-walu-walka-24x63\/#primaryimage\",\"url\":\"https:\/\/exparto.pl\/wp-content\/uploads\/2023\/11\/646ed10f6c8dc95b20761c5951bdb755.jpg\",\"contentUrl\":\"https:\/\/exparto.pl\/wp-content\/uploads\/2023\/11\/646ed10f6c8dc95b20761c5951bdb755.jpg\",\"width\":1000,\"height\":1000},{\"@type\":\"BreadcrumbList\",\"@id\":\"https:\/\/exparto.pl\/hu\/produkt\/krzyzak-walu-walka-24x63\/#breadcrumb\",\"itemListElement\":[{\"@type\":\"ListItem\",\"position\":1,\"name\":\"Honlap\",\"item\":\"https:\/\/exparto.pl\/hu\/\"},{\"@type\":\"ListItem\",\"position\":2,\"name\":\"Sklep\",\"item\":\"https:\/\/exparto.pl\/sklep\/\"},{\"@type\":\"ListItem\",\"position\":3,\"name\":\"Teleszk\u00f3pos mell\u00e9ktengelyek\",\"item\":\"https:\/\/exparto.pl\/hu\/termekkategoria\/teleszkopos-mellektengelyek\/\"},{\"@type\":\"ListItem\",\"position\":4,\"name\":\"A tengely alkatr\u00e9szei\",\"item\":\"https:\/\/exparto.pl\/hu\/termekkategoria\/teleszkopos-mellektengelyek\/a-tengely-alkatreszei\/\"},{\"@type\":\"ListItem\",\"position\":5,\"name\":\"Kereszttart\u00f3k\",\"item\":\"https:\/\/exparto.pl\/hu\/termekkategoria\/teleszkopos-mellektengelyek\/a-tengely-alkatreszei\/kereszttartok\/\"},{\"@type\":\"ListItem\",\"position\":6,\"name\":\"Krzy\u017cak wa\u0142u wa\u0142ka 24&#215;62\"}]},{\"@type\":\"WebSite\",\"@id\":\"https:\/\/exparto.pl\/hu\/#website\",\"url\":\"https:\/\/exparto.pl\/hu\/\",\"name\":\"EXPARTO\",\"description\":\"More than agro parts\",\"publisher\":{\"@id\":\"https:\/\/exparto.pl\/hu\/#organization\"},\"potentialAction\":[{\"@type\":\"SearchAction\",\"target\":{\"@type\":\"EntryPoint\",\"urlTemplate\":\"https:\/\/exparto.pl\/hu\/?s={search_term_string}\"},\"query-input\":{\"@type\":\"PropertyValueSpecification\",\"valueRequired\":true,\"valueName\":\"search_term_string\"}}],\"inLanguage\":\"hu\"},{\"@type\":\"Organization\",\"@id\":\"https:\/\/exparto.pl\/hu\/#organization\",\"name\":\"EXPARTO\",\"url\":\"https:\/\/exparto.pl\/hu\/\",\"logo\":{\"@type\":\"ImageObject\",\"inLanguage\":\"hu\",\"@id\":\"https:\/\/exparto.pl\/hu\/#\/schema\/logo\/image\/\",\"url\":\"https:\/\/exparto.pl\/wp-content\/uploads\/2023\/02\/logo-wektor.png\",\"contentUrl\":\"https:\/\/exparto.pl\/wp-content\/uploads\/2023\/02\/logo-wektor.png\",\"width\":1338,\"height\":143,\"caption\":\"EXPARTO\"},\"image\":{\"@id\":\"https:\/\/exparto.pl\/hu\/#\/schema\/logo\/image\/\"},\"sameAs\":[\"https:\/\/www.facebook.com\/exparto.agro\/\"]}]}<\/script>\n<!-- \/ Yoast SEO plugin. -->","yoast_head_json":{"title":"Krzy\u017cak wa\u0142u wa\u0142ka 24x62 - Exparto.pl","robots":{"index":"index","follow":"follow","max-snippet":"max-snippet:-1","max-image-preview":"max-image-preview:large","max-video-preview":"max-video-preview:-1"},"canonical":"https:\/\/exparto.pl\/hu\/produkt\/krzyzak-walu-walka-24x63\/","og_locale":"hu_HU","og_type":"article","og_title":"Krzy\u017cak wa\u0142u wa\u0142ka 24x62 - Exparto.pl","og_description":"Krzy\u017cak jest jednym z najbardziej obci\u0105\u017conych element\u00f3w wa\u0142u nap\u0119dowego. Wa\u0142 nap\u0119dowy sk\u0142ada si\u0119 z: przegubu, korpusu, wielowypustu.&nbsp;","og_url":"https:\/\/exparto.pl\/hu\/produkt\/krzyzak-walu-walka-24x63\/","og_site_name":"Exparto.pl","article_publisher":"https:\/\/www.facebook.com\/exparto.agro\/","article_modified_time":"2026-01-21T11:29:18+00:00","og_image":[{"width":1000,"height":1000,"url":"https:\/\/exparto.pl\/wp-content\/uploads\/2023\/11\/646ed10f6c8dc95b20761c5951bdb755.jpg","type":"image\/jpeg"}],"twitter_card":"summary_large_image","twitter_misc":{"Becs\u00fclt olvas\u00e1si id\u0151":"1 perc"},"schema":{"@context":"https:\/\/schema.org","@graph":[{"@type":"WebPage","@id":"https:\/\/exparto.pl\/hu\/produkt\/krzyzak-walu-walka-24x63\/","url":"https:\/\/exparto.pl\/hu\/produkt\/krzyzak-walu-walka-24x63\/","name":"Krzy\u017cak wa\u0142u wa\u0142ka 24x62 - Exparto.pl","isPartOf":{"@id":"https:\/\/exparto.pl\/hu\/#website"},"primaryImageOfPage":{"@id":"https:\/\/exparto.pl\/hu\/produkt\/krzyzak-walu-walka-24x63\/#primaryimage"},"image":{"@id":"https:\/\/exparto.pl\/hu\/produkt\/krzyzak-walu-walka-24x63\/#primaryimage"},"thumbnailUrl":"https:\/\/exparto.pl\/wp-content\/uploads\/2023\/11\/646ed10f6c8dc95b20761c5951bdb755.jpg","datePublished":"2023-11-24T13:07:00+00:00","dateModified":"2026-01-21T11:29:18+00:00","breadcrumb":{"@id":"https:\/\/exparto.pl\/hu\/produkt\/krzyzak-walu-walka-24x63\/#breadcrumb"},"inLanguage":"hu","potentialAction":[{"@type":"ReadAction","target":["https:\/\/exparto.pl\/hu\/produkt\/krzyzak-walu-walka-24x63\/"]}]},{"@type":"ImageObject","inLanguage":"hu","@id":"https:\/\/exparto.pl\/hu\/produkt\/krzyzak-walu-walka-24x63\/#primaryimage","url":"https:\/\/exparto.pl\/wp-content\/uploads\/2023\/11\/646ed10f6c8dc95b20761c5951bdb755.jpg","contentUrl":"https:\/\/exparto.pl\/wp-content\/uploads\/2023\/11\/646ed10f6c8dc95b20761c5951bdb755.jpg","width":1000,"height":1000},{"@type":"BreadcrumbList","@id":"https:\/\/exparto.pl\/hu\/produkt\/krzyzak-walu-walka-24x63\/#breadcrumb","itemListElement":[{"@type":"ListItem","position":1,"name":"Honlap","item":"https:\/\/exparto.pl\/hu\/"},{"@type":"ListItem","position":2,"name":"Sklep","item":"https:\/\/exparto.pl\/sklep\/"},{"@type":"ListItem","position":3,"name":"Teleszk\u00f3pos mell\u00e9ktengelyek","item":"https:\/\/exparto.pl\/hu\/termekkategoria\/teleszkopos-mellektengelyek\/"},{"@type":"ListItem","position":4,"name":"A tengely alkatr\u00e9szei","item":"https:\/\/exparto.pl\/hu\/termekkategoria\/teleszkopos-mellektengelyek\/a-tengely-alkatreszei\/"},{"@type":"ListItem","position":5,"name":"Kereszttart\u00f3k","item":"https:\/\/exparto.pl\/hu\/termekkategoria\/teleszkopos-mellektengelyek\/a-tengely-alkatreszei\/kereszttartok\/"},{"@type":"ListItem","position":6,"name":"Krzy\u017cak wa\u0142u wa\u0142ka 24&#215;62"}]},{"@type":"WebSite","@id":"https:\/\/exparto.pl\/hu\/#website","url":"https:\/\/exparto.pl\/hu\/","name":"EXPARTO","description":"More than agro parts","publisher":{"@id":"https:\/\/exparto.pl\/hu\/#organization"},"potentialAction":[{"@type":"SearchAction","target":{"@type":"EntryPoint","urlTemplate":"https:\/\/exparto.pl\/hu\/?s={search_term_string}"},"query-input":{"@type":"PropertyValueSpecification","valueRequired":true,"valueName":"search_term_string"}}],"inLanguage":"hu"},{"@type":"Organization","@id":"https:\/\/exparto.pl\/hu\/#organization","name":"EXPARTO","url":"https:\/\/exparto.pl\/hu\/","logo":{"@type":"ImageObject","inLanguage":"hu","@id":"https:\/\/exparto.pl\/hu\/#\/schema\/logo\/image\/","url":"https:\/\/exparto.pl\/wp-content\/uploads\/2023\/02\/logo-wektor.png","contentUrl":"https:\/\/exparto.pl\/wp-content\/uploads\/2023\/02\/logo-wektor.png","width":1338,"height":143,"caption":"EXPARTO"},"image":{"@id":"https:\/\/exparto.pl\/hu\/#\/schema\/logo\/image\/"},"sameAs":["https:\/\/www.facebook.com\/exparto.agro\/"]}]}},"_links":{"self":[{"href":"https:\/\/exparto.pl\/hu\/wp-json\/wp\/v2\/product\/15148","targetHints":{"allow":["GET"]}}],"collection":[{"href":"https:\/\/exparto.pl\/hu\/wp-json\/wp\/v2\/product"}],"about":[{"href":"https:\/\/exparto.pl\/hu\/wp-json\/wp\/v2\/types\/product"}],"replies":[{"embeddable":true,"href":"https:\/\/exparto.pl\/hu\/wp-json\/wp\/v2\/comments?post=15148"}],"wp:featuredmedia":[{"embeddable":true,"href":"https:\/\/exparto.pl\/hu\/wp-json\/wp\/v2\/media\/15133"}],"wp:attachment":[{"href":"https:\/\/exparto.pl\/hu\/wp-json\/wp\/v2\/media?parent=15148"}],"wp:term":[{"taxonomy":"product_brand","embeddable":true,"href":"https:\/\/exparto.pl\/hu\/wp-json\/wp\/v2\/product_brand?post=15148"},{"taxonomy":"product_cat","embeddable":true,"href":"https:\/\/exparto.pl\/hu\/wp-json\/wp\/v2\/product_cat?post=15148"},{"taxonomy":"product_tag","embeddable":true,"href":"https:\/\/exparto.pl\/hu\/wp-json\/wp\/v2\/product_tag?post=15148"}],"curies":[{"name":"wp","href":"https:\/\/api.w.org\/{rel}","templated":true}]}}