{"id":15334,"date":"2023-11-29T08:19:03","date_gmt":"2023-11-29T07:19:03","guid":{"rendered":"https:\/\/exparto.pl\/produkt\/obroza-stanowiskowa-jalowka-l-100cm\/"},"modified":"2026-04-23T15:00:20","modified_gmt":"2026-04-23T13:00:20","slug":"obroza-stanowiskowa-jalowka-l-100cm","status":"publish","type":"product","link":"https:\/\/exparto.pl\/hu\/produkt\/obroza-stanowiskowa-jalowka-l-100cm\/","title":{"rendered":"Obro\u017ca stanowiskowa Ja\u0142\u00f3wka L-100cm"},"content":{"rendered":"<p><p style=\"text-align: justify;\"><b>Dane techniczne:<\/b><\/p>\n<ul>\n<li><span style=\"color: var(--gray-800);\">regulacja zapi\u0119cia<\/span><\/li>\n<li>podw\u00f3jna ta\u015bma<\/li>\n<li>wzmocnienie na regulacji &#8211; dodatkowa ta\u015bma naszyta<\/li>\n<li><span style=\"color: var(--gray-800);\">otwory wybijane na gor\u0105co, nie rozwarstwiaj\u0105 si\u0119<\/span><\/li>\n<li>okucia wykonane ze stali ocynkowanej<\/li>\n<\/ul>\n<p><span style=\"font-weight: 400;\">Obro\u017ca dla byd\u0142a 100cm &#8211; obro\u017ca dla krowy, ja\u0142\u00f3wki, m\u0142odego byka (numer katalogowy CZR01632) to wysokiej jako\u015bci uwi\u0119\u017a stanowiskowa. S\u0142u\u017cy ona do prowadzenia zwierz\u0105t z miejsca na miejsce. <\/span><b>Obro\u017ca dla byd\u0142a jest wyposa\u017cona w specjalne k\u00f3\u0142ko, do kt\u00f3rego mo\u017cna zamocowa\u0107 \u0142a\u0144cuch zwi\u0119kszaj\u0105cy wygod\u0119 i bezpiecze\u0144stwo u\u017cytkowania akcesorium.<\/b><\/p>\n<h2><span style=\"font-weight: 400;\">Obro\u017ca dla byd\u0142a 100cm &#8211; obro\u017ca dla krowy, ja\u0142\u00f3wki, m\u0142odego byka<\/span><\/h2>\n<p><span style=\"font-weight: 400;\">Obro\u017ca dla ja\u0142\u00f3wki i pas dla m\u0142odych byk\u00f3w to produkty, kt\u00f3re sprawdz\u0105 si\u0119 podczas zabieg\u00f3w piel\u0119gnacyjnych oraz w trakcie uwi\u0105zania w kojcu. <\/span><b>Oferowane przez nas akcesorium wyr\u00f3\u017cnia si\u0119 wysok\u0105 jako\u015bci\u0105 wykonania. <\/b><span style=\"font-weight: 400;\">Obro\u017ca dla byd\u0142a 100cm to ta\u015bma maj\u0105ca dodatkowe wzmocnienia na regulacji. Obro\u017ca dla krowy mo\u017ce zosta\u0107 \u0142atwo dopasowana do rozmiar\u00f3w zwierz\u0119cia.<\/span><\/p>\n<p><span style=\"font-weight: 400;\">Wytrzyma\u0142y materia\u0142 zapewnia pe\u0142ne bezpiecze\u0144stwo podczas u\u017cytkowania. <\/span><b>Obro\u017ca dla m\u0142odego byka wyr\u00f3\u017cnia si\u0119 odporno\u015bci\u0105 na uszkodzenia mechaniczne.<\/b><span style=\"font-weight: 400;\"> Jest przy tym bardzo trwa\u0142a. Obro\u017ca OBJ100 posiada otwory wybijane na gor\u0105co, dzi\u0119ki czemu nie trzeba martwi\u0107 si\u0119 ryzykiem rozwarstwienia.<\/span><\/p>\n","protected":false},"excerpt":{"rendered":"<p style=\"text-align: justify;\">Obro\u017ca dla ja\u0142\u00f3wki, m\u0142odego byka 100 cm<\/p>\n","protected":false},"featured_media":15324,"comment_status":"open","ping_status":"closed","template":"","meta":{"_acf_changed":false,"inline_featured_image":false},"product_brand":[],"product_cat":[194,726],"product_tag":[],"class_list":{"0":"post-15334","1":"product","2":"type-product","3":"status-publish","4":"has-post-thumbnail","6":"product_cat-hodowla","7":"product_cat-obroze","9":"first","10":"instock","11":"taxable","12":"shipping-taxable","13":"purchasable","14":"product-type-simple"},"acf":[],"yoast_head":"<!-- This site is optimized with the Yoast SEO plugin v27.4 - https:\/\/yoast.com\/product\/yoast-seo-wordpress\/ -->\n<title>Obro\u017ca stanowiskowa Ja\u0142\u00f3wka L-100cm - Exparto.pl<\/title>\n<meta name=\"robots\" content=\"index, follow, max-snippet:-1, max-image-preview:large, max-video-preview:-1\" \/>\n<link rel=\"canonical\" href=\"https:\/\/exparto.pl\/hu\/produkt\/obroza-stanowiskowa-jalowka-l-100cm\/\" \/>\n<meta property=\"og:locale\" content=\"hu_HU\" \/>\n<meta property=\"og:type\" content=\"article\" \/>\n<meta property=\"og:title\" content=\"Obro\u017ca stanowiskowa Ja\u0142\u00f3wka L-100cm - Exparto.pl\" \/>\n<meta property=\"og:description\" content=\"Obro\u017ca dla ja\u0142\u00f3wki, m\u0142odego byka 100 cm\" \/>\n<meta property=\"og:url\" content=\"https:\/\/exparto.pl\/hu\/produkt\/obroza-stanowiskowa-jalowka-l-100cm\/\" \/>\n<meta property=\"og:site_name\" content=\"Exparto.pl\" \/>\n<meta property=\"article:publisher\" content=\"https:\/\/www.facebook.com\/exparto.agro\/\" \/>\n<meta property=\"article:modified_time\" content=\"2026-04-23T13:00:20+00:00\" \/>\n<meta property=\"og:image\" content=\"https:\/\/exparto.pl\/wp-content\/uploads\/2023\/11\/495bde7c8dbe6ac5d772569d98a02740.jpg\" \/>\n\t<meta property=\"og:image:width\" content=\"1000\" \/>\n\t<meta property=\"og:image:height\" content=\"1000\" \/>\n\t<meta property=\"og:image:type\" content=\"image\/jpeg\" \/>\n<meta name=\"twitter:card\" content=\"summary_large_image\" \/>\n<meta name=\"twitter:label1\" content=\"Becs\u00fclt olvas\u00e1si id\u0151\" \/>\n\t<meta name=\"twitter:data1\" content=\"2 perc\" \/>\n<script type=\"application\/ld+json\" class=\"yoast-schema-graph\">{\"@context\":\"https:\\\/\\\/schema.org\",\"@graph\":[{\"@type\":\"WebPage\",\"@id\":\"https:\\\/\\\/exparto.pl\\\/hu\\\/produkt\\\/obroza-stanowiskowa-jalowka-l-100cm\\\/\",\"url\":\"https:\\\/\\\/exparto.pl\\\/hu\\\/produkt\\\/obroza-stanowiskowa-jalowka-l-100cm\\\/\",\"name\":\"Obro\u017ca stanowiskowa Ja\u0142\u00f3wka L-100cm - Exparto.pl\",\"isPartOf\":{\"@id\":\"https:\\\/\\\/exparto.pl\\\/hu\\\/#website\"},\"primaryImageOfPage\":{\"@id\":\"https:\\\/\\\/exparto.pl\\\/hu\\\/produkt\\\/obroza-stanowiskowa-jalowka-l-100cm\\\/#primaryimage\"},\"image\":{\"@id\":\"https:\\\/\\\/exparto.pl\\\/hu\\\/produkt\\\/obroza-stanowiskowa-jalowka-l-100cm\\\/#primaryimage\"},\"thumbnailUrl\":\"https:\\\/\\\/exparto.pl\\\/wp-content\\\/uploads\\\/2023\\\/11\\\/495bde7c8dbe6ac5d772569d98a02740.jpg\",\"datePublished\":\"2023-11-29T07:19:03+00:00\",\"dateModified\":\"2026-04-23T13:00:20+00:00\",\"breadcrumb\":{\"@id\":\"https:\\\/\\\/exparto.pl\\\/hu\\\/produkt\\\/obroza-stanowiskowa-jalowka-l-100cm\\\/#breadcrumb\"},\"inLanguage\":\"hu\",\"potentialAction\":[{\"@type\":\"ReadAction\",\"target\":[\"https:\\\/\\\/exparto.pl\\\/hu\\\/produkt\\\/obroza-stanowiskowa-jalowka-l-100cm\\\/\"]}]},{\"@type\":\"ImageObject\",\"inLanguage\":\"hu\",\"@id\":\"https:\\\/\\\/exparto.pl\\\/hu\\\/produkt\\\/obroza-stanowiskowa-jalowka-l-100cm\\\/#primaryimage\",\"url\":\"https:\\\/\\\/exparto.pl\\\/wp-content\\\/uploads\\\/2023\\\/11\\\/495bde7c8dbe6ac5d772569d98a02740.jpg\",\"contentUrl\":\"https:\\\/\\\/exparto.pl\\\/wp-content\\\/uploads\\\/2023\\\/11\\\/495bde7c8dbe6ac5d772569d98a02740.jpg\",\"width\":1000,\"height\":1000},{\"@type\":\"BreadcrumbList\",\"@id\":\"https:\\\/\\\/exparto.pl\\\/hu\\\/produkt\\\/obroza-stanowiskowa-jalowka-l-100cm\\\/#breadcrumb\",\"itemListElement\":[{\"@type\":\"ListItem\",\"position\":1,\"name\":\"Honlap\",\"item\":\"https:\\\/\\\/exparto.pl\\\/hu\\\/\"},{\"@type\":\"ListItem\",\"position\":2,\"name\":\"Sklep\",\"item\":\"https:\\\/\\\/exparto.pl\\\/sklep\\\/\"},{\"@type\":\"ListItem\",\"position\":3,\"name\":\"Teny\u00e9szt\u00e9s\",\"item\":\"https:\\\/\\\/exparto.pl\\\/hu\\\/termekkategoria\\\/tenyesztes\\\/\"},{\"@type\":\"ListItem\",\"position\":4,\"name\":\"Obro\u017ce dla byd\u0142a\",\"item\":\"https:\\\/\\\/exparto.pl\\\/kategoria-produktu\\\/hodowla\\\/obroze\\\/\"},{\"@type\":\"ListItem\",\"position\":5,\"name\":\"Obro\u017ca stanowiskowa Ja\u0142\u00f3wka L-100cm\"}]},{\"@type\":\"WebSite\",\"@id\":\"https:\\\/\\\/exparto.pl\\\/hu\\\/#website\",\"url\":\"https:\\\/\\\/exparto.pl\\\/hu\\\/\",\"name\":\"EXPARTO\",\"description\":\"More than agro parts\",\"publisher\":{\"@id\":\"https:\\\/\\\/exparto.pl\\\/hu\\\/#organization\"},\"potentialAction\":[{\"@type\":\"SearchAction\",\"target\":{\"@type\":\"EntryPoint\",\"urlTemplate\":\"https:\\\/\\\/exparto.pl\\\/hu\\\/?s={search_term_string}\"},\"query-input\":{\"@type\":\"PropertyValueSpecification\",\"valueRequired\":true,\"valueName\":\"search_term_string\"}}],\"inLanguage\":\"hu\"},{\"@type\":\"Organization\",\"@id\":\"https:\\\/\\\/exparto.pl\\\/hu\\\/#organization\",\"name\":\"EXPARTO\",\"url\":\"https:\\\/\\\/exparto.pl\\\/hu\\\/\",\"logo\":{\"@type\":\"ImageObject\",\"inLanguage\":\"hu\",\"@id\":\"https:\\\/\\\/exparto.pl\\\/hu\\\/#\\\/schema\\\/logo\\\/image\\\/\",\"url\":\"https:\\\/\\\/exparto.pl\\\/wp-content\\\/uploads\\\/2023\\\/02\\\/logo-wektor.png\",\"contentUrl\":\"https:\\\/\\\/exparto.pl\\\/wp-content\\\/uploads\\\/2023\\\/02\\\/logo-wektor.png\",\"width\":1338,\"height\":143,\"caption\":\"EXPARTO\"},\"image\":{\"@id\":\"https:\\\/\\\/exparto.pl\\\/hu\\\/#\\\/schema\\\/logo\\\/image\\\/\"},\"sameAs\":[\"https:\\\/\\\/www.facebook.com\\\/exparto.agro\\\/\"]}]}<\/script>\n<!-- \/ Yoast SEO plugin. -->","yoast_head_json":{"title":"Obro\u017ca stanowiskowa Ja\u0142\u00f3wka L-100cm - Exparto.pl","robots":{"index":"index","follow":"follow","max-snippet":"max-snippet:-1","max-image-preview":"max-image-preview:large","max-video-preview":"max-video-preview:-1"},"canonical":"https:\/\/exparto.pl\/hu\/produkt\/obroza-stanowiskowa-jalowka-l-100cm\/","og_locale":"hu_HU","og_type":"article","og_title":"Obro\u017ca stanowiskowa Ja\u0142\u00f3wka L-100cm - Exparto.pl","og_description":"Obro\u017ca dla ja\u0142\u00f3wki, m\u0142odego byka 100 cm","og_url":"https:\/\/exparto.pl\/hu\/produkt\/obroza-stanowiskowa-jalowka-l-100cm\/","og_site_name":"Exparto.pl","article_publisher":"https:\/\/www.facebook.com\/exparto.agro\/","article_modified_time":"2026-04-23T13:00:20+00:00","og_image":[{"width":1000,"height":1000,"url":"https:\/\/exparto.pl\/wp-content\/uploads\/2023\/11\/495bde7c8dbe6ac5d772569d98a02740.jpg","type":"image\/jpeg"}],"twitter_card":"summary_large_image","twitter_misc":{"Becs\u00fclt olvas\u00e1si id\u0151":"2 perc"},"schema":{"@context":"https:\/\/schema.org","@graph":[{"@type":"WebPage","@id":"https:\/\/exparto.pl\/hu\/produkt\/obroza-stanowiskowa-jalowka-l-100cm\/","url":"https:\/\/exparto.pl\/hu\/produkt\/obroza-stanowiskowa-jalowka-l-100cm\/","name":"Obro\u017ca stanowiskowa Ja\u0142\u00f3wka L-100cm - Exparto.pl","isPartOf":{"@id":"https:\/\/exparto.pl\/hu\/#website"},"primaryImageOfPage":{"@id":"https:\/\/exparto.pl\/hu\/produkt\/obroza-stanowiskowa-jalowka-l-100cm\/#primaryimage"},"image":{"@id":"https:\/\/exparto.pl\/hu\/produkt\/obroza-stanowiskowa-jalowka-l-100cm\/#primaryimage"},"thumbnailUrl":"https:\/\/exparto.pl\/wp-content\/uploads\/2023\/11\/495bde7c8dbe6ac5d772569d98a02740.jpg","datePublished":"2023-11-29T07:19:03+00:00","dateModified":"2026-04-23T13:00:20+00:00","breadcrumb":{"@id":"https:\/\/exparto.pl\/hu\/produkt\/obroza-stanowiskowa-jalowka-l-100cm\/#breadcrumb"},"inLanguage":"hu","potentialAction":[{"@type":"ReadAction","target":["https:\/\/exparto.pl\/hu\/produkt\/obroza-stanowiskowa-jalowka-l-100cm\/"]}]},{"@type":"ImageObject","inLanguage":"hu","@id":"https:\/\/exparto.pl\/hu\/produkt\/obroza-stanowiskowa-jalowka-l-100cm\/#primaryimage","url":"https:\/\/exparto.pl\/wp-content\/uploads\/2023\/11\/495bde7c8dbe6ac5d772569d98a02740.jpg","contentUrl":"https:\/\/exparto.pl\/wp-content\/uploads\/2023\/11\/495bde7c8dbe6ac5d772569d98a02740.jpg","width":1000,"height":1000},{"@type":"BreadcrumbList","@id":"https:\/\/exparto.pl\/hu\/produkt\/obroza-stanowiskowa-jalowka-l-100cm\/#breadcrumb","itemListElement":[{"@type":"ListItem","position":1,"name":"Honlap","item":"https:\/\/exparto.pl\/hu\/"},{"@type":"ListItem","position":2,"name":"Sklep","item":"https:\/\/exparto.pl\/sklep\/"},{"@type":"ListItem","position":3,"name":"Teny\u00e9szt\u00e9s","item":"https:\/\/exparto.pl\/hu\/termekkategoria\/tenyesztes\/"},{"@type":"ListItem","position":4,"name":"Obro\u017ce dla byd\u0142a","item":"https:\/\/exparto.pl\/kategoria-produktu\/hodowla\/obroze\/"},{"@type":"ListItem","position":5,"name":"Obro\u017ca stanowiskowa Ja\u0142\u00f3wka L-100cm"}]},{"@type":"WebSite","@id":"https:\/\/exparto.pl\/hu\/#website","url":"https:\/\/exparto.pl\/hu\/","name":"EXPARTO","description":"More than agro parts","publisher":{"@id":"https:\/\/exparto.pl\/hu\/#organization"},"potentialAction":[{"@type":"SearchAction","target":{"@type":"EntryPoint","urlTemplate":"https:\/\/exparto.pl\/hu\/?s={search_term_string}"},"query-input":{"@type":"PropertyValueSpecification","valueRequired":true,"valueName":"search_term_string"}}],"inLanguage":"hu"},{"@type":"Organization","@id":"https:\/\/exparto.pl\/hu\/#organization","name":"EXPARTO","url":"https:\/\/exparto.pl\/hu\/","logo":{"@type":"ImageObject","inLanguage":"hu","@id":"https:\/\/exparto.pl\/hu\/#\/schema\/logo\/image\/","url":"https:\/\/exparto.pl\/wp-content\/uploads\/2023\/02\/logo-wektor.png","contentUrl":"https:\/\/exparto.pl\/wp-content\/uploads\/2023\/02\/logo-wektor.png","width":1338,"height":143,"caption":"EXPARTO"},"image":{"@id":"https:\/\/exparto.pl\/hu\/#\/schema\/logo\/image\/"},"sameAs":["https:\/\/www.facebook.com\/exparto.agro\/"]}]}},"_links":{"self":[{"href":"https:\/\/exparto.pl\/hu\/wp-json\/wp\/v2\/product\/15334","targetHints":{"allow":["GET"]}}],"collection":[{"href":"https:\/\/exparto.pl\/hu\/wp-json\/wp\/v2\/product"}],"about":[{"href":"https:\/\/exparto.pl\/hu\/wp-json\/wp\/v2\/types\/product"}],"replies":[{"embeddable":true,"href":"https:\/\/exparto.pl\/hu\/wp-json\/wp\/v2\/comments?post=15334"}],"wp:featuredmedia":[{"embeddable":true,"href":"https:\/\/exparto.pl\/hu\/wp-json\/wp\/v2\/media\/15324"}],"wp:attachment":[{"href":"https:\/\/exparto.pl\/hu\/wp-json\/wp\/v2\/media?parent=15334"}],"wp:term":[{"taxonomy":"product_brand","embeddable":true,"href":"https:\/\/exparto.pl\/hu\/wp-json\/wp\/v2\/product_brand?post=15334"},{"taxonomy":"product_cat","embeddable":true,"href":"https:\/\/exparto.pl\/hu\/wp-json\/wp\/v2\/product_cat?post=15334"},{"taxonomy":"product_tag","embeddable":true,"href":"https:\/\/exparto.pl\/hu\/wp-json\/wp\/v2\/product_tag?post=15334"}],"curies":[{"name":"wp","href":"https:\/\/api.w.org\/{rel}","templated":true}]}}