{"id":15345,"date":"2023-11-29T08:19:30","date_gmt":"2023-11-29T07:19:30","guid":{"rendered":"https:\/\/exparto.pl\/produkt\/obroza-stanowiskowa-dla-krowy-l-150cm\/"},"modified":"2026-04-21T11:00:26","modified_gmt":"2026-04-21T09:00:26","slug":"obroza-stanowiskowa-dla-krowy-l-150cm","status":"publish","type":"product","link":"https:\/\/exparto.pl\/hu\/produkt\/obroza-stanowiskowa-dla-krowy-l-150cm\/","title":{"rendered":"Obro\u017ca stanowiskowa dla krowy L-150cm"},"content":{"rendered":"<p><p style=\"text-align: justify;\"><b>Dane techniczne:<\/b><\/p>\n<ul>\n<li style=\"text-align: justify;\">regulacja 10 stopniowa<\/li>\n<li style=\"text-align: justify;\">podw\u00f3jna ta\u015bma<\/li>\n<li style=\"text-align: justify;\">wzmocnienie na regulacji &#8211; dodatkowa ta\u015bma naszyta<\/li>\n<li style=\"text-align: justify;\">otwory wybijane na gor\u0105co, nie rozwarstwiaj\u0105 si\u0119<\/li>\n<li style=\"text-align: justify;\">okucia wykonane ze stali ocynkowanej<\/li>\n<li style=\"text-align: justify;\">podw\u00f3jne zapi\u0119cie<\/li>\n<li style=\"text-align: justify;\">nitowana 6 nit\u00f3w<\/li>\n<\/ul>\n<p><span style=\"font-weight: 400;\">Prezentowana obro\u017ca dla byd\u0142a 150cm &#8211; wzmacniania obro\u017ca dla krowy to wysokiej jako\u015bci akcesorium, niezb\u0119dne w ka\u017cdym gospodarstwie, gdzie hoduje si\u0119 zwierz\u0119ta. <\/span><b>Pasek zosta\u0142 wykonany z bardzo mocnego tworzywa sztucznego, w pe\u0142ni odpornego na r\u00f3\u017cne warunki panuj\u0105ce w pomieszczeniach inwentarskich. <\/b><span style=\"font-weight: 400;\">Oferowana przez nas obro\u017ca dla byd\u0142a jest jednocze\u015bnie odpowiednio mi\u0119kka, dlatego nie powoduje podra\u017cnienia czy odparzenia sk\u00f3ry.<\/span><\/p>\n<h2><span style=\"font-weight: 400;\">Obro\u017ca dla byd\u0142a 150cm &#8211; wzmacniania obro\u017ca dla krowy<\/span><\/h2>\n<p><span style=\"font-weight: 400;\">Produkt znakomicie sprawdzi si\u0119 np. podczas zabieg\u00f3w piel\u0119gnacyjnych oraz zawsze wtedy, gdy pojawi si\u0119 konieczno\u015b\u0107 uwi\u0105zania zwierz\u0119cia w kojcu. <\/span><b>Obro\u017ca dla byd\u0142a 150cm <\/b><span style=\"font-weight: 400;\">(numer katalogowy <\/span><span style=\"font-weight: 400;\">CZR01619)<\/span><b> s\u0142u\u017cy do bezpiecznego prowadzenia osobnika.<\/b><span style=\"font-weight: 400;\"> Jest wyposa\u017cona w k\u00f3\u0142ko, do kt\u00f3rego mo\u017cna zamocowa\u0107 \u0142a\u0144cuch.<\/span><\/p>\n<p><p style=\"text-align: justify;\"><b>Obro\u017ca dla krowy to praktyczna uwi\u0119\u017a stanowiskowa, kt\u00f3ra zapewnia mo\u017cliwo\u015b\u0107 regulacji w szerokim zakresie.<\/b><span style=\"font-weight: 400;\"> Dzi\u0119ki temu \u0142atwo dopasujemy j\u0105 do rozmiaru zwierz\u0119cia. Prezentowana obro\u017ca TORO OKT1 ma otwory wybijane na gor\u0105co, kt\u00f3re s\u0105 odporne na rozwarstwianie.<\/span><\/p>\n","protected":false},"excerpt":{"rendered":"<p style=\"text-align: justify;\">Obro\u017ca dla krowy, byd\u0142a ze wzmacnian\u0105 regulacj\u0105 150 cm<\/p>\n","protected":false},"featured_media":15335,"comment_status":"open","ping_status":"closed","template":"","meta":{"_acf_changed":false,"inline_featured_image":false},"product_brand":[],"product_cat":[194,726],"product_tag":[],"class_list":{"0":"post-15345","1":"product","2":"type-product","3":"status-publish","4":"has-post-thumbnail","6":"product_cat-hodowla","7":"product_cat-obroze","9":"first","10":"instock","11":"taxable","12":"shipping-taxable","13":"purchasable","14":"product-type-simple"},"acf":[],"yoast_head":"<!-- This site is optimized with the Yoast SEO plugin v27.4 - https:\/\/yoast.com\/product\/yoast-seo-wordpress\/ -->\n<title>Obro\u017ca stanowiskowa dla krowy L-150cm - Exparto.pl<\/title>\n<meta name=\"robots\" content=\"index, follow, max-snippet:-1, max-image-preview:large, max-video-preview:-1\" \/>\n<link rel=\"canonical\" href=\"https:\/\/exparto.pl\/hu\/produkt\/obroza-stanowiskowa-dla-krowy-l-150cm\/\" \/>\n<meta property=\"og:locale\" content=\"hu_HU\" \/>\n<meta property=\"og:type\" content=\"article\" \/>\n<meta property=\"og:title\" content=\"Obro\u017ca stanowiskowa dla krowy L-150cm - Exparto.pl\" \/>\n<meta property=\"og:description\" content=\"Obro\u017ca dla krowy, byd\u0142a ze wzmacnian\u0105 regulacj\u0105 150 cm\" \/>\n<meta property=\"og:url\" content=\"https:\/\/exparto.pl\/hu\/produkt\/obroza-stanowiskowa-dla-krowy-l-150cm\/\" \/>\n<meta property=\"og:site_name\" content=\"Exparto.pl\" \/>\n<meta property=\"article:publisher\" content=\"https:\/\/www.facebook.com\/exparto.agro\/\" \/>\n<meta property=\"article:modified_time\" content=\"2026-04-21T09:00:26+00:00\" \/>\n<meta property=\"og:image\" content=\"https:\/\/exparto.pl\/wp-content\/uploads\/2023\/11\/8956aba251e89ce1cf8bfbb34ba73280.jpg\" \/>\n\t<meta property=\"og:image:width\" content=\"1000\" \/>\n\t<meta property=\"og:image:height\" content=\"1000\" \/>\n\t<meta property=\"og:image:type\" content=\"image\/jpeg\" \/>\n<meta name=\"twitter:card\" content=\"summary_large_image\" \/>\n<meta name=\"twitter:label1\" content=\"Becs\u00fclt olvas\u00e1si id\u0151\" \/>\n\t<meta name=\"twitter:data1\" content=\"2 perc\" \/>\n<script type=\"application\/ld+json\" class=\"yoast-schema-graph\">{\"@context\":\"https:\\\/\\\/schema.org\",\"@graph\":[{\"@type\":\"WebPage\",\"@id\":\"https:\\\/\\\/exparto.pl\\\/hu\\\/produkt\\\/obroza-stanowiskowa-dla-krowy-l-150cm\\\/\",\"url\":\"https:\\\/\\\/exparto.pl\\\/hu\\\/produkt\\\/obroza-stanowiskowa-dla-krowy-l-150cm\\\/\",\"name\":\"Obro\u017ca stanowiskowa dla krowy L-150cm - Exparto.pl\",\"isPartOf\":{\"@id\":\"https:\\\/\\\/exparto.pl\\\/hu\\\/#website\"},\"primaryImageOfPage\":{\"@id\":\"https:\\\/\\\/exparto.pl\\\/hu\\\/produkt\\\/obroza-stanowiskowa-dla-krowy-l-150cm\\\/#primaryimage\"},\"image\":{\"@id\":\"https:\\\/\\\/exparto.pl\\\/hu\\\/produkt\\\/obroza-stanowiskowa-dla-krowy-l-150cm\\\/#primaryimage\"},\"thumbnailUrl\":\"https:\\\/\\\/exparto.pl\\\/wp-content\\\/uploads\\\/2023\\\/11\\\/8956aba251e89ce1cf8bfbb34ba73280.jpg\",\"datePublished\":\"2023-11-29T07:19:30+00:00\",\"dateModified\":\"2026-04-21T09:00:26+00:00\",\"breadcrumb\":{\"@id\":\"https:\\\/\\\/exparto.pl\\\/hu\\\/produkt\\\/obroza-stanowiskowa-dla-krowy-l-150cm\\\/#breadcrumb\"},\"inLanguage\":\"hu\",\"potentialAction\":[{\"@type\":\"ReadAction\",\"target\":[\"https:\\\/\\\/exparto.pl\\\/hu\\\/produkt\\\/obroza-stanowiskowa-dla-krowy-l-150cm\\\/\"]}]},{\"@type\":\"ImageObject\",\"inLanguage\":\"hu\",\"@id\":\"https:\\\/\\\/exparto.pl\\\/hu\\\/produkt\\\/obroza-stanowiskowa-dla-krowy-l-150cm\\\/#primaryimage\",\"url\":\"https:\\\/\\\/exparto.pl\\\/wp-content\\\/uploads\\\/2023\\\/11\\\/8956aba251e89ce1cf8bfbb34ba73280.jpg\",\"contentUrl\":\"https:\\\/\\\/exparto.pl\\\/wp-content\\\/uploads\\\/2023\\\/11\\\/8956aba251e89ce1cf8bfbb34ba73280.jpg\",\"width\":1000,\"height\":1000},{\"@type\":\"BreadcrumbList\",\"@id\":\"https:\\\/\\\/exparto.pl\\\/hu\\\/produkt\\\/obroza-stanowiskowa-dla-krowy-l-150cm\\\/#breadcrumb\",\"itemListElement\":[{\"@type\":\"ListItem\",\"position\":1,\"name\":\"Honlap\",\"item\":\"https:\\\/\\\/exparto.pl\\\/hu\\\/\"},{\"@type\":\"ListItem\",\"position\":2,\"name\":\"Sklep\",\"item\":\"https:\\\/\\\/exparto.pl\\\/sklep\\\/\"},{\"@type\":\"ListItem\",\"position\":3,\"name\":\"Teny\u00e9szt\u00e9s\",\"item\":\"https:\\\/\\\/exparto.pl\\\/hu\\\/termekkategoria\\\/tenyesztes\\\/\"},{\"@type\":\"ListItem\",\"position\":4,\"name\":\"Obro\u017ce dla byd\u0142a\",\"item\":\"https:\\\/\\\/exparto.pl\\\/kategoria-produktu\\\/hodowla\\\/obroze\\\/\"},{\"@type\":\"ListItem\",\"position\":5,\"name\":\"Obro\u017ca stanowiskowa dla krowy L-150cm\"}]},{\"@type\":\"WebSite\",\"@id\":\"https:\\\/\\\/exparto.pl\\\/hu\\\/#website\",\"url\":\"https:\\\/\\\/exparto.pl\\\/hu\\\/\",\"name\":\"EXPARTO\",\"description\":\"More than agro parts\",\"publisher\":{\"@id\":\"https:\\\/\\\/exparto.pl\\\/hu\\\/#organization\"},\"potentialAction\":[{\"@type\":\"SearchAction\",\"target\":{\"@type\":\"EntryPoint\",\"urlTemplate\":\"https:\\\/\\\/exparto.pl\\\/hu\\\/?s={search_term_string}\"},\"query-input\":{\"@type\":\"PropertyValueSpecification\",\"valueRequired\":true,\"valueName\":\"search_term_string\"}}],\"inLanguage\":\"hu\"},{\"@type\":\"Organization\",\"@id\":\"https:\\\/\\\/exparto.pl\\\/hu\\\/#organization\",\"name\":\"EXPARTO\",\"url\":\"https:\\\/\\\/exparto.pl\\\/hu\\\/\",\"logo\":{\"@type\":\"ImageObject\",\"inLanguage\":\"hu\",\"@id\":\"https:\\\/\\\/exparto.pl\\\/hu\\\/#\\\/schema\\\/logo\\\/image\\\/\",\"url\":\"https:\\\/\\\/exparto.pl\\\/wp-content\\\/uploads\\\/2023\\\/02\\\/logo-wektor.png\",\"contentUrl\":\"https:\\\/\\\/exparto.pl\\\/wp-content\\\/uploads\\\/2023\\\/02\\\/logo-wektor.png\",\"width\":1338,\"height\":143,\"caption\":\"EXPARTO\"},\"image\":{\"@id\":\"https:\\\/\\\/exparto.pl\\\/hu\\\/#\\\/schema\\\/logo\\\/image\\\/\"},\"sameAs\":[\"https:\\\/\\\/www.facebook.com\\\/exparto.agro\\\/\"]}]}<\/script>\n<!-- \/ Yoast SEO plugin. -->","yoast_head_json":{"title":"Obro\u017ca stanowiskowa dla krowy L-150cm - Exparto.pl","robots":{"index":"index","follow":"follow","max-snippet":"max-snippet:-1","max-image-preview":"max-image-preview:large","max-video-preview":"max-video-preview:-1"},"canonical":"https:\/\/exparto.pl\/hu\/produkt\/obroza-stanowiskowa-dla-krowy-l-150cm\/","og_locale":"hu_HU","og_type":"article","og_title":"Obro\u017ca stanowiskowa dla krowy L-150cm - Exparto.pl","og_description":"Obro\u017ca dla krowy, byd\u0142a ze wzmacnian\u0105 regulacj\u0105 150 cm","og_url":"https:\/\/exparto.pl\/hu\/produkt\/obroza-stanowiskowa-dla-krowy-l-150cm\/","og_site_name":"Exparto.pl","article_publisher":"https:\/\/www.facebook.com\/exparto.agro\/","article_modified_time":"2026-04-21T09:00:26+00:00","og_image":[{"width":1000,"height":1000,"url":"https:\/\/exparto.pl\/wp-content\/uploads\/2023\/11\/8956aba251e89ce1cf8bfbb34ba73280.jpg","type":"image\/jpeg"}],"twitter_card":"summary_large_image","twitter_misc":{"Becs\u00fclt olvas\u00e1si id\u0151":"2 perc"},"schema":{"@context":"https:\/\/schema.org","@graph":[{"@type":"WebPage","@id":"https:\/\/exparto.pl\/hu\/produkt\/obroza-stanowiskowa-dla-krowy-l-150cm\/","url":"https:\/\/exparto.pl\/hu\/produkt\/obroza-stanowiskowa-dla-krowy-l-150cm\/","name":"Obro\u017ca stanowiskowa dla krowy L-150cm - Exparto.pl","isPartOf":{"@id":"https:\/\/exparto.pl\/hu\/#website"},"primaryImageOfPage":{"@id":"https:\/\/exparto.pl\/hu\/produkt\/obroza-stanowiskowa-dla-krowy-l-150cm\/#primaryimage"},"image":{"@id":"https:\/\/exparto.pl\/hu\/produkt\/obroza-stanowiskowa-dla-krowy-l-150cm\/#primaryimage"},"thumbnailUrl":"https:\/\/exparto.pl\/wp-content\/uploads\/2023\/11\/8956aba251e89ce1cf8bfbb34ba73280.jpg","datePublished":"2023-11-29T07:19:30+00:00","dateModified":"2026-04-21T09:00:26+00:00","breadcrumb":{"@id":"https:\/\/exparto.pl\/hu\/produkt\/obroza-stanowiskowa-dla-krowy-l-150cm\/#breadcrumb"},"inLanguage":"hu","potentialAction":[{"@type":"ReadAction","target":["https:\/\/exparto.pl\/hu\/produkt\/obroza-stanowiskowa-dla-krowy-l-150cm\/"]}]},{"@type":"ImageObject","inLanguage":"hu","@id":"https:\/\/exparto.pl\/hu\/produkt\/obroza-stanowiskowa-dla-krowy-l-150cm\/#primaryimage","url":"https:\/\/exparto.pl\/wp-content\/uploads\/2023\/11\/8956aba251e89ce1cf8bfbb34ba73280.jpg","contentUrl":"https:\/\/exparto.pl\/wp-content\/uploads\/2023\/11\/8956aba251e89ce1cf8bfbb34ba73280.jpg","width":1000,"height":1000},{"@type":"BreadcrumbList","@id":"https:\/\/exparto.pl\/hu\/produkt\/obroza-stanowiskowa-dla-krowy-l-150cm\/#breadcrumb","itemListElement":[{"@type":"ListItem","position":1,"name":"Honlap","item":"https:\/\/exparto.pl\/hu\/"},{"@type":"ListItem","position":2,"name":"Sklep","item":"https:\/\/exparto.pl\/sklep\/"},{"@type":"ListItem","position":3,"name":"Teny\u00e9szt\u00e9s","item":"https:\/\/exparto.pl\/hu\/termekkategoria\/tenyesztes\/"},{"@type":"ListItem","position":4,"name":"Obro\u017ce dla byd\u0142a","item":"https:\/\/exparto.pl\/kategoria-produktu\/hodowla\/obroze\/"},{"@type":"ListItem","position":5,"name":"Obro\u017ca stanowiskowa dla krowy L-150cm"}]},{"@type":"WebSite","@id":"https:\/\/exparto.pl\/hu\/#website","url":"https:\/\/exparto.pl\/hu\/","name":"EXPARTO","description":"More than agro parts","publisher":{"@id":"https:\/\/exparto.pl\/hu\/#organization"},"potentialAction":[{"@type":"SearchAction","target":{"@type":"EntryPoint","urlTemplate":"https:\/\/exparto.pl\/hu\/?s={search_term_string}"},"query-input":{"@type":"PropertyValueSpecification","valueRequired":true,"valueName":"search_term_string"}}],"inLanguage":"hu"},{"@type":"Organization","@id":"https:\/\/exparto.pl\/hu\/#organization","name":"EXPARTO","url":"https:\/\/exparto.pl\/hu\/","logo":{"@type":"ImageObject","inLanguage":"hu","@id":"https:\/\/exparto.pl\/hu\/#\/schema\/logo\/image\/","url":"https:\/\/exparto.pl\/wp-content\/uploads\/2023\/02\/logo-wektor.png","contentUrl":"https:\/\/exparto.pl\/wp-content\/uploads\/2023\/02\/logo-wektor.png","width":1338,"height":143,"caption":"EXPARTO"},"image":{"@id":"https:\/\/exparto.pl\/hu\/#\/schema\/logo\/image\/"},"sameAs":["https:\/\/www.facebook.com\/exparto.agro\/"]}]}},"_links":{"self":[{"href":"https:\/\/exparto.pl\/hu\/wp-json\/wp\/v2\/product\/15345","targetHints":{"allow":["GET"]}}],"collection":[{"href":"https:\/\/exparto.pl\/hu\/wp-json\/wp\/v2\/product"}],"about":[{"href":"https:\/\/exparto.pl\/hu\/wp-json\/wp\/v2\/types\/product"}],"replies":[{"embeddable":true,"href":"https:\/\/exparto.pl\/hu\/wp-json\/wp\/v2\/comments?post=15345"}],"wp:featuredmedia":[{"embeddable":true,"href":"https:\/\/exparto.pl\/hu\/wp-json\/wp\/v2\/media\/15335"}],"wp:attachment":[{"href":"https:\/\/exparto.pl\/hu\/wp-json\/wp\/v2\/media?parent=15345"}],"wp:term":[{"taxonomy":"product_brand","embeddable":true,"href":"https:\/\/exparto.pl\/hu\/wp-json\/wp\/v2\/product_brand?post=15345"},{"taxonomy":"product_cat","embeddable":true,"href":"https:\/\/exparto.pl\/hu\/wp-json\/wp\/v2\/product_cat?post=15345"},{"taxonomy":"product_tag","embeddable":true,"href":"https:\/\/exparto.pl\/hu\/wp-json\/wp\/v2\/product_tag?post=15345"}],"curies":[{"name":"wp","href":"https:\/\/api.w.org\/{rel}","templated":true}]}}