{"id":15487,"date":"2023-11-29T13:47:38","date_gmt":"2023-11-29T12:47:38","guid":{"rendered":"https:\/\/exparto.pl\/produkt\/silownik-hydrauliczny-dwustronnego-dzialania-63x35x220\/"},"modified":"2026-04-09T10:31:17","modified_gmt":"2026-04-09T08:31:17","slug":"silownik-hydrauliczny-dwustronnego-dzialania-63x35x220","status":"publish","type":"product","link":"https:\/\/exparto.pl\/hu\/produkt\/silownik-hydrauliczny-dwustronnego-dzialania-63x35x220\/","title":{"rendered":"Si\u0142ownik hydrauliczny dwustronnego dzia\u0142ania 63\/35\/220 FI30"},"content":{"rendered":"<p style=\"text-align: justify\">Si\u0142owniki hydrauliczne to urz\u0105dzenia, kt\u00f3re sprawdzaj\u0105 si\u0119 tam, gdzie wymagana jest <b>du\u017ca si\u0142a nacisku<\/b>. Ich zadaniem jest zamiana energii ci\u015bnienia cieczy roboczej na energi\u0119 mechaniczn\u0105. Dzi\u0119ki temu mo\u017cliwy jest <b>posuwisty ruch zespo\u0142u t\u0142ok-t\u0142oczysko<\/b>. Dodajmy, \u017ce si\u0142owniki tego typu s\u0105 idealnie dopasowane do potrzeb uk\u0142ad\u00f3w zastosowanych m.in. w maszynach rolniczych.<\/p>\n<p style=\"text-align: justify\"><b>Zastosowanie:<\/b><\/p>\n<ul>\n<li>Maszyny rolnicze i przemys\u0142owe<\/li>\n<li>Chwytaki bel<\/li>\n<li>\u0141adowacze typu TUR<\/li>\n<li>P\u0142ugi \u015bnie\u017cne<\/li>\n<\/ul>\n<p style=\"text-align: justify\">\n","protected":false},"excerpt":{"rendered":"<p style=\"text-align: justify\">Si\u0142ownik hydrauliczny 63&#215;35 skok 220<\/p>\n","protected":false},"featured_media":15467,"comment_status":"open","ping_status":"closed","template":"","meta":{"_acf_changed":false,"inline_featured_image":false},"product_brand":[],"product_cat":[223,214,1031,242,260],"product_tag":[],"class_list":{"0":"post-15487","1":"product","2":"type-product","3":"status-publish","4":"has-post-thumbnail","6":"product_cat-alkatreszek-szorokhoz","7":"product_cat-hidraulika","8":"product_cat-silowniki","9":"product_cat-hidraulikus-hengerek","10":"product_cat-ketoldalu-fellepes","12":"first","13":"instock","14":"taxable","15":"shipping-taxable","16":"purchasable","17":"product-type-simple"},"acf":[],"yoast_head":"<!-- This site is optimized with the Yoast SEO plugin v27.3 - https:\/\/yoast.com\/product\/yoast-seo-wordpress\/ -->\n<title>Si\u0142ownik hydrauliczny dwustronnego dzia\u0142ania 63\/35\/220 FI30 - Exparto.pl<\/title>\n<meta name=\"robots\" content=\"index, follow, max-snippet:-1, max-image-preview:large, max-video-preview:-1\" \/>\n<link rel=\"canonical\" href=\"https:\/\/exparto.pl\/hu\/produkt\/silownik-hydrauliczny-dwustronnego-dzialania-63x35x220\/\" \/>\n<meta property=\"og:locale\" content=\"hu_HU\" \/>\n<meta property=\"og:type\" content=\"article\" \/>\n<meta property=\"og:title\" content=\"Si\u0142ownik hydrauliczny dwustronnego dzia\u0142ania 63\/35\/220 FI30 - Exparto.pl\" \/>\n<meta property=\"og:description\" content=\"Si\u0142ownik hydrauliczny 63x35 skok 220\" \/>\n<meta property=\"og:url\" content=\"https:\/\/exparto.pl\/hu\/produkt\/silownik-hydrauliczny-dwustronnego-dzialania-63x35x220\/\" \/>\n<meta property=\"og:site_name\" content=\"Exparto.pl\" \/>\n<meta property=\"article:publisher\" content=\"https:\/\/www.facebook.com\/exparto.agro\/\" \/>\n<meta property=\"article:modified_time\" content=\"2026-04-09T08:31:17+00:00\" \/>\n<meta property=\"og:image\" content=\"https:\/\/exparto.pl\/wp-content\/uploads\/2023\/11\/06ddb23d3efa00c0798aff1577861064.jpg\" \/>\n\t<meta property=\"og:image:width\" content=\"1000\" \/>\n\t<meta property=\"og:image:height\" content=\"1000\" \/>\n\t<meta property=\"og:image:type\" content=\"image\/jpeg\" \/>\n<meta name=\"twitter:card\" content=\"summary_large_image\" \/>\n<meta name=\"twitter:label1\" content=\"Becs\u00fclt olvas\u00e1si id\u0151\" \/>\n\t<meta name=\"twitter:data1\" content=\"1 perc\" \/>\n<script type=\"application\/ld+json\" class=\"yoast-schema-graph\">{\"@context\":\"https:\\\/\\\/schema.org\",\"@graph\":[{\"@type\":\"WebPage\",\"@id\":\"https:\\\/\\\/exparto.pl\\\/hu\\\/produkt\\\/silownik-hydrauliczny-dwustronnego-dzialania-63x35x220\\\/\",\"url\":\"https:\\\/\\\/exparto.pl\\\/hu\\\/produkt\\\/silownik-hydrauliczny-dwustronnego-dzialania-63x35x220\\\/\",\"name\":\"Si\u0142ownik hydrauliczny dwustronnego dzia\u0142ania 63\\\/35\\\/220 FI30 - Exparto.pl\",\"isPartOf\":{\"@id\":\"https:\\\/\\\/exparto.pl\\\/hu\\\/#website\"},\"primaryImageOfPage\":{\"@id\":\"https:\\\/\\\/exparto.pl\\\/hu\\\/produkt\\\/silownik-hydrauliczny-dwustronnego-dzialania-63x35x220\\\/#primaryimage\"},\"image\":{\"@id\":\"https:\\\/\\\/exparto.pl\\\/hu\\\/produkt\\\/silownik-hydrauliczny-dwustronnego-dzialania-63x35x220\\\/#primaryimage\"},\"thumbnailUrl\":\"https:\\\/\\\/exparto.pl\\\/wp-content\\\/uploads\\\/2023\\\/11\\\/06ddb23d3efa00c0798aff1577861064.jpg\",\"datePublished\":\"2023-11-29T12:47:38+00:00\",\"dateModified\":\"2026-04-09T08:31:17+00:00\",\"breadcrumb\":{\"@id\":\"https:\\\/\\\/exparto.pl\\\/hu\\\/produkt\\\/silownik-hydrauliczny-dwustronnego-dzialania-63x35x220\\\/#breadcrumb\"},\"inLanguage\":\"hu\",\"potentialAction\":[{\"@type\":\"ReadAction\",\"target\":[\"https:\\\/\\\/exparto.pl\\\/hu\\\/produkt\\\/silownik-hydrauliczny-dwustronnego-dzialania-63x35x220\\\/\"]}]},{\"@type\":\"ImageObject\",\"inLanguage\":\"hu\",\"@id\":\"https:\\\/\\\/exparto.pl\\\/hu\\\/produkt\\\/silownik-hydrauliczny-dwustronnego-dzialania-63x35x220\\\/#primaryimage\",\"url\":\"https:\\\/\\\/exparto.pl\\\/wp-content\\\/uploads\\\/2023\\\/11\\\/06ddb23d3efa00c0798aff1577861064.jpg\",\"contentUrl\":\"https:\\\/\\\/exparto.pl\\\/wp-content\\\/uploads\\\/2023\\\/11\\\/06ddb23d3efa00c0798aff1577861064.jpg\",\"width\":1000,\"height\":1000},{\"@type\":\"BreadcrumbList\",\"@id\":\"https:\\\/\\\/exparto.pl\\\/hu\\\/produkt\\\/silownik-hydrauliczny-dwustronnego-dzialania-63x35x220\\\/#breadcrumb\",\"itemListElement\":[{\"@type\":\"ListItem\",\"position\":1,\"name\":\"Honlap\",\"item\":\"https:\\\/\\\/exparto.pl\\\/hu\\\/\"},{\"@type\":\"ListItem\",\"position\":2,\"name\":\"Sklep\",\"item\":\"https:\\\/\\\/exparto.pl\\\/sklep\\\/\"},{\"@type\":\"ListItem\",\"position\":3,\"name\":\"Hidraulika\",\"item\":\"https:\\\/\\\/exparto.pl\\\/hu\\\/termekkategoria\\\/hidraulika\\\/\"},{\"@type\":\"ListItem\",\"position\":4,\"name\":\"Hidraulikus hengerek\",\"item\":\"https:\\\/\\\/exparto.pl\\\/hu\\\/termekkategoria\\\/hidraulika\\\/hidraulikus-hengerek\\\/\"},{\"@type\":\"ListItem\",\"position\":5,\"name\":\"K\u00e9toldal\u00fa fell\u00e9p\u00e9s\",\"item\":\"https:\\\/\\\/exparto.pl\\\/hu\\\/termekkategoria\\\/hidraulika\\\/hidraulikus-hengerek\\\/ketoldalu-fellepes\\\/\"},{\"@type\":\"ListItem\",\"position\":6,\"name\":\"Si\u0142ownik hydrauliczny dwustronnego dzia\u0142ania 63\\\/35\\\/220 FI30\"}]},{\"@type\":\"WebSite\",\"@id\":\"https:\\\/\\\/exparto.pl\\\/hu\\\/#website\",\"url\":\"https:\\\/\\\/exparto.pl\\\/hu\\\/\",\"name\":\"EXPARTO\",\"description\":\"More than agro parts\",\"publisher\":{\"@id\":\"https:\\\/\\\/exparto.pl\\\/hu\\\/#organization\"},\"potentialAction\":[{\"@type\":\"SearchAction\",\"target\":{\"@type\":\"EntryPoint\",\"urlTemplate\":\"https:\\\/\\\/exparto.pl\\\/hu\\\/?s={search_term_string}\"},\"query-input\":{\"@type\":\"PropertyValueSpecification\",\"valueRequired\":true,\"valueName\":\"search_term_string\"}}],\"inLanguage\":\"hu\"},{\"@type\":\"Organization\",\"@id\":\"https:\\\/\\\/exparto.pl\\\/hu\\\/#organization\",\"name\":\"EXPARTO\",\"url\":\"https:\\\/\\\/exparto.pl\\\/hu\\\/\",\"logo\":{\"@type\":\"ImageObject\",\"inLanguage\":\"hu\",\"@id\":\"https:\\\/\\\/exparto.pl\\\/hu\\\/#\\\/schema\\\/logo\\\/image\\\/\",\"url\":\"https:\\\/\\\/exparto.pl\\\/wp-content\\\/uploads\\\/2023\\\/02\\\/logo-wektor.png\",\"contentUrl\":\"https:\\\/\\\/exparto.pl\\\/wp-content\\\/uploads\\\/2023\\\/02\\\/logo-wektor.png\",\"width\":1338,\"height\":143,\"caption\":\"EXPARTO\"},\"image\":{\"@id\":\"https:\\\/\\\/exparto.pl\\\/hu\\\/#\\\/schema\\\/logo\\\/image\\\/\"},\"sameAs\":[\"https:\\\/\\\/www.facebook.com\\\/exparto.agro\\\/\"]}]}<\/script>\n<!-- \/ Yoast SEO plugin. -->","yoast_head_json":{"title":"Si\u0142ownik hydrauliczny dwustronnego dzia\u0142ania 63\/35\/220 FI30 - Exparto.pl","robots":{"index":"index","follow":"follow","max-snippet":"max-snippet:-1","max-image-preview":"max-image-preview:large","max-video-preview":"max-video-preview:-1"},"canonical":"https:\/\/exparto.pl\/hu\/produkt\/silownik-hydrauliczny-dwustronnego-dzialania-63x35x220\/","og_locale":"hu_HU","og_type":"article","og_title":"Si\u0142ownik hydrauliczny dwustronnego dzia\u0142ania 63\/35\/220 FI30 - Exparto.pl","og_description":"Si\u0142ownik hydrauliczny 63x35 skok 220","og_url":"https:\/\/exparto.pl\/hu\/produkt\/silownik-hydrauliczny-dwustronnego-dzialania-63x35x220\/","og_site_name":"Exparto.pl","article_publisher":"https:\/\/www.facebook.com\/exparto.agro\/","article_modified_time":"2026-04-09T08:31:17+00:00","og_image":[{"width":1000,"height":1000,"url":"https:\/\/exparto.pl\/wp-content\/uploads\/2023\/11\/06ddb23d3efa00c0798aff1577861064.jpg","type":"image\/jpeg"}],"twitter_card":"summary_large_image","twitter_misc":{"Becs\u00fclt olvas\u00e1si id\u0151":"1 perc"},"schema":{"@context":"https:\/\/schema.org","@graph":[{"@type":"WebPage","@id":"https:\/\/exparto.pl\/hu\/produkt\/silownik-hydrauliczny-dwustronnego-dzialania-63x35x220\/","url":"https:\/\/exparto.pl\/hu\/produkt\/silownik-hydrauliczny-dwustronnego-dzialania-63x35x220\/","name":"Si\u0142ownik hydrauliczny dwustronnego dzia\u0142ania 63\/35\/220 FI30 - Exparto.pl","isPartOf":{"@id":"https:\/\/exparto.pl\/hu\/#website"},"primaryImageOfPage":{"@id":"https:\/\/exparto.pl\/hu\/produkt\/silownik-hydrauliczny-dwustronnego-dzialania-63x35x220\/#primaryimage"},"image":{"@id":"https:\/\/exparto.pl\/hu\/produkt\/silownik-hydrauliczny-dwustronnego-dzialania-63x35x220\/#primaryimage"},"thumbnailUrl":"https:\/\/exparto.pl\/wp-content\/uploads\/2023\/11\/06ddb23d3efa00c0798aff1577861064.jpg","datePublished":"2023-11-29T12:47:38+00:00","dateModified":"2026-04-09T08:31:17+00:00","breadcrumb":{"@id":"https:\/\/exparto.pl\/hu\/produkt\/silownik-hydrauliczny-dwustronnego-dzialania-63x35x220\/#breadcrumb"},"inLanguage":"hu","potentialAction":[{"@type":"ReadAction","target":["https:\/\/exparto.pl\/hu\/produkt\/silownik-hydrauliczny-dwustronnego-dzialania-63x35x220\/"]}]},{"@type":"ImageObject","inLanguage":"hu","@id":"https:\/\/exparto.pl\/hu\/produkt\/silownik-hydrauliczny-dwustronnego-dzialania-63x35x220\/#primaryimage","url":"https:\/\/exparto.pl\/wp-content\/uploads\/2023\/11\/06ddb23d3efa00c0798aff1577861064.jpg","contentUrl":"https:\/\/exparto.pl\/wp-content\/uploads\/2023\/11\/06ddb23d3efa00c0798aff1577861064.jpg","width":1000,"height":1000},{"@type":"BreadcrumbList","@id":"https:\/\/exparto.pl\/hu\/produkt\/silownik-hydrauliczny-dwustronnego-dzialania-63x35x220\/#breadcrumb","itemListElement":[{"@type":"ListItem","position":1,"name":"Honlap","item":"https:\/\/exparto.pl\/hu\/"},{"@type":"ListItem","position":2,"name":"Sklep","item":"https:\/\/exparto.pl\/sklep\/"},{"@type":"ListItem","position":3,"name":"Hidraulika","item":"https:\/\/exparto.pl\/hu\/termekkategoria\/hidraulika\/"},{"@type":"ListItem","position":4,"name":"Hidraulikus hengerek","item":"https:\/\/exparto.pl\/hu\/termekkategoria\/hidraulika\/hidraulikus-hengerek\/"},{"@type":"ListItem","position":5,"name":"K\u00e9toldal\u00fa fell\u00e9p\u00e9s","item":"https:\/\/exparto.pl\/hu\/termekkategoria\/hidraulika\/hidraulikus-hengerek\/ketoldalu-fellepes\/"},{"@type":"ListItem","position":6,"name":"Si\u0142ownik hydrauliczny dwustronnego dzia\u0142ania 63\/35\/220 FI30"}]},{"@type":"WebSite","@id":"https:\/\/exparto.pl\/hu\/#website","url":"https:\/\/exparto.pl\/hu\/","name":"EXPARTO","description":"More than agro parts","publisher":{"@id":"https:\/\/exparto.pl\/hu\/#organization"},"potentialAction":[{"@type":"SearchAction","target":{"@type":"EntryPoint","urlTemplate":"https:\/\/exparto.pl\/hu\/?s={search_term_string}"},"query-input":{"@type":"PropertyValueSpecification","valueRequired":true,"valueName":"search_term_string"}}],"inLanguage":"hu"},{"@type":"Organization","@id":"https:\/\/exparto.pl\/hu\/#organization","name":"EXPARTO","url":"https:\/\/exparto.pl\/hu\/","logo":{"@type":"ImageObject","inLanguage":"hu","@id":"https:\/\/exparto.pl\/hu\/#\/schema\/logo\/image\/","url":"https:\/\/exparto.pl\/wp-content\/uploads\/2023\/02\/logo-wektor.png","contentUrl":"https:\/\/exparto.pl\/wp-content\/uploads\/2023\/02\/logo-wektor.png","width":1338,"height":143,"caption":"EXPARTO"},"image":{"@id":"https:\/\/exparto.pl\/hu\/#\/schema\/logo\/image\/"},"sameAs":["https:\/\/www.facebook.com\/exparto.agro\/"]}]}},"_links":{"self":[{"href":"https:\/\/exparto.pl\/hu\/wp-json\/wp\/v2\/product\/15487","targetHints":{"allow":["GET"]}}],"collection":[{"href":"https:\/\/exparto.pl\/hu\/wp-json\/wp\/v2\/product"}],"about":[{"href":"https:\/\/exparto.pl\/hu\/wp-json\/wp\/v2\/types\/product"}],"replies":[{"embeddable":true,"href":"https:\/\/exparto.pl\/hu\/wp-json\/wp\/v2\/comments?post=15487"}],"wp:featuredmedia":[{"embeddable":true,"href":"https:\/\/exparto.pl\/hu\/wp-json\/wp\/v2\/media\/15467"}],"wp:attachment":[{"href":"https:\/\/exparto.pl\/hu\/wp-json\/wp\/v2\/media?parent=15487"}],"wp:term":[{"taxonomy":"product_brand","embeddable":true,"href":"https:\/\/exparto.pl\/hu\/wp-json\/wp\/v2\/product_brand?post=15487"},{"taxonomy":"product_cat","embeddable":true,"href":"https:\/\/exparto.pl\/hu\/wp-json\/wp\/v2\/product_cat?post=15487"},{"taxonomy":"product_tag","embeddable":true,"href":"https:\/\/exparto.pl\/hu\/wp-json\/wp\/v2\/product_tag?post=15487"}],"curies":[{"name":"wp","href":"https:\/\/api.w.org\/{rel}","templated":true}]}}