{"id":16554,"date":"2023-12-19T11:27:24","date_gmt":"2023-12-19T10:27:24","guid":{"rendered":"https:\/\/exparto.pl\/produkt\/silownik-hamulcowy-fi-100\/"},"modified":"2026-04-02T09:00:11","modified_gmt":"2026-04-02T07:00:11","slug":"silownik-hamulcowy-fi-100","status":"publish","type":"product","link":"https:\/\/exparto.pl\/hu\/produkt\/silownik-hamulcowy-fi-100\/","title":{"rendered":"Si\u0142ownik hamulcowy FI-100"},"content":{"rendered":"<p style=\"text-align: justify\">Uniwersalny t\u0142okowy si\u0142ownik hamulcowy, przeznaczony do <b>pneumatycznego sterowania<\/b> osi hamowania.\u00a0<span style=\"color: var(--gray-800)\">Zastosowanie wszechstronne, m.in. przy produkcji przyczep rolniczych, sadowniczych, le\u015bnych, budowlanych,\u00a0<\/span><span style=\"color: var(--gray-800)\">ci\u0119\u017carowych, pojazd\u00f3w specjalnych jak rozsiewacze, wozy asenizacyjne, opryskiwacze, beczkowozy i inne<\/span><span style=\"color: var(--gray-800)\">\u00a0posiadaj\u0105ce w\u0142asny <b>powietrzny uk\u0142ad hamowania<\/b>.<\/span><\/p>\n<p style=\"text-align: justify\"><b>Si\u0142ownik pasuje <\/b><span style=\"color: var(--gray-800)\"><b>m. in. do przyczep rolniczych: <\/b>Autosan Sanok D-35 , D-47 , D-50 D-732 , HL 8011 , HL 6011<\/span><\/p>\n<p style=\"text-align: justify\"><span style=\"color: var(--gray-800)\"><b>a tak\u017ce do przyczep marek<\/b>: DAF, Krone , Scania , RVI , MB , MAN.\u00a0<\/span>\u00a0JELCZ, SKODA,\u00a0<span style=\"color: var(--gray-800)\">\u0141adowarka \u0141200, rozsiewacz nawozu<\/span><\/p>\n<p style=\"text-align: justify\"><b>Numery por\u00f3wnawcze:<\/b><\/p>\n<\/p>\n<ul>\n<li style=\"text-align: justify\">X53.32.00\/A<\/li>\n<li style=\"text-align: justify\">7030111000<\/li>\n<li style=\"text-align: justify\">7030\/11-100\/0<\/li>\n<li style=\"text-align: justify\">340008<\/li>\n<\/ul>\n","protected":false},"excerpt":{"rendered":"<p style=\"text-align: justify\">Si\u0142ownik pneumatyczny fi-100<\/p>\n","protected":false},"featured_media":41744,"comment_status":"open","ping_status":"closed","template":"","meta":{"_acf_changed":false,"inline_featured_image":false},"product_brand":[],"product_cat":[50,202,743],"product_tag":[],"class_list":{"0":"post-16554","1":"product","2":"type-product","3":"status-publish","4":"has-post-thumbnail","6":"product_cat-czesci-do-przyczep","7":"product_cat-silowniki-hamulcowe","8":"product_cat-pneumatyczne","10":"first","11":"instock","12":"taxable","13":"shipping-taxable","14":"purchasable","15":"product-type-simple"},"acf":[],"yoast_head":"<!-- This site is optimized with the Yoast SEO plugin v27.2 - https:\/\/yoast.com\/product\/yoast-seo-wordpress\/ -->\n<title>Si\u0142ownik hamulcowy FI-100 - Exparto.pl<\/title>\n<meta name=\"robots\" content=\"index, follow, max-snippet:-1, max-image-preview:large, max-video-preview:-1\" \/>\n<link rel=\"canonical\" href=\"https:\/\/exparto.pl\/hu\/produkt\/silownik-hamulcowy-fi-100\/\" \/>\n<meta property=\"og:locale\" content=\"hu_HU\" \/>\n<meta property=\"og:type\" content=\"article\" \/>\n<meta property=\"og:title\" content=\"Si\u0142ownik hamulcowy FI-100 - Exparto.pl\" \/>\n<meta property=\"og:description\" content=\"Si\u0142ownik pneumatyczny fi-100\" \/>\n<meta property=\"og:url\" content=\"https:\/\/exparto.pl\/hu\/produkt\/silownik-hamulcowy-fi-100\/\" \/>\n<meta property=\"og:site_name\" content=\"Exparto.pl\" \/>\n<meta property=\"article:publisher\" content=\"https:\/\/www.facebook.com\/exparto.agro\/\" \/>\n<meta property=\"article:modified_time\" content=\"2026-04-02T07:00:11+00:00\" \/>\n<meta property=\"og:image\" content=\"https:\/\/exparto.pl\/wp-content\/uploads\/2023\/12\/9ee4003199e848d7ea68512b3036350a.jpg\" \/>\n\t<meta property=\"og:image:width\" content=\"1000\" \/>\n\t<meta property=\"og:image:height\" content=\"1000\" \/>\n\t<meta property=\"og:image:type\" content=\"image\/jpeg\" \/>\n<meta name=\"twitter:card\" content=\"summary_large_image\" \/>\n<meta name=\"twitter:label1\" content=\"Becs\u00fclt olvas\u00e1si id\u0151\" \/>\n\t<meta name=\"twitter:data1\" content=\"1 perc\" \/>\n<script type=\"application\/ld+json\" class=\"yoast-schema-graph\">{\"@context\":\"https:\/\/schema.org\",\"@graph\":[{\"@type\":\"WebPage\",\"@id\":\"https:\/\/exparto.pl\/hu\/produkt\/silownik-hamulcowy-fi-100\/\",\"url\":\"https:\/\/exparto.pl\/hu\/produkt\/silownik-hamulcowy-fi-100\/\",\"name\":\"Si\u0142ownik hamulcowy FI-100 - Exparto.pl\",\"isPartOf\":{\"@id\":\"https:\/\/exparto.pl\/hu\/#website\"},\"primaryImageOfPage\":{\"@id\":\"https:\/\/exparto.pl\/hu\/produkt\/silownik-hamulcowy-fi-100\/#primaryimage\"},\"image\":{\"@id\":\"https:\/\/exparto.pl\/hu\/produkt\/silownik-hamulcowy-fi-100\/#primaryimage\"},\"thumbnailUrl\":\"https:\/\/exparto.pl\/wp-content\/uploads\/2025\/02\/9ee4003199e848d7ea68512b3036350a.jpg\",\"datePublished\":\"2023-12-19T10:27:24+00:00\",\"dateModified\":\"2026-04-02T07:00:11+00:00\",\"breadcrumb\":{\"@id\":\"https:\/\/exparto.pl\/hu\/produkt\/silownik-hamulcowy-fi-100\/#breadcrumb\"},\"inLanguage\":\"hu\",\"potentialAction\":[{\"@type\":\"ReadAction\",\"target\":[\"https:\/\/exparto.pl\/hu\/produkt\/silownik-hamulcowy-fi-100\/\"]}]},{\"@type\":\"ImageObject\",\"inLanguage\":\"hu\",\"@id\":\"https:\/\/exparto.pl\/hu\/produkt\/silownik-hamulcowy-fi-100\/#primaryimage\",\"url\":\"https:\/\/exparto.pl\/wp-content\/uploads\/2025\/02\/9ee4003199e848d7ea68512b3036350a.jpg\",\"contentUrl\":\"https:\/\/exparto.pl\/wp-content\/uploads\/2025\/02\/9ee4003199e848d7ea68512b3036350a.jpg\",\"width\":1000,\"height\":1000},{\"@type\":\"BreadcrumbList\",\"@id\":\"https:\/\/exparto.pl\/hu\/produkt\/silownik-hamulcowy-fi-100\/#breadcrumb\",\"itemListElement\":[{\"@type\":\"ListItem\",\"position\":1,\"name\":\"Honlap\",\"item\":\"https:\/\/exparto.pl\/hu\/\"},{\"@type\":\"ListItem\",\"position\":2,\"name\":\"Sklep\",\"item\":\"https:\/\/exparto.pl\/sklep\/\"},{\"@type\":\"ListItem\",\"position\":3,\"name\":\"P\u00f3tkocsi alkatr\u00e9szek\",\"item\":\"https:\/\/exparto.pl\/hu\/termekkategoria\/potkocsi-alkatreszek\/\"},{\"@type\":\"ListItem\",\"position\":4,\"name\":\"F\u00e9khengerek\",\"item\":\"https:\/\/exparto.pl\/hu\/termekkategoria\/potkocsi-alkatreszek\/fekhengerek\/\"},{\"@type\":\"ListItem\",\"position\":5,\"name\":\"Pneumatikus hengerek\",\"item\":\"https:\/\/exparto.pl\/hu\/termekkategoria\/potkocsi-alkatreszek\/fekhengerek\/pneumatikus-hengerek\/\"},{\"@type\":\"ListItem\",\"position\":6,\"name\":\"Si\u0142ownik hamulcowy FI-100\"}]},{\"@type\":\"WebSite\",\"@id\":\"https:\/\/exparto.pl\/hu\/#website\",\"url\":\"https:\/\/exparto.pl\/hu\/\",\"name\":\"EXPARTO\",\"description\":\"More than agro parts\",\"publisher\":{\"@id\":\"https:\/\/exparto.pl\/hu\/#organization\"},\"potentialAction\":[{\"@type\":\"SearchAction\",\"target\":{\"@type\":\"EntryPoint\",\"urlTemplate\":\"https:\/\/exparto.pl\/hu\/?s={search_term_string}\"},\"query-input\":{\"@type\":\"PropertyValueSpecification\",\"valueRequired\":true,\"valueName\":\"search_term_string\"}}],\"inLanguage\":\"hu\"},{\"@type\":\"Organization\",\"@id\":\"https:\/\/exparto.pl\/hu\/#organization\",\"name\":\"EXPARTO\",\"url\":\"https:\/\/exparto.pl\/hu\/\",\"logo\":{\"@type\":\"ImageObject\",\"inLanguage\":\"hu\",\"@id\":\"https:\/\/exparto.pl\/hu\/#\/schema\/logo\/image\/\",\"url\":\"https:\/\/exparto.pl\/wp-content\/uploads\/2023\/02\/logo-wektor.png\",\"contentUrl\":\"https:\/\/exparto.pl\/wp-content\/uploads\/2023\/02\/logo-wektor.png\",\"width\":1338,\"height\":143,\"caption\":\"EXPARTO\"},\"image\":{\"@id\":\"https:\/\/exparto.pl\/hu\/#\/schema\/logo\/image\/\"},\"sameAs\":[\"https:\/\/www.facebook.com\/exparto.agro\/\"]}]}<\/script>\n<!-- \/ Yoast SEO plugin. -->","yoast_head_json":{"title":"Si\u0142ownik hamulcowy FI-100 - Exparto.pl","robots":{"index":"index","follow":"follow","max-snippet":"max-snippet:-1","max-image-preview":"max-image-preview:large","max-video-preview":"max-video-preview:-1"},"canonical":"https:\/\/exparto.pl\/hu\/produkt\/silownik-hamulcowy-fi-100\/","og_locale":"hu_HU","og_type":"article","og_title":"Si\u0142ownik hamulcowy FI-100 - Exparto.pl","og_description":"Si\u0142ownik pneumatyczny fi-100","og_url":"https:\/\/exparto.pl\/hu\/produkt\/silownik-hamulcowy-fi-100\/","og_site_name":"Exparto.pl","article_publisher":"https:\/\/www.facebook.com\/exparto.agro\/","article_modified_time":"2026-04-02T07:00:11+00:00","og_image":[{"width":1000,"height":1000,"url":"https:\/\/exparto.pl\/wp-content\/uploads\/2023\/12\/9ee4003199e848d7ea68512b3036350a.jpg","type":"image\/jpeg"}],"twitter_card":"summary_large_image","twitter_misc":{"Becs\u00fclt olvas\u00e1si id\u0151":"1 perc"},"schema":{"@context":"https:\/\/schema.org","@graph":[{"@type":"WebPage","@id":"https:\/\/exparto.pl\/hu\/produkt\/silownik-hamulcowy-fi-100\/","url":"https:\/\/exparto.pl\/hu\/produkt\/silownik-hamulcowy-fi-100\/","name":"Si\u0142ownik hamulcowy FI-100 - Exparto.pl","isPartOf":{"@id":"https:\/\/exparto.pl\/hu\/#website"},"primaryImageOfPage":{"@id":"https:\/\/exparto.pl\/hu\/produkt\/silownik-hamulcowy-fi-100\/#primaryimage"},"image":{"@id":"https:\/\/exparto.pl\/hu\/produkt\/silownik-hamulcowy-fi-100\/#primaryimage"},"thumbnailUrl":"https:\/\/exparto.pl\/wp-content\/uploads\/2025\/02\/9ee4003199e848d7ea68512b3036350a.jpg","datePublished":"2023-12-19T10:27:24+00:00","dateModified":"2026-04-02T07:00:11+00:00","breadcrumb":{"@id":"https:\/\/exparto.pl\/hu\/produkt\/silownik-hamulcowy-fi-100\/#breadcrumb"},"inLanguage":"hu","potentialAction":[{"@type":"ReadAction","target":["https:\/\/exparto.pl\/hu\/produkt\/silownik-hamulcowy-fi-100\/"]}]},{"@type":"ImageObject","inLanguage":"hu","@id":"https:\/\/exparto.pl\/hu\/produkt\/silownik-hamulcowy-fi-100\/#primaryimage","url":"https:\/\/exparto.pl\/wp-content\/uploads\/2025\/02\/9ee4003199e848d7ea68512b3036350a.jpg","contentUrl":"https:\/\/exparto.pl\/wp-content\/uploads\/2025\/02\/9ee4003199e848d7ea68512b3036350a.jpg","width":1000,"height":1000},{"@type":"BreadcrumbList","@id":"https:\/\/exparto.pl\/hu\/produkt\/silownik-hamulcowy-fi-100\/#breadcrumb","itemListElement":[{"@type":"ListItem","position":1,"name":"Honlap","item":"https:\/\/exparto.pl\/hu\/"},{"@type":"ListItem","position":2,"name":"Sklep","item":"https:\/\/exparto.pl\/sklep\/"},{"@type":"ListItem","position":3,"name":"P\u00f3tkocsi alkatr\u00e9szek","item":"https:\/\/exparto.pl\/hu\/termekkategoria\/potkocsi-alkatreszek\/"},{"@type":"ListItem","position":4,"name":"F\u00e9khengerek","item":"https:\/\/exparto.pl\/hu\/termekkategoria\/potkocsi-alkatreszek\/fekhengerek\/"},{"@type":"ListItem","position":5,"name":"Pneumatikus hengerek","item":"https:\/\/exparto.pl\/hu\/termekkategoria\/potkocsi-alkatreszek\/fekhengerek\/pneumatikus-hengerek\/"},{"@type":"ListItem","position":6,"name":"Si\u0142ownik hamulcowy FI-100"}]},{"@type":"WebSite","@id":"https:\/\/exparto.pl\/hu\/#website","url":"https:\/\/exparto.pl\/hu\/","name":"EXPARTO","description":"More than agro parts","publisher":{"@id":"https:\/\/exparto.pl\/hu\/#organization"},"potentialAction":[{"@type":"SearchAction","target":{"@type":"EntryPoint","urlTemplate":"https:\/\/exparto.pl\/hu\/?s={search_term_string}"},"query-input":{"@type":"PropertyValueSpecification","valueRequired":true,"valueName":"search_term_string"}}],"inLanguage":"hu"},{"@type":"Organization","@id":"https:\/\/exparto.pl\/hu\/#organization","name":"EXPARTO","url":"https:\/\/exparto.pl\/hu\/","logo":{"@type":"ImageObject","inLanguage":"hu","@id":"https:\/\/exparto.pl\/hu\/#\/schema\/logo\/image\/","url":"https:\/\/exparto.pl\/wp-content\/uploads\/2023\/02\/logo-wektor.png","contentUrl":"https:\/\/exparto.pl\/wp-content\/uploads\/2023\/02\/logo-wektor.png","width":1338,"height":143,"caption":"EXPARTO"},"image":{"@id":"https:\/\/exparto.pl\/hu\/#\/schema\/logo\/image\/"},"sameAs":["https:\/\/www.facebook.com\/exparto.agro\/"]}]}},"_links":{"self":[{"href":"https:\/\/exparto.pl\/hu\/wp-json\/wp\/v2\/product\/16554","targetHints":{"allow":["GET"]}}],"collection":[{"href":"https:\/\/exparto.pl\/hu\/wp-json\/wp\/v2\/product"}],"about":[{"href":"https:\/\/exparto.pl\/hu\/wp-json\/wp\/v2\/types\/product"}],"replies":[{"embeddable":true,"href":"https:\/\/exparto.pl\/hu\/wp-json\/wp\/v2\/comments?post=16554"}],"wp:featuredmedia":[{"embeddable":true,"href":"https:\/\/exparto.pl\/hu\/wp-json\/wp\/v2\/media\/41744"}],"wp:attachment":[{"href":"https:\/\/exparto.pl\/hu\/wp-json\/wp\/v2\/media?parent=16554"}],"wp:term":[{"taxonomy":"product_brand","embeddable":true,"href":"https:\/\/exparto.pl\/hu\/wp-json\/wp\/v2\/product_brand?post=16554"},{"taxonomy":"product_cat","embeddable":true,"href":"https:\/\/exparto.pl\/hu\/wp-json\/wp\/v2\/product_cat?post=16554"},{"taxonomy":"product_tag","embeddable":true,"href":"https:\/\/exparto.pl\/hu\/wp-json\/wp\/v2\/product_tag?post=16554"}],"curies":[{"name":"wp","href":"https:\/\/api.w.org\/{rel}","templated":true}]}}