{"id":16704,"date":"2023-12-20T14:07:18","date_gmt":"2023-12-20T13:07:18","guid":{"rendered":"https:\/\/exparto.pl\/produkt\/koncowka-sprzegla-rozrzutnika-fi-35mm-na-wpust\/"},"modified":"2026-03-26T12:01:41","modified_gmt":"2026-03-26T11:01:41","slug":"koncowka-sprzegla-rozrzutnika-fi-35mm-na-wpust","status":"publish","type":"product","link":"https:\/\/exparto.pl\/hu\/produkt\/koncowka-sprzegla-rozrzutnika-fi-35mm-na-wpust\/","title":{"rendered":"Ko\u0144c\u00f3wka sprz\u0119g\u0142a rozrzutnika fi-35mm na wpust"},"content":{"rendered":"<p style=\"text-align: justify\">Ko\u0144c\u00f3wka sprz\u0119g\u0142a rozrzutnika fi-35mm SFERO.<\/p>\n<p style=\"text-align: justify\"><b>Zastosowanie:\u00a0<\/b><\/p>\n<ul>\n<li style=\"text-align: justify\">rozrzutnik obornika<\/li>\n<\/ul>\n<p style=\"text-align: justify\"><span style=\"color: var(--gray-800)\"><b>Numer katalogowy:<\/b><\/span><\/p>\n<ul>\n<li style=\"text-align: justify\"><span style=\"color: var(--gray-800)\">221302064<\/span><\/li>\n<li style=\"text-align: justify\">2208030281<\/li>\n<\/ul>\n<p><span style=\"font-weight: 400\">Ko\u0144c\u00f3wka sprz\u0119g\u0142a rozrzutnika \u2013 na wpust 10 mm, fi 35 mm, SFERO, oznaczona numerem katalogowym <\/span><span style=\"font-weight: 400\">CZR01713<\/span><span style=\"font-weight: 400\">, wykonana z \u017celiwa sferoidalnego, jest kluczowym komponentem w systemie nap\u0119dowym rozrzutnika. <\/span><b>Ko\u0144c\u00f3wka ta odgrywa zasadnicz\u0105 rol\u0119 w zapewnieniu niezawodnego i mocnego po\u0142\u0105czenia mi\u0119dzy wa\u0142em nap\u0119dowym a innymi cz\u0119\u015bciami maszyny.<\/b><span style=\"font-weight: 400\"> To po\u0142\u0105czenie jest krytyczne dla efektywnego przenoszenia ruchu obrotowego.<\/span><\/p>\n<h2><span style=\"font-weight: 400\">Ko\u0144c\u00f3wka sprz\u0119g\u0142a rozrzutnika \u2013 na wpust 10 mm, fi 35 mm, SFERO<\/span><\/h2>\n<p><span style=\"font-weight: 400\">Dzi\u0119ki precyzyjnie wykonanej \u015brednicy otworu fi 35 mm ko\u0144c\u00f3wka sprz\u0119g\u0142a rozrzutnika gwarantuje, \u017ce moc jest przekazywana bez zak\u0142\u00f3ce\u0144. <\/span><b>To z kolei umo\u017cliwia r\u00f3wnomierne rozprowadzanie nawozu na polach, co jest kluczowe dla optymalizacji procesu nawo\u017cenia. <\/b><span style=\"font-weight: 400\">Ma to bezpo\u015bredni wp\u0142yw na wydajno\u015b\u0107 pracy i pomaga w utrzymaniu zdrowia gleby i zwi\u0119kszeniu plon\u00f3w.<\/span><\/p>\n<p><span style=\"font-weight: 400\">Ponadto, wykorzystanie \u017celiwa sferoidalnego SFERO w produkcji ko\u0144c\u00f3wki sprz\u0119g\u0142a rozrzutnika obornika na wpust 10 mm zapewnia wyj\u0105tkow\u0105 wytrzyma\u0142o\u015b\u0107 tego elementu i odporno\u015b\u0107 na uszkodzenia. <\/span><b>Jest szczeg\u00f3lnie wa\u017cne w warunkach intensywnej eksploatacji.<\/b><\/p>\n","protected":false},"excerpt":{"rendered":"<p>Ko\u0144c\u00f3wka sprz\u0119g\u0142a rozrzutnika fi-35mm SFERO.<\/p>\n","protected":false},"featured_media":16689,"comment_status":"open","ping_status":"closed","template":"","meta":{"_acf_changed":false,"inline_featured_image":false},"product_brand":[],"product_cat":[732,976],"product_tag":[],"class_list":{"0":"post-16704","1":"product","2":"type-product","3":"status-publish","4":"has-post-thumbnail","6":"product_cat-czesci-do-rozrzutnika","7":"product_cat-sprzegla-koncowki","9":"first","10":"instock","11":"taxable","12":"shipping-taxable","13":"purchasable","14":"product-type-simple"},"acf":[],"yoast_head":"<!-- This site is optimized with the Yoast SEO plugin v27.3 - https:\/\/yoast.com\/product\/yoast-seo-wordpress\/ -->\n<title>Ko\u0144c\u00f3wka sprz\u0119g\u0142a rozrzutnika fi-35mm na wpust - Exparto.pl<\/title>\n<meta name=\"description\" content=\"Sprawd\u017a \ud83d\udc49 ko\u0144c\u00f3wka sprz\u0119g\u0142a rozrzutnika - na wpust 10 mm, fi 35 mm, SFERO \ud83c\udfe2 ze sklepu Exparto! \u2705 Wysoka jako\u015b\u0107! \ud83d\udd36 Gwarancja zadowolenia!\" \/>\n<meta name=\"robots\" content=\"index, follow, max-snippet:-1, max-image-preview:large, max-video-preview:-1\" \/>\n<link rel=\"canonical\" href=\"https:\/\/exparto.pl\/hu\/produkt\/koncowka-sprzegla-rozrzutnika-fi-35mm-na-wpust\/\" \/>\n<meta property=\"og:locale\" content=\"hu_HU\" \/>\n<meta property=\"og:type\" content=\"article\" \/>\n<meta property=\"og:title\" content=\"Ko\u0144c\u00f3wka sprz\u0119g\u0142a rozrzutnika fi-35mm na wpust - Exparto.pl\" \/>\n<meta property=\"og:description\" content=\"Sprawd\u017a \ud83d\udc49 ko\u0144c\u00f3wka sprz\u0119g\u0142a rozrzutnika - na wpust 10 mm, fi 35 mm, SFERO \ud83c\udfe2 ze sklepu Exparto! \u2705 Wysoka jako\u015b\u0107! \ud83d\udd36 Gwarancja zadowolenia!\" \/>\n<meta property=\"og:url\" content=\"https:\/\/exparto.pl\/hu\/produkt\/koncowka-sprzegla-rozrzutnika-fi-35mm-na-wpust\/\" \/>\n<meta property=\"og:site_name\" content=\"Exparto.pl\" \/>\n<meta property=\"article:publisher\" content=\"https:\/\/www.facebook.com\/exparto.agro\/\" \/>\n<meta property=\"article:modified_time\" content=\"2026-03-26T11:01:41+00:00\" \/>\n<meta property=\"og:image\" content=\"https:\/\/exparto.pl\/wp-content\/uploads\/2023\/12\/35555695d4b3a0afd959233eb8ba1623.jpg\" \/>\n\t<meta property=\"og:image:width\" content=\"1000\" \/>\n\t<meta property=\"og:image:height\" content=\"1000\" \/>\n\t<meta property=\"og:image:type\" content=\"image\/jpeg\" \/>\n<meta name=\"twitter:card\" content=\"summary_large_image\" \/>\n<meta name=\"twitter:label1\" content=\"Becs\u00fclt olvas\u00e1si id\u0151\" \/>\n\t<meta name=\"twitter:data1\" content=\"2 perc\" \/>\n<script type=\"application\/ld+json\" class=\"yoast-schema-graph\">{\"@context\":\"https:\\\/\\\/schema.org\",\"@graph\":[{\"@type\":\"WebPage\",\"@id\":\"https:\\\/\\\/exparto.pl\\\/hu\\\/produkt\\\/koncowka-sprzegla-rozrzutnika-fi-35mm-na-wpust\\\/\",\"url\":\"https:\\\/\\\/exparto.pl\\\/hu\\\/produkt\\\/koncowka-sprzegla-rozrzutnika-fi-35mm-na-wpust\\\/\",\"name\":\"Ko\u0144c\u00f3wka sprz\u0119g\u0142a rozrzutnika fi-35mm na wpust - Exparto.pl\",\"isPartOf\":{\"@id\":\"https:\\\/\\\/exparto.pl\\\/hu\\\/#website\"},\"primaryImageOfPage\":{\"@id\":\"https:\\\/\\\/exparto.pl\\\/hu\\\/produkt\\\/koncowka-sprzegla-rozrzutnika-fi-35mm-na-wpust\\\/#primaryimage\"},\"image\":{\"@id\":\"https:\\\/\\\/exparto.pl\\\/hu\\\/produkt\\\/koncowka-sprzegla-rozrzutnika-fi-35mm-na-wpust\\\/#primaryimage\"},\"thumbnailUrl\":\"https:\\\/\\\/exparto.pl\\\/wp-content\\\/uploads\\\/2023\\\/12\\\/35555695d4b3a0afd959233eb8ba1623.jpg\",\"datePublished\":\"2023-12-20T13:07:18+00:00\",\"dateModified\":\"2026-03-26T11:01:41+00:00\",\"description\":\"Sprawd\u017a \ud83d\udc49 ko\u0144c\u00f3wka sprz\u0119g\u0142a rozrzutnika - na wpust 10 mm, fi 35 mm, SFERO \ud83c\udfe2 ze sklepu Exparto! \u2705 Wysoka jako\u015b\u0107! \ud83d\udd36 Gwarancja zadowolenia!\",\"breadcrumb\":{\"@id\":\"https:\\\/\\\/exparto.pl\\\/hu\\\/produkt\\\/koncowka-sprzegla-rozrzutnika-fi-35mm-na-wpust\\\/#breadcrumb\"},\"inLanguage\":\"hu\",\"potentialAction\":[{\"@type\":\"ReadAction\",\"target\":[\"https:\\\/\\\/exparto.pl\\\/hu\\\/produkt\\\/koncowka-sprzegla-rozrzutnika-fi-35mm-na-wpust\\\/\"]}]},{\"@type\":\"ImageObject\",\"inLanguage\":\"hu\",\"@id\":\"https:\\\/\\\/exparto.pl\\\/hu\\\/produkt\\\/koncowka-sprzegla-rozrzutnika-fi-35mm-na-wpust\\\/#primaryimage\",\"url\":\"https:\\\/\\\/exparto.pl\\\/wp-content\\\/uploads\\\/2023\\\/12\\\/35555695d4b3a0afd959233eb8ba1623.jpg\",\"contentUrl\":\"https:\\\/\\\/exparto.pl\\\/wp-content\\\/uploads\\\/2023\\\/12\\\/35555695d4b3a0afd959233eb8ba1623.jpg\",\"width\":1000,\"height\":1000},{\"@type\":\"BreadcrumbList\",\"@id\":\"https:\\\/\\\/exparto.pl\\\/hu\\\/produkt\\\/koncowka-sprzegla-rozrzutnika-fi-35mm-na-wpust\\\/#breadcrumb\",\"itemListElement\":[{\"@type\":\"ListItem\",\"position\":1,\"name\":\"Honlap\",\"item\":\"https:\\\/\\\/exparto.pl\\\/hu\\\/\"},{\"@type\":\"ListItem\",\"position\":2,\"name\":\"Sklep\",\"item\":\"https:\\\/\\\/exparto.pl\\\/sklep\\\/\"},{\"@type\":\"ListItem\",\"position\":3,\"name\":\"Cz\u0119\u015bci do rozrzutnika\",\"item\":\"https:\\\/\\\/exparto.pl\\\/kategoria-produktu\\\/czesci-do-rozrzutnika\\\/\"},{\"@type\":\"ListItem\",\"position\":4,\"name\":\"Ko\u0144c\u00f3wka sprz\u0119g\u0142a rozrzutnika fi-35mm na wpust\"}]},{\"@type\":\"WebSite\",\"@id\":\"https:\\\/\\\/exparto.pl\\\/hu\\\/#website\",\"url\":\"https:\\\/\\\/exparto.pl\\\/hu\\\/\",\"name\":\"EXPARTO\",\"description\":\"More than agro parts\",\"publisher\":{\"@id\":\"https:\\\/\\\/exparto.pl\\\/hu\\\/#organization\"},\"potentialAction\":[{\"@type\":\"SearchAction\",\"target\":{\"@type\":\"EntryPoint\",\"urlTemplate\":\"https:\\\/\\\/exparto.pl\\\/hu\\\/?s={search_term_string}\"},\"query-input\":{\"@type\":\"PropertyValueSpecification\",\"valueRequired\":true,\"valueName\":\"search_term_string\"}}],\"inLanguage\":\"hu\"},{\"@type\":\"Organization\",\"@id\":\"https:\\\/\\\/exparto.pl\\\/hu\\\/#organization\",\"name\":\"EXPARTO\",\"url\":\"https:\\\/\\\/exparto.pl\\\/hu\\\/\",\"logo\":{\"@type\":\"ImageObject\",\"inLanguage\":\"hu\",\"@id\":\"https:\\\/\\\/exparto.pl\\\/hu\\\/#\\\/schema\\\/logo\\\/image\\\/\",\"url\":\"https:\\\/\\\/exparto.pl\\\/wp-content\\\/uploads\\\/2023\\\/02\\\/logo-wektor.png\",\"contentUrl\":\"https:\\\/\\\/exparto.pl\\\/wp-content\\\/uploads\\\/2023\\\/02\\\/logo-wektor.png\",\"width\":1338,\"height\":143,\"caption\":\"EXPARTO\"},\"image\":{\"@id\":\"https:\\\/\\\/exparto.pl\\\/hu\\\/#\\\/schema\\\/logo\\\/image\\\/\"},\"sameAs\":[\"https:\\\/\\\/www.facebook.com\\\/exparto.agro\\\/\"]}]}<\/script>\n<!-- \/ Yoast SEO plugin. -->","yoast_head_json":{"title":"Ko\u0144c\u00f3wka sprz\u0119g\u0142a rozrzutnika fi-35mm na wpust - Exparto.pl","description":"Sprawd\u017a \ud83d\udc49 ko\u0144c\u00f3wka sprz\u0119g\u0142a rozrzutnika - na wpust 10 mm, fi 35 mm, SFERO \ud83c\udfe2 ze sklepu Exparto! \u2705 Wysoka jako\u015b\u0107! \ud83d\udd36 Gwarancja zadowolenia!","robots":{"index":"index","follow":"follow","max-snippet":"max-snippet:-1","max-image-preview":"max-image-preview:large","max-video-preview":"max-video-preview:-1"},"canonical":"https:\/\/exparto.pl\/hu\/produkt\/koncowka-sprzegla-rozrzutnika-fi-35mm-na-wpust\/","og_locale":"hu_HU","og_type":"article","og_title":"Ko\u0144c\u00f3wka sprz\u0119g\u0142a rozrzutnika fi-35mm na wpust - Exparto.pl","og_description":"Sprawd\u017a \ud83d\udc49 ko\u0144c\u00f3wka sprz\u0119g\u0142a rozrzutnika - na wpust 10 mm, fi 35 mm, SFERO \ud83c\udfe2 ze sklepu Exparto! \u2705 Wysoka jako\u015b\u0107! \ud83d\udd36 Gwarancja zadowolenia!","og_url":"https:\/\/exparto.pl\/hu\/produkt\/koncowka-sprzegla-rozrzutnika-fi-35mm-na-wpust\/","og_site_name":"Exparto.pl","article_publisher":"https:\/\/www.facebook.com\/exparto.agro\/","article_modified_time":"2026-03-26T11:01:41+00:00","og_image":[{"width":1000,"height":1000,"url":"https:\/\/exparto.pl\/wp-content\/uploads\/2023\/12\/35555695d4b3a0afd959233eb8ba1623.jpg","type":"image\/jpeg"}],"twitter_card":"summary_large_image","twitter_misc":{"Becs\u00fclt olvas\u00e1si id\u0151":"2 perc"},"schema":{"@context":"https:\/\/schema.org","@graph":[{"@type":"WebPage","@id":"https:\/\/exparto.pl\/hu\/produkt\/koncowka-sprzegla-rozrzutnika-fi-35mm-na-wpust\/","url":"https:\/\/exparto.pl\/hu\/produkt\/koncowka-sprzegla-rozrzutnika-fi-35mm-na-wpust\/","name":"Ko\u0144c\u00f3wka sprz\u0119g\u0142a rozrzutnika fi-35mm na wpust - Exparto.pl","isPartOf":{"@id":"https:\/\/exparto.pl\/hu\/#website"},"primaryImageOfPage":{"@id":"https:\/\/exparto.pl\/hu\/produkt\/koncowka-sprzegla-rozrzutnika-fi-35mm-na-wpust\/#primaryimage"},"image":{"@id":"https:\/\/exparto.pl\/hu\/produkt\/koncowka-sprzegla-rozrzutnika-fi-35mm-na-wpust\/#primaryimage"},"thumbnailUrl":"https:\/\/exparto.pl\/wp-content\/uploads\/2023\/12\/35555695d4b3a0afd959233eb8ba1623.jpg","datePublished":"2023-12-20T13:07:18+00:00","dateModified":"2026-03-26T11:01:41+00:00","description":"Sprawd\u017a \ud83d\udc49 ko\u0144c\u00f3wka sprz\u0119g\u0142a rozrzutnika - na wpust 10 mm, fi 35 mm, SFERO \ud83c\udfe2 ze sklepu Exparto! \u2705 Wysoka jako\u015b\u0107! \ud83d\udd36 Gwarancja zadowolenia!","breadcrumb":{"@id":"https:\/\/exparto.pl\/hu\/produkt\/koncowka-sprzegla-rozrzutnika-fi-35mm-na-wpust\/#breadcrumb"},"inLanguage":"hu","potentialAction":[{"@type":"ReadAction","target":["https:\/\/exparto.pl\/hu\/produkt\/koncowka-sprzegla-rozrzutnika-fi-35mm-na-wpust\/"]}]},{"@type":"ImageObject","inLanguage":"hu","@id":"https:\/\/exparto.pl\/hu\/produkt\/koncowka-sprzegla-rozrzutnika-fi-35mm-na-wpust\/#primaryimage","url":"https:\/\/exparto.pl\/wp-content\/uploads\/2023\/12\/35555695d4b3a0afd959233eb8ba1623.jpg","contentUrl":"https:\/\/exparto.pl\/wp-content\/uploads\/2023\/12\/35555695d4b3a0afd959233eb8ba1623.jpg","width":1000,"height":1000},{"@type":"BreadcrumbList","@id":"https:\/\/exparto.pl\/hu\/produkt\/koncowka-sprzegla-rozrzutnika-fi-35mm-na-wpust\/#breadcrumb","itemListElement":[{"@type":"ListItem","position":1,"name":"Honlap","item":"https:\/\/exparto.pl\/hu\/"},{"@type":"ListItem","position":2,"name":"Sklep","item":"https:\/\/exparto.pl\/sklep\/"},{"@type":"ListItem","position":3,"name":"Cz\u0119\u015bci do rozrzutnika","item":"https:\/\/exparto.pl\/kategoria-produktu\/czesci-do-rozrzutnika\/"},{"@type":"ListItem","position":4,"name":"Ko\u0144c\u00f3wka sprz\u0119g\u0142a rozrzutnika fi-35mm na wpust"}]},{"@type":"WebSite","@id":"https:\/\/exparto.pl\/hu\/#website","url":"https:\/\/exparto.pl\/hu\/","name":"EXPARTO","description":"More than agro parts","publisher":{"@id":"https:\/\/exparto.pl\/hu\/#organization"},"potentialAction":[{"@type":"SearchAction","target":{"@type":"EntryPoint","urlTemplate":"https:\/\/exparto.pl\/hu\/?s={search_term_string}"},"query-input":{"@type":"PropertyValueSpecification","valueRequired":true,"valueName":"search_term_string"}}],"inLanguage":"hu"},{"@type":"Organization","@id":"https:\/\/exparto.pl\/hu\/#organization","name":"EXPARTO","url":"https:\/\/exparto.pl\/hu\/","logo":{"@type":"ImageObject","inLanguage":"hu","@id":"https:\/\/exparto.pl\/hu\/#\/schema\/logo\/image\/","url":"https:\/\/exparto.pl\/wp-content\/uploads\/2023\/02\/logo-wektor.png","contentUrl":"https:\/\/exparto.pl\/wp-content\/uploads\/2023\/02\/logo-wektor.png","width":1338,"height":143,"caption":"EXPARTO"},"image":{"@id":"https:\/\/exparto.pl\/hu\/#\/schema\/logo\/image\/"},"sameAs":["https:\/\/www.facebook.com\/exparto.agro\/"]}]}},"_links":{"self":[{"href":"https:\/\/exparto.pl\/hu\/wp-json\/wp\/v2\/product\/16704","targetHints":{"allow":["GET"]}}],"collection":[{"href":"https:\/\/exparto.pl\/hu\/wp-json\/wp\/v2\/product"}],"about":[{"href":"https:\/\/exparto.pl\/hu\/wp-json\/wp\/v2\/types\/product"}],"replies":[{"embeddable":true,"href":"https:\/\/exparto.pl\/hu\/wp-json\/wp\/v2\/comments?post=16704"}],"wp:featuredmedia":[{"embeddable":true,"href":"https:\/\/exparto.pl\/hu\/wp-json\/wp\/v2\/media\/16689"}],"wp:attachment":[{"href":"https:\/\/exparto.pl\/hu\/wp-json\/wp\/v2\/media?parent=16704"}],"wp:term":[{"taxonomy":"product_brand","embeddable":true,"href":"https:\/\/exparto.pl\/hu\/wp-json\/wp\/v2\/product_brand?post=16704"},{"taxonomy":"product_cat","embeddable":true,"href":"https:\/\/exparto.pl\/hu\/wp-json\/wp\/v2\/product_cat?post=16704"},{"taxonomy":"product_tag","embeddable":true,"href":"https:\/\/exparto.pl\/hu\/wp-json\/wp\/v2\/product_tag?post=16704"}],"curies":[{"name":"wp","href":"https:\/\/api.w.org\/{rel}","templated":true}]}}