{"id":17009,"date":"2023-12-21T12:17:09","date_gmt":"2023-12-21T11:17:09","guid":{"rendered":"https:\/\/exparto.pl\/produkt\/kolo-lancuchowe-z-16-1-cal-fi-40mm\/"},"modified":"2026-01-21T12:30:23","modified_gmt":"2026-01-21T11:30:23","slug":"kolo-lancuchowe-z-16-1-cal-fi-40mm","status":"publish","type":"product","link":"https:\/\/exparto.pl\/hu\/produkt\/kolo-lancuchowe-z-16-1-cal-fi-40mm\/","title":{"rendered":"Ko\u0142o \u0142a\u0144cuchowe rozrzutnika Z-16 1 cal fi-40mm"},"content":{"rendered":"<p><p style=\"text-align: justify;\">Ko\u0142o \u0142a\u0144cuchowe Z-16 1 cal\u00a0fi-40mm.<\/p>\n<p><b>Zastosowanie<\/b><span style=\"font-weight: 400;\">:\u00a0<\/span><\/p>\n<ul>\n<li style=\"font-weight: 400;\" aria-level=\"1\"><span style=\"font-weight: 400;\">rozrzutnik obornika<\/span><\/li>\n<li style=\"font-weight: 400;\" aria-level=\"1\"><span style=\"font-weight: 400;\">maszyny rolnicze<\/span><\/li>\n<\/ul>\n<p><b>Numer katalogowy<\/b><span style=\"font-weight: 400;\">:<\/span><\/p>\n<ul>\n<li style=\"font-weight: 400;\" aria-level=\"1\"><span style=\"font-weight: 400;\">220805004\/3<\/span><\/li>\n<\/ul>\n<p><b>W sklepie EXPARTO przygotowali\u015bmy dla Ciebie ko\u0142o \u0142a\u0144cuchowe rozrzutnika 16 z\u0119b\u00f3w<\/b><span style=\"font-weight: 400;\">. To model, kt\u00f3ry znajduje zastosowanie nie tylko w rozrzutniku obornika, ale tak\u017ce w innych maszynach rolniczych. <\/span><b>To wa\u017cny element uk\u0142adu nap\u0119dowego<\/b><span style=\"font-weight: 400;\">. Zapraszamy do zapoznania si\u0119 z jego charakterystyk\u0105.\u00a0<\/span><\/p>\n<h2><span style=\"font-weight: 400;\">Ko\u0142o z\u0119bate \u0142a\u0144cuchowe rozrzutnika \u2013 1 cal, fi 40 mm, Z-16<\/span><\/h2>\n<p><span style=\"font-weight: 400;\">Mimo niewielkich rozmiar\u00f3w, ko\u0142o z\u0119bate \u0142a\u0144cuchowe jest bardzo wa\u017cne w konstrukcji uk\u0142adu nap\u0119dowego. <\/span><b>Oferowany przez nas produkt stanowi jeden z element\u00f3w zespo\u0142u, kt\u00f3ry odpowiada za przenoszenie si\u0142y nap\u0119du na \u0142a\u0144cuch<\/b><span style=\"font-weight: 400;\">. Nast\u0119pnie jest ona przekazywana do innych cz\u0119\u015bci roboczych rozrzutnik, co umo\u017cliwia jego prac\u0119. W EXPARTO proponujemy ko\u0142o \u0142a\u0144cuchowe przystosowane do \u0142a\u0144cucha o rozmiarze 1 cala. <\/span><b>\u015arednica otworu to fi 40 mm, czyli ko\u0142o pasuje na wa\u0142 o takiej \u015brednicy<\/b><span style=\"font-weight: 400;\">. Cz\u0119\u015b\u0107 posiada 16 z\u0119b\u00f3w, co przek\u0142ada si\u0119 na wydajne przekazywanie mocy obrotowej. Produkt wykonano z wysokiej jako\u015bci stali.\u00a0<\/span><\/p>\n<p><p style=\"text-align: justify;\"><span style=\"font-weight: 400;\">Szukasz cz\u0119\u015bci do maszyn rolniczych? Znajdziesz je w EXPARTO. Od lat budujemy pozycj\u0119 jednego z lider\u00f3w w obszarze produkcji i dystrybucji cz\u0119\u015bci dla sektora rolnictwa. <\/span><b>Zach\u0119camy do zakup\u00f3w w naszym sklepie. Masz jakiekolwiek w\u0105tpliwo\u015bci? Nasz specjalista poprowadzi Ci\u0119 przez proces zakupowy<\/b><span style=\"font-weight: 400;\">. <\/span><\/p>\n","protected":false},"excerpt":{"rendered":"<p style=\"text-align: justify;\">Ko\u0142o \u0142a\u0144cuchowe do rozrzutnika<\/p>\n","protected":false},"featured_media":16994,"comment_status":"open","ping_status":"closed","template":"","meta":{"_acf_changed":false,"inline_featured_image":false},"product_brand":[],"product_cat":[732,735],"product_tag":[],"class_list":{"0":"post-17009","1":"product","2":"type-product","3":"status-publish","4":"has-post-thumbnail","6":"product_cat-czesci-do-rozrzutnika","7":"product_cat-kola-lancuchowe","9":"first","10":"outofstock","11":"taxable","12":"shipping-taxable","13":"purchasable","14":"product-type-simple"},"acf":[],"yoast_head":"<!-- This site is optimized with the Yoast SEO plugin v27.3 - https:\/\/yoast.com\/product\/yoast-seo-wordpress\/ -->\n<title>Ko\u0142o \u0142a\u0144cuchowe rozrzutnika Z-16 1 cal fi-40mm - Exparto.pl<\/title>\n<meta name=\"robots\" content=\"index, follow, max-snippet:-1, max-image-preview:large, max-video-preview:-1\" \/>\n<link rel=\"canonical\" href=\"https:\/\/exparto.pl\/hu\/produkt\/kolo-lancuchowe-z-16-1-cal-fi-40mm\/\" \/>\n<meta property=\"og:locale\" content=\"hu_HU\" \/>\n<meta property=\"og:type\" content=\"article\" \/>\n<meta property=\"og:title\" content=\"Ko\u0142o \u0142a\u0144cuchowe rozrzutnika Z-16 1 cal fi-40mm - Exparto.pl\" \/>\n<meta property=\"og:description\" content=\"Ko\u0142o \u0142a\u0144cuchowe do rozrzutnika\" \/>\n<meta property=\"og:url\" content=\"https:\/\/exparto.pl\/hu\/produkt\/kolo-lancuchowe-z-16-1-cal-fi-40mm\/\" \/>\n<meta property=\"og:site_name\" content=\"Exparto.pl\" \/>\n<meta property=\"article:publisher\" content=\"https:\/\/www.facebook.com\/exparto.agro\/\" \/>\n<meta property=\"article:modified_time\" content=\"2026-01-21T11:30:23+00:00\" \/>\n<meta property=\"og:image\" content=\"https:\/\/exparto.pl\/wp-content\/uploads\/2023\/12\/aae8bc8036d920c678d16a315f00b462.jpg\" \/>\n\t<meta property=\"og:image:width\" content=\"1000\" \/>\n\t<meta property=\"og:image:height\" content=\"1000\" \/>\n\t<meta property=\"og:image:type\" content=\"image\/jpeg\" \/>\n<meta name=\"twitter:card\" content=\"summary_large_image\" \/>\n<meta name=\"twitter:label1\" content=\"Becs\u00fclt olvas\u00e1si id\u0151\" \/>\n\t<meta name=\"twitter:data1\" content=\"2 perc\" \/>\n<script type=\"application\/ld+json\" class=\"yoast-schema-graph\">{\"@context\":\"https:\\\/\\\/schema.org\",\"@graph\":[{\"@type\":\"WebPage\",\"@id\":\"https:\\\/\\\/exparto.pl\\\/hu\\\/produkt\\\/kolo-lancuchowe-z-16-1-cal-fi-40mm\\\/\",\"url\":\"https:\\\/\\\/exparto.pl\\\/hu\\\/produkt\\\/kolo-lancuchowe-z-16-1-cal-fi-40mm\\\/\",\"name\":\"Ko\u0142o \u0142a\u0144cuchowe rozrzutnika Z-16 1 cal fi-40mm - Exparto.pl\",\"isPartOf\":{\"@id\":\"https:\\\/\\\/exparto.pl\\\/hu\\\/#website\"},\"primaryImageOfPage\":{\"@id\":\"https:\\\/\\\/exparto.pl\\\/hu\\\/produkt\\\/kolo-lancuchowe-z-16-1-cal-fi-40mm\\\/#primaryimage\"},\"image\":{\"@id\":\"https:\\\/\\\/exparto.pl\\\/hu\\\/produkt\\\/kolo-lancuchowe-z-16-1-cal-fi-40mm\\\/#primaryimage\"},\"thumbnailUrl\":\"https:\\\/\\\/exparto.pl\\\/wp-content\\\/uploads\\\/2023\\\/12\\\/aae8bc8036d920c678d16a315f00b462.jpg\",\"datePublished\":\"2023-12-21T11:17:09+00:00\",\"dateModified\":\"2026-01-21T11:30:23+00:00\",\"breadcrumb\":{\"@id\":\"https:\\\/\\\/exparto.pl\\\/hu\\\/produkt\\\/kolo-lancuchowe-z-16-1-cal-fi-40mm\\\/#breadcrumb\"},\"inLanguage\":\"hu\",\"potentialAction\":[{\"@type\":\"ReadAction\",\"target\":[\"https:\\\/\\\/exparto.pl\\\/hu\\\/produkt\\\/kolo-lancuchowe-z-16-1-cal-fi-40mm\\\/\"]}]},{\"@type\":\"ImageObject\",\"inLanguage\":\"hu\",\"@id\":\"https:\\\/\\\/exparto.pl\\\/hu\\\/produkt\\\/kolo-lancuchowe-z-16-1-cal-fi-40mm\\\/#primaryimage\",\"url\":\"https:\\\/\\\/exparto.pl\\\/wp-content\\\/uploads\\\/2023\\\/12\\\/aae8bc8036d920c678d16a315f00b462.jpg\",\"contentUrl\":\"https:\\\/\\\/exparto.pl\\\/wp-content\\\/uploads\\\/2023\\\/12\\\/aae8bc8036d920c678d16a315f00b462.jpg\",\"width\":1000,\"height\":1000},{\"@type\":\"BreadcrumbList\",\"@id\":\"https:\\\/\\\/exparto.pl\\\/hu\\\/produkt\\\/kolo-lancuchowe-z-16-1-cal-fi-40mm\\\/#breadcrumb\",\"itemListElement\":[{\"@type\":\"ListItem\",\"position\":1,\"name\":\"Honlap\",\"item\":\"https:\\\/\\\/exparto.pl\\\/hu\\\/\"},{\"@type\":\"ListItem\",\"position\":2,\"name\":\"Sklep\",\"item\":\"https:\\\/\\\/exparto.pl\\\/sklep\\\/\"},{\"@type\":\"ListItem\",\"position\":3,\"name\":\"Cz\u0119\u015bci do rozrzutnika\",\"item\":\"https:\\\/\\\/exparto.pl\\\/kategoria-produktu\\\/czesci-do-rozrzutnika\\\/\"},{\"@type\":\"ListItem\",\"position\":4,\"name\":\"Ko\u0142a \u0142a\u0144cuchowe\",\"item\":\"https:\\\/\\\/exparto.pl\\\/kategoria-produktu\\\/czesci-do-rozrzutnika\\\/kola-lancuchowe\\\/\"},{\"@type\":\"ListItem\",\"position\":5,\"name\":\"Ko\u0142o \u0142a\u0144cuchowe rozrzutnika Z-16 1 cal fi-40mm\"}]},{\"@type\":\"WebSite\",\"@id\":\"https:\\\/\\\/exparto.pl\\\/hu\\\/#website\",\"url\":\"https:\\\/\\\/exparto.pl\\\/hu\\\/\",\"name\":\"EXPARTO\",\"description\":\"More than agro parts\",\"publisher\":{\"@id\":\"https:\\\/\\\/exparto.pl\\\/hu\\\/#organization\"},\"potentialAction\":[{\"@type\":\"SearchAction\",\"target\":{\"@type\":\"EntryPoint\",\"urlTemplate\":\"https:\\\/\\\/exparto.pl\\\/hu\\\/?s={search_term_string}\"},\"query-input\":{\"@type\":\"PropertyValueSpecification\",\"valueRequired\":true,\"valueName\":\"search_term_string\"}}],\"inLanguage\":\"hu\"},{\"@type\":\"Organization\",\"@id\":\"https:\\\/\\\/exparto.pl\\\/hu\\\/#organization\",\"name\":\"EXPARTO\",\"url\":\"https:\\\/\\\/exparto.pl\\\/hu\\\/\",\"logo\":{\"@type\":\"ImageObject\",\"inLanguage\":\"hu\",\"@id\":\"https:\\\/\\\/exparto.pl\\\/hu\\\/#\\\/schema\\\/logo\\\/image\\\/\",\"url\":\"https:\\\/\\\/exparto.pl\\\/wp-content\\\/uploads\\\/2023\\\/02\\\/logo-wektor.png\",\"contentUrl\":\"https:\\\/\\\/exparto.pl\\\/wp-content\\\/uploads\\\/2023\\\/02\\\/logo-wektor.png\",\"width\":1338,\"height\":143,\"caption\":\"EXPARTO\"},\"image\":{\"@id\":\"https:\\\/\\\/exparto.pl\\\/hu\\\/#\\\/schema\\\/logo\\\/image\\\/\"},\"sameAs\":[\"https:\\\/\\\/www.facebook.com\\\/exparto.agro\\\/\"]}]}<\/script>\n<!-- \/ Yoast SEO plugin. -->","yoast_head_json":{"title":"Ko\u0142o \u0142a\u0144cuchowe rozrzutnika Z-16 1 cal fi-40mm - Exparto.pl","robots":{"index":"index","follow":"follow","max-snippet":"max-snippet:-1","max-image-preview":"max-image-preview:large","max-video-preview":"max-video-preview:-1"},"canonical":"https:\/\/exparto.pl\/hu\/produkt\/kolo-lancuchowe-z-16-1-cal-fi-40mm\/","og_locale":"hu_HU","og_type":"article","og_title":"Ko\u0142o \u0142a\u0144cuchowe rozrzutnika Z-16 1 cal fi-40mm - Exparto.pl","og_description":"Ko\u0142o \u0142a\u0144cuchowe do rozrzutnika","og_url":"https:\/\/exparto.pl\/hu\/produkt\/kolo-lancuchowe-z-16-1-cal-fi-40mm\/","og_site_name":"Exparto.pl","article_publisher":"https:\/\/www.facebook.com\/exparto.agro\/","article_modified_time":"2026-01-21T11:30:23+00:00","og_image":[{"width":1000,"height":1000,"url":"https:\/\/exparto.pl\/wp-content\/uploads\/2023\/12\/aae8bc8036d920c678d16a315f00b462.jpg","type":"image\/jpeg"}],"twitter_card":"summary_large_image","twitter_misc":{"Becs\u00fclt olvas\u00e1si id\u0151":"2 perc"},"schema":{"@context":"https:\/\/schema.org","@graph":[{"@type":"WebPage","@id":"https:\/\/exparto.pl\/hu\/produkt\/kolo-lancuchowe-z-16-1-cal-fi-40mm\/","url":"https:\/\/exparto.pl\/hu\/produkt\/kolo-lancuchowe-z-16-1-cal-fi-40mm\/","name":"Ko\u0142o \u0142a\u0144cuchowe rozrzutnika Z-16 1 cal fi-40mm - Exparto.pl","isPartOf":{"@id":"https:\/\/exparto.pl\/hu\/#website"},"primaryImageOfPage":{"@id":"https:\/\/exparto.pl\/hu\/produkt\/kolo-lancuchowe-z-16-1-cal-fi-40mm\/#primaryimage"},"image":{"@id":"https:\/\/exparto.pl\/hu\/produkt\/kolo-lancuchowe-z-16-1-cal-fi-40mm\/#primaryimage"},"thumbnailUrl":"https:\/\/exparto.pl\/wp-content\/uploads\/2023\/12\/aae8bc8036d920c678d16a315f00b462.jpg","datePublished":"2023-12-21T11:17:09+00:00","dateModified":"2026-01-21T11:30:23+00:00","breadcrumb":{"@id":"https:\/\/exparto.pl\/hu\/produkt\/kolo-lancuchowe-z-16-1-cal-fi-40mm\/#breadcrumb"},"inLanguage":"hu","potentialAction":[{"@type":"ReadAction","target":["https:\/\/exparto.pl\/hu\/produkt\/kolo-lancuchowe-z-16-1-cal-fi-40mm\/"]}]},{"@type":"ImageObject","inLanguage":"hu","@id":"https:\/\/exparto.pl\/hu\/produkt\/kolo-lancuchowe-z-16-1-cal-fi-40mm\/#primaryimage","url":"https:\/\/exparto.pl\/wp-content\/uploads\/2023\/12\/aae8bc8036d920c678d16a315f00b462.jpg","contentUrl":"https:\/\/exparto.pl\/wp-content\/uploads\/2023\/12\/aae8bc8036d920c678d16a315f00b462.jpg","width":1000,"height":1000},{"@type":"BreadcrumbList","@id":"https:\/\/exparto.pl\/hu\/produkt\/kolo-lancuchowe-z-16-1-cal-fi-40mm\/#breadcrumb","itemListElement":[{"@type":"ListItem","position":1,"name":"Honlap","item":"https:\/\/exparto.pl\/hu\/"},{"@type":"ListItem","position":2,"name":"Sklep","item":"https:\/\/exparto.pl\/sklep\/"},{"@type":"ListItem","position":3,"name":"Cz\u0119\u015bci do rozrzutnika","item":"https:\/\/exparto.pl\/kategoria-produktu\/czesci-do-rozrzutnika\/"},{"@type":"ListItem","position":4,"name":"Ko\u0142a \u0142a\u0144cuchowe","item":"https:\/\/exparto.pl\/kategoria-produktu\/czesci-do-rozrzutnika\/kola-lancuchowe\/"},{"@type":"ListItem","position":5,"name":"Ko\u0142o \u0142a\u0144cuchowe rozrzutnika Z-16 1 cal fi-40mm"}]},{"@type":"WebSite","@id":"https:\/\/exparto.pl\/hu\/#website","url":"https:\/\/exparto.pl\/hu\/","name":"EXPARTO","description":"More than agro parts","publisher":{"@id":"https:\/\/exparto.pl\/hu\/#organization"},"potentialAction":[{"@type":"SearchAction","target":{"@type":"EntryPoint","urlTemplate":"https:\/\/exparto.pl\/hu\/?s={search_term_string}"},"query-input":{"@type":"PropertyValueSpecification","valueRequired":true,"valueName":"search_term_string"}}],"inLanguage":"hu"},{"@type":"Organization","@id":"https:\/\/exparto.pl\/hu\/#organization","name":"EXPARTO","url":"https:\/\/exparto.pl\/hu\/","logo":{"@type":"ImageObject","inLanguage":"hu","@id":"https:\/\/exparto.pl\/hu\/#\/schema\/logo\/image\/","url":"https:\/\/exparto.pl\/wp-content\/uploads\/2023\/02\/logo-wektor.png","contentUrl":"https:\/\/exparto.pl\/wp-content\/uploads\/2023\/02\/logo-wektor.png","width":1338,"height":143,"caption":"EXPARTO"},"image":{"@id":"https:\/\/exparto.pl\/hu\/#\/schema\/logo\/image\/"},"sameAs":["https:\/\/www.facebook.com\/exparto.agro\/"]}]}},"_links":{"self":[{"href":"https:\/\/exparto.pl\/hu\/wp-json\/wp\/v2\/product\/17009","targetHints":{"allow":["GET"]}}],"collection":[{"href":"https:\/\/exparto.pl\/hu\/wp-json\/wp\/v2\/product"}],"about":[{"href":"https:\/\/exparto.pl\/hu\/wp-json\/wp\/v2\/types\/product"}],"replies":[{"embeddable":true,"href":"https:\/\/exparto.pl\/hu\/wp-json\/wp\/v2\/comments?post=17009"}],"wp:featuredmedia":[{"embeddable":true,"href":"https:\/\/exparto.pl\/hu\/wp-json\/wp\/v2\/media\/16994"}],"wp:attachment":[{"href":"https:\/\/exparto.pl\/hu\/wp-json\/wp\/v2\/media?parent=17009"}],"wp:term":[{"taxonomy":"product_brand","embeddable":true,"href":"https:\/\/exparto.pl\/hu\/wp-json\/wp\/v2\/product_brand?post=17009"},{"taxonomy":"product_cat","embeddable":true,"href":"https:\/\/exparto.pl\/hu\/wp-json\/wp\/v2\/product_cat?post=17009"},{"taxonomy":"product_tag","embeddable":true,"href":"https:\/\/exparto.pl\/hu\/wp-json\/wp\/v2\/product_tag?post=17009"}],"curies":[{"name":"wp","href":"https:\/\/api.w.org\/{rel}","templated":true}]}}