{"id":17340,"date":"2023-12-22T10:45:10","date_gmt":"2023-12-22T09:45:10","guid":{"rendered":"https:\/\/exparto.pl\/produkt\/kolo-pasowe-male-do-rozdrabniacza-bak\/"},"modified":"2026-01-21T12:30:44","modified_gmt":"2026-01-21T11:30:44","slug":"kolo-pasowe-male-do-rozdrabniacza-bak","status":"publish","type":"product","link":"https:\/\/exparto.pl\/hu\/produkt\/kolo-pasowe-male-do-rozdrabniacza-bak\/","title":{"rendered":"Ko\u0142o pasowe ma\u0142e do rozdrabniacza B\u0105k"},"content":{"rendered":"<p><b>Zastosowanie<\/b><span style=\"font-weight: 400;\">:<\/span><\/p>\n<ul>\n<li style=\"font-weight: 400;\" aria-level=\"1\"><span style=\"font-weight: 400;\">rozdrabniacz B\u0105k<\/span><\/li>\n<\/ul>\n<p><b>Numer katalogowy<\/b><span style=\"font-weight: 400;\">:<\/span><\/p>\n<ul>\n<li style=\"font-weight: 400;\" aria-level=\"1\"><span style=\"font-weight: 400;\">811101012<\/span><\/li>\n<\/ul>\n<p><b>W swoim gospodarstwie rolnym korzystasz z rozdrabniacza B\u0105k<\/b><span style=\"font-weight: 400;\">? Od jako\u015bci cz\u0119\u015bci roboczych zale\u017c\u0105 wydajno\u015b\u0107 i bezpiecze\u0144stwo pracy tego urz\u0105dzenia. <\/span><b>W EXPARTO oferujemy starannie przygotowane ko\u0142o pasowe ma\u0142e do tej maszyny<\/b><span style=\"font-weight: 400;\">. Dzi\u0119ki niemu zapewnisz sobie prawid\u0142owe rozdrabnianie materia\u0142u i zachowasz wydajno\u015b\u0107 urz\u0105dzenia na d\u0142u\u017cej.<\/span><\/p>\n<h2><span style=\"font-weight: 400;\">Ko\u0142o pasowe rozdrabniacza B\u0105k \u2013 ma\u0142e<\/span><\/h2>\n<p><span style=\"font-weight: 400;\">Czym jest ko\u0142o pasowe rozdrabniacza i jak\u0105 funkcj\u0119 pe\u0142ni w tej maszynie? <\/span><b>To element konstrukcji, kt\u00f3ry znajduje si\u0119 w uk\u0142adzie nap\u0119dowym<\/b><span style=\"font-weight: 400;\">. Jego zadaniem jest przenoszenie energii mechanicznej poprzez wsp\u00f3\u0142prac\u0119 z paskiem nap\u0119dowym. <\/span><b>Dzi\u0119ki temu mo\u017cliwe jest skuteczne rozdrabnianie ziarna na \u015brut\u0119<\/b><span style=\"font-weight: 400;\">, kt\u00f3ra nast\u0119pnie wykorzystywana jest jako pasza dla zwierz\u0105t.\u00a0<\/span><\/p>\n<p><p style=\"text-align: justify;\"><span style=\"font-weight: 400;\">Oferowane przez nas ko\u0142o pasowe ma\u0142e idealnie pasuje do rozdrabniacza B\u0105k. <\/span><b>To uniwersalna maszyna rolnicza, kt\u00f3ra znajduje si\u0119 w wielu gospodarstwach w Polsce<\/b><span style=\"font-weight: 400;\">. Prosta konstrukcja idzie w parze z wysok\u0105 wydajno\u015bci\u0105 i nisk\u0105 awaryjno\u015bci\u0105. Z czasem jednak ko\u0142o pasowe podlega zu\u017cyciu. Je\u017celi zauwa\u017cysz, \u017ce energia w uk\u0142adzie nap\u0119dowym nie jest przenoszona efektywnie, to znak, \u017ce warto wymieni\u0107 ko\u0142o pasowe. Znajdziesz je w naszej ofercie \u2013 zapraszamy do zakup\u00f3w w EXPARTO. <\/span><\/p>\n","protected":false},"excerpt":{"rendered":"<p style=\"text-align: justify;\">Ko\u0142o pasowe rozdrabniacza<\/p>\n","protected":false},"featured_media":17325,"comment_status":"open","ping_status":"closed","template":"","meta":{"_acf_changed":false,"inline_featured_image":false},"product_brand":[],"product_cat":[734],"product_tag":[],"class_list":{"0":"post-17340","1":"product","2":"type-product","3":"status-publish","4":"has-post-thumbnail","6":"product_cat-czesci-do-rozdrabniacza","8":"first","9":"instock","10":"taxable","11":"shipping-taxable","12":"purchasable","13":"product-type-simple"},"acf":[],"yoast_head":"<!-- This site is optimized with the Yoast SEO plugin v27.3 - https:\/\/yoast.com\/product\/yoast-seo-wordpress\/ -->\n<title>Ko\u0142o pasowe ma\u0142e do rozdrabniacza B\u0105k - Exparto.pl<\/title>\n<meta name=\"robots\" content=\"index, follow, max-snippet:-1, max-image-preview:large, max-video-preview:-1\" \/>\n<link rel=\"canonical\" href=\"https:\/\/exparto.pl\/hu\/produkt\/kolo-pasowe-male-do-rozdrabniacza-bak\/\" \/>\n<meta property=\"og:locale\" content=\"hu_HU\" \/>\n<meta property=\"og:type\" content=\"article\" \/>\n<meta property=\"og:title\" content=\"Ko\u0142o pasowe ma\u0142e do rozdrabniacza B\u0105k - Exparto.pl\" \/>\n<meta property=\"og:description\" content=\"Ko\u0142o pasowe rozdrabniacza\" \/>\n<meta property=\"og:url\" content=\"https:\/\/exparto.pl\/hu\/produkt\/kolo-pasowe-male-do-rozdrabniacza-bak\/\" \/>\n<meta property=\"og:site_name\" content=\"Exparto.pl\" \/>\n<meta property=\"article:publisher\" content=\"https:\/\/www.facebook.com\/exparto.agro\/\" \/>\n<meta property=\"article:modified_time\" content=\"2026-01-21T11:30:44+00:00\" \/>\n<meta property=\"og:image\" content=\"https:\/\/exparto.pl\/wp-content\/uploads\/2023\/12\/abbdc871ca03323763d34ea416b37329.jpg\" \/>\n\t<meta property=\"og:image:width\" content=\"1000\" \/>\n\t<meta property=\"og:image:height\" content=\"1000\" \/>\n\t<meta property=\"og:image:type\" content=\"image\/jpeg\" \/>\n<meta name=\"twitter:card\" content=\"summary_large_image\" \/>\n<meta name=\"twitter:label1\" content=\"Becs\u00fclt olvas\u00e1si id\u0151\" \/>\n\t<meta name=\"twitter:data1\" content=\"2 perc\" \/>\n<script type=\"application\/ld+json\" class=\"yoast-schema-graph\">{\"@context\":\"https:\\\/\\\/schema.org\",\"@graph\":[{\"@type\":\"WebPage\",\"@id\":\"https:\\\/\\\/exparto.pl\\\/hu\\\/produkt\\\/kolo-pasowe-male-do-rozdrabniacza-bak\\\/\",\"url\":\"https:\\\/\\\/exparto.pl\\\/hu\\\/produkt\\\/kolo-pasowe-male-do-rozdrabniacza-bak\\\/\",\"name\":\"Ko\u0142o pasowe ma\u0142e do rozdrabniacza B\u0105k - Exparto.pl\",\"isPartOf\":{\"@id\":\"https:\\\/\\\/exparto.pl\\\/hu\\\/#website\"},\"primaryImageOfPage\":{\"@id\":\"https:\\\/\\\/exparto.pl\\\/hu\\\/produkt\\\/kolo-pasowe-male-do-rozdrabniacza-bak\\\/#primaryimage\"},\"image\":{\"@id\":\"https:\\\/\\\/exparto.pl\\\/hu\\\/produkt\\\/kolo-pasowe-male-do-rozdrabniacza-bak\\\/#primaryimage\"},\"thumbnailUrl\":\"https:\\\/\\\/exparto.pl\\\/wp-content\\\/uploads\\\/2023\\\/12\\\/abbdc871ca03323763d34ea416b37329.jpg\",\"datePublished\":\"2023-12-22T09:45:10+00:00\",\"dateModified\":\"2026-01-21T11:30:44+00:00\",\"breadcrumb\":{\"@id\":\"https:\\\/\\\/exparto.pl\\\/hu\\\/produkt\\\/kolo-pasowe-male-do-rozdrabniacza-bak\\\/#breadcrumb\"},\"inLanguage\":\"hu\",\"potentialAction\":[{\"@type\":\"ReadAction\",\"target\":[\"https:\\\/\\\/exparto.pl\\\/hu\\\/produkt\\\/kolo-pasowe-male-do-rozdrabniacza-bak\\\/\"]}]},{\"@type\":\"ImageObject\",\"inLanguage\":\"hu\",\"@id\":\"https:\\\/\\\/exparto.pl\\\/hu\\\/produkt\\\/kolo-pasowe-male-do-rozdrabniacza-bak\\\/#primaryimage\",\"url\":\"https:\\\/\\\/exparto.pl\\\/wp-content\\\/uploads\\\/2023\\\/12\\\/abbdc871ca03323763d34ea416b37329.jpg\",\"contentUrl\":\"https:\\\/\\\/exparto.pl\\\/wp-content\\\/uploads\\\/2023\\\/12\\\/abbdc871ca03323763d34ea416b37329.jpg\",\"width\":1000,\"height\":1000},{\"@type\":\"BreadcrumbList\",\"@id\":\"https:\\\/\\\/exparto.pl\\\/hu\\\/produkt\\\/kolo-pasowe-male-do-rozdrabniacza-bak\\\/#breadcrumb\",\"itemListElement\":[{\"@type\":\"ListItem\",\"position\":1,\"name\":\"Honlap\",\"item\":\"https:\\\/\\\/exparto.pl\\\/hu\\\/\"},{\"@type\":\"ListItem\",\"position\":2,\"name\":\"Sklep\",\"item\":\"https:\\\/\\\/exparto.pl\\\/sklep\\\/\"},{\"@type\":\"ListItem\",\"position\":3,\"name\":\"Cz\u0119\u015bci do rozdrabniacza\",\"item\":\"https:\\\/\\\/exparto.pl\\\/kategoria-produktu\\\/czesci-do-rozdrabniacza\\\/\"},{\"@type\":\"ListItem\",\"position\":4,\"name\":\"Ko\u0142o pasowe ma\u0142e do rozdrabniacza B\u0105k\"}]},{\"@type\":\"WebSite\",\"@id\":\"https:\\\/\\\/exparto.pl\\\/hu\\\/#website\",\"url\":\"https:\\\/\\\/exparto.pl\\\/hu\\\/\",\"name\":\"EXPARTO\",\"description\":\"More than agro parts\",\"publisher\":{\"@id\":\"https:\\\/\\\/exparto.pl\\\/hu\\\/#organization\"},\"potentialAction\":[{\"@type\":\"SearchAction\",\"target\":{\"@type\":\"EntryPoint\",\"urlTemplate\":\"https:\\\/\\\/exparto.pl\\\/hu\\\/?s={search_term_string}\"},\"query-input\":{\"@type\":\"PropertyValueSpecification\",\"valueRequired\":true,\"valueName\":\"search_term_string\"}}],\"inLanguage\":\"hu\"},{\"@type\":\"Organization\",\"@id\":\"https:\\\/\\\/exparto.pl\\\/hu\\\/#organization\",\"name\":\"EXPARTO\",\"url\":\"https:\\\/\\\/exparto.pl\\\/hu\\\/\",\"logo\":{\"@type\":\"ImageObject\",\"inLanguage\":\"hu\",\"@id\":\"https:\\\/\\\/exparto.pl\\\/hu\\\/#\\\/schema\\\/logo\\\/image\\\/\",\"url\":\"https:\\\/\\\/exparto.pl\\\/wp-content\\\/uploads\\\/2023\\\/02\\\/logo-wektor.png\",\"contentUrl\":\"https:\\\/\\\/exparto.pl\\\/wp-content\\\/uploads\\\/2023\\\/02\\\/logo-wektor.png\",\"width\":1338,\"height\":143,\"caption\":\"EXPARTO\"},\"image\":{\"@id\":\"https:\\\/\\\/exparto.pl\\\/hu\\\/#\\\/schema\\\/logo\\\/image\\\/\"},\"sameAs\":[\"https:\\\/\\\/www.facebook.com\\\/exparto.agro\\\/\"]}]}<\/script>\n<!-- \/ Yoast SEO plugin. -->","yoast_head_json":{"title":"Ko\u0142o pasowe ma\u0142e do rozdrabniacza B\u0105k - Exparto.pl","robots":{"index":"index","follow":"follow","max-snippet":"max-snippet:-1","max-image-preview":"max-image-preview:large","max-video-preview":"max-video-preview:-1"},"canonical":"https:\/\/exparto.pl\/hu\/produkt\/kolo-pasowe-male-do-rozdrabniacza-bak\/","og_locale":"hu_HU","og_type":"article","og_title":"Ko\u0142o pasowe ma\u0142e do rozdrabniacza B\u0105k - Exparto.pl","og_description":"Ko\u0142o pasowe rozdrabniacza","og_url":"https:\/\/exparto.pl\/hu\/produkt\/kolo-pasowe-male-do-rozdrabniacza-bak\/","og_site_name":"Exparto.pl","article_publisher":"https:\/\/www.facebook.com\/exparto.agro\/","article_modified_time":"2026-01-21T11:30:44+00:00","og_image":[{"width":1000,"height":1000,"url":"https:\/\/exparto.pl\/wp-content\/uploads\/2023\/12\/abbdc871ca03323763d34ea416b37329.jpg","type":"image\/jpeg"}],"twitter_card":"summary_large_image","twitter_misc":{"Becs\u00fclt olvas\u00e1si id\u0151":"2 perc"},"schema":{"@context":"https:\/\/schema.org","@graph":[{"@type":"WebPage","@id":"https:\/\/exparto.pl\/hu\/produkt\/kolo-pasowe-male-do-rozdrabniacza-bak\/","url":"https:\/\/exparto.pl\/hu\/produkt\/kolo-pasowe-male-do-rozdrabniacza-bak\/","name":"Ko\u0142o pasowe ma\u0142e do rozdrabniacza B\u0105k - Exparto.pl","isPartOf":{"@id":"https:\/\/exparto.pl\/hu\/#website"},"primaryImageOfPage":{"@id":"https:\/\/exparto.pl\/hu\/produkt\/kolo-pasowe-male-do-rozdrabniacza-bak\/#primaryimage"},"image":{"@id":"https:\/\/exparto.pl\/hu\/produkt\/kolo-pasowe-male-do-rozdrabniacza-bak\/#primaryimage"},"thumbnailUrl":"https:\/\/exparto.pl\/wp-content\/uploads\/2023\/12\/abbdc871ca03323763d34ea416b37329.jpg","datePublished":"2023-12-22T09:45:10+00:00","dateModified":"2026-01-21T11:30:44+00:00","breadcrumb":{"@id":"https:\/\/exparto.pl\/hu\/produkt\/kolo-pasowe-male-do-rozdrabniacza-bak\/#breadcrumb"},"inLanguage":"hu","potentialAction":[{"@type":"ReadAction","target":["https:\/\/exparto.pl\/hu\/produkt\/kolo-pasowe-male-do-rozdrabniacza-bak\/"]}]},{"@type":"ImageObject","inLanguage":"hu","@id":"https:\/\/exparto.pl\/hu\/produkt\/kolo-pasowe-male-do-rozdrabniacza-bak\/#primaryimage","url":"https:\/\/exparto.pl\/wp-content\/uploads\/2023\/12\/abbdc871ca03323763d34ea416b37329.jpg","contentUrl":"https:\/\/exparto.pl\/wp-content\/uploads\/2023\/12\/abbdc871ca03323763d34ea416b37329.jpg","width":1000,"height":1000},{"@type":"BreadcrumbList","@id":"https:\/\/exparto.pl\/hu\/produkt\/kolo-pasowe-male-do-rozdrabniacza-bak\/#breadcrumb","itemListElement":[{"@type":"ListItem","position":1,"name":"Honlap","item":"https:\/\/exparto.pl\/hu\/"},{"@type":"ListItem","position":2,"name":"Sklep","item":"https:\/\/exparto.pl\/sklep\/"},{"@type":"ListItem","position":3,"name":"Cz\u0119\u015bci do rozdrabniacza","item":"https:\/\/exparto.pl\/kategoria-produktu\/czesci-do-rozdrabniacza\/"},{"@type":"ListItem","position":4,"name":"Ko\u0142o pasowe ma\u0142e do rozdrabniacza B\u0105k"}]},{"@type":"WebSite","@id":"https:\/\/exparto.pl\/hu\/#website","url":"https:\/\/exparto.pl\/hu\/","name":"EXPARTO","description":"More than agro parts","publisher":{"@id":"https:\/\/exparto.pl\/hu\/#organization"},"potentialAction":[{"@type":"SearchAction","target":{"@type":"EntryPoint","urlTemplate":"https:\/\/exparto.pl\/hu\/?s={search_term_string}"},"query-input":{"@type":"PropertyValueSpecification","valueRequired":true,"valueName":"search_term_string"}}],"inLanguage":"hu"},{"@type":"Organization","@id":"https:\/\/exparto.pl\/hu\/#organization","name":"EXPARTO","url":"https:\/\/exparto.pl\/hu\/","logo":{"@type":"ImageObject","inLanguage":"hu","@id":"https:\/\/exparto.pl\/hu\/#\/schema\/logo\/image\/","url":"https:\/\/exparto.pl\/wp-content\/uploads\/2023\/02\/logo-wektor.png","contentUrl":"https:\/\/exparto.pl\/wp-content\/uploads\/2023\/02\/logo-wektor.png","width":1338,"height":143,"caption":"EXPARTO"},"image":{"@id":"https:\/\/exparto.pl\/hu\/#\/schema\/logo\/image\/"},"sameAs":["https:\/\/www.facebook.com\/exparto.agro\/"]}]}},"_links":{"self":[{"href":"https:\/\/exparto.pl\/hu\/wp-json\/wp\/v2\/product\/17340","targetHints":{"allow":["GET"]}}],"collection":[{"href":"https:\/\/exparto.pl\/hu\/wp-json\/wp\/v2\/product"}],"about":[{"href":"https:\/\/exparto.pl\/hu\/wp-json\/wp\/v2\/types\/product"}],"replies":[{"embeddable":true,"href":"https:\/\/exparto.pl\/hu\/wp-json\/wp\/v2\/comments?post=17340"}],"wp:featuredmedia":[{"embeddable":true,"href":"https:\/\/exparto.pl\/hu\/wp-json\/wp\/v2\/media\/17325"}],"wp:attachment":[{"href":"https:\/\/exparto.pl\/hu\/wp-json\/wp\/v2\/media?parent=17340"}],"wp:term":[{"taxonomy":"product_brand","embeddable":true,"href":"https:\/\/exparto.pl\/hu\/wp-json\/wp\/v2\/product_brand?post=17340"},{"taxonomy":"product_cat","embeddable":true,"href":"https:\/\/exparto.pl\/hu\/wp-json\/wp\/v2\/product_cat?post=17340"},{"taxonomy":"product_tag","embeddable":true,"href":"https:\/\/exparto.pl\/hu\/wp-json\/wp\/v2\/product_tag?post=17340"}],"curies":[{"name":"wp","href":"https:\/\/api.w.org\/{rel}","templated":true}]}}