{"id":17610,"date":"2024-01-10T15:41:30","date_gmt":"2024-01-10T14:41:30","guid":{"rendered":"https:\/\/exparto.pl\/produkt\/tuleja-6-frezow-rozrzutnik-opryskiwacz\/"},"modified":"2026-01-21T12:31:14","modified_gmt":"2026-01-21T11:31:14","slug":"tuleja-6-frezow-rozrzutnik-opryskiwacz","status":"publish","type":"product","link":"https:\/\/exparto.pl\/hu\/produkt\/tuleja-6-frezow-rozrzutnik-opryskiwacz\/","title":{"rendered":"Tuleja 6 frez\u00f3w Rozrzutnik, Opryskiwacz"},"content":{"rendered":"<div style=\"text-align: justify;\"><span style=\"color: var(--text-color);\">Tuleja 6 frez\u00f3w.<\/span><\/div>\n<div style=\"text-align: justify;\"><b>\u00a0<\/b><\/div>\n<div style=\"text-align: justify;\"><b>Zastosowanie:<\/b><\/div>\n<div>\n<ul>\n<li style=\"text-align: justify;\">rozrzutnik obornika<\/li>\n<li style=\"text-align: justify;\">opryskiwacz<\/li>\n<li style=\"text-align: justify;\">maszyny rolnicze<\/li>\n<\/ul>\n<div style=\"text-align: justify;\"><b>Numer katalogowy:<\/b><\/div>\n<\/div>\n<div>\n<ul>\n<li style=\"text-align: justify;\">221302081<\/li>\n<\/ul>\n<p><span style=\"font-weight: 400;\">Tuleja rozrzutnika, opryskiwacza &#8211; 6 frez\u00f3w, 115 mm (numer katalogowy <\/span><span style=\"font-weight: 400;\">CZR01801) <\/span><span style=\"font-weight: 400;\">jest elementem maszyn rolniczych, kt\u00f3ry s\u0142u\u017cy do mocowania i stabilizacji r\u00f3\u017cnych cz\u0119\u015bci roboczych, takich jak frezy. <\/span><b>W przypadku rozrzutnik\u00f3w i opryskiwaczy tuleja mo\u017ce by\u0107 u\u017cywana do mocowania element\u00f3w obracaj\u0105cych si\u0119 lub innych ruchomych cz\u0119\u015bci maszyny.<\/b><\/p>\n<h2><span style=\"font-weight: 400;\">Tuleja rozrzutnika, opryskiwacza &#8211; 6 frez\u00f3w, 115 mm<\/span><\/h2>\n<p><span style=\"font-weight: 400;\">Tuleja 6-rezowa zosta\u0142a zaprojektowana do pracy z sze\u015bcioma ostrzami lub elementami tn\u0105cymi. Prezentowana tuleja opryskiwacza zosta\u0142a wykonana z wytrzyma\u0142ego materia\u0142u, dzi\u0119ki czemu jest w stanie sprosta\u0107 ci\u0119\u017ckim warunkom pracy, zapewniaj\u0105c stabilno\u015b\u0107 oraz bezpiecze\u0144stwo podczas dzia\u0142ania\u00a0 maszyny. <\/span><b>Poza tym dobrze znosi obci\u0105\u017cenia, wibracje oraz kontakt z r\u00f3\u017cnymi materia\u0142ami<\/b><\/p>\n<p><span style=\"font-weight: 400;\">Tuleja rozrzutnika 6 frez\u00f3w umo\u017cliwia precyzyjne i bezpieczne mocowanie cz\u0119\u015bci roboczych, co jest kluczowe dla efektywno\u015bci dzia\u0142ania pojazd\u00f3w rolniczych. Prezentowana tuleja 115 mm to komponent, kt\u00f3ry odgrywa wa\u017cn\u0105 rol\u0119 w utrzymaniu ci\u0105g\u0142o\u015bci pracy i wyd\u0142u\u017caniu \u017cywotno\u015bci maszyn.<\/span><\/p>\n<\/div>\n","protected":false},"excerpt":{"rendered":"<p><span style=\"font-size: 14px; text-align: justify;\">Tuleja 6 frezowa<\/span><\/p>\n","protected":false},"featured_media":17590,"comment_status":"open","ping_status":"closed","template":"","meta":{"_acf_changed":false,"inline_featured_image":false},"product_brand":[],"product_cat":[732],"product_tag":[],"class_list":{"0":"post-17610","1":"product","2":"type-product","3":"status-publish","4":"has-post-thumbnail","6":"product_cat-czesci-do-rozrzutnika","8":"first","9":"outofstock","10":"taxable","11":"shipping-taxable","12":"purchasable","13":"product-type-simple"},"acf":[],"yoast_head":"<!-- This site is optimized with the Yoast SEO plugin v27.3 - https:\/\/yoast.com\/product\/yoast-seo-wordpress\/ -->\n<title>Tuleja 6 frez\u00f3w Rozrzutnik, Opryskiwacz - Exparto.pl<\/title>\n<meta name=\"description\" content=\"Sprawd\u017a \ud83d\udc49 tulej\u0119 rozrzutnika, opryskiwacza - 6 frez\u00f3w, 115 mm \ud83c\udfe2 ze sklepu Exparto! \u2705 Wysoka jako\u015b\u0107! \ud83d\udd36 Gwarancja zadowolenia!\" \/>\n<meta name=\"robots\" content=\"index, follow, max-snippet:-1, max-image-preview:large, max-video-preview:-1\" \/>\n<link rel=\"canonical\" href=\"https:\/\/exparto.pl\/hu\/produkt\/tuleja-6-frezow-rozrzutnik-opryskiwacz\/\" \/>\n<meta property=\"og:locale\" content=\"hu_HU\" \/>\n<meta property=\"og:type\" content=\"article\" \/>\n<meta property=\"og:title\" content=\"Tuleja 6 frez\u00f3w Rozrzutnik, Opryskiwacz - Exparto.pl\" \/>\n<meta property=\"og:description\" content=\"Sprawd\u017a \ud83d\udc49 tulej\u0119 rozrzutnika, opryskiwacza - 6 frez\u00f3w, 115 mm \ud83c\udfe2 ze sklepu Exparto! \u2705 Wysoka jako\u015b\u0107! \ud83d\udd36 Gwarancja zadowolenia!\" \/>\n<meta property=\"og:url\" content=\"https:\/\/exparto.pl\/hu\/produkt\/tuleja-6-frezow-rozrzutnik-opryskiwacz\/\" \/>\n<meta property=\"og:site_name\" content=\"Exparto.pl\" \/>\n<meta property=\"article:publisher\" content=\"https:\/\/www.facebook.com\/exparto.agro\/\" \/>\n<meta property=\"article:modified_time\" content=\"2026-01-21T11:31:14+00:00\" \/>\n<meta property=\"og:image\" content=\"https:\/\/exparto.pl\/wp-content\/uploads\/2024\/01\/07d54f24b430ab08acb01364a5891b3a.jpg\" \/>\n\t<meta property=\"og:image:width\" content=\"1000\" \/>\n\t<meta property=\"og:image:height\" content=\"1000\" \/>\n\t<meta property=\"og:image:type\" content=\"image\/jpeg\" \/>\n<meta name=\"twitter:card\" content=\"summary_large_image\" \/>\n<meta name=\"twitter:label1\" content=\"Becs\u00fclt olvas\u00e1si id\u0151\" \/>\n\t<meta name=\"twitter:data1\" content=\"2 perc\" \/>\n<script type=\"application\/ld+json\" class=\"yoast-schema-graph\">{\"@context\":\"https:\\\/\\\/schema.org\",\"@graph\":[{\"@type\":\"WebPage\",\"@id\":\"https:\\\/\\\/exparto.pl\\\/hu\\\/produkt\\\/tuleja-6-frezow-rozrzutnik-opryskiwacz\\\/\",\"url\":\"https:\\\/\\\/exparto.pl\\\/hu\\\/produkt\\\/tuleja-6-frezow-rozrzutnik-opryskiwacz\\\/\",\"name\":\"Tuleja 6 frez\u00f3w Rozrzutnik, Opryskiwacz - Exparto.pl\",\"isPartOf\":{\"@id\":\"https:\\\/\\\/exparto.pl\\\/hu\\\/#website\"},\"primaryImageOfPage\":{\"@id\":\"https:\\\/\\\/exparto.pl\\\/hu\\\/produkt\\\/tuleja-6-frezow-rozrzutnik-opryskiwacz\\\/#primaryimage\"},\"image\":{\"@id\":\"https:\\\/\\\/exparto.pl\\\/hu\\\/produkt\\\/tuleja-6-frezow-rozrzutnik-opryskiwacz\\\/#primaryimage\"},\"thumbnailUrl\":\"https:\\\/\\\/exparto.pl\\\/wp-content\\\/uploads\\\/2024\\\/01\\\/07d54f24b430ab08acb01364a5891b3a.jpg\",\"datePublished\":\"2024-01-10T14:41:30+00:00\",\"dateModified\":\"2026-01-21T11:31:14+00:00\",\"description\":\"Sprawd\u017a \ud83d\udc49 tulej\u0119 rozrzutnika, opryskiwacza - 6 frez\u00f3w, 115 mm \ud83c\udfe2 ze sklepu Exparto! \u2705 Wysoka jako\u015b\u0107! \ud83d\udd36 Gwarancja zadowolenia!\",\"breadcrumb\":{\"@id\":\"https:\\\/\\\/exparto.pl\\\/hu\\\/produkt\\\/tuleja-6-frezow-rozrzutnik-opryskiwacz\\\/#breadcrumb\"},\"inLanguage\":\"hu\",\"potentialAction\":[{\"@type\":\"ReadAction\",\"target\":[\"https:\\\/\\\/exparto.pl\\\/hu\\\/produkt\\\/tuleja-6-frezow-rozrzutnik-opryskiwacz\\\/\"]}]},{\"@type\":\"ImageObject\",\"inLanguage\":\"hu\",\"@id\":\"https:\\\/\\\/exparto.pl\\\/hu\\\/produkt\\\/tuleja-6-frezow-rozrzutnik-opryskiwacz\\\/#primaryimage\",\"url\":\"https:\\\/\\\/exparto.pl\\\/wp-content\\\/uploads\\\/2024\\\/01\\\/07d54f24b430ab08acb01364a5891b3a.jpg\",\"contentUrl\":\"https:\\\/\\\/exparto.pl\\\/wp-content\\\/uploads\\\/2024\\\/01\\\/07d54f24b430ab08acb01364a5891b3a.jpg\",\"width\":1000,\"height\":1000},{\"@type\":\"BreadcrumbList\",\"@id\":\"https:\\\/\\\/exparto.pl\\\/hu\\\/produkt\\\/tuleja-6-frezow-rozrzutnik-opryskiwacz\\\/#breadcrumb\",\"itemListElement\":[{\"@type\":\"ListItem\",\"position\":1,\"name\":\"Honlap\",\"item\":\"https:\\\/\\\/exparto.pl\\\/hu\\\/\"},{\"@type\":\"ListItem\",\"position\":2,\"name\":\"Sklep\",\"item\":\"https:\\\/\\\/exparto.pl\\\/sklep\\\/\"},{\"@type\":\"ListItem\",\"position\":3,\"name\":\"Cz\u0119\u015bci do rozrzutnika\",\"item\":\"https:\\\/\\\/exparto.pl\\\/kategoria-produktu\\\/czesci-do-rozrzutnika\\\/\"},{\"@type\":\"ListItem\",\"position\":4,\"name\":\"Tuleja 6 frez\u00f3w Rozrzutnik, Opryskiwacz\"}]},{\"@type\":\"WebSite\",\"@id\":\"https:\\\/\\\/exparto.pl\\\/hu\\\/#website\",\"url\":\"https:\\\/\\\/exparto.pl\\\/hu\\\/\",\"name\":\"EXPARTO\",\"description\":\"More than agro parts\",\"publisher\":{\"@id\":\"https:\\\/\\\/exparto.pl\\\/hu\\\/#organization\"},\"potentialAction\":[{\"@type\":\"SearchAction\",\"target\":{\"@type\":\"EntryPoint\",\"urlTemplate\":\"https:\\\/\\\/exparto.pl\\\/hu\\\/?s={search_term_string}\"},\"query-input\":{\"@type\":\"PropertyValueSpecification\",\"valueRequired\":true,\"valueName\":\"search_term_string\"}}],\"inLanguage\":\"hu\"},{\"@type\":\"Organization\",\"@id\":\"https:\\\/\\\/exparto.pl\\\/hu\\\/#organization\",\"name\":\"EXPARTO\",\"url\":\"https:\\\/\\\/exparto.pl\\\/hu\\\/\",\"logo\":{\"@type\":\"ImageObject\",\"inLanguage\":\"hu\",\"@id\":\"https:\\\/\\\/exparto.pl\\\/hu\\\/#\\\/schema\\\/logo\\\/image\\\/\",\"url\":\"https:\\\/\\\/exparto.pl\\\/wp-content\\\/uploads\\\/2023\\\/02\\\/logo-wektor.png\",\"contentUrl\":\"https:\\\/\\\/exparto.pl\\\/wp-content\\\/uploads\\\/2023\\\/02\\\/logo-wektor.png\",\"width\":1338,\"height\":143,\"caption\":\"EXPARTO\"},\"image\":{\"@id\":\"https:\\\/\\\/exparto.pl\\\/hu\\\/#\\\/schema\\\/logo\\\/image\\\/\"},\"sameAs\":[\"https:\\\/\\\/www.facebook.com\\\/exparto.agro\\\/\"]}]}<\/script>\n<!-- \/ Yoast SEO plugin. -->","yoast_head_json":{"title":"Tuleja 6 frez\u00f3w Rozrzutnik, Opryskiwacz - Exparto.pl","description":"Sprawd\u017a \ud83d\udc49 tulej\u0119 rozrzutnika, opryskiwacza - 6 frez\u00f3w, 115 mm \ud83c\udfe2 ze sklepu Exparto! \u2705 Wysoka jako\u015b\u0107! \ud83d\udd36 Gwarancja zadowolenia!","robots":{"index":"index","follow":"follow","max-snippet":"max-snippet:-1","max-image-preview":"max-image-preview:large","max-video-preview":"max-video-preview:-1"},"canonical":"https:\/\/exparto.pl\/hu\/produkt\/tuleja-6-frezow-rozrzutnik-opryskiwacz\/","og_locale":"hu_HU","og_type":"article","og_title":"Tuleja 6 frez\u00f3w Rozrzutnik, Opryskiwacz - Exparto.pl","og_description":"Sprawd\u017a \ud83d\udc49 tulej\u0119 rozrzutnika, opryskiwacza - 6 frez\u00f3w, 115 mm \ud83c\udfe2 ze sklepu Exparto! \u2705 Wysoka jako\u015b\u0107! \ud83d\udd36 Gwarancja zadowolenia!","og_url":"https:\/\/exparto.pl\/hu\/produkt\/tuleja-6-frezow-rozrzutnik-opryskiwacz\/","og_site_name":"Exparto.pl","article_publisher":"https:\/\/www.facebook.com\/exparto.agro\/","article_modified_time":"2026-01-21T11:31:14+00:00","og_image":[{"width":1000,"height":1000,"url":"https:\/\/exparto.pl\/wp-content\/uploads\/2024\/01\/07d54f24b430ab08acb01364a5891b3a.jpg","type":"image\/jpeg"}],"twitter_card":"summary_large_image","twitter_misc":{"Becs\u00fclt olvas\u00e1si id\u0151":"2 perc"},"schema":{"@context":"https:\/\/schema.org","@graph":[{"@type":"WebPage","@id":"https:\/\/exparto.pl\/hu\/produkt\/tuleja-6-frezow-rozrzutnik-opryskiwacz\/","url":"https:\/\/exparto.pl\/hu\/produkt\/tuleja-6-frezow-rozrzutnik-opryskiwacz\/","name":"Tuleja 6 frez\u00f3w Rozrzutnik, Opryskiwacz - Exparto.pl","isPartOf":{"@id":"https:\/\/exparto.pl\/hu\/#website"},"primaryImageOfPage":{"@id":"https:\/\/exparto.pl\/hu\/produkt\/tuleja-6-frezow-rozrzutnik-opryskiwacz\/#primaryimage"},"image":{"@id":"https:\/\/exparto.pl\/hu\/produkt\/tuleja-6-frezow-rozrzutnik-opryskiwacz\/#primaryimage"},"thumbnailUrl":"https:\/\/exparto.pl\/wp-content\/uploads\/2024\/01\/07d54f24b430ab08acb01364a5891b3a.jpg","datePublished":"2024-01-10T14:41:30+00:00","dateModified":"2026-01-21T11:31:14+00:00","description":"Sprawd\u017a \ud83d\udc49 tulej\u0119 rozrzutnika, opryskiwacza - 6 frez\u00f3w, 115 mm \ud83c\udfe2 ze sklepu Exparto! \u2705 Wysoka jako\u015b\u0107! \ud83d\udd36 Gwarancja zadowolenia!","breadcrumb":{"@id":"https:\/\/exparto.pl\/hu\/produkt\/tuleja-6-frezow-rozrzutnik-opryskiwacz\/#breadcrumb"},"inLanguage":"hu","potentialAction":[{"@type":"ReadAction","target":["https:\/\/exparto.pl\/hu\/produkt\/tuleja-6-frezow-rozrzutnik-opryskiwacz\/"]}]},{"@type":"ImageObject","inLanguage":"hu","@id":"https:\/\/exparto.pl\/hu\/produkt\/tuleja-6-frezow-rozrzutnik-opryskiwacz\/#primaryimage","url":"https:\/\/exparto.pl\/wp-content\/uploads\/2024\/01\/07d54f24b430ab08acb01364a5891b3a.jpg","contentUrl":"https:\/\/exparto.pl\/wp-content\/uploads\/2024\/01\/07d54f24b430ab08acb01364a5891b3a.jpg","width":1000,"height":1000},{"@type":"BreadcrumbList","@id":"https:\/\/exparto.pl\/hu\/produkt\/tuleja-6-frezow-rozrzutnik-opryskiwacz\/#breadcrumb","itemListElement":[{"@type":"ListItem","position":1,"name":"Honlap","item":"https:\/\/exparto.pl\/hu\/"},{"@type":"ListItem","position":2,"name":"Sklep","item":"https:\/\/exparto.pl\/sklep\/"},{"@type":"ListItem","position":3,"name":"Cz\u0119\u015bci do rozrzutnika","item":"https:\/\/exparto.pl\/kategoria-produktu\/czesci-do-rozrzutnika\/"},{"@type":"ListItem","position":4,"name":"Tuleja 6 frez\u00f3w Rozrzutnik, Opryskiwacz"}]},{"@type":"WebSite","@id":"https:\/\/exparto.pl\/hu\/#website","url":"https:\/\/exparto.pl\/hu\/","name":"EXPARTO","description":"More than agro parts","publisher":{"@id":"https:\/\/exparto.pl\/hu\/#organization"},"potentialAction":[{"@type":"SearchAction","target":{"@type":"EntryPoint","urlTemplate":"https:\/\/exparto.pl\/hu\/?s={search_term_string}"},"query-input":{"@type":"PropertyValueSpecification","valueRequired":true,"valueName":"search_term_string"}}],"inLanguage":"hu"},{"@type":"Organization","@id":"https:\/\/exparto.pl\/hu\/#organization","name":"EXPARTO","url":"https:\/\/exparto.pl\/hu\/","logo":{"@type":"ImageObject","inLanguage":"hu","@id":"https:\/\/exparto.pl\/hu\/#\/schema\/logo\/image\/","url":"https:\/\/exparto.pl\/wp-content\/uploads\/2023\/02\/logo-wektor.png","contentUrl":"https:\/\/exparto.pl\/wp-content\/uploads\/2023\/02\/logo-wektor.png","width":1338,"height":143,"caption":"EXPARTO"},"image":{"@id":"https:\/\/exparto.pl\/hu\/#\/schema\/logo\/image\/"},"sameAs":["https:\/\/www.facebook.com\/exparto.agro\/"]}]}},"_links":{"self":[{"href":"https:\/\/exparto.pl\/hu\/wp-json\/wp\/v2\/product\/17610","targetHints":{"allow":["GET"]}}],"collection":[{"href":"https:\/\/exparto.pl\/hu\/wp-json\/wp\/v2\/product"}],"about":[{"href":"https:\/\/exparto.pl\/hu\/wp-json\/wp\/v2\/types\/product"}],"replies":[{"embeddable":true,"href":"https:\/\/exparto.pl\/hu\/wp-json\/wp\/v2\/comments?post=17610"}],"wp:featuredmedia":[{"embeddable":true,"href":"https:\/\/exparto.pl\/hu\/wp-json\/wp\/v2\/media\/17590"}],"wp:attachment":[{"href":"https:\/\/exparto.pl\/hu\/wp-json\/wp\/v2\/media?parent=17610"}],"wp:term":[{"taxonomy":"product_brand","embeddable":true,"href":"https:\/\/exparto.pl\/hu\/wp-json\/wp\/v2\/product_brand?post=17610"},{"taxonomy":"product_cat","embeddable":true,"href":"https:\/\/exparto.pl\/hu\/wp-json\/wp\/v2\/product_cat?post=17610"},{"taxonomy":"product_tag","embeddable":true,"href":"https:\/\/exparto.pl\/hu\/wp-json\/wp\/v2\/product_tag?post=17610"}],"curies":[{"name":"wp","href":"https:\/\/api.w.org\/{rel}","templated":true}]}}