{"id":19033,"date":"2024-01-19T10:13:17","date_gmt":"2024-01-19T09:13:17","guid":{"rendered":"https:\/\/exparto.pl\/produkt\/dluto-lemiesza-overum\/"},"modified":"2026-03-24T15:00:14","modified_gmt":"2026-03-24T14:00:14","slug":"dluto-lemiesza-overum","status":"publish","type":"product","link":"https:\/\/exparto.pl\/hu\/produkt\/dluto-lemiesza-overum\/","title":{"rendered":"D\u0142uto lemiesza Overum"},"content":{"rendered":"<div style=\"text-align: justify\">\n<p><span style=\"font-weight: 400\">P\u0142ug rolniczy to jedna z podstawowych maszyn w gospodarstwie rolnych. Wykorzystuje si\u0119 go do przygotowania gleby do kolejnych prac agrarnych, w tym m.in. do wysiewu. Wydajno\u015b\u0107 i \u017cywotno\u015b\u0107 maszyny mo\u017cesz zwi\u0119kszy\u0107 poprzez zastosowanie wysokiej jako\u015bci element\u00f3w roboczych. W EXPARTO przygotowali\u015bmy dla Ciebie d\u0142uto p\u0142uga Overum pasuj\u0105ce do r\u00f3\u017cnych urz\u0105dze\u0144. Zapraszamy do skorzystania z naszej oferty.\u00a0<\/span><\/p>\n<h2><span style=\"font-weight: 400\">D\u0142uto lemiesza do p\u0142uga \u2013 Overum 74601<\/span><\/h2>\n<p><b>Oferowane przez nas d\u0142uto do p\u0142uga Overum spe\u0142nia najwy\u017csze standardy rynkowe w zakresie wytrzyma\u0142o\u015bci eksploatacyjnej i odporno\u015bci na \u015bcieranie<\/b><span style=\"font-weight: 400\"> i uszkodzenia mechaniczne. Na uwag\u0119 zas\u0142uguje charakterystyczny kszta\u0142t d\u0142uta lemiesza, kt\u00f3ry u\u0142atwia prowadzenie orki. Produkt ten wykonano z wytrzyma\u0142ej i starannie obrobionej stali utwardzanej. Proces ten poprawia w\u0142a\u015bciwo\u015bci elementu i zwi\u0119ksza jego \u017cywotno\u015b\u0107.\u00a0<\/span><\/p>\n<p><b>Dbamy o to, aby dostarczane przez nas cz\u0119\u015bci wymienne do maszyn rolniczych spe\u0142nia\u0142y oczekiwania najbardziej wymagaj\u0105cych klient\u00f3w<\/b><span style=\"font-weight: 400\">. Takie te\u017c jest d\u0142uto do lemiesza. <\/span><b>Uniwersalno\u015b\u0107 tej cz\u0119\u015bci przek\u0142ada si\u0119 na szeroki potencja\u0142 jej zastosowania w p\u0142ugach rolniczych producent\u00f3w Overum oraz Massey Ferguson<\/b><span style=\"font-weight: 400\">. Poni\u017cej podano informacje, do kt\u00f3rych modeli urz\u0105dze\u0144 pasuje nasze d\u0142uto Overum 74601.\u00a0<\/span><\/p>\n<p><span style=\"font-weight: 400\">Zale\u017cy Ci na wygodnej i efektywnej pracy w polu? Skorzystaj z naszej oferty. W EXPARTO znajdziesz wysokiej jako\u015bci cz\u0119\u015bci wymienne do p\u0142ug\u00f3w oraz innych maszyn rolniczych. <\/span><b>Masz w\u0105tpliwo\u015bci czy to d\u0142uto do lemiesza b\u0119dzie pasowa\u0142o do Twojego urz\u0105dzenia? Skontaktuj si\u0119 z naszym ekspertem<\/b><span style=\"font-weight: 400\">.\u00a0<\/span><\/p>\n<p><b>Zastosowanie<\/b><span style=\"font-weight: 400\">:<\/span><\/p>\n<p><span style=\"font-weight: 400\">Massey Ferguson: r\u00f3\u017cne korpusy FC, FK, 715\/725 AX i AH<\/span><\/p>\n<p><span style=\"font-weight: 400\">\u00d6verum: r\u00f3\u017cne korpusy\u00a0 U, UC, V, XL, XU, SR, SRA, UN, UR, XS<\/span><\/p>\n<p><b>Numer katalogowy<\/b><span style=\"font-weight: 400\">:<\/span><\/p>\n<p><span style=\"font-weight: 400\">74601<\/span><\/p>\n<\/div>\n","protected":false},"excerpt":{"rendered":"<p style=\"text-align: justify\">Dzi\u00f3b wymienny d\u0142uto Overum<\/p>\n","protected":false},"featured_media":19008,"comment_status":"open","ping_status":"closed","template":"","meta":{"_acf_changed":false,"inline_featured_image":false},"product_brand":[],"product_cat":[827,771,941],"product_tag":[],"class_list":{"0":"post-19033","1":"product","2":"type-product","3":"status-publish","4":"has-post-thumbnail","6":"product_cat-aszualkatreszek","7":"product_cat-dluta-do-pluga","8":"product_cat-dluta-lemieszy-umiwersalne","10":"first","11":"instock","12":"taxable","13":"shipping-taxable","14":"purchasable","15":"product-type-simple"},"acf":[],"yoast_head":"<!-- This site is optimized with the Yoast SEO plugin v27.2 - https:\/\/yoast.com\/product\/yoast-seo-wordpress\/ -->\n<title>D\u0142uto lemiesza Overum - Exparto.pl<\/title>\n<meta name=\"robots\" content=\"index, follow, max-snippet:-1, max-image-preview:large, max-video-preview:-1\" \/>\n<link rel=\"canonical\" href=\"https:\/\/exparto.pl\/hu\/produkt\/dluto-lemiesza-overum\/\" \/>\n<meta property=\"og:locale\" content=\"hu_HU\" \/>\n<meta property=\"og:type\" content=\"article\" \/>\n<meta property=\"og:title\" content=\"D\u0142uto lemiesza Overum - Exparto.pl\" \/>\n<meta property=\"og:description\" content=\"Dzi\u00f3b wymienny d\u0142uto Overum\" \/>\n<meta property=\"og:url\" content=\"https:\/\/exparto.pl\/hu\/produkt\/dluto-lemiesza-overum\/\" \/>\n<meta property=\"og:site_name\" content=\"Exparto.pl\" \/>\n<meta property=\"article:publisher\" content=\"https:\/\/www.facebook.com\/exparto.agro\/\" \/>\n<meta property=\"article:modified_time\" content=\"2026-03-24T14:00:14+00:00\" \/>\n<meta property=\"og:image\" content=\"https:\/\/exparto.pl\/wp-content\/uploads\/2024\/01\/d61f6bdbc3644e63bb948f63f12a9334.jpg\" \/>\n\t<meta property=\"og:image:width\" content=\"1000\" \/>\n\t<meta property=\"og:image:height\" content=\"1000\" \/>\n\t<meta property=\"og:image:type\" content=\"image\/jpeg\" \/>\n<meta name=\"twitter:card\" content=\"summary_large_image\" \/>\n<meta name=\"twitter:label1\" content=\"Becs\u00fclt olvas\u00e1si id\u0151\" \/>\n\t<meta name=\"twitter:data1\" content=\"2 perc\" \/>\n<script type=\"application\/ld+json\" class=\"yoast-schema-graph\">{\"@context\":\"https:\/\/schema.org\",\"@graph\":[{\"@type\":\"WebPage\",\"@id\":\"https:\/\/exparto.pl\/hu\/produkt\/dluto-lemiesza-overum\/\",\"url\":\"https:\/\/exparto.pl\/hu\/produkt\/dluto-lemiesza-overum\/\",\"name\":\"D\u0142uto lemiesza Overum - Exparto.pl\",\"isPartOf\":{\"@id\":\"https:\/\/exparto.pl\/hu\/#website\"},\"primaryImageOfPage\":{\"@id\":\"https:\/\/exparto.pl\/hu\/produkt\/dluto-lemiesza-overum\/#primaryimage\"},\"image\":{\"@id\":\"https:\/\/exparto.pl\/hu\/produkt\/dluto-lemiesza-overum\/#primaryimage\"},\"thumbnailUrl\":\"https:\/\/exparto.pl\/wp-content\/uploads\/2024\/01\/d61f6bdbc3644e63bb948f63f12a9334.jpg\",\"datePublished\":\"2024-01-19T09:13:17+00:00\",\"dateModified\":\"2026-03-24T14:00:14+00:00\",\"breadcrumb\":{\"@id\":\"https:\/\/exparto.pl\/hu\/produkt\/dluto-lemiesza-overum\/#breadcrumb\"},\"inLanguage\":\"hu\",\"potentialAction\":[{\"@type\":\"ReadAction\",\"target\":[\"https:\/\/exparto.pl\/hu\/produkt\/dluto-lemiesza-overum\/\"]}]},{\"@type\":\"ImageObject\",\"inLanguage\":\"hu\",\"@id\":\"https:\/\/exparto.pl\/hu\/produkt\/dluto-lemiesza-overum\/#primaryimage\",\"url\":\"https:\/\/exparto.pl\/wp-content\/uploads\/2024\/01\/d61f6bdbc3644e63bb948f63f12a9334.jpg\",\"contentUrl\":\"https:\/\/exparto.pl\/wp-content\/uploads\/2024\/01\/d61f6bdbc3644e63bb948f63f12a9334.jpg\",\"width\":1000,\"height\":1000},{\"@type\":\"BreadcrumbList\",\"@id\":\"https:\/\/exparto.pl\/hu\/produkt\/dluto-lemiesza-overum\/#breadcrumb\",\"itemListElement\":[{\"@type\":\"ListItem\",\"position\":1,\"name\":\"Honlap\",\"item\":\"https:\/\/exparto.pl\/hu\/\"},{\"@type\":\"ListItem\",\"position\":2,\"name\":\"Sklep\",\"item\":\"https:\/\/exparto.pl\/sklep\/\"},{\"@type\":\"ListItem\",\"position\":3,\"name\":\"Asz\u00faalkatr\u00e9szek\",\"item\":\"https:\/\/exparto.pl\/hu\/termekkategoria\/aszualkatreszek\/\"},{\"@type\":\"ListItem\",\"position\":4,\"name\":\"D\u0142uta do p\u0142uga\",\"item\":\"https:\/\/exparto.pl\/kategoria-produktu\/czesci-do-plugow\/dluta-do-pluga\/\"},{\"@type\":\"ListItem\",\"position\":5,\"name\":\"D\u0142uto lemiesza Overum\"}]},{\"@type\":\"WebSite\",\"@id\":\"https:\/\/exparto.pl\/hu\/#website\",\"url\":\"https:\/\/exparto.pl\/hu\/\",\"name\":\"EXPARTO\",\"description\":\"More than agro parts\",\"publisher\":{\"@id\":\"https:\/\/exparto.pl\/hu\/#organization\"},\"potentialAction\":[{\"@type\":\"SearchAction\",\"target\":{\"@type\":\"EntryPoint\",\"urlTemplate\":\"https:\/\/exparto.pl\/hu\/?s={search_term_string}\"},\"query-input\":{\"@type\":\"PropertyValueSpecification\",\"valueRequired\":true,\"valueName\":\"search_term_string\"}}],\"inLanguage\":\"hu\"},{\"@type\":\"Organization\",\"@id\":\"https:\/\/exparto.pl\/hu\/#organization\",\"name\":\"EXPARTO\",\"url\":\"https:\/\/exparto.pl\/hu\/\",\"logo\":{\"@type\":\"ImageObject\",\"inLanguage\":\"hu\",\"@id\":\"https:\/\/exparto.pl\/hu\/#\/schema\/logo\/image\/\",\"url\":\"https:\/\/exparto.pl\/wp-content\/uploads\/2023\/02\/logo-wektor.png\",\"contentUrl\":\"https:\/\/exparto.pl\/wp-content\/uploads\/2023\/02\/logo-wektor.png\",\"width\":1338,\"height\":143,\"caption\":\"EXPARTO\"},\"image\":{\"@id\":\"https:\/\/exparto.pl\/hu\/#\/schema\/logo\/image\/\"},\"sameAs\":[\"https:\/\/www.facebook.com\/exparto.agro\/\"]}]}<\/script>\n<!-- \/ Yoast SEO plugin. -->","yoast_head_json":{"title":"D\u0142uto lemiesza Overum - Exparto.pl","robots":{"index":"index","follow":"follow","max-snippet":"max-snippet:-1","max-image-preview":"max-image-preview:large","max-video-preview":"max-video-preview:-1"},"canonical":"https:\/\/exparto.pl\/hu\/produkt\/dluto-lemiesza-overum\/","og_locale":"hu_HU","og_type":"article","og_title":"D\u0142uto lemiesza Overum - Exparto.pl","og_description":"Dzi\u00f3b wymienny d\u0142uto Overum","og_url":"https:\/\/exparto.pl\/hu\/produkt\/dluto-lemiesza-overum\/","og_site_name":"Exparto.pl","article_publisher":"https:\/\/www.facebook.com\/exparto.agro\/","article_modified_time":"2026-03-24T14:00:14+00:00","og_image":[{"width":1000,"height":1000,"url":"https:\/\/exparto.pl\/wp-content\/uploads\/2024\/01\/d61f6bdbc3644e63bb948f63f12a9334.jpg","type":"image\/jpeg"}],"twitter_card":"summary_large_image","twitter_misc":{"Becs\u00fclt olvas\u00e1si id\u0151":"2 perc"},"schema":{"@context":"https:\/\/schema.org","@graph":[{"@type":"WebPage","@id":"https:\/\/exparto.pl\/hu\/produkt\/dluto-lemiesza-overum\/","url":"https:\/\/exparto.pl\/hu\/produkt\/dluto-lemiesza-overum\/","name":"D\u0142uto lemiesza Overum - Exparto.pl","isPartOf":{"@id":"https:\/\/exparto.pl\/hu\/#website"},"primaryImageOfPage":{"@id":"https:\/\/exparto.pl\/hu\/produkt\/dluto-lemiesza-overum\/#primaryimage"},"image":{"@id":"https:\/\/exparto.pl\/hu\/produkt\/dluto-lemiesza-overum\/#primaryimage"},"thumbnailUrl":"https:\/\/exparto.pl\/wp-content\/uploads\/2024\/01\/d61f6bdbc3644e63bb948f63f12a9334.jpg","datePublished":"2024-01-19T09:13:17+00:00","dateModified":"2026-03-24T14:00:14+00:00","breadcrumb":{"@id":"https:\/\/exparto.pl\/hu\/produkt\/dluto-lemiesza-overum\/#breadcrumb"},"inLanguage":"hu","potentialAction":[{"@type":"ReadAction","target":["https:\/\/exparto.pl\/hu\/produkt\/dluto-lemiesza-overum\/"]}]},{"@type":"ImageObject","inLanguage":"hu","@id":"https:\/\/exparto.pl\/hu\/produkt\/dluto-lemiesza-overum\/#primaryimage","url":"https:\/\/exparto.pl\/wp-content\/uploads\/2024\/01\/d61f6bdbc3644e63bb948f63f12a9334.jpg","contentUrl":"https:\/\/exparto.pl\/wp-content\/uploads\/2024\/01\/d61f6bdbc3644e63bb948f63f12a9334.jpg","width":1000,"height":1000},{"@type":"BreadcrumbList","@id":"https:\/\/exparto.pl\/hu\/produkt\/dluto-lemiesza-overum\/#breadcrumb","itemListElement":[{"@type":"ListItem","position":1,"name":"Honlap","item":"https:\/\/exparto.pl\/hu\/"},{"@type":"ListItem","position":2,"name":"Sklep","item":"https:\/\/exparto.pl\/sklep\/"},{"@type":"ListItem","position":3,"name":"Asz\u00faalkatr\u00e9szek","item":"https:\/\/exparto.pl\/hu\/termekkategoria\/aszualkatreszek\/"},{"@type":"ListItem","position":4,"name":"D\u0142uta do p\u0142uga","item":"https:\/\/exparto.pl\/kategoria-produktu\/czesci-do-plugow\/dluta-do-pluga\/"},{"@type":"ListItem","position":5,"name":"D\u0142uto lemiesza Overum"}]},{"@type":"WebSite","@id":"https:\/\/exparto.pl\/hu\/#website","url":"https:\/\/exparto.pl\/hu\/","name":"EXPARTO","description":"More than agro parts","publisher":{"@id":"https:\/\/exparto.pl\/hu\/#organization"},"potentialAction":[{"@type":"SearchAction","target":{"@type":"EntryPoint","urlTemplate":"https:\/\/exparto.pl\/hu\/?s={search_term_string}"},"query-input":{"@type":"PropertyValueSpecification","valueRequired":true,"valueName":"search_term_string"}}],"inLanguage":"hu"},{"@type":"Organization","@id":"https:\/\/exparto.pl\/hu\/#organization","name":"EXPARTO","url":"https:\/\/exparto.pl\/hu\/","logo":{"@type":"ImageObject","inLanguage":"hu","@id":"https:\/\/exparto.pl\/hu\/#\/schema\/logo\/image\/","url":"https:\/\/exparto.pl\/wp-content\/uploads\/2023\/02\/logo-wektor.png","contentUrl":"https:\/\/exparto.pl\/wp-content\/uploads\/2023\/02\/logo-wektor.png","width":1338,"height":143,"caption":"EXPARTO"},"image":{"@id":"https:\/\/exparto.pl\/hu\/#\/schema\/logo\/image\/"},"sameAs":["https:\/\/www.facebook.com\/exparto.agro\/"]}]}},"_links":{"self":[{"href":"https:\/\/exparto.pl\/hu\/wp-json\/wp\/v2\/product\/19033","targetHints":{"allow":["GET"]}}],"collection":[{"href":"https:\/\/exparto.pl\/hu\/wp-json\/wp\/v2\/product"}],"about":[{"href":"https:\/\/exparto.pl\/hu\/wp-json\/wp\/v2\/types\/product"}],"replies":[{"embeddable":true,"href":"https:\/\/exparto.pl\/hu\/wp-json\/wp\/v2\/comments?post=19033"}],"wp:featuredmedia":[{"embeddable":true,"href":"https:\/\/exparto.pl\/hu\/wp-json\/wp\/v2\/media\/19008"}],"wp:attachment":[{"href":"https:\/\/exparto.pl\/hu\/wp-json\/wp\/v2\/media?parent=19033"}],"wp:term":[{"taxonomy":"product_brand","embeddable":true,"href":"https:\/\/exparto.pl\/hu\/wp-json\/wp\/v2\/product_brand?post=19033"},{"taxonomy":"product_cat","embeddable":true,"href":"https:\/\/exparto.pl\/hu\/wp-json\/wp\/v2\/product_cat?post=19033"},{"taxonomy":"product_tag","embeddable":true,"href":"https:\/\/exparto.pl\/hu\/wp-json\/wp\/v2\/product_tag?post=19033"}],"curies":[{"name":"wp","href":"https:\/\/api.w.org\/{rel}","templated":true}]}}