{"id":21220,"date":"2024-02-19T18:50:33","date_gmt":"2024-02-19T17:50:33","guid":{"rendered":"https:\/\/exparto.pl\/produkt\/piasta-talerza-slizgowego-kosiarki-rotacyjnej-165m-i-135m-185m\/"},"modified":"2026-03-26T11:00:44","modified_gmt":"2026-03-26T10:00:44","slug":"piasta-talerza-slizgowego-kosiarki-rotacyjnej-165m-i-135m-185m","status":"publish","type":"product","link":"https:\/\/exparto.pl\/hu\/produkt\/piasta-talerza-slizgowego-kosiarki-rotacyjnej-165m-i-135m-185m\/","title":{"rendered":"Piasta talerza \u015blizgowego kosiarki rotacyjnej 1,65m i 1,35m 1,85m"},"content":{"rendered":"<p><span style=\"font-weight: 400\">W przypadku maszyn rolniczych liczy si\u0119 ka\u017cdy detal. Pojedyncze elementy konstrukcji kosiarki rotacyjnej powinny spe\u0142nia\u0107 najwy\u017csze standardy jako\u015bciowe. Wszystko po to, aby praca by\u0142a wygodna, bezpieczna i efektywna. <\/span><b>W EXPARTO przygotowali\u015bmy dla Ciebie piast\u0119 talerza \u015blizgowego kosiarki rotacyjnej<\/b><span style=\"font-weight: 400\">.\u00a0<\/span><\/p>\n<h2><span style=\"font-weight: 400\">Piasta talerza \u015blizgowego kosiarki rotacyjnej &#8211; 1,65m, 1,35m, 1,85m<\/span><\/h2>\n<p><b>Oferowana przez nas piasta talerza \u015blizgowego kosiarki rotacyjnej to jeden z element\u00f3w uk\u0142adu nap\u0119du koszenia<\/b><span style=\"font-weight: 400\">. Piasta s\u0142u\u017cy do mocowania talerza \u015blizgowego. Nale\u017cy dobra\u0107 j\u0105 bezpo\u015brednio do modelu kosiarki oraz zamontowa\u0107 zgodnie z zaleceniami producenta maszyny. W ten spos\u00f3b dba si\u0119 o prawid\u0142ow\u0105 o niezawodn\u0105 prac\u0119 urz\u0105dzenia. Wp\u0142ywa to nie tylko na wygod\u0119, ale r\u00f3wnie\u017c na efektywno\u015b\u0107 koszenia. Ponadto skraca ca\u0142y proces. <\/span> <b>Dost\u0119pna w EXPARTO piasta talerza \u015blizgowego wykonana jest z wytrzyma\u0142ego \u017celiwa<\/b><span style=\"font-weight: 400\">. Materia\u0142 jest poddawany specjalistycznej obr\u00f3bce w kontrolowanych warunkach. Dzi\u0119ki temu posiada bardzo dobre parametry wytrzyma\u0142o\u015bciowe. <\/span><b>Jednocze\u015bnie charakteryzuje si\u0119 wyd\u0142u\u017con\u0105 \u017cywotno\u015bci\u0105, co pozwala na zoptymalizowanie koszt\u00f3w utrzymania maszyn rolniczych w gospodarstwie<\/b><span style=\"font-weight: 400\">. Model ten pasuje do kosiarek: 1,35 m, 1,65 m i 1,85 m<\/span><\/p>\n<p><b>Kupuj\u0105c w EXPARTO, gwarantujesz sobie wysok\u0105 jako\u015b\u0107 cz\u0119\u015bci oraz to, \u017ce spe\u0142niaj\u0105 one najwy\u017csze standardy rynkowe<\/b><span style=\"font-weight: 400\">. Skorzystaj z naszej oferty i zadbaj o wydajn\u0105 i bezpieczn\u0105 prac\u0119 na polu. W ofercie posiadamy zar\u00f3wno piasty talerza \u015blizgowego kosiarki rotacyjnej, jak i inne cz\u0119\u015bci do tej maszyny. <\/span><\/p>\n<p><b>Zastosowanie<\/b><span style=\"font-weight: 400\">: <\/span><span style=\"font-weight: 400\">Pasuje do kosiarek rotacyjnych 1,65m i 1,35m 1,85m<\/span><\/p>\n<p><b>Numer katalogowy<\/b><span style=\"font-weight: 400\">: <\/span><span style=\"font-weight: 400\">5036010770<\/span><\/p>\n","protected":false},"excerpt":{"rendered":"<p style=\"text-align: justify\">Piasta talerza \u015blizgowego<\/p>\n","protected":false},"featured_media":21205,"comment_status":"open","ping_status":"closed","template":"","meta":{"_acf_changed":false,"inline_featured_image":false},"product_brand":[],"product_cat":[49,958,961],"product_tag":[],"class_list":{"0":"post-21220","1":"product","2":"type-product","3":"status-publish","4":"has-post-thumbnail","6":"product_cat-czesci-do-kosiarki-rotacyjnej","7":"product_cat-piasty-czesci-do-kosiarki-rotacyjnej","8":"product_cat-piasty-talerza-slizgowego","10":"first","11":"instock","12":"taxable","13":"shipping-taxable","14":"purchasable","15":"product-type-simple"},"acf":[],"yoast_head":"<!-- This site is optimized with the Yoast SEO plugin v27.2 - https:\/\/yoast.com\/product\/yoast-seo-wordpress\/ -->\n<title>Piasta talerza \u015blizgowego kosiarki rotacyjnej 1,65m i 1,35m 1,85m - Exparto.pl<\/title>\n<meta name=\"robots\" content=\"index, follow, max-snippet:-1, max-image-preview:large, max-video-preview:-1\" \/>\n<link rel=\"canonical\" href=\"https:\/\/exparto.pl\/hu\/produkt\/piasta-talerza-slizgowego-kosiarki-rotacyjnej-165m-i-135m-185m\/\" \/>\n<meta property=\"og:locale\" content=\"hu_HU\" \/>\n<meta property=\"og:type\" content=\"article\" \/>\n<meta property=\"og:title\" content=\"Piasta talerza \u015blizgowego kosiarki rotacyjnej 1,65m i 1,35m 1,85m - Exparto.pl\" \/>\n<meta property=\"og:description\" content=\"Piasta talerza \u015blizgowego\" \/>\n<meta property=\"og:url\" content=\"https:\/\/exparto.pl\/hu\/produkt\/piasta-talerza-slizgowego-kosiarki-rotacyjnej-165m-i-135m-185m\/\" \/>\n<meta property=\"og:site_name\" content=\"Exparto.pl\" \/>\n<meta property=\"article:publisher\" content=\"https:\/\/www.facebook.com\/exparto.agro\/\" \/>\n<meta property=\"article:modified_time\" content=\"2026-03-26T10:00:44+00:00\" \/>\n<meta property=\"og:image\" content=\"https:\/\/exparto.pl\/wp-content\/uploads\/2024\/02\/5bdf4fb439f9a34879edaa5bb2ac41a0.jpg\" \/>\n\t<meta property=\"og:image:width\" content=\"1000\" \/>\n\t<meta property=\"og:image:height\" content=\"1000\" \/>\n\t<meta property=\"og:image:type\" content=\"image\/jpeg\" \/>\n<meta name=\"twitter:card\" content=\"summary_large_image\" \/>\n<meta name=\"twitter:label1\" content=\"Becs\u00fclt olvas\u00e1si id\u0151\" \/>\n\t<meta name=\"twitter:data1\" content=\"2 perc\" \/>\n<script type=\"application\/ld+json\" class=\"yoast-schema-graph\">{\"@context\":\"https:\/\/schema.org\",\"@graph\":[{\"@type\":\"WebPage\",\"@id\":\"https:\/\/exparto.pl\/hu\/produkt\/piasta-talerza-slizgowego-kosiarki-rotacyjnej-165m-i-135m-185m\/\",\"url\":\"https:\/\/exparto.pl\/hu\/produkt\/piasta-talerza-slizgowego-kosiarki-rotacyjnej-165m-i-135m-185m\/\",\"name\":\"Piasta talerza \u015blizgowego kosiarki rotacyjnej 1,65m i 1,35m 1,85m - Exparto.pl\",\"isPartOf\":{\"@id\":\"https:\/\/exparto.pl\/hu\/#website\"},\"primaryImageOfPage\":{\"@id\":\"https:\/\/exparto.pl\/hu\/produkt\/piasta-talerza-slizgowego-kosiarki-rotacyjnej-165m-i-135m-185m\/#primaryimage\"},\"image\":{\"@id\":\"https:\/\/exparto.pl\/hu\/produkt\/piasta-talerza-slizgowego-kosiarki-rotacyjnej-165m-i-135m-185m\/#primaryimage\"},\"thumbnailUrl\":\"https:\/\/exparto.pl\/wp-content\/uploads\/2024\/02\/5bdf4fb439f9a34879edaa5bb2ac41a0.jpg\",\"datePublished\":\"2024-02-19T17:50:33+00:00\",\"dateModified\":\"2026-03-26T10:00:44+00:00\",\"breadcrumb\":{\"@id\":\"https:\/\/exparto.pl\/hu\/produkt\/piasta-talerza-slizgowego-kosiarki-rotacyjnej-165m-i-135m-185m\/#breadcrumb\"},\"inLanguage\":\"hu\",\"potentialAction\":[{\"@type\":\"ReadAction\",\"target\":[\"https:\/\/exparto.pl\/hu\/produkt\/piasta-talerza-slizgowego-kosiarki-rotacyjnej-165m-i-135m-185m\/\"]}]},{\"@type\":\"ImageObject\",\"inLanguage\":\"hu\",\"@id\":\"https:\/\/exparto.pl\/hu\/produkt\/piasta-talerza-slizgowego-kosiarki-rotacyjnej-165m-i-135m-185m\/#primaryimage\",\"url\":\"https:\/\/exparto.pl\/wp-content\/uploads\/2024\/02\/5bdf4fb439f9a34879edaa5bb2ac41a0.jpg\",\"contentUrl\":\"https:\/\/exparto.pl\/wp-content\/uploads\/2024\/02\/5bdf4fb439f9a34879edaa5bb2ac41a0.jpg\",\"width\":1000,\"height\":1000},{\"@type\":\"BreadcrumbList\",\"@id\":\"https:\/\/exparto.pl\/hu\/produkt\/piasta-talerza-slizgowego-kosiarki-rotacyjnej-165m-i-135m-185m\/#breadcrumb\",\"itemListElement\":[{\"@type\":\"ListItem\",\"position\":1,\"name\":\"Honlap\",\"item\":\"https:\/\/exparto.pl\/hu\/\"},{\"@type\":\"ListItem\",\"position\":2,\"name\":\"Sklep\",\"item\":\"https:\/\/exparto.pl\/sklep\/\"},{\"@type\":\"ListItem\",\"position\":3,\"name\":\"Alkatr\u00e9szek f\u0171ny\u00edr\u00f3khoz\",\"item\":\"https:\/\/exparto.pl\/hu\/termekkategoria\/alkatreszek-funyirokhoz\/\"},{\"@type\":\"ListItem\",\"position\":4,\"name\":\"Piasta talerza \u015blizgowego kosiarki rotacyjnej 1,65m i 1,35m 1,85m\"}]},{\"@type\":\"WebSite\",\"@id\":\"https:\/\/exparto.pl\/hu\/#website\",\"url\":\"https:\/\/exparto.pl\/hu\/\",\"name\":\"EXPARTO\",\"description\":\"More than agro parts\",\"publisher\":{\"@id\":\"https:\/\/exparto.pl\/hu\/#organization\"},\"potentialAction\":[{\"@type\":\"SearchAction\",\"target\":{\"@type\":\"EntryPoint\",\"urlTemplate\":\"https:\/\/exparto.pl\/hu\/?s={search_term_string}\"},\"query-input\":{\"@type\":\"PropertyValueSpecification\",\"valueRequired\":true,\"valueName\":\"search_term_string\"}}],\"inLanguage\":\"hu\"},{\"@type\":\"Organization\",\"@id\":\"https:\/\/exparto.pl\/hu\/#organization\",\"name\":\"EXPARTO\",\"url\":\"https:\/\/exparto.pl\/hu\/\",\"logo\":{\"@type\":\"ImageObject\",\"inLanguage\":\"hu\",\"@id\":\"https:\/\/exparto.pl\/hu\/#\/schema\/logo\/image\/\",\"url\":\"https:\/\/exparto.pl\/wp-content\/uploads\/2023\/02\/logo-wektor.png\",\"contentUrl\":\"https:\/\/exparto.pl\/wp-content\/uploads\/2023\/02\/logo-wektor.png\",\"width\":1338,\"height\":143,\"caption\":\"EXPARTO\"},\"image\":{\"@id\":\"https:\/\/exparto.pl\/hu\/#\/schema\/logo\/image\/\"},\"sameAs\":[\"https:\/\/www.facebook.com\/exparto.agro\/\"]}]}<\/script>\n<!-- \/ Yoast SEO plugin. -->","yoast_head_json":{"title":"Piasta talerza \u015blizgowego kosiarki rotacyjnej 1,65m i 1,35m 1,85m - Exparto.pl","robots":{"index":"index","follow":"follow","max-snippet":"max-snippet:-1","max-image-preview":"max-image-preview:large","max-video-preview":"max-video-preview:-1"},"canonical":"https:\/\/exparto.pl\/hu\/produkt\/piasta-talerza-slizgowego-kosiarki-rotacyjnej-165m-i-135m-185m\/","og_locale":"hu_HU","og_type":"article","og_title":"Piasta talerza \u015blizgowego kosiarki rotacyjnej 1,65m i 1,35m 1,85m - Exparto.pl","og_description":"Piasta talerza \u015blizgowego","og_url":"https:\/\/exparto.pl\/hu\/produkt\/piasta-talerza-slizgowego-kosiarki-rotacyjnej-165m-i-135m-185m\/","og_site_name":"Exparto.pl","article_publisher":"https:\/\/www.facebook.com\/exparto.agro\/","article_modified_time":"2026-03-26T10:00:44+00:00","og_image":[{"width":1000,"height":1000,"url":"https:\/\/exparto.pl\/wp-content\/uploads\/2024\/02\/5bdf4fb439f9a34879edaa5bb2ac41a0.jpg","type":"image\/jpeg"}],"twitter_card":"summary_large_image","twitter_misc":{"Becs\u00fclt olvas\u00e1si id\u0151":"2 perc"},"schema":{"@context":"https:\/\/schema.org","@graph":[{"@type":"WebPage","@id":"https:\/\/exparto.pl\/hu\/produkt\/piasta-talerza-slizgowego-kosiarki-rotacyjnej-165m-i-135m-185m\/","url":"https:\/\/exparto.pl\/hu\/produkt\/piasta-talerza-slizgowego-kosiarki-rotacyjnej-165m-i-135m-185m\/","name":"Piasta talerza \u015blizgowego kosiarki rotacyjnej 1,65m i 1,35m 1,85m - Exparto.pl","isPartOf":{"@id":"https:\/\/exparto.pl\/hu\/#website"},"primaryImageOfPage":{"@id":"https:\/\/exparto.pl\/hu\/produkt\/piasta-talerza-slizgowego-kosiarki-rotacyjnej-165m-i-135m-185m\/#primaryimage"},"image":{"@id":"https:\/\/exparto.pl\/hu\/produkt\/piasta-talerza-slizgowego-kosiarki-rotacyjnej-165m-i-135m-185m\/#primaryimage"},"thumbnailUrl":"https:\/\/exparto.pl\/wp-content\/uploads\/2024\/02\/5bdf4fb439f9a34879edaa5bb2ac41a0.jpg","datePublished":"2024-02-19T17:50:33+00:00","dateModified":"2026-03-26T10:00:44+00:00","breadcrumb":{"@id":"https:\/\/exparto.pl\/hu\/produkt\/piasta-talerza-slizgowego-kosiarki-rotacyjnej-165m-i-135m-185m\/#breadcrumb"},"inLanguage":"hu","potentialAction":[{"@type":"ReadAction","target":["https:\/\/exparto.pl\/hu\/produkt\/piasta-talerza-slizgowego-kosiarki-rotacyjnej-165m-i-135m-185m\/"]}]},{"@type":"ImageObject","inLanguage":"hu","@id":"https:\/\/exparto.pl\/hu\/produkt\/piasta-talerza-slizgowego-kosiarki-rotacyjnej-165m-i-135m-185m\/#primaryimage","url":"https:\/\/exparto.pl\/wp-content\/uploads\/2024\/02\/5bdf4fb439f9a34879edaa5bb2ac41a0.jpg","contentUrl":"https:\/\/exparto.pl\/wp-content\/uploads\/2024\/02\/5bdf4fb439f9a34879edaa5bb2ac41a0.jpg","width":1000,"height":1000},{"@type":"BreadcrumbList","@id":"https:\/\/exparto.pl\/hu\/produkt\/piasta-talerza-slizgowego-kosiarki-rotacyjnej-165m-i-135m-185m\/#breadcrumb","itemListElement":[{"@type":"ListItem","position":1,"name":"Honlap","item":"https:\/\/exparto.pl\/hu\/"},{"@type":"ListItem","position":2,"name":"Sklep","item":"https:\/\/exparto.pl\/sklep\/"},{"@type":"ListItem","position":3,"name":"Alkatr\u00e9szek f\u0171ny\u00edr\u00f3khoz","item":"https:\/\/exparto.pl\/hu\/termekkategoria\/alkatreszek-funyirokhoz\/"},{"@type":"ListItem","position":4,"name":"Piasta talerza \u015blizgowego kosiarki rotacyjnej 1,65m i 1,35m 1,85m"}]},{"@type":"WebSite","@id":"https:\/\/exparto.pl\/hu\/#website","url":"https:\/\/exparto.pl\/hu\/","name":"EXPARTO","description":"More than agro parts","publisher":{"@id":"https:\/\/exparto.pl\/hu\/#organization"},"potentialAction":[{"@type":"SearchAction","target":{"@type":"EntryPoint","urlTemplate":"https:\/\/exparto.pl\/hu\/?s={search_term_string}"},"query-input":{"@type":"PropertyValueSpecification","valueRequired":true,"valueName":"search_term_string"}}],"inLanguage":"hu"},{"@type":"Organization","@id":"https:\/\/exparto.pl\/hu\/#organization","name":"EXPARTO","url":"https:\/\/exparto.pl\/hu\/","logo":{"@type":"ImageObject","inLanguage":"hu","@id":"https:\/\/exparto.pl\/hu\/#\/schema\/logo\/image\/","url":"https:\/\/exparto.pl\/wp-content\/uploads\/2023\/02\/logo-wektor.png","contentUrl":"https:\/\/exparto.pl\/wp-content\/uploads\/2023\/02\/logo-wektor.png","width":1338,"height":143,"caption":"EXPARTO"},"image":{"@id":"https:\/\/exparto.pl\/hu\/#\/schema\/logo\/image\/"},"sameAs":["https:\/\/www.facebook.com\/exparto.agro\/"]}]}},"_links":{"self":[{"href":"https:\/\/exparto.pl\/hu\/wp-json\/wp\/v2\/product\/21220","targetHints":{"allow":["GET"]}}],"collection":[{"href":"https:\/\/exparto.pl\/hu\/wp-json\/wp\/v2\/product"}],"about":[{"href":"https:\/\/exparto.pl\/hu\/wp-json\/wp\/v2\/types\/product"}],"replies":[{"embeddable":true,"href":"https:\/\/exparto.pl\/hu\/wp-json\/wp\/v2\/comments?post=21220"}],"wp:featuredmedia":[{"embeddable":true,"href":"https:\/\/exparto.pl\/hu\/wp-json\/wp\/v2\/media\/21205"}],"wp:attachment":[{"href":"https:\/\/exparto.pl\/hu\/wp-json\/wp\/v2\/media?parent=21220"}],"wp:term":[{"taxonomy":"product_brand","embeddable":true,"href":"https:\/\/exparto.pl\/hu\/wp-json\/wp\/v2\/product_brand?post=21220"},{"taxonomy":"product_cat","embeddable":true,"href":"https:\/\/exparto.pl\/hu\/wp-json\/wp\/v2\/product_cat?post=21220"},{"taxonomy":"product_tag","embeddable":true,"href":"https:\/\/exparto.pl\/hu\/wp-json\/wp\/v2\/product_tag?post=21220"}],"curies":[{"name":"wp","href":"https:\/\/api.w.org\/{rel}","templated":true}]}}