{"id":22301,"date":"2024-03-13T19:47:06","date_gmt":"2024-03-13T18:47:06","guid":{"rendered":"https:\/\/exparto.pl\/produkt\/dluto-do-pluga-akpil-vogel-noot-lewe\/"},"modified":"2026-03-23T15:45:08","modified_gmt":"2026-03-23T14:45:08","slug":"dluto-do-pluga-akpil-vogel-noot-lewe","status":"publish","type":"product","link":"https:\/\/exparto.pl\/hu\/produkt\/dluto-do-pluga-akpil-vogel-noot-lewe\/","title":{"rendered":"D\u0142uto do p\u0142uga Akpil, Vogel &amp; Noot lewe"},"content":{"rendered":"<p><span style=\"font-weight: 400\">Wydajno\u015b\u0107 i bezpiecze\u0144stwo pracy w polu w du\u017cej mierze zale\u017c\u0105 od jako\u015bci wykorzystywanych maszyn. W zwi\u0105zku z tym warto starannie wybiera\u0107 cz\u0119\u015bci zamienne i dodatkowe wyposa\u017cenie do urz\u0105dze\u0144. <\/span><b>W EXPARTO znajdziesz dedykowane d\u0142uto do p\u0142uga lewe, kt\u00f3re pasuje do maszyn producent\u00f3w Vogel&amp;noot i Akpil<\/b><span style=\"font-weight: 400\">.<\/span><\/p>\n<h2><span style=\"font-weight: 400\">D\u0142uto do p\u0142uga \u2013 lewe &#8211; Vogel&amp;noot, Akpil<\/span><\/h2>\n<p><b>Bez w\u0105tpienia p\u0142ug to jedna z podstawowych maszyn wykorzystywanych w gospodarstwa rolnych<\/b><span style=\"font-weight: 400\">. S\u0142u\u017cy on do wykonywania prac agrarnych poprawiaj\u0105cych jako\u015b\u0107 gleby pod kolejny zasiew. Dzi\u0119ki niemu mo\u017cna spulchnia\u0107, kruszy\u0107 i odwraca\u0107 wierzchni\u0105 warstw\u0119 ziemi. Odpowiednio poprowadzone prace zwi\u0119kszaj\u0105 efektywno\u015b\u0107 produkcji rolnej. Wa\u017cnym elementem wyposa\u017cenia tej maszyny jest d\u0142uto p\u0142uga. To cz\u0119\u015bci robocze, kt\u00f3re maj\u0105 bezpo\u015bredni kontakt z gleb\u0105.\u00a0<\/span><\/p>\n<p style=\"text-align: justify\">\n<p><b>Ze wzgl\u0119du na specyfik\u0119 jego zastosowania, d\u0142ugo p\u0142uga powinno odznacza\u0107 si\u0119 wysok\u0105 odporno\u015bci\u0105 na \u015bcieranie i uderzenia mechaniczne<\/b><span style=\"font-weight: 400\">. Oferowany przez nas produkt powstaje ze wzmocnionej, walcowanej i powierzchniowo hartowanej stali. Dzi\u0119ki temu doskonale sprawdza podczas intensywnej pracy w polu. <\/span><b>Oferowana tu cz\u0119\u015b\u0107 mo\u017ce by\u0107 wykorzystywana jako d\u0142uto do p\u0142uga Vogel&amp;noot oraz d\u0142ugo do p\u0142uga Akpil<\/b><span style=\"font-weight: 400\">. Wymiary d\u0142uta to 27 \u00d7 6,5 \u00d7 1,6 cm.<\/span><\/p>\n<p style=\"text-align: justify\">\n<p><span style=\"font-weight: 400\">Zapraszamy do zakupu d\u0142uta lewego w naszym sklepie. Razem z nami zadbasz o efektywn\u0105 i bezpieczn\u0105 prac\u0119 w gospodarstwie rolnym.\u00a0<\/span><\/p>\n<p style=\"text-align: justify\">\n<p><b>Zastosowanie:<\/b><\/p>\n<p><span style=\"font-weight: 400\">Pasuje do p\u0142ug\u00f3w Vogel&amp;Noot, Akpil.<\/span><\/p>\n<p style=\"text-align: justify\">\n<p><b>Numer katalogowy<\/b><span style=\"font-weight: 400\">:<\/span><\/p>\n<p style=\"text-align: justify\"><span style=\"font-weight: 400\">8L1102-L<\/span><\/p>\n","protected":false},"excerpt":{"rendered":"<p style=\"text-align: justify\">D\u0142uto lewe<\/p>\n","protected":false},"featured_media":22291,"comment_status":"open","ping_status":"closed","template":"","meta":{"_acf_changed":false,"inline_featured_image":false},"product_brand":[],"product_cat":[765,771,936],"product_tag":[],"class_list":{"0":"post-22301","1":"product","2":"type-product","3":"status-publish","4":"has-post-thumbnail","6":"product_cat-czesci-do-plugow","7":"product_cat-dluta-do-pluga","8":"product_cat-dluta-lewe","10":"first","11":"instock","12":"taxable","13":"shipping-taxable","14":"purchasable","15":"product-type-simple"},"acf":[],"yoast_head":"<!-- This site is optimized with the Yoast SEO plugin v27.2 - https:\/\/yoast.com\/product\/yoast-seo-wordpress\/ -->\n<title>D\u0142uto do p\u0142uga Akpil, Vogel &amp; Noot lewe - Exparto.pl<\/title>\n<meta name=\"robots\" content=\"index, follow, max-snippet:-1, max-image-preview:large, max-video-preview:-1\" \/>\n<link rel=\"canonical\" href=\"https:\/\/exparto.pl\/hu\/produkt\/dluto-do-pluga-akpil-vogel-noot-lewe\/\" \/>\n<meta property=\"og:locale\" content=\"hu_HU\" \/>\n<meta property=\"og:type\" content=\"article\" \/>\n<meta property=\"og:title\" content=\"D\u0142uto do p\u0142uga Akpil, Vogel &amp; Noot lewe - Exparto.pl\" \/>\n<meta property=\"og:description\" content=\"D\u0142uto lewe\" \/>\n<meta property=\"og:url\" content=\"https:\/\/exparto.pl\/hu\/produkt\/dluto-do-pluga-akpil-vogel-noot-lewe\/\" \/>\n<meta property=\"og:site_name\" content=\"Exparto.pl\" \/>\n<meta property=\"article:publisher\" content=\"https:\/\/www.facebook.com\/exparto.agro\/\" \/>\n<meta property=\"article:modified_time\" content=\"2026-03-23T14:45:08+00:00\" \/>\n<meta property=\"og:image\" content=\"https:\/\/exparto.pl\/wp-content\/uploads\/2024\/03\/2908e211451f3273093e159c9cf8a9f8.jpg\" \/>\n\t<meta property=\"og:image:width\" content=\"1200\" \/>\n\t<meta property=\"og:image:height\" content=\"1200\" \/>\n\t<meta property=\"og:image:type\" content=\"image\/jpeg\" \/>\n<meta name=\"twitter:card\" content=\"summary_large_image\" \/>\n<meta name=\"twitter:label1\" content=\"Becs\u00fclt olvas\u00e1si id\u0151\" \/>\n\t<meta name=\"twitter:data1\" content=\"2 perc\" \/>\n<script type=\"application\/ld+json\" class=\"yoast-schema-graph\">{\"@context\":\"https:\/\/schema.org\",\"@graph\":[{\"@type\":\"WebPage\",\"@id\":\"https:\/\/exparto.pl\/hu\/produkt\/dluto-do-pluga-akpil-vogel-noot-lewe\/\",\"url\":\"https:\/\/exparto.pl\/hu\/produkt\/dluto-do-pluga-akpil-vogel-noot-lewe\/\",\"name\":\"D\u0142uto do p\u0142uga Akpil, Vogel &amp; Noot lewe - Exparto.pl\",\"isPartOf\":{\"@id\":\"https:\/\/exparto.pl\/hu\/#website\"},\"primaryImageOfPage\":{\"@id\":\"https:\/\/exparto.pl\/hu\/produkt\/dluto-do-pluga-akpil-vogel-noot-lewe\/#primaryimage\"},\"image\":{\"@id\":\"https:\/\/exparto.pl\/hu\/produkt\/dluto-do-pluga-akpil-vogel-noot-lewe\/#primaryimage\"},\"thumbnailUrl\":\"https:\/\/exparto.pl\/wp-content\/uploads\/2024\/03\/2908e211451f3273093e159c9cf8a9f8.jpg\",\"datePublished\":\"2024-03-13T18:47:06+00:00\",\"dateModified\":\"2026-03-23T14:45:08+00:00\",\"breadcrumb\":{\"@id\":\"https:\/\/exparto.pl\/hu\/produkt\/dluto-do-pluga-akpil-vogel-noot-lewe\/#breadcrumb\"},\"inLanguage\":\"hu\",\"potentialAction\":[{\"@type\":\"ReadAction\",\"target\":[\"https:\/\/exparto.pl\/hu\/produkt\/dluto-do-pluga-akpil-vogel-noot-lewe\/\"]}]},{\"@type\":\"ImageObject\",\"inLanguage\":\"hu\",\"@id\":\"https:\/\/exparto.pl\/hu\/produkt\/dluto-do-pluga-akpil-vogel-noot-lewe\/#primaryimage\",\"url\":\"https:\/\/exparto.pl\/wp-content\/uploads\/2024\/03\/2908e211451f3273093e159c9cf8a9f8.jpg\",\"contentUrl\":\"https:\/\/exparto.pl\/wp-content\/uploads\/2024\/03\/2908e211451f3273093e159c9cf8a9f8.jpg\",\"width\":1200,\"height\":1200},{\"@type\":\"BreadcrumbList\",\"@id\":\"https:\/\/exparto.pl\/hu\/produkt\/dluto-do-pluga-akpil-vogel-noot-lewe\/#breadcrumb\",\"itemListElement\":[{\"@type\":\"ListItem\",\"position\":1,\"name\":\"Honlap\",\"item\":\"https:\/\/exparto.pl\/hu\/\"},{\"@type\":\"ListItem\",\"position\":2,\"name\":\"Sklep\",\"item\":\"https:\/\/exparto.pl\/sklep\/\"},{\"@type\":\"ListItem\",\"position\":3,\"name\":\"Asz\u00faalkatr\u00e9szek\",\"item\":\"https:\/\/exparto.pl\/hu\/termekkategoria\/aszualkatreszek\/\"},{\"@type\":\"ListItem\",\"position\":4,\"name\":\"D\u0142uta do p\u0142uga\",\"item\":\"https:\/\/exparto.pl\/kategoria-produktu\/czesci-do-plugow\/dluta-do-pluga\/\"},{\"@type\":\"ListItem\",\"position\":5,\"name\":\"D\u0142uto do p\u0142uga Akpil, Vogel &amp; Noot lewe\"}]},{\"@type\":\"WebSite\",\"@id\":\"https:\/\/exparto.pl\/hu\/#website\",\"url\":\"https:\/\/exparto.pl\/hu\/\",\"name\":\"EXPARTO\",\"description\":\"More than agro parts\",\"publisher\":{\"@id\":\"https:\/\/exparto.pl\/hu\/#organization\"},\"potentialAction\":[{\"@type\":\"SearchAction\",\"target\":{\"@type\":\"EntryPoint\",\"urlTemplate\":\"https:\/\/exparto.pl\/hu\/?s={search_term_string}\"},\"query-input\":{\"@type\":\"PropertyValueSpecification\",\"valueRequired\":true,\"valueName\":\"search_term_string\"}}],\"inLanguage\":\"hu\"},{\"@type\":\"Organization\",\"@id\":\"https:\/\/exparto.pl\/hu\/#organization\",\"name\":\"EXPARTO\",\"url\":\"https:\/\/exparto.pl\/hu\/\",\"logo\":{\"@type\":\"ImageObject\",\"inLanguage\":\"hu\",\"@id\":\"https:\/\/exparto.pl\/hu\/#\/schema\/logo\/image\/\",\"url\":\"https:\/\/exparto.pl\/wp-content\/uploads\/2023\/02\/logo-wektor.png\",\"contentUrl\":\"https:\/\/exparto.pl\/wp-content\/uploads\/2023\/02\/logo-wektor.png\",\"width\":1338,\"height\":143,\"caption\":\"EXPARTO\"},\"image\":{\"@id\":\"https:\/\/exparto.pl\/hu\/#\/schema\/logo\/image\/\"},\"sameAs\":[\"https:\/\/www.facebook.com\/exparto.agro\/\"]}]}<\/script>\n<!-- \/ Yoast SEO plugin. -->","yoast_head_json":{"title":"D\u0142uto do p\u0142uga Akpil, Vogel &amp; Noot lewe - Exparto.pl","robots":{"index":"index","follow":"follow","max-snippet":"max-snippet:-1","max-image-preview":"max-image-preview:large","max-video-preview":"max-video-preview:-1"},"canonical":"https:\/\/exparto.pl\/hu\/produkt\/dluto-do-pluga-akpil-vogel-noot-lewe\/","og_locale":"hu_HU","og_type":"article","og_title":"D\u0142uto do p\u0142uga Akpil, Vogel &amp; Noot lewe - Exparto.pl","og_description":"D\u0142uto lewe","og_url":"https:\/\/exparto.pl\/hu\/produkt\/dluto-do-pluga-akpil-vogel-noot-lewe\/","og_site_name":"Exparto.pl","article_publisher":"https:\/\/www.facebook.com\/exparto.agro\/","article_modified_time":"2026-03-23T14:45:08+00:00","og_image":[{"width":1200,"height":1200,"url":"https:\/\/exparto.pl\/wp-content\/uploads\/2024\/03\/2908e211451f3273093e159c9cf8a9f8.jpg","type":"image\/jpeg"}],"twitter_card":"summary_large_image","twitter_misc":{"Becs\u00fclt olvas\u00e1si id\u0151":"2 perc"},"schema":{"@context":"https:\/\/schema.org","@graph":[{"@type":"WebPage","@id":"https:\/\/exparto.pl\/hu\/produkt\/dluto-do-pluga-akpil-vogel-noot-lewe\/","url":"https:\/\/exparto.pl\/hu\/produkt\/dluto-do-pluga-akpil-vogel-noot-lewe\/","name":"D\u0142uto do p\u0142uga Akpil, Vogel &amp; Noot lewe - Exparto.pl","isPartOf":{"@id":"https:\/\/exparto.pl\/hu\/#website"},"primaryImageOfPage":{"@id":"https:\/\/exparto.pl\/hu\/produkt\/dluto-do-pluga-akpil-vogel-noot-lewe\/#primaryimage"},"image":{"@id":"https:\/\/exparto.pl\/hu\/produkt\/dluto-do-pluga-akpil-vogel-noot-lewe\/#primaryimage"},"thumbnailUrl":"https:\/\/exparto.pl\/wp-content\/uploads\/2024\/03\/2908e211451f3273093e159c9cf8a9f8.jpg","datePublished":"2024-03-13T18:47:06+00:00","dateModified":"2026-03-23T14:45:08+00:00","breadcrumb":{"@id":"https:\/\/exparto.pl\/hu\/produkt\/dluto-do-pluga-akpil-vogel-noot-lewe\/#breadcrumb"},"inLanguage":"hu","potentialAction":[{"@type":"ReadAction","target":["https:\/\/exparto.pl\/hu\/produkt\/dluto-do-pluga-akpil-vogel-noot-lewe\/"]}]},{"@type":"ImageObject","inLanguage":"hu","@id":"https:\/\/exparto.pl\/hu\/produkt\/dluto-do-pluga-akpil-vogel-noot-lewe\/#primaryimage","url":"https:\/\/exparto.pl\/wp-content\/uploads\/2024\/03\/2908e211451f3273093e159c9cf8a9f8.jpg","contentUrl":"https:\/\/exparto.pl\/wp-content\/uploads\/2024\/03\/2908e211451f3273093e159c9cf8a9f8.jpg","width":1200,"height":1200},{"@type":"BreadcrumbList","@id":"https:\/\/exparto.pl\/hu\/produkt\/dluto-do-pluga-akpil-vogel-noot-lewe\/#breadcrumb","itemListElement":[{"@type":"ListItem","position":1,"name":"Honlap","item":"https:\/\/exparto.pl\/hu\/"},{"@type":"ListItem","position":2,"name":"Sklep","item":"https:\/\/exparto.pl\/sklep\/"},{"@type":"ListItem","position":3,"name":"Asz\u00faalkatr\u00e9szek","item":"https:\/\/exparto.pl\/hu\/termekkategoria\/aszualkatreszek\/"},{"@type":"ListItem","position":4,"name":"D\u0142uta do p\u0142uga","item":"https:\/\/exparto.pl\/kategoria-produktu\/czesci-do-plugow\/dluta-do-pluga\/"},{"@type":"ListItem","position":5,"name":"D\u0142uto do p\u0142uga Akpil, Vogel &amp; Noot lewe"}]},{"@type":"WebSite","@id":"https:\/\/exparto.pl\/hu\/#website","url":"https:\/\/exparto.pl\/hu\/","name":"EXPARTO","description":"More than agro parts","publisher":{"@id":"https:\/\/exparto.pl\/hu\/#organization"},"potentialAction":[{"@type":"SearchAction","target":{"@type":"EntryPoint","urlTemplate":"https:\/\/exparto.pl\/hu\/?s={search_term_string}"},"query-input":{"@type":"PropertyValueSpecification","valueRequired":true,"valueName":"search_term_string"}}],"inLanguage":"hu"},{"@type":"Organization","@id":"https:\/\/exparto.pl\/hu\/#organization","name":"EXPARTO","url":"https:\/\/exparto.pl\/hu\/","logo":{"@type":"ImageObject","inLanguage":"hu","@id":"https:\/\/exparto.pl\/hu\/#\/schema\/logo\/image\/","url":"https:\/\/exparto.pl\/wp-content\/uploads\/2023\/02\/logo-wektor.png","contentUrl":"https:\/\/exparto.pl\/wp-content\/uploads\/2023\/02\/logo-wektor.png","width":1338,"height":143,"caption":"EXPARTO"},"image":{"@id":"https:\/\/exparto.pl\/hu\/#\/schema\/logo\/image\/"},"sameAs":["https:\/\/www.facebook.com\/exparto.agro\/"]}]}},"_links":{"self":[{"href":"https:\/\/exparto.pl\/hu\/wp-json\/wp\/v2\/product\/22301","targetHints":{"allow":["GET"]}}],"collection":[{"href":"https:\/\/exparto.pl\/hu\/wp-json\/wp\/v2\/product"}],"about":[{"href":"https:\/\/exparto.pl\/hu\/wp-json\/wp\/v2\/types\/product"}],"replies":[{"embeddable":true,"href":"https:\/\/exparto.pl\/hu\/wp-json\/wp\/v2\/comments?post=22301"}],"wp:featuredmedia":[{"embeddable":true,"href":"https:\/\/exparto.pl\/hu\/wp-json\/wp\/v2\/media\/22291"}],"wp:attachment":[{"href":"https:\/\/exparto.pl\/hu\/wp-json\/wp\/v2\/media?parent=22301"}],"wp:term":[{"taxonomy":"product_brand","embeddable":true,"href":"https:\/\/exparto.pl\/hu\/wp-json\/wp\/v2\/product_brand?post=22301"},{"taxonomy":"product_cat","embeddable":true,"href":"https:\/\/exparto.pl\/hu\/wp-json\/wp\/v2\/product_cat?post=22301"},{"taxonomy":"product_tag","embeddable":true,"href":"https:\/\/exparto.pl\/hu\/wp-json\/wp\/v2\/product_tag?post=22301"}],"curies":[{"name":"wp","href":"https:\/\/api.w.org\/{rel}","templated":true}]}}