{"id":22386,"date":"2024-03-13T19:50:53","date_gmt":"2024-03-13T18:50:53","guid":{"rendered":"https:\/\/exparto.pl\/produkt\/lemiesz-do-pluga-kuhn-lewy\/"},"modified":"2026-01-21T12:33:13","modified_gmt":"2026-01-21T11:33:13","slug":"lemiesz-do-pluga-kuhn-lewy","status":"publish","type":"product","link":"https:\/\/exparto.pl\/hu\/produkt\/lemiesz-do-pluga-kuhn-lewy\/","title":{"rendered":"Lemiesz do p\u0142uga Kuhn lewy"},"content":{"rendered":"<p><span style=\"font-weight: 400\">Lemiesz do p\u0142uga to bardzo wa\u017cny element konstrukcji maszyny. Ta cz\u0119\u015b\u0107 robocza odpowiada za przygotowanie gleby w trakcie orki. W\u0142a\u015bnie dlatego powinna by\u0107 wykonana z wysokiej jako\u015bci komponent\u00f3w.<\/span><b> W EXPARTO przygotowali\u015bmy dla Ciebie dedykowany lemiesz do p\u0142uga Kuhn lewy<\/b><span style=\"font-weight: 400\">. Poznaj jego charakterystyk\u0119 i zam\u00f3w cz\u0119\u015b\u0107 w naszym sklepie internetowym.\u00a0<\/span><\/p>\n<h2><span style=\"font-weight: 400\">Lemiesz do p\u0142uga &#8211; lewy &#8211; Kuhn<\/span><\/h2>\n<p><b>Lemiesze do p\u0142uga to cz\u0119\u015bci robocze, kt\u00f3re odpowiadaj\u0105 za zrywanie wierzchniej warstwy gleby, odwracanie jej i ponowne podawanie na pole<\/b><span style=\"font-weight: 400\">. W ten spos\u00f3b przeprowadza si\u0119 ork\u0119, kt\u00f3ra poprawia w\u0142a\u015bciwo\u015bci stanowiska oraz wp\u0142ywa korzystnie na efektywno\u015b\u0107 produkcji rolniczej. Od jako\u015bci wybranego lemiesza zale\u017cy to, jak sprawnie b\u0119d\u0105 przebiega\u0142y prace agrarne.\u00a0<\/span><\/p>\n<p style=\"text-align: justify\">\n<p><span style=\"font-weight: 400\">Doskonale zdajemy sobie spraw\u0119 z tego, \u017ce ka\u017cdy element powinien by\u0107 idealnie dopasowany do maszyny rolniczej. <\/span><b>Jako EXPARTO oferujemy Ci lemiesz p\u0142uga przeznaczony do urz\u0105dze\u0144 producenta Kuhn<\/b><span style=\"font-weight: 400\">. Wykonany jest z powierzchniowo hartowanej i walcowanej stali. Dzi\u0119ki temu cz\u0119\u015b\u0107 charakteryzuje si\u0119 dobr\u0105 odporno\u015bci\u0105 na \u015bcieranie i uszkodzenia mechaniczne. Wymiary tego lemiesza lewego to 62,4 \u00d7 15,5 \u00d7 2 cm. <\/span><b>Cz\u0119\u015b\u0107 wa\u017cy 6,5 kilograma, a jej monta\u017c, demonta\u017c i konserwacja s\u0105 relatywnie proste<\/b><span style=\"font-weight: 400\">.\u00a0<\/span><\/p>\n<p style=\"text-align: justify\">\n<p><span style=\"font-weight: 400\">Stosujesz w gospodarstwie p\u0142ug rolniczy Kuhn? <\/span><b>Skorzystaj z naszej oferty i kup w EXPARTO wysokiej jako\u015bci lemiesz lewy<\/b><span style=\"font-weight: 400\">, dzi\u0119ki czemu zwi\u0119kszysz efektywno\u015b\u0107 prowadzonej produkcji.\u00a0<\/span><\/p>\n<p style=\"text-align: justify\">\n<p><b>Zastosowanie<\/b><span style=\"font-weight: 400\">:<\/span><\/p>\n<p style=\"text-align: justify\">\n<p><span style=\"font-weight: 400\">Pasuje do p\u0142ug\u00f3w Kuhn<\/span><\/p>\n<p style=\"text-align: justify\">\n<p><b>Numer katalogowy<\/b><span style=\"font-weight: 400\">:<\/span><\/p>\n<p style=\"text-align: justify\">\n<p><span style=\"font-weight: 400\">622213\/L<\/span><\/p>\n","protected":false},"excerpt":{"rendered":"<p style=\"text-align: justify\">Lemiesz lewy<\/p>\n","protected":false},"featured_media":22356,"comment_status":"open","ping_status":"closed","template":"","meta":{"_acf_changed":false,"inline_featured_image":false},"product_brand":[],"product_cat":[765,772,934],"product_tag":[],"class_list":{"0":"post-22386","1":"product","2":"type-product","3":"status-publish","4":"has-post-thumbnail","6":"product_cat-czesci-do-plugow","7":"product_cat-lemiesze-do-pluga","8":"product_cat-lemiesze-lewe","10":"first","11":"instock","12":"taxable","13":"shipping-taxable","14":"purchasable","15":"product-type-simple"},"acf":[],"yoast_head":"<!-- This site is optimized with the Yoast SEO plugin v27.2 - https:\/\/yoast.com\/product\/yoast-seo-wordpress\/ -->\n<title>Lemiesz do p\u0142uga Kuhn lewy - Exparto.pl<\/title>\n<meta name=\"robots\" content=\"index, follow, max-snippet:-1, max-image-preview:large, max-video-preview:-1\" \/>\n<link rel=\"canonical\" href=\"https:\/\/exparto.pl\/hu\/produkt\/lemiesz-do-pluga-kuhn-lewy\/\" \/>\n<meta property=\"og:locale\" content=\"hu_HU\" \/>\n<meta property=\"og:type\" content=\"article\" \/>\n<meta property=\"og:title\" content=\"Lemiesz do p\u0142uga Kuhn lewy - Exparto.pl\" \/>\n<meta property=\"og:description\" content=\"Lemiesz lewy\" \/>\n<meta property=\"og:url\" content=\"https:\/\/exparto.pl\/hu\/produkt\/lemiesz-do-pluga-kuhn-lewy\/\" \/>\n<meta property=\"og:site_name\" content=\"Exparto.pl\" \/>\n<meta property=\"article:publisher\" content=\"https:\/\/www.facebook.com\/exparto.agro\/\" \/>\n<meta property=\"article:modified_time\" content=\"2026-01-21T11:33:13+00:00\" \/>\n<meta property=\"og:image\" content=\"https:\/\/exparto.pl\/wp-content\/uploads\/2024\/03\/32045a4b3efab6fe053b4f5b2cf1af9a.jpg\" \/>\n\t<meta property=\"og:image:width\" content=\"1200\" \/>\n\t<meta property=\"og:image:height\" content=\"1200\" \/>\n\t<meta property=\"og:image:type\" content=\"image\/jpeg\" \/>\n<meta name=\"twitter:card\" content=\"summary_large_image\" \/>\n<meta name=\"twitter:label1\" content=\"Becs\u00fclt olvas\u00e1si id\u0151\" \/>\n\t<meta name=\"twitter:data1\" content=\"2 perc\" \/>\n<script type=\"application\/ld+json\" class=\"yoast-schema-graph\">{\"@context\":\"https:\/\/schema.org\",\"@graph\":[{\"@type\":\"WebPage\",\"@id\":\"https:\/\/exparto.pl\/hu\/produkt\/lemiesz-do-pluga-kuhn-lewy\/\",\"url\":\"https:\/\/exparto.pl\/hu\/produkt\/lemiesz-do-pluga-kuhn-lewy\/\",\"name\":\"Lemiesz do p\u0142uga Kuhn lewy - Exparto.pl\",\"isPartOf\":{\"@id\":\"https:\/\/exparto.pl\/hu\/#website\"},\"primaryImageOfPage\":{\"@id\":\"https:\/\/exparto.pl\/hu\/produkt\/lemiesz-do-pluga-kuhn-lewy\/#primaryimage\"},\"image\":{\"@id\":\"https:\/\/exparto.pl\/hu\/produkt\/lemiesz-do-pluga-kuhn-lewy\/#primaryimage\"},\"thumbnailUrl\":\"https:\/\/exparto.pl\/wp-content\/uploads\/2024\/03\/32045a4b3efab6fe053b4f5b2cf1af9a.jpg\",\"datePublished\":\"2024-03-13T18:50:53+00:00\",\"dateModified\":\"2026-01-21T11:33:13+00:00\",\"breadcrumb\":{\"@id\":\"https:\/\/exparto.pl\/hu\/produkt\/lemiesz-do-pluga-kuhn-lewy\/#breadcrumb\"},\"inLanguage\":\"hu\",\"potentialAction\":[{\"@type\":\"ReadAction\",\"target\":[\"https:\/\/exparto.pl\/hu\/produkt\/lemiesz-do-pluga-kuhn-lewy\/\"]}]},{\"@type\":\"ImageObject\",\"inLanguage\":\"hu\",\"@id\":\"https:\/\/exparto.pl\/hu\/produkt\/lemiesz-do-pluga-kuhn-lewy\/#primaryimage\",\"url\":\"https:\/\/exparto.pl\/wp-content\/uploads\/2024\/03\/32045a4b3efab6fe053b4f5b2cf1af9a.jpg\",\"contentUrl\":\"https:\/\/exparto.pl\/wp-content\/uploads\/2024\/03\/32045a4b3efab6fe053b4f5b2cf1af9a.jpg\",\"width\":1200,\"height\":1200},{\"@type\":\"BreadcrumbList\",\"@id\":\"https:\/\/exparto.pl\/hu\/produkt\/lemiesz-do-pluga-kuhn-lewy\/#breadcrumb\",\"itemListElement\":[{\"@type\":\"ListItem\",\"position\":1,\"name\":\"Honlap\",\"item\":\"https:\/\/exparto.pl\/hu\/\"},{\"@type\":\"ListItem\",\"position\":2,\"name\":\"Sklep\",\"item\":\"https:\/\/exparto.pl\/sklep\/\"},{\"@type\":\"ListItem\",\"position\":3,\"name\":\"Asz\u00faalkatr\u00e9szek\",\"item\":\"https:\/\/exparto.pl\/hu\/termekkategoria\/aszualkatreszek\/\"},{\"@type\":\"ListItem\",\"position\":4,\"name\":\"Sz\u00e1nt\u00f3sz\u00e1rnyak\",\"item\":\"https:\/\/exparto.pl\/hu\/termekkategoria\/aszualkatreszek\/szantoszarnyak\/\"},{\"@type\":\"ListItem\",\"position\":5,\"name\":\"Lemiesz do p\u0142uga Kuhn lewy\"}]},{\"@type\":\"WebSite\",\"@id\":\"https:\/\/exparto.pl\/hu\/#website\",\"url\":\"https:\/\/exparto.pl\/hu\/\",\"name\":\"EXPARTO\",\"description\":\"More than agro parts\",\"publisher\":{\"@id\":\"https:\/\/exparto.pl\/hu\/#organization\"},\"potentialAction\":[{\"@type\":\"SearchAction\",\"target\":{\"@type\":\"EntryPoint\",\"urlTemplate\":\"https:\/\/exparto.pl\/hu\/?s={search_term_string}\"},\"query-input\":{\"@type\":\"PropertyValueSpecification\",\"valueRequired\":true,\"valueName\":\"search_term_string\"}}],\"inLanguage\":\"hu\"},{\"@type\":\"Organization\",\"@id\":\"https:\/\/exparto.pl\/hu\/#organization\",\"name\":\"EXPARTO\",\"url\":\"https:\/\/exparto.pl\/hu\/\",\"logo\":{\"@type\":\"ImageObject\",\"inLanguage\":\"hu\",\"@id\":\"https:\/\/exparto.pl\/hu\/#\/schema\/logo\/image\/\",\"url\":\"https:\/\/exparto.pl\/wp-content\/uploads\/2023\/02\/logo-wektor.png\",\"contentUrl\":\"https:\/\/exparto.pl\/wp-content\/uploads\/2023\/02\/logo-wektor.png\",\"width\":1338,\"height\":143,\"caption\":\"EXPARTO\"},\"image\":{\"@id\":\"https:\/\/exparto.pl\/hu\/#\/schema\/logo\/image\/\"},\"sameAs\":[\"https:\/\/www.facebook.com\/exparto.agro\/\"]}]}<\/script>\n<!-- \/ Yoast SEO plugin. -->","yoast_head_json":{"title":"Lemiesz do p\u0142uga Kuhn lewy - Exparto.pl","robots":{"index":"index","follow":"follow","max-snippet":"max-snippet:-1","max-image-preview":"max-image-preview:large","max-video-preview":"max-video-preview:-1"},"canonical":"https:\/\/exparto.pl\/hu\/produkt\/lemiesz-do-pluga-kuhn-lewy\/","og_locale":"hu_HU","og_type":"article","og_title":"Lemiesz do p\u0142uga Kuhn lewy - Exparto.pl","og_description":"Lemiesz lewy","og_url":"https:\/\/exparto.pl\/hu\/produkt\/lemiesz-do-pluga-kuhn-lewy\/","og_site_name":"Exparto.pl","article_publisher":"https:\/\/www.facebook.com\/exparto.agro\/","article_modified_time":"2026-01-21T11:33:13+00:00","og_image":[{"width":1200,"height":1200,"url":"https:\/\/exparto.pl\/wp-content\/uploads\/2024\/03\/32045a4b3efab6fe053b4f5b2cf1af9a.jpg","type":"image\/jpeg"}],"twitter_card":"summary_large_image","twitter_misc":{"Becs\u00fclt olvas\u00e1si id\u0151":"2 perc"},"schema":{"@context":"https:\/\/schema.org","@graph":[{"@type":"WebPage","@id":"https:\/\/exparto.pl\/hu\/produkt\/lemiesz-do-pluga-kuhn-lewy\/","url":"https:\/\/exparto.pl\/hu\/produkt\/lemiesz-do-pluga-kuhn-lewy\/","name":"Lemiesz do p\u0142uga Kuhn lewy - Exparto.pl","isPartOf":{"@id":"https:\/\/exparto.pl\/hu\/#website"},"primaryImageOfPage":{"@id":"https:\/\/exparto.pl\/hu\/produkt\/lemiesz-do-pluga-kuhn-lewy\/#primaryimage"},"image":{"@id":"https:\/\/exparto.pl\/hu\/produkt\/lemiesz-do-pluga-kuhn-lewy\/#primaryimage"},"thumbnailUrl":"https:\/\/exparto.pl\/wp-content\/uploads\/2024\/03\/32045a4b3efab6fe053b4f5b2cf1af9a.jpg","datePublished":"2024-03-13T18:50:53+00:00","dateModified":"2026-01-21T11:33:13+00:00","breadcrumb":{"@id":"https:\/\/exparto.pl\/hu\/produkt\/lemiesz-do-pluga-kuhn-lewy\/#breadcrumb"},"inLanguage":"hu","potentialAction":[{"@type":"ReadAction","target":["https:\/\/exparto.pl\/hu\/produkt\/lemiesz-do-pluga-kuhn-lewy\/"]}]},{"@type":"ImageObject","inLanguage":"hu","@id":"https:\/\/exparto.pl\/hu\/produkt\/lemiesz-do-pluga-kuhn-lewy\/#primaryimage","url":"https:\/\/exparto.pl\/wp-content\/uploads\/2024\/03\/32045a4b3efab6fe053b4f5b2cf1af9a.jpg","contentUrl":"https:\/\/exparto.pl\/wp-content\/uploads\/2024\/03\/32045a4b3efab6fe053b4f5b2cf1af9a.jpg","width":1200,"height":1200},{"@type":"BreadcrumbList","@id":"https:\/\/exparto.pl\/hu\/produkt\/lemiesz-do-pluga-kuhn-lewy\/#breadcrumb","itemListElement":[{"@type":"ListItem","position":1,"name":"Honlap","item":"https:\/\/exparto.pl\/hu\/"},{"@type":"ListItem","position":2,"name":"Sklep","item":"https:\/\/exparto.pl\/sklep\/"},{"@type":"ListItem","position":3,"name":"Asz\u00faalkatr\u00e9szek","item":"https:\/\/exparto.pl\/hu\/termekkategoria\/aszualkatreszek\/"},{"@type":"ListItem","position":4,"name":"Sz\u00e1nt\u00f3sz\u00e1rnyak","item":"https:\/\/exparto.pl\/hu\/termekkategoria\/aszualkatreszek\/szantoszarnyak\/"},{"@type":"ListItem","position":5,"name":"Lemiesz do p\u0142uga Kuhn lewy"}]},{"@type":"WebSite","@id":"https:\/\/exparto.pl\/hu\/#website","url":"https:\/\/exparto.pl\/hu\/","name":"EXPARTO","description":"More than agro parts","publisher":{"@id":"https:\/\/exparto.pl\/hu\/#organization"},"potentialAction":[{"@type":"SearchAction","target":{"@type":"EntryPoint","urlTemplate":"https:\/\/exparto.pl\/hu\/?s={search_term_string}"},"query-input":{"@type":"PropertyValueSpecification","valueRequired":true,"valueName":"search_term_string"}}],"inLanguage":"hu"},{"@type":"Organization","@id":"https:\/\/exparto.pl\/hu\/#organization","name":"EXPARTO","url":"https:\/\/exparto.pl\/hu\/","logo":{"@type":"ImageObject","inLanguage":"hu","@id":"https:\/\/exparto.pl\/hu\/#\/schema\/logo\/image\/","url":"https:\/\/exparto.pl\/wp-content\/uploads\/2023\/02\/logo-wektor.png","contentUrl":"https:\/\/exparto.pl\/wp-content\/uploads\/2023\/02\/logo-wektor.png","width":1338,"height":143,"caption":"EXPARTO"},"image":{"@id":"https:\/\/exparto.pl\/hu\/#\/schema\/logo\/image\/"},"sameAs":["https:\/\/www.facebook.com\/exparto.agro\/"]}]}},"_links":{"self":[{"href":"https:\/\/exparto.pl\/hu\/wp-json\/wp\/v2\/product\/22386","targetHints":{"allow":["GET"]}}],"collection":[{"href":"https:\/\/exparto.pl\/hu\/wp-json\/wp\/v2\/product"}],"about":[{"href":"https:\/\/exparto.pl\/hu\/wp-json\/wp\/v2\/types\/product"}],"replies":[{"embeddable":true,"href":"https:\/\/exparto.pl\/hu\/wp-json\/wp\/v2\/comments?post=22386"}],"wp:featuredmedia":[{"embeddable":true,"href":"https:\/\/exparto.pl\/hu\/wp-json\/wp\/v2\/media\/22356"}],"wp:attachment":[{"href":"https:\/\/exparto.pl\/hu\/wp-json\/wp\/v2\/media?parent=22386"}],"wp:term":[{"taxonomy":"product_brand","embeddable":true,"href":"https:\/\/exparto.pl\/hu\/wp-json\/wp\/v2\/product_brand?post=22386"},{"taxonomy":"product_cat","embeddable":true,"href":"https:\/\/exparto.pl\/hu\/wp-json\/wp\/v2\/product_cat?post=22386"},{"taxonomy":"product_tag","embeddable":true,"href":"https:\/\/exparto.pl\/hu\/wp-json\/wp\/v2\/product_tag?post=22386"}],"curies":[{"name":"wp","href":"https:\/\/api.w.org\/{rel}","templated":true}]}}