{"id":22387,"date":"2024-03-13T19:50:56","date_gmt":"2024-03-13T18:50:56","guid":{"rendered":"https:\/\/exparto.pl\/produkt\/redlica-agregatu-scierniskowego-sercowa\/"},"modified":"2026-03-18T12:29:29","modified_gmt":"2026-03-18T11:29:29","slug":"redlica-agregatu-scierniskowego-sercowa","status":"publish","type":"product","link":"https:\/\/exparto.pl\/hu\/produkt\/redlica-agregatu-scierniskowego-sercowa\/","title":{"rendered":"Redlica agregatu \u015bcierniskowego sercowa"},"content":{"rendered":"<p><p style=\"text-align: justify;\"><span style=\"color: var(--gray-800);\">Redlica sercowa wykonana z wysokiej jako\u015bci stali odpornej na \u015bcieranie.<\/span><\/p>\n<p><b>Zastosowanie<\/b><span style=\"font-weight: 400;\">:<\/span><\/p>\n<ul>\n<li style=\"font-weight: 400;\" aria-level=\"1\"><span style=\"font-weight: 400;\">agregat \u015bcierniskowy: RAU, FROST, FARMET 3000137, FRANK 92994, VOGEL &amp; NOOT, MANDAM, UNIA GRUDZI\u0104DZ, ROLMAKO, TOLMET<\/span><\/li>\n<li style=\"font-weight: 400;\" aria-level=\"1\"><span style=\"font-weight: 400;\">agregat podorywkowy<\/span><\/li>\n<li style=\"font-weight: 400;\" aria-level=\"1\"><span style=\"font-weight: 400;\">grubery<\/span><\/li>\n<\/ul>\n<p><b>Numer katalogowy<\/b><span style=\"font-weight: 400;\">:<\/span><\/p>\n<ul>\n<li style=\"font-weight: 400;\" aria-level=\"1\"><span style=\"font-weight: 400;\">1738130010<\/span><\/li>\n<\/ul>\n<p><span style=\"font-weight: 400;\">P<\/span><b>rzygotowali\u015bmy dla Ciebie wysokiej jako\u015bci redlic\u0119 sercow\u0105 do grubera, agregatu i kultywatora<\/b><span style=\"font-weight: 400;\">. Cz\u0119\u015b\u0107 ta pasuje do wielu maszyn rolniczych stosowanych w polskich gospodarstwach. Zach\u0119camy do zapoznania si\u0119 z jej specyfikacj\u0105 techniczn\u0105 oraz do doboru redlicy do grubera lub innej wykorzystywanej przez siebie maszyny.\u00a0<\/span><\/p>\n<h2><span style=\"font-weight: 400;\">Redlica sercowa do grubera, kultywatora, agregatu \u2013 RAU, FROST, FARMET 3000137, FRANK 92994, VOGEL &amp; NOOT, MANDAM, UNIA GRUDZI\u0104DZ, ROLMAKO, TOLMET<\/span><\/h2>\n<p><span style=\"font-weight: 400;\">Nawet najmniejsze detale maj\u0105 istotny wp\u0142yw na wydajno\u015b\u0107 i bezpiecze\u0144stwo pracy maszyn rolniczych, co obejmuje r\u00f3wnie\u017c cz\u0119\u015bci eksploatacyjne. <\/span><b>W\u015br\u00f3d nich warto zwr\u00f3ci\u0107 uwag\u0119 na redlic\u0119 kultywatora, agregatu lub grubera<\/b><span style=\"font-weight: 400;\">. To stosunkowo niewielki element, kt\u00f3re jest niezwykle wa\u017cny w kontek\u015bcie pracy urz\u0105dzenia. <\/span><b>Odpowiada za podcinanie chwast\u00f3w oraz wspiera prawid\u0142ow\u0105 gospodark\u0119 resztkami po\u017cniwnymi<\/b><span style=\"font-weight: 400;\">. Wszystko po to, aby przygotowa\u0107 pole do kolejnego siewu i zapewni\u0107 sobie optymalne zbiory.\u00a0<\/span><\/p>\n<p><span style=\"font-weight: 400;\">Dbamy o to, aby ka\u017cda redlica agregatu, kultywatora lub grubera dost\u0119pna w naszym sklepie spe\u0142nia\u0142a najwy\u017csze standardy rynkowe. <\/span><b>Oferowany tu produkt powstaje ze stali, kt\u00f3ra jest dodatkowo wzmocniona<\/b><span style=\"font-weight: 400;\">. Dzi\u0119ki temu wykazuje wysok\u0105 odporno\u015b\u0107 na \u015bcieranie i uszkodzenia mechaniczne i d\u0142ugo zachowuje swoje docelowe w\u0142a\u015bciwo\u015bci. <\/span><b>Umo\u017cliwia to realizacj\u0119 efektywnej i bezpiecznej pracy, bez obaw o cz\u0119ste wydatki. <\/b><span style=\"font-weight: 400;\">\u00a0<\/span><b>Zapraszamy do zakupu redlicy sercowej w EXPARTO<\/b><span style=\"font-weight: 400;\">.<\/span><\/p>\n","protected":false},"excerpt":{"rendered":"<p style=\"text-align: justify;\">Redlica sercowa<\/p>\n","protected":false},"featured_media":22361,"comment_status":"open","ping_status":"closed","template":"","meta":{"_acf_changed":false,"inline_featured_image":false},"product_brand":[],"product_cat":[773],"product_tag":[],"class_list":{"0":"post-22387","1":"product","2":"type-product","3":"status-publish","4":"has-post-thumbnail","6":"product_cat-czesci-do-agregatu-scierniskowego","8":"first","9":"instock","10":"taxable","11":"shipping-taxable","12":"purchasable","13":"product-type-simple"},"acf":[],"yoast_head":"<!-- This site is optimized with the Yoast SEO plugin v27.3 - https:\/\/yoast.com\/product\/yoast-seo-wordpress\/ -->\n<title>Redlica agregatu \u015bcierniskowego sercowa - Exparto.pl<\/title>\n<meta name=\"robots\" content=\"index, follow, max-snippet:-1, max-image-preview:large, max-video-preview:-1\" \/>\n<link rel=\"canonical\" href=\"https:\/\/exparto.pl\/hu\/produkt\/redlica-agregatu-scierniskowego-sercowa\/\" \/>\n<meta property=\"og:locale\" content=\"hu_HU\" \/>\n<meta property=\"og:type\" content=\"article\" \/>\n<meta property=\"og:title\" content=\"Redlica agregatu \u015bcierniskowego sercowa - Exparto.pl\" \/>\n<meta property=\"og:description\" content=\"Redlica sercowa\" \/>\n<meta property=\"og:url\" content=\"https:\/\/exparto.pl\/hu\/produkt\/redlica-agregatu-scierniskowego-sercowa\/\" \/>\n<meta property=\"og:site_name\" content=\"Exparto.pl\" \/>\n<meta property=\"article:publisher\" content=\"https:\/\/www.facebook.com\/exparto.agro\/\" \/>\n<meta property=\"article:modified_time\" content=\"2026-03-18T11:29:29+00:00\" \/>\n<meta property=\"og:image\" content=\"https:\/\/exparto.pl\/wp-content\/uploads\/2024\/03\/1561ae6f8ae84b96092811ef9c0b127b.jpg\" \/>\n\t<meta property=\"og:image:width\" content=\"1200\" \/>\n\t<meta property=\"og:image:height\" content=\"1200\" \/>\n\t<meta property=\"og:image:type\" content=\"image\/jpeg\" \/>\n<meta name=\"twitter:card\" content=\"summary_large_image\" \/>\n<meta name=\"twitter:label1\" content=\"Becs\u00fclt olvas\u00e1si id\u0151\" \/>\n\t<meta name=\"twitter:data1\" content=\"2 perc\" \/>\n<script type=\"application\/ld+json\" class=\"yoast-schema-graph\">{\"@context\":\"https:\\\/\\\/schema.org\",\"@graph\":[{\"@type\":\"WebPage\",\"@id\":\"https:\\\/\\\/exparto.pl\\\/hu\\\/produkt\\\/redlica-agregatu-scierniskowego-sercowa\\\/\",\"url\":\"https:\\\/\\\/exparto.pl\\\/hu\\\/produkt\\\/redlica-agregatu-scierniskowego-sercowa\\\/\",\"name\":\"Redlica agregatu \u015bcierniskowego sercowa - Exparto.pl\",\"isPartOf\":{\"@id\":\"https:\\\/\\\/exparto.pl\\\/hu\\\/#website\"},\"primaryImageOfPage\":{\"@id\":\"https:\\\/\\\/exparto.pl\\\/hu\\\/produkt\\\/redlica-agregatu-scierniskowego-sercowa\\\/#primaryimage\"},\"image\":{\"@id\":\"https:\\\/\\\/exparto.pl\\\/hu\\\/produkt\\\/redlica-agregatu-scierniskowego-sercowa\\\/#primaryimage\"},\"thumbnailUrl\":\"https:\\\/\\\/exparto.pl\\\/wp-content\\\/uploads\\\/2024\\\/03\\\/1561ae6f8ae84b96092811ef9c0b127b.jpg\",\"datePublished\":\"2024-03-13T18:50:56+00:00\",\"dateModified\":\"2026-03-18T11:29:29+00:00\",\"breadcrumb\":{\"@id\":\"https:\\\/\\\/exparto.pl\\\/hu\\\/produkt\\\/redlica-agregatu-scierniskowego-sercowa\\\/#breadcrumb\"},\"inLanguage\":\"hu\",\"potentialAction\":[{\"@type\":\"ReadAction\",\"target\":[\"https:\\\/\\\/exparto.pl\\\/hu\\\/produkt\\\/redlica-agregatu-scierniskowego-sercowa\\\/\"]}]},{\"@type\":\"ImageObject\",\"inLanguage\":\"hu\",\"@id\":\"https:\\\/\\\/exparto.pl\\\/hu\\\/produkt\\\/redlica-agregatu-scierniskowego-sercowa\\\/#primaryimage\",\"url\":\"https:\\\/\\\/exparto.pl\\\/wp-content\\\/uploads\\\/2024\\\/03\\\/1561ae6f8ae84b96092811ef9c0b127b.jpg\",\"contentUrl\":\"https:\\\/\\\/exparto.pl\\\/wp-content\\\/uploads\\\/2024\\\/03\\\/1561ae6f8ae84b96092811ef9c0b127b.jpg\",\"width\":1200,\"height\":1200},{\"@type\":\"BreadcrumbList\",\"@id\":\"https:\\\/\\\/exparto.pl\\\/hu\\\/produkt\\\/redlica-agregatu-scierniskowego-sercowa\\\/#breadcrumb\",\"itemListElement\":[{\"@type\":\"ListItem\",\"position\":1,\"name\":\"Honlap\",\"item\":\"https:\\\/\\\/exparto.pl\\\/hu\\\/\"},{\"@type\":\"ListItem\",\"position\":2,\"name\":\"Sklep\",\"item\":\"https:\\\/\\\/exparto.pl\\\/sklep\\\/\"},{\"@type\":\"ListItem\",\"position\":3,\"name\":\"Alkatr\u00e9szek a kasz\u00e1l\u00f3egys\u00e9ghez\",\"item\":\"https:\\\/\\\/exparto.pl\\\/hu\\\/termekkategoria\\\/alkatreszek-a-kaszaloegyseghez\\\/\"},{\"@type\":\"ListItem\",\"position\":4,\"name\":\"Redlica agregatu \u015bcierniskowego sercowa\"}]},{\"@type\":\"WebSite\",\"@id\":\"https:\\\/\\\/exparto.pl\\\/hu\\\/#website\",\"url\":\"https:\\\/\\\/exparto.pl\\\/hu\\\/\",\"name\":\"EXPARTO\",\"description\":\"More than agro parts\",\"publisher\":{\"@id\":\"https:\\\/\\\/exparto.pl\\\/hu\\\/#organization\"},\"potentialAction\":[{\"@type\":\"SearchAction\",\"target\":{\"@type\":\"EntryPoint\",\"urlTemplate\":\"https:\\\/\\\/exparto.pl\\\/hu\\\/?s={search_term_string}\"},\"query-input\":{\"@type\":\"PropertyValueSpecification\",\"valueRequired\":true,\"valueName\":\"search_term_string\"}}],\"inLanguage\":\"hu\"},{\"@type\":\"Organization\",\"@id\":\"https:\\\/\\\/exparto.pl\\\/hu\\\/#organization\",\"name\":\"EXPARTO\",\"url\":\"https:\\\/\\\/exparto.pl\\\/hu\\\/\",\"logo\":{\"@type\":\"ImageObject\",\"inLanguage\":\"hu\",\"@id\":\"https:\\\/\\\/exparto.pl\\\/hu\\\/#\\\/schema\\\/logo\\\/image\\\/\",\"url\":\"https:\\\/\\\/exparto.pl\\\/wp-content\\\/uploads\\\/2023\\\/02\\\/logo-wektor.png\",\"contentUrl\":\"https:\\\/\\\/exparto.pl\\\/wp-content\\\/uploads\\\/2023\\\/02\\\/logo-wektor.png\",\"width\":1338,\"height\":143,\"caption\":\"EXPARTO\"},\"image\":{\"@id\":\"https:\\\/\\\/exparto.pl\\\/hu\\\/#\\\/schema\\\/logo\\\/image\\\/\"},\"sameAs\":[\"https:\\\/\\\/www.facebook.com\\\/exparto.agro\\\/\"]}]}<\/script>\n<!-- \/ Yoast SEO plugin. -->","yoast_head_json":{"title":"Redlica agregatu \u015bcierniskowego sercowa - Exparto.pl","robots":{"index":"index","follow":"follow","max-snippet":"max-snippet:-1","max-image-preview":"max-image-preview:large","max-video-preview":"max-video-preview:-1"},"canonical":"https:\/\/exparto.pl\/hu\/produkt\/redlica-agregatu-scierniskowego-sercowa\/","og_locale":"hu_HU","og_type":"article","og_title":"Redlica agregatu \u015bcierniskowego sercowa - Exparto.pl","og_description":"Redlica sercowa","og_url":"https:\/\/exparto.pl\/hu\/produkt\/redlica-agregatu-scierniskowego-sercowa\/","og_site_name":"Exparto.pl","article_publisher":"https:\/\/www.facebook.com\/exparto.agro\/","article_modified_time":"2026-03-18T11:29:29+00:00","og_image":[{"width":1200,"height":1200,"url":"https:\/\/exparto.pl\/wp-content\/uploads\/2024\/03\/1561ae6f8ae84b96092811ef9c0b127b.jpg","type":"image\/jpeg"}],"twitter_card":"summary_large_image","twitter_misc":{"Becs\u00fclt olvas\u00e1si id\u0151":"2 perc"},"schema":{"@context":"https:\/\/schema.org","@graph":[{"@type":"WebPage","@id":"https:\/\/exparto.pl\/hu\/produkt\/redlica-agregatu-scierniskowego-sercowa\/","url":"https:\/\/exparto.pl\/hu\/produkt\/redlica-agregatu-scierniskowego-sercowa\/","name":"Redlica agregatu \u015bcierniskowego sercowa - Exparto.pl","isPartOf":{"@id":"https:\/\/exparto.pl\/hu\/#website"},"primaryImageOfPage":{"@id":"https:\/\/exparto.pl\/hu\/produkt\/redlica-agregatu-scierniskowego-sercowa\/#primaryimage"},"image":{"@id":"https:\/\/exparto.pl\/hu\/produkt\/redlica-agregatu-scierniskowego-sercowa\/#primaryimage"},"thumbnailUrl":"https:\/\/exparto.pl\/wp-content\/uploads\/2024\/03\/1561ae6f8ae84b96092811ef9c0b127b.jpg","datePublished":"2024-03-13T18:50:56+00:00","dateModified":"2026-03-18T11:29:29+00:00","breadcrumb":{"@id":"https:\/\/exparto.pl\/hu\/produkt\/redlica-agregatu-scierniskowego-sercowa\/#breadcrumb"},"inLanguage":"hu","potentialAction":[{"@type":"ReadAction","target":["https:\/\/exparto.pl\/hu\/produkt\/redlica-agregatu-scierniskowego-sercowa\/"]}]},{"@type":"ImageObject","inLanguage":"hu","@id":"https:\/\/exparto.pl\/hu\/produkt\/redlica-agregatu-scierniskowego-sercowa\/#primaryimage","url":"https:\/\/exparto.pl\/wp-content\/uploads\/2024\/03\/1561ae6f8ae84b96092811ef9c0b127b.jpg","contentUrl":"https:\/\/exparto.pl\/wp-content\/uploads\/2024\/03\/1561ae6f8ae84b96092811ef9c0b127b.jpg","width":1200,"height":1200},{"@type":"BreadcrumbList","@id":"https:\/\/exparto.pl\/hu\/produkt\/redlica-agregatu-scierniskowego-sercowa\/#breadcrumb","itemListElement":[{"@type":"ListItem","position":1,"name":"Honlap","item":"https:\/\/exparto.pl\/hu\/"},{"@type":"ListItem","position":2,"name":"Sklep","item":"https:\/\/exparto.pl\/sklep\/"},{"@type":"ListItem","position":3,"name":"Alkatr\u00e9szek a kasz\u00e1l\u00f3egys\u00e9ghez","item":"https:\/\/exparto.pl\/hu\/termekkategoria\/alkatreszek-a-kaszaloegyseghez\/"},{"@type":"ListItem","position":4,"name":"Redlica agregatu \u015bcierniskowego sercowa"}]},{"@type":"WebSite","@id":"https:\/\/exparto.pl\/hu\/#website","url":"https:\/\/exparto.pl\/hu\/","name":"EXPARTO","description":"More than agro parts","publisher":{"@id":"https:\/\/exparto.pl\/hu\/#organization"},"potentialAction":[{"@type":"SearchAction","target":{"@type":"EntryPoint","urlTemplate":"https:\/\/exparto.pl\/hu\/?s={search_term_string}"},"query-input":{"@type":"PropertyValueSpecification","valueRequired":true,"valueName":"search_term_string"}}],"inLanguage":"hu"},{"@type":"Organization","@id":"https:\/\/exparto.pl\/hu\/#organization","name":"EXPARTO","url":"https:\/\/exparto.pl\/hu\/","logo":{"@type":"ImageObject","inLanguage":"hu","@id":"https:\/\/exparto.pl\/hu\/#\/schema\/logo\/image\/","url":"https:\/\/exparto.pl\/wp-content\/uploads\/2023\/02\/logo-wektor.png","contentUrl":"https:\/\/exparto.pl\/wp-content\/uploads\/2023\/02\/logo-wektor.png","width":1338,"height":143,"caption":"EXPARTO"},"image":{"@id":"https:\/\/exparto.pl\/hu\/#\/schema\/logo\/image\/"},"sameAs":["https:\/\/www.facebook.com\/exparto.agro\/"]}]}},"_links":{"self":[{"href":"https:\/\/exparto.pl\/hu\/wp-json\/wp\/v2\/product\/22387","targetHints":{"allow":["GET"]}}],"collection":[{"href":"https:\/\/exparto.pl\/hu\/wp-json\/wp\/v2\/product"}],"about":[{"href":"https:\/\/exparto.pl\/hu\/wp-json\/wp\/v2\/types\/product"}],"replies":[{"embeddable":true,"href":"https:\/\/exparto.pl\/hu\/wp-json\/wp\/v2\/comments?post=22387"}],"wp:featuredmedia":[{"embeddable":true,"href":"https:\/\/exparto.pl\/hu\/wp-json\/wp\/v2\/media\/22361"}],"wp:attachment":[{"href":"https:\/\/exparto.pl\/hu\/wp-json\/wp\/v2\/media?parent=22387"}],"wp:term":[{"taxonomy":"product_brand","embeddable":true,"href":"https:\/\/exparto.pl\/hu\/wp-json\/wp\/v2\/product_brand?post=22387"},{"taxonomy":"product_cat","embeddable":true,"href":"https:\/\/exparto.pl\/hu\/wp-json\/wp\/v2\/product_cat?post=22387"},{"taxonomy":"product_tag","embeddable":true,"href":"https:\/\/exparto.pl\/hu\/wp-json\/wp\/v2\/product_tag?post=22387"}],"curies":[{"name":"wp","href":"https:\/\/api.w.org\/{rel}","templated":true}]}}