{"id":22435,"date":"2024-03-13T19:53:57","date_gmt":"2024-03-13T18:53:57","guid":{"rendered":"https:\/\/exparto.pl\/produkt\/lemieszyk-boczny-lewy-agregat-scierniskowy\/"},"modified":"2026-03-23T15:00:31","modified_gmt":"2026-03-23T14:00:31","slug":"lemieszyk-boczny-lewy-agregat-scierniskowy","status":"publish","type":"product","link":"https:\/\/exparto.pl\/hu\/produkt\/lemieszyk-boczny-lewy-agregat-scierniskowy\/","title":{"rendered":"Lemieszyk boczny lewy agregat \u015bcierniskowy"},"content":{"rendered":"<p><p style=\"text-align: justify;\"><span style=\"color: var(--gray-800);\">Lemieszyk wykonany z wysokiej jako\u015bci stali odpornej na \u015bcieranie w<\/span><span style=\"color: var(--gray-800);\">zmocniony przy \u015brubach- zwi\u0119kszona wytrzyma\u0142o\u015b\u0107.<\/span><\/p>\n<p><b>Zastosowanie<\/b><span style=\"font-weight: 400;\">:<\/span><\/p>\n<ul>\n<li style=\"font-weight: 400;\" aria-level=\"1\"><span style=\"font-weight: 400;\">agregaty podorywkowe: RAU, FRANK 92536, VOGEL&amp;NOOT, ROLMAKO, POM Brodnica, Tolmet<\/span><\/li>\n<li style=\"font-weight: 400;\" aria-level=\"1\"><span style=\"font-weight: 400;\">agregat \u015bcierniskowy<\/span><\/li>\n<li style=\"font-weight: 400;\" aria-level=\"1\"><span style=\"font-weight: 400;\">grubery<\/span><\/li>\n<\/ul>\n<p><b>Numer katalogowy<\/b><span style=\"font-weight: 400;\">:<\/span><\/p>\n<ul>\n<li style=\"font-weight: 400;\" aria-level=\"1\"><span style=\"font-weight: 400;\">92567<\/span><\/li>\n<\/ul>\n<p><span style=\"font-weight: 400;\">W tym miejscu znajdziesz dedykowany <\/span><b>lemieszyk boczny w wersji lewej, kt\u00f3ry pasuje do agregat\u00f3w i gruber\u00f3w takich producent\u00f3w jak m.in.: RAU, FRANK 92536, VOGEL&amp;NOOT, ROLMAKO, POM Brodnica, Tolmet<\/b><span style=\"font-weight: 400;\">. Dbamy o to, aby produkt trafiaj\u0105cy w Twoje r\u0119ce by\u0142 pozbawiony wad produkcyjnych i by\u0142 dobrze dopasowany do Twojej maszyny.<\/span><\/p>\n<h2><span style=\"font-weight: 400;\">Lemieszyk boczny lewy do agregatu, grubera \u2013 RAU, FRANK 92536, VOGEL&amp;NOOT, ROLMAKO, POM Brodnica, Tolmet<\/span><\/h2>\n<p><span style=\"font-weight: 400;\">Oferowany przez nas lewy lemieszyk do agregatu, grubera i innych maszyn rolniczych charakteryzuje si\u0119 bardzo dobrymi parametrami technicznymi. Cz\u0119\u015b\u0107 ta powstaje z wysokiej jako\u015bci stali, kt\u00f3ra ma zwi\u0119kszon\u0105 odporno\u015b\u0107 na \u015bcieranie. <\/span><b>Ponadto lemieszyk jest dodatkowo wzmocniony przy \u015brubach, co zwi\u0119ksza jego wytrzyma\u0142o\u015b\u0107 eksploatacyjn\u0105 oraz przed\u0142u\u017ca zachowanie w\u0142a\u015bciwo\u015bci u\u017cytkowych.<\/b><\/p>\n<p><span style=\"font-weight: 400;\">Cz\u0119\u015b\u0107 ta wykorzystywana jest m.in. w agregatach podorywkowych, \u015bcierniskowych i gruberach. Bierze udzia\u0142 w zrywaniu wierzchniej warstwy gleby i jej odwracania. <\/span><b>Ponadto lemieszyk sprawdza si\u0119 przy kruszeniu wi\u0119kszych kawa\u0142k\u00f3w ziemi oraz jej spulchnianiu przed wysiewem<\/b><span style=\"font-weight: 400;\">.\u00a0<\/span><\/p>\n<p><span style=\"font-weight: 400;\">W EXPARTO przygotowali\u015bmy dla Ciebie wysokiej jako\u015bci cz\u0119\u015bci robocze do maszyn rolniczych. Ka\u017cdy pojedynczy lemieszyk boczny z naszej oferty spe\u0142nia najwy\u017csze standardy rynkowe i doskonale sprawdza si\u0119 w pracy w gospodarstwie rolnym. Zapraszamy do skorzystania z naszej oferty. <\/span><\/p>\n","protected":false},"excerpt":{"rendered":"<p style=\"text-align: justify;\">Lemieszyk boczny lewy<\/p>\n","protected":false},"featured_media":22420,"comment_status":"open","ping_status":"closed","template":"","meta":{"_acf_changed":false,"inline_featured_image":false},"product_brand":[],"product_cat":[852],"product_tag":[],"class_list":{"0":"post-22435","1":"product","2":"type-product","3":"status-publish","4":"has-post-thumbnail","6":"product_cat-alkatreszek-a-kaszaloegyseghez","8":"first","9":"instock","10":"taxable","11":"shipping-taxable","12":"purchasable","13":"product-type-simple"},"acf":[],"yoast_head":"<!-- This site is optimized with the Yoast SEO plugin v27.3 - https:\/\/yoast.com\/product\/yoast-seo-wordpress\/ -->\n<title>Lemieszyk boczny lewy agregat \u015bcierniskowy - Exparto.pl<\/title>\n<meta name=\"robots\" content=\"index, follow, max-snippet:-1, max-image-preview:large, max-video-preview:-1\" \/>\n<link rel=\"canonical\" href=\"https:\/\/exparto.pl\/hu\/produkt\/lemieszyk-boczny-lewy-agregat-scierniskowy\/\" \/>\n<meta property=\"og:locale\" content=\"hu_HU\" \/>\n<meta property=\"og:type\" content=\"article\" \/>\n<meta property=\"og:title\" content=\"Lemieszyk boczny lewy agregat \u015bcierniskowy - Exparto.pl\" \/>\n<meta property=\"og:description\" content=\"Lemieszyk boczny lewy\" \/>\n<meta property=\"og:url\" content=\"https:\/\/exparto.pl\/hu\/produkt\/lemieszyk-boczny-lewy-agregat-scierniskowy\/\" \/>\n<meta property=\"og:site_name\" content=\"Exparto.pl\" \/>\n<meta property=\"article:publisher\" content=\"https:\/\/www.facebook.com\/exparto.agro\/\" \/>\n<meta property=\"article:modified_time\" content=\"2026-03-23T14:00:31+00:00\" \/>\n<meta property=\"og:image\" content=\"https:\/\/exparto.pl\/wp-content\/uploads\/2024\/03\/fc84d952ac7c36be02d94b0f03ddd475.jpg\" \/>\n\t<meta property=\"og:image:width\" content=\"1200\" \/>\n\t<meta property=\"og:image:height\" content=\"1200\" \/>\n\t<meta property=\"og:image:type\" content=\"image\/jpeg\" \/>\n<meta name=\"twitter:card\" content=\"summary_large_image\" \/>\n<meta name=\"twitter:label1\" content=\"Becs\u00fclt olvas\u00e1si id\u0151\" \/>\n\t<meta name=\"twitter:data1\" content=\"2 perc\" \/>\n<script type=\"application\/ld+json\" class=\"yoast-schema-graph\">{\"@context\":\"https:\\\/\\\/schema.org\",\"@graph\":[{\"@type\":\"WebPage\",\"@id\":\"https:\\\/\\\/exparto.pl\\\/hu\\\/produkt\\\/lemieszyk-boczny-lewy-agregat-scierniskowy\\\/\",\"url\":\"https:\\\/\\\/exparto.pl\\\/hu\\\/produkt\\\/lemieszyk-boczny-lewy-agregat-scierniskowy\\\/\",\"name\":\"Lemieszyk boczny lewy agregat \u015bcierniskowy - Exparto.pl\",\"isPartOf\":{\"@id\":\"https:\\\/\\\/exparto.pl\\\/hu\\\/#website\"},\"primaryImageOfPage\":{\"@id\":\"https:\\\/\\\/exparto.pl\\\/hu\\\/produkt\\\/lemieszyk-boczny-lewy-agregat-scierniskowy\\\/#primaryimage\"},\"image\":{\"@id\":\"https:\\\/\\\/exparto.pl\\\/hu\\\/produkt\\\/lemieszyk-boczny-lewy-agregat-scierniskowy\\\/#primaryimage\"},\"thumbnailUrl\":\"https:\\\/\\\/exparto.pl\\\/wp-content\\\/uploads\\\/2024\\\/03\\\/fc84d952ac7c36be02d94b0f03ddd475.jpg\",\"datePublished\":\"2024-03-13T18:53:57+00:00\",\"dateModified\":\"2026-03-23T14:00:31+00:00\",\"breadcrumb\":{\"@id\":\"https:\\\/\\\/exparto.pl\\\/hu\\\/produkt\\\/lemieszyk-boczny-lewy-agregat-scierniskowy\\\/#breadcrumb\"},\"inLanguage\":\"hu\",\"potentialAction\":[{\"@type\":\"ReadAction\",\"target\":[\"https:\\\/\\\/exparto.pl\\\/hu\\\/produkt\\\/lemieszyk-boczny-lewy-agregat-scierniskowy\\\/\"]}]},{\"@type\":\"ImageObject\",\"inLanguage\":\"hu\",\"@id\":\"https:\\\/\\\/exparto.pl\\\/hu\\\/produkt\\\/lemieszyk-boczny-lewy-agregat-scierniskowy\\\/#primaryimage\",\"url\":\"https:\\\/\\\/exparto.pl\\\/wp-content\\\/uploads\\\/2024\\\/03\\\/fc84d952ac7c36be02d94b0f03ddd475.jpg\",\"contentUrl\":\"https:\\\/\\\/exparto.pl\\\/wp-content\\\/uploads\\\/2024\\\/03\\\/fc84d952ac7c36be02d94b0f03ddd475.jpg\",\"width\":1200,\"height\":1200},{\"@type\":\"BreadcrumbList\",\"@id\":\"https:\\\/\\\/exparto.pl\\\/hu\\\/produkt\\\/lemieszyk-boczny-lewy-agregat-scierniskowy\\\/#breadcrumb\",\"itemListElement\":[{\"@type\":\"ListItem\",\"position\":1,\"name\":\"Honlap\",\"item\":\"https:\\\/\\\/exparto.pl\\\/hu\\\/\"},{\"@type\":\"ListItem\",\"position\":2,\"name\":\"Sklep\",\"item\":\"https:\\\/\\\/exparto.pl\\\/sklep\\\/\"},{\"@type\":\"ListItem\",\"position\":3,\"name\":\"Alkatr\u00e9szek a kasz\u00e1l\u00f3egys\u00e9ghez\",\"item\":\"https:\\\/\\\/exparto.pl\\\/hu\\\/termekkategoria\\\/alkatreszek-a-kaszaloegyseghez\\\/\"},{\"@type\":\"ListItem\",\"position\":4,\"name\":\"Lemieszyk boczny lewy agregat \u015bcierniskowy\"}]},{\"@type\":\"WebSite\",\"@id\":\"https:\\\/\\\/exparto.pl\\\/hu\\\/#website\",\"url\":\"https:\\\/\\\/exparto.pl\\\/hu\\\/\",\"name\":\"EXPARTO\",\"description\":\"More than agro parts\",\"publisher\":{\"@id\":\"https:\\\/\\\/exparto.pl\\\/hu\\\/#organization\"},\"potentialAction\":[{\"@type\":\"SearchAction\",\"target\":{\"@type\":\"EntryPoint\",\"urlTemplate\":\"https:\\\/\\\/exparto.pl\\\/hu\\\/?s={search_term_string}\"},\"query-input\":{\"@type\":\"PropertyValueSpecification\",\"valueRequired\":true,\"valueName\":\"search_term_string\"}}],\"inLanguage\":\"hu\"},{\"@type\":\"Organization\",\"@id\":\"https:\\\/\\\/exparto.pl\\\/hu\\\/#organization\",\"name\":\"EXPARTO\",\"url\":\"https:\\\/\\\/exparto.pl\\\/hu\\\/\",\"logo\":{\"@type\":\"ImageObject\",\"inLanguage\":\"hu\",\"@id\":\"https:\\\/\\\/exparto.pl\\\/hu\\\/#\\\/schema\\\/logo\\\/image\\\/\",\"url\":\"https:\\\/\\\/exparto.pl\\\/wp-content\\\/uploads\\\/2023\\\/02\\\/logo-wektor.png\",\"contentUrl\":\"https:\\\/\\\/exparto.pl\\\/wp-content\\\/uploads\\\/2023\\\/02\\\/logo-wektor.png\",\"width\":1338,\"height\":143,\"caption\":\"EXPARTO\"},\"image\":{\"@id\":\"https:\\\/\\\/exparto.pl\\\/hu\\\/#\\\/schema\\\/logo\\\/image\\\/\"},\"sameAs\":[\"https:\\\/\\\/www.facebook.com\\\/exparto.agro\\\/\"]}]}<\/script>\n<!-- \/ Yoast SEO plugin. -->","yoast_head_json":{"title":"Lemieszyk boczny lewy agregat \u015bcierniskowy - Exparto.pl","robots":{"index":"index","follow":"follow","max-snippet":"max-snippet:-1","max-image-preview":"max-image-preview:large","max-video-preview":"max-video-preview:-1"},"canonical":"https:\/\/exparto.pl\/hu\/produkt\/lemieszyk-boczny-lewy-agregat-scierniskowy\/","og_locale":"hu_HU","og_type":"article","og_title":"Lemieszyk boczny lewy agregat \u015bcierniskowy - Exparto.pl","og_description":"Lemieszyk boczny lewy","og_url":"https:\/\/exparto.pl\/hu\/produkt\/lemieszyk-boczny-lewy-agregat-scierniskowy\/","og_site_name":"Exparto.pl","article_publisher":"https:\/\/www.facebook.com\/exparto.agro\/","article_modified_time":"2026-03-23T14:00:31+00:00","og_image":[{"width":1200,"height":1200,"url":"https:\/\/exparto.pl\/wp-content\/uploads\/2024\/03\/fc84d952ac7c36be02d94b0f03ddd475.jpg","type":"image\/jpeg"}],"twitter_card":"summary_large_image","twitter_misc":{"Becs\u00fclt olvas\u00e1si id\u0151":"2 perc"},"schema":{"@context":"https:\/\/schema.org","@graph":[{"@type":"WebPage","@id":"https:\/\/exparto.pl\/hu\/produkt\/lemieszyk-boczny-lewy-agregat-scierniskowy\/","url":"https:\/\/exparto.pl\/hu\/produkt\/lemieszyk-boczny-lewy-agregat-scierniskowy\/","name":"Lemieszyk boczny lewy agregat \u015bcierniskowy - Exparto.pl","isPartOf":{"@id":"https:\/\/exparto.pl\/hu\/#website"},"primaryImageOfPage":{"@id":"https:\/\/exparto.pl\/hu\/produkt\/lemieszyk-boczny-lewy-agregat-scierniskowy\/#primaryimage"},"image":{"@id":"https:\/\/exparto.pl\/hu\/produkt\/lemieszyk-boczny-lewy-agregat-scierniskowy\/#primaryimage"},"thumbnailUrl":"https:\/\/exparto.pl\/wp-content\/uploads\/2024\/03\/fc84d952ac7c36be02d94b0f03ddd475.jpg","datePublished":"2024-03-13T18:53:57+00:00","dateModified":"2026-03-23T14:00:31+00:00","breadcrumb":{"@id":"https:\/\/exparto.pl\/hu\/produkt\/lemieszyk-boczny-lewy-agregat-scierniskowy\/#breadcrumb"},"inLanguage":"hu","potentialAction":[{"@type":"ReadAction","target":["https:\/\/exparto.pl\/hu\/produkt\/lemieszyk-boczny-lewy-agregat-scierniskowy\/"]}]},{"@type":"ImageObject","inLanguage":"hu","@id":"https:\/\/exparto.pl\/hu\/produkt\/lemieszyk-boczny-lewy-agregat-scierniskowy\/#primaryimage","url":"https:\/\/exparto.pl\/wp-content\/uploads\/2024\/03\/fc84d952ac7c36be02d94b0f03ddd475.jpg","contentUrl":"https:\/\/exparto.pl\/wp-content\/uploads\/2024\/03\/fc84d952ac7c36be02d94b0f03ddd475.jpg","width":1200,"height":1200},{"@type":"BreadcrumbList","@id":"https:\/\/exparto.pl\/hu\/produkt\/lemieszyk-boczny-lewy-agregat-scierniskowy\/#breadcrumb","itemListElement":[{"@type":"ListItem","position":1,"name":"Honlap","item":"https:\/\/exparto.pl\/hu\/"},{"@type":"ListItem","position":2,"name":"Sklep","item":"https:\/\/exparto.pl\/sklep\/"},{"@type":"ListItem","position":3,"name":"Alkatr\u00e9szek a kasz\u00e1l\u00f3egys\u00e9ghez","item":"https:\/\/exparto.pl\/hu\/termekkategoria\/alkatreszek-a-kaszaloegyseghez\/"},{"@type":"ListItem","position":4,"name":"Lemieszyk boczny lewy agregat \u015bcierniskowy"}]},{"@type":"WebSite","@id":"https:\/\/exparto.pl\/hu\/#website","url":"https:\/\/exparto.pl\/hu\/","name":"EXPARTO","description":"More than agro parts","publisher":{"@id":"https:\/\/exparto.pl\/hu\/#organization"},"potentialAction":[{"@type":"SearchAction","target":{"@type":"EntryPoint","urlTemplate":"https:\/\/exparto.pl\/hu\/?s={search_term_string}"},"query-input":{"@type":"PropertyValueSpecification","valueRequired":true,"valueName":"search_term_string"}}],"inLanguage":"hu"},{"@type":"Organization","@id":"https:\/\/exparto.pl\/hu\/#organization","name":"EXPARTO","url":"https:\/\/exparto.pl\/hu\/","logo":{"@type":"ImageObject","inLanguage":"hu","@id":"https:\/\/exparto.pl\/hu\/#\/schema\/logo\/image\/","url":"https:\/\/exparto.pl\/wp-content\/uploads\/2023\/02\/logo-wektor.png","contentUrl":"https:\/\/exparto.pl\/wp-content\/uploads\/2023\/02\/logo-wektor.png","width":1338,"height":143,"caption":"EXPARTO"},"image":{"@id":"https:\/\/exparto.pl\/hu\/#\/schema\/logo\/image\/"},"sameAs":["https:\/\/www.facebook.com\/exparto.agro\/"]}]}},"_links":{"self":[{"href":"https:\/\/exparto.pl\/hu\/wp-json\/wp\/v2\/product\/22435","targetHints":{"allow":["GET"]}}],"collection":[{"href":"https:\/\/exparto.pl\/hu\/wp-json\/wp\/v2\/product"}],"about":[{"href":"https:\/\/exparto.pl\/hu\/wp-json\/wp\/v2\/types\/product"}],"replies":[{"embeddable":true,"href":"https:\/\/exparto.pl\/hu\/wp-json\/wp\/v2\/comments?post=22435"}],"wp:featuredmedia":[{"embeddable":true,"href":"https:\/\/exparto.pl\/hu\/wp-json\/wp\/v2\/media\/22420"}],"wp:attachment":[{"href":"https:\/\/exparto.pl\/hu\/wp-json\/wp\/v2\/media?parent=22435"}],"wp:term":[{"taxonomy":"product_brand","embeddable":true,"href":"https:\/\/exparto.pl\/hu\/wp-json\/wp\/v2\/product_brand?post=22435"},{"taxonomy":"product_cat","embeddable":true,"href":"https:\/\/exparto.pl\/hu\/wp-json\/wp\/v2\/product_cat?post=22435"},{"taxonomy":"product_tag","embeddable":true,"href":"https:\/\/exparto.pl\/hu\/wp-json\/wp\/v2\/product_tag?post=22435"}],"curies":[{"name":"wp","href":"https:\/\/api.w.org\/{rel}","templated":true}]}}